{"id":1251,"date":"2025-02-14T18:18:41","date_gmt":"2025-02-14T10:18:41","guid":{"rendered":"https:\/\/vapsolovape.com\/?post_type=product&#038;p=1251"},"modified":"2026-04-14T22:13:34","modified_gmt":"2026-04-14T14:13:34","slug":"randm-tornado-20000-puff-20-prichuti-inovativni-tvorba","status":"publish","type":"product","link":"https:\/\/vapsolovape.com\/cs\/produkt\/randm-tornado-20000-puff-20-prichuti-inovativni-tvorba\/","title":{"rendered":"RandM Tornado 20000 Puffs - 20 mo\u017enost\u00ed p\u0159\u00edchut\u00ed, nov\u00e1 inovace ve vapingu"},"content":{"rendered":"<div id=\"tab-description\" class=\"woocommerce-Tabs-panel woocommerce-Tabs-panel--description panel entry-content active\" role=\"tabpanel\" aria-labelledby=\"tab-title-description\">\n<div>\n<p data-start=\"112\" data-end=\"540\">Jednor\u00e1zov\u00e1 vape RandM Tornado 20000 Puff je navr\u017eena pro pohodl\u00ed i v\u00fdkon. Je vybaven u\u017eivatelsky p\u0159\u00edv\u011btiv\u00fdm celoobrazovkov\u00fdm displejem na prav\u00e9 stran\u011b, kter\u00fd na prvn\u00ed pohled poskytuje d\u016fle\u017eit\u00e9 informace a usnad\u0148uje sledov\u00e1n\u00ed va\u0161eho vapov\u00e1n\u00ed. Tornado je nap\u00e1jeno dob\u00edjec\u00ed bateri\u00ed s kapacitou 850 mAh, kter\u00e1 zaji\u0161\u0165uje dlouhotrvaj\u00edc\u00ed pou\u017e\u00edv\u00e1n\u00ed s minim\u00e1ln\u00edm p\u0159eru\u0161en\u00edm, tak\u017ee je ide\u00e1ln\u00ed jak pro nov\u00e1\u010dky, tak pro zku\u0161en\u00e9 vapery.<\/p>\n<p data-start=\"542\" data-end=\"893\">RandM Tornado je k dispozici ve 20 jedine\u010dn\u00fdch p\u0159\u00edchut\u00edch a nab\u00edz\u00ed nekone\u010dn\u00e9 mno\u017estv\u00ed mo\u017enost\u00ed, kter\u00e9 vyhov\u00ed ka\u017ed\u00e9mu. A\u0165 u\u017e m\u00e1te chu\u0165 na klasickou tab\u00e1kovou p\u0159\u00edchu\u0165, nebo tou\u017e\u00edte po osv\u011b\u017euj\u00edc\u00ed ovocn\u00e9 sm\u011bsi, pro ka\u017ed\u00e9ho m\u00e1me n\u011bco. Na\u0161e v\u00fdrobky vyu\u017e\u00edvaj\u00ed vysoce kvalitn\u00ed ingredience a \u0161pi\u010dkov\u00e9 technologie, kter\u00e9 v\u00e1m zajist\u00ed ten nejlep\u0161\u00ed mo\u017en\u00fd vapingov\u00fd z\u00e1\u017eitek.<\/p>\n<p data-start=\"895\" data-end=\"1016\">Prozkoumejte celou \u0159adu na\u0161ich produkt\u016f na na\u0161ich webov\u00fdch str\u00e1nk\u00e1ch a u\u017eijte si \u0161pi\u010dkovou kvalitu a v\u00fdjime\u010dn\u00e9 slu\u017eby p\u0159i ka\u017ed\u00e9m n\u00e1kupu.<\/p>\n<\/div>\n<p><img loading=\"lazy\" decoding=\"async\" class=\"alignnone size-full wp-image-4730\" src=\"https:\/\/dankstarvapes.com\/wp-content\/uploads\/2024\/11\/RandM-Tornado-20000-scaled.webp\" alt=\"RandM Tornado 20000\" width=\"2560\" height=\"1641\" title=\"\"><\/p>\n<h2>________________________________________________________________<\/h2>\n<h2><strong> Tornado 20000 Vape na jedno pou\u017eit\u00ed<\/strong>-Zkoum\u00e1n\u00ed vlastnost\u00ed<\/h2>\n<p>Na str\u00e1nk\u00e1ch <strong>RandM Tornado 20000<\/strong> Jednor\u00e1zov\u00e9 vape vynik\u00e1 ve vapingov\u00e9m pr\u016fmyslu zejm\u00e9na d\u00edky sv\u00fdm p\u016fsobiv\u00fdm vlastnostem. P\u0159edev\u0161\u00edm se m\u016f\u017ee pochlubit pozoruhodnou kapacitou 20 ml, kter\u00e1 umo\u017e\u0148uje a\u017e 20 000 potah\u016f. Tato rozs\u00e1hl\u00e1 kapacita se prom\u00edt\u00e1 do men\u0161\u00edho po\u010dtu dopl\u0148ov\u00e1n\u00ed, co\u017e u\u017eivatel\u016fm zaji\u0161\u0165uje bezprobl\u00e9mov\u00fd z\u00e1\u017eitek z vapov\u00e1n\u00ed. V d\u016fsledku toho je ide\u00e1ln\u00ed pro ty, kte\u0159\u00ed d\u00e1vaj\u00ed p\u0159ednost za\u0159\u00edzen\u00edm s del\u0161\u00ed v\u00fddr\u017e\u00ed bez p\u0159eru\u0161en\u00ed, co\u017e z n\u011bj \u010din\u00ed ide\u00e1ln\u00ed volbu pro n\u00e1ru\u017eiv\u00e9 vapery.<\/p>\n<p>Dal\u0161\u00edm v\u00fdznamn\u00fdm rysem\u00a0 <strong>RandM Tornado 20000<\/strong> je jeho celoobrazovkov\u00fd displej. Tento inovativn\u00ed design poskytuje informace v re\u00e1ln\u00e9m \u010dase o z\u00e1kladn\u00edch ukazatel\u00edch, jako je stav nap\u00e1jen\u00ed a hladina kapaliny. U\u017eivatel\u00e9 tak mohou snadno sledovat v\u00fdkon sv\u00e9ho za\u0159\u00edzen\u00ed a m\u00edt p\u0159ehled o tom, kdy je pot\u0159eba dob\u00edt baterii nebo kdy doch\u00e1z\u00ed z\u00e1soba e-liquidu. Tato \u00farove\u0148 dostupnosti zvy\u0161uje u\u017eivatelsk\u00fd komfort, umo\u017e\u0148uje informovan\u00e9 pou\u017e\u00edv\u00e1n\u00ed a podporuje plynulej\u0161\u00ed p\u0159echod mezi jednotliv\u00fdmi sezen\u00edmi.<\/p>\n<p>Za\u0159\u00edzen\u00ed je nap\u00e1jeno dob\u00edjec\u00ed bateri\u00ed s kapacitou 850 mAh, co\u017e je v\u00fdhodn\u00e9 zejm\u00e9na pro aktivn\u00ed jedince, kte\u0159\u00ed jsou neust\u00e1le v pohybu. Tato robustn\u00ed kapacita baterie nejen prodlu\u017euje dobu mezi jednotliv\u00fdmi nabit\u00edmi, ale tak\u00e9 podporuje konzistentn\u00ed v\u00fdkon po celou dobu \u017eivotnosti. D\u00edky tomu si u\u017eivatel\u00e9 mohou u\u017e\u00edvat vapov\u00e1n\u00ed bez neust\u00e1l\u00fdch obav z vybit\u00ed energie, co\u017e umo\u017e\u0148uje nep\u0159eru\u0161ovan\u00fd po\u017eitek z obl\u00edben\u00fdch p\u0159\u00edchut\u00ed.<\/p>\n<p><strong>RandM Tornado 20000<\/strong> vyhovuje r\u016fzn\u00fdm preferenc\u00edm u\u017eivatel\u016f a nab\u00edz\u00ed p\u0159izp\u016fsobiteln\u00e9 mo\u017enosti \u00farovn\u011b soli, kter\u00e9 jsou k dispozici v proveden\u00ed 2% a 5%. Tato flexibilita umo\u017e\u0148uje u\u017eivatel\u016fm Vape zvolit si preferovanou koncentraci, \u010d\u00edm\u017e se zvy\u0161uje personalizace z\u00e1\u017eitku z Vape. D\u00edky t\u011bmto vlastnostem je RandM Tornado 20000 siln\u00fdm konkurentem na trhu jednor\u00e1zov\u00fdch Vape. Oslov\u00ed jak nov\u00e9, tak zku\u0161en\u00e9 u\u017eivatele.<\/p>\n<h2>20 p\u0159\u00edchut\u00ed na v\u00fdb\u011br<\/h2>\n<h3>RandM Tornado 20000 Chutn\u00fd v\u00fdb\u011br: 20 jedine\u010dn\u00fdch mo\u017enost\u00ed pro ka\u017edou preferenci<\/h3>\n<p><strong>RandM Torn\u00e1do<\/strong> Disposable Vape se vyzna\u010duje p\u016fsobivou nab\u00eddkou 20 jedine\u010dn\u00fdch p\u0159\u00edchut\u00ed, pe\u010dliv\u011b vytvo\u0159en\u00fdch tak, aby uspokojily r\u016fzn\u00e9 preference vaper\u016f. Tento rozmanit\u00fd v\u00fdb\u011br zaru\u010duje, \u017ee si ka\u017ed\u00fd najde n\u011bco pro sebe, a\u0165 u\u017e se p\u0159ikl\u00e1n\u00edte ke sladk\u00fdm, ovocn\u00fdm, m\u00e1tov\u00fdm nebo dezert\u016fm inspirovan\u00fdm profil\u016fm. Ka\u017ed\u00e1 p\u0159\u00edchu\u0165 vystihuje svou podstatu a umo\u017e\u0148uje vaper\u016fm pono\u0159it se do p\u0159\u00edjemn\u00e9ho z\u00e1\u017eitku, kter\u00fd podtrhuje slo\u017eitost ka\u017ed\u00e9ho potahu.<\/p>\n<h3>RandM Tornado 20000 Signature Flavors: Od klasick\u00e9 jahody po tropick\u00e9 mango<\/h3>\n<p>Mezi obl\u00edben\u00e9 varianty pat\u0159\u00ed Classic Strawberry, kter\u00e1 se vyzna\u010duje lahodnou sladkost\u00ed p\u0159ipom\u00ednaj\u00edc\u00ed \u010derstv\u011b natrhan\u00e9 jahody. Pro ty, kte\u0159\u00ed maj\u00ed r\u00e1di \u017eiv\u011bj\u0161\u00ed sm\u011bs, je tu Tropical Mango se \u0161\u0165avnat\u00fdm n\u00e1dechem. Milovn\u00edci citrus\u016f si vychutnaj\u00ed pikantn\u00ed explozi. <strong>Limon\u00e1da s ledem<\/strong> p\u0159\u00edchu\u0165. Nab\u00edz\u00ed osv\u011b\u017euj\u00edc\u00ed chladiv\u00fd pocit, ide\u00e1ln\u00ed pro hork\u00e9 dny. Dal\u0161\u00ed skv\u011blou volbou je <strong>M\u00e1tov\u00fd mentol<\/strong>, kter\u00e1 p\u0159in\u00e1\u0161\u00ed sv\u011b\u017e\u00ed a osv\u011b\u017euj\u00edc\u00ed z\u00e1\u017eitek. Tato p\u0159\u00edchu\u0165 je ide\u00e1ln\u00ed pro vapery, kte\u0159\u00ed tou\u017e\u00ed po jednoduchosti s n\u00e1dechem sv\u011b\u017eesti.<\/p>\n<p>Krom\u011b tradi\u010dn\u00edch ovocn\u00fdch p\u0159\u00edchut\u00ed <strong>RandM Torn\u00e1do<\/strong> tak\u00e9 pro milovn\u00edky dezert\u016f. P\u0159\u00edchut\u011b jako vanilkov\u00fd pudink a \u010dokol\u00e1dov\u00fd dort uspokoj\u00ed milovn\u00edky sladkost\u00ed a poskytnou jim bohat\u00e9 kr\u00e9mov\u00e9 pocity. Komplexnost p\u0159\u00edchut\u00ed pokra\u010duje mo\u017enostmi, jako jsou Mixed Berries a Watermelon Ice, kter\u00e9 harmonicky kombinuj\u00ed ovocn\u00e9 n\u00e1dechy s jemn\u00fdmi chladiv\u00fdmi prvky. Kdy\u017e se vape\u0159i pono\u0159\u00ed do t\u011bchto nab\u00eddek, \u010dasto si najdou sv\u00e9 osobn\u00ed favority, kte\u0159\u00ed pozvednou jejich z\u00e1\u017eitek z vapingu.<\/p>\n<h3>Chv\u00e1la u\u017eivatel\u016f: R\u016fznorod\u00e9 profily a dokonal\u00e9 p\u00e1rov\u00e1n\u00ed zvy\u0161uj\u00ed spokojenost<\/h3>\n<p>Ohlasy u\u017eivatel\u016f vyzdvihuj\u00ed chu\u0165ovou rozmanitost a mnoz\u00ed si pochvaluj\u00ed vyv\u00e1\u017een\u00e9 profily a dlouhotrvaj\u00edc\u00ed po\u017eitek. Mnoz\u00ed tak\u00e9 doporu\u010duj\u00ed p\u00e1rov\u00e1n\u00ed chut\u00ed, jako jsou sladk\u00e9 t\u00f3ny <strong>Tropick\u00e9 mango<\/strong> s osv\u011b\u017euj\u00edc\u00edm n\u00e1dechem <strong>M\u00e1tov\u00fd mentol<\/strong>Tato sm\u011bs umoc\u0148uje z\u00e1\u017eitek z inhalace a podtrhuje v\u0161estrannost sm\u011bsi RandM Tornado. D\u00edky \u0161irok\u00e9mu v\u00fdb\u011bru 20 p\u0159\u00edchut\u00ed zvy\u0161uje RandM Tornado spokojenost u\u017eivatele. Je p\u0159esv\u011bd\u010divou volbou pro vape nad\u0161ence, kte\u0159\u00ed hledaj\u00ed rozmanitost a po\u017eitek.<\/p>\n<p><strong>Pod\u00edvejte se na dal\u0161\u00ed d\u00edly s\u00e9rie RandM Tornado:<\/strong><\/p>\n<p class=\"product-title product_title entry-title\">RandM Tornado 7000<\/p>\n<p class=\"product-title product_title entry-title\">RandM Tornado 9000<\/p>\n<p class=\"product-title product_title entry-title\">RandM Tornado 12000<\/p>\n<p class=\"product-title product_title entry-title\">RandM Tornado 15000<\/p>\n<p class=\"product-title product_title entry-title\">RandM Tornado 20000<\/p>\n<p class=\"product-title product_title entry-title\">RandM Tornado 25000<\/p>\n<p class=\"product-title product_title entry-title\">RandM Tornado 30000<\/p>\n<hr \/>\n<p><strong>Pro\u010d si vybrat pr\u00e1v\u011b n\u00e1s?<\/strong><\/p>\n<p>V\u00fdb\u011brem ofici\u00e1ln\u00edho obchodu s jednor\u00e1zov\u00fdmi vapes m\u016f\u017eete vyu\u017e\u00edt mnoha v\u00fdhod:<\/p>\n<ul>\n<li><strong>Ofici\u00e1ln\u00ed prodejn\u00ed kan\u00e1l:<\/strong>\u00a0Zaru\u010dujeme autentick\u00e9 v\u00fdrobky a kvalitn\u00ed slu\u017eby.<\/li>\n<li><strong>Velkoobchod a maloobchod:<\/strong>\u00a0Nab\u00edz\u00edme flexibiln\u00ed mo\u017enosti n\u00e1kupu pro jednotlivce i velkoobchodn\u00edky.<\/li>\n<li><strong>Zaji\u0161t\u011bn\u00ed kvality:<\/strong>\u00a0Na\u0161e v\u00fdrobky proch\u00e1zej\u00ed p\u0159\u00edsn\u00fdm testov\u00e1n\u00edm kvality, abychom zajistili va\u0161i spokojenost.<\/li>\n<li><strong>Doprava po cel\u00e9m sv\u011bt\u011b:<\/strong>\u00a0Na\u0161e v\u00fdrobky hrd\u011b zas\u00edl\u00e1me do v\u011bt\u0161iny zem\u00ed sv\u011bta, tak\u017ee si je m\u016f\u017eete vychutnat bez ohledu na to, kde se nach\u00e1z\u00edte.<\/li>\n<li><strong>Zku\u0161enosti v oboru:<\/strong>\u00a0D\u00edky v\u00edce ne\u017e 8 let\u016fm zku\u0161enost\u00ed na trhu jsme se stali d\u016fv\u011bryhodnou a prvot\u0159\u00eddn\u00ed volbou.<\/li>\n<li><strong>Dlouhodob\u00e1 partnerstv\u00ed:<\/strong>\u00a0Spolupracujeme tak\u00e9 s m\u00edstn\u00edmi majiteli obchod\u016f v Evrop\u011b, co\u017e n\u00e1m umo\u017e\u0148uje rychle reagovat na pot\u0159eby trhu a udr\u017eovat \u010derstvost na\u0161ich v\u00fdrobk\u016f.<\/li>\n<\/ul>\n<p>V\u00fdb\u011br na\u0161ich jednor\u00e1zov\u00fdch vap\u016f v\u00e1m umo\u017en\u00ed nejen vychutnat si r\u016fzn\u00e9 p\u0159\u00edchut\u011b, ale tak\u00e9 za\u017e\u00edt neoby\u010dejnou cestu vapov\u00e1n\u00ed. Pro v\u00edce informac\u00ed n\u00e1s nav\u0161tivte <a href=\"http:\/\/dankstarvapes.com\" target=\"_blank\" rel=\"noopener\">dankstarvapes.com<\/a>!<\/p>\n<\/div>","protected":false},"excerpt":{"rendered":"<p>The RandM Tornado 20000 Puff Disposable Vape is designed for both convenience and performance. Featuring a user-friendly full-screen display on the right side, it provides essential information at a glance, making it easy to monitor your vaping experience. Powered by an 850mAh rechargeable battery, the Tornado ensures long-lasting use with minimal interruptions, making it perfect [&#8230;]","protected":false},"featured_media":1273,"comment_status":"open","ping_status":"closed","template":"","meta":[],"product_brand":[],"product_cat":[75,102,77,95,73,78,97,71,79,80,81,82,83,84,85,86,87,88,89,90,91,110,104,134,16,92],"product_tag":[],"class_list":{"0":"post-1251","1":"product","2":"type-product","3":"status-publish","4":"has-post-thumbnail","6":"product_cat-2-nicotine-disposable-vape","7":"product_cat-20000-20k-puff-vape","8":"product_cat-5-nicotine-disposable-vape","9":"product_cat-advanced-vape","10":"product_cat-big-puff-vapes","11":"product_cat-disposable-vape-near-me","12":"product_cat-disposable-vape-with-screen","13":"product_cat-0-5-nicotine-vapes","14":"product_cat-disposable-vapes-in-austria","15":"product_cat-disposable-vapes-in-belgium","16":"product_cat-disposable-vapes-in-france","17":"product_cat-disposable-vapes-in-germany","18":"product_cat-disposable-vapes-in-ltaly","19":"product_cat-disposable-vapes-in-netherlands","20":"product_cat-disposable-vapes-in-norway","21":"product_cat-disposable-vapes-in-poland","22":"product_cat-disposable-vapes-in-portugal","23":"product_cat-disposable-vapes-in-spain","24":"product_cat-disposable-vapes-in-sweden","25":"product_cat-disposable-vapes-in-switzerland","26":"product_cat-disposable-vapes-in-united-states","27":"product_cat-randm-tornado-20000","28":"product_cat-randm-tornado-vape","29":"product_cat-tornado-vape","30":"product_cat-uncategorized","31":"product_cat-vape-brands","33":"first","34":"instock","35":"sale","36":"shipping-taxable","37":"purchasable","38":"product-type-variable","39":"has-default-attributes"},"tiered_pricing_type":"fixed","tiered_pricing_fixed_rules":[],"tiered_pricing_product_settings":{"layout":"default","base_unit_name":{"singular":null,"plural":null},"default_variation":null},"tiered_pricing_minimum_quantity":null,"tiered_pricing_roles_data":[],"tiered_pricing_percentage_rules":[],"tiered_pricing_maximum_quantity":null,"tiered_pricing_quantity_step":null,"_links":{"self":[{"href":"https:\/\/vapsolovape.com\/cs\/wp-json\/wp\/v2\/product\/1251","targetHints":{"allow":["GET"]}}],"collection":[{"href":"https:\/\/vapsolovape.com\/cs\/wp-json\/wp\/v2\/product"}],"about":[{"href":"https:\/\/vapsolovape.com\/cs\/wp-json\/wp\/v2\/types\/product"}],"replies":[{"embeddable":true,"href":"https:\/\/vapsolovape.com\/cs\/wp-json\/wp\/v2\/comments?post=1251"}],"wp:featuredmedia":[{"embeddable":true,"href":"https:\/\/vapsolovape.com\/cs\/wp-json\/wp\/v2\/media\/1273"}],"wp:attachment":[{"href":"https:\/\/vapsolovape.com\/cs\/wp-json\/wp\/v2\/media?parent=1251"}],"wp:term":[{"taxonomy":"product_brand","embeddable":true,"href":"https:\/\/vapsolovape.com\/cs\/wp-json\/wp\/v2\/product_brand?post=1251"},{"taxonomy":"product_cat","embeddable":true,"href":"https:\/\/vapsolovape.com\/cs\/wp-json\/wp\/v2\/product_cat?post=1251"},{"taxonomy":"product_tag","embeddable":true,"href":"https:\/\/vapsolovape.com\/cs\/wp-json\/wp\/v2\/product_tag?post=1251"}],"curies":[{"name":"wp","href":"https:\/\/api.w.org\/{rel}","templated":true}]}}