{"id":1352,"date":"2025-02-14T18:19:06","date_gmt":"2025-02-14T10:19:06","guid":{"rendered":"https:\/\/vapsolovape.com\/?post_type=product&#038;p=1352"},"modified":"2026-03-14T11:27:28","modified_gmt":"2026-03-14T03:27:28","slug":"randm-tornado-30000-puffs-vape-nejnovejsi-dostupne-modely","status":"publish","type":"product","link":"https:\/\/vapsolovape.com\/cs\/produkt\/randm-tornado-30000-puffs-vape-nejnovejsi-dostupne-modely\/","title":{"rendered":"RandM Tornado 30000 Puffs Vape - prozkoumejte nejnov\u011bj\u0161\u00ed model!"},"content":{"rendered":"<div id=\"tab-description\" class=\"woocommerce-Tabs-panel woocommerce-Tabs-panel--description panel entry-content active\" role=\"tabpanel\" aria-labelledby=\"tab-title-description\">\n<p data-start=\"153\" data-end=\"450\">RandM Tornado 30000 Music Edition je nejnov\u011bj\u0161\u00edm p\u0159\u00edr\u016fstkem do proslul\u00e9 \u0159ady RandM Tornado Vape Series z roku 2024. Toto pokro\u010dil\u00e9 jednor\u00e1zov\u00e9 za\u0159\u00edzen\u00ed, vytvo\u0159en\u00e9 pro vape nad\u0161ence, kte\u0159\u00ed vy\u017eaduj\u00ed kvalitu a v\u0161estrannost, p\u0159in\u00e1\u0161\u00ed v\u00fdjime\u010dn\u00fd vapingov\u00fd z\u00e1\u017eitek s funkcemi navr\u017een\u00fdmi tak, aby spl\u0148ovaly v\u0161echny va\u0161e pot\u0159eby.<\/p>\n<p><strong>30 000 puff\u016f:<\/strong>\u00a0Vychutnejte si a\u017e 30 000 \u0161luk\u016f pro nep\u0159eru\u0161ovan\u00fd z\u00e1\u017eitek z kou\u0159en\u00ed.<\/p>\n<p><strong>Objem 25 ml:<\/strong>\u00a0Kapacita 25 ml sni\u017euje pot\u0159ebu dopl\u0148ovat n\u00e1pln\u011b a umo\u017e\u0148uje v\u00e1m vychutn\u00e1vat si obl\u00edben\u00e9 p\u0159\u00edchut\u011b d\u00e9le.<\/p>\n<p><strong>Integrovan\u00e1 baterie 850 mAh:<\/strong>\u00a0V\u00fdkonn\u00e1 850mAh baterie zaji\u0161\u0165uje celodenn\u00ed vaping.<\/p>\n<p><strong>Pohodl\u00ed p\u0159i dob\u00edjen\u00ed:<\/strong>\u00a0Dob\u00edjec\u00ed konstrukce umo\u017e\u0148uje nab\u00edjen\u00ed kdykoli, co\u017e je ide\u00e1ln\u00ed pro v\u00e1\u0161 zanepr\u00e1zdn\u011bn\u00fd \u017eivotn\u00ed styl.<\/p>\n<p><strong>Hladk\u00e1 s\u00ed\u0165ov\u00e1 c\u00edvka:<\/strong>\u00a0Inovativn\u00ed s\u00ed\u0165ov\u00e1 spir\u00e1lka poskytuje hladk\u00fd a uspokojiv\u00fd z\u00e1\u017eitek z vapingu.<\/p>\n<p><strong>RGB sv\u011bteln\u00e1 show\uff1a<\/strong>p\u0159izp\u016fsobiteln\u00e1 hudebn\u00ed funkce<\/p>\n<p><strong>P\u0159izp\u016fsobiteln\u00e9 \u00farovn\u011b soli:<\/strong>\u00a0Vyberte si nikotinovou s\u016fl 2% nebo 5% podle sv\u00e9 chuti.<\/p>\n<p><strong>Kompaktn\u00ed a stylov\u00fd:<\/strong>\u00a0D\u00edky stylov\u00e9mu ergonomick\u00e9mu designu se snadno pou\u017e\u00edv\u00e1 a hod\u00ed se pro ka\u017edou p\u0159\u00edle\u017eitost.<\/p>\n<p><strong>Na v\u00fdb\u011br je 30 p\u0159\u00edchut\u00ed:<\/strong>\u00a0Vychutnejte si 30 rozmanit\u00fdch p\u0159\u00edchut\u00ed, ze kter\u00fdch si vybere ka\u017ed\u00fd.<\/p>\n<p>Za\u017eijte dokonal\u00fd vapingov\u00fd z\u00e1\u017eitek s RandM Tornado 30000 Music Edition. Pozvedn\u011bte svou cestu vapingu je\u0161t\u011b dnes!<\/p>\n<hr \/>\n<p><img loading=\"lazy\" decoding=\"async\" class=\"size-full wp-image-4918\" src=\"https:\/\/dankstarvapes.com\/wp-content\/uploads\/2024\/11\/Randm-Tornado-30000-Vapes.webp\" alt=\"Randm Tornado 30000 Vapes\" width=\"1946\" height=\"1876\" title=\"\"><\/p>\n<hr \/>\n<h3><strong>RANDM Tornado 30000 P\u0159ehled<\/strong><br \/>\n<strong>Nejnov\u011bj\u0161\u00ed modely<\/strong><\/h3>\n<p>\u0158ada RandM Tornado 30000 je nejnov\u011bj\u0161\u00ed velkokapacitn\u00ed jednor\u00e1zov\u00fd vape od spole\u010dnosti Fumot. Tento model s p\u016fsobivou kapacitou 30 000 \u0161luk\u016f byl vylep\u0161en tak, aby vyhovoval ka\u017edodenn\u00edm pot\u0159eb\u00e1m nov\u00fdch i vracej\u00edc\u00edch se z\u00e1kazn\u00edk\u016f. Jedn\u00e1 se o nejnov\u011bj\u0161\u00ed a nejv\u011bt\u0161\u00ed vape RandM Tornado na trhu.<\/p>\n<h3><strong>RandM Tornado 30000 Vynikaj\u00edc\u00ed kapacita<\/strong><\/h3>\n<p>RandM Tornado 30000 je vynikaj\u00edc\u00ed jednor\u00e1zov\u00fd vape zn\u00e1m\u00fd svou vynikaj\u00edc\u00ed kapacitou. Jedn\u00e1 se tak\u00e9 o nejnov\u011bj\u0161\u00ed model nab\u00edzej\u00edc\u00ed vylep\u0161en\u00e9 mo\u017enosti p\u0159\u00edchut\u00ed. D\u00edky vestav\u011bn\u00e9 baterii s kapacitou 850 mAh si nav\u00edc u\u017eivatel\u00e9 mohou vychutnat vapov\u00e1n\u00ed bez obav z vybit\u00ed energie.<\/p>\n<h3><strong>Dein Dampferlebnis, dein Sound<\/strong><\/h3>\n<p>Lass dich von der einzigartigen\u00a0<strong>RGB-Lichtshow<\/strong>\u00a0des\u00a0<strong>Torn\u00e1do 30000<\/strong>\u00a0begeistern, die im Takt deiner Lieblingsmusik aufleuchtet. Sobald du das Musik-Feature aktivierst, verwandelt sich dein Vape-Ger\u00e4t in ein kleines Spektakel - perfekt f\u00fcr entspannte Abende oder unterwegs. Du entscheidest selbst, ob du die Lichtshow aktivierst oder ausschaltest, ganz nach deiner Stimmung.<\/p>\n<h3><strong>Vylep\u0161en\u00e9 mo\u017enosti p\u0159\u00edchut\u00ed RandM Tornado 30000<\/strong><\/h3>\n<p>Tornado 30000 tak\u00e9 vylep\u0161uje v\u00fdb\u011br p\u0159\u00edchut\u00ed a nab\u00edz\u00ed a\u017e 30 p\u0159\u00edchut\u00ed s bohatou a dlouhotrvaj\u00edc\u00ed chut\u00ed. D\u00edky tak rozmanit\u00e9mu v\u00fdb\u011bru si v\u017edy najdete p\u0159\u00edchu\u0165, kter\u00e1 vyhovuje va\u0161im preferenc\u00edm.<\/p>\n<p><img loading=\"lazy\" decoding=\"async\" class=\"size-full wp-image-4919\" src=\"https:\/\/dankstarvapes.com\/wp-content\/uploads\/2024\/11\/RandM-Tornado-30000.webp\" alt=\"Randm Tornado 30000 Vapes\" width=\"1946\" height=\"1946\" title=\"\"><\/p>\n<h3><strong>V\u00fdhody a u\u017eivatelsk\u00e9 zku\u0161enosti<\/strong><\/h3>\n<p>Tornado 30000 je obl\u00edben\u00fd mezi vapingov\u00fdmi nad\u0161enci pro sv\u00e9 pohodl\u00ed a odolnost. Na rozd\u00edl od tradi\u010dn\u00edch vap\u016f, kter\u00e9 vy\u017eaduj\u00ed \u010dast\u00e9 dopl\u0148ov\u00e1n\u00ed a \u00fadr\u017ebu, Tornado 30000 tyto pot\u00ed\u017ee eliminuje a po dokon\u010den\u00ed jej lze vyhodit. Jeho vynikaj\u00edc\u00ed v\u00fddr\u017e baterie je navr\u017eena pro celodenn\u00ed pou\u017e\u00edv\u00e1n\u00ed, co\u017e zaji\u0161\u0165uje bezstarostn\u00fd z\u00e1\u017eitek z vapov\u00e1n\u00ed bez obav z vybit\u00ed energie. V kombinaci s velkou kapacitou e-liquidu p\u0159ed\u010d\u00ed mnoho jednor\u00e1zov\u00fdch vap\u016f a umo\u017e\u0148uje u\u017eivatel\u016fm vychutnat si sv\u00e9 obl\u00edben\u00e9 p\u0159\u00edchut\u011b d\u00e9le a snadn\u011bji.<\/p>\n<p><strong>Pod\u00edvejte se na dal\u0161\u00ed d\u00edly s\u00e9rie RandM Tornado:<\/strong><\/p>\n<p class=\"product-title product_title entry-title\">RandM Tornado 7000<\/p>\n<p class=\"product-title product_title entry-title\">RandM Tornado 9000<\/p>\n<p class=\"product-title product_title entry-title\">RandM Tornado 12000<\/p>\n<p class=\"product-title product_title entry-title\">RandM Tornado 15000<\/p>\n<p class=\"product-title product_title entry-title\">RandM Tornado 20000<\/p>\n<p class=\"product-title product_title entry-title\">RandM Tornado 25000<\/p>\n<p class=\"product-title product_title entry-title\">RandM Tornado 30000<\/p>\n<hr \/>\n<p><strong>Pro\u010d si vybrat pr\u00e1v\u011b n\u00e1s?<\/strong><\/p>\n<p>V\u00fdb\u011brem ofici\u00e1ln\u00edho obchodu s jednor\u00e1zov\u00fdmi vapes m\u016f\u017eete vyu\u017e\u00edt mnoha v\u00fdhod:<\/p>\n<ul>\n<li><strong>Ofici\u00e1ln\u00ed prodejn\u00ed kan\u00e1l:<\/strong>\u00a0Zaru\u010dujeme autentick\u00e9 v\u00fdrobky a kvalitn\u00ed slu\u017eby.<\/li>\n<li><strong>Velkoobchod a maloobchod:<\/strong>\u00a0Nab\u00edz\u00edme flexibiln\u00ed mo\u017enosti n\u00e1kupu pro jednotlivce i velkoobchodn\u00edky.<\/li>\n<li><strong>Zaji\u0161t\u011bn\u00ed kvality:<\/strong>\u00a0Na\u0161e v\u00fdrobky proch\u00e1zej\u00ed p\u0159\u00edsn\u00fdm testov\u00e1n\u00edm kvality, abychom zajistili va\u0161i spokojenost.<\/li>\n<li><strong>Doprava po cel\u00e9m sv\u011bt\u011b:<\/strong>\u00a0Na\u0161e v\u00fdrobky hrd\u011b zas\u00edl\u00e1me do v\u011bt\u0161iny zem\u00ed sv\u011bta, tak\u017ee si je m\u016f\u017eete vychutnat bez ohledu na to, kde se nach\u00e1z\u00edte.<\/li>\n<li><strong>Zku\u0161enosti v oboru:<\/strong>\u00a0D\u00edky v\u00edce ne\u017e 8 let\u016fm zku\u0161enost\u00ed na trhu jsme se stali d\u016fv\u011bryhodnou a prvot\u0159\u00eddn\u00ed volbou.<\/li>\n<li><strong>Dlouhodob\u00e1 partnerstv\u00ed:<\/strong>\u00a0Spolupracujeme tak\u00e9 s m\u00edstn\u00edmi majiteli obchod\u016f v Evrop\u011b, co\u017e n\u00e1m umo\u017e\u0148uje rychle reagovat na pot\u0159eby trhu a udr\u017eovat \u010derstvost na\u0161ich v\u00fdrobk\u016f.<\/li>\n<\/ul>\n<p>V\u00fdb\u011br na\u0161ich jednor\u00e1zov\u00fdch vap\u016f v\u00e1m umo\u017en\u00ed nejen vychutnat si r\u016fzn\u00e9 p\u0159\u00edchut\u011b, ale tak\u00e9 za\u017e\u00edt neoby\u010dejnou cestu vapov\u00e1n\u00ed. Pro v\u00edce informac\u00ed n\u00e1s nav\u0161tivte <a href=\"http:\/\/dankstarvapes.com\" target=\"_blank\" rel=\"noopener\">dankstarvapes.com<\/a>!<\/p>\n<\/div>","protected":false},"excerpt":{"rendered":"<p>The RandM Tornado 30000 Music Edition is the newest addition to the renowned RandM Tornado Vape Series of 2024. Crafted for vape enthusiasts who demand quality and versatility, this advanced disposable device delivers an exceptional vaping experience with features designed to meet all your needs. 30,000 Puffs:\u00a0Enjoy up to 30,000 puffs for an uninterrupted smoking [&#8230;]","protected":false},"featured_media":1370,"comment_status":"open","ping_status":"closed","template":"","meta":[],"product_brand":[],"product_cat":[75,77,95,73,100,78,113,71,79,80,81,82,83,84,85,86,87,88,89,90,91,114,104,134,16,92],"product_tag":[],"class_list":{"0":"post-1352","1":"product","2":"type-product","3":"status-publish","4":"has-post-thumbnail","6":"product_cat-2-nicotine-disposable-vape","7":"product_cat-5-nicotine-disposable-vape","8":"product_cat-advanced-vape","9":"product_cat-big-puff-vapes","10":"product_cat-big-puff-vapes-30000","11":"product_cat-disposable-vape-near-me","12":"product_cat-disposable-vape-with-bluetooth-speaker","13":"product_cat-0-5-nicotine-vapes","14":"product_cat-disposable-vapes-in-austria","15":"product_cat-disposable-vapes-in-belgium","16":"product_cat-disposable-vapes-in-france","17":"product_cat-disposable-vapes-in-germany","18":"product_cat-disposable-vapes-in-ltaly","19":"product_cat-disposable-vapes-in-netherlands","20":"product_cat-disposable-vapes-in-norway","21":"product_cat-disposable-vapes-in-poland","22":"product_cat-disposable-vapes-in-portugal","23":"product_cat-disposable-vapes-in-spain","24":"product_cat-disposable-vapes-in-sweden","25":"product_cat-disposable-vapes-in-switzerland","26":"product_cat-disposable-vapes-in-united-states","27":"product_cat-randm-tornado-30000-puff-series","28":"product_cat-randm-tornado-vape","29":"product_cat-tornado-vape","30":"product_cat-uncategorized","31":"product_cat-vape-brands","33":"first","34":"instock","35":"shipping-taxable","36":"purchasable","37":"product-type-variable","38":"has-default-attributes"},"tiered_pricing_type":"fixed","tiered_pricing_fixed_rules":[],"tiered_pricing_product_settings":{"layout":"default","base_unit_name":{"singular":null,"plural":null},"default_variation":null},"tiered_pricing_minimum_quantity":null,"tiered_pricing_roles_data":[],"tiered_pricing_percentage_rules":[],"tiered_pricing_maximum_quantity":null,"tiered_pricing_quantity_step":null,"_links":{"self":[{"href":"https:\/\/vapsolovape.com\/cs\/wp-json\/wp\/v2\/product\/1352","targetHints":{"allow":["GET"]}}],"collection":[{"href":"https:\/\/vapsolovape.com\/cs\/wp-json\/wp\/v2\/product"}],"about":[{"href":"https:\/\/vapsolovape.com\/cs\/wp-json\/wp\/v2\/types\/product"}],"replies":[{"embeddable":true,"href":"https:\/\/vapsolovape.com\/cs\/wp-json\/wp\/v2\/comments?post=1352"}],"wp:featuredmedia":[{"embeddable":true,"href":"https:\/\/vapsolovape.com\/cs\/wp-json\/wp\/v2\/media\/1370"}],"wp:attachment":[{"href":"https:\/\/vapsolovape.com\/cs\/wp-json\/wp\/v2\/media?parent=1352"}],"wp:term":[{"taxonomy":"product_brand","embeddable":true,"href":"https:\/\/vapsolovape.com\/cs\/wp-json\/wp\/v2\/product_brand?post=1352"},{"taxonomy":"product_cat","embeddable":true,"href":"https:\/\/vapsolovape.com\/cs\/wp-json\/wp\/v2\/product_cat?post=1352"},{"taxonomy":"product_tag","embeddable":true,"href":"https:\/\/vapsolovape.com\/cs\/wp-json\/wp\/v2\/product_tag?post=1352"}],"curies":[{"name":"wp","href":"https:\/\/api.w.org\/{rel}","templated":true}]}}