{"id":1537,"date":"2025-02-14T18:20:03","date_gmt":"2025-02-14T10:20:03","guid":{"rendered":"https:\/\/vapsolovape.com\/?post_type=product&#038;p=1537"},"modified":"2025-02-26T14:25:01","modified_gmt":"2025-02-26T06:25:01","slug":"aivono-vape-25000-puffs-jednorazove-vape-bezkonkurencni-chut","status":"publish","type":"product","link":"https:\/\/vapsolovape.com\/cs\/produkt\/aivono-vape-25000-puffs-jednorazove-vape-bezkonkurencni-chut\/","title":{"rendered":"AIVONO 25000 Puffs Vape na jedno pou\u017eit\u00ed - dokonal\u00fd chu\u0165ov\u00fd z\u00e1\u017eitek"},"content":{"rendered":"<p>Jednor\u00e1zov\u00fd vape AIVONO Vape 25000 Puffs je ide\u00e1ln\u00ed volbou pro ty, kte\u0159\u00ed hledaj\u00ed bezkonkuren\u010dn\u00ed kombinaci chuti, v\u00fdkonu a pohodl\u00ed. Toto za\u0159\u00edzen\u00ed je ur\u010deno pro zku\u0161en\u00e9 vapery i nov\u00e1\u010dky a p\u0159in\u00e1\u0161\u00ed prvot\u0159\u00eddn\u00ed z\u00e1\u017eitek z vapov\u00e1n\u00ed, kter\u00fd posune v\u00e1\u0161 po\u017eitek na vy\u0161\u0161\u00ed \u00farove\u0148.<\/p>\n<figure id=\"attachment_6118\" aria-describedby=\"caption-attachment-6118\" style=\"width: 800px\" class=\"wp-caption alignnone\"><img loading=\"lazy\" decoding=\"async\" class=\"wp-image-6118 size-full\" src=\"https:\/\/dankstarvapes.com\/wp-content\/uploads\/2024\/11\/2_AIVONO-AIM-BOOM-2500.webp\" alt=\"AIVONO Vape 25000 Puffs\" width=\"800\" height=\"800\" title=\"\"><figcaption id=\"caption-attachment-6118\" class=\"wp-caption-text\">AIVONO Vape 25000 Puffs<\/figcaption><\/figure>\n<p><strong>Kl\u00ed\u010dov\u00e9 vlastnosti:<\/strong><\/p>\n<ul>\n<li><strong>Bezkonkuren\u010dn\u00ed kapacita:<\/strong> Vychutnejte si a\u017e 25 000 potah\u016f, co\u017e zaru\u010duje dlouhotrvaj\u00edc\u00ed a konzistentn\u00ed vapingov\u00fd z\u00e1\u017eitek.<\/li>\n<li><strong>Kapacita pr\u00e9miov\u00e9ho e-liquidu:<\/strong> Dod\u00e1v\u00e1 se s velkorysou kapacitou 28 ml e-liquidu, co\u017e minimalizuje pot\u0159ebu \u010dast\u00e9ho dopl\u0148ov\u00e1n\u00ed.<\/li>\n<li><strong>V\u00fdkonn\u00e1 dob\u00edjec\u00ed baterie:<\/strong> Nap\u00e1jen\u00ed zaji\u0161\u0165uje 650mAh \u010dist\u011b kobaltov\u00e1 baterie, kter\u00e1 poskytuje trval\u00fd v\u00fdkon s rychl\u00fdm nab\u00edjen\u00edm p\u0159es Type-C.<\/li>\n<li><strong>Technologie Dual Mesh Coil:<\/strong> Je vybaven 1,0\u03a9 spir\u00e1lkami s dvojitou s\u00ed\u0165kou pro vynikaj\u00edc\u00ed chu\u0165 a hustou produkci p\u00e1ry.<\/li>\n<li><strong>P\u0159izp\u016fsobiteln\u00e9 \u00farovn\u011b s\u00edly:<\/strong> Vyberte si podle sv\u00fdch osobn\u00edch preferenc\u00ed ze sil nikotinu 0%, 2%, 3% nebo 5%.<\/li>\n<li><strong>Chytr\u00fd digit\u00e1ln\u00ed displej:<\/strong> Obsahuje indik\u00e1tor hladiny e-liquidu a monitor \u017eivotnosti baterie pro sledov\u00e1n\u00ed vapov\u00e1n\u00ed v re\u00e1ln\u00e9m \u010dase.<\/li>\n<li><strong>Nastaviteln\u00e9 proud\u011bn\u00ed vzduchu:<\/strong> Vyberte si jedno ze dvou nastaven\u00ed airflow pro p\u0159izp\u016fsoben\u00ed vapingu, od plynul\u00e9ho a\u017e po intenzivn\u00ed.<\/li>\n<li><strong>Kompaktn\u00ed a p\u0159enosn\u00fd design:<\/strong> Lehk\u00fd (90 g) a p\u0159enosn\u00fd (60 x 90 mm) pro snadn\u00e9 pou\u017eit\u00ed na cest\u00e1ch.<\/li>\n<li><strong>D\u011btsk\u00fd bezpe\u010dnostn\u00ed z\u00e1mek:<\/strong> Vestav\u011bn\u00e9 bezpe\u010dnostn\u00ed funkce pro v\u011bt\u0161\u00ed klid.<\/li>\n<\/ul>\n<p><strong>Mo\u017enosti p\u0159\u00edchut\u00ed:<\/strong><\/p>\n<p>AIVONO Vape nab\u00edz\u00ed \u0161irokou \u0161k\u00e1lu lahodn\u00fdch p\u0159\u00edchut\u00ed, kter\u00e9 uspokoj\u00ed ka\u017ed\u00fd jaz\u00fd\u010dek:<\/p>\n<ul>\n<li><strong>Mincovna Miami:<\/strong> K\u0159upav\u00e1, osv\u011b\u017euj\u00edc\u00ed m\u00e1ta, kter\u00e1 p\u0159in\u00e1\u0161\u00ed chladiv\u00fd, osv\u011b\u017euj\u00edc\u00ed pocit.<\/li>\n<li><strong>Melounov\u00fd led:<\/strong> Sladk\u00fd, \u0161\u0165avnat\u00fd meloun se m\u00eds\u00ed s chladiv\u00fdm mentolov\u00fdm z\u00e1v\u011brem.<\/li>\n<li><strong>Blue Razz Ice:<\/strong> Pikantn\u00ed sm\u011bs bor\u016fvek a m\u00e1ty pro lahodn\u00fd ovocn\u00fd a osv\u011b\u017euj\u00edc\u00ed z\u00e1\u017eitek.<\/li>\n<li><strong>Malina Broskev Limetka:<\/strong> Ovocn\u00e1 sm\u011bs zral\u00fdch malin, \u0161\u0165avnat\u00fdch broskv\u00ed a pikantn\u00edho limetkov\u00e9ho n\u00e1dechu.<\/li>\n<li><strong>Modr\u00fd ran\u010der:<\/strong> Sladk\u00e1 bor\u016fvkov\u00e1 p\u0159\u00edchu\u0165 inspirovan\u00e1 bonb\u00f3ny je prost\u011b neodolateln\u00e1.<\/li>\n<li><strong>Kysel\u00e9 mango ananas:<\/strong> Tropick\u00e9 mango a ananas s pikantn\u00edm n\u00e1dechem pro v\u00fdraznou exotickou chu\u0165.<\/li>\n<li><strong>Jahodov\u00fd B-Pop:<\/strong> Sladk\u00e1 p\u0159\u00edchu\u0165 jahodov\u00fdch bonbon\u016f, kter\u00e1 jist\u011b uspokoj\u00ed v\u00e1\u0161 mlsn\u00fd jaz\u00fd\u010dek.<\/li>\n<li><strong>Hroznov\u00e9 zelen\u00e9 jablko:<\/strong> K\u0159upav\u00e1 zelen\u00e1 jablka v kombinaci se \u0161\u0165avnat\u00fdmi a \u0161\u0165avnat\u00fdmi hrozny vytv\u00e1\u0159ej\u00ed osv\u011b\u017euj\u00edc\u00ed a ovocn\u00fd vape.<\/li>\n<li><strong>Meloun Lemon:<\/strong> Dokonal\u00e1 sm\u011bs sladk\u00e9ho melounu a trpk\u00e9ho citronu pro osv\u011b\u017euj\u00edc\u00ed chu\u0165.<\/li>\n<li><strong>Ledov\u00fd meloun Cherry:<\/strong> Chladiv\u00e1, m\u00e1tov\u00e1 kombinace vodn\u00edho melounu a t\u0159e\u0161n\u00ed je ide\u00e1ln\u00ed pro sv\u011b\u017e\u00ed celodenn\u00ed vapov\u00e1n\u00ed.<\/li>\n<\/ul>\n<p><img loading=\"lazy\" decoding=\"async\" class=\"alignnone size-full wp-image-6119\" src=\"https:\/\/dankstarvapes.com\/wp-content\/uploads\/2024\/11\/AIVONO-AIM-BOOM-2500-2048x959-1.webp\" alt=\"\" width=\"2048\" height=\"959\" title=\"\"><\/p>\n<p><strong>Pro\u010d si vybrat AIVONO Vape 25000 Puffs?<\/strong><\/p>\n<ul>\n<li><strong>Inovativn\u00ed technologie Dual Mesh:<\/strong> Pro optim\u00e1ln\u00ed produkci p\u00e1ry a pln\u011bj\u0161\u00ed a bohat\u0161\u00ed chu\u0165 p\u0159i ka\u017ed\u00e9m \u0161luknut\u00ed.<\/li>\n<li><strong>Dlouhodob\u00fd po\u017eitek:<\/strong> D\u00edky kapacit\u011b 28 ml e-liquidu a 25 000 potah\u016f se nemus\u00edte starat o \u010dast\u00e9 dopl\u0148ov\u00e1n\u00ed.<\/li>\n<li><strong>P\u0159izp\u016fsobiteln\u00fd z\u00e1\u017eitek:<\/strong> P\u0159izp\u016fsobte si vapov\u00e1n\u00ed sv\u00fdm pot\u0159eb\u00e1m d\u00edky nastaviteln\u00e9mu pr\u016ftoku vzduchu a s\u00edle nikotinu.<\/li>\n<li><strong>Elegantn\u00ed a stylov\u00fd design:<\/strong> Elegantn\u00ed, modern\u00ed design, kter\u00fd perfektn\u011b padne do ruky a je ide\u00e1ln\u00ed pro vapery na cest\u00e1ch.<\/li>\n<li><strong>Bezpe\u010dnost p\u0159edev\u0161\u00edm:<\/strong> Vestav\u011bn\u00e9 bezpe\u010dnostn\u00ed funkce, v\u010detn\u011b d\u011btsk\u00e9 pojistky a ochrany proti vybit\u00ed baterie, zaji\u0161\u0165uj\u00ed klid p\u0159i ka\u017ed\u00e9m vapov\u00e1n\u00ed.<\/li>\n<\/ul>\n<p><strong>Ide\u00e1ln\u00ed pro ka\u017ed\u00e9ho vapera<\/strong><\/p>\n<p>A\u0165 u\u017e hled\u00e1te spolehlivou celodenn\u00ed vapku nebo p\u0159\u00edle\u017eitostnou d\u00e1vku chuti, jednor\u00e1zov\u00e1 vapka AIVONO Vape 25000 Puffs poskytuje prvot\u0159\u00eddn\u00ed v\u00fdkon a v\u00fdjime\u010dnou chu\u0165, kterou si m\u016f\u017eete vychutnat bez pot\u00ed\u017e\u00ed. D\u00edky \u0161irok\u00e9 \u0161k\u00e1le p\u0159\u00edchut\u00ed a mo\u017enosti p\u0159izp\u016fsobit si z\u00e1\u017eitek z vapov\u00e1n\u00ed je ide\u00e1ln\u00ed volbou pro ka\u017ed\u00e9ho, kdo chce od sv\u00e9 vapky v\u00edc.<\/p>\n<p><strong>Objednejte si nyn\u00ed a objevte dokonal\u00fd z\u00e1\u017eitek z vapingu!<\/strong><\/p>\n<p><strong>Specifikace:<\/strong><\/p>\n<ul>\n<li><strong>Pufy:<\/strong> A\u017e 25 000<\/li>\n<li><strong>Kapacita e-kapaliny:<\/strong> 28 ml<\/li>\n<li><strong>Baterie:<\/strong> Nab\u00edjec\u00ed kobaltov\u00e1 baterie s kapacitou 650 mAh<\/li>\n<li><strong>Odolnost c\u00edvky:<\/strong> 1.0\u03a9 Dual Mesh Coil<\/li>\n<li><strong>Velikost:<\/strong> 60 mm x 90 mm<\/li>\n<li><strong>Hmotnost:<\/strong> 90g<\/li>\n<li><strong>Mo\u017enosti s\u00edly nikotinu:<\/strong> 0%, 2%, 3%, 5%<\/li>\n<li><strong>Nab\u00edjen\u00ed:<\/strong> Rychl\u00e9 nab\u00edjen\u00ed typu C<\/li>\n<li><strong>Nastaven\u00ed proud\u011bn\u00ed vzduchu:<\/strong> Nastaviteln\u00e9<\/li>\n<li><strong>Bezpe\u010dnostn\u00ed prvky:<\/strong> D\u011btsk\u00fd z\u00e1mek, ochrana baterie, indik\u00e1tor hladiny e-liquidu<\/li>\n<\/ul>\n<p>Zm\u011b\u0148te sv\u016fj z\u00e1\u017eitek z vapov\u00e1n\u00ed s jednor\u00e1zov\u00fdm vapem AIVONO Vape 25000 Puffs - kde se snoub\u00ed bezkonkuren\u010dn\u00ed chu\u0165 s vynikaj\u00edc\u00edm v\u00fdkonem.<\/p>\n<p><strong>Pro\u010d si vybrat pr\u00e1v\u011b n\u00e1s?<\/strong><\/p>\n<p>V\u00fdb\u011brem ofici\u00e1ln\u00edho obchodu s jednor\u00e1zov\u00fdmi vapes m\u016f\u017eete vyu\u017e\u00edt mnoha v\u00fdhod:<\/p>\n<ul>\n<li><strong>Ofici\u00e1ln\u00ed prodejn\u00ed kan\u00e1l:<\/strong>\u00a0Zaru\u010dujeme autentick\u00e9 v\u00fdrobky a kvalitn\u00ed slu\u017eby.<\/li>\n<li><strong>Velkoobchod a maloobchod:<\/strong>\u00a0Nab\u00edz\u00edme flexibiln\u00ed mo\u017enosti n\u00e1kupu pro jednotlivce i velkoobchodn\u00edky.<\/li>\n<li><strong>Zaji\u0161t\u011bn\u00ed kvality:<\/strong>\u00a0Na\u0161e v\u00fdrobky proch\u00e1zej\u00ed p\u0159\u00edsn\u00fdm testov\u00e1n\u00edm kvality, abychom zajistili va\u0161i spokojenost.<\/li>\n<li><strong>Doprava po cel\u00e9m sv\u011bt\u011b:<\/strong>\u00a0Na\u0161e v\u00fdrobky hrd\u011b zas\u00edl\u00e1me do v\u011bt\u0161iny zem\u00ed sv\u011bta, tak\u017ee si je m\u016f\u017eete vychutnat bez ohledu na to, kde se nach\u00e1z\u00edte.<\/li>\n<li><strong>Zku\u0161enosti v oboru:<\/strong>\u00a0D\u00edky v\u00edce ne\u017e 8 let\u016fm zku\u0161enost\u00ed na trhu jsme se stali d\u016fv\u011bryhodnou a prvot\u0159\u00eddn\u00ed volbou.<\/li>\n<li><strong>Dlouhodob\u00e1 partnerstv\u00ed:<\/strong>\u00a0Spolupracujeme tak\u00e9 s m\u00edstn\u00edmi majiteli obchod\u016f v Evrop\u011b, co\u017e n\u00e1m umo\u017e\u0148uje rychle reagovat na pot\u0159eby trhu a udr\u017eovat \u010derstvost na\u0161ich v\u00fdrobk\u016f.<\/li>\n<\/ul>\n<p>V\u00fdb\u011br na\u0161ich jednor\u00e1zov\u00fdch vap\u016f v\u00e1m umo\u017en\u00ed nejen vychutnat si r\u016fzn\u00e9 p\u0159\u00edchut\u011b, ale tak\u00e9 za\u017e\u00edt neoby\u010dejnou cestu vapov\u00e1n\u00ed. Pro v\u00edce informac\u00ed n\u00e1s nav\u0161tivte <a href=\"http:\/\/dankstarvapes.com\" target=\"_blank\" rel=\"noopener\">dankstarvapes.com<\/a>!<\/p>","protected":false},"excerpt":{"rendered":"<p>The AIVONO Vape 25000 Puffs Disposable Vape is the perfect choice for those seeking an unbeatable combination of flavor, performance, and convenience. Designed for both seasoned vapers and newcomers, this device delivers a premium vaping experience that takes your enjoyment to the next level. Key Features: Unmatched Puff Capacity: Enjoy up to 25,000 puffs, ensuring [&#8230;]","protected":false},"featured_media":1563,"comment_status":"open","ping_status":"closed","template":"","meta":[],"product_brand":[],"product_cat":[72,75,111,76,77,95,115,73,78,96,97,71,79,80,81,82,83,84,85,86,87,88,89,90,91,92],"product_tag":[],"class_list":{"0":"post-1537","1":"product","2":"type-product","3":"status-publish","4":"has-post-thumbnail","6":"product_cat-0-nicotine-disposable-vape","7":"product_cat-2-nicotine-disposable-vape","8":"product_cat-25000-25k-puff-vape","9":"product_cat-3-nicotine-disposable-vape","10":"product_cat-5-nicotine-disposable-vape","11":"product_cat-advanced-vape","12":"product_cat-aivono-vape","13":"product_cat-big-puff-vapes","14":"product_cat-disposable-vape-near-me","15":"product_cat-disposable-vape-with-led-light","16":"product_cat-disposable-vape-with-screen","17":"product_cat-0-5-nicotine-vapes","18":"product_cat-disposable-vapes-in-austria","19":"product_cat-disposable-vapes-in-belgium","20":"product_cat-disposable-vapes-in-france","21":"product_cat-disposable-vapes-in-germany","22":"product_cat-disposable-vapes-in-ltaly","23":"product_cat-disposable-vapes-in-netherlands","24":"product_cat-disposable-vapes-in-norway","25":"product_cat-disposable-vapes-in-poland","26":"product_cat-disposable-vapes-in-portugal","27":"product_cat-disposable-vapes-in-spain","28":"product_cat-disposable-vapes-in-sweden","29":"product_cat-disposable-vapes-in-switzerland","30":"product_cat-disposable-vapes-in-united-states","31":"product_cat-vape-brands","33":"first","34":"instock","35":"shipping-taxable","36":"purchasable","37":"product-type-variable","38":"has-default-attributes"},"tiered_pricing_type":"fixed","tiered_pricing_fixed_rules":[],"tiered_pricing_product_settings":{"layout":"default","base_unit_name":{"singular":null,"plural":null},"default_variation":null},"tiered_pricing_minimum_quantity":null,"tiered_pricing_roles_data":[],"tiered_pricing_percentage_rules":[],"tiered_pricing_maximum_quantity":null,"tiered_pricing_quantity_step":null,"_links":{"self":[{"href":"https:\/\/vapsolovape.com\/cs\/wp-json\/wp\/v2\/product\/1537","targetHints":{"allow":["GET"]}}],"collection":[{"href":"https:\/\/vapsolovape.com\/cs\/wp-json\/wp\/v2\/product"}],"about":[{"href":"https:\/\/vapsolovape.com\/cs\/wp-json\/wp\/v2\/types\/product"}],"replies":[{"embeddable":true,"href":"https:\/\/vapsolovape.com\/cs\/wp-json\/wp\/v2\/comments?post=1537"}],"wp:featuredmedia":[{"embeddable":true,"href":"https:\/\/vapsolovape.com\/cs\/wp-json\/wp\/v2\/media\/1563"}],"wp:attachment":[{"href":"https:\/\/vapsolovape.com\/cs\/wp-json\/wp\/v2\/media?parent=1537"}],"wp:term":[{"taxonomy":"product_brand","embeddable":true,"href":"https:\/\/vapsolovape.com\/cs\/wp-json\/wp\/v2\/product_brand?post=1537"},{"taxonomy":"product_cat","embeddable":true,"href":"https:\/\/vapsolovape.com\/cs\/wp-json\/wp\/v2\/product_cat?post=1537"},{"taxonomy":"product_tag","embeddable":true,"href":"https:\/\/vapsolovape.com\/cs\/wp-json\/wp\/v2\/product_tag?post=1537"}],"curies":[{"name":"wp","href":"https:\/\/api.w.org\/{rel}","templated":true}]}}