{"id":1853,"date":"2025-02-14T18:21:44","date_gmt":"2025-02-14T10:21:44","guid":{"rendered":"https:\/\/vapsolovape.com\/?post_type=product&#038;p=1853"},"modified":"2025-02-25T18:11:38","modified_gmt":"2025-02-25T10:11:38","slug":"wga-crystal-pro-max-extra-15000-puffs-30-prichuti-vape","status":"publish","type":"product","link":"https:\/\/vapsolovape.com\/cs\/produkt\/wga-crystal-pro-max-extra-15000-puffs-30-prichuti-vape\/","title":{"rendered":"WGA Crystal Pro Max 15000 \u0161luk\u016f - 30 mo\u017enost\u00ed p\u0159\u00edchut\u00ed pro dokonal\u00fd z\u00e1\u017eitek z vapingu"},"content":{"rendered":"<p data-start=\"139\" data-end=\"547\">Jednor\u00e1zov\u00e1 vape WGA Crystal Pro Max Extra 15 000 potah\u016f je navr\u017eena pro mimo\u0159\u00e1dn\u00fd z\u00e1\u017eitek z vapingu. S 30 jedine\u010dn\u00fdmi p\u0159\u00edchut\u011bmi a pozoruhodn\u00fdmi 15 000 potahy je toto za\u0159\u00edzen\u00ed stvo\u0159eno pro ty, kte\u0159\u00ed hledaj\u00ed maxim\u00e1ln\u00ed uspokojen\u00ed ze sv\u00fdch sezen\u00ed. WGA Crystal Pro Max Extra nab\u00edz\u00ed prvot\u0159\u00eddn\u00ed v\u00fdkon a pohodl\u00ed a zaji\u0161\u0165uje plynul\u00fd a p\u0159\u00edjemn\u00fd vaping jak pro p\u0159\u00edle\u017eitostn\u00e9 u\u017eivatele, tak pro zku\u0161en\u00e9 nad\u0161ence.<\/p>\n<figure id=\"attachment_6540\" aria-describedby=\"caption-attachment-6540\" style=\"width: 1024px\" class=\"wp-caption alignnone\"><img loading=\"lazy\" decoding=\"async\" class=\"wp-image-6540 size-full\" src=\"https:\/\/dankstarvapes.com\/wp-content\/uploads\/2024\/11\/4_WGA-Vape-Crystal-Pro.webp\" alt=\"4_WGA-Vape-Crystal-Pro\" width=\"1024\" height=\"418\" title=\"\"><figcaption id=\"caption-attachment-6540\" class=\"wp-caption-text\">WGA Crystal Pro Max<\/figcaption><\/figure>\n<h2><strong>Kl\u00ed\u010dov\u00e9 vlastnosti jednor\u00e1zov\u00e9ho vape WGA Crystal Pro Max Extra 15000 Puffs<\/strong><\/h2>\n<h3><strong>1. 15 000 \u0161luk\u016f - prodlou\u017een\u00fd po\u017eitek z vapingu<\/strong><\/h3>\n<p>D\u00edky impozantn\u00ed kapacit\u011b 15 000 potah\u016f zaji\u0161\u0165uje WGA Crystal Pro Max Extra dlouhotrvaj\u00edc\u00ed vapingov\u00fd z\u00e1\u017eitek, sni\u017euje pot\u0159ebu \u010dast\u00e9 v\u00fdm\u011bny a poskytuje konzistentn\u00ed po\u017eitek po del\u0161\u00ed dobu.<\/p>\n<h3><strong>2. 30 mo\u017enost\u00ed p\u0159\u00edchut\u00ed - nekone\u010dn\u00e1 rozmanitost<\/strong><\/h3>\n<p>Dop\u0159ejte si neuv\u011b\u0159iteln\u00fd v\u00fdb\u011br 30 jedine\u010dn\u00fdch p\u0159\u00edchut\u00ed, od ovocn\u00fdch sm\u011bs\u00ed a\u017e po osv\u011b\u017euj\u00edc\u00ed mentolky. S mo\u017enostmi, jako je Watermelon Ice, Gummy Bear a Blueberry Raspberry, nab\u00edz\u00ed WGA Crystal Pro Max Extra n\u011bco pro ka\u017edou chu\u0165ovou preferenci.<\/p>\n<ul>\n<li>Melounov\u00fd led<\/li>\n<li>Gumov\u00fd medv\u00eddek<\/li>\n<li>Blue Razz Ice<\/li>\n<li>Ku\u017eelky<\/li>\n<li>\u0160\u0165avnat\u00e1 broskev<\/li>\n<li>WGA Pink<\/li>\n<li>Ban\u00e1nov\u00fd led<\/li>\n<li>Hubba Bubba<\/li>\n<li>Mogu Mogu Li\u010di<\/li>\n<li>Oasis Slush<\/li>\n<li>Bor\u016fvka malina<\/li>\n<li>Lemon Lime<\/li>\n<li>Pan Modr\u00fd<\/li>\n<li>T\u0159e\u0161\u0148ov\u00fd led<\/li>\n<li>Trojit\u00e9 mango<\/li>\n<li>Malinov\u00fd t\u0159e\u0161\u0148ov\u00fd led<\/li>\n<li>Letn\u00ed sen<\/li>\n<li>\u010cerstv\u00e1 m\u00e1ta<\/li>\n<li>Jahodov\u00fd ledov\u00fd pop<\/li>\n<li>WGA Blue<\/li>\n<li>Fizzy Cherry<\/li>\n<li>Jahodov\u00e1 zmrzlina<\/li>\n<li>Bor\u016fvkov\u00e1 kysel\u00e1 malina<\/li>\n<li>Bor\u016fvka T\u0159e\u0161e\u0148 Brusinka<\/li>\n<li>Ananasov\u00fd led<\/li>\n<li>Jahodov\u00e1 t\u0159e\u0161e\u0148 Bubblegum<\/li>\n<li>Jahodov\u00e1 malinov\u00e1 t\u0159e\u0161\u0148ov\u00e1 zmrzlina<\/li>\n<li>Ostru\u017eina Bor\u016fvka Malina<\/li>\n<li>Bor\u016fvkov\u00fd ledov\u00fd pop<\/li>\n<li>Prime Strawberry Watermelon<\/li>\n<\/ul>\n<figure id=\"attachment_6544\" aria-describedby=\"caption-attachment-6544\" style=\"width: 1000px\" class=\"wp-caption alignnone\"><img loading=\"lazy\" decoding=\"async\" class=\"wp-image-6544 size-full\" src=\"https:\/\/dankstarvapes.com\/wp-content\/uploads\/2024\/11\/5_wga_2_1200x1200.webp\" alt=\"WGA Crystal Pro Max\" width=\"1000\" height=\"488\" title=\"\"><figcaption id=\"caption-attachment-6544\" class=\"wp-caption-text\">WGA Crystal Pro Max<\/figcaption><\/figure>\n<h3><strong>3. Pokro\u010dil\u00e1 t\u0159\u00edvrstv\u00e1 s\u00ed\u0165ov\u00e1 c\u00edvka pro vynikaj\u00edc\u00ed chu\u0165<\/strong><\/h3>\n<p>WGA Crystal Pro Max Extra je vybaven pokro\u010dilou t\u0159\u00edvrstvou s\u00ed\u0165ovou spir\u00e1lkou, kter\u00e1 zlep\u0161uje pod\u00e1n\u00ed chuti a produkci p\u00e1ry a zaji\u0161\u0165uje, \u017ee ka\u017ed\u00e9 \u0161luknut\u00ed je bohat\u00e9, hladk\u00e9 a uspokojiv\u00e9.<\/p>\n<h3><strong>4.WGA Crystal Pro Max Adjustable Airflow - Personalizovan\u00fd vaping<\/strong><\/h3>\n<p>P\u0159izp\u016fsobte si sv\u016fj vapingov\u00fd z\u00e1\u017eitek d\u00edky funkci nastaviteln\u00e9ho airflow. A\u0165 u\u017e d\u00e1v\u00e1te p\u0159ednost t\u011bsn\u011bj\u0161\u00edmu potahu, nebo otev\u0159en\u011bj\u0161\u00edmu, vzdu\u0161n\u011bj\u0161\u00edmu \u0161lukov\u00e1n\u00ed, m\u016f\u017eete si snadno p\u0159izp\u016fsobit airflow podle sv\u00fdch osobn\u00edch preferenc\u00ed.<\/p>\n<h3><strong>5. Dob\u00edjec\u00ed baterie 650 mAh - dlouhotrvaj\u00edc\u00ed v\u00fdkon<\/strong><\/h3>\n<p>Model WGA Crystal 15000 Extra je vybaven dob\u00edjec\u00ed bateri\u00ed s kapacitou 650 mAh, kter\u00e1 zaji\u0161\u0165uje spolehliv\u00fd v\u00fdkon a dlouhodob\u00e9 pou\u017e\u00edv\u00e1n\u00ed. Nab\u00edjec\u00ed port typu C umo\u017e\u0148uje rychl\u00e9 dob\u00edjen\u00ed, tak\u017ee budete m\u00edt v\u017edy dostatek energie.<\/p>\n<h3><strong>6.WGA Crystal Pro Max K\u0159i\u0161\u0165\u00e1lov\u011b \u010dist\u00fd, nepropustn\u00fd design<\/strong><\/h3>\n<p>WGA Crystal Pro 15000 Extra m\u00e1 k\u0159i\u0161\u0165\u00e1lov\u011b pr\u016fhledn\u00fd vn\u011bj\u0161\u00ed povrch, kter\u00fd nejen\u017ee vypad\u00e1 elegantn\u011b, ale tak\u00e9 nab\u00edz\u00ed nepropustnou konstrukci, tak\u017ee se snadno p\u0159en\u00e1\u0161\u00ed a b\u011bhem vapov\u00e1n\u00ed se o n\u011bj nemus\u00edte b\u00e1t.<\/p>\n<h2><strong>Technick\u00e9 specifikace<\/strong><\/h2>\n<table>\n<thead>\n<tr>\n<th>Specifikace<\/th>\n<th>Detail<\/th>\n<\/tr>\n<\/thead>\n<tbody>\n<tr>\n<td>Po\u010det obl\u00e1\u010dk\u016f<\/td>\n<td>A\u017e 15 000<\/td>\n<\/tr>\n<tr>\n<td>Kapacita baterie<\/td>\n<td>650 mAh (dob\u00edjec\u00ed)<\/td>\n<\/tr>\n<tr>\n<td>Typ c\u00edvky<\/td>\n<td>T\u0159\u00edvrstv\u00e1 s\u00ed\u0165ov\u00e1 c\u00edvka<\/td>\n<\/tr>\n<tr>\n<td>Kapacita e-liquidu<\/td>\n<td>P\u0159edpln\u011bn\u00e9 (r\u016fzn\u00e9 p\u0159\u00edchut\u011b)<\/td>\n<\/tr>\n<tr>\n<td>Nab\u00edjec\u00ed port<\/td>\n<td>Typ C<\/td>\n<\/tr>\n<tr>\n<td>Nastaviteln\u00e9 proud\u011bn\u00ed vzduchu<\/td>\n<td>Ano<\/td>\n<\/tr>\n<\/tbody>\n<\/table>\n<h2><strong>Pro\u010d si vybrat jednor\u00e1zov\u00e9 \u0161luk\u00e1tko WGA Crystal Pro Max Extra 15000 Puffs?<\/strong><\/h2>\n<p>Jednor\u00e1zov\u00e1 vape WGA Crystal Extra 15000 potah\u016f je ide\u00e1ln\u00ed pro vapery, kte\u0159\u00ed vy\u017eaduj\u00ed v\u00fdkon a rozmanitost. D\u00edky v\u00fdb\u011bru z 30 lahodn\u00fdch p\u0159\u00edchut\u00ed, dlouh\u00e9 v\u00fddr\u017ei 15 000 potah\u016f a dob\u00edjec\u00ed baterii v\u00e1m toto za\u0159\u00edzen\u00ed zajist\u00ed ten nejlep\u0161\u00ed z\u00e1\u017eitek z vapov\u00e1n\u00ed. A\u0165 u\u017e jste p\u0159\u00edle\u017eitostn\u00fd vaper, nebo zku\u0161en\u00fd nad\u0161enec, WGA Crystal 15000 Extra poskytuje kvalitu i pohodl\u00ed.<\/p>\n<h2><strong>Elegantn\u00ed, pohodln\u00fd a pr\u00e9miov\u00fd<\/strong><\/h2>\n<p>WGA Crystal Pro Max Extra se od ostatn\u00edch jednor\u00e1zov\u00fdch vap\u016f odli\u0161uje stylov\u00fdm designem, pr\u00e9miov\u00fdmi funkcemi a velkou kapacitou \u0161lukov\u00e1n\u00ed. D\u00edky nastaviteln\u00e9mu pr\u016ftoku vzduchu a vynikaj\u00edc\u00edmu pod\u00e1n\u00ed chuti je dokonalou volbou pro ty, kte\u0159\u00ed hledaj\u00ed v\u00fdjime\u010dn\u00fd vapingov\u00fd z\u00e1\u017eitek.<\/p>\n<h2><strong>Vyzkou\u0161ejte jednor\u00e1zovou vape WGA Crystal Pro Max Extra 15000 Puffs je\u0161t\u011b dnes<\/strong><\/h2>\n<p>Zlep\u0161ete sv\u016fj z\u00e1\u017eitek z vapingu s WGA Crystal Pro Max Extra. D\u00edky 30 mo\u017enostem p\u0159\u00edchut\u00ed, dlouh\u00e9 v\u00fddr\u017ei 15 000 potah\u016f a pokro\u010dil\u00e9 technologii je to ide\u00e1ln\u00ed za\u0159\u00edzen\u00ed pro ka\u017ed\u00e9ho, kdo chce plynul\u00fd a uspokojiv\u00fd vaping. Po\u0159i\u010fte si ho hned te\u010f a u\u017eijte si maxim\u00e1ln\u00ed spokojenost p\u0159i vapov\u00e1n\u00ed!<\/p>\n<p><strong>Pro\u010d si vybrat pr\u00e1v\u011b n\u00e1s?<\/strong><\/p>\n<p>V\u00fdb\u011brem ofici\u00e1ln\u00edho obchodu s jednor\u00e1zov\u00fdmi vapes m\u016f\u017eete vyu\u017e\u00edt mnoha v\u00fdhod:<\/p>\n<ul>\n<li><strong>Ofici\u00e1ln\u00ed prodejn\u00ed kan\u00e1l:<\/strong>\u00a0Zaru\u010dujeme autentick\u00e9 v\u00fdrobky a kvalitn\u00ed slu\u017eby.<\/li>\n<li><strong>Velkoobchod a maloobchod:<\/strong>\u00a0Nab\u00edz\u00edme flexibiln\u00ed mo\u017enosti n\u00e1kupu pro jednotlivce i velkoobchodn\u00edky.<\/li>\n<li><strong>Zaji\u0161t\u011bn\u00ed kvality:<\/strong>\u00a0Na\u0161e v\u00fdrobky proch\u00e1zej\u00ed p\u0159\u00edsn\u00fdm testov\u00e1n\u00edm kvality, abychom zajistili va\u0161i spokojenost.<\/li>\n<li><strong>Doprava po cel\u00e9m sv\u011bt\u011b:<\/strong>\u00a0Na\u0161e v\u00fdrobky hrd\u011b zas\u00edl\u00e1me do v\u011bt\u0161iny zem\u00ed sv\u011bta, tak\u017ee si je m\u016f\u017eete vychutnat bez ohledu na to, kde se nach\u00e1z\u00edte.<\/li>\n<li><strong>Zku\u0161enosti v oboru:<\/strong>\u00a0D\u00edky v\u00edce ne\u017e 8 let\u016fm zku\u0161enost\u00ed na trhu jsme se stali d\u016fv\u011bryhodnou a prvot\u0159\u00eddn\u00ed volbou.<\/li>\n<li><strong>Dlouhodob\u00e1 partnerstv\u00ed:<\/strong>\u00a0Spolupracujeme tak\u00e9 s m\u00edstn\u00edmi majiteli obchod\u016f v Evrop\u011b, co\u017e n\u00e1m umo\u017e\u0148uje rychle reagovat na pot\u0159eby trhu a udr\u017eovat \u010derstvost na\u0161ich v\u00fdrobk\u016f.<\/li>\n<\/ul>\n<p>V\u00fdb\u011br na\u0161ich jednor\u00e1zov\u00fdch vap\u016f v\u00e1m umo\u017en\u00ed nejen vychutnat si r\u016fzn\u00e9 p\u0159\u00edchut\u011b, ale tak\u00e9 za\u017e\u00edt neoby\u010dejnou cestu vapov\u00e1n\u00ed. Pro v\u00edce informac\u00ed n\u00e1s nav\u0161tivte <a href=\"http:\/\/dankstarvapes.com\" target=\"_blank\" rel=\"noopener\">dankstarvapes.com<\/a>!<\/p>","protected":false},"excerpt":{"rendered":"<p>The WGA Crystal Pro Max Extra 15,000 Puffs Disposable Vape is designed for an extraordinary vaping experience. With 30 unique flavors and a remarkable 15,000 puffs, this device is built for those seeking maximum satisfaction from their sessions. Offering premium performance and convenience, the WGA Crystal Pro Max Extra ensures smooth, enjoyable vaping for both [&#8230;]","protected":false},"featured_media":1866,"comment_status":"open","ping_status":"closed","template":"","meta":[],"product_brand":[],"product_cat":[94,95,73,133,78,96,97,71,79,80,81,82,83,84,85,86,87,88,89,90,91,16,92,117],"product_tag":[],"class_list":{"0":"post-1853","1":"product","2":"type-product","3":"status-publish","4":"has-post-thumbnail","6":"product_cat-15000-15k-puff-vape","7":"product_cat-advanced-vape","8":"product_cat-big-puff-vapes","9":"product_cat-crystal-vape","10":"product_cat-disposable-vape-near-me","11":"product_cat-disposable-vape-with-led-light","12":"product_cat-disposable-vape-with-screen","13":"product_cat-0-5-nicotine-vapes","14":"product_cat-disposable-vapes-in-austria","15":"product_cat-disposable-vapes-in-belgium","16":"product_cat-disposable-vapes-in-france","17":"product_cat-disposable-vapes-in-germany","18":"product_cat-disposable-vapes-in-ltaly","19":"product_cat-disposable-vapes-in-netherlands","20":"product_cat-disposable-vapes-in-norway","21":"product_cat-disposable-vapes-in-poland","22":"product_cat-disposable-vapes-in-portugal","23":"product_cat-disposable-vapes-in-spain","24":"product_cat-disposable-vapes-in-sweden","25":"product_cat-disposable-vapes-in-switzerland","26":"product_cat-disposable-vapes-in-united-states","27":"product_cat-uncategorized","28":"product_cat-vape-brands","29":"product_cat-wga-crystal-vape","31":"first","32":"instock","33":"shipping-taxable","34":"purchasable","35":"product-type-variable","36":"has-default-attributes"},"tiered_pricing_type":"fixed","tiered_pricing_fixed_rules":[],"tiered_pricing_product_settings":{"layout":"default","base_unit_name":{"singular":null,"plural":null},"default_variation":null},"tiered_pricing_minimum_quantity":null,"tiered_pricing_roles_data":[],"tiered_pricing_percentage_rules":[],"tiered_pricing_maximum_quantity":null,"tiered_pricing_quantity_step":null,"_links":{"self":[{"href":"https:\/\/vapsolovape.com\/cs\/wp-json\/wp\/v2\/product\/1853","targetHints":{"allow":["GET"]}}],"collection":[{"href":"https:\/\/vapsolovape.com\/cs\/wp-json\/wp\/v2\/product"}],"about":[{"href":"https:\/\/vapsolovape.com\/cs\/wp-json\/wp\/v2\/types\/product"}],"replies":[{"embeddable":true,"href":"https:\/\/vapsolovape.com\/cs\/wp-json\/wp\/v2\/comments?post=1853"}],"wp:featuredmedia":[{"embeddable":true,"href":"https:\/\/vapsolovape.com\/cs\/wp-json\/wp\/v2\/media\/1866"}],"wp:attachment":[{"href":"https:\/\/vapsolovape.com\/cs\/wp-json\/wp\/v2\/media?parent=1853"}],"wp:term":[{"taxonomy":"product_brand","embeddable":true,"href":"https:\/\/vapsolovape.com\/cs\/wp-json\/wp\/v2\/product_brand?post=1853"},{"taxonomy":"product_cat","embeddable":true,"href":"https:\/\/vapsolovape.com\/cs\/wp-json\/wp\/v2\/product_cat?post=1853"},{"taxonomy":"product_tag","embeddable":true,"href":"https:\/\/vapsolovape.com\/cs\/wp-json\/wp\/v2\/product_tag?post=1853"}],"curies":[{"name":"wp","href":"https:\/\/api.w.org\/{rel}","templated":true}]}}