{"id":1888,"date":"2025-02-14T18:21:52","date_gmt":"2025-02-14T10:21:52","guid":{"rendered":"https:\/\/vapsolovape.com\/?post_type=product&#038;p=1888"},"modified":"2025-07-14T18:54:08","modified_gmt":"2025-07-14T10:54:08","slug":"atvs-vape-13000-puffs-premium-jednorazove-s-prichutemi","status":"publish","type":"product","link":"https:\/\/vapsolovape.com\/cs\/produkt\/atvs-vape-13000-puffs-premium-jednorazove-s-prichutemi\/","title":{"rendered":"ATVS Vape 13000 Puffs - pr\u00e9miov\u00e9 jednor\u00e1zov\u00e9 balen\u00ed s bohat\u00fdmi a chutn\u00fdmi hity"},"content":{"rendered":"<p>Jednor\u00e1zov\u00fd vape ATVS Vape 13 000 potah\u016f p\u0159in\u00e1\u0161\u00ed prvot\u0159\u00eddn\u00ed vapingov\u00fd z\u00e1\u017eitek a spojuje dlouhotrvaj\u00edc\u00ed v\u00fdkon s bohatou a uspokojivou chut\u00ed. Tento vape nab\u00edz\u00ed a\u017e 13 000 potah\u016f a je navr\u017een tak, aby uspokojil jak p\u0159\u00edle\u017eitostn\u00e9, tak zku\u0161en\u00e9 vapery. Jeho p\u0159enosn\u00fd, snadno pou\u017eiteln\u00fd design z n\u011bj d\u011bl\u00e1 ide\u00e1ln\u00ed volbu pro plynul\u00fd a aromatick\u00fd vapor na cest\u00e1ch.<\/p>\n<figure id=\"attachment_6589\" aria-describedby=\"caption-attachment-6589\" style=\"width: 1920px\" class=\"wp-caption alignnone\"><img loading=\"lazy\" decoding=\"async\" class=\"wp-image-6589 size-full\" src=\"https:\/\/dankstarvapes.com\/wp-content\/uploads\/2024\/11\/Atvs-13000-Puffs-Disposable-Vapes-4.webp\" alt=\"ATVS Vape 13000 Puffs\" width=\"1920\" height=\"851\" title=\"\"><figcaption id=\"caption-attachment-6589\" class=\"wp-caption-text\">ATVS Vape 13000 Puffs<\/figcaption><\/figure>\n<h3>Kl\u00ed\u010dov\u00e9 vlastnosti ATVS Vape 13000 Puffs Disposable<\/h3>\n<h4>1. <strong>13 000 puf\u016f - maxim\u00e1ln\u00ed po\u017eitek<\/strong><\/h4>\n<p>S p\u016fsobiv\u00fdm <strong>13 000 puf\u016f<\/strong> kapacitu,... <strong>ATVS Vape<\/strong> eliminuje nutnost \u010dast\u00e9 v\u00fdm\u011bny. U\u017eijte si del\u0161\u00ed pou\u017e\u00edv\u00e1n\u00ed a st\u00e1l\u00fd v\u00fdkon po celou dobu \u017eivotnosti.<\/p>\n<h4>2. <strong>Technologie Mesh Coil - bohat\u00e1 chu\u0165 a hladk\u00fd v\u00fdpar<\/strong><\/h4>\n<p>Vybaveno <strong>technologie s\u00ed\u0165ov\u00e9 c\u00edvky<\/strong>... <strong>ATVS Vape 13000 Puffs<\/strong> p\u0159in\u00e1\u0161\u00ed zv\u00fd\u0161enou chu\u0165 a plynulou produkci p\u00e1ry, tak\u017ee ka\u017ed\u00e9 \u0161luknut\u00ed je bohat\u00fdm a uspokojiv\u00fdm z\u00e1\u017eitkem.<\/p>\n<h4>3. <strong>Baterie s kapacitou 600 mAh - spolehliv\u00e9 a dlouhotrvaj\u00edc\u00ed nap\u00e1jen\u00ed<\/strong><\/h4>\n<p>Na str\u00e1nk\u00e1ch <strong>Dob\u00edjec\u00ed baterie s kapacitou 600 mAh<\/strong> zaji\u0161\u0165uje, \u017ee z ka\u017ed\u00e9ho za\u0159\u00edzen\u00ed dostanete maximum, a nab\u00edz\u00ed dlouhotrvaj\u00edc\u00ed v\u00fdkon a spolehlivost a\u017e do posledn\u00edho \u0161luku.<\/p>\n<h4>4. <strong>Kapacita 12 ml e-liquidu - dostate\u010dn\u00e1 z\u00e1soba<\/strong><\/h4>\n<p>P\u0159edpln\u011bn\u00e9 <strong>12 ml e-liquidu<\/strong>... <strong>ATVS Vape 13000 Puffs<\/strong> poskytuje dostatek liquidu, tak\u017ee si m\u016f\u017eete u\u017e\u00edvat nep\u0159etr\u017eit\u00fd vaping bez nutnosti neust\u00e1l\u00e9ho dopl\u0148ov\u00e1n\u00ed.<\/p>\n<h4>5. <strong>Kompaktn\u00ed a p\u0159enosn\u00fd design<\/strong><\/h4>\n<p>Lehk\u00e9 a elegantn\u00ed <strong>ATVS Vape 13000 Puffs<\/strong> je snadno p\u0159enosn\u00fd a ide\u00e1ln\u00ed pro vaping na cest\u00e1ch. D\u00edky kompaktn\u00edmu designu se pohodln\u011b vejde do kapsy nebo ta\u0161ky.<\/p>\n<h4>6. <strong>V\u00fdb\u011br p\u0159\u00edchut\u00ed - pro ka\u017ed\u00e9ho n\u011bco<\/strong><\/h4>\n<p>Vyberte si z \u0159ady lahodn\u00fdch p\u0159\u00edchut\u00ed, kter\u00e9 vyhov\u00ed ka\u017ed\u00e9mu vkusu:<\/p>\n<ul>\n<li>Mango Ice<\/li>\n<li>Bor\u016fvkov\u00fd led<\/li>\n<li>Jahodov\u00fd meloun<\/li>\n<li>M\u00e1tov\u00fd<\/li>\n<li>Melounov\u00fd led<\/li>\n<li>Sm\u00ed\u0161en\u00e9 ovoce<\/li>\n<li>Jahodov\u00e1 zmrzlina<\/li>\n<li>Hroznov\u00fd led<\/li>\n<li>Broskvov\u00fd led<\/li>\n<li>Cola Ice<\/li>\n<\/ul>\n<figure id=\"attachment_6590\" aria-describedby=\"caption-attachment-6590\" style=\"width: 1920px\" class=\"wp-caption alignnone\"><img loading=\"lazy\" decoding=\"async\" class=\"wp-image-6590 size-full\" src=\"https:\/\/dankstarvapes.com\/wp-content\/uploads\/2024\/11\/Atvs-13000-Puffs-Disposable-Vapes.webp\" alt=\"ATVS Vape 13000 Puffs\" width=\"1920\" height=\"851\" title=\"\"><figcaption id=\"caption-attachment-6590\" class=\"wp-caption-text\">ATVS Vape 13000 Puffs<\/figcaption><\/figure>\n<h2>Pro\u010d si vybrat ATVS Vape 13000 Puffs Disposable?<\/h2>\n<h3>Odoln\u00fd a dlouhotrvaj\u00edc\u00ed v\u00fdkon<\/h3>\n<p>Na str\u00e1nk\u00e1ch <strong>ATVS Vape Puffs<\/strong> je navr\u017een pro dlouhou \u017eivotnost. S <strong>Baterie s kapacitou 600 mAh<\/strong> a <strong>technologie s\u00ed\u0165ov\u00e9 c\u00edvky<\/strong>, poskytuje a\u017e <strong>13 000 obl\u00e1\u010dk\u016f<\/strong> konzistentn\u00ed a hladk\u00e9 p\u00e1ry, co\u017e z n\u011bj \u010din\u00ed vynikaj\u00edc\u00ed volbu pro ty, kte\u0159\u00ed cht\u011bj\u00ed odoln\u00fd a vysoce v\u00fdkonn\u00fd vape.<\/p>\n<h3>Pohodln\u00e9 a p\u0159ipraven\u00e9 k pou\u017eit\u00ed<\/h3>\n<p>P\u0159edpln\u011bn\u00e9 <strong>12 ml e-liquidu<\/strong>, je tento vape p\u0159ipraven k pou\u017eit\u00ed ihned po vybalen\u00ed z krabice. Vychutnejte si bezprobl\u00e9mov\u00e9 vapov\u00e1n\u00ed bez pot\u0159eby n\u00e1pln\u00ed nebo dal\u0161\u00edho p\u0159\u00edslu\u0161enstv\u00ed.<\/p>\n<h3>Ide\u00e1ln\u00ed pro velkoobchod a maloobchod<\/h3>\n<p>Na str\u00e1nk\u00e1ch <strong>ATVS Vape Puffs<\/strong> je tak\u00e9 vynikaj\u00edc\u00ed volbou pro <strong>velkoobchodn\u00edci a maloobchodn\u00edci<\/strong>. D\u00edky mo\u017enosti hromadn\u00e9ho balen\u00ed a dlouh\u00e9 \u017eivotnosti je ide\u00e1ln\u00edm produktem pro podniky, kter\u00e9 cht\u011bj\u00ed z\u00e1kazn\u00edk\u016fm nab\u00edzet pr\u00e9miov\u00e9 jednor\u00e1zov\u00e9 vapes.<\/p>\n<h2>Specifikace<\/h2>\n<table>\n<thead>\n<tr>\n<th>Specifikace<\/th>\n<th>Detail<\/th>\n<\/tr>\n<\/thead>\n<tbody>\n<tr>\n<td><strong>Po\u010det obl\u00e1\u010dk\u016f<\/strong><\/td>\n<td>A\u017e 13 000 puf\u016f<\/td>\n<\/tr>\n<tr>\n<td><strong>Kapacita baterie<\/strong><\/td>\n<td>600 mAh<\/td>\n<\/tr>\n<tr>\n<td><strong>Typ c\u00edvky<\/strong><\/td>\n<td>S\u00ed\u0165ov\u00e1 c\u00edvka<\/td>\n<\/tr>\n<tr>\n<td><strong>Kapacita e-liquidu<\/strong><\/td>\n<td>12 ml p\u0159edpln\u011bn\u00e9 n\u00e1pln\u011b<\/td>\n<\/tr>\n<tr>\n<td><strong>S\u00edla nikotinu5<\/strong><\/td>\n<td>5%<\/td>\n<\/tr>\n<tr>\n<td><strong>Mo\u017enosti p\u0159\u00edchut\u00ed<\/strong><\/td>\n<td>10+ lahodn\u00fdch chut\u00ed<\/td>\n<\/tr>\n<tr>\n<td><strong>Velikost<\/strong><\/td>\n<td>Kompaktn\u00ed a p\u0159enosn\u00e9<\/td>\n<\/tr>\n<\/tbody>\n<\/table>\n<figure id=\"attachment_6591\" aria-describedby=\"caption-attachment-6591\" style=\"width: 1920px\" class=\"wp-caption alignnone\"><img loading=\"lazy\" decoding=\"async\" class=\"wp-image-6591 size-full\" src=\"https:\/\/dankstarvapes.com\/wp-content\/uploads\/2024\/11\/Atvs-13000-Puffs-Disposable-Vapes-2.webp\" alt=\"ATVS Vape 13000 Puffs\" width=\"1920\" height=\"850\" title=\"\"><figcaption id=\"caption-attachment-6591\" class=\"wp-caption-text\">ATVS Vape 13000 Puffs<\/figcaption><\/figure>\n<h2>Po\u0159i\u010fte si ATVS Vape 13000 Puffs Disposable je\u0161t\u011b dnes<\/h2>\n<p>Na str\u00e1nk\u00e1ch <strong>ATVS Vape 13000 Puffs<\/strong> Jednor\u00e1zov\u00e9 \u0161lukov\u00e1n\u00ed je navr\u017eeno tak, aby poskytovalo prvot\u0159\u00eddn\u00ed vapingov\u00fd z\u00e1\u017eitek, kter\u00fd vydr\u017e\u00ed. A\u0165 u\u017e jste p\u0159\u00edle\u017eitostn\u00fd vaper, nebo firma, kter\u00e1 chce nab\u00edzet v\u00fdrobky \u0161pi\u010dkov\u00e9 kvality, tento vape poskytuje dlouhotrvaj\u00edc\u00ed v\u00fdkon a bohat\u00e9 chut\u011b. Po\u0159i\u010fte si sv\u016fj je\u0161t\u011b dnes a posu\u0148te sv\u016fj z\u00e1\u017eitek z vapov\u00e1n\u00ed na vy\u0161\u0161\u00ed \u00farove\u0148!<\/p>\n<p><strong>Pro\u010d si vybrat pr\u00e1v\u011b n\u00e1s?<\/strong><\/p>\n<p>V\u00fdb\u011brem ofici\u00e1ln\u00edho obchodu s jednor\u00e1zov\u00fdmi vapes m\u016f\u017eete vyu\u017e\u00edt mnoha v\u00fdhod:<\/p>\n<ul>\n<li><strong>Ofici\u00e1ln\u00ed prodejn\u00ed kan\u00e1l:<\/strong>\u00a0Zaru\u010dujeme autentick\u00e9 v\u00fdrobky a kvalitn\u00ed slu\u017eby.<\/li>\n<li><strong>Velkoobchod a maloobchod:<\/strong>\u00a0Nab\u00edz\u00edme flexibiln\u00ed mo\u017enosti n\u00e1kupu pro jednotlivce i velkoobchodn\u00edky.<\/li>\n<li><strong>Zaji\u0161t\u011bn\u00ed kvality:<\/strong>\u00a0Na\u0161e v\u00fdrobky proch\u00e1zej\u00ed p\u0159\u00edsn\u00fdm testov\u00e1n\u00edm kvality, abychom zajistili va\u0161i spokojenost.<\/li>\n<li><strong>Doprava po cel\u00e9m sv\u011bt\u011b:<\/strong>\u00a0Na\u0161e v\u00fdrobky hrd\u011b zas\u00edl\u00e1me do v\u011bt\u0161iny zem\u00ed sv\u011bta, tak\u017ee si je m\u016f\u017eete vychutnat bez ohledu na to, kde se nach\u00e1z\u00edte.<\/li>\n<li><strong>Zku\u0161enosti v oboru:<\/strong>\u00a0D\u00edky v\u00edce ne\u017e 8 let\u016fm zku\u0161enost\u00ed na trhu jsme se stali d\u016fv\u011bryhodnou a prvot\u0159\u00eddn\u00ed volbou.<\/li>\n<li><strong>Dlouhodob\u00e1 partnerstv\u00ed:<\/strong>\u00a0Spolupracujeme tak\u00e9 s m\u00edstn\u00edmi majiteli obchod\u016f v Evrop\u011b, co\u017e n\u00e1m umo\u017e\u0148uje rychle reagovat na pot\u0159eby trhu a udr\u017eovat \u010derstvost na\u0161ich v\u00fdrobk\u016f.<\/li>\n<\/ul>\n<p>V\u00fdb\u011br na\u0161ich jednor\u00e1zov\u00fdch vap\u016f v\u00e1m umo\u017en\u00ed nejen vychutnat si r\u016fzn\u00e9 p\u0159\u00edchut\u011b, ale tak\u00e9 za\u017e\u00edt neoby\u010dejnou cestu vapov\u00e1n\u00ed. Pro v\u00edce informac\u00ed n\u00e1s nav\u0161tivte <a href=\"http:\/\/dankstarvapes.com\" target=\"_blank\" rel=\"noopener\">dankstarvapes.com<\/a>!<\/p>","protected":false},"excerpt":{"rendered":"<p>The ATVS Vape 13,000 Puffs Disposable Vape delivers a premium vaping experience, blending long-lasting performance with rich, satisfying flavors. Offering up to 13,000 puffs, this vape is designed to satisfy both casual and seasoned vapers. Its portable, easy-to-use design makes it the perfect choice for smooth, flavorful vapor on the go. Key Features of ATVS [&#8230;]","protected":false},"featured_media":1899,"comment_status":"open","ping_status":"closed","template":"","meta":[],"product_brand":[],"product_cat":[74,94,75,118,133,78,71,79,80,81,82,83,84,85,86,87,88,89,90,91,92],"product_tag":[],"class_list":{"0":"post-1888","1":"product","2":"type-product","3":"status-publish","4":"has-post-thumbnail","6":"product_cat-12000-12k-puff-vape","7":"product_cat-15000-15k-puff-vape","8":"product_cat-2-nicotine-disposable-vape","9":"product_cat-atvs-vape","10":"product_cat-crystal-vape","11":"product_cat-disposable-vape-near-me","12":"product_cat-0-5-nicotine-vapes","13":"product_cat-disposable-vapes-in-austria","14":"product_cat-disposable-vapes-in-belgium","15":"product_cat-disposable-vapes-in-france","16":"product_cat-disposable-vapes-in-germany","17":"product_cat-disposable-vapes-in-ltaly","18":"product_cat-disposable-vapes-in-netherlands","19":"product_cat-disposable-vapes-in-norway","20":"product_cat-disposable-vapes-in-poland","21":"product_cat-disposable-vapes-in-portugal","22":"product_cat-disposable-vapes-in-spain","23":"product_cat-disposable-vapes-in-sweden","24":"product_cat-disposable-vapes-in-switzerland","25":"product_cat-disposable-vapes-in-united-states","26":"product_cat-vape-brands","28":"first","29":"instock","30":"shipping-taxable","31":"purchasable","32":"product-type-variable","33":"has-default-attributes"},"tiered_pricing_type":"fixed","tiered_pricing_fixed_rules":[],"tiered_pricing_product_settings":{"layout":"default","base_unit_name":{"singular":null,"plural":null},"default_variation":null},"tiered_pricing_minimum_quantity":null,"tiered_pricing_roles_data":[],"tiered_pricing_percentage_rules":[],"tiered_pricing_maximum_quantity":null,"tiered_pricing_quantity_step":null,"_links":{"self":[{"href":"https:\/\/vapsolovape.com\/cs\/wp-json\/wp\/v2\/product\/1888","targetHints":{"allow":["GET"]}}],"collection":[{"href":"https:\/\/vapsolovape.com\/cs\/wp-json\/wp\/v2\/product"}],"about":[{"href":"https:\/\/vapsolovape.com\/cs\/wp-json\/wp\/v2\/types\/product"}],"replies":[{"embeddable":true,"href":"https:\/\/vapsolovape.com\/cs\/wp-json\/wp\/v2\/comments?post=1888"}],"wp:featuredmedia":[{"embeddable":true,"href":"https:\/\/vapsolovape.com\/cs\/wp-json\/wp\/v2\/media\/1899"}],"wp:attachment":[{"href":"https:\/\/vapsolovape.com\/cs\/wp-json\/wp\/v2\/media?parent=1888"}],"wp:term":[{"taxonomy":"product_brand","embeddable":true,"href":"https:\/\/vapsolovape.com\/cs\/wp-json\/wp\/v2\/product_brand?post=1888"},{"taxonomy":"product_cat","embeddable":true,"href":"https:\/\/vapsolovape.com\/cs\/wp-json\/wp\/v2\/product_cat?post=1888"},{"taxonomy":"product_tag","embeddable":true,"href":"https:\/\/vapsolovape.com\/cs\/wp-json\/wp\/v2\/product_tag?post=1888"}],"curies":[{"name":"wp","href":"https:\/\/api.w.org\/{rel}","templated":true}]}}