{"id":2202,"date":"2025-02-14T18:23:47","date_gmt":"2025-02-14T10:23:47","guid":{"rendered":"https:\/\/vapsolovape.com\/?post_type=product&#038;p=2202"},"modified":"2025-02-25T11:59:06","modified_gmt":"2025-02-25T03:59:06","slug":"bang-box-20000-puffs-dlouhotrvajici-vape-s-led-displejem","status":"publish","type":"product","link":"https:\/\/vapsolovape.com\/cs\/produkt\/bang-box-20000-puffs-dlouhotrvajici-vape-s-led-displejem\/","title":{"rendered":"Bang Box 20000 Puffs - vysokokapacitn\u00ed vape s LED indik\u00e1torem"},"content":{"rendered":"<p data-start=\"127\" data-end=\"563\">Zlep\u0161ete svou vapingovou hru s <strong data-start=\"161\" data-end=\"201\">Bang Box 20000 Puffs Vape na jedno pou\u017eit\u00ed<\/strong>. Tento p\u0159\u00edstroj je vyroben pro dokonalou chu\u0165 a v\u00fdkon a nab\u00edz\u00ed neuv\u011b\u0159iteln\u00fdch 20 000 potah\u016f, co\u017e zaji\u0161\u0165uje dlouhotrvaj\u00edc\u00ed spokojenost bez nutnosti neust\u00e1l\u00e9 v\u00fdm\u011bny. Je vybaven pokro\u010dil\u00fdmi funkcemi, jako je nap\u0159. <strong data-start=\"415\" data-end=\"439\">dob\u00edjec\u00ed baterie<\/strong>, <strong data-start=\"441\" data-end=\"456\">LED displej<\/strong>a <strong data-start=\"462\" data-end=\"484\">nastaviteln\u00e9 proud\u011bn\u00ed vzduchu<\/strong>, Bang Box je navr\u017een tak, aby poskytoval p\u0159izp\u016fsoben\u00fd a plynul\u00fd vaping.<\/p>\n<p data-start=\"565\" data-end=\"796\">A\u0165 u\u017e s vapingem teprve za\u010d\u00edn\u00e1te, nebo jste zku\u0161en\u00fd profesion\u00e1l, Bang Box nab\u00edz\u00ed v\u0161e pot\u0159ebn\u00e9 v jednom elegantn\u00edm balen\u00ed na jedno pou\u017eit\u00ed. Vychutnejte si prvot\u0159\u00eddn\u00ed kvalitu a pohodl\u00ed p\u0159i ka\u017ed\u00e9m \u0161luknut\u00ed s t\u00edmto vape za\u0159\u00edzen\u00edm nov\u00e9 \u00farovn\u011b.<\/p>\n<figure id=\"attachment_6980\" aria-describedby=\"caption-attachment-6980\" style=\"width: 1020px\" class=\"wp-caption alignnone\"><img loading=\"lazy\" decoding=\"async\" class=\"wp-image-6980 size-large\" src=\"https:\/\/dankstarvapes.com\/wp-content\/uploads\/2024\/11\/Bang-Box-20000-Puff-13-2048x1152-1-1400x788.webp\" alt=\"Bang Box 20000 Puffs\" width=\"1020\" height=\"574\" title=\"\"><figcaption id=\"caption-attachment-6980\" class=\"wp-caption-text\">Bang Box 20000 Puffs<\/figcaption><\/figure>\n<h2>Kl\u00ed\u010dov\u00e9 vlastnosti Bang Boxu 20000 Puffs<\/h2>\n<h3>Obrovsk\u00fd po\u010det puf\u016f - a\u017e 20 000 puf\u016f<\/h3>\n<p>S pozoruhodn\u00fdm po\u010dtem 20 000 v\u00fddech\u016f na p\u0159\u00edstroj. <strong>Bang Box 20000 Puffs<\/strong> umo\u017e\u0148uje dlouhodob\u00e9 pou\u017e\u00edv\u00e1n\u00ed, tak\u017ee je ide\u00e1ln\u00ed pro dlouhodob\u00e9 u\u017e\u00edv\u00e1n\u00ed bez nutnosti neust\u00e1l\u00e9 v\u00fdm\u011bny.<\/p>\n<h3>Velkorys\u00e1 kapacita e-liquidu - 36 ml<\/h3>\n<p>Na str\u00e1nk\u00e1ch <strong>Bang Box<\/strong> dod\u00e1v\u00e1 se s p\u0159edpln\u011bn\u00fdm 36ml e-liquidu, tak\u017ee m\u016f\u017eete vapovat del\u0161\u00ed dobu, ani\u017e byste se museli starat o dopl\u0148ov\u00e1n\u00ed. Tato velk\u00e1 kapacita zaji\u0161\u0165uje pohodl\u00ed a minimalizuje pot\u00ed\u017ee.<\/p>\n<h3>Nastaviteln\u00fd pr\u016ftok vzduchu pro p\u0159izp\u016fsobiteln\u00fd z\u00e1\u017eitek z vapingu<\/h3>\n<p>A\u0165 u\u017e d\u00e1v\u00e1te p\u0159ednost t\u011bsn\u011bj\u0161\u00edmu, hlad\u0161\u00edmu potahu, nebo siln\u011bj\u0161\u00edmu, vzdu\u0161n\u00e9mu potahu, funkce nastaviteln\u00e9ho airflow v\u00e1m umo\u017en\u00ed vyladit si vaping p\u0159esn\u011b podle va\u0161ich preferenc\u00ed.<\/p>\n<h3>Bang Box 20000 Puffs LED displej pro sledov\u00e1n\u00ed v re\u00e1ln\u00e9m \u010dase<\/h3>\n<p>Z\u016fsta\u0148te informov\u00e1ni s <strong>Displej LED za\u0159\u00edzen\u00ed Bang Box<\/strong>, kter\u00fd v re\u00e1ln\u00e9m \u010dase zobrazuje v\u00fddr\u017e baterie a \u00farove\u0148 e-liquidu. Tato funkce zaji\u0161\u0165uje, \u017ee budete m\u00edt v\u017edy p\u0159ehled o stavu za\u0159\u00edzen\u00ed, tak\u017ee m\u016f\u017eete podle toho pl\u00e1novat jeho pou\u017e\u00edv\u00e1n\u00ed.<\/p>\n<h3>Bang Box 20000 Puffs s nab\u00edjen\u00edm typu C<\/h3>\n<p>Na str\u00e1nk\u00e1ch <strong>Bang Box<\/strong> je vybaven v\u00fdkonnou dob\u00edjec\u00ed bateri\u00ed s kapacitou 850 mAh a rychl\u00fdm nab\u00edjen\u00edm Type-C pro rychl\u00e9 a efektivn\u00ed dob\u00edjen\u00ed. D\u00edky tomu si m\u016f\u017eete vychutnat dlouhotrvaj\u00edc\u00ed vapov\u00e1n\u00ed bez p\u0159eru\u0161en\u00ed.<\/p>\n<h2>Rozmanitost chut\u00ed, kter\u00e1 uspokoj\u00ed ka\u017ed\u00fd jaz\u00fd\u010dek<\/h2>\n<p>Vyberte si z 12 lahodn\u00fdch a pe\u010dliv\u011b p\u0159ipraven\u00fdch p\u0159\u00edchut\u00ed. A\u0165 u\u017e tou\u017e\u00edte po ovocn\u00fdch, osv\u011b\u017euj\u00edc\u00edch nebo mentolov\u00fdch p\u0159\u00edchut\u00edch, v nab\u00eddce najdete n\u011bco pro ka\u017ed\u00e9ho. <strong>Bang Box<\/strong> slo\u017een\u00ed p\u0159\u00edchut\u00ed. Mezi zaj\u00edmav\u00e9 p\u0159\u00edchut\u011b pat\u0159\u00ed:<\/p>\n<ul>\n<li><strong>Jahodov\u00e9 kiwi<\/strong><\/li>\n<li><strong>Melounov\u00fd led<\/strong><\/li>\n<li><strong>Broskvov\u00e9 mango<\/strong><\/li>\n<li><strong>Hroznov\u00fd led<\/strong><\/li>\n<li><strong>Bor\u016fvka malina<\/strong><\/li>\n<\/ul>\n<figure id=\"attachment_6981\" aria-describedby=\"caption-attachment-6981\" style=\"width: 1020px\" class=\"wp-caption alignnone\"><img loading=\"lazy\" decoding=\"async\" class=\"wp-image-6981 size-large\" src=\"https:\/\/dankstarvapes.com\/wp-content\/uploads\/2024\/11\/bang-box-20000-puffs-16-2048x1143-1-1400x781.webp\" alt=\"Bang Box 20000 Puffs\" width=\"1020\" height=\"569\" title=\"\"><figcaption id=\"caption-attachment-6981\" class=\"wp-caption-text\">Bang Box 20000 Puffs<\/figcaption><\/figure>\n<p>Ka\u017ed\u00e1 p\u0159\u00edchu\u0165 je navr\u017eena tak, aby s ka\u017ed\u00fdm pot\u00e1hnut\u00edm poskytla uspokojiv\u00fd, hladk\u00fd a aromatick\u00fd z\u00e1\u017eitek.<\/p>\n<h2>Pro\u010d si vybrat Bang Box 20000 Puffs?<\/h2>\n<h3>Bang Box 20000 Puffs Bezkonkuren\u010dn\u00ed \u017eivotnost a pohodl\u00ed<\/h3>\n<p>S a\u017e <strong>20 000 vdech\u016f<\/strong>... <strong>Bang Box<\/strong> nab\u00edz\u00ed bezkonkuren\u010dn\u00ed \u017eivotnost a sni\u017euje pot\u0159ebu \u010dast\u00e9 v\u00fdm\u011bny. Je ide\u00e1ln\u00ed pro n\u00e1ro\u010dn\u00e9 vapery nebo pro ty, kte\u0159\u00ed cht\u011bj\u00ed del\u0161\u00ed a bezprobl\u00e9mov\u00fd vaping.<\/p>\n<h3>Bang Box 20000 Puffs Pr\u00e9miov\u00e1 kvalita proveden\u00ed<\/h3>\n<p>Na str\u00e1nk\u00e1ch <strong>Bang Box<\/strong> je vyroben s ohledem na odolnost. Je navr\u017een pro optim\u00e1ln\u00ed v\u00fdkon a poskytuje plynulou p\u00e1ru a bohatou chu\u0165 od prvn\u00edho potahu a\u017e do posledn\u00edho.<\/p>\n<h3>Ide\u00e1ln\u00ed pro vaping na cest\u00e1ch<\/h3>\n<p>Kompaktn\u00ed a p\u0159enosn\u00fd <strong>Bang Box 20000 Puffs<\/strong> snadno se vejde do kapsy, tak\u017ee je ide\u00e1ln\u00ed pro vaping na cest\u00e1ch. A\u0165 u\u017e doj\u00ed\u017ed\u00edte do pr\u00e1ce, cestujete, nebo jste jen tak na cest\u00e1ch. <strong>Bang Box<\/strong> je va\u0161\u00edm spolehliv\u00fdm spole\u010dn\u00edkem.<\/p>\n<h3>Ide\u00e1ln\u00ed pro maloobchodn\u00edky a velkoobchodn\u00edky<\/h3>\n<p>Maloobchodn\u00edci a velkoobchodn\u00edci mohou vyu\u017e\u00edvat mo\u017enosti hromadn\u00e9ho n\u00e1kupu a m\u00edt tak jistotu, \u017ee se mohou z\u00e1sobit \u017e\u00e1dan\u00fdm produktem, kter\u00fd si z\u00e1kazn\u00edci obl\u00edb\u00ed. Str\u00e1nky <strong>Bang Box<\/strong> je mezi vapery obl\u00edben\u00fd a jeho nab\u00eddka ve va\u0161em obchod\u011b m\u016f\u017ee zv\u00fd\u0161it prodej a spokojenost z\u00e1kazn\u00edk\u016f.<\/p>\n<h2><strong>Objednejte si Bang Box 20000 Puffs je\u0161t\u011b dnes!<\/strong><\/h2>\n<p>Z\u00edskejte sv\u016fj <strong>Bang Box 20000 Puffs<\/strong> a poznejte budoucnost vapingu. D\u00edky obrovsk\u00e9mu po\u010dtu \u0161luk\u016f, dob\u00edjec\u00ed baterii, p\u0159izp\u016fsobiteln\u00e9mu airflow a \u0161irok\u00e9 \u0161k\u00e1le p\u0159\u00edchut\u00ed je toto za\u0159\u00edzen\u00ed postaveno tak, aby spl\u0148ovalo po\u017eadavky modern\u00edch vaper\u016f.<\/p>\n<p>Nav\u0161tivte na\u0161e webov\u00e9 str\u00e1nky a objednejte si zbo\u017e\u00ed nebo se informujte o hromadn\u00fdch n\u00e1kupech. Vychutnejte si dokonal\u00fd z\u00e1\u017eitek z vapingu s <strong>Bang Box 20000 Puffs<\/strong> - Dlouhotrvaj\u00edc\u00ed, chutn\u00e9 a pohodln\u00e9.<\/p>\n<p><strong>Pro\u010d si vybrat pr\u00e1v\u011b n\u00e1s?<\/strong><\/p>\n<p>V\u00fdb\u011brem ofici\u00e1ln\u00edho obchodu s jednor\u00e1zov\u00fdmi vapes m\u016f\u017eete vyu\u017e\u00edt mnoha v\u00fdhod:<\/p>\n<ul>\n<li><strong>Ofici\u00e1ln\u00ed prodejn\u00ed kan\u00e1l:<\/strong>\u00a0Zaru\u010dujeme autentick\u00e9 v\u00fdrobky a kvalitn\u00ed slu\u017eby.<\/li>\n<li><strong>Velkoobchod a maloobchod:<\/strong>\u00a0Nab\u00edz\u00edme flexibiln\u00ed mo\u017enosti n\u00e1kupu pro jednotlivce i velkoobchodn\u00edky.<\/li>\n<li><strong>Zaji\u0161t\u011bn\u00ed kvality:<\/strong>\u00a0Na\u0161e v\u00fdrobky proch\u00e1zej\u00ed p\u0159\u00edsn\u00fdm testov\u00e1n\u00edm kvality, abychom zajistili va\u0161i spokojenost.<\/li>\n<li><strong>Doprava po cel\u00e9m sv\u011bt\u011b:<\/strong>\u00a0Na\u0161e v\u00fdrobky hrd\u011b zas\u00edl\u00e1me do v\u011bt\u0161iny zem\u00ed sv\u011bta, tak\u017ee si je m\u016f\u017eete vychutnat bez ohledu na to, kde se nach\u00e1z\u00edte.<\/li>\n<li><strong>Zku\u0161enosti v oboru:<\/strong>\u00a0D\u00edky v\u00edce ne\u017e 8 let\u016fm zku\u0161enost\u00ed na trhu jsme se stali d\u016fv\u011bryhodnou a prvot\u0159\u00eddn\u00ed volbou.<\/li>\n<li><strong>Dlouhodob\u00e1 partnerstv\u00ed:<\/strong>\u00a0Spolupracujeme tak\u00e9 s m\u00edstn\u00edmi majiteli obchod\u016f v Evrop\u011b, co\u017e n\u00e1m umo\u017e\u0148uje rychle reagovat na pot\u0159eby trhu a udr\u017eovat \u010derstvost na\u0161ich v\u00fdrobk\u016f.<\/li>\n<\/ul>\n<p>V\u00fdb\u011br na\u0161ich jednor\u00e1zov\u00fdch vap\u016f v\u00e1m umo\u017en\u00ed nejen vychutnat si r\u016fzn\u00e9 p\u0159\u00edchut\u011b, ale tak\u00e9 za\u017e\u00edt neoby\u010dejnou cestu vapov\u00e1n\u00ed. Pro v\u00edce informac\u00ed n\u00e1s nav\u0161tivte <a href=\"http:\/\/dankstarvapes.com\" target=\"_blank\" rel=\"noopener\">dankstarvapes.com<\/a>!<\/p>","protected":false},"excerpt":{"rendered":"<p>Step up your vaping game with the Bang Box 20000 Puffs Disposable Vape. Crafted for ultimate flavor and performance, this device offers an incredible 20,000 puffs, ensuring long-lasting satisfaction without the hassle of constant replacements. Packed with advanced features such as a rechargeable battery, LED display, and adjustable airflow, the Bang Box is engineered to [&#8230;]","protected":false},"featured_media":2229,"comment_status":"open","ping_status":"closed","template":"","meta":[],"product_brand":[],"product_cat":[72,75,102,76,77,95,120,73,78,96,71,79,80,81,82,83,84,85,86,87,88,89,90,91,92],"product_tag":[],"class_list":{"0":"post-2202","1":"product","2":"type-product","3":"status-publish","4":"has-post-thumbnail","6":"product_cat-0-nicotine-disposable-vape","7":"product_cat-2-nicotine-disposable-vape","8":"product_cat-20000-20k-puff-vape","9":"product_cat-3-nicotine-disposable-vape","10":"product_cat-5-nicotine-disposable-vape","11":"product_cat-advanced-vape","12":"product_cat-bang-vape","13":"product_cat-big-puff-vapes","14":"product_cat-disposable-vape-near-me","15":"product_cat-disposable-vape-with-led-light","16":"product_cat-0-5-nicotine-vapes","17":"product_cat-disposable-vapes-in-austria","18":"product_cat-disposable-vapes-in-belgium","19":"product_cat-disposable-vapes-in-france","20":"product_cat-disposable-vapes-in-germany","21":"product_cat-disposable-vapes-in-ltaly","22":"product_cat-disposable-vapes-in-netherlands","23":"product_cat-disposable-vapes-in-norway","24":"product_cat-disposable-vapes-in-poland","25":"product_cat-disposable-vapes-in-portugal","26":"product_cat-disposable-vapes-in-spain","27":"product_cat-disposable-vapes-in-sweden","28":"product_cat-disposable-vapes-in-switzerland","29":"product_cat-disposable-vapes-in-united-states","30":"product_cat-vape-brands","32":"first","33":"instock","34":"shipping-taxable","35":"product-type-simple"},"tiered_pricing_type":"fixed","tiered_pricing_fixed_rules":[],"tiered_pricing_product_settings":{"layout":"default","base_unit_name":{"singular":null,"plural":null},"default_variation":null},"tiered_pricing_minimum_quantity":null,"tiered_pricing_roles_data":[],"tiered_pricing_percentage_rules":[],"tiered_pricing_maximum_quantity":null,"tiered_pricing_quantity_step":null,"_links":{"self":[{"href":"https:\/\/vapsolovape.com\/cs\/wp-json\/wp\/v2\/product\/2202","targetHints":{"allow":["GET"]}}],"collection":[{"href":"https:\/\/vapsolovape.com\/cs\/wp-json\/wp\/v2\/product"}],"about":[{"href":"https:\/\/vapsolovape.com\/cs\/wp-json\/wp\/v2\/types\/product"}],"replies":[{"embeddable":true,"href":"https:\/\/vapsolovape.com\/cs\/wp-json\/wp\/v2\/comments?post=2202"}],"wp:featuredmedia":[{"embeddable":true,"href":"https:\/\/vapsolovape.com\/cs\/wp-json\/wp\/v2\/media\/2229"}],"wp:attachment":[{"href":"https:\/\/vapsolovape.com\/cs\/wp-json\/wp\/v2\/media?parent=2202"}],"wp:term":[{"taxonomy":"product_brand","embeddable":true,"href":"https:\/\/vapsolovape.com\/cs\/wp-json\/wp\/v2\/product_brand?post=2202"},{"taxonomy":"product_cat","embeddable":true,"href":"https:\/\/vapsolovape.com\/cs\/wp-json\/wp\/v2\/product_cat?post=2202"},{"taxonomy":"product_tag","embeddable":true,"href":"https:\/\/vapsolovape.com\/cs\/wp-json\/wp\/v2\/product_tag?post=2202"}],"curies":[{"name":"wp","href":"https:\/\/api.w.org\/{rel}","templated":true}]}}