{"id":2270,"date":"2025-02-14T18:24:11","date_gmt":"2025-02-14T10:24:11","guid":{"rendered":"https:\/\/vapsolovape.com\/?post_type=product&#038;p=2270"},"modified":"2025-02-25T10:17:42","modified_gmt":"2025-02-25T02:17:42","slug":"bang-box-30000-puffs-pro-dual-mesh-dobijeci-vape","status":"publish","type":"product","link":"https:\/\/vapsolovape.com\/cs\/produkt\/bang-box-30000-puffs-pro-dual-mesh-dobijeci-vape\/","title":{"rendered":"Bang Box 30000 Puffs Pro Vape Device - s technologi\u00ed Dual Mesh a dob\u00edjec\u00edm designem"},"content":{"rendered":"<p>Bang Box 30000 Puffs Pro je ur\u010den pro vapery, kte\u0159\u00ed hledaj\u00ed prvot\u0159\u00eddn\u00ed chu\u0165 a del\u0161\u00ed pou\u017e\u00edv\u00e1n\u00ed. D\u00edky inovativn\u00ed technologii dual mesh, velk\u00e9mu z\u00e1sobn\u00edku na e-liquid a dob\u00edjec\u00ed baterii je toto za\u0159\u00edzen\u00ed z\u00e1rukou v\u00fdjime\u010dn\u00e9ho vapov\u00e1n\u00ed. Zaji\u0161\u0165uje, \u017ee ka\u017ed\u00e9 \u0161luknut\u00ed, a\u0165 u\u017e jste zku\u0161en\u00ed nebo nov\u00e1\u010dci v oblasti jednor\u00e1zov\u00fdch \u0161lukadel, v\u00e1m p\u0159inese uspokojiv\u00fd a chu\u0165ov\u011b v\u00fdrazn\u00fd z\u00e1\u017eitek.<\/p>\n<figure id=\"attachment_7052\" aria-describedby=\"caption-attachment-7052\" style=\"width: 600px\" class=\"wp-caption alignnone\"><img loading=\"lazy\" decoding=\"async\" class=\"wp-image-7052 size-full\" src=\"https:\/\/dankstarvapes.com\/wp-content\/uploads\/2024\/11\/Bang-Box-30000-Puffs-Pro-Disposable-Vapes-2.webp\" alt=\"Bang Box 30000 Puffs Pro\" width=\"600\" height=\"900\" title=\"\"><figcaption id=\"caption-attachment-7052\" class=\"wp-caption-text\">Bang Box 30000 Puffs Pro<\/figcaption><\/figure>\n<h2>Kl\u00ed\u010dov\u00e9 vlastnosti Bang Box 30000 Puffs Pro<\/h2>\n<h3>Velk\u00fd po\u010det \u0161luk\u016f pro del\u0161\u00ed po\u017eitek z j\u00eddla<\/h3>\n<p>S <strong>Kapacita 30 000 obl\u00e1\u010dk\u016f<\/strong>... <strong>Bang Box 30000 Puffs Pro<\/strong> je konstruov\u00e1n tak, aby vydr\u017eel d\u00e9le ne\u017e v\u011bt\u0161ina ostatn\u00edch jednor\u00e1zov\u00fdch vap\u016f na trhu. M\u016f\u017eete si u\u017e\u00edvat nep\u0159etr\u017eit\u00e9 vapov\u00e1n\u00ed po cel\u00e9 t\u00fddny bez nutnosti neust\u00e1l\u00e9 v\u00fdm\u011bny nebo dopl\u0148ov\u00e1n\u00ed. To je ide\u00e1ln\u00ed pro n\u00e1ro\u010dn\u00e9 vapery nebo pro ty, kte\u0159\u00ed d\u00e1vaj\u00ed p\u0159ednost bezprobl\u00e9mov\u00e9mu, dlouhodob\u00e9mu \u0159e\u0161en\u00ed.<\/p>\n<h3>Technologie Dual Mesh pro lep\u0161\u00ed chu\u0165 a v\u00fdpar<\/h3>\n<p>Na str\u00e1nk\u00e1ch <strong>du\u00e1ln\u00ed s\u00ed\u0165ov\u00e9 c\u00edvky<\/strong> (0,4\u03a9) nab\u00edz\u00ed bezkonkuren\u010dn\u00ed produkci p\u00e1ry a pod\u00e1n\u00ed chuti. Tato pokro\u010dil\u00e1 technologie zaji\u0161\u0165uje, \u017ee ka\u017ed\u00e9 \u0161luknut\u00ed je plynulej\u0161\u00ed, bohat\u0161\u00ed a uspokojiv\u011bj\u0161\u00ed, a poskytuje v\u00e1m tak \u0161pi\u010dkov\u00fd vapingov\u00fd z\u00e1\u017eitek.<\/p>\n<h3>Dob\u00edjec\u00ed pro dlouhodob\u00e9 pou\u017eit\u00ed<\/h3>\n<p>Na str\u00e1nk\u00e1ch <strong>Dob\u00edjec\u00ed baterie 850 mAh<\/strong> s <strong>Nab\u00edjen\u00ed typu C<\/strong> umo\u017e\u0148uje rychl\u00e9 a efektivn\u00ed dob\u00edjen\u00ed. Na str\u00e1nk\u00e1ch <strong>Bang Box 30000 Puffs Pro<\/strong> zaru\u010duje, \u017ee se m\u016f\u017eete rychle vr\u00e1tit k vapov\u00e1n\u00ed a u\u017e\u00edvat si dlouhodob\u00e9 pou\u017e\u00edv\u00e1n\u00ed bez obav ze ztr\u00e1ty energie.<\/p>\n<h3>Kapacita 35 ml e-liquidu pro m\u00e9n\u011b n\u00e1pln\u00ed<\/h3>\n<p>Vybaveno <strong>35ml p\u0159edpln\u011bn\u00e1 kazeta s e-liquidem<\/strong>... <strong>Bang Box 30000 Puffs Pro<\/strong> sni\u017euje pot\u0159ebu \u010dast\u00e9ho dopl\u0148ov\u00e1n\u00ed. M\u016f\u017eete si tak u\u017e\u00edt v\u00edce vapingu a m\u00e9n\u011b \u00fadr\u017eby, p\u0159i\u010dem\u017e si zajist\u00edte bohatou a konzistentn\u00ed chu\u0165 p\u0159i ka\u017ed\u00e9m \u0161luknut\u00ed.<\/p>\n<h2>Bang Box 30000 Puffs Pro Dostupn\u00e9 p\u0159\u00edchut\u011b<\/h2>\n<p>Na str\u00e1nk\u00e1ch <strong>Bang Box 30000 Puffs Pro<\/strong> nab\u00edz\u00ed \u0161irokou \u0161k\u00e1lu lahodn\u00fdch p\u0159\u00edchut\u00ed. A\u0165 u\u017e milujete ovocn\u00e9 sm\u011bsi, chladiv\u00fd mentol nebo kombinaci oboj\u00edho, pro ka\u017ed\u00fd jaz\u00fd\u010dek se najde vhodn\u00e1 p\u0159\u00edchu\u0165. N\u011bkter\u00e9 z obl\u00edben\u00fdch mo\u017enost\u00ed zahrnuj\u00ed:<\/p>\n<ul>\n<li><strong>Jahodov\u00e9 kiwi<\/strong><\/li>\n<li><strong>Black Burst<\/strong><\/li>\n<li><strong>Jahodov\u00fd meloun<\/strong><\/li>\n<li><strong>Mu\u010denka<\/strong><\/li>\n<li><strong>Bor\u016fvkov\u011b kysel\u00fd malinov\u00fd led<\/strong><\/li>\n<li><strong>Melounov\u00fd led<\/strong><\/li>\n<li><strong>Bor\u016fvka Gran\u00e1tov\u00e9 jablko<\/strong><\/li>\n<li><strong>Jablko Peach<\/strong><\/li>\n<li><strong>Double Grape<\/strong><\/li>\n<li><strong>Blue Razz Ice<\/strong><\/li>\n<\/ul>\n<figure id=\"attachment_7053\" aria-describedby=\"caption-attachment-7053\" style=\"width: 487px\" class=\"wp-caption alignnone\"><img loading=\"lazy\" decoding=\"async\" class=\"wp-image-7053 size-large\" src=\"https:\/\/dankstarvapes.com\/wp-content\/uploads\/2024\/11\/Bang-Box-30000-Puff-28-487x800.webp\" alt=\"Bang Box 30000 Puffs Pro\" width=\"487\" height=\"800\" title=\"\"><figcaption id=\"caption-attachment-7053\" class=\"wp-caption-text\">Bang Box 30000 Puffs Pro<\/figcaption><\/figure>\n<h3>Mo\u017enosti s\u00edly nikotinu pro ka\u017ed\u00e9ho vapera<\/h3>\n<p>Na str\u00e1nk\u00e1ch <strong>Bang Box 30000 Puffs Pro<\/strong> nab\u00edz\u00ed celou \u0159adu sil nikotinu, kter\u00e9 vyhovuj\u00ed v\u0161em preferenc\u00edm, od 0% pro u\u017eivatele bez nikotinu a\u017e po 5% pro ty, kte\u0159\u00ed d\u00e1vaj\u00ed p\u0159ednost siln\u011bj\u0161\u00edmu n\u00e1dechu. M\u016f\u017eete si vybrat s\u00edlu, kter\u00e1 vyhovuje va\u0161emu stylu vapov\u00e1n\u00ed.<\/p>\n<h2>Bang Box 30000 Puffs Pro Kompaktn\u00ed a p\u0159enosn\u00fd design<\/h2>\n<p>Na str\u00e1nk\u00e1ch <strong>Bang Box 30000 Puffs Pro<\/strong> je lehk\u00fd a snadno p\u0159enosn\u00fd, v\u00e1\u017e\u00ed pouze <strong>100g<\/strong>. D\u00edky kompaktn\u00edmu designu (115 mm x 60 mm x 33 mm) je ide\u00e1ln\u00ed pro pou\u017eit\u00ed na cest\u00e1ch, tak\u017ee si m\u016f\u017eete vychutnat uspokojiv\u00fd vape, a\u0165 jste kdekoli.<\/p>\n<h3>Bang Box 30000 Puffs Pro Displej v re\u00e1ln\u00e9m \u010dase pro v\u011bt\u0161\u00ed pohodl\u00ed<\/h3>\n<p>Integrovan\u00fd <strong>ukazatel stavu oleje a baterie<\/strong> umo\u017e\u0148uje sledovat vyu\u017eit\u00ed v re\u00e1ln\u00e9m \u010dase. Tato funkce v\u00e1m pom\u016f\u017ee sledovat hladinu e-liquidu i v\u00fddr\u017e baterie a zajist\u00ed, \u017ee v\u00e1m nikdy ne\u010dekan\u011b nedojde.<\/p>\n<h2>Pro\u010d si vybrat Bang Box 30000 Puffs Pro?<\/h2>\n<ul>\n<li><strong>Dlouhotrvaj\u00edc\u00ed po\u010det obl\u00e1\u010dk\u016f<\/strong>: S 30 000 potahy si u\u017eijete del\u0161\u00ed vapingov\u00e9 seance bez nutnosti neust\u00e1l\u00e9ho vym\u011b\u0148ov\u00e1n\u00ed.<\/li>\n<li><strong>Pr\u00e9miov\u00e1 technologie Dual Mesh<\/strong>: Zaji\u0161\u0165uje optim\u00e1ln\u00ed chu\u0165 a produkci p\u00e1ry.<\/li>\n<li><strong>Dob\u00edjec\u00ed baterie<\/strong>: Rychl\u00e9 dob\u00edjen\u00ed pro nep\u0159etr\u017eitou z\u00e1bavu.<\/li>\n<li><strong>Kapacita 35 ml e-kapaliny<\/strong>: V\u00edce vapov\u00e1n\u00ed, m\u00e9n\u011b dopl\u0148ov\u00e1n\u00ed.<\/li>\n<li><strong>\u0160irok\u00fd v\u00fdb\u011br p\u0159\u00edchut\u00ed<\/strong>: Uspokojte sv\u00e9 chu\u0165ov\u00e9 poh\u00e1rky r\u016fzn\u00fdmi mo\u017enostmi.<\/li>\n<li><strong>P\u0159enosn\u00e9 a u\u017eivatelsky p\u0159\u00edv\u011btiv\u00e9<\/strong>: Snadno se p\u0159en\u00e1\u0161\u00ed a snadno se sleduje pomoc\u00ed LED displeje.<\/li>\n<\/ul>\n<h2>Objednejte si Bang Box 30000 Puffs Pro je\u0161t\u011b dnes!<\/h2>\n<p>Vylep\u0161ete sv\u016fj z\u00e1\u017eitek z vapingu pomoc\u00ed <strong>Bang Box 30000 Puffs Pro<\/strong>. Tento p\u0159\u00edstroj nab\u00edz\u00ed vynikaj\u00edc\u00ed v\u00fdkon, del\u0161\u00ed pou\u017e\u00edv\u00e1n\u00ed a bohatou chu\u0165 a je ide\u00e1ln\u00ed jak pro osobn\u00ed pou\u017eit\u00ed, tak pro hromadn\u00fd n\u00e1kup.<\/p>\n<p>Kontaktujte n\u00e1s pro velkoobchodn\u00ed ceny a hromadn\u00e9 objedn\u00e1vky, nebo klikn\u011bte n\u00ed\u017ee a objednejte!<\/p>\n<p><strong>Pro\u010d si vybrat pr\u00e1v\u011b n\u00e1s?<\/strong><\/p>\n<p>V\u00fdb\u011brem ofici\u00e1ln\u00edho obchodu s jednor\u00e1zov\u00fdmi vapes m\u016f\u017eete vyu\u017e\u00edt mnoha v\u00fdhod:<\/p>\n<ul>\n<li><strong>Ofici\u00e1ln\u00ed prodejn\u00ed kan\u00e1l:<\/strong>\u00a0Zaru\u010dujeme autentick\u00e9 v\u00fdrobky a kvalitn\u00ed slu\u017eby.<\/li>\n<li><strong>Velkoobchod a maloobchod:<\/strong>\u00a0Nab\u00edz\u00edme flexibiln\u00ed mo\u017enosti n\u00e1kupu pro jednotlivce i velkoobchodn\u00edky.<\/li>\n<li><strong>Zaji\u0161t\u011bn\u00ed kvality:<\/strong>\u00a0Na\u0161e v\u00fdrobky proch\u00e1zej\u00ed p\u0159\u00edsn\u00fdm testov\u00e1n\u00edm kvality, abychom zajistili va\u0161i spokojenost.<\/li>\n<li><strong>Doprava po cel\u00e9m sv\u011bt\u011b:<\/strong>\u00a0Na\u0161e v\u00fdrobky hrd\u011b zas\u00edl\u00e1me do v\u011bt\u0161iny zem\u00ed sv\u011bta, tak\u017ee si je m\u016f\u017eete vychutnat bez ohledu na to, kde se nach\u00e1z\u00edte.<\/li>\n<li><strong>Zku\u0161enosti v oboru:<\/strong>\u00a0D\u00edky v\u00edce ne\u017e 8 let\u016fm zku\u0161enost\u00ed na trhu jsme se stali d\u016fv\u011bryhodnou a prvot\u0159\u00eddn\u00ed volbou.<\/li>\n<li><strong>Dlouhodob\u00e1 partnerstv\u00ed:<\/strong>\u00a0Spolupracujeme tak\u00e9 s m\u00edstn\u00edmi majiteli obchod\u016f v Evrop\u011b, co\u017e n\u00e1m umo\u017e\u0148uje rychle reagovat na pot\u0159eby trhu a udr\u017eovat \u010derstvost na\u0161ich v\u00fdrobk\u016f.<\/li>\n<\/ul>\n<p>V\u00fdb\u011br na\u0161ich jednor\u00e1zov\u00fdch vap\u016f v\u00e1m umo\u017en\u00ed nejen vychutnat si r\u016fzn\u00e9 p\u0159\u00edchut\u011b, ale tak\u00e9 za\u017e\u00edt neoby\u010dejnou cestu vapov\u00e1n\u00ed. Pro v\u00edce informac\u00ed n\u00e1s nav\u0161tivte <a href=\"http:\/\/dankstarvapes.com\" target=\"_blank\" rel=\"noopener\">dankstarvapes.com<\/a>!<\/p>","protected":false},"excerpt":{"rendered":"<p>The Bang Box 30000 Puffs Pro is created for vapers seeking top-notch flavor and extended usage. Featuring innovative dual mesh technology, a large e-liquid reservoir, and a rechargeable battery, this device guarantees an exceptional vaping journey. It ensures that every puff, whether you are experienced or new to disposables, delivers a satisfying and flavorful experience. [&#8230;]","protected":false},"featured_media":2298,"comment_status":"open","ping_status":"closed","template":"","meta":[],"product_brand":[],"product_cat":[72,75,76,77,95,120,73,100,78,71,79,80,81,82,83,84,85,86,87,88,89,90,91,92],"product_tag":[],"class_list":{"0":"post-2270","1":"product","2":"type-product","3":"status-publish","4":"has-post-thumbnail","6":"product_cat-0-nicotine-disposable-vape","7":"product_cat-2-nicotine-disposable-vape","8":"product_cat-3-nicotine-disposable-vape","9":"product_cat-5-nicotine-disposable-vape","10":"product_cat-advanced-vape","11":"product_cat-bang-vape","12":"product_cat-big-puff-vapes","13":"product_cat-big-puff-vapes-30000","14":"product_cat-disposable-vape-near-me","15":"product_cat-0-5-nicotine-vapes","16":"product_cat-disposable-vapes-in-austria","17":"product_cat-disposable-vapes-in-belgium","18":"product_cat-disposable-vapes-in-france","19":"product_cat-disposable-vapes-in-germany","20":"product_cat-disposable-vapes-in-ltaly","21":"product_cat-disposable-vapes-in-netherlands","22":"product_cat-disposable-vapes-in-norway","23":"product_cat-disposable-vapes-in-poland","24":"product_cat-disposable-vapes-in-portugal","25":"product_cat-disposable-vapes-in-spain","26":"product_cat-disposable-vapes-in-sweden","27":"product_cat-disposable-vapes-in-switzerland","28":"product_cat-disposable-vapes-in-united-states","29":"product_cat-vape-brands","31":"first","32":"instock","33":"shipping-taxable","34":"purchasable","35":"product-type-variable","36":"has-default-attributes"},"tiered_pricing_type":"fixed","tiered_pricing_fixed_rules":[],"tiered_pricing_product_settings":{"layout":"default","base_unit_name":{"singular":null,"plural":null},"default_variation":null},"tiered_pricing_minimum_quantity":null,"tiered_pricing_roles_data":[],"tiered_pricing_percentage_rules":[],"tiered_pricing_maximum_quantity":null,"tiered_pricing_quantity_step":null,"_links":{"self":[{"href":"https:\/\/vapsolovape.com\/cs\/wp-json\/wp\/v2\/product\/2270","targetHints":{"allow":["GET"]}}],"collection":[{"href":"https:\/\/vapsolovape.com\/cs\/wp-json\/wp\/v2\/product"}],"about":[{"href":"https:\/\/vapsolovape.com\/cs\/wp-json\/wp\/v2\/types\/product"}],"replies":[{"embeddable":true,"href":"https:\/\/vapsolovape.com\/cs\/wp-json\/wp\/v2\/comments?post=2270"}],"wp:featuredmedia":[{"embeddable":true,"href":"https:\/\/vapsolovape.com\/cs\/wp-json\/wp\/v2\/media\/2298"}],"wp:attachment":[{"href":"https:\/\/vapsolovape.com\/cs\/wp-json\/wp\/v2\/media?parent=2270"}],"wp:term":[{"taxonomy":"product_brand","embeddable":true,"href":"https:\/\/vapsolovape.com\/cs\/wp-json\/wp\/v2\/product_brand?post=2270"},{"taxonomy":"product_cat","embeddable":true,"href":"https:\/\/vapsolovape.com\/cs\/wp-json\/wp\/v2\/product_cat?post=2270"},{"taxonomy":"product_tag","embeddable":true,"href":"https:\/\/vapsolovape.com\/cs\/wp-json\/wp\/v2\/product_tag?post=2270"}],"curies":[{"name":"wp","href":"https:\/\/api.w.org\/{rel}","templated":true}]}}