{"id":2398,"date":"2025-02-14T18:24:44","date_gmt":"2025-02-14T10:24:44","guid":{"rendered":"https:\/\/vapsolovape.com\/?post_type=product&#038;p=2398"},"modified":"2025-07-14T18:54:27","modified_gmt":"2025-07-14T10:54:27","slug":"bang-king-12000-puffs-vysokokapacitni-vape-s-flip-top-designem","status":"publish","type":"product","link":"https:\/\/vapsolovape.com\/cs\/produkt\/bang-king-12000-puffs-vysokokapacitni-vape-s-flip-top-designem\/","title":{"rendered":"Bang King 12000 Puffs je vape za\u0159\u00edzen\u00ed s velkou kapacitou a flip-top konstrukc\u00ed."},"content":{"rendered":"<p><strong>Bang King 12000 Puffs<\/strong>\u00a0je navr\u017een pro prvot\u0159\u00eddn\u00ed vapingov\u00fd z\u00e1\u017eitek, m\u00e1 velkou kapacitu e-liquidu a pohodln\u00fd flip-top n\u00e1ustek. Je ide\u00e1ln\u00ed pro za\u010d\u00e1te\u010dn\u00edky i zku\u0161en\u00e9 vapery a poskytuje hladkou a konzistentn\u00ed chu\u0165 p\u0159i ka\u017ed\u00e9m \u0161luknut\u00ed. S\u00a0<strong>a\u017e 12 000 vdech\u016f<\/strong>\u00a0Bang King nab\u00edz\u00ed dlouhotrvaj\u00edc\u00ed v\u00fdkon a bohatou chu\u0165, \u010d\u00edm\u017e vynik\u00e1 mezi jednor\u00e1zov\u00fdmi vapes.<\/p>\n<figure id=\"attachment_7189\" aria-describedby=\"caption-attachment-7189\" style=\"width: 640px\" class=\"wp-caption alignnone\"><img loading=\"lazy\" decoding=\"async\" class=\"size-full wp-image-7189\" src=\"https:\/\/dankstarvapes.com\/wp-content\/uploads\/2024\/12\/Bang-King-12000-Puffs-Disposable-Vape.webp\" alt=\"Bang King 12000 Puffs\" width=\"640\" height=\"362\" title=\"\"><figcaption id=\"caption-attachment-7189\" class=\"wp-caption-text\">Bang King 12000 Puffs<\/figcaption><\/figure>\n<hr \/>\n<h3><strong>Kl\u00ed\u010dov\u00e9 vlastnosti Bang King 12000 Puffs<\/strong><\/h3>\n<h4><strong>Roz\u0161\u00ed\u0159en\u00fd po\u010det puf\u016f - a\u017e 12 000 puf\u016f<\/strong><\/h4>\n<p>Zku\u0161enosti a\u017e do <strong>12 000 vdech\u016f<\/strong>, co\u017e zaji\u0161\u0165uje del\u0161\u00ed a p\u0159\u00edjemn\u00fd z\u00e1\u017eitek z vapingu bez nutnosti \u010dast\u00e9 v\u00fdm\u011bny. Ide\u00e1ln\u00ed pro ty, kte\u0159\u00ed d\u00e1vaj\u00ed p\u0159ednost za\u0159\u00edzen\u00ed s del\u0161\u00ed \u017eivotnost\u00ed.<\/p>\n<h4><strong>Kapacita 12 ml e-liquidu<\/strong><\/h4>\n<p>Na str\u00e1nk\u00e1ch <strong>Kapacita e-liquidu 12 ml<\/strong> umo\u017e\u0148uje v\u00edce vapov\u00e1n\u00ed a m\u00e9n\u011b dopl\u0148ov\u00e1n\u00ed. Nemus\u00edte se ob\u00e1vat, \u017ee v\u00e1m b\u011bhem ka\u017edodenn\u00edch sezen\u00ed rychle dojde.<\/p>\n<h4><strong>V\u00edce mo\u017enost\u00ed s\u00edly nikotinu<\/strong><\/h4>\n<p>P\u0159izp\u016fsobte si sv\u016fj z\u00e1\u017eitek z vapingu d\u00edky \u010dty\u0159em r\u016fzn\u00fdm \u00farovn\u00edm s\u00edly nikotinu: <strong>0%, 2%, 3% a 5%<\/strong>. A\u0165 u\u017e d\u00e1v\u00e1te p\u0159ednost nulov\u00e9mu obsahu nikotinu, nebo siln\u011bj\u0161\u00edmu n\u00e1dechu, Bang King 12000 vyhov\u00ed v\u0161em preferenc\u00edm.<\/p>\n<h4><strong>P\u0159enosn\u00fd a stylov\u00fd flipov\u00fd design<\/strong><\/h4>\n<p>Jedine\u010dn\u00fd <strong>proveden\u00ed flip-top<\/strong> nab\u00edz\u00ed stylov\u00e9 a p\u0159enosn\u00e9 \u0159e\u0161en\u00ed pro vaping. Snadno se p\u0159en\u00e1\u0161\u00ed a pohodln\u011b se vejde do kapsy, tak\u017ee je ide\u00e1ln\u00ed pro vaping na cest\u00e1ch.<\/p>\n<h4><strong>V\u00fdkonn\u00e1 baterie 650 mAh<\/strong><\/h4>\n<p>S <strong>Baterie s kapacitou 650 mAh<\/strong>, si m\u016f\u017eete u\u017e\u00edvat konzistentn\u00ed v\u00fdkon po celou dobu vapov\u00e1n\u00ed. Je zkonstruov\u00e1n tak, aby poskytoval nep\u0159etr\u017eit\u00fd v\u00fdkon bez nutnosti \u010dast\u00e9ho dob\u00edjen\u00ed.<\/p>\n<h4><strong>Rychl\u00e9 a pohodln\u00e9 pou\u017eit\u00ed<\/strong><\/h4>\n<p>Na str\u00e1nk\u00e1ch <strong>Bang King 12000<\/strong> je aktivov\u00e1n potahov\u00e1n\u00edm pro rychl\u00e9 a snadn\u00e9 pou\u017eit\u00ed a nab\u00edz\u00ed plynul\u00fd z\u00e1\u017eitek z vapov\u00e1n\u00ed p\u0159i ka\u017ed\u00e9m potahu.<\/p>\n<hr \/>\n<h3><strong>Pro\u010d si vybrat Bang King 12000 Puffs?<\/strong><\/h3>\n<h4><strong>Dlouhodob\u00fd v\u00fdkon<\/strong><\/h4>\n<p>Tato vape je navr\u017eena pro dlouhodob\u00e9 pou\u017e\u00edv\u00e1n\u00ed a poskytuje <strong>12 000 vdech\u016f<\/strong> a <strong>Kapacita e-liquidu 12 ml<\/strong>, tak\u017ee je ide\u00e1ln\u00ed pro b\u011b\u017en\u00e9 i n\u00e1ro\u010dn\u00e9 u\u017eivatele.<\/p>\n<h4><strong>Pohodl\u00ed na dosah ruky<\/strong><\/h4>\n<p>Se sv\u00fdm <strong>proveden\u00ed flip-top<\/strong>, Bang King 12000 je ide\u00e1ln\u00ed pro ty, kte\u0159\u00ed cht\u011bj\u00ed bezprobl\u00e9mov\u00fd z\u00e1\u017eitek. Jednodu\u0161e otev\u0159ete vrchn\u00ed \u010d\u00e1st, vapujte a u\u017e\u00edvejte si.<\/p>\n<h4><strong>Rozmanitost chuti a s\u00edly<\/strong><\/h4>\n<p>Vyberte si ze \u0161irok\u00e9 nab\u00eddky <strong>lahodn\u00e9 chut\u011b<\/strong> a <strong>\u00farovn\u011b s\u00edly nikotinu<\/strong>, co\u017e zajist\u00ed, \u017ee va\u0161e vapov\u00e1n\u00ed bude v\u017edy uspokojiv\u00e9 a p\u0159izp\u016fsoben\u00e9 va\u0161im preferenc\u00edm.<\/p>\n<h4><strong>Kompaktn\u00ed a odoln\u00fd<\/strong><\/h4>\n<p>Na str\u00e1nk\u00e1ch <strong>Bang King 12000<\/strong> je navr\u017een tak, aby byl odoln\u00fd a kompaktn\u00ed, s elegantn\u00edm designem, kter\u00fd se snadno vejde do kapsy, abyste jej mohli pohodln\u011b pou\u017e\u00edvat kdykoli a kdekoli.<\/p>\n<hr \/>\n<h3><strong>Dostupn\u00e9 p\u0159\u00edchut\u011b:<\/strong><\/h3>\n<ul>\n<li>Ananasov\u00fd kokosov\u00fd led<\/li>\n<li>Melounov\u00e1 \u017ev\u00fdka\u010dka<\/li>\n<li>Trojit\u00fd led z bobul\u00ed<\/li>\n<li>Broskvov\u00fd led<\/li>\n<li>Jahodov\u00e9 kiwi<\/li>\n<li>Melounov\u00e1 m\u00e1ta<\/li>\n<li>Duhov\u00fd \u0161erbet<\/li>\n<li>Blue Razz Ice<\/li>\n<li>A mnoho dal\u0161\u00edch!<\/li>\n<\/ul>\n<figure id=\"attachment_7190\" aria-describedby=\"caption-attachment-7190\" style=\"width: 1100px\" class=\"wp-caption alignnone\"><img loading=\"lazy\" decoding=\"async\" class=\"size-full wp-image-7190\" src=\"https:\/\/dankstarvapes.com\/wp-content\/uploads\/2024\/12\/Bang-King-12000-Puffs-Disposable-1.webp\" alt=\"Bang King 12000 Puffs\" width=\"1100\" height=\"1100\" title=\"\"><figcaption id=\"caption-attachment-7190\" class=\"wp-caption-text\">Bang King 12000 Puffs<\/figcaption><\/figure>\n<hr \/>\n<p><strong>Objednejte si Bang King 12000 Puffs je\u0161t\u011b dnes!<\/strong><\/p>\n<p>Vylep\u0161ete sv\u016fj z\u00e1\u017eitek z vapingu pomoc\u00ed <strong>Bang King 12000 Puffs<\/strong> - va\u0161e \u0159e\u0161en\u00ed pro vysokokapacitn\u00ed, dlouhotrvaj\u00edc\u00ed a aromatick\u00fd vaping. A\u0165 u\u017e hled\u00e1te pohodl\u00ed, rozmanitost nebo dlouhotrvaj\u00edc\u00ed v\u00fdkon, toto za\u0159\u00edzen\u00ed v\u00e1m poskytne v\u0161e.<\/p>\n<p><strong>Po\u0159i\u010fte si sv\u016fj a u\u017eijte si dokonal\u00fd z\u00e1\u017eitek z vapingu!<\/strong><\/p>\n<p><strong>Pro\u010d si vybrat pr\u00e1v\u011b n\u00e1s?<\/strong><\/p>\n<p>V\u00fdb\u011brem ofici\u00e1ln\u00edho obchodu s jednor\u00e1zov\u00fdmi vapes m\u016f\u017eete vyu\u017e\u00edt mnoha v\u00fdhod:<\/p>\n<ul>\n<li><strong>Ofici\u00e1ln\u00ed prodejn\u00ed kan\u00e1l:<\/strong>\u00a0Zaru\u010dujeme autentick\u00e9 v\u00fdrobky a kvalitn\u00ed slu\u017eby.<\/li>\n<li><strong>Velkoobchod a maloobchod:<\/strong>\u00a0Nab\u00edz\u00edme flexibiln\u00ed mo\u017enosti n\u00e1kupu pro jednotlivce i velkoobchodn\u00edky.<\/li>\n<li><strong>Zaji\u0161t\u011bn\u00ed kvality:<\/strong>\u00a0Na\u0161e v\u00fdrobky proch\u00e1zej\u00ed p\u0159\u00edsn\u00fdm testov\u00e1n\u00edm kvality, abychom zajistili va\u0161i spokojenost.<\/li>\n<li><strong>Doprava po cel\u00e9m sv\u011bt\u011b:<\/strong>\u00a0Na\u0161e v\u00fdrobky hrd\u011b zas\u00edl\u00e1me do v\u011bt\u0161iny zem\u00ed sv\u011bta, tak\u017ee si je m\u016f\u017eete vychutnat bez ohledu na to, kde se nach\u00e1z\u00edte.<\/li>\n<li><strong>Zku\u0161enosti v oboru:<\/strong>\u00a0D\u00edky v\u00edce ne\u017e 8 let\u016fm zku\u0161enost\u00ed na trhu jsme se stali d\u016fv\u011bryhodnou a prvot\u0159\u00eddn\u00ed volbou.<\/li>\n<li><strong>Dlouhodob\u00e1 partnerstv\u00ed:<\/strong>\u00a0Spolupracujeme tak\u00e9 s m\u00edstn\u00edmi majiteli obchod\u016f v Evrop\u011b, co\u017e n\u00e1m umo\u017e\u0148uje rychle reagovat na pot\u0159eby trhu a udr\u017eovat \u010derstvost na\u0161ich v\u00fdrobk\u016f.<\/li>\n<\/ul>\n<p>V\u00fdb\u011br na\u0161ich jednor\u00e1zov\u00fdch vap\u016f v\u00e1m umo\u017en\u00ed nejen vychutnat si r\u016fzn\u00e9 p\u0159\u00edchut\u011b, ale tak\u00e9 za\u017e\u00edt neoby\u010dejnou cestu vapov\u00e1n\u00ed. Pro v\u00edce informac\u00ed n\u00e1s nav\u0161tivte <a href=\"http:\/\/dankstarvapes.com\" target=\"_blank\" rel=\"noopener\">dankstarvapes.com<\/a>!<\/p>","protected":false},"excerpt":{"rendered":"<p>Bang King 12000 Puffs\u00a0is designed for a premium vaping experience, featuring a large e-liquid capacity and a convenient flip-top mouthpiece. Perfect for both beginners and experienced vapers, it delivers smooth, consistent flavor with every puff. With\u00a0up to 12,000 puffs\u00a0per device, the Bang King offers long-lasting performance and rich taste, standing out among disposable vapes. Key [&#8230;]","protected":false},"featured_media":2427,"comment_status":"open","ping_status":"closed","template":"","meta":[],"product_brand":[],"product_cat":[72,74,75,76,77,120,73,78,71,79,80,81,82,83,84,85,86,87,88,89,90,91,16,92],"product_tag":[],"class_list":{"0":"post-2398","1":"product","2":"type-product","3":"status-publish","4":"has-post-thumbnail","6":"product_cat-0-nicotine-disposable-vape","7":"product_cat-12000-12k-puff-vape","8":"product_cat-2-nicotine-disposable-vape","9":"product_cat-3-nicotine-disposable-vape","10":"product_cat-5-nicotine-disposable-vape","11":"product_cat-bang-vape","12":"product_cat-big-puff-vapes","13":"product_cat-disposable-vape-near-me","14":"product_cat-0-5-nicotine-vapes","15":"product_cat-disposable-vapes-in-austria","16":"product_cat-disposable-vapes-in-belgium","17":"product_cat-disposable-vapes-in-france","18":"product_cat-disposable-vapes-in-germany","19":"product_cat-disposable-vapes-in-ltaly","20":"product_cat-disposable-vapes-in-netherlands","21":"product_cat-disposable-vapes-in-norway","22":"product_cat-disposable-vapes-in-poland","23":"product_cat-disposable-vapes-in-portugal","24":"product_cat-disposable-vapes-in-spain","25":"product_cat-disposable-vapes-in-sweden","26":"product_cat-disposable-vapes-in-switzerland","27":"product_cat-disposable-vapes-in-united-states","28":"product_cat-uncategorized","29":"product_cat-vape-brands","31":"first","32":"instock","33":"shipping-taxable","34":"purchasable","35":"product-type-variable","36":"has-default-attributes"},"tiered_pricing_type":"fixed","tiered_pricing_fixed_rules":[],"tiered_pricing_product_settings":{"layout":"default","base_unit_name":{"singular":null,"plural":null},"default_variation":null},"tiered_pricing_minimum_quantity":null,"tiered_pricing_roles_data":[],"tiered_pricing_percentage_rules":[],"tiered_pricing_maximum_quantity":null,"tiered_pricing_quantity_step":null,"_links":{"self":[{"href":"https:\/\/vapsolovape.com\/cs\/wp-json\/wp\/v2\/product\/2398","targetHints":{"allow":["GET"]}}],"collection":[{"href":"https:\/\/vapsolovape.com\/cs\/wp-json\/wp\/v2\/product"}],"about":[{"href":"https:\/\/vapsolovape.com\/cs\/wp-json\/wp\/v2\/types\/product"}],"replies":[{"embeddable":true,"href":"https:\/\/vapsolovape.com\/cs\/wp-json\/wp\/v2\/comments?post=2398"}],"wp:featuredmedia":[{"embeddable":true,"href":"https:\/\/vapsolovape.com\/cs\/wp-json\/wp\/v2\/media\/2427"}],"wp:attachment":[{"href":"https:\/\/vapsolovape.com\/cs\/wp-json\/wp\/v2\/media?parent=2398"}],"wp:term":[{"taxonomy":"product_brand","embeddable":true,"href":"https:\/\/vapsolovape.com\/cs\/wp-json\/wp\/v2\/product_brand?post=2398"},{"taxonomy":"product_cat","embeddable":true,"href":"https:\/\/vapsolovape.com\/cs\/wp-json\/wp\/v2\/product_cat?post=2398"},{"taxonomy":"product_tag","embeddable":true,"href":"https:\/\/vapsolovape.com\/cs\/wp-json\/wp\/v2\/product_tag?post=2398"}],"curies":[{"name":"wp","href":"https:\/\/api.w.org\/{rel}","templated":true}]}}