{"id":2548,"date":"2025-02-14T18:25:48","date_gmt":"2025-02-14T10:25:48","guid":{"rendered":"https:\/\/vapsolovape.com\/?post_type=product&#038;p=2548"},"modified":"2025-02-24T22:31:03","modified_gmt":"2025-02-24T14:31:03","slug":"bang-vape-18000-puffs-dual-mesh-vysokokapacitni-pulzni-vape","status":"publish","type":"product","link":"https:\/\/vapsolovape.com\/cs\/produkt\/bang-vape-18000-puffs-dual-mesh-vysokokapacitni-pulzni-vape\/","title":{"rendered":"Bang Vape 18000 Puffs - du\u00e1ln\u00ed s\u00ed\u0165ov\u00e9 c\u00edvky a vysokokapacitn\u00ed pulzn\u00ed vape"},"content":{"rendered":"<p data-start=\"114\" data-end=\"419\">on <strong data-start=\"118\" data-end=\"149\">Bang Vape 18000 Puffs Pulse<\/strong> nab\u00edz\u00ed v\u00fdjime\u010dn\u00fd z\u00e1\u017eitek z vapingu s a\u017e <strong data-start=\"203\" data-end=\"219\">18 000 obl\u00e1\u010dk\u016f<\/strong>, \u010d\u00edm\u017e se zajist\u00ed <strong data-start=\"230\" data-end=\"256\">dlouhotrvaj\u00edc\u00ed pot\u011b\u0161en\u00ed<\/strong> a <strong data-start=\"261\" data-end=\"289\">bezkonkuren\u010dn\u00ed v\u00fdkon<\/strong>. Vybaveno <strong data-start=\"305\" data-end=\"343\">pokro\u010dil\u00e1 technologie dvojit\u00e9 s\u00ed\u0165ov\u00e9 c\u00edvky<\/strong>, tento jednor\u00e1zov\u00fd vape p\u0159in\u00e1\u0161\u00ed <strong data-start=\"375\" data-end=\"385\">hladk\u00fd<\/strong>, <strong data-start=\"387\" data-end=\"402\">bohat\u00e1 chu\u0165<\/strong> s ka\u017ed\u00fdm \u0161lukem.<\/p>\n<p data-start=\"421\" data-end=\"646\">S velkorys\u00fdm <strong data-start=\"437\" data-end=\"463\">Kapacita 20 ml e-liquidu<\/strong> a v\u00fdb\u011br <strong data-start=\"483\" data-end=\"504\">12 jedine\u010dn\u00fdch p\u0159\u00edchut\u00ed<\/strong>... <strong data-start=\"510\" data-end=\"529\">Bang Vape Pulse<\/strong> je navr\u017een tak, aby uspokojil v\u0161echny va\u0161e vapingov\u00e9 preference a poka\u017ed\u00e9 v\u00e1m poskytl v\u00fdjime\u010dn\u00fd a p\u0159izp\u016fsobiteln\u00fd z\u00e1\u017eitek.<\/p>\n<figure id=\"attachment_7346\" aria-describedby=\"caption-attachment-7346\" style=\"width: 514px\" class=\"wp-caption alignnone\"><img loading=\"lazy\" decoding=\"async\" class=\"wp-image-7346 size-large\" src=\"https:\/\/dankstarvapes.com\/wp-content\/uploads\/2024\/12\/Bang-Pulse-18000-18K-Puffs-Disposable-Vape-514x800.webp\" alt=\"Bang Vape 18000 Puffs\" width=\"514\" height=\"800\" title=\"\"><figcaption id=\"caption-attachment-7346\" class=\"wp-caption-text\">Bang Vape 18000 Puffs<\/figcaption><\/figure>\n<h3>Kl\u00ed\u010dov\u00e9 vlastnosti<\/h3>\n<h4><strong>Obrovsk\u00e1 objemov\u00e1 kapacita<\/strong><\/h4>\n<p>U\u017eijte si a\u017e <strong>18 000 obl\u00e1\u010dk\u016f<\/strong> - ide\u00e1ln\u00ed pro dlouhodob\u00e9 pou\u017e\u00edv\u00e1n\u00ed bez nutnosti neust\u00e1l\u00e9 v\u00fdm\u011bny. A\u0165 u\u017e jste p\u0159\u00edle\u017eitostn\u00fd vaper, nebo n\u00e1ro\u010dn\u00fd u\u017eivatel, Bang Pulse nab\u00edz\u00ed neuv\u011b\u0159itelnou hodnotu.<\/p>\n<h4><strong>Technologie Dual Mesh Coil<\/strong><\/h4>\n<p>Vybaveno <strong>c\u00edvky s dvojit\u00fdmi oky<\/strong>, Bang Pulse p\u0159in\u00e1\u0161\u00ed plynulej\u0161\u00ed p\u00e1ru a bohat\u0161\u00ed chu\u0165, tak\u017ee ka\u017ed\u00e9 \u0161luknut\u00ed je lep\u0161\u00edm z\u00e1\u017eitkem. U\u017eijte si konzistenci a vysok\u00fd v\u00fdkon p\u0159i ka\u017ed\u00e9m \u0161luknut\u00ed.<\/p>\n<h4><strong>Velkorys\u00e1 kapacita e-liquidu<\/strong><\/h4>\n<p>Na str\u00e1nk\u00e1ch <strong>Kapacita 20 ml e-liquidu<\/strong> zajist\u00ed, \u017ee m\u016f\u017eete vapovat d\u00e9le bez obav o dopl\u0148ov\u00e1n\u00ed. Je navr\u017een tak, aby umo\u017e\u0148oval del\u0161\u00ed pou\u017e\u00edv\u00e1n\u00ed, co\u017e je ide\u00e1ln\u00ed pro vapery na cest\u00e1ch.<\/p>\n<h4><strong>R\u016fzn\u00e9 varianty p\u0159\u00edchut\u00ed<\/strong><\/h4>\n<p>Vyberte si z <strong>12 vzru\u0161uj\u00edc\u00edch p\u0159\u00edchut\u00ed<\/strong>, v\u010detn\u011b mo\u017enost\u00ed, jako je nap\u0159. <strong>\u0160\u0165avnat\u00fd broskvov\u00fd led<\/strong>, <strong>Jahodov\u00fd meloun<\/strong>, <strong>Tropick\u00e9 ovoce<\/strong>a <strong>Blue Razz Ice<\/strong>, aby si ka\u017ed\u00fd na\u0161el n\u011bco pro sv\u00e9 chu\u0165ov\u00e9 bu\u0148ky.<\/p>\n<h4><strong>P\u0159izp\u016fsobiteln\u00e9 mo\u017enosti s\u00edly<\/strong><\/h4>\n<p>S nikotinem dostupn\u00fdm v <strong>0%, 2%, 3% a 5%<\/strong>, Bang Vape Pulse v\u00e1m umo\u017en\u00ed zvolit si ide\u00e1ln\u00ed hladinu nikotinu pro individu\u00e1ln\u00ed vapingov\u00fd z\u00e1\u017eitek.<\/p>\n<h4><strong>V\u00fdkonn\u00e1 baterie 650 mAh<\/strong><\/h4>\n<p>Vybaven spolehliv\u00fdm <strong>Nab\u00edjec\u00ed baterie s kapacitou 650 mAh<\/strong>, Bang Pulse zaji\u0161\u0165uje konzistentn\u00ed v\u00fdkon a podporuje va\u0161e pot\u0159eby vapingu po del\u0161\u00ed dobu bez \u010dast\u00e9ho dob\u00edjen\u00ed.<\/p>\n<h3>Pro\u010d si vybrat Bang Vape 18000 Puffs Pulse?<\/h3>\n<ul>\n<li><strong>Dlouhotrvaj\u00edc\u00ed kapacita nad\u00fdch\u00e1n\u00ed<\/strong>: Tento p\u0159\u00edstroj s v\u00fddr\u017e\u00ed a\u017e 18 000 potah\u016f je ide\u00e1ln\u00ed pro dlouhodob\u00e9 a nep\u0159eru\u0161ovan\u00e9 pou\u017e\u00edv\u00e1n\u00ed.<\/li>\n<li><strong>Hladk\u00e1, bohat\u00e1 chu\u0165<\/strong>: Dvojit\u00e9 s\u00ed\u0165ov\u00e9 c\u00edvky poskytuj\u00ed konzistentn\u00ed, aromatickou p\u00e1ru.<\/li>\n<li><strong>Velk\u00fd z\u00e1sobn\u00edk e-liquidu<\/strong>: Kapacita 20 ml sni\u017euje pot\u00ed\u017ee s dopl\u0148ov\u00e1n\u00edm a umo\u017e\u0148uje del\u0161\u00ed vaping.<\/li>\n<li><strong>R\u016fzn\u00e9 p\u0159\u00edchut\u011b<\/strong>: S 12 jedine\u010dn\u00fdmi p\u0159\u00edchut\u011bmi si v\u017edy najdete n\u011bco, co si zamilujete.<\/li>\n<li><strong>P\u0159izp\u016fsobiteln\u00e1 s\u00edla nikotinu<\/strong>: P\u0159izp\u016fsobte si vaping sv\u00fdm preferenc\u00edm.<\/li>\n<\/ul>\n<h3>Specifikace produktu<\/h3>\n<table>\n<thead>\n<tr>\n<th>Funkce<\/th>\n<th>Podrobnosti na<\/th>\n<\/tr>\n<\/thead>\n<tbody>\n<tr>\n<td><strong>Po\u010det puf\u016f<\/strong><\/td>\n<td>A\u017e 18 000 vdech\u016f<\/td>\n<\/tr>\n<tr>\n<td><strong>Kapacita e-kapaliny<\/strong><\/td>\n<td>20 ml p\u0159edpln\u011bn\u00e9 n\u00e1pln\u011b<\/td>\n<\/tr>\n<tr>\n<td><strong>S\u00edla nikotinu<\/strong><\/td>\n<td>0%, 2%, 3%, 5%<\/td>\n<\/tr>\n<tr>\n<td><strong>Baterie<\/strong><\/td>\n<td>Nab\u00edjec\u00ed kapacita 650 mAh<\/td>\n<\/tr>\n<tr>\n<td><strong>Typ c\u00edvky<\/strong><\/td>\n<td>Dvojit\u00e1 s\u00ed\u0165ovina<\/td>\n<\/tr>\n<tr>\n<td><strong>P\u0159\u00edchut\u011b<\/strong><\/td>\n<td>12 dostupn\u00fdch mo\u017enost\u00ed<\/td>\n<\/tr>\n<tr>\n<td><strong>Rozm\u011bry<\/strong><\/td>\n<td>Kompaktn\u00ed a p\u0159enosn\u00e9<\/td>\n<\/tr>\n<\/tbody>\n<\/table>\n<h3>Objednejte si Bang Vape 18000 Puffs je\u0161t\u011b dnes!<\/h3>\n<p>Zlep\u0161ete sv\u016fj z\u00e1\u017eitek z vapingu s p\u0159\u00edstrojem <strong>Bang Vape 18000 Puffs Pulse<\/strong>. Tento jednor\u00e1zov\u00fd vape je ide\u00e1ln\u00ed pro za\u010d\u00e1te\u010dn\u00edky i zku\u0161en\u00e9 vapery a nab\u00edz\u00ed v\u00fdjime\u010dnou hodnotu, vynikaj\u00edc\u00ed v\u00fdkon a maxim\u00e1ln\u00ed spokojenost.<\/p>\n<p>Objednejte si nyn\u00ed a vychutnejte si ten nejhlad\u0161\u00ed a nejchutn\u011bj\u0161\u00ed vapingov\u00fd z\u00e1\u017eitek!<\/p>\n<p>\ud83d\udc49 <strong>Omezen\u00e9 skladov\u00e9 z\u00e1soby - po\u0159i\u010fte si je\u0161t\u011b dnes!<\/strong><\/p>\n<p><strong>Pro\u010d si vybrat pr\u00e1v\u011b n\u00e1s?<\/strong><\/p>\n<p>V\u00fdb\u011brem ofici\u00e1ln\u00edho obchodu s jednor\u00e1zov\u00fdmi vapes m\u016f\u017eete vyu\u017e\u00edt mnoha v\u00fdhod:<\/p>\n<ul>\n<li><strong>Ofici\u00e1ln\u00ed prodejn\u00ed kan\u00e1l:<\/strong>\u00a0Zaru\u010dujeme autentick\u00e9 v\u00fdrobky a kvalitn\u00ed slu\u017eby.<\/li>\n<li><strong>Velkoobchod a maloobchod:<\/strong>\u00a0Nab\u00edz\u00edme flexibiln\u00ed mo\u017enosti n\u00e1kupu pro jednotlivce i velkoobchodn\u00edky.<\/li>\n<li><strong>Zaji\u0161t\u011bn\u00ed kvality:<\/strong>\u00a0Na\u0161e v\u00fdrobky proch\u00e1zej\u00ed p\u0159\u00edsn\u00fdm testov\u00e1n\u00edm kvality, abychom zajistili va\u0161i spokojenost.<\/li>\n<li><strong>Doprava po cel\u00e9m sv\u011bt\u011b:<\/strong>\u00a0Na\u0161e v\u00fdrobky hrd\u011b zas\u00edl\u00e1me do v\u011bt\u0161iny zem\u00ed sv\u011bta, tak\u017ee si je m\u016f\u017eete vychutnat bez ohledu na to, kde se nach\u00e1z\u00edte.<\/li>\n<li><strong>Zku\u0161enosti v oboru:<\/strong>\u00a0D\u00edky v\u00edce ne\u017e 8 let\u016fm zku\u0161enost\u00ed na trhu jsme se stali d\u016fv\u011bryhodnou a prvot\u0159\u00eddn\u00ed volbou.<\/li>\n<li><strong>Dlouhodob\u00e1 partnerstv\u00ed:<\/strong>\u00a0Spolupracujeme tak\u00e9 s m\u00edstn\u00edmi majiteli obchod\u016f v Evrop\u011b, co\u017e n\u00e1m umo\u017e\u0148uje rychle reagovat na pot\u0159eby trhu a udr\u017eovat \u010derstvost na\u0161ich v\u00fdrobk\u016f.<\/li>\n<\/ul>\n<p>V\u00fdb\u011br na\u0161ich jednor\u00e1zov\u00fdch vap\u016f v\u00e1m umo\u017en\u00ed nejen vychutnat si r\u016fzn\u00e9 p\u0159\u00edchut\u011b, ale tak\u00e9 za\u017e\u00edt neoby\u010dejnou cestu vapov\u00e1n\u00ed. Pro v\u00edce informac\u00ed n\u00e1s nav\u0161tivte <a href=\"http:\/\/dankstarvapes.com\" target=\"_blank\" rel=\"noopener\">dankstarvapes.com<\/a>!<\/p>","protected":false},"excerpt":{"rendered":"<p>he Bang Vape 18000 Puffs Pulse offers an extraordinary vaping experience with up to 18,000 puffs, ensuring long-lasting enjoyment and unparalleled performance. Equipped with advanced dual mesh coil technology, this disposable vape delivers smooth, rich flavor with every puff. With a generous 20ml e-liquid capacity and a selection of 12 unique flavors, the Bang Vape [&#8230;]","protected":false},"featured_media":2561,"comment_status":"open","ping_status":"closed","template":"","meta":[],"product_brand":[],"product_cat":[72,75,102,76,77,95,120,73,78,97,71,79,80,81,82,83,84,85,86,87,88,89,90,91,92],"product_tag":[],"class_list":{"0":"post-2548","1":"product","2":"type-product","3":"status-publish","4":"has-post-thumbnail","6":"product_cat-0-nicotine-disposable-vape","7":"product_cat-2-nicotine-disposable-vape","8":"product_cat-20000-20k-puff-vape","9":"product_cat-3-nicotine-disposable-vape","10":"product_cat-5-nicotine-disposable-vape","11":"product_cat-advanced-vape","12":"product_cat-bang-vape","13":"product_cat-big-puff-vapes","14":"product_cat-disposable-vape-near-me","15":"product_cat-disposable-vape-with-screen","16":"product_cat-0-5-nicotine-vapes","17":"product_cat-disposable-vapes-in-austria","18":"product_cat-disposable-vapes-in-belgium","19":"product_cat-disposable-vapes-in-france","20":"product_cat-disposable-vapes-in-germany","21":"product_cat-disposable-vapes-in-ltaly","22":"product_cat-disposable-vapes-in-netherlands","23":"product_cat-disposable-vapes-in-norway","24":"product_cat-disposable-vapes-in-poland","25":"product_cat-disposable-vapes-in-portugal","26":"product_cat-disposable-vapes-in-spain","27":"product_cat-disposable-vapes-in-sweden","28":"product_cat-disposable-vapes-in-switzerland","29":"product_cat-disposable-vapes-in-united-states","30":"product_cat-vape-brands","32":"first","33":"instock","34":"shipping-taxable","35":"purchasable","36":"product-type-variable","37":"has-default-attributes"},"tiered_pricing_type":"fixed","tiered_pricing_fixed_rules":[],"tiered_pricing_product_settings":{"layout":"default","base_unit_name":{"singular":null,"plural":null},"default_variation":null},"tiered_pricing_minimum_quantity":null,"tiered_pricing_roles_data":[],"tiered_pricing_percentage_rules":[],"tiered_pricing_maximum_quantity":null,"tiered_pricing_quantity_step":null,"_links":{"self":[{"href":"https:\/\/vapsolovape.com\/cs\/wp-json\/wp\/v2\/product\/2548","targetHints":{"allow":["GET"]}}],"collection":[{"href":"https:\/\/vapsolovape.com\/cs\/wp-json\/wp\/v2\/product"}],"about":[{"href":"https:\/\/vapsolovape.com\/cs\/wp-json\/wp\/v2\/types\/product"}],"replies":[{"embeddable":true,"href":"https:\/\/vapsolovape.com\/cs\/wp-json\/wp\/v2\/comments?post=2548"}],"wp:featuredmedia":[{"embeddable":true,"href":"https:\/\/vapsolovape.com\/cs\/wp-json\/wp\/v2\/media\/2561"}],"wp:attachment":[{"href":"https:\/\/vapsolovape.com\/cs\/wp-json\/wp\/v2\/media?parent=2548"}],"wp:term":[{"taxonomy":"product_brand","embeddable":true,"href":"https:\/\/vapsolovape.com\/cs\/wp-json\/wp\/v2\/product_brand?post=2548"},{"taxonomy":"product_cat","embeddable":true,"href":"https:\/\/vapsolovape.com\/cs\/wp-json\/wp\/v2\/product_cat?post=2548"},{"taxonomy":"product_tag","embeddable":true,"href":"https:\/\/vapsolovape.com\/cs\/wp-json\/wp\/v2\/product_tag?post=2548"}],"curies":[{"name":"wp","href":"https:\/\/api.w.org\/{rel}","templated":true}]}}