{"id":2595,"date":"2025-02-14T18:26:04","date_gmt":"2025-02-14T10:26:04","guid":{"rendered":"https:\/\/vapsolovape.com\/?post_type=product&#038;p=2595"},"modified":"2025-07-14T18:55:08","modified_gmt":"2025-07-14T10:55:08","slug":"cloud-nine-q24-12000-puffs-dobijeci-vymenitelny-pod","status":"publish","type":"product","link":"https:\/\/vapsolovape.com\/cs\/produkt\/cloud-nine-q24-12000-puffs-dobijeci-vymenitelny-pod\/","title":{"rendered":"CLOUD NINE Q24 12000 Puffs Vape - dob\u00edjec\u00ed a vym\u011bniteln\u00fd pod syst\u00e9m"},"content":{"rendered":"<p><span data-preserver-spaces=\"true\">Za\u017eijte <\/span><strong><span data-preserver-spaces=\"true\">CLOUD NINE Q24 12000 Puffs Dob\u00edjec\u00ed a vym\u011bniteln\u00fd Pod Vape<\/span><\/strong><span data-preserver-spaces=\"true\">, inovativn\u00ed za\u0159\u00edzen\u00ed ur\u010den\u00e9 pro <\/span><strong><span data-preserver-spaces=\"true\">dlouhotrvaj\u00edc\u00ed v\u00fdkon a v\u00fdjime\u010dn\u00e1 chu\u0165<\/span><\/strong><span data-preserver-spaces=\"true\">. S <\/span><strong><span data-preserver-spaces=\"true\">mimo\u0159\u00e1dn\u011b dlouh\u00e1 \u017eivotnost 12 000 v\u00fddech\u016f<\/span><\/strong><span data-preserver-spaces=\"true\">, je ide\u00e1ln\u00ed pro ka\u017edodenn\u00ed i zku\u0161en\u00e9 vapery.<\/span><\/p>\n<p><span data-preserver-spaces=\"true\">Obsahuje <\/span><strong><span data-preserver-spaces=\"true\">syst\u00e9m vym\u011bniteln\u00fdch lusk\u016f<\/span><\/strong><span data-preserver-spaces=\"true\">, m\u016f\u017eete snadno m\u011bnit p\u0159\u00edchut\u011b, ani\u017e byste museli vym\u011b\u0148ovat cel\u00e9 za\u0159\u00edzen\u00ed, co\u017e je \u0161etrn\u00e9 k \u017eivotn\u00edmu prost\u0159ed\u00ed a n\u00e1kladov\u011b efektivn\u00ed a zaji\u0161\u0165uje vynikaj\u00edc\u00ed z\u00e1\u017eitek z vapingu. Mezit\u00edm se <\/span><strong><span data-preserver-spaces=\"true\">dob\u00edjec\u00ed konstrukce<\/span><\/strong><span data-preserver-spaces=\"true\"> prodlu\u017euje v\u00fddr\u017e baterie, tak\u017ee se nikdy nemus\u00edte ob\u00e1vat, \u017ee v\u00e1m dojde energie - u\u017eijte si <\/span><strong><span data-preserver-spaces=\"true\">vysoce kvalitn\u00ed vape session kdykoli a kdekoli<\/span><\/strong><span data-preserver-spaces=\"true\">.<\/span><\/p>\n<p><img loading=\"lazy\" decoding=\"async\" class=\"size-full wp-image-7416\" src=\"https:\/\/dankstarvapes.com\/wp-content\/uploads\/2024\/12\/CLOUD-NINE-Q24-12000-Puffs-11.webp\" alt=\"CLOUD NINE Q24 12000 Puffs\" width=\"944\" height=\"2560\" title=\"\"><\/p>\n<p>&nbsp;<\/p>\n<p>&nbsp;<\/p>\n<hr \/>\n<h4><strong>Kl\u00ed\u010dov\u00e9 vlastnosti:<\/strong><\/h4>\n<ul>\n<li><strong>Roz\u0161\u00ed\u0159en\u00fd po\u010det puf\u016f:<\/strong> Vychutnejte si a\u017e 12 000 \u0161luk\u016f, co\u017e minimalizuje pot\u0159ebu \u010dast\u00e9 v\u00fdm\u011bny.<\/li>\n<li><strong>Dob\u00edjec\u00ed baterie:<\/strong> Model Q24 je vybaven dob\u00edjec\u00ed bateri\u00ed s kapacitou 500 mAh, kter\u00e1 zaji\u0161\u0165uje del\u0161\u00ed dobu pou\u017e\u00edv\u00e1n\u00ed a rychl\u00e9 dob\u00edjen\u00ed prost\u0159ednictv\u00edm portu typu C.<\/li>\n<li><strong>Vym\u011bniteln\u00e9 pody:<\/strong> U\u0161et\u0159ete pen\u00edze a sni\u017ete mno\u017estv\u00ed odpadu d\u00edky vym\u011bniteln\u00fdm kapsl\u00edm, kter\u00e9 p\u0159i ka\u017ed\u00e9m pou\u017eit\u00ed nab\u00edzej\u00ed \u010derstvou a \u010distou chu\u0165.<\/li>\n<li><strong>Kapacita e-kapaliny:<\/strong> 10 ml e-liquidu pro del\u0161\u00ed vapov\u00e1n\u00ed.<\/li>\n<li><strong>Technologie Mesh Coil:<\/strong> 1,0\u03a9 mesh j\u00e1dro optimalizovan\u00e9 pro bohatou chu\u0165 a plynulou produkci p\u00e1ry.<\/li>\n<li><strong>S\u00edla nikotinu:<\/strong> S\u00edla nikotinu 5% pro uspokojiv\u00fd a hladk\u00fd vape.<\/li>\n<li><strong>Efektivn\u00ed nab\u00edjen\u00ed:<\/strong> Nab\u00edjec\u00ed port typu C zaji\u0161\u0165uje rychl\u00e9 a efektivn\u00ed dob\u00edjen\u00ed.<\/li>\n<\/ul>\n<hr \/>\n<h4><strong>V\u00fdb\u011br p\u0159\u00edchut\u00ed:<\/strong><\/h4>\n<p>Objevte \u0161irokou \u0161k\u00e1lu osv\u011b\u017euj\u00edc\u00edch p\u0159\u00edchut\u00ed podle sv\u00e9 chuti:<\/p>\n<ul>\n<li><strong>Jahody:<\/strong> Sladk\u00fd ovocn\u00fd z\u00e1van \u010derstv\u011b natrhan\u00fdch jahod.<\/li>\n<li><strong>Meloun:<\/strong> Osv\u011b\u017euj\u00edc\u00ed a \u0161\u0165avnat\u00e9 s letn\u00ed chut\u00ed.<\/li>\n<li><strong>Sm\u00ed\u0161en\u00e9 bobule:<\/strong> Harmonick\u00e1 sm\u011bs trpk\u00fdch a sladk\u00fdch bobul\u00ed.<\/li>\n<li><strong>Jahodov\u00fd meloun:<\/strong> Dokonal\u00e9 spojen\u00ed jahod a melounu.<\/li>\n<li><strong>Hroznov\u00e1 zmrzlina:<\/strong> Sladk\u00e9 hrozny s kr\u00e9mov\u00fdm, chladiv\u00fdm n\u00e1dechem.<\/li>\n<li><strong>Yakult:<\/strong> Pikantn\u00ed, sladk\u00e1 chu\u0165 inspirovan\u00e1 obl\u00edben\u00fdm kva\u0161en\u00fdm n\u00e1pojem.<\/li>\n<li><strong>Jahodov\u00e1 zmrzlina:<\/strong> Bohat\u00fd kr\u00e9mov\u00fd z\u00e1\u017eitek p\u0159ipom\u00ednaj\u00edc\u00ed dezert.<\/li>\n<li><strong>Cantaloupe:<\/strong> Lehk\u00e1, jemn\u011b sladk\u00e1 a osv\u011b\u017euj\u00edc\u00ed chu\u0165.<\/li>\n<li><strong>Mango:<\/strong> Tropick\u00fd p\u0159\u00edval \u0161\u0165avnat\u00e9 mangov\u00e9 dobroty.<\/li>\n<li><strong>Koks:<\/strong> Klasick\u00e1 kolov\u00e1 chu\u0165, kter\u00e1 vyvol\u00e1v\u00e1 nostalgick\u00e9 vzpom\u00ednky na \u0161umiv\u00e9 n\u00e1poje.<\/li>\n<\/ul>\n<hr \/>\n<h4><strong>Pro\u010d si vybrat CLOUD NINE Q24 12000 Puffs?<\/strong><\/h4>\n<ul>\n<li><strong>Dlouhodob\u00fd v\u00fdkon:<\/strong> 12 000 potah\u016f, kapacita 10 ml e-liquidu a dob\u00edjec\u00ed baterie poskytuj\u00ed dlouh\u00fd a p\u0159\u00edjemn\u00fd z\u00e1\u017eitek z vapov\u00e1n\u00ed.<\/li>\n<li><strong>N\u00e1kladov\u011b efektivn\u00ed a \u0161etrn\u00e9 k \u017eivotn\u00edmu prost\u0159ed\u00ed:<\/strong> Vym\u011bniteln\u00e9 lusky sni\u017euj\u00ed mno\u017estv\u00ed odpadu a z\u00e1rove\u0148 sni\u017euj\u00ed n\u00e1klady.<\/li>\n<li><strong>P\u0159izp\u016fsobiteln\u00fd z\u00e1\u017eitek z vapingu:<\/strong> Vyberte si svou obl\u00edbenou p\u0159\u00edchu\u0165 a vychutnejte si vyv\u00e1\u017eenou s\u00edlu nikotinu 5%.<\/li>\n<li><strong>Pohodl\u00ed na cest\u00e1ch:<\/strong> Lehk\u00fd a p\u0159enosn\u00fd model Q24 je ide\u00e1ln\u00ed pro ka\u017edodenn\u00ed pou\u017eit\u00ed.<\/li>\n<\/ul>\n<hr \/>\n<h4><strong>Velkoobchodn\u00ed v\u00fdhody:<\/strong><\/h4>\n<ul>\n<li><strong>Hromadn\u00e9 ceny:<\/strong> Konkuren\u010dn\u00ed ceny pro velk\u00e9 objedn\u00e1vky, kter\u00e9 maximalizuj\u00ed va\u0161e ziskov\u00e9 mar\u017ee.<\/li>\n<li><strong>Spolehliv\u00e9 z\u00e1soby:<\/strong> St\u00e1l\u00e1 dostupnost zaji\u0161\u0165uje, \u017ee m\u016f\u017eete uspokojit popt\u00e1vku z\u00e1kazn\u00edk\u016f.<\/li>\n<li><strong>Flexibiln\u00ed objedn\u00e1vky:<\/strong> Vyberte si z r\u016fzn\u00fdch p\u0159\u00edchut\u00ed podle preferenc\u00ed sv\u00fdch z\u00e1kazn\u00edk\u016f.<\/li>\n<li><strong>Rychl\u00e9 dod\u00e1n\u00ed:<\/strong> V\u010dasn\u00e9 a spolehliv\u00e9 dod\u00e1vky, kter\u00e9 zajist\u00ed, \u017ee va\u0161e z\u00e1soby budou v\u017edy p\u0159ipraveny.<\/li>\n<\/ul>\n<hr \/>\n<p>Zlep\u0161ete sv\u016fj z\u00e1\u017eitek z vapov\u00e1n\u00ed s jednor\u00e1zovou vapkou CLOUD NINE Q24 12000 Puffs s dob\u00edjec\u00edmi a vym\u011bniteln\u00fdmi pody. A\u0165 u\u017e jste maloobchodn\u00edk nebo oddan\u00fd vaper, toto inovativn\u00ed za\u0159\u00edzen\u00ed nab\u00edz\u00ed to nejlep\u0161\u00ed z v\u00fdkonu, chuti a pohodl\u00ed.<\/p>\n<p><strong>Pro\u010d si vybrat pr\u00e1v\u011b n\u00e1s?<\/strong><\/p>\n<p>V\u00fdb\u011brem ofici\u00e1ln\u00edho obchodu s jednor\u00e1zov\u00fdmi vapes m\u016f\u017eete vyu\u017e\u00edt mnoha v\u00fdhod:<\/p>\n<ul>\n<li><strong>Ofici\u00e1ln\u00ed prodejn\u00ed kan\u00e1l:<\/strong>\u00a0Zaru\u010dujeme autentick\u00e9 v\u00fdrobky a kvalitn\u00ed slu\u017eby.<\/li>\n<li><strong>Velkoobchod a maloobchod:<\/strong>\u00a0Nab\u00edz\u00edme flexibiln\u00ed mo\u017enosti n\u00e1kupu pro jednotlivce i velkoobchodn\u00edky.<\/li>\n<li><strong>Zaji\u0161t\u011bn\u00ed kvality:<\/strong>\u00a0Na\u0161e v\u00fdrobky proch\u00e1zej\u00ed p\u0159\u00edsn\u00fdm testov\u00e1n\u00edm kvality, abychom zajistili va\u0161i spokojenost.<\/li>\n<li><strong>Doprava po cel\u00e9m sv\u011bt\u011b:<\/strong>\u00a0Na\u0161e v\u00fdrobky hrd\u011b zas\u00edl\u00e1me do v\u011bt\u0161iny zem\u00ed sv\u011bta, tak\u017ee si je m\u016f\u017eete vychutnat bez ohledu na to, kde se nach\u00e1z\u00edte.<\/li>\n<li><strong>Zku\u0161enosti v oboru:<\/strong>\u00a0D\u00edky v\u00edce ne\u017e 8 let\u016fm zku\u0161enost\u00ed na trhu jsme se stali d\u016fv\u011bryhodnou a prvot\u0159\u00eddn\u00ed volbou.<\/li>\n<li><strong>Dlouhodob\u00e1 partnerstv\u00ed:<\/strong>\u00a0Spolupracujeme tak\u00e9 s m\u00edstn\u00edmi majiteli obchod\u016f v Evrop\u011b, co\u017e n\u00e1m umo\u017e\u0148uje rychle reagovat na pot\u0159eby trhu a udr\u017eovat \u010derstvost na\u0161ich v\u00fdrobk\u016f.<\/li>\n<\/ul>\n<p>V\u00fdb\u011br na\u0161ich jednor\u00e1zov\u00fdch vap\u016f v\u00e1m umo\u017en\u00ed nejen vychutnat si r\u016fzn\u00e9 p\u0159\u00edchut\u011b, ale tak\u00e9 za\u017e\u00edt neoby\u010dejnou cestu vapov\u00e1n\u00ed. Pro v\u00edce informac\u00ed n\u00e1s nav\u0161tivte <a href=\"http:\/\/dankstarvapes.com\" target=\"_blank\" rel=\"noopener\">dankstarvapes.com<\/a>!<\/p>","protected":false},"excerpt":{"rendered":"<p>Experience the CLOUD NINE Q24 12000 Puffs Rechargeable &amp; Replaceable Pod Vape, an innovative device designed for long-lasting performance and exceptional flavor. With an ultra-long lifespan of 12,000 puffs, it is perfect for daily and seasoned vapers. Featuring a replaceable pod system, you can easily switch flavors without replacing the entire device, making it eco-friendly [&#8230;]","protected":false},"featured_media":2610,"comment_status":"open","ping_status":"closed","template":"","meta":[],"product_brand":[],"product_cat":[74,77,73,122,78,71,79,80,81,82,83,84,85,86,87,88,89,90,91],"product_tag":[],"class_list":{"0":"post-2595","1":"product","2":"type-product","3":"status-publish","4":"has-post-thumbnail","6":"product_cat-12000-12k-puff-vape","7":"product_cat-5-nicotine-disposable-vape","8":"product_cat-big-puff-vapes","9":"product_cat-cloud-nine-vape","10":"product_cat-disposable-vape-near-me","11":"product_cat-0-5-nicotine-vapes","12":"product_cat-disposable-vapes-in-austria","13":"product_cat-disposable-vapes-in-belgium","14":"product_cat-disposable-vapes-in-france","15":"product_cat-disposable-vapes-in-germany","16":"product_cat-disposable-vapes-in-ltaly","17":"product_cat-disposable-vapes-in-netherlands","18":"product_cat-disposable-vapes-in-norway","19":"product_cat-disposable-vapes-in-poland","20":"product_cat-disposable-vapes-in-portugal","21":"product_cat-disposable-vapes-in-spain","22":"product_cat-disposable-vapes-in-sweden","23":"product_cat-disposable-vapes-in-switzerland","24":"product_cat-disposable-vapes-in-united-states","26":"first","27":"instock","28":"shipping-taxable","29":"purchasable","30":"product-type-variable","31":"has-default-attributes"},"tiered_pricing_type":"fixed","tiered_pricing_fixed_rules":[],"tiered_pricing_product_settings":{"layout":"default","base_unit_name":{"singular":null,"plural":null},"default_variation":null},"tiered_pricing_minimum_quantity":null,"tiered_pricing_roles_data":[],"tiered_pricing_percentage_rules":[],"tiered_pricing_maximum_quantity":null,"tiered_pricing_quantity_step":null,"_links":{"self":[{"href":"https:\/\/vapsolovape.com\/cs\/wp-json\/wp\/v2\/product\/2595","targetHints":{"allow":["GET"]}}],"collection":[{"href":"https:\/\/vapsolovape.com\/cs\/wp-json\/wp\/v2\/product"}],"about":[{"href":"https:\/\/vapsolovape.com\/cs\/wp-json\/wp\/v2\/types\/product"}],"replies":[{"embeddable":true,"href":"https:\/\/vapsolovape.com\/cs\/wp-json\/wp\/v2\/comments?post=2595"}],"wp:featuredmedia":[{"embeddable":true,"href":"https:\/\/vapsolovape.com\/cs\/wp-json\/wp\/v2\/media\/2610"}],"wp:attachment":[{"href":"https:\/\/vapsolovape.com\/cs\/wp-json\/wp\/v2\/media?parent=2595"}],"wp:term":[{"taxonomy":"product_brand","embeddable":true,"href":"https:\/\/vapsolovape.com\/cs\/wp-json\/wp\/v2\/product_brand?post=2595"},{"taxonomy":"product_cat","embeddable":true,"href":"https:\/\/vapsolovape.com\/cs\/wp-json\/wp\/v2\/product_cat?post=2595"},{"taxonomy":"product_tag","embeddable":true,"href":"https:\/\/vapsolovape.com\/cs\/wp-json\/wp\/v2\/product_tag?post=2595"}],"curies":[{"name":"wp","href":"https:\/\/api.w.org\/{rel}","templated":true}]}}