{"id":2620,"date":"2025-02-14T18:26:28","date_gmt":"2025-02-14T10:26:28","guid":{"rendered":"https:\/\/vapsolovape.com\/?post_type=product&#038;p=2620"},"modified":"2025-02-24T22:20:12","modified_gmt":"2025-02-24T14:20:12","slug":"doloda-vape-7000-puffs-dobijeci-8-moznosti-prichuti","status":"publish","type":"product","link":"https:\/\/vapsolovape.com\/cs\/produkt\/doloda-vape-7000-puffs-dobijeci-8-moznosti-prichuti\/","title":{"rendered":"DOLODA Vape 7000 Puffs - dob\u00edjec\u00ed s 8 mo\u017enostmi p\u0159\u00edchut\u00ed"},"content":{"rendered":"<p data-start=\"133\" data-end=\"508\">Za\u017eijte dlouhodobou spokojenost s <strong data-start=\"179\" data-end=\"199\">DOLODA Vape 7000<\/strong>, pr\u00e9miov\u00fd jednor\u00e1zov\u00fd vape, kter\u00fd nab\u00edz\u00ed a\u017e <strong data-start=\"245\" data-end=\"259\">7000 obl\u00e1\u010dk\u016f<\/strong>, a <strong data-start=\"263\" data-end=\"287\">dob\u00edjec\u00ed baterie<\/strong>a <strong data-start=\"293\" data-end=\"323\">8 lahodn\u00fdch p\u0159\u00edchut\u00ed<\/strong>. Ur\u010deno pro ty, kte\u0159\u00ed vy\u017eaduj\u00ed <strong data-start=\"360\" data-end=\"375\">pohodl\u00ed<\/strong> a <strong data-start=\"380\" data-end=\"391\">kvalita<\/strong>... <strong data-start=\"397\" data-end=\"417\">DOLODA Vape 7000<\/strong> p\u0159in\u00e1\u0161\u00ed <strong data-start=\"429\" data-end=\"439\">hladk\u00fd<\/strong> a <strong data-start=\"444\" data-end=\"460\">p\u0159izp\u016fsobiteln\u00e9<\/strong> vapingov\u00fd z\u00e1\u017eitek p\u0159izp\u016fsoben\u00fd va\u0161im preferenc\u00edm.<\/p>\n<p data-start=\"510\" data-end=\"644\">Toto za\u0159\u00edzen\u00ed je ide\u00e1ln\u00ed pro vapery, kte\u0159\u00ed cht\u011bj\u00ed dokonalou rovnov\u00e1hu mezi v\u00fdkonem a chut\u00ed, a je vyrobeno tak, abyste byli spokojeni s ka\u017ed\u00fdm potahem.<\/p>\n<figure id=\"attachment_7435\" aria-describedby=\"caption-attachment-7435\" style=\"width: 800px\" class=\"wp-caption alignnone\"><img loading=\"lazy\" decoding=\"async\" class=\"size-full wp-image-7435\" src=\"https:\/\/dankstarvapes.com\/wp-content\/uploads\/2024\/12\/doloda-db7000-menu.webp\" alt=\"DOLODA Vape 7000\" width=\"800\" height=\"800\" title=\"\"><figcaption id=\"caption-attachment-7435\" class=\"wp-caption-text\">DOLODA Vape 7000<\/figcaption><\/figure>\n<h3><strong>Kl\u00ed\u010dov\u00e9 vlastnosti DOLODA Vape 7000<\/strong><\/h3>\n<ul>\n<li><strong>7000 puf\u016f pro prodlou\u017een\u00e9 pou\u017eit\u00ed<\/strong>: Vychutnejte si dlouhotrvaj\u00edc\u00ed spokojenost s a\u017e 7000 potahy na jedno za\u0159\u00edzen\u00ed, co\u017e zajist\u00ed m\u00e9n\u011b v\u00fdm\u011bn a v\u00edce \u010dasu na vaping.<\/li>\n<li><strong>Dob\u00edjec\u00ed baterie<\/strong>: Nab\u00edjec\u00ed baterie s kapacitou 500 mAh. <strong>DOLODA Vape 7000<\/strong> poskytuje konzistentn\u00ed v\u00fdkon a pro va\u0161e pohodl\u00ed jej lze rychle dob\u00edjet prost\u0159ednictv\u00edm portu typu C.<\/li>\n<li><strong>Technologie Premium Mesh Coil<\/strong>: 1,2ohmov\u00e1 s\u00ed\u0165ov\u00e1 spir\u00e1lka zvy\u0161uje intenzitu chuti a produkci p\u00e1ry a poskytuje bohat\u00fd, uspokojiv\u00fd z\u00e1\u017eitek p\u0159i ka\u017ed\u00e9m potahu.<\/li>\n<li><strong>Velkorys\u00e1 kapacita e-liquidu<\/strong>: D\u00edky kapacit\u011b 14 ml e-liquidu si m\u016f\u017eete vychutnat nep\u0159eru\u0161ovan\u00e9 vapov\u00e1n\u00ed bez \u010dast\u00e9ho dopl\u0148ov\u00e1n\u00ed.<\/li>\n<li><strong>V\u00edce mo\u017enost\u00ed nikotinu<\/strong>: M\u016f\u017eete si vybrat ze sil nikotinu 0%, 2%, 3% nebo 5%, co\u017e v\u00e1m umo\u017en\u00ed p\u0159izp\u016fsobit si z\u00e1\u017eitek podle sv\u00fdch preferenc\u00ed.<\/li>\n<li><strong>Kompaktn\u00ed a p\u0159enosn\u00e9<\/strong>: D\u00edky lehk\u00e9 konstrukci (pouze 63 g) a kompaktn\u00edm rozm\u011br\u016fm (25 x 55 x 98,5 mm) je ide\u00e1ln\u00ed pro vaping na cest\u00e1ch.<\/li>\n<\/ul>\n<h3><strong>Chu\u0165ov\u00e9 varianty pro ka\u017edou chu\u0165<\/strong><\/h3>\n<p>Na str\u00e1nk\u00e1ch <strong>DOLODA Vape 7000<\/strong> p\u0159ich\u00e1z\u00ed s 8 vzru\u0161uj\u00edc\u00edmi p\u0159\u00edchut\u011bmi, z nich\u017e ka\u017ed\u00e1 je vytvo\u0159ena tak, aby poskytovala jedine\u010dn\u00fd vapingov\u00fd z\u00e1\u017eitek:<\/p>\n<ol>\n<li><strong>Jahodov\u00fd ban\u00e1n<\/strong> - Sladk\u00e1 a kr\u00e9mov\u00e1 sm\u011bs zral\u00fdch jahod a ban\u00e1n\u016f.<\/li>\n<li><strong>Gumov\u00fd medv\u00eddek<\/strong> - Z\u00e1bavn\u00e1 p\u0159\u00edchu\u0165 inspirovan\u00e1 cukrovinkami p\u0159in\u00e1\u0161\u00ed sladk\u00fd z\u00e1\u017eitek.<\/li>\n<li><strong>Sv\u011b\u017e\u00ed led<\/strong> - Osv\u011b\u017euj\u00edc\u00ed p\u0159\u00edchu\u0165 vodn\u00edho melounu s chladiv\u00fdm mentolov\u00fdm z\u00e1v\u011brem.<\/li>\n<li><strong>Hroznov\u00fd led<\/strong> - \u0160\u0165avnat\u00e1 hroznov\u00e1 p\u0159\u00edchu\u0165 s mraziv\u00fdm ledov\u00fdm n\u00e1dechem.<\/li>\n<li><strong>Blue Razz Ice<\/strong> - Pikantn\u00ed p\u0159\u00edchu\u0165 modr\u00e9 maliny s mentolov\u00fdm n\u00e1dechem.<\/li>\n<li><strong>Pina Colada<\/strong> - Tropick\u00e1 sm\u011bs ananasu a kokosu pro z\u00e1\u017eitek inspirovan\u00fd dovolenou.<\/li>\n<li><strong>Jahodov\u00fd meloun<\/strong> - Dokonal\u00e9 spojen\u00ed sladk\u00fdch jahod a \u0161\u0165avnat\u00e9ho melounu.<\/li>\n<li><strong>Dvojit\u00e1 jablka<\/strong> - Bohat\u00e1 a sv\u011b\u017e\u00ed jable\u010dn\u00e1 p\u0159\u00edchu\u0165, kter\u00e1 nab\u00edz\u00ed sladk\u00fd a osv\u011b\u017euj\u00edc\u00ed vape.<\/li>\n<\/ol>\n<h3><strong>Pro\u010d si vybrat DOLODA Vape 7000?<\/strong><\/h3>\n<ul>\n<li><strong>Roz\u0161\u00ed\u0159en\u00fd po\u017eitek<\/strong>: D\u00edky 7000 \u0161luk\u016fm na jedno za\u0159\u00edzen\u00ed si u\u017eijete dlouhotrvaj\u00edc\u00ed vaping bez nutnosti \u010dast\u00e9 v\u00fdm\u011bny.<\/li>\n<li><strong>P\u0159izp\u016fsobiteln\u00fd z\u00e1\u017eitek<\/strong>: Vyberte si z r\u016fzn\u00fdch sil nikotinu a p\u0159\u00edchut\u00ed podle sv\u00fdch preferenc\u00ed.<\/li>\n<li><strong>Pohodl\u00ed p\u0159i dob\u00edjen\u00ed<\/strong>: Dob\u00edjec\u00ed konstrukce sni\u017euje mno\u017estv\u00ed odpadu a umo\u017e\u0148uje del\u0161\u00ed vaping.<\/li>\n<li><strong>Pr\u00e9miov\u00e1 chu\u0165 a v\u00fdpary<\/strong>: Technologie Mesh coil zaji\u0161\u0165uje intenzivn\u00ed chu\u0165 a hladkou p\u00e1ru.<\/li>\n<li><strong>P\u0159enosn\u00fd a kompaktn\u00ed<\/strong>: Lehk\u00fd a kapesn\u00ed pro snadn\u00e9 p\u0159en\u00e1\u0161en\u00ed kamkoli.<\/li>\n<\/ul>\n<h3><strong>Velkoobchodn\u00ed p\u0159\u00edle\u017eitosti<\/strong><\/h3>\n<p>Na str\u00e1nk\u00e1ch <strong>DOLODA Vape 7000<\/strong> je ide\u00e1ln\u00ed pro maloobchodn\u00edky a distributory, kte\u0159\u00ed cht\u011bj\u00ed m\u00edt na sklad\u011b vysoce kvalitn\u00ed a \u017e\u00e1dan\u00fd produkt. Nab\u00eddka:<\/p>\n<ul>\n<li><strong>Efektivita n\u00e1klad\u016f<\/strong>: Hromadn\u00e9 ceny pro maxim\u00e1ln\u00ed zisk.<\/li>\n<li><strong>Spolehliv\u00e9 z\u00e1soby<\/strong>: Spolehliv\u00e9 dod\u00e1vky pro uspokojen\u00ed popt\u00e1vky z\u00e1kazn\u00edk\u016f.<\/li>\n<li><strong>P\u0159izp\u016fsobiteln\u00e9 objedn\u00e1vky<\/strong>: Vyberte si z r\u016fzn\u00fdch p\u0159\u00edchut\u00ed a s\u00edly nikotinu, abyste uspokojili sv\u016fj trh.<\/li>\n<li><strong>Rychl\u00e1 p\u0159eprava<\/strong>: Zajist\u011bte v\u010dasn\u00e9 dod\u00e1n\u00ed pomoc\u00ed efektivn\u00edch mo\u017enost\u00ed p\u0159epravy.<\/li>\n<\/ul>\n<h3><strong>Objednejte si DOLODA Vape 7000 je\u0161t\u011b dnes<\/strong><\/h3>\n<p>Zlep\u0161ete sv\u016fj z\u00e1\u017eitek z vapingu s p\u0159\u00edstrojem <strong>DOLODA Vape 7000<\/strong>. A\u0165 u\u017e jste b\u011b\u017en\u00fd u\u017eivatel, nebo prodejce, kter\u00fd chce nab\u00edzet pr\u00e9miov\u00fd produkt, toto za\u0159\u00edzen\u00ed je navr\u017eeno tak, aby splnilo v\u0161echny va\u0161e pot\u0159eby vapingu.<\/p>\n<p><strong>Objednejte si nyn\u00ed<\/strong> a za\u017eijte dokonalou rovnov\u00e1hu mezi chut\u00ed, spokojenost\u00ed a pohodl\u00edm s produktem <strong>DOLODA Vape 7000<\/strong>.<\/p>\n<p><strong>Pro\u010d si vybrat pr\u00e1v\u011b n\u00e1s?<\/strong><\/p>\n<p>V\u00fdb\u011brem ofici\u00e1ln\u00edho obchodu s jednor\u00e1zov\u00fdmi vapes m\u016f\u017eete vyu\u017e\u00edt mnoha v\u00fdhod:<\/p>\n<ul>\n<li><strong>Ofici\u00e1ln\u00ed prodejn\u00ed kan\u00e1l:<\/strong>\u00a0Zaru\u010dujeme autentick\u00e9 v\u00fdrobky a kvalitn\u00ed slu\u017eby.<\/li>\n<li><strong>Velkoobchod a maloobchod:<\/strong>\u00a0Nab\u00edz\u00edme flexibiln\u00ed mo\u017enosti n\u00e1kupu pro jednotlivce i velkoobchodn\u00edky.<\/li>\n<li><strong>Zaji\u0161t\u011bn\u00ed kvality:<\/strong>\u00a0Na\u0161e v\u00fdrobky proch\u00e1zej\u00ed p\u0159\u00edsn\u00fdm testov\u00e1n\u00edm kvality, abychom zajistili va\u0161i spokojenost.<\/li>\n<li><strong>Doprava po cel\u00e9m sv\u011bt\u011b:<\/strong>\u00a0Na\u0161e v\u00fdrobky hrd\u011b zas\u00edl\u00e1me do v\u011bt\u0161iny zem\u00ed sv\u011bta, tak\u017ee si je m\u016f\u017eete vychutnat bez ohledu na to, kde se nach\u00e1z\u00edte.<\/li>\n<li><strong>Zku\u0161enosti v oboru:<\/strong>\u00a0D\u00edky v\u00edce ne\u017e 8 let\u016fm zku\u0161enost\u00ed na trhu jsme se stali d\u016fv\u011bryhodnou a prvot\u0159\u00eddn\u00ed volbou.<\/li>\n<li><strong>Dlouhodob\u00e1 partnerstv\u00ed:<\/strong>\u00a0Spolupracujeme tak\u00e9 s m\u00edstn\u00edmi majiteli obchod\u016f v Evrop\u011b, co\u017e n\u00e1m umo\u017e\u0148uje rychle reagovat na pot\u0159eby trhu a udr\u017eovat \u010derstvost na\u0161ich v\u00fdrobk\u016f.<\/li>\n<\/ul>\n<p>V\u00fdb\u011br na\u0161ich jednor\u00e1zov\u00fdch vap\u016f v\u00e1m umo\u017en\u00ed nejen vychutnat si r\u016fzn\u00e9 p\u0159\u00edchut\u011b, ale tak\u00e9 za\u017e\u00edt neoby\u010dejnou cestu vapov\u00e1n\u00ed. Pro v\u00edce informac\u00ed n\u00e1s nav\u0161tivte <a href=\"http:\/\/dankstarvapes.com\" target=\"_blank\" rel=\"noopener\">dankstarvapes.com<\/a>!<\/p>","protected":false},"excerpt":{"rendered":"<p>Experience long-lasting satisfaction with the DOLODA Vape 7000, a premium disposable vape that offers up to 7000 puffs, a rechargeable battery, and 8 delicious flavor options. Designed for those who demand both convenience and quality, the DOLODA Vape 7000 delivers a smooth and customizable vaping experience tailored to your preferences. Perfect for vapers who want [&#8230;]","protected":false},"featured_media":2639,"comment_status":"open","ping_status":"closed","template":"","meta":[],"product_brand":[],"product_cat":[72,75,76,77,103,73,78,71,79,80,81,82,83,84,85,86,87,88,89,90,91,123,92],"product_tag":[],"class_list":{"0":"post-2620","1":"product","2":"type-product","3":"status-publish","4":"has-post-thumbnail","6":"product_cat-0-nicotine-disposable-vape","7":"product_cat-2-nicotine-disposable-vape","8":"product_cat-3-nicotine-disposable-vape","9":"product_cat-5-nicotine-disposable-vape","10":"product_cat-7000-puff-vape","11":"product_cat-big-puff-vapes","12":"product_cat-disposable-vape-near-me","13":"product_cat-0-5-nicotine-vapes","14":"product_cat-disposable-vapes-in-austria","15":"product_cat-disposable-vapes-in-belgium","16":"product_cat-disposable-vapes-in-france","17":"product_cat-disposable-vapes-in-germany","18":"product_cat-disposable-vapes-in-ltaly","19":"product_cat-disposable-vapes-in-netherlands","20":"product_cat-disposable-vapes-in-norway","21":"product_cat-disposable-vapes-in-poland","22":"product_cat-disposable-vapes-in-portugal","23":"product_cat-disposable-vapes-in-spain","24":"product_cat-disposable-vapes-in-sweden","25":"product_cat-disposable-vapes-in-switzerland","26":"product_cat-disposable-vapes-in-united-states","27":"product_cat-doloda-vape","28":"product_cat-vape-brands","30":"first","31":"instock","32":"shipping-taxable","33":"purchasable","34":"product-type-variable","35":"has-default-attributes"},"tiered_pricing_type":"fixed","tiered_pricing_fixed_rules":[],"tiered_pricing_product_settings":{"layout":"default","base_unit_name":{"singular":null,"plural":null},"default_variation":null},"tiered_pricing_minimum_quantity":null,"tiered_pricing_roles_data":[],"tiered_pricing_percentage_rules":[],"tiered_pricing_maximum_quantity":null,"tiered_pricing_quantity_step":null,"_links":{"self":[{"href":"https:\/\/vapsolovape.com\/cs\/wp-json\/wp\/v2\/product\/2620","targetHints":{"allow":["GET"]}}],"collection":[{"href":"https:\/\/vapsolovape.com\/cs\/wp-json\/wp\/v2\/product"}],"about":[{"href":"https:\/\/vapsolovape.com\/cs\/wp-json\/wp\/v2\/types\/product"}],"replies":[{"embeddable":true,"href":"https:\/\/vapsolovape.com\/cs\/wp-json\/wp\/v2\/comments?post=2620"}],"wp:featuredmedia":[{"embeddable":true,"href":"https:\/\/vapsolovape.com\/cs\/wp-json\/wp\/v2\/media\/2639"}],"wp:attachment":[{"href":"https:\/\/vapsolovape.com\/cs\/wp-json\/wp\/v2\/media?parent=2620"}],"wp:term":[{"taxonomy":"product_brand","embeddable":true,"href":"https:\/\/vapsolovape.com\/cs\/wp-json\/wp\/v2\/product_brand?post=2620"},{"taxonomy":"product_cat","embeddable":true,"href":"https:\/\/vapsolovape.com\/cs\/wp-json\/wp\/v2\/product_cat?post=2620"},{"taxonomy":"product_tag","embeddable":true,"href":"https:\/\/vapsolovape.com\/cs\/wp-json\/wp\/v2\/product_tag?post=2620"}],"curies":[{"name":"wp","href":"https:\/\/api.w.org\/{rel}","templated":true}]}}