{"id":2701,"date":"2025-02-14T18:26:47","date_gmt":"2025-02-14T10:26:47","guid":{"rendered":"https:\/\/vapsolovape.com\/?post_type=product&#038;p=2701"},"modified":"2025-02-24T22:15:41","modified_gmt":"2025-02-24T14:15:41","slug":"gazzbar-30000-vape-zbrusu-nova-blikajici-lahev-konstelace","status":"publish","type":"product","link":"https:\/\/vapsolovape.com\/cs\/produkt\/gazzbar-30000-vape-zbrusu-nova-blikajici-lahev-konstelace\/","title":{"rendered":"GAZZBAR 30000 Puffs Vape - Nov\u00fd blikaj\u00edc\u00ed design lahvi\u010dky Constellation"},"content":{"rendered":"<p data-start=\"138\" data-end=\"463\">Zlep\u0161ete svou vapingovou hru s <strong data-start=\"172\" data-end=\"194\">GAZZBAR 30000 Vape<\/strong>, navr\u017een\u00fd tak, aby zlep\u0161il va\u0161e z\u00e1\u017eitky d\u00edky <strong data-start=\"241\" data-end=\"284\">zbrusu nov\u00e1 blikaj\u00edc\u00ed l\u00e1hev se souhv\u011bzd\u00edm<\/strong>. Tento elegantn\u00ed a stylov\u00fd jednor\u00e1zov\u00fd vape kombinuje <strong data-start=\"334\" data-end=\"361\">nejmodern\u011bj\u0161\u00ed technologie<\/strong> s v\u00fdkonn\u00fdm <strong data-start=\"378\" data-end=\"402\">Kapacita 30 000 puf\u016f<\/strong>, co\u017e zaji\u0161\u0165uje dlouhotrvaj\u00edc\u00ed po\u017eitek a st\u00e1l\u00fd v\u00fdkon.<\/p>\n<p data-start=\"465\" data-end=\"740\">A\u0165 u\u017e jste zku\u0161en\u00fd vaper, nebo teprve za\u010d\u00edn\u00e1te. <strong data-start=\"530\" data-end=\"547\">GAZZBAR 30000<\/strong> poskytuje dokonalou kombinaci <strong data-start=\"578\" data-end=\"588\">p\u0159\u00edchu\u0165<\/strong>, <strong data-start=\"590\" data-end=\"607\">funk\u010dnost<\/strong>a <strong data-start=\"613\" data-end=\"622\">styl<\/strong>. D\u00edky sv\u00e9mu inovativn\u00edmu designu a vysoce v\u00fdkonn\u00fdm funkc\u00edm je tou nejlep\u0161\u00ed volbou pro vynikaj\u00edc\u00ed vapingov\u00fd z\u00e1\u017eitek.<\/p>\n<figure id=\"attachment_7523\" aria-describedby=\"caption-attachment-7523\" style=\"width: 1020px\" class=\"wp-caption alignnone\"><img loading=\"lazy\" decoding=\"async\" class=\"wp-image-7523 size-large\" src=\"https:\/\/dankstarvapes.com\/wp-content\/uploads\/2024\/12\/SFOG-Gazzbar-Turbo-30000-Puff-17-1400x788.webp\" alt=\"GAZZBAR 30000 Vape\" width=\"1020\" height=\"574\" title=\"\"><figcaption id=\"caption-attachment-7523\" class=\"wp-caption-text\">GAZZBAR 30000 Vape<\/figcaption><\/figure>\n<p><strong>Kl\u00ed\u010dov\u00e9 vlastnosti GAZZBAR 30000 Vape:<\/strong><\/p>\n<ul>\n<li><strong>Blikaj\u00edc\u00ed l\u00e1hev Constellation<\/strong>: Ohromuj\u00edc\u00ed vizu\u00e1ln\u00ed z\u00e1\u017eitek d\u00edky dynamick\u00e9mu blikaj\u00edc\u00edmu designu, kter\u00fd d\u00e1 va\u0161\u00ed vapce vyniknout.<\/li>\n<li><strong>30 000 puff\u016f<\/strong>: Vychutnejte si a\u017e 30 000 potah\u016f, co\u017e nab\u00edz\u00ed del\u0161\u00ed vaping bez nutnosti neust\u00e1l\u00e9 v\u00fdm\u011bny.<\/li>\n<li><strong>Technologie Dual Mesh Coil<\/strong>: S ka\u017ed\u00fdm potahem poskytuje hlad\u0161\u00ed a aromati\u010dt\u011bj\u0161\u00ed p\u00e1ru.<\/li>\n<li><strong>Dob\u00edjec\u00ed baterie 800mAh<\/strong>: Dob\u00edjec\u00ed baterie typu C zaji\u0161\u0165uje dlouhotrvaj\u00edc\u00ed v\u00fdkon s minim\u00e1ln\u00edmi odst\u00e1vkami.<\/li>\n<li><strong>Velk\u00e1 kapacita e-liquidu<\/strong>: GAZZBAR Vape 30000 s 28 ml e-liquidu je konstruov\u00e1n pro pohodl\u00ed a minimalizuje dopl\u0148ov\u00e1n\u00ed.<\/li>\n<li><strong>Nastaviteln\u00e9 re\u017eimy<\/strong>: Vyberte si mezi dv\u011bma re\u017eimy v\u00fdstupu a p\u0159izp\u016fsobte si sv\u016fj z\u00e1\u017eitek z vapingu.<\/li>\n<li><strong>Pr\u00e9miov\u00e1 kvalita proveden\u00ed<\/strong>: Vyrobeno s odolnou povrchovou \u00fapravou PC + UV tisk pro v\u011bt\u0161\u00ed odolnost proti opot\u0159eben\u00ed.<\/li>\n<\/ul>\n<p><strong>Pro\u010d si vybrat GAZZBAR 30000 Vape?<\/strong><\/p>\n<ul>\n<li><strong>V\u00fdjime\u010dn\u00e1 \u017eivotnost<\/strong>: S 30 000 \u0161luky z\u00edsk\u00e1te neuv\u011b\u0159itelnou hodnotu a nep\u0159etr\u017eit\u00fd po\u017eitek.<\/li>\n<li><strong>Poutav\u00fd design<\/strong>: Blikaj\u00edc\u00ed lahvi\u010dka se souhv\u011bzd\u00edm je opravdovou ozdobou, kter\u00e1 z ka\u017ed\u00e9ho vapov\u00e1n\u00ed ud\u011bl\u00e1 z\u00e1\u017eitek.<\/li>\n<li><strong>Hladk\u00fd a konzistentn\u00ed v\u00fdpar<\/strong>: Du\u00e1ln\u00ed s\u00ed\u0165ov\u00e9 spir\u00e1lky zaji\u0161\u0165uj\u00ed bohatou chu\u0165 a plynulou produkci p\u00e1ry p\u0159i ka\u017ed\u00e9m n\u00e1dechu.<\/li>\n<li><strong>Pohodln\u00e9 a dob\u00edjec\u00ed<\/strong>: Nemus\u00edte si d\u011blat starosti s neust\u00e1lou v\u00fdm\u011bnou vapky - jednodu\u0161e ji dob\u00edjejte p\u0159es port Type-C a pou\u017e\u00edvejte ji i nad\u00e1le.<\/li>\n<li><strong>Pr\u00e9miov\u00fd v\u00fdkon<\/strong>: Vyrobeno tak, aby vydr\u017eelo, s velkou kapacitou e-liquidu a bateri\u00ed s dlouhou v\u00fddr\u017e\u00ed pro del\u0161\u00ed pou\u017e\u00edv\u00e1n\u00ed.<\/li>\n<li><strong>Velkoobchodn\u00ed v\u00fdhody<\/strong>: K dost\u00e1n\u00ed ve velk\u00e9m mno\u017estv\u00ed, co\u017e je ide\u00e1ln\u00ed volba pro prodejce, kte\u0159\u00ed si cht\u011bj\u00ed ud\u011blat z\u00e1soby \u0161pi\u010dkov\u00e9ho produktu.<\/li>\n<\/ul>\n<p><strong>Prozkoumejte GAZZBAR 30000 Vape je\u0161t\u011b dnes!<\/strong><br \/>\nNenechte si uj\u00edt tento jedine\u010dn\u00fd vapingov\u00fd z\u00e1\u017eitek. GAZZBAR 30000 Vape je ide\u00e1ln\u00ed pro ty, kte\u0159\u00ed cht\u011bj\u00ed v\u00edce \u0161luk\u016f, v\u00edce chuti a skute\u010dn\u011b stylov\u00e9 za\u0159\u00edzen\u00ed. Objednejte si jej nyn\u00ed a poznejte budoucnost vapingu.<\/p>\n<p><strong>Objednejte si nyn\u00ed a z\u00edskejte rychlou p\u0159epravu<\/strong><br \/>\nD\u00edky spolehliv\u00fdm mo\u017enostem dod\u00e1n\u00ed si m\u016f\u017eete GAZZBAR 30000 Vape za\u010d\u00edt u\u017e\u00edvat b\u011bhem chvilky. Ne\u010dekejte - pozvedn\u011bte sv\u016fj z\u00e1\u017eitek z vapov\u00e1n\u00ed je\u0161t\u011b dnes!<\/p>\n<p><strong>Pro\u010d si vybrat pr\u00e1v\u011b n\u00e1s?<\/strong><\/p>\n<p>V\u00fdb\u011brem ofici\u00e1ln\u00edho obchodu s jednor\u00e1zov\u00fdmi vapes m\u016f\u017eete vyu\u017e\u00edt mnoha v\u00fdhod:<\/p>\n<ul>\n<li><strong>Ofici\u00e1ln\u00ed prodejn\u00ed kan\u00e1l:<\/strong>\u00a0Zaru\u010dujeme autentick\u00e9 v\u00fdrobky a kvalitn\u00ed slu\u017eby.<\/li>\n<li><strong>Velkoobchod a maloobchod:<\/strong>\u00a0Nab\u00edz\u00edme flexibiln\u00ed mo\u017enosti n\u00e1kupu pro jednotlivce i velkoobchodn\u00edky.<\/li>\n<li><strong>Zaji\u0161t\u011bn\u00ed kvality:<\/strong>\u00a0Na\u0161e v\u00fdrobky proch\u00e1zej\u00ed p\u0159\u00edsn\u00fdm testov\u00e1n\u00edm kvality, abychom zajistili va\u0161i spokojenost.<\/li>\n<li><strong>Doprava po cel\u00e9m sv\u011bt\u011b:<\/strong>\u00a0Na\u0161e v\u00fdrobky hrd\u011b zas\u00edl\u00e1me do v\u011bt\u0161iny zem\u00ed sv\u011bta, tak\u017ee si je m\u016f\u017eete vychutnat bez ohledu na to, kde se nach\u00e1z\u00edte.<\/li>\n<li><strong>Zku\u0161enosti v oboru:<\/strong>\u00a0D\u00edky v\u00edce ne\u017e 8 let\u016fm zku\u0161enost\u00ed na trhu jsme se stali d\u016fv\u011bryhodnou a prvot\u0159\u00eddn\u00ed volbou.<\/li>\n<li><strong>Dlouhodob\u00e1 partnerstv\u00ed:<\/strong>\u00a0Spolupracujeme tak\u00e9 s m\u00edstn\u00edmi majiteli obchod\u016f v Evrop\u011b, co\u017e n\u00e1m umo\u017e\u0148uje rychle reagovat na pot\u0159eby trhu a udr\u017eovat \u010derstvost na\u0161ich v\u00fdrobk\u016f.<\/li>\n<\/ul>\n<p>V\u00fdb\u011br na\u0161ich jednor\u00e1zov\u00fdch vap\u016f v\u00e1m umo\u017en\u00ed nejen vychutnat si r\u016fzn\u00e9 p\u0159\u00edchut\u011b, ale tak\u00e9 za\u017e\u00edt neoby\u010dejnou cestu vapov\u00e1n\u00ed. Pro v\u00edce informac\u00ed n\u00e1s nav\u0161tivte <a href=\"https:\/\/dankstarvapes.com\/product-category\/popular-disposable-vape-brands\/\" target=\"_blank\" rel=\"noopener\">dankstarvapes.com<\/a>!<\/p>","protected":false},"excerpt":{"rendered":"<p>Step up your vaping game with the GAZZBAR 30000 Vape, designed to elevate your experience with its brand-new flashing constellation bottle. This sleek and stylish disposable vape combines cutting-edge technology with a powerful 30,000-puff capacity, ensuring long-lasting enjoyment and consistent performance. Whether you\u2019re an experienced vaper or just getting started, the GAZZBAR 30000 delivers the [&#8230;]","protected":false},"featured_media":2708,"comment_status":"open","ping_status":"closed","template":"","meta":[],"product_brand":[],"product_cat":[77,95,100,78,97,71,79,80,81,82,83,84,85,86,87,88,89,90,91,124,92],"product_tag":[],"class_list":{"0":"post-2701","1":"product","2":"type-product","3":"status-publish","4":"has-post-thumbnail","6":"product_cat-5-nicotine-disposable-vape","7":"product_cat-advanced-vape","8":"product_cat-big-puff-vapes-30000","9":"product_cat-disposable-vape-near-me","10":"product_cat-disposable-vape-with-screen","11":"product_cat-0-5-nicotine-vapes","12":"product_cat-disposable-vapes-in-austria","13":"product_cat-disposable-vapes-in-belgium","14":"product_cat-disposable-vapes-in-france","15":"product_cat-disposable-vapes-in-germany","16":"product_cat-disposable-vapes-in-ltaly","17":"product_cat-disposable-vapes-in-netherlands","18":"product_cat-disposable-vapes-in-norway","19":"product_cat-disposable-vapes-in-poland","20":"product_cat-disposable-vapes-in-portugal","21":"product_cat-disposable-vapes-in-spain","22":"product_cat-disposable-vapes-in-sweden","23":"product_cat-disposable-vapes-in-switzerland","24":"product_cat-disposable-vapes-in-united-states","25":"product_cat-gazzbar-vape","26":"product_cat-vape-brands","28":"first","29":"instock","30":"shipping-taxable","31":"purchasable","32":"product-type-variable","33":"has-default-attributes"},"tiered_pricing_type":"fixed","tiered_pricing_fixed_rules":[],"tiered_pricing_product_settings":{"layout":"default","base_unit_name":{"singular":null,"plural":null},"default_variation":null},"tiered_pricing_minimum_quantity":null,"tiered_pricing_roles_data":[],"tiered_pricing_percentage_rules":[],"tiered_pricing_maximum_quantity":null,"tiered_pricing_quantity_step":null,"_links":{"self":[{"href":"https:\/\/vapsolovape.com\/cs\/wp-json\/wp\/v2\/product\/2701","targetHints":{"allow":["GET"]}}],"collection":[{"href":"https:\/\/vapsolovape.com\/cs\/wp-json\/wp\/v2\/product"}],"about":[{"href":"https:\/\/vapsolovape.com\/cs\/wp-json\/wp\/v2\/types\/product"}],"replies":[{"embeddable":true,"href":"https:\/\/vapsolovape.com\/cs\/wp-json\/wp\/v2\/comments?post=2701"}],"wp:featuredmedia":[{"embeddable":true,"href":"https:\/\/vapsolovape.com\/cs\/wp-json\/wp\/v2\/media\/2708"}],"wp:attachment":[{"href":"https:\/\/vapsolovape.com\/cs\/wp-json\/wp\/v2\/media?parent=2701"}],"wp:term":[{"taxonomy":"product_brand","embeddable":true,"href":"https:\/\/vapsolovape.com\/cs\/wp-json\/wp\/v2\/product_brand?post=2701"},{"taxonomy":"product_cat","embeddable":true,"href":"https:\/\/vapsolovape.com\/cs\/wp-json\/wp\/v2\/product_cat?post=2701"},{"taxonomy":"product_tag","embeddable":true,"href":"https:\/\/vapsolovape.com\/cs\/wp-json\/wp\/v2\/product_tag?post=2701"}],"curies":[{"name":"wp","href":"https:\/\/api.w.org\/{rel}","templated":true}]}}