{"id":3034,"date":"2025-02-14T18:28:45","date_gmt":"2025-02-14T10:28:45","guid":{"rendered":"https:\/\/vapsolovape.com\/?post_type=product&#038;p=3034"},"modified":"2025-02-24T18:23:28","modified_gmt":"2025-02-24T10:23:28","slug":"vapmod-sniper-25000-puffs-vape-premiovy-kozeny-design","status":"publish","type":"product","link":"https:\/\/vapsolovape.com\/cs\/produkt\/vapmod-sniper-25000-puffs-vape-premiovy-kozeny-design\/","title":{"rendered":"VAPMOD SNIPER 25000 Puffs Vape - pr\u00e9miov\u00fd ko\u017een\u00fd design, dlouhotrvaj\u00edc\u00ed v\u00fdkon"},"content":{"rendered":"<p data-start=\"177\" data-end=\"644\">VAPMOD SNIPER 25000 Puffs Vape je dokonal\u00fd jednor\u00e1zov\u00fd vape ur\u010den\u00fd pro n\u00e1ro\u010dn\u00e9 vapery. Toto za\u0159\u00edzen\u00ed s elegantn\u00edm designem z prvot\u0159\u00eddn\u00ed k\u016f\u017ee a \u0161pi\u010dkovou technologi\u00ed poskytuje a\u017e 25 000 potah\u016f hladk\u00e9 a aromatick\u00e9 p\u00e1ry. A\u0165 u\u017e d\u00e1v\u00e1te p\u0159ednost vapov\u00e1n\u00ed p\u0159\u00edmo do plic (DTL) nebo \u00fasty do plic (MTL), SNIPER nab\u00edz\u00ed bezkonkuren\u010dn\u00ed v\u0161estrannost, odolnost a \u0161pi\u010dkov\u00fd v\u00fdkon. Pozvedn\u011bte sv\u016fj z\u00e1\u017eitek z vapov\u00e1n\u00ed s t\u00edmto luxusn\u00edm za\u0159\u00edzen\u00edm s dlouhou \u017eivotnost\u00ed.<\/p>\n<figure id=\"attachment_7916\" aria-describedby=\"caption-attachment-7916\" style=\"width: 800px\" class=\"wp-caption alignnone\"><img loading=\"lazy\" decoding=\"async\" class=\"size-full wp-image-7916\" src=\"https:\/\/dankstarvapes.com\/wp-content\/uploads\/2024\/12\/VAPMOD-SNIPER-25000-Puffs-2.webp\" alt=\"VAPMOD SNIPER 25000 Puffs\" width=\"800\" height=\"1132\" title=\"\"><figcaption id=\"caption-attachment-7916\" class=\"wp-caption-text\">VAPMOD SNIPER 25000 Puffs<\/figcaption><\/figure>\n<h4>Kl\u00ed\u010dov\u00e9 vlastnosti VAPMOD SNIPER 25000 Puffs Vape:<\/h4>\n<ul>\n<li><strong>Vysok\u00e1 kapacita nad\u00fdch\u00e1n\u00ed<\/strong>: U\u017eijte si a\u017e <strong>25 000 obl\u00e1\u010dk\u016f<\/strong>, co\u017e sni\u017euje pot\u0159ebu \u010dast\u00fdch v\u00fdm\u011bn a zaji\u0161\u0165uje dlouhodobou spokojenost.<\/li>\n<li><strong>S\u00edla nikotinu<\/strong>: K dispozici v a <strong>3% nikotinov\u00e1 s\u016fl<\/strong> koncentrace, co\u017e poskytuje uspokojiv\u00fd hit pro v\u0161echny typy vaper\u016f.<\/li>\n<li><strong>Kapacita 22 ml e-liquidu<\/strong>: Velk\u00fd z\u00e1sobn\u00edk e-liquidu umo\u017e\u0148uje del\u0161\u00ed pou\u017e\u00edv\u00e1n\u00ed s men\u0161\u00edm po\u010dtem n\u00e1pln\u00ed, tak\u017ee v\u00e1m vydr\u017e\u00ed po cel\u00fd den.<\/li>\n<li><strong>iDUOMESH Dual Mesh Coil<\/strong>: Pro bohatou chu\u0165 a hladkou p\u00e1ru zaji\u0161\u0165uje technologie s dvojitou m\u0159\u00ed\u017ekou rovnom\u011brn\u00e9 zah\u0159\u00edv\u00e1n\u00ed, kter\u00e9 umocn\u00ed v\u00e1\u0161 z\u00e1\u017eitek z vapingu p\u0159i ka\u017ed\u00e9m potahu.<\/li>\n<li><strong>Nastaviteln\u00e9 proud\u011bn\u00ed vzduchu<\/strong>: A\u0165 u\u017e d\u00e1v\u00e1te p\u0159ednost t\u011bsn\u00e9mu tahu pro MTL, nebo voln\u00e9mu pro DTL. <strong>nastaviteln\u00e9 proud\u011bn\u00ed vzduchu<\/strong> v\u00e1m umo\u017en\u00ed p\u0159izp\u016fsobit si vapov\u00e1n\u00ed sv\u00fdm pot\u0159eb\u00e1m.<\/li>\n<li><strong>Dob\u00edjec\u00ed baterie 900 mAh<\/strong>: Baterie s dlouhou v\u00fddr\u017e\u00ed zaji\u0161\u0165uje st\u00e1l\u00fd v\u00fdkon. <strong>Nab\u00edjec\u00ed port typu C<\/strong> umo\u017e\u0148uje rychl\u00e9 dob\u00edjen\u00ed a minimalizuje prostoje.<\/li>\n<li><strong>Mega displej LED<\/strong>: Na <strong>velk\u00e1 obrazovka LED<\/strong> nab\u00edz\u00ed sledov\u00e1n\u00ed v\u00fddr\u017ee baterie, po\u010dtu \u0161luk\u016f a hladiny e-liquidu v re\u00e1ln\u00e9m \u010dase pro bezstarostn\u00fd vaping.<\/li>\n<li><strong>Pr\u00e9miov\u00fd ko\u017een\u00fd design<\/strong>: Sofistikovan\u00fd ko\u017een\u00fd povrch nejen skv\u011ble vypad\u00e1, ale je i p\u0159\u00edjemn\u00fd do ruky, tak\u017ee p\u0159edstavuje dokonalou kombinaci stylu a funk\u010dnosti.<\/li>\n<\/ul>\n<h4>Mo\u017enosti p\u0159\u00edchut\u00ed<\/h4>\n<p>Vyberte si z \u0159ady <strong>12 vzru\u0161uj\u00edc\u00edch p\u0159\u00edchut\u00ed<\/strong>, v\u010detn\u011b ovocn\u00fdch, mentolov\u00fdch a m\u00edchan\u00fdch variant, kter\u00e9 uspokoj\u00ed ka\u017edou chu\u0165:<\/p>\n<ul>\n<li><strong>Ostru\u017einov\u00fd dra\u010d\u00ed plod<\/strong><\/li>\n<li><strong>Modr\u00e1 malina T\u0159e\u0161e\u0148 Citron<\/strong><\/li>\n<li><strong>Blue Razz<\/strong><\/li>\n<li><strong>Bor\u016fvkov\u00e9 muffiny<\/strong><\/li>\n<li><strong>Zelen\u00fd hrozen<\/strong><\/li>\n<li><strong>Mincovna Miami<\/strong><\/li>\n<li><strong>Broskvov\u00fd led<\/strong><\/li>\n<li><strong>Ananasov\u00fd kokos<\/strong><\/li>\n<li><strong>R\u016f\u017eov\u00e9 bomby<\/strong><\/li>\n<li><strong>Sakura Grape<\/strong><\/li>\n<li><strong>Jahodov\u00e9 kiwi<\/strong><\/li>\n<li><strong>Melounov\u00fd led<\/strong><\/li>\n<\/ul>\n<figure id=\"attachment_7917\" aria-describedby=\"caption-attachment-7917\" style=\"width: 932px\" class=\"wp-caption alignnone\"><img loading=\"lazy\" decoding=\"async\" class=\"wp-image-7917\" src=\"https:\/\/dankstarvapes.com\/wp-content\/uploads\/2024\/12\/VAPMOD-SNIPER-25000-Puffs-3-761x400.webp\" alt=\"VAPMOD SNIPER 25000 Puffs\" width=\"932\" height=\"490\" title=\"\"><figcaption id=\"caption-attachment-7917\" class=\"wp-caption-text\">VAPMOD SNIPER 25000 Puffs<\/figcaption><\/figure>\n<h4>Pro\u010d si vybrat VAPMOD SNIPER 25000 Puffs Vape?<\/h4>\n<ul>\n<li><strong>V\u0161estrann\u00fd vaping<\/strong>: Ide\u00e1ln\u00ed pro nad\u0161ence DTL i MTL. <strong>VAPMOD SNIPER 25000 Puffs<\/strong> nab\u00edz\u00ed p\u0159izp\u016fsobiteln\u00fd z\u00e1\u017eitek z vapov\u00e1n\u00ed.<\/li>\n<li><strong>Odolnost a v\u00fdkon<\/strong>: D\u00edky pokro\u010dil\u00e9 technologii spir\u00e1lek, nastaviteln\u00e9mu pr\u016ftoku vzduchu a baterii s dlouhou v\u00fddr\u017e\u00ed je tato vapka vyrobena tak, aby poskytovala konzistentn\u00ed chu\u0165 a produkci p\u00e1ry.<\/li>\n<li><strong>Elegantn\u00ed design<\/strong>: Ko\u017een\u00fd exteri\u00e9r mu dod\u00e1v\u00e1 n\u00e1dech luxusu a \u010din\u00ed z n\u011bj nejen funk\u010dn\u00ed za\u0159\u00edzen\u00ed, ale i stylov\u00fd dopln\u011bk.<\/li>\n<li><strong>Dlouhodob\u00e1 \u017eivotnost<\/strong>: S <strong>25 000 obl\u00e1\u010dk\u016f<\/strong> a <strong>Kapacita 22 ml e-liquidu<\/strong>, tato vape vydr\u017e\u00ed d\u00e9le, co\u017e znamen\u00e1 m\u00e9n\u011b v\u00fdm\u011bn a v\u011bt\u0161\u00ed pohodl\u00ed.<\/li>\n<li><strong>Ide\u00e1ln\u00ed pro velkoobchod<\/strong>: Baleno v <strong>5 kus\u016f v krabici<\/strong>, je VAPMOD SNIPER ide\u00e1ln\u00ed pro prodejce a distributory, kte\u0159\u00ed cht\u011bj\u00ed sv\u00fdm z\u00e1kazn\u00edk\u016fm nab\u00eddnout vysoce kvalitn\u00ed jednor\u00e1zov\u00fd vape.<\/li>\n<\/ul>\n<h4>Balen\u00ed a p\u0159eprava<\/h4>\n<ul>\n<li><strong>Velikost balen\u00ed<\/strong>: 5 kus\u016f v balen\u00ed<\/li>\n<li><strong>P\u0159eprava<\/strong>: Efektivn\u00ed a rychl\u00e9 doru\u010den\u00ed po cel\u00e9m sv\u011bt\u011b, p\u0159i\u010dem\u017e ve\u0161ker\u00e9 p\u0159epravn\u00ed a celn\u00ed odbaven\u00ed je bezprobl\u00e9mov\u00e9.<\/li>\n<\/ul>\n<hr \/>\n<h3>Vylep\u0161ete sv\u016fj z\u00e1\u017eitek z vapingu je\u0161t\u011b dnes!<\/h3>\n<p>D\u00edky sv\u00e9mu dlouhotrvaj\u00edc\u00edmu v\u00fdkonu, nastaviteln\u00fdm funkc\u00edm a prvot\u0159\u00eddn\u00edmu designu se <strong>VAPMOD SNIPER 25000 Puffs Vape<\/strong> je ide\u00e1ln\u00ed pro vapery, kte\u0159\u00ed vy\u017eaduj\u00ed to nejlep\u0161\u00ed. A\u0165 u\u017e jste p\u0159\u00edle\u017eitostn\u00fd vaper, nebo zku\u0161en\u00fd nad\u0161enec, toto za\u0159\u00edzen\u00ed poskytuje vynikaj\u00edc\u00ed chu\u0165 a uspokojen\u00ed. Nenechte si uj\u00edt dokonal\u00fd z\u00e1\u017eitek z vapov\u00e1n\u00ed.<\/p>\n<p><strong>Po\u0159i\u010fte si sv\u016fj je\u0161t\u011b dnes a vapujte jako profesion\u00e1l s VAPMOD SNIPER 25000 Puffs Vape!<\/strong><\/p>\n<p><strong>Pro\u010d si vybrat pr\u00e1v\u011b n\u00e1s?<\/strong><\/p>\n<p>V\u00fdb\u011brem ofici\u00e1ln\u00edho obchodu s jednor\u00e1zov\u00fdmi vapes m\u016f\u017eete vyu\u017e\u00edt mnoha v\u00fdhod:<\/p>\n<ul>\n<li><strong>Ofici\u00e1ln\u00ed prodejn\u00ed kan\u00e1l:<\/strong>\u00a0Zaru\u010dujeme autentick\u00e9 v\u00fdrobky a kvalitn\u00ed slu\u017eby.<\/li>\n<li><strong>Velkoobchod a maloobchod:<\/strong>\u00a0Nab\u00edz\u00edme flexibiln\u00ed mo\u017enosti n\u00e1kupu pro jednotlivce i velkoobchodn\u00edky.<\/li>\n<li><strong>Zaji\u0161t\u011bn\u00ed kvality:<\/strong>\u00a0Na\u0161e v\u00fdrobky proch\u00e1zej\u00ed p\u0159\u00edsn\u00fdm testov\u00e1n\u00edm kvality, abychom zajistili va\u0161i spokojenost.<\/li>\n<li><strong>Doprava po cel\u00e9m sv\u011bt\u011b:<\/strong>\u00a0Na\u0161e v\u00fdrobky hrd\u011b zas\u00edl\u00e1me do v\u011bt\u0161iny zem\u00ed sv\u011bta, tak\u017ee si je m\u016f\u017eete vychutnat bez ohledu na to, kde se nach\u00e1z\u00edte.<\/li>\n<li><strong>Zku\u0161enosti v oboru:<\/strong>\u00a0D\u00edky v\u00edce ne\u017e 8 let\u016fm zku\u0161enost\u00ed na trhu jsme se stali d\u016fv\u011bryhodnou a prvot\u0159\u00eddn\u00ed volbou.<\/li>\n<li><strong>Dlouhodob\u00e1 partnerstv\u00ed:<\/strong>\u00a0Spolupracujeme tak\u00e9 s m\u00edstn\u00edmi majiteli obchod\u016f v Evrop\u011b, co\u017e n\u00e1m umo\u017e\u0148uje rychle reagovat na pot\u0159eby trhu a udr\u017eovat \u010derstvost na\u0161ich v\u00fdrobk\u016f.<\/li>\n<\/ul>\n<p>V\u00fdb\u011br na\u0161ich jednor\u00e1zov\u00fdch vap\u016f v\u00e1m umo\u017en\u00ed nejen vychutnat si r\u016fzn\u00e9 p\u0159\u00edchut\u011b, ale tak\u00e9 za\u017e\u00edt neoby\u010dejnou cestu vapov\u00e1n\u00ed. Pro v\u00edce informac\u00ed n\u00e1s nav\u0161tivte <a href=\"http:\/\/dankstarvapes.com\" target=\"_blank\" rel=\"noopener\">dankstarvapes.com<\/a>!<\/p>","protected":false},"excerpt":{"rendered":"<p>The VAPMOD SNIPER 25000 Puffs Vape is the ultimate disposable vape, designed for the discerning vaper. Featuring a sleek, premium leather design and cutting-edge technology, this device delivers up to 25,000 puffs of smooth, flavorful vapor. Whether you prefer Direct-to-Lung (DTL) or Mouth-to-Lung (MTL) vaping, the SNIPER offers unmatched versatility, durability, and top-tier performance. Elevate [&#8230;]","protected":false},"featured_media":3069,"comment_status":"open","ping_status":"closed","template":"","meta":[],"product_brand":[],"product_cat":[111,76,95,73,78,97,71,79,80,81,82,83,84,85,86,87,88,89,90,91,92,127],"product_tag":[],"class_list":{"0":"post-3034","1":"product","2":"type-product","3":"status-publish","4":"has-post-thumbnail","6":"product_cat-25000-25k-puff-vape","7":"product_cat-3-nicotine-disposable-vape","8":"product_cat-advanced-vape","9":"product_cat-big-puff-vapes","10":"product_cat-disposable-vape-near-me","11":"product_cat-disposable-vape-with-screen","12":"product_cat-0-5-nicotine-vapes","13":"product_cat-disposable-vapes-in-austria","14":"product_cat-disposable-vapes-in-belgium","15":"product_cat-disposable-vapes-in-france","16":"product_cat-disposable-vapes-in-germany","17":"product_cat-disposable-vapes-in-ltaly","18":"product_cat-disposable-vapes-in-netherlands","19":"product_cat-disposable-vapes-in-norway","20":"product_cat-disposable-vapes-in-poland","21":"product_cat-disposable-vapes-in-portugal","22":"product_cat-disposable-vapes-in-spain","23":"product_cat-disposable-vapes-in-sweden","24":"product_cat-disposable-vapes-in-switzerland","25":"product_cat-disposable-vapes-in-united-states","26":"product_cat-vape-brands","27":"product_cat-vapmod-vape","29":"first","30":"instock","31":"shipping-taxable","32":"purchasable","33":"product-type-variable","34":"has-default-attributes"},"tiered_pricing_type":"fixed","tiered_pricing_fixed_rules":[],"tiered_pricing_product_settings":{"layout":"default","base_unit_name":{"singular":null,"plural":null},"default_variation":null},"tiered_pricing_minimum_quantity":null,"tiered_pricing_roles_data":[],"tiered_pricing_percentage_rules":[],"tiered_pricing_maximum_quantity":null,"tiered_pricing_quantity_step":null,"_links":{"self":[{"href":"https:\/\/vapsolovape.com\/cs\/wp-json\/wp\/v2\/product\/3034","targetHints":{"allow":["GET"]}}],"collection":[{"href":"https:\/\/vapsolovape.com\/cs\/wp-json\/wp\/v2\/product"}],"about":[{"href":"https:\/\/vapsolovape.com\/cs\/wp-json\/wp\/v2\/types\/product"}],"replies":[{"embeddable":true,"href":"https:\/\/vapsolovape.com\/cs\/wp-json\/wp\/v2\/comments?post=3034"}],"wp:featuredmedia":[{"embeddable":true,"href":"https:\/\/vapsolovape.com\/cs\/wp-json\/wp\/v2\/media\/3069"}],"wp:attachment":[{"href":"https:\/\/vapsolovape.com\/cs\/wp-json\/wp\/v2\/media?parent=3034"}],"wp:term":[{"taxonomy":"product_brand","embeddable":true,"href":"https:\/\/vapsolovape.com\/cs\/wp-json\/wp\/v2\/product_brand?post=3034"},{"taxonomy":"product_cat","embeddable":true,"href":"https:\/\/vapsolovape.com\/cs\/wp-json\/wp\/v2\/product_cat?post=3034"},{"taxonomy":"product_tag","embeddable":true,"href":"https:\/\/vapsolovape.com\/cs\/wp-json\/wp\/v2\/product_tag?post=3034"}],"curies":[{"name":"wp","href":"https:\/\/api.w.org\/{rel}","templated":true}]}}