{"id":3422,"date":"2025-02-14T18:31:07","date_gmt":"2025-02-14T10:31:07","guid":{"rendered":"https:\/\/vapsolovape.com\/?post_type=product&#038;p=3422"},"modified":"2025-07-10T19:37:08","modified_gmt":"2025-07-10T11:37:08","slug":"waspe-vape-15000-puffu-dobijeci-vice-moznosti-prichuti","status":"publish","type":"product","link":"https:\/\/vapsolovape.com\/cs\/produkt\/waspe-vape-15000-puffu-dobijeci-vice-moznosti-prichuti\/","title":{"rendered":"WASPE Vape 15000 Puffs - dob\u00edjec\u00ed, v\u00edce mo\u017enost\u00ed p\u0159\u00edchut\u00ed pro p\u0159izp\u016fsobiteln\u00fd z\u00e1\u017eitek"},"content":{"rendered":"<p data-start=\"166\" data-end=\"573\">WASPE Vape 15000 Puffs kombinuje elegantn\u00ed design, inovativn\u00ed technologii a \u0161irokou \u0161k\u00e1lu lahodn\u00fdch p\u0159\u00edchut\u00ed. Tento dob\u00edjec\u00ed jednor\u00e1zov\u00fd vape je ur\u010den pro v\u0161echny typy vaper\u016f a nab\u00edz\u00ed a\u017e 15 000 potah\u016f hladk\u00e9 a uspokojiv\u00e9 p\u00e1ry. A\u0165 u\u017e jste p\u0159\u00edle\u017eitostn\u00ed vape\u0159i, nebo hled\u00e1te spolehliv\u00e9 za\u0159\u00edzen\u00ed, WASPE Vape 15000 Puffs p\u0159in\u00e1\u0161\u00ed trval\u00fd po\u017eitek z ka\u017ed\u00e9ho potahu. Objevte sv\u016fj nov\u00fd obl\u00edben\u00fd vape je\u0161t\u011b dnes!<\/p>\n<figure id=\"attachment_8329\" aria-describedby=\"caption-attachment-8329\" style=\"width: 686px\" class=\"wp-caption alignnone\"><img loading=\"lazy\" decoding=\"async\" class=\"wp-image-8329 size-large\" src=\"https:\/\/dankstarvapes.com\/wp-content\/uploads\/2024\/12\/WASPE-Vape-15000-Puffs-3-686x800.webp\" alt=\"WASPE Vape 15000 Puffs\" width=\"686\" height=\"800\" title=\"\"><figcaption id=\"caption-attachment-8329\" class=\"wp-caption-text\">WASPE Vape 15000 Puffs<\/figcaption><\/figure>\n<h4>Kl\u00ed\u010dov\u00e9 vlastnosti WASPE Vape 15000 Puffs<\/h4>\n<ul>\n<li><strong>Masivn\u00ed po\u010det obl\u00e1\u010dk\u016f<\/strong>: Vychutnejte si a\u017e 15 000 potah\u016f, kter\u00e9 umo\u017e\u0148uj\u00ed del\u0161\u00ed pou\u017e\u00edv\u00e1n\u00ed bez nutnosti \u010dast\u00e9 v\u00fdm\u011bny.<\/li>\n<li><strong>Pohodl\u00ed p\u0159i dob\u00edjen\u00ed<\/strong>: WASPE Vape je vybaven nab\u00edjec\u00edm portem typu C, tak\u017ee budete m\u00edt v\u017edy dostatek energie pro dal\u0161\u00ed \u0161lukov\u00e1n\u00ed.<\/li>\n<li><strong>Mo\u017enosti s\u00edly nikotinu<\/strong>: Podle sv\u00fdch preferenc\u00ed si m\u016f\u017eete vybrat z 5%, 3%, 2% nebo 0% nikotinu.<\/li>\n<li><strong>Elegantn\u00ed a p\u0159enosn\u00fd design<\/strong>: Je lehk\u00fd a kompaktn\u00ed, tak\u017ee je ide\u00e1ln\u00ed pro vaping na cest\u00e1ch.<\/li>\n<li><strong>\u0158ada \u017eiv\u00fdch chut\u00ed<\/strong>: Od ovocn\u00fdch sm\u011bs\u00ed a\u017e po ledov\u011b chladiv\u00e9 pocity - pro ka\u017edou chu\u0165 se najde n\u011bco vhodn\u00e9ho.<\/li>\n<\/ul>\n<figure id=\"attachment_8330\" aria-describedby=\"caption-attachment-8330\" style=\"width: 686px\" class=\"wp-caption alignnone\"><img loading=\"lazy\" decoding=\"async\" class=\"wp-image-8330 size-large\" src=\"https:\/\/dankstarvapes.com\/wp-content\/uploads\/2024\/12\/WASPE-Vape-15000-Puffs-4-686x800.webp\" alt=\"WASPE Vape 15000 Puffs\" width=\"686\" height=\"800\" title=\"\"><figcaption id=\"caption-attachment-8330\" class=\"wp-caption-text\">WASPE Vape 15000 Puffs<\/figcaption><\/figure>\n<h4>P\u0159\u00edchu\u0165 pro ka\u017edou n\u00e1ladu<\/h4>\n<p>Prozkoumejte \u0161irok\u00fd v\u00fdb\u011br chut\u00ed, kter\u00e9 uspokoj\u00ed va\u0161e chut\u011b:<\/p>\n<ul>\n<li><strong>Bor\u016fvkov\u00fd led<\/strong>: Osv\u011b\u017euj\u00edc\u00ed p\u0159\u00edval sladk\u00fdch bobul\u00ed a mentolu.<\/li>\n<li><strong>Jahodov\u00e9 kiwi<\/strong>: N\u00e1dhern\u00e1 sm\u011bs zral\u00fdch jahod a pikantn\u00edho kiwi.<\/li>\n<li><strong>Mango Broskev Ananas<\/strong>: Tropick\u00fd \u00fanik v ka\u017ed\u00e9m obl\u00e1\u010dku.<\/li>\n<li>A mnoho dal\u0161\u00edch, kter\u00e9 m\u016f\u017eete objevit!<\/li>\n<\/ul>\n<h4>Pro\u010d si vybrat WASPE Vape?<\/h4>\n<ol>\n<li><strong>Bezkonkuren\u010dn\u00ed kvalita<\/strong>: Vyrobeno pro dlouhou \u017eivotnost a konzistentn\u00ed v\u00fdkon, co\u017e zaji\u0161\u0165uje prvot\u0159\u00eddn\u00ed vapingov\u00fd z\u00e1\u017eitek.<\/li>\n<li><strong>Chytr\u00e9 funkce<\/strong>: D\u00edky inteligentn\u00edmu digit\u00e1ln\u00edmu displeji m\u016f\u017eete snadno sledovat po\u010det \u0161luk\u016f a v\u00fddr\u017e baterie.<\/li>\n<li><strong>\u0160etrn\u00e9 k \u017eivotn\u00edmu prost\u0159ed\u00ed<\/strong>: D\u00edky dob\u00edjec\u00ed baterii se sni\u017euje mno\u017estv\u00ed odpadu ve srovn\u00e1n\u00ed s tradi\u010dn\u00edmi jednor\u00e1zov\u00fdmi bateriemi.<\/li>\n<\/ol>\n<h4>Ide\u00e1ln\u00ed pro osobn\u00ed pou\u017eit\u00ed nebo maloobchod<\/h4>\n<p>Na str\u00e1nk\u00e1ch <strong>WASPE Vape 15000 Puffs<\/strong> je ide\u00e1ln\u00ed pro individu\u00e1ln\u00ed vapery, kte\u0159\u00ed hledaj\u00ed pohodl\u00ed, a pro maloobchodn\u00edky, kte\u0159\u00ed cht\u011bj\u00ed m\u00edt na sklad\u011b velmi \u017e\u00e1dan\u00fd produkt. Pro podniky jsou k dispozici mo\u017enosti hromadn\u00e9ho n\u00e1kupu.<\/p>\n<h4>Objednejte si WASPE Vape 15000 Puffs je\u0161t\u011b dnes!<\/h4>\n<p>Vylep\u0161ete sv\u016fj z\u00e1\u017eitek z vapingu s WASPE Vape. Vyberte si sv\u00e9 obl\u00edben\u00e9 p\u0159\u00edchut\u011b a s\u00edlu nikotinu a u\u017eijte si dlouhotrvaj\u00edc\u00ed uspokojen\u00ed v elegantn\u00edm p\u0159enosn\u00e9m za\u0159\u00edzen\u00ed.<\/p>\n<p><strong>Ud\u011blejte prvn\u00ed krok na cest\u011b k vynikaj\u00edc\u00edmu vapingu. Po\u0159i\u010fte si WASPE Vape 15000 Puffs hned te\u010f!<\/strong><\/p>\n<p><strong>Pro\u010d si vybrat pr\u00e1v\u011b n\u00e1s?<\/strong><\/p>\n<p>V\u00fdb\u011brem ofici\u00e1ln\u00edho obchodu s jednor\u00e1zov\u00fdmi vapes m\u016f\u017eete vyu\u017e\u00edt mnoha v\u00fdhod:<\/p>\n<ul>\n<li><strong>Ofici\u00e1ln\u00ed prodejn\u00ed kan\u00e1l:<\/strong>\u00a0Zaru\u010dujeme autentick\u00e9 v\u00fdrobky a kvalitn\u00ed slu\u017eby.<\/li>\n<li><strong>Velkoobchod a maloobchod:<\/strong>\u00a0Nab\u00edz\u00edme flexibiln\u00ed mo\u017enosti n\u00e1kupu pro jednotlivce i velkoobchodn\u00edky.<\/li>\n<li><strong>Zaji\u0161t\u011bn\u00ed kvality:<\/strong>\u00a0Na\u0161e v\u00fdrobky proch\u00e1zej\u00ed p\u0159\u00edsn\u00fdm testov\u00e1n\u00edm kvality, abychom zajistili va\u0161i spokojenost.<\/li>\n<li><strong>Doprava po cel\u00e9m sv\u011bt\u011b:<\/strong>\u00a0Na\u0161e v\u00fdrobky hrd\u011b zas\u00edl\u00e1me do v\u011bt\u0161iny zem\u00ed sv\u011bta, tak\u017ee si je m\u016f\u017eete vychutnat bez ohledu na to, kde se nach\u00e1z\u00edte.<\/li>\n<li><strong>Zku\u0161enosti v oboru:<\/strong>\u00a0D\u00edky v\u00edce ne\u017e 8 let\u016fm zku\u0161enost\u00ed na trhu jsme se stali d\u016fv\u011bryhodnou a prvot\u0159\u00eddn\u00ed volbou.<\/li>\n<li><strong>Dlouhodob\u00e1 partnerstv\u00ed:<\/strong>\u00a0Spolupracujeme tak\u00e9 s m\u00edstn\u00edmi majiteli obchod\u016f v Evrop\u011b, co\u017e n\u00e1m umo\u017e\u0148uje rychle reagovat na pot\u0159eby trhu a udr\u017eovat \u010derstvost na\u0161ich v\u00fdrobk\u016f.<\/li>\n<\/ul>\n<p>V\u00fdb\u011br na\u0161ich jednor\u00e1zov\u00fdch vap\u016f v\u00e1m umo\u017en\u00ed nejen vychutnat si r\u016fzn\u00e9 p\u0159\u00edchut\u011b, ale tak\u00e9 za\u017e\u00edt neoby\u010dejnou cestu vapov\u00e1n\u00ed. Pro v\u00edce informac\u00ed n\u00e1s nav\u0161tivte <a href=\"http:\/\/dankstarvapes.com\" target=\"_blank\" rel=\"noopener\">dankstarvapes.com<\/a>!<\/p>","protected":false},"excerpt":{"rendered":"<p>The WASPE Vape 15000 Puffs combines sleek design, innovative technology, and a wide range of delicious flavors. Crafted for all types of vapers, this rechargeable disposable vape offers up to 15,000 puffs of smooth, satisfying vapor. Whether you\u2019re a casual vaper or looking for a reliable device, the WASPE Vape 15000 Puffs delivers lasting enjoyment [&#8230;]","protected":false},"featured_media":3428,"comment_status":"open","ping_status":"closed","template":"","meta":[],"product_brand":[],"product_cat":[72,94,75,76,77,78,96,71,79,80,81,82,83,84,85,86,87,88,89,90,91,92,130],"product_tag":[],"class_list":{"0":"post-3422","1":"product","2":"type-product","3":"status-publish","4":"has-post-thumbnail","6":"product_cat-0-nicotine-disposable-vape","7":"product_cat-15000-15k-puff-vape","8":"product_cat-2-nicotine-disposable-vape","9":"product_cat-3-nicotine-disposable-vape","10":"product_cat-5-nicotine-disposable-vape","11":"product_cat-disposable-vape-near-me","12":"product_cat-disposable-vape-with-led-light","13":"product_cat-0-5-nicotine-vapes","14":"product_cat-disposable-vapes-in-austria","15":"product_cat-disposable-vapes-in-belgium","16":"product_cat-disposable-vapes-in-france","17":"product_cat-disposable-vapes-in-germany","18":"product_cat-disposable-vapes-in-ltaly","19":"product_cat-disposable-vapes-in-netherlands","20":"product_cat-disposable-vapes-in-norway","21":"product_cat-disposable-vapes-in-poland","22":"product_cat-disposable-vapes-in-portugal","23":"product_cat-disposable-vapes-in-spain","24":"product_cat-disposable-vapes-in-sweden","25":"product_cat-disposable-vapes-in-switzerland","26":"product_cat-disposable-vapes-in-united-states","27":"product_cat-vape-brands","28":"product_cat-waspe-vape","30":"first","31":"instock","32":"shipping-taxable","33":"purchasable","34":"product-type-variable","35":"has-default-attributes"},"tiered_pricing_type":"fixed","tiered_pricing_fixed_rules":[],"tiered_pricing_product_settings":{"layout":"default","base_unit_name":{"singular":null,"plural":null},"default_variation":null},"tiered_pricing_minimum_quantity":null,"tiered_pricing_roles_data":[],"tiered_pricing_percentage_rules":[],"tiered_pricing_maximum_quantity":null,"tiered_pricing_quantity_step":null,"_links":{"self":[{"href":"https:\/\/vapsolovape.com\/cs\/wp-json\/wp\/v2\/product\/3422","targetHints":{"allow":["GET"]}}],"collection":[{"href":"https:\/\/vapsolovape.com\/cs\/wp-json\/wp\/v2\/product"}],"about":[{"href":"https:\/\/vapsolovape.com\/cs\/wp-json\/wp\/v2\/types\/product"}],"replies":[{"embeddable":true,"href":"https:\/\/vapsolovape.com\/cs\/wp-json\/wp\/v2\/comments?post=3422"}],"wp:featuredmedia":[{"embeddable":true,"href":"https:\/\/vapsolovape.com\/cs\/wp-json\/wp\/v2\/media\/3428"}],"wp:attachment":[{"href":"https:\/\/vapsolovape.com\/cs\/wp-json\/wp\/v2\/media?parent=3422"}],"wp:term":[{"taxonomy":"product_brand","embeddable":true,"href":"https:\/\/vapsolovape.com\/cs\/wp-json\/wp\/v2\/product_brand?post=3422"},{"taxonomy":"product_cat","embeddable":true,"href":"https:\/\/vapsolovape.com\/cs\/wp-json\/wp\/v2\/product_cat?post=3422"},{"taxonomy":"product_tag","embeddable":true,"href":"https:\/\/vapsolovape.com\/cs\/wp-json\/wp\/v2\/product_tag?post=3422"}],"curies":[{"name":"wp","href":"https:\/\/api.w.org\/{rel}","templated":true}]}}