{"id":3587,"date":"2025-02-14T18:32:04","date_gmt":"2025-02-14T10:32:04","guid":{"rendered":"https:\/\/vapsolovape.com\/?post_type=product&#038;p=3587"},"modified":"2025-07-10T19:36:41","modified_gmt":"2025-07-10T11:36:41","slug":"waspe-fihp-30000-jednorazovy-vape-dual-mesh28mlnabijeci","status":"publish","type":"product","link":"https:\/\/vapsolovape.com\/cs\/produkt\/waspe-fihp-30000-jednorazovy-vape-dual-mesh28mlnabijeci\/","title":{"rendered":"WASPE FIHP 30000 Puffs Vape na jedno pou\u017eit\u00ed - Dual Mesh, 28ml, dob\u00edjec\u00ed pro zv\u00fd\u0161enou chu\u0165"},"content":{"rendered":"<p data-start=\"180\" data-end=\"758\">Objevte nejnov\u011bj\u0161\u00ed inovaci v oblasti jednor\u00e1zov\u00e9ho vapingu s jednor\u00e1zov\u00fdm vapem WASPE FIHP 30000. WASPE FIHP je ur\u010den jak pro zku\u0161en\u00e9 vapery, tak pro podniky, kter\u00e9 cht\u011bj\u00ed m\u00edt na sklad\u011b \u0161pi\u010dkov\u00e9 produkty, a p\u0159in\u00e1\u0161\u00ed dlouhotrvaj\u00edc\u00ed spokojenost, plynulou p\u00e1ru a p\u0159izp\u016fsobiteln\u00e9 funkce, kter\u00e9 pozvednou ka\u017ed\u00e9 sezen\u00ed. Tento jednor\u00e1zov\u00fd vape se svou technologi\u00ed s dvojitou s\u00ed\u0165kou a dob\u00edjec\u00ed konstrukc\u00ed zaji\u0161\u0165uje vynikaj\u00edc\u00ed z\u00e1\u017eitek z vapov\u00e1n\u00ed. WASPE FIHP, kter\u00fd je k dispozici v\u00fdhradn\u011b u spole\u010dnosti Elfvaping, je ide\u00e1ln\u00ed volbou pro osobn\u00ed pou\u017eit\u00ed nebo velkoobchodn\u00ed n\u00e1kup. Po\u0159i\u010fte si sv\u016fj je\u0161t\u011b dnes a poznejte budoucnost vapingu!<\/p>\n<figure id=\"attachment_8501\" aria-describedby=\"caption-attachment-8501\" style=\"width: 891px\" class=\"wp-caption alignnone\"><img loading=\"lazy\" decoding=\"async\" class=\"wp-image-8501\" src=\"https:\/\/dankstarvapes.com\/wp-content\/uploads\/2024\/12\/WASPE-30000-Puffs-Disposable-Vapes-54-scaled-1-1.webp\" alt=\"WASPE FIHP 30000 Jednor\u00e1zov\u00e9 vape\" width=\"891\" height=\"1542\" title=\"\"><figcaption id=\"caption-attachment-8501\" class=\"wp-caption-text\">WASPE FIHP 30000 Jednor\u00e1zov\u00e9 vape<\/figcaption><\/figure>\n<h4>Kl\u00ed\u010dov\u00e9 vlastnosti jednor\u00e1zov\u00e9ho vape WASPE FIHP 30000<\/h4>\n<ul>\n<li><strong>Bezkonkuren\u010dn\u00edch 30 000 puf\u016f<\/strong>: D\u00edky neuv\u011b\u0159iteln\u00fdm 30 000 potah\u016fm na jedno za\u0159\u00edzen\u00ed nab\u00edz\u00ed WASPE FIHP v\u00fdjime\u010dnou \u017eivotnost, kter\u00e1 zaru\u010duje m\u00e9n\u011b v\u00fdm\u011bn a v\u00edce pot\u011b\u0161en\u00ed.<\/li>\n<li><strong>Technologie Dual Mesh Coil<\/strong>: Tato vapka je vybavena dv\u011bma s\u00ed\u0165ov\u00fdmi c\u00edvkami (1,0\u03a9 + 1,0\u03a9), kter\u00e9 zaji\u0161\u0165uj\u00ed hlad\u0161\u00ed p\u00e1ru a intenzivn\u011bj\u0161\u00ed chu\u0165 p\u0159i ka\u017ed\u00e9m \u0161luknut\u00ed, co\u017e zvy\u0161uje v\u00e1\u0161 celkov\u00fd z\u00e1\u017eitek z vapov\u00e1n\u00ed.<\/li>\n<li><strong>Kapacita 28 ml e-kapaliny<\/strong>: WASPE FIHP je vybaven velkorysou n\u00e1dr\u017ekou na 28 ml p\u0159edpln\u011bn\u00e9ho e-liquidu, kter\u00e1 zaji\u0161\u0165uje dlouhotrvaj\u00edc\u00ed vaping bez nutnosti \u010dast\u00e9ho dopl\u0148ov\u00e1n\u00ed.<\/li>\n<li><strong>Dob\u00edjec\u00ed pro pohodl\u00ed<\/strong>: WASPE FIHP je nap\u00e1jen dob\u00edjec\u00ed bateri\u00ed s kapacitou 850 mAh a nab\u00edjec\u00edm portem typu C, co\u017e zaji\u0161\u0165uje rychl\u00e9 a efektivn\u00ed nab\u00edjen\u00ed pro minim\u00e1ln\u00ed prostoje a nep\u0159etr\u017eitou z\u00e1bavu.<\/li>\n<li><strong>Nastaviteln\u00e9 proud\u011bn\u00ed vzduchu<\/strong>: P\u0159izp\u016fsobte si sv\u016fj vapingov\u00fd z\u00e1\u017eitek d\u00edky nastaviteln\u00e9mu airflow, kter\u00e9 v\u00e1m umo\u017en\u00ed p\u0159izp\u016fsobit potah sv\u00fdm preferenc\u00edm - a\u0165 u\u017e m\u00e1te r\u00e1di siln\u00fd, intenzivn\u00ed z\u00e1tah, nebo hlad\u0161\u00ed, vzdu\u0161n\u00fd potah.<\/li>\n<li><strong>U\u017eivatelsky p\u0159\u00edv\u011btiv\u00fd LED displej<\/strong>: P\u0159ehledn\u00fd LED displej v\u00e1s informuje o stavu baterie a stavu za\u0159\u00edzen\u00ed, tak\u017ee se v\u00e1m nikdy ne\u010dekan\u011b nevybije.<\/li>\n<li><strong>Mo\u017enosti s\u00edly nikotinu<\/strong>: M\u016f\u017eete si vybrat ze sil nikotinu 0%, 2% nebo 5%, co\u017e vyhovuje nejr\u016fzn\u011bj\u0161\u00edm preferenc\u00edm u\u017eivatel\u016f.<\/li>\n<\/ul>\n<h4>Pr\u00e9miov\u00e9 mo\u017enosti p\u0159\u00edchut\u00ed<\/h4>\n<p>Vychutnejte si v\u00fdb\u011br neodolateln\u00fdch chut\u00ed, kter\u00e9 v\u00e1s p\u0159im\u011bj\u00ed vracet se pro dal\u0161\u00ed:<\/p>\n<ul>\n<li><strong>Jahodov\u00e9 mango<\/strong>: Sladk\u00e1 tropick\u00e1 sm\u011bs \u0161\u0165avnat\u00fdch jahod a zral\u00e9ho manga.<\/li>\n<li><strong>Sm\u00ed\u0161en\u00e9 bobule<\/strong>: Z\u00e1\u0159iv\u00e1 sm\u011bs obl\u00edben\u00fdch bobul\u00ed, kter\u00e1 je pln\u00e1 chuti.<\/li>\n<li><strong>Melounov\u00fd led<\/strong>: Osv\u011b\u017euj\u00edc\u00ed melounov\u00e1 p\u0159\u00edchu\u0165 s chladiv\u00fdm mentolov\u00fdm z\u00e1v\u011brem.<\/li>\n<li><strong>Peach Berry<\/strong>: Lahodn\u00e1 kombinace sladk\u00fdch broskv\u00ed a pikantn\u00edch lesn\u00edch plod\u016f.<\/li>\n<li><strong>Bor\u016fvka malina<\/strong>: Sladk\u00e1 a trpk\u00e1 kombinace bor\u016fvek a malin.<\/li>\n<li><strong>A mnoho dal\u0161\u00edch<\/strong>: Prozkoumejte celou \u0159adu na\u0161ich p\u0159\u00edchut\u00ed, kter\u00e9 uspokoj\u00ed ka\u017ed\u00fd jaz\u00fd\u010dek.<\/li>\n<\/ul>\n<h4>Pro\u010d si vybrat WASPE FIHP 30000 Vape na jedno pou\u017eit\u00ed?<\/h4>\n<ol>\n<li><strong>Pr\u00e9miov\u00fd v\u00fdkon<\/strong>: WASPE FIHP je navr\u017een pro dlouhotrvaj\u00edc\u00ed, konzistentn\u00ed v\u00fdkon, kter\u00fd zaji\u0161\u0165uje bohatou chu\u0165 a hladkou p\u00e1ru od prvn\u00edho potahu a\u017e po ten posledn\u00ed.<\/li>\n<li><strong>Pohodln\u00e9 a snadn\u00e9 pou\u017eit\u00ed<\/strong>: D\u00edky dob\u00edjec\u00ed konstrukci a absenci nutnosti op\u011btovn\u00e9ho pln\u011bn\u00ed nab\u00edz\u00ed WASPE FIHP maxim\u00e1ln\u00ed pohodl\u00ed a bezprobl\u00e9mov\u00fd vaping.<\/li>\n<li><strong>Ide\u00e1ln\u00ed pro velkoobchod a maloobchod<\/strong>: Ka\u017ed\u00e1 krabi\u010dka obsahuje 200 kus\u016f, co\u017e je ide\u00e1ln\u00ed pro vape obchody a maloobchodn\u00edky, tak\u017ee se snadno z\u00e1sob\u00edte a m\u016f\u017eete sv\u00fdm z\u00e1kazn\u00edk\u016fm nab\u00eddnout v\u00fdrobky \u0161pi\u010dkov\u00e9 kvality. Hromadn\u00e9 objedn\u00e1vky zaji\u0161\u0165uj\u00ed \u00fasporu n\u00e1klad\u016f a konkurenceschopn\u00e9 ceny.<\/li>\n<li><strong>Na m\u00edru ka\u017ed\u00e9mu vaperovi<\/strong>: D\u00edky nastaviteln\u00e9mu pr\u016ftoku vzduchu, n\u011bkolika sil\u00e1m nikotinu a \u0161irok\u00e9 \u0161k\u00e1le p\u0159\u00edchut\u00ed je WASPE FIHP vhodn\u00fd jak pro za\u010d\u00e1te\u010dn\u00edky, tak pro zku\u0161en\u00e9 vapery.<\/li>\n<\/ol>\n<h4>Velkoobchodn\u00ed v\u00fdhody<\/h4>\n<ul>\n<li><strong>Hromadn\u00e9 objedn\u00e1vky<\/strong>: Z\u00edskejte 200 kus\u016f v kartonu, co\u017e je ide\u00e1ln\u00ed pro maloobchodn\u00edky, kte\u0159\u00ed cht\u011bj\u00ed nab\u00edzet vysoce kvalitn\u00ed a \u017e\u00e1dan\u00e9 produkty.<\/li>\n<li><strong>Cenov\u011b dostupn\u00e9 ceny<\/strong>: D\u00edky velkoobchodn\u00edm cen\u00e1m m\u016f\u017eete sv\u00fdm z\u00e1kazn\u00edk\u016fm nab\u00eddnout konkurenceschopn\u00e9 ceny a z\u00e1rove\u0148 maximalizovat sv\u00e9 ziskov\u00e9 rozp\u011bt\u00ed.<\/li>\n<li><strong>Zak\u00e1zkov\u00e9 objedn\u00e1vky<\/strong>: Kombinujte obl\u00edben\u00e9 p\u0159\u00edchut\u011b a vytvo\u0159te si nab\u00eddku na m\u00edru, kter\u00e1 bude odpov\u00eddat preferenc\u00edm va\u0161ich z\u00e1kazn\u00edk\u016f.<\/li>\n<\/ul>\n<h4>Z\u00edskejte sv\u016fj WASPE FIHP 30000 Vape na jedno pou\u017eit\u00ed je\u0161t\u011b dnes!<\/h4>\n<p>Na str\u00e1nk\u00e1ch <strong>WASPE FIHP 30000 Jednor\u00e1zov\u00e9 vape<\/strong> je nejlep\u0161\u00ed volbou pro vapery, kte\u0159\u00ed hledaj\u00ed vysoce v\u00fdkonn\u00e9 za\u0159\u00edzen\u00ed s dlouhou \u017eivotnost\u00ed. A\u0165 u\u017e jste p\u0159\u00edle\u017eitostn\u00fd u\u017eivatel nebo prodejce, WASPE FIHP p\u0159ed\u010d\u00ed va\u0161e o\u010dek\u00e1v\u00e1n\u00ed d\u00edky pr\u00e9miov\u00e9 konstrukci, plynul\u00e9 p\u00e1\u0159e a mo\u017enostem p\u0159izp\u016fsoben\u00ed.<\/p>\n<p><strong>Objednejte si nyn\u00ed a poznejte budoucnost vapingu s WASPE!<\/strong><\/p>\n<p><strong>Pro\u010d si vybrat pr\u00e1v\u011b n\u00e1s?<\/strong><\/p>\n<p>V\u00fdb\u011brem ofici\u00e1ln\u00edho obchodu s jednor\u00e1zov\u00fdmi vapes m\u016f\u017eete vyu\u017e\u00edt mnoha v\u00fdhod:<\/p>\n<ul>\n<li><strong>Ofici\u00e1ln\u00ed prodejn\u00ed kan\u00e1l:<\/strong>\u00a0Zaru\u010dujeme autentick\u00e9 v\u00fdrobky a kvalitn\u00ed slu\u017eby.<\/li>\n<li><strong>Velkoobchod a maloobchod:<\/strong>\u00a0Nab\u00edz\u00edme flexibiln\u00ed mo\u017enosti n\u00e1kupu pro jednotlivce i velkoobchodn\u00edky.<\/li>\n<li><strong>Zaji\u0161t\u011bn\u00ed kvality:<\/strong>\u00a0Na\u0161e v\u00fdrobky proch\u00e1zej\u00ed p\u0159\u00edsn\u00fdm testov\u00e1n\u00edm kvality, abychom zajistili va\u0161i spokojenost.<\/li>\n<li><strong>Doprava po cel\u00e9m sv\u011bt\u011b:<\/strong>\u00a0Na\u0161e v\u00fdrobky hrd\u011b zas\u00edl\u00e1me do v\u011bt\u0161iny zem\u00ed sv\u011bta, tak\u017ee si je m\u016f\u017eete vychutnat bez ohledu na to, kde se nach\u00e1z\u00edte.<\/li>\n<li><strong>Zku\u0161enosti v oboru:<\/strong>\u00a0D\u00edky v\u00edce ne\u017e 8 let\u016fm zku\u0161enost\u00ed na trhu jsme se stali d\u016fv\u011bryhodnou a prvot\u0159\u00eddn\u00ed volbou.<\/li>\n<li><strong>Dlouhodob\u00e1 partnerstv\u00ed:<\/strong>\u00a0Spolupracujeme tak\u00e9 s m\u00edstn\u00edmi majiteli obchod\u016f v Evrop\u011b, co\u017e n\u00e1m umo\u017e\u0148uje rychle reagovat na pot\u0159eby trhu a udr\u017eovat \u010derstvost na\u0161ich v\u00fdrobk\u016f.<\/li>\n<\/ul>\n<p>V\u00fdb\u011br na\u0161ich jednor\u00e1zov\u00fdch vap\u016f v\u00e1m umo\u017en\u00ed nejen vychutnat si r\u016fzn\u00e9 p\u0159\u00edchut\u011b, ale tak\u00e9 za\u017e\u00edt neoby\u010dejnou cestu vapov\u00e1n\u00ed. Pro v\u00edce informac\u00ed n\u00e1s nav\u0161tivte <a href=\"http:\/\/dankstarvapes.com\" target=\"_blank\" rel=\"noopener\">dankstarvapes.com<\/a>!<\/p>","protected":false},"excerpt":{"rendered":"<p>Discover the latest innovation in disposable vaping with the WASPE FIHP 30000 Disposable Vape. Designed for both seasoned vapers and businesses looking to stock top-tier products, the WASPE FIHP delivers long-lasting satisfaction, smooth vapor, and customizable features to elevate every session. With its dual mesh technology and rechargeable design, this disposable vape ensures a superior [&#8230;]","protected":false},"featured_media":3595,"comment_status":"open","ping_status":"closed","template":"","meta":[],"product_brand":[],"product_cat":[72,75,77,95,73,100,78,96,97,71,79,80,81,82,83,84,85,86,87,88,89,90,91,92,130],"product_tag":[],"class_list":{"0":"post-3587","1":"product","2":"type-product","3":"status-publish","4":"has-post-thumbnail","6":"product_cat-0-nicotine-disposable-vape","7":"product_cat-2-nicotine-disposable-vape","8":"product_cat-5-nicotine-disposable-vape","9":"product_cat-advanced-vape","10":"product_cat-big-puff-vapes","11":"product_cat-big-puff-vapes-30000","12":"product_cat-disposable-vape-near-me","13":"product_cat-disposable-vape-with-led-light","14":"product_cat-disposable-vape-with-screen","15":"product_cat-0-5-nicotine-vapes","16":"product_cat-disposable-vapes-in-austria","17":"product_cat-disposable-vapes-in-belgium","18":"product_cat-disposable-vapes-in-france","19":"product_cat-disposable-vapes-in-germany","20":"product_cat-disposable-vapes-in-ltaly","21":"product_cat-disposable-vapes-in-netherlands","22":"product_cat-disposable-vapes-in-norway","23":"product_cat-disposable-vapes-in-poland","24":"product_cat-disposable-vapes-in-portugal","25":"product_cat-disposable-vapes-in-spain","26":"product_cat-disposable-vapes-in-sweden","27":"product_cat-disposable-vapes-in-switzerland","28":"product_cat-disposable-vapes-in-united-states","29":"product_cat-vape-brands","30":"product_cat-waspe-vape","32":"first","33":"instock","34":"shipping-taxable","35":"purchasable","36":"product-type-variable","37":"has-default-attributes"},"tiered_pricing_type":"fixed","tiered_pricing_fixed_rules":[],"tiered_pricing_product_settings":{"layout":"default","base_unit_name":{"singular":null,"plural":null},"default_variation":null},"tiered_pricing_minimum_quantity":null,"tiered_pricing_roles_data":[],"tiered_pricing_percentage_rules":[],"tiered_pricing_maximum_quantity":null,"tiered_pricing_quantity_step":null,"_links":{"self":[{"href":"https:\/\/vapsolovape.com\/cs\/wp-json\/wp\/v2\/product\/3587","targetHints":{"allow":["GET"]}}],"collection":[{"href":"https:\/\/vapsolovape.com\/cs\/wp-json\/wp\/v2\/product"}],"about":[{"href":"https:\/\/vapsolovape.com\/cs\/wp-json\/wp\/v2\/types\/product"}],"replies":[{"embeddable":true,"href":"https:\/\/vapsolovape.com\/cs\/wp-json\/wp\/v2\/comments?post=3587"}],"wp:featuredmedia":[{"embeddable":true,"href":"https:\/\/vapsolovape.com\/cs\/wp-json\/wp\/v2\/media\/3595"}],"wp:attachment":[{"href":"https:\/\/vapsolovape.com\/cs\/wp-json\/wp\/v2\/media?parent=3587"}],"wp:term":[{"taxonomy":"product_brand","embeddable":true,"href":"https:\/\/vapsolovape.com\/cs\/wp-json\/wp\/v2\/product_brand?post=3587"},{"taxonomy":"product_cat","embeddable":true,"href":"https:\/\/vapsolovape.com\/cs\/wp-json\/wp\/v2\/product_cat?post=3587"},{"taxonomy":"product_tag","embeddable":true,"href":"https:\/\/vapsolovape.com\/cs\/wp-json\/wp\/v2\/product_tag?post=3587"}],"curies":[{"name":"wp","href":"https:\/\/api.w.org\/{rel}","templated":true}]}}