{"id":3800,"date":"2025-02-14T18:33:15","date_gmt":"2025-02-14T10:33:15","guid":{"rendered":"https:\/\/vapsolovape.com\/?post_type=product&#038;p=3800"},"modified":"2026-03-17T08:12:12","modified_gmt":"2026-03-17T00:12:12","slug":"zooy-vape-shisha-25000-puffs-vape-dlouhotrvajici-aromaticke","status":"publish","type":"product","link":"https:\/\/vapsolovape.com\/cs\/produkt\/zooy-vape-shisha-25000-puffs-vape-dlouhotrvajici-aromaticke\/","title":{"rendered":"ZOOY VAPE SHISHA nab\u00edz\u00ed 25000 Puffs Vape s trvanliv\u00fdm a chutn\u00fdm z\u00e1\u017eitkem."},"content":{"rendered":"<p>Na str\u00e1nk\u00e1ch <strong>ZOOY Vape SHISHA 25000 Puffs<\/strong> je pr\u00e9miov\u00fd jednor\u00e1zov\u00fd vape, kter\u00fd poskytuje v\u00fdjime\u010dn\u00fd a dlouhotrvaj\u00edc\u00ed z\u00e1\u017eitek s v\u00fddr\u017e\u00ed a\u017e 25 000 potah\u016f. Vyzna\u010duje se elegantn\u00edm designem, nastaviteln\u00fdm pr\u016ftokem vzduchu a mo\u017enost\u00ed <strong>2%<\/strong> nebo <strong>5%<\/strong> <strong>nikotin<\/strong> poskytuje p\u0159izp\u016fsobiteln\u00fd a plynul\u00fd z\u00e1\u017eitek z vapingu. V\u00ed\u010dko proti prachu udr\u017euje za\u0159\u00edzen\u00ed \u010dist\u00e9 a chr\u00e1n\u011bn\u00e9, zat\u00edmco funkce dob\u00edjen\u00ed zvy\u0161uje pohodl\u00ed a n\u00e1kladovou efektivitu. K dispozici v \u0161irok\u00e9 \u0161k\u00e1le \u017eiv\u00fdch p\u0159\u00edchut\u00ed. <strong>ZOOY 25000 Puffs<\/strong> zaji\u0161\u0165uje konzistentn\u00ed chu\u0165 a hladkou p\u00e1ru p\u0159i ka\u017ed\u00e9m \u0161luknut\u00ed, tak\u017ee je ide\u00e1ln\u00ed volbou pro vapery, kte\u0159\u00ed hledaj\u00ed kvalitu i trvanlivost.<\/p>\n<figure id=\"attachment_8733\" aria-describedby=\"caption-attachment-8733\" style=\"width: 800px\" class=\"wp-caption alignnone\"><img loading=\"lazy\" decoding=\"async\" class=\"wp-image-8733 size-full\" src=\"https:\/\/dankstarvapes.com\/wp-content\/uploads\/2024\/12\/ZOOY-VAPE-SHISHA-25000-.webp\" alt=\"ZOOY VAPE SHISHA 25000 Puffs\" width=\"800\" height=\"789\" title=\"\"><figcaption id=\"caption-attachment-8733\" class=\"wp-caption-text\">ZOOY VAPE SHISHA 25000 Puffs<\/figcaption><\/figure>\n<hr \/>\n<h3>Pro\u010d si vybrat ZOOY VAPE SHISHA 25000 Puffs?<\/h3>\n<h4><strong>1. Impozantn\u00ed kapacita nad\u00fdch\u00e1n\u00ed<\/strong><\/h4>\n<p>S a\u017e <strong>25 000 obl\u00e1\u010dk\u016f<\/strong> ZOOY VAPE SHISHA vydr\u017e\u00ed na jedno za\u0159\u00edzen\u00ed d\u00e9le ne\u017e v\u011bt\u0161ina ostatn\u00edch jednor\u00e1zov\u00fdch vap\u016f na trhu, co\u017e v\u00e1m umo\u017en\u00ed del\u0161\u00ed pou\u017e\u00edv\u00e1n\u00ed bez nutnosti \u010dast\u00e9 v\u00fdm\u011bny.<\/p>\n<h4><strong>2. Vynikaj\u00edc\u00ed pod\u00e1n\u00ed chuti<\/strong><\/h4>\n<p>Vybaveno <strong>C\u00edvka s oky 0,5\u03a9<\/strong>, SHISHA 25000 zaji\u0161\u0165uje hladkou p\u00e1ru a intenzivn\u00ed chu\u0165 p\u0159i ka\u017ed\u00e9m potahu, tak\u017ee je ide\u00e1ln\u00ed pro milovn\u00edky chuti, kte\u0159\u00ed vy\u017eaduj\u00ed to nejlep\u0161\u00ed.<\/p>\n<h4><strong>3. P\u0159izp\u016fsobiteln\u00fd z\u00e1\u017eitek z vapov\u00e1n\u00ed<\/strong><\/h4>\n<p>Na str\u00e1nk\u00e1ch <strong>nastaviteln\u00e9 proud\u011bn\u00ed vzduchu<\/strong> umo\u017e\u0148uje p\u0159izp\u016fsobit potahov\u00e1n\u00ed va\u0161im osobn\u00edm preferenc\u00edm, a\u0165 u\u017e m\u00e1te r\u00e1di pevn\u011bj\u0161\u00ed a kontrolovan\u011bj\u0161\u00ed vape, nebo voln\u011bj\u0161\u00ed a vzdu\u0161n\u011bj\u0161\u00ed potah.<\/p>\n<h4><strong>4. Dob\u00edjec\u00ed pro del\u0161\u00ed pou\u017eit\u00ed<\/strong><\/h4>\n<p>Rozlu\u010dte se s vyru\u0161ov\u00e1n\u00edm. S a <strong>Nab\u00edjec\u00ed baterie s kapacitou 650 mAh<\/strong> a <strong>Nab\u00edjec\u00ed port typu C<\/strong>, SHISHA 25000 v\u00e1m zajist\u00ed, \u017ee budete moci vapovat bez p\u0159eru\u0161en\u00ed tak dlouho, jak budete pot\u0159ebovat.<\/p>\n<h4><strong>5. Navr\u017eeno pro hygienu a pohodl\u00ed<\/strong><\/h4>\n<p>. <strong>protiprachov\u00fd uz\u00e1v\u011br<\/strong> chr\u00e1n\u00ed v\u00e1\u0161 vape p\u0159ed ne\u010distotami a \u00falomky a zaji\u0161\u0165uje tak \u010dist\u0161\u00ed a bezpe\u010dn\u011bj\u0161\u00ed vaping. Nav\u00edc <strong>animovan\u00e1 obrazovka<\/strong> poskytuje aktualizace stavu za\u0159\u00edzen\u00ed v re\u00e1ln\u00e9m \u010dase.<\/p>\n<figure id=\"attachment_8734\" aria-describedby=\"caption-attachment-8734\" style=\"width: 800px\" class=\"wp-caption alignnone\"><img loading=\"lazy\" decoding=\"async\" class=\"wp-image-8734 size-large\" src=\"https:\/\/dankstarvapes.com\/wp-content\/uploads\/2024\/12\/ZOOY-SHISHA-25000-800x800.webp\" alt=\"ZOOY VAPE SHISHA 25000 Puffs\" width=\"800\" height=\"800\" title=\"\"><figcaption id=\"caption-attachment-8734\" class=\"wp-caption-text\">ZOOY VAPE SHISHA 25000 Puffs<\/figcaption><\/figure>\n<hr \/>\n<h3><strong>ZOOY VAPE SHISHA 25000 Puffs - Specifikace<\/strong><\/h3>\n<table>\n<thead>\n<tr>\n<th>Funkce<\/th>\n<th>Podrobnosti na<\/th>\n<\/tr>\n<\/thead>\n<tbody>\n<tr>\n<td><strong>Kapacita nad\u00fdchan\u00e9ho vzduchu<\/strong><\/td>\n<td>A\u017e do <strong>25 000 obl\u00e1\u010dk\u016f<\/strong><\/td>\n<\/tr>\n<tr>\n<td><strong>Kapacita e-kapaliny<\/strong><\/td>\n<td><strong>28 ml p\u0159edpln\u011bn\u00e9 n\u00e1pln\u011b<\/strong><\/td>\n<\/tr>\n<tr>\n<td><strong>\u00darovn\u011b s\u00edly<\/strong><\/td>\n<td>K dispozici v <strong>2%<\/strong> a <strong>5%<\/strong> mo\u017enosti<\/td>\n<\/tr>\n<tr>\n<td><strong>Baterie<\/strong><\/td>\n<td><strong>Nab\u00edjec\u00ed kapacita 650 mAh<\/strong> s <strong>Typ C<\/strong> nab\u00edjec\u00ed port<\/td>\n<\/tr>\n<tr>\n<td><strong>Typ c\u00edvky<\/strong><\/td>\n<td><strong>S\u00ed\u0165ov\u00e1 c\u00edvka (0,5\u03a9)<\/strong> pro jemnou p\u00e1ru a chu\u0165<\/td>\n<\/tr>\n<tr>\n<td><strong>Proud\u011bn\u00ed vzduchu<\/strong><\/td>\n<td><strong>Nastaviteln\u00e9 proud\u011bn\u00ed vzduchu<\/strong> pro osobn\u00ed losov\u00e1n\u00ed<\/td>\n<\/tr>\n<tr>\n<td><strong>Design \u010depice<\/strong><\/td>\n<td><strong>Protiprachov\u00fd uz\u00e1v\u011br<\/strong> pro hygienu a bezpe\u010dnost<\/td>\n<\/tr>\n<tr>\n<td><strong>Zobrazit<\/strong><\/td>\n<td><strong>Animovan\u00e1 obrazovka<\/strong> pro informace v re\u00e1ln\u00e9m \u010dase<\/td>\n<\/tr>\n<tr>\n<td><strong>\u00dasta do plic<\/strong><\/td>\n<td>Hladk\u00fd a aromatick\u00fd vapingov\u00fd z\u00e1\u017eitek<\/td>\n<\/tr>\n<tr>\n<td><strong>Hmotnost<\/strong><\/td>\n<td><strong>100g<\/strong> za kus<\/td>\n<\/tr>\n<tr>\n<td><strong>Balen\u00ed<\/strong><\/td>\n<td><strong>10 kus\u016f v krabici<\/strong>, <strong>200 kus\u016f v kartonu<\/strong><\/td>\n<\/tr>\n<\/tbody>\n<\/table>\n<hr \/>\n<h3><strong>Dostupn\u00e9 p\u0159\u00edchut\u011b<\/strong><\/h3>\n<p>Objevte \u0159adu lahodn\u00fdch chut\u00ed, kter\u00e9 jist\u011b uspokoj\u00ed ka\u017ed\u00fd jaz\u00fd\u010dek:<\/p>\n<ul>\n<li><strong>Bor\u016fvkov\u00e1 m\u00e1ta<\/strong>: Osv\u011b\u017euj\u00edc\u00ed sm\u011bs sladk\u00fdch bor\u016fvek a m\u00e1ty.<\/li>\n<li><strong>Mango Ananas<\/strong>: Tropick\u00e1 sm\u011bs \u0161\u0165avnat\u00e9ho manga a zral\u00e9ho ananasu.<\/li>\n<li><strong>Melounov\u00fd led<\/strong>: Chladiv\u00e1, osv\u011b\u017euj\u00edc\u00ed p\u0159\u00edchu\u0165 melounu s mraziv\u00fdm z\u00e1v\u011brem.<\/li>\n<li><strong>Jahodov\u00e9 kiwi<\/strong>: Dokonal\u00e1 rovnov\u00e1ha sladk\u00fdch jahod a pikantn\u00edho kiwi.<\/li>\n<li><strong>Broskev Mango Citron<\/strong>: Jemn\u00e1 kombinace tropick\u00e9 broskve, manga a pikantn\u00edho citronu.<\/li>\n<li><strong>Sm\u00ed\u0161en\u00e9 bobule<\/strong>: \u017div\u00e1 sm\u011bs pikantn\u00ed a sladk\u00e9 chuti lesn\u00edch plod\u016f.<\/li>\n<\/ul>\n<hr \/>\n<h3><strong>Pro\u010d si koupit ZOOY VAPE SHISHA 25000 Puffs u n\u00e1s?<\/strong><\/h3>\n<ul>\n<li><strong>Pr\u00e9miov\u00e1 kvalita<\/strong>: Nab\u00edz\u00edme vapes nejvy\u0161\u0161\u00ed kvality pro konzistentn\u00ed a uspokojiv\u00fd z\u00e1\u017eitek.<\/li>\n<li><strong>Vhodn\u00e9 pro maloobchodn\u00ed prodejce<\/strong>: D\u00edky velkoobchodn\u00edm cen\u00e1m a hromadn\u00fdm objedn\u00e1vk\u00e1m je ide\u00e1ln\u00ed pro maloobchodn\u00edky a vape shopy.<\/li>\n<li><strong>R\u016fznorod\u00e9 mo\u017enosti chuti a s\u00edly<\/strong>: Vych\u00e1z\u00ed vst\u0159\u00edc \u0161irok\u00e9 \u0161k\u00e1le preferenc\u00ed, od chu\u0165ov\u00fdch profil\u016f a\u017e po s\u00edlu nikotinu.<\/li>\n<li><strong>Spolehliv\u00fd v\u00fdkon<\/strong>: D\u00edky vysok\u00e9mu po\u010dtu \u0161luk\u016f a dob\u00edjec\u00edmu proveden\u00ed poskytuje SHISHA 25000 Puffs Vape nep\u0159etr\u017eit\u00fd a dlouhotrvaj\u00edc\u00ed po\u017eitek.<\/li>\n<\/ul>\n<hr \/>\n<h3><strong>Jak objednat<\/strong><\/h3>\n<p><strong>Velkoobchodn\u00ed dostupnost<\/strong><br \/>\nS <strong>200 kus\u016f v kartonu<\/strong>, je ide\u00e1ln\u00ed pro maloobchodn\u00edky, kte\u0159\u00ed se cht\u011bj\u00ed z\u00e1sobit velmi \u017e\u00e1dan\u00fdm produktem.<\/p>\n<p><strong>Objednat nyn\u00ed<\/strong><br \/>\nJste p\u0159ipraveni poznat budoucnost jednor\u00e1zov\u00e9ho vapingu? Objednejte si je\u0161t\u011b dnes a vychutnejte si v\u00fdjime\u010dn\u00fd v\u00fdkon, pr\u00e9miov\u00e9 p\u0159\u00edchut\u011b a bezkonkuren\u010dn\u00ed pohodl\u00ed s vapkou. <strong>ZOOY VAPE SHISHA 25000 Puffs Vape<\/strong>.<\/p>\n<hr \/>\n<p><em>Pro hromadn\u00e9 objedn\u00e1vky nebo dal\u0161\u00ed informace n\u00e1s nev\u00e1hejte kontaktovat. Jsme tu, abychom v\u00e1m pomohli naj\u00edt ide\u00e1ln\u00ed \u0159e\u0161en\u00ed pro vaping podle va\u0161ich pot\u0159eb.<\/em><\/p>\n<p><strong>Pro\u010d si vybrat pr\u00e1v\u011b n\u00e1s?<\/strong><\/p>\n<p>V\u00fdb\u011brem ofici\u00e1ln\u00edho obchodu s jednor\u00e1zov\u00fdmi vapes m\u016f\u017eete vyu\u017e\u00edt mnoha v\u00fdhod:<\/p>\n<ul>\n<li><strong>Ofici\u00e1ln\u00ed prodejn\u00ed kan\u00e1l:<\/strong>\u00a0Zaru\u010dujeme autentick\u00e9 v\u00fdrobky a kvalitn\u00ed slu\u017eby.<\/li>\n<li><strong>Velkoobchod a maloobchod:<\/strong>\u00a0Nab\u00edz\u00edme flexibiln\u00ed mo\u017enosti n\u00e1kupu pro jednotlivce i velkoobchodn\u00edky.<\/li>\n<li><strong>Zaji\u0161t\u011bn\u00ed kvality:<\/strong>\u00a0Na\u0161e v\u00fdrobky proch\u00e1zej\u00ed p\u0159\u00edsn\u00fdm testov\u00e1n\u00edm kvality, abychom zajistili va\u0161i spokojenost.<\/li>\n<li><strong>Doprava po cel\u00e9m sv\u011bt\u011b:<\/strong>\u00a0Na\u0161e v\u00fdrobky hrd\u011b zas\u00edl\u00e1me do v\u011bt\u0161iny zem\u00ed sv\u011bta, tak\u017ee si je m\u016f\u017eete vychutnat bez ohledu na to, kde se nach\u00e1z\u00edte.<\/li>\n<li><strong>Zku\u0161enosti v oboru:<\/strong>\u00a0D\u00edky v\u00edce ne\u017e 8 let\u016fm zku\u0161enost\u00ed na trhu jsme se stali d\u016fv\u011bryhodnou a prvot\u0159\u00eddn\u00ed volbou.<\/li>\n<li><strong>Dlouhodob\u00e1 partnerstv\u00ed:<\/strong>\u00a0Spolupracujeme tak\u00e9 s m\u00edstn\u00edmi majiteli obchod\u016f v Evrop\u011b, co\u017e n\u00e1m umo\u017e\u0148uje rychle reagovat na pot\u0159eby trhu a udr\u017eovat \u010derstvost na\u0161ich v\u00fdrobk\u016f.<\/li>\n<\/ul>\n<p>V\u00fdb\u011br na\u0161ich jednor\u00e1zov\u00fdch vap\u016f v\u00e1m umo\u017en\u00ed nejen vychutnat si r\u016fzn\u00e9 p\u0159\u00edchut\u011b, ale tak\u00e9 za\u017e\u00edt neoby\u010dejnou cestu vapov\u00e1n\u00ed. Pro v\u00edce informac\u00ed n\u00e1s nav\u0161tivte <a href=\"http:\/\/dankstarvapes.com\" target=\"_blank\" rel=\"noopener\">dankstarvapes.com<\/a>!<\/p>","protected":false},"excerpt":{"rendered":"<p>The ZOOY Vape SHISHA 25000 Puffs is a premium disposable vape that delivers an exceptional, long-lasting experience with up to 25,000 puffs. Featuring a sleek design, adjustable airflow, and the option of 2% or 5% nicotine strength, it provides a customizable and smooth vaping experience. The anti-dust cap keeps the device clean and protected, while [&#8230;]","protected":false},"featured_media":3830,"comment_status":"open","ping_status":"closed","template":"","meta":[],"product_brand":[],"product_cat":[75,111,77,95,73,78,96,71,79,80,81,82,83,84,85,86,87,88,89,90,91,92,131],"product_tag":[],"class_list":{"0":"post-3800","1":"product","2":"type-product","3":"status-publish","4":"has-post-thumbnail","6":"product_cat-2-nicotine-disposable-vape","7":"product_cat-25000-25k-puff-vape","8":"product_cat-5-nicotine-disposable-vape","9":"product_cat-advanced-vape","10":"product_cat-big-puff-vapes","11":"product_cat-disposable-vape-near-me","12":"product_cat-disposable-vape-with-led-light","13":"product_cat-0-5-nicotine-vapes","14":"product_cat-disposable-vapes-in-austria","15":"product_cat-disposable-vapes-in-belgium","16":"product_cat-disposable-vapes-in-france","17":"product_cat-disposable-vapes-in-germany","18":"product_cat-disposable-vapes-in-ltaly","19":"product_cat-disposable-vapes-in-netherlands","20":"product_cat-disposable-vapes-in-norway","21":"product_cat-disposable-vapes-in-poland","22":"product_cat-disposable-vapes-in-portugal","23":"product_cat-disposable-vapes-in-spain","24":"product_cat-disposable-vapes-in-sweden","25":"product_cat-disposable-vapes-in-switzerland","26":"product_cat-disposable-vapes-in-united-states","27":"product_cat-vape-brands","28":"product_cat-zooy-vape","30":"first","31":"instock","32":"shipping-taxable","33":"purchasable","34":"product-type-variable","35":"has-default-attributes"},"tiered_pricing_type":"fixed","tiered_pricing_fixed_rules":[],"tiered_pricing_product_settings":{"layout":"default","base_unit_name":{"singular":null,"plural":null},"default_variation":null},"tiered_pricing_minimum_quantity":null,"tiered_pricing_roles_data":[],"tiered_pricing_percentage_rules":[],"tiered_pricing_maximum_quantity":null,"tiered_pricing_quantity_step":null,"_links":{"self":[{"href":"https:\/\/vapsolovape.com\/cs\/wp-json\/wp\/v2\/product\/3800","targetHints":{"allow":["GET"]}}],"collection":[{"href":"https:\/\/vapsolovape.com\/cs\/wp-json\/wp\/v2\/product"}],"about":[{"href":"https:\/\/vapsolovape.com\/cs\/wp-json\/wp\/v2\/types\/product"}],"replies":[{"embeddable":true,"href":"https:\/\/vapsolovape.com\/cs\/wp-json\/wp\/v2\/comments?post=3800"}],"wp:featuredmedia":[{"embeddable":true,"href":"https:\/\/vapsolovape.com\/cs\/wp-json\/wp\/v2\/media\/3830"}],"wp:attachment":[{"href":"https:\/\/vapsolovape.com\/cs\/wp-json\/wp\/v2\/media?parent=3800"}],"wp:term":[{"taxonomy":"product_brand","embeddable":true,"href":"https:\/\/vapsolovape.com\/cs\/wp-json\/wp\/v2\/product_brand?post=3800"},{"taxonomy":"product_cat","embeddable":true,"href":"https:\/\/vapsolovape.com\/cs\/wp-json\/wp\/v2\/product_cat?post=3800"},{"taxonomy":"product_tag","embeddable":true,"href":"https:\/\/vapsolovape.com\/cs\/wp-json\/wp\/v2\/product_tag?post=3800"}],"curies":[{"name":"wp","href":"https:\/\/api.w.org\/{rel}","templated":true}]}}