{"id":642,"date":"2025-02-14T18:16:10","date_gmt":"2025-02-14T10:16:10","guid":{"rendered":"https:\/\/vapsolovape.com\/?post_type=product&#038;p=642"},"modified":"2025-02-26T15:58:24","modified_gmt":"2025-02-26T07:58:24","slug":"sumive-skvele-10000-puffs-jednorazove-vape-idealni-pro-pozitek-na-cestach","status":"publish","type":"product","link":"https:\/\/vapsolovape.com\/cs\/produkt\/sumive-skvele-10000-puffs-jednorazove-vape-idealni-pro-pozitek-na-cestach\/","title":{"rendered":"Fizzy Great 10000 Puffs Vape na jedno pou\u017eit\u00ed - ide\u00e1ln\u00ed volba pro po\u017eitek na cest\u00e1ch!"},"content":{"rendered":"<div id=\"tab-description\" class=\"woocommerce-Tabs-panel woocommerce-Tabs-panel--description panel entry-content active\" role=\"tabpanel\" aria-labelledby=\"tab-title-description\">\n<p>Na str\u00e1nk\u00e1ch <strong data-start=\"155\" data-end=\"198\">Fizzy Great 10000 Puffs Vape na jedno pou\u017eit\u00ed<\/strong> je navr\u017een tak, aby nab\u00edzel v\u00fdjime\u010dn\u00fd z\u00e1\u017eitek jak p\u0159\u00edle\u017eitostn\u00fdm u\u017eivatel\u016fm, tak vapingov\u00fdm nad\u0161enc\u016fm. S p\u016fsobiv\u00fdm <strong data-start=\"307\" data-end=\"323\">10 000 vdech\u016f<\/strong>, toto za\u0159\u00edzen\u00ed zaji\u0161\u0165uje dlouhotrvaj\u00edc\u00ed po\u017eitek z pou\u017e\u00edv\u00e1n\u00ed bez nutnosti neust\u00e1l\u00e9 v\u00fdm\u011bny. Je dokonale navr\u017een pro del\u0161\u00ed vapov\u00e1n\u00ed. <strong data-start=\"464\" data-end=\"479\">Fizzy Great<\/strong> v\u00e1m umo\u017en\u00ed pono\u0159it se do uspokojiv\u00e9ho dobrodru\u017estv\u00ed s ka\u017ed\u00fdm pot\u00e1hnut\u00edm.<\/p>\n<h2>FIZZY Great 10000 Puffs Chu\u0165ov\u011b pestr\u00fd v\u00fdb\u011br pro uspokojen\u00ed ka\u017ed\u00e9 chuti<\/h2>\n<p>FIZZY vape p\u0159ich\u00e1z\u00ed s \u0159adou n\u00e1dhern\u00fdch p\u0159\u00edchut\u00ed, z nich\u017e ka\u017ed\u00e1 je vytvo\u0159ena tak, aby pozvedla v\u00e1\u0161 z\u00e1\u017eitek z vapov\u00e1n\u00ed:<\/p>\n<ol>\n<li><strong>Meloun<\/strong><\/li>\n<li><strong>Bor\u016fvkov\u00fd led<\/strong><\/li>\n<li><strong>Hroznov\u00fd led<\/strong><\/li>\n<li><strong>Li\u010di citron<\/strong><\/li>\n<li><strong>Ananas Broskev Mu\u010denka<\/strong><\/li>\n<li><strong>Hroznov\u00e9 v\u00edno<\/strong><\/li>\n<li><strong>Peach<\/strong><\/li>\n<li><strong>Mango Peach<\/strong><\/li>\n<li><strong>Sm\u00ed\u0161en\u00e9 bobule<\/strong><\/li>\n<li><strong>Melounov\u00e1 jahodov\u00e1 limon\u00e1da<\/strong><\/li>\n<\/ol>\n<p>A\u0165 u\u017e d\u00e1v\u00e1te p\u0159ednost jak\u00e9koliv p\u0159\u00edchuti, FIZZY si vybere ka\u017ed\u00fd!<\/p>\n<figure id=\"attachment_4797\" aria-describedby=\"caption-attachment-4797\" style=\"width: 2560px\" class=\"wp-caption alignnone\"><img loading=\"lazy\" decoding=\"async\" class=\"size-full wp-image-4797\" src=\"https:\/\/dankstarvapes.com\/wp-content\/uploads\/2024\/11\/Fizzy-Great-10000-Puffs-1-scaled.webp\" alt=\"\u0160umiv\u00e9 skv\u011bl\u00e9 bonb\u00f3ny (1)\" width=\"2560\" height=\"2086\" title=\"\"><figcaption id=\"caption-attachment-4797\" class=\"wp-caption-text\">\u0160umiv\u00e9 skv\u011bl\u00e9 bonb\u00f3ny (1)<\/figcaption><\/figure>\n<h2>FIZZY Great 10000 Puffs Vynikaj\u00edc\u00ed specifikace<\/h2>\n<p>Na str\u00e1nk\u00e1ch <strong>FIZZY Great 10000 Vape na jedno pou\u017eit\u00ed<\/strong> je poh\u00e1n\u011bn spolehliv\u00fdm <strong>Baterie s kapacitou 650 mAh<\/strong>, co\u017e zaji\u0161\u0165uje konzistentn\u00ed v\u00fdkon po celou dobu vapov\u00e1n\u00ed. Nav\u00edc s velkorys\u00fdm <strong>Kapacita e-liquidu 18 ml<\/strong>, m\u016f\u017eete si vychutnat del\u0161\u00ed sezen\u00ed bez nutnosti neust\u00e1l\u00e9ho dopl\u0148ov\u00e1n\u00ed.<\/p>\n<p>Krom\u011b toho toto za\u0159\u00edzen\u00ed nab\u00edz\u00ed flexibilitu p\u0159i vapov\u00e1n\u00ed, proto\u017ee v\u00e1m umo\u017e\u0148uje vybrat si z koncentrac\u00ed nikotinov\u00e9 soli v rozmez\u00ed <strong>2% a 5%<\/strong>. Tato funkce umo\u017e\u0148uje p\u0159izp\u016fsobit vapov\u00e1n\u00ed va\u0161im osobn\u00edm preferenc\u00edm a zajistit, aby v\u00e1m ka\u017ed\u00e9 potahov\u00e1n\u00ed vyhovovalo. U\u017eijte si bezprobl\u00e9movou a uspokojivou cestu vapingu s FIZZY Great 10000!<\/p>\n<h2>FIZZY Great 10000 Puffs Kompaktn\u00ed a pohodln\u00e9<\/h2>\n<p>Lehk\u00fd a p\u0159enosn\u00fd vape FIZZY je ur\u010den pro va\u0161e . D\u00edky sv\u00fdm kompaktn\u00edm rozm\u011br\u016fm se snadno p\u0159en\u00e1\u0161\u00ed v kapse nebo ta\u0161ce, co\u017e v\u00e1m zaru\u010d\u00ed, \u017ee si sv\u00e9 obl\u00edben\u00e9 p\u0159\u00edchut\u011b budete moci vychutnat kdykoli a kdekoli.<\/p>\n<h2>Konkuren\u010dn\u00ed ceny<\/h2>\n<p>Na str\u00e1nk\u00e1ch <strong>10000 Puffs Vape na jedno pou\u017eit\u00ed<\/strong> nab\u00edz\u00ed v\u00fdjime\u010dnou hodnotu za va\u0161e pen\u00edze, tak\u017ee je chytrou a cenov\u011b dostupnou volbou pro ka\u017ed\u00e9ho, kdo chce sv\u016fj vapingov\u00fd z\u00e1\u017eitek vylep\u0161it. Za cenu minim\u00e1ln\u011b <strong>$6.10 za jednotku<\/strong>, toto za\u0159\u00edzen\u00ed je navr\u017eeno tak, aby poskytovalo nejen kvantitu, ale i kvalitu.<\/p>\n<figure id=\"attachment_4798\" aria-describedby=\"caption-attachment-4798\" style=\"width: 1057px\" class=\"wp-caption alignnone\"><img loading=\"lazy\" decoding=\"async\" class=\"size-full wp-image-4798\" src=\"https:\/\/dankstarvapes.com\/wp-content\/uploads\/2024\/11\/Fizzy-Great-10000-Puffs-3.webp\" alt=\"Fizzy Great 10000 Puffs (3)\" width=\"1057\" height=\"1037\" title=\"\"><figcaption id=\"caption-attachment-4798\" class=\"wp-caption-text\">Fizzy Great 10000 Puffs (3)<\/figcaption><\/figure>\n<h2>Zlep\u0161ete svou cestu za vapingem<\/h2>\n<p>Za\u017eijte jedine\u010dn\u00e9 uspokojen\u00ed z <strong>FIZZY Great 10000 Puffs Vape na jedno pou\u017eit\u00ed<\/strong> dnes! A\u0165 u\u017e jste p\u0159\u00edle\u017eitostn\u00fd u\u017eivatel, nebo milovn\u00edk vapingu, toto za\u0159\u00edzen\u00ed v\u00e1s jist\u011b zaujme sv\u00fdmi v\u00fdjime\u010dn\u00fdmi chut\u011bmi a v\u00fdkonem. Vezm\u011bte si sv\u016fj a dop\u0159ejte si z\u00e1\u017eitek FIZZY!<\/p>\n<h3>Prozkoumat v\u00edce z <strong>FIZZY VAPE<\/strong><\/h3>\n<p>Pod\u00edvejte se na na\u0161e dal\u0161\u00ed obl\u00edben\u00e9 modely:<\/p>\n<ul>\n<li>FIZZY Vape 10000 Puffs<\/li>\n<li>FIZZY Vape 12000 Puffs<\/li>\n<li>FIZZY Vape 13000 Puffs<\/li>\n<li>FIZZY Vape 15000 Puffs<\/li>\n<li>FIZZY Vape 20000 Puffs<\/li>\n<\/ul>\n<p><strong>Pro\u010d si vybrat pr\u00e1v\u011b n\u00e1s?<\/strong><\/p>\n<p>V\u00fdb\u011brem ofici\u00e1ln\u00edho obchodu s jednor\u00e1zov\u00fdmi vapes m\u016f\u017eete vyu\u017e\u00edt mnoha v\u00fdhod:<\/p>\n<ul>\n<li><strong>Ofici\u00e1ln\u00ed prodejn\u00ed kan\u00e1l:<\/strong>\u00a0Zaru\u010dujeme autentick\u00e9 v\u00fdrobky a kvalitn\u00ed slu\u017eby.<\/li>\n<li><strong>Velkoobchod a maloobchod:<\/strong>\u00a0Nab\u00edz\u00edme flexibiln\u00ed mo\u017enosti n\u00e1kupu pro jednotlivce i velkoobchodn\u00edky.<\/li>\n<li><strong>Zaji\u0161t\u011bn\u00ed kvality:<\/strong>\u00a0Na\u0161e v\u00fdrobky proch\u00e1zej\u00ed p\u0159\u00edsn\u00fdm testov\u00e1n\u00edm kvality, abychom zajistili va\u0161i spokojenost.<\/li>\n<li><strong>Doprava po cel\u00e9m sv\u011bt\u011b:<\/strong>\u00a0Na\u0161e v\u00fdrobky hrd\u011b zas\u00edl\u00e1me do v\u011bt\u0161iny zem\u00ed sv\u011bta, tak\u017ee si je m\u016f\u017eete vychutnat bez ohledu na to, kde se nach\u00e1z\u00edte.<\/li>\n<li><strong>Zku\u0161enosti v oboru:<\/strong>\u00a0D\u00edky v\u00edce ne\u017e 8 let\u016fm zku\u0161enost\u00ed na trhu jsme se stali d\u016fv\u011bryhodnou a prvot\u0159\u00eddn\u00ed volbou.<\/li>\n<li><strong>Dlouhodob\u00e1 partnerstv\u00ed:<\/strong>\u00a0Spolupracujeme tak\u00e9 s m\u00edstn\u00edmi majiteli obchod\u016f v Evrop\u011b, co\u017e n\u00e1m umo\u017e\u0148uje rychle reagovat na pot\u0159eby trhu a udr\u017eovat \u010derstvost na\u0161ich v\u00fdrobk\u016f.<\/li>\n<\/ul>\n<p>V\u00fdb\u011br na\u0161ich jednor\u00e1zov\u00fdch vap\u016f v\u00e1m umo\u017en\u00ed nejen vychutnat si r\u016fzn\u00e9 p\u0159\u00edchut\u011b, ale tak\u00e9 za\u017e\u00edt neoby\u010dejnou cestu vapov\u00e1n\u00ed. Pro v\u00edce informac\u00ed n\u00e1s nav\u0161tivte <a href=\"http:\/\/dankstarvapes.com\" target=\"_blank\" rel=\"noopener\">dankstarvapes.com<\/a>!<\/p>\n<\/div>","protected":false},"excerpt":{"rendered":"<p>The Fizzy Great 10000 Puffs Disposable Vape is designed to offer both casual users and vaping enthusiasts an exceptional experience. With an impressive 10,000 puffs, this device ensures long-lasting enjoyment without the need for constant replacements. Perfectly crafted for extended vaping sessions, the Fizzy Great lets you dive into a satisfying adventure with every puff. [&#8230;]","protected":false},"featured_media":664,"comment_status":"open","ping_status":"closed","template":"","meta":[],"product_brand":[],"product_cat":[99,75,77,73,78,71,79,80,81,82,83,84,85,86,87,88,89,90,91,98,16,92],"product_tag":[],"class_list":{"0":"post-642","1":"product","2":"type-product","3":"status-publish","4":"has-post-thumbnail","6":"product_cat-10000-10k-puff-vape","7":"product_cat-2-nicotine-disposable-vape","8":"product_cat-5-nicotine-disposable-vape","9":"product_cat-big-puff-vapes","10":"product_cat-disposable-vape-near-me","11":"product_cat-0-5-nicotine-vapes","12":"product_cat-disposable-vapes-in-austria","13":"product_cat-disposable-vapes-in-belgium","14":"product_cat-disposable-vapes-in-france","15":"product_cat-disposable-vapes-in-germany","16":"product_cat-disposable-vapes-in-ltaly","17":"product_cat-disposable-vapes-in-netherlands","18":"product_cat-disposable-vapes-in-norway","19":"product_cat-disposable-vapes-in-poland","20":"product_cat-disposable-vapes-in-portugal","21":"product_cat-disposable-vapes-in-spain","22":"product_cat-disposable-vapes-in-sweden","23":"product_cat-disposable-vapes-in-switzerland","24":"product_cat-disposable-vapes-in-united-states","25":"product_cat-fizzy-vapes","26":"product_cat-uncategorized","27":"product_cat-vape-brands","29":"first","30":"instock","31":"shipping-taxable","32":"purchasable","33":"product-type-variable","34":"has-default-attributes"},"tiered_pricing_type":"fixed","tiered_pricing_fixed_rules":[],"tiered_pricing_product_settings":{"layout":"default","base_unit_name":{"singular":null,"plural":null},"default_variation":null},"tiered_pricing_minimum_quantity":null,"tiered_pricing_roles_data":[],"tiered_pricing_percentage_rules":[],"tiered_pricing_maximum_quantity":null,"tiered_pricing_quantity_step":null,"_links":{"self":[{"href":"https:\/\/vapsolovape.com\/cs\/wp-json\/wp\/v2\/product\/642","targetHints":{"allow":["GET"]}}],"collection":[{"href":"https:\/\/vapsolovape.com\/cs\/wp-json\/wp\/v2\/product"}],"about":[{"href":"https:\/\/vapsolovape.com\/cs\/wp-json\/wp\/v2\/types\/product"}],"replies":[{"embeddable":true,"href":"https:\/\/vapsolovape.com\/cs\/wp-json\/wp\/v2\/comments?post=642"}],"wp:featuredmedia":[{"embeddable":true,"href":"https:\/\/vapsolovape.com\/cs\/wp-json\/wp\/v2\/media\/664"}],"wp:attachment":[{"href":"https:\/\/vapsolovape.com\/cs\/wp-json\/wp\/v2\/media?parent=642"}],"wp:term":[{"taxonomy":"product_brand","embeddable":true,"href":"https:\/\/vapsolovape.com\/cs\/wp-json\/wp\/v2\/product_brand?post=642"},{"taxonomy":"product_cat","embeddable":true,"href":"https:\/\/vapsolovape.com\/cs\/wp-json\/wp\/v2\/product_cat?post=642"},{"taxonomy":"product_tag","embeddable":true,"href":"https:\/\/vapsolovape.com\/cs\/wp-json\/wp\/v2\/product_tag?post=642"}],"curies":[{"name":"wp","href":"https:\/\/api.w.org\/{rel}","templated":true}]}}