{"id":901,"date":"2025-02-14T18:17:14","date_gmt":"2025-02-14T10:17:14","guid":{"rendered":"https:\/\/vapsolovape.com\/?post_type=product&#038;p=901"},"modified":"2025-07-18T19:12:21","modified_gmt":"2025-07-18T11:12:21","slug":"randm-tornado-7000-puffs-50-prichuti-jednorazove-vape","status":"publish","type":"product","link":"https:\/\/vapsolovape.com\/cs\/produkt\/randm-tornado-7000-puffs-50-prichuti-jednorazove-vape\/","title":{"rendered":"RandM Tornado 7000 Puffs - 50+ p\u0159\u00edchut\u00ed, nejlep\u0161\u00ed jednor\u00e1zov\u00fd vape"},"content":{"rendered":"<div id=\"tab-description\" class=\"woocommerce-Tabs-panel woocommerce-Tabs-panel--description panel entry-content active\" role=\"tabpanel\" aria-labelledby=\"tab-title-description\">\n<p data-start=\"52\" data-end=\"437\">Na str\u00e1nk\u00e1ch <strong data-start=\"56\" data-end=\"84\">RandM Tornado 7000 Puffs<\/strong> nab\u00edz\u00ed u\u017eivatel\u016fm bohat\u00fd objem kou\u0159e a v\u00fdjime\u010dn\u00fd z\u00e1\u017eitek z vapingu. V\u00fdrobek renomovan\u00e9 spole\u010dnosti <strong data-start=\"182\" data-end=\"197\">Zna\u010dka RandM<\/strong>, zn\u00e1m\u00fd svou vysokou kvalitou a vynikaj\u00edc\u00edm v\u00fdkonem, je tento jednor\u00e1zov\u00fd vape ide\u00e1ln\u00ed pro za\u010d\u00ednaj\u00edc\u00ed i zku\u0161en\u00e9 vapery. D\u00edky sv\u00e9mu kompaktn\u00edmu designu je p\u0159enosn\u00fd a snadno p\u0159enosn\u00fd, tak\u017ee si m\u016f\u017eete vapov\u00e1n\u00ed u\u017e\u00edvat kdykoli a kdekoli.<\/p>\n<p data-start=\"439\" data-end=\"730\">D\u00edky vysp\u011bl\u00e9 technologii a rozmanit\u00e9 \u0161k\u00e1le p\u0159\u00edchut\u00ed je <strong data-start=\"500\" data-end=\"528\">RandM Tornado 7000 Puffs<\/strong> uspokoj\u00ed v\u0161echny chut\u011b a ka\u017ed\u00fd si zde najde n\u011bco pro sebe. A\u0165 u\u017e hled\u00e1te nov\u00fd z\u00e1\u017eitek z vapingu, nebo pohodln\u00e9 \u0159e\u0161en\u00ed na cesty, vapingov\u00e9 doutn\u00edky <strong data-start=\"682\" data-end=\"710\">RandM Tornado 7000 Puffs<\/strong> je ide\u00e1ln\u00ed volbou.<\/p>\n<figure id=\"attachment_4755\" aria-describedby=\"caption-attachment-4755\" style=\"width: 800px\" class=\"wp-caption alignnone\"><img loading=\"lazy\" decoding=\"async\" class=\"size-full wp-image-4755\" src=\"https:\/\/dankstarvapes.com\/wp-content\/uploads\/2024\/11\/RandM-Tornado-7000-Puffs-1.webp\" alt=\"RandM Tornado 7000 Puffs\" width=\"800\" height=\"800\" title=\"\"><figcaption id=\"caption-attachment-4755\" class=\"wp-caption-text\">RandM Tornado 7000 Puffs<\/figcaption><\/figure>\n<h2>---------------------------------------------------------<br \/>\nRandM Tornado 7000 Vlastnosti a specifikace za\u0159\u00edzen\u00ed<\/h2>\n<p>Na str\u00e1nk\u00e1ch <strong>RandM Tornado 7000<\/strong> vynik\u00e1 p\u016fsobiv\u00fdmi specifikacemi a u\u017eivatelsky p\u0159\u00edv\u011btiv\u00fdmi funkcemi. Jeho v\u00fdkonn\u00e1 850mAh baterie zaji\u0161\u0165uje dlouhotrvaj\u00edc\u00ed pou\u017e\u00edv\u00e1n\u00ed a umo\u017e\u0148uje del\u0161\u00ed vapov\u00e1n\u00ed bez \u010dast\u00e9ho dob\u00edjen\u00ed - ide\u00e1ln\u00ed pro p\u0159\u00edle\u017eitostn\u00e9 i n\u00e1ro\u010dn\u00e9 u\u017eivatele.<\/p>\n<p>Krom\u011b odoln\u00e9 baterie <strong>RandM Tornado 7000<\/strong> obsahuje nab\u00edjec\u00ed port typu C. Toto modern\u00ed \u0159e\u0161en\u00ed nab\u00edjen\u00ed umo\u017e\u0148uje rychl\u00e9 dob\u00edjen\u00ed, \u010d\u00edm\u017e se v\u00fdrazn\u011b zkracuj\u00ed prostoje mezi jednotliv\u00fdmi vapingov\u00fdmi sezen\u00edmi. Pohodl\u00ed p\u0159ipojen\u00ed Type-C nelze podcenit, proto\u017ee u\u017eivatel\u016fm poskytuje jednoduch\u00fd a efektivn\u00ed zp\u016fsob, jak sv\u00e9 za\u0159\u00edzen\u00ed nap\u00e1jet, a zaji\u0161\u0165uje, \u017ee mohou neru\u0161en\u011b pokra\u010dovat ve sv\u00fdch vapovac\u00edch n\u00e1vyc\u00edch. Tato kombinace v\u00fddr\u017ee baterie a rychlosti nab\u00edjen\u00ed zvy\u0161uje celkov\u00fd u\u017eivatelsk\u00fd z\u00e1\u017eitek.<\/p>\n<h2>RandM Tornado 7000 Puffs Jednor\u00e1zov\u00e1 vape p\u0159\u00edchu\u0165 R\u016fzn\u00e9 varianty a s\u00edla k dispozici<\/h2>\n<p>Na str\u00e1nk\u00e1ch <strong>RandM Tornado 7000 Puffs<\/strong> Jednor\u00e1zov\u00e9 Vape vynik\u00e1 na konkuren\u010dn\u00edm trhu p\u0159edev\u0161\u00edm d\u00edky p\u016fsobiv\u00e9 nab\u00eddce p\u0159\u00edchut\u00ed. S v\u00edce ne\u017e 50 jedine\u010dn\u00fdmi mo\u017enostmi, kter\u00e9 jsou k dispozici, je toto za\u0159\u00edzen\u00ed z\u00e1rukou, \u017ee si ka\u017ed\u00fd u\u017eivatel najde p\u0159\u00edchu\u0165 odpov\u00eddaj\u00edc\u00ed jeho preferenc\u00edm. T\u011bm, kte\u0159\u00ed maj\u00ed r\u00e1di zn\u00e1m\u00e9 v\u011bci, RandM Tornado bezchybn\u011b zprost\u0159edkuje klasick\u00e9 mo\u017enosti, jako je tab\u00e1k a osv\u011b\u017euj\u00edc\u00ed mentol. Mezit\u00edm pro ty, kte\u0159\u00ed hledaj\u00ed dobrodru\u017en\u011bj\u0161\u00ed z\u00e1\u017eitky, nab\u00edz\u00ed za\u0159\u00edzen\u00ed vzru\u0161uj\u00edc\u00ed \u0159adu exotick\u00fdch ovocn\u00fdch sm\u011bs\u00ed a , tak\u017ee je ide\u00e1ln\u00ed pro vapery tou\u017e\u00edc\u00ed objevovat nov\u00e9 a jedine\u010dn\u00e9 chu\u0165ov\u00e9 profily.<\/p>\n<p>Jedn\u00edm z pozoruhodn\u00fdch aspekt\u016f nab\u00eddky p\u0159\u00edchut\u00ed Tornado je kvalita a autenticita jednotliv\u00fdch mo\u017enost\u00ed. Ka\u017ed\u00e9 \u0161luknut\u00ed p\u0159in\u00e1\u0161\u00ed bohat\u00fd a uspokojiv\u00fd z\u00e1\u017eitek a p\u0159\u00edchut\u011b jsou v\u011brn\u011b zobrazeny. A\u0165 u\u017e u\u017eivatel\u00e9 d\u00e1vaj\u00ed p\u0159ednost tradi\u010dn\u00edm p\u0159\u00edchut\u00edm nebo komplexn\u00edm ovocn\u00fdm sm\u011bs\u00edm, spole\u010dnost RandM pe\u010dliv\u011b vytv\u00e1\u0159\u00ed ka\u017edou mo\u017enost tak, aby umocnila po\u017eitek z kou\u0159en\u00ed.<\/p>\n<p>Na str\u00e1nk\u00e1ch <strong>RandM Torn\u00e1do<\/strong> vyhovuje r\u016fzn\u00fdm preferenc\u00edm u\u017eivatel\u016f d\u00edky mo\u017enostem s\u00edly 2% a 5%. S\u00edla 2% je ide\u00e1ln\u00ed pro nov\u00e9 u\u017eivatele, kte\u0159\u00ed p\u0159ech\u00e1zej\u00ed z tradi\u010dn\u00edch cigaret, zat\u00edmco 5% poskytuje intenzivn\u011bj\u0161\u00ed z\u00e1\u017eitek pro zku\u0161en\u00e9 vapery. D\u00edky t\u00e9to flexibilit\u011b je RandM Tornado univerz\u00e1ln\u00ed volbou pro \u0161irokou \u0161k\u00e1lu u\u017eivatel\u016f.<\/p>\n<p><strong>Pod\u00edvejte se na dal\u0161\u00ed d\u00edly s\u00e9rie RandM Tornado:<\/strong><\/p>\n<p class=\"product-title product_title entry-title\">RandM Tornado 7000<\/p>\n<p class=\"product-title product_title entry-title\">RandM Tornado 9000<\/p>\n<p class=\"product-title product_title entry-title\">RandM Tornado 12000<\/p>\n<p class=\"product-title product_title entry-title\">RandM Tornado 15000<\/p>\n<p class=\"product-title product_title entry-title\">RandM Tornado 20000<\/p>\n<p class=\"product-title product_title entry-title\">RandM Tornado 25000<\/p>\n<p class=\"product-title product_title entry-title\">RandM Tornado 30000<\/p>\n<hr \/>\n<p><strong>Pro\u010d si vybrat pr\u00e1v\u011b n\u00e1s?<\/strong><\/p>\n<p>V\u00fdb\u011brem ofici\u00e1ln\u00edho obchodu s jednor\u00e1zov\u00fdmi vapes m\u016f\u017eete vyu\u017e\u00edt mnoha v\u00fdhod:<\/p>\n<ul>\n<li><strong>Ofici\u00e1ln\u00ed prodejn\u00ed kan\u00e1l:<\/strong>\u00a0Zaru\u010dujeme autentick\u00e9 v\u00fdrobky a kvalitn\u00ed slu\u017eby.<\/li>\n<li><strong>Velkoobchod a maloobchod:<\/strong>\u00a0Nab\u00edz\u00edme flexibiln\u00ed mo\u017enosti n\u00e1kupu pro jednotlivce i velkoobchodn\u00edky.<\/li>\n<li><strong>Zaji\u0161t\u011bn\u00ed kvality:<\/strong>\u00a0Na\u0161e v\u00fdrobky proch\u00e1zej\u00ed p\u0159\u00edsn\u00fdm testov\u00e1n\u00edm kvality, abychom zajistili va\u0161i spokojenost.<\/li>\n<li><strong>Doprava po cel\u00e9m sv\u011bt\u011b:<\/strong>\u00a0Na\u0161e v\u00fdrobky hrd\u011b zas\u00edl\u00e1me do v\u011bt\u0161iny zem\u00ed sv\u011bta, tak\u017ee si je m\u016f\u017eete vychutnat bez ohledu na to, kde se nach\u00e1z\u00edte.<\/li>\n<li><strong>Zku\u0161enosti v oboru:<\/strong>\u00a0D\u00edky v\u00edce ne\u017e 8 let\u016fm zku\u0161enost\u00ed na trhu jsme se stali d\u016fv\u011bryhodnou a prvot\u0159\u00eddn\u00ed volbou.<\/li>\n<li><strong>Dlouhodob\u00e1 partnerstv\u00ed:<\/strong>\u00a0Spolupracujeme tak\u00e9 s m\u00edstn\u00edmi majiteli obchod\u016f v Evrop\u011b, co\u017e n\u00e1m umo\u017e\u0148uje rychle reagovat na pot\u0159eby trhu a udr\u017eovat \u010derstvost na\u0161ich v\u00fdrobk\u016f.<\/li>\n<\/ul>\n<p>V\u00fdb\u011br na\u0161ich jednor\u00e1zov\u00fdch vap\u016f v\u00e1m umo\u017en\u00ed nejen vychutnat si r\u016fzn\u00e9 p\u0159\u00edchut\u011b, ale tak\u00e9 za\u017e\u00edt neoby\u010dejnou cestu vapov\u00e1n\u00ed. Pro v\u00edce informac\u00ed n\u00e1s nav\u0161tivte <a href=\"http:\/\/dankstarvapes.com\" target=\"_blank\" rel=\"noopener\">dankstarvapes.com<\/a>!<\/p>\n<\/div>","protected":false},"excerpt":{"rendered":"<p>The RandM Tornado 7000 Puffs offers users a rich smoke volume and an exceptional vaping experience. A product of the renowned RandM brand, known for its high quality and excellent performance, this disposable vape is perfect for both novice and seasoned vapers. Its compact design makes it portable and easy to carry, so you can [&#8230;]","protected":false},"featured_media":925,"comment_status":"open","ping_status":"closed","template":"","meta":[],"product_brand":[],"product_cat":[75,77,103,73,78,71,79,80,81,82,83,84,85,86,87,88,89,90,91,105,104,134,16,92],"product_tag":[],"class_list":{"0":"post-901","1":"product","2":"type-product","3":"status-publish","4":"has-post-thumbnail","6":"product_cat-2-nicotine-disposable-vape","7":"product_cat-5-nicotine-disposable-vape","8":"product_cat-7000-puff-vape","9":"product_cat-big-puff-vapes","10":"product_cat-disposable-vape-near-me","11":"product_cat-0-5-nicotine-vapes","12":"product_cat-disposable-vapes-in-austria","13":"product_cat-disposable-vapes-in-belgium","14":"product_cat-disposable-vapes-in-france","15":"product_cat-disposable-vapes-in-germany","16":"product_cat-disposable-vapes-in-ltaly","17":"product_cat-disposable-vapes-in-netherlands","18":"product_cat-disposable-vapes-in-norway","19":"product_cat-disposable-vapes-in-poland","20":"product_cat-disposable-vapes-in-portugal","21":"product_cat-disposable-vapes-in-spain","22":"product_cat-disposable-vapes-in-sweden","23":"product_cat-disposable-vapes-in-switzerland","24":"product_cat-disposable-vapes-in-united-states","25":"product_cat-randm-tornado-7000","26":"product_cat-randm-tornado-vape","27":"product_cat-tornado-vape","28":"product_cat-uncategorized","29":"product_cat-vape-brands","31":"first","32":"instock","33":"sale","34":"shipping-taxable","35":"purchasable","36":"product-type-variable","37":"has-default-attributes"},"tiered_pricing_type":"fixed","tiered_pricing_fixed_rules":[],"tiered_pricing_product_settings":{"layout":"default","base_unit_name":{"singular":null,"plural":null},"default_variation":null},"tiered_pricing_minimum_quantity":null,"tiered_pricing_roles_data":[],"tiered_pricing_percentage_rules":[],"tiered_pricing_maximum_quantity":null,"tiered_pricing_quantity_step":null,"_links":{"self":[{"href":"https:\/\/vapsolovape.com\/cs\/wp-json\/wp\/v2\/product\/901","targetHints":{"allow":["GET"]}}],"collection":[{"href":"https:\/\/vapsolovape.com\/cs\/wp-json\/wp\/v2\/product"}],"about":[{"href":"https:\/\/vapsolovape.com\/cs\/wp-json\/wp\/v2\/types\/product"}],"replies":[{"embeddable":true,"href":"https:\/\/vapsolovape.com\/cs\/wp-json\/wp\/v2\/comments?post=901"}],"wp:featuredmedia":[{"embeddable":true,"href":"https:\/\/vapsolovape.com\/cs\/wp-json\/wp\/v2\/media\/925"}],"wp:attachment":[{"href":"https:\/\/vapsolovape.com\/cs\/wp-json\/wp\/v2\/media?parent=901"}],"wp:term":[{"taxonomy":"product_brand","embeddable":true,"href":"https:\/\/vapsolovape.com\/cs\/wp-json\/wp\/v2\/product_brand?post=901"},{"taxonomy":"product_cat","embeddable":true,"href":"https:\/\/vapsolovape.com\/cs\/wp-json\/wp\/v2\/product_cat?post=901"},{"taxonomy":"product_tag","embeddable":true,"href":"https:\/\/vapsolovape.com\/cs\/wp-json\/wp\/v2\/product_tag?post=901"}],"curies":[{"name":"wp","href":"https:\/\/api.w.org\/{rel}","templated":true}]}}