{"id":4142,"date":"2025-02-24T16:23:42","date_gmt":"2025-02-24T08:23:42","guid":{"rendered":"https:\/\/vapsolovape.com\/?page_id=4142"},"modified":"2025-02-24T16:30:51","modified_gmt":"2025-02-24T08:30:51","slug":"4142-2","status":"publish","type":"page","link":"https:\/\/vapsolovape.com\/de\/4142-2\/","title":{"rendered":"\u00dcber uns - Vapsolovape"},"content":{"rendered":"<div id=\"text-4043075773\" class=\"text\">\n\t\t\n\n<h2 class=\"uppercase\"><strong>\u00dcber uns - Vapsolovape<\/strong><\/h2>\n<p data-start=\"504\" data-end=\"518\"><strong data-start=\"504\" data-end=\"518\">Unsere Marken<\/strong><\/p>\n<p data-start=\"520\" data-end=\"668\">Wir arbeiten mit einer Reihe von bekannten Marken zusammen, um sicherzustellen, dass wir einige der beliebtesten und vertrauensw\u00fcrdigsten Vape-Ger\u00e4te auf dem Markt anbieten. Unsere Produkte umfassen:<\/p>\n<ul data-start=\"670\" data-end=\"957\">\n<li data-start=\"670\" data-end=\"685\"><strong data-start=\"672\" data-end=\"685\">ATVS Vape<\/strong><\/li>\n<li data-start=\"686\" data-end=\"703\"><strong data-start=\"688\" data-end=\"703\">AIVONO Vape<\/strong><\/li>\n<li data-start=\"704\" data-end=\"724\"><strong data-start=\"706\" data-end=\"724\">Al Fakhar Vape<\/strong><\/li>\n<li data-start=\"725\" data-end=\"740\"><strong data-start=\"727\" data-end=\"740\">AUPO Vape<\/strong><\/li>\n<li data-start=\"741\" data-end=\"756\"><strong data-start=\"743\" data-end=\"756\">Bang Vape<\/strong><\/li>\n<li data-start=\"757\" data-end=\"780\"><strong data-start=\"759\" data-end=\"780\">BIMO Kristall Vape<\/strong><\/li>\n<li data-start=\"781\" data-end=\"802\"><strong data-start=\"783\" data-end=\"802\">Wolke Neun Vape<\/strong><\/li>\n<li data-start=\"803\" data-end=\"820\"><strong data-start=\"805\" data-end=\"820\">DOLODA Vape<\/strong><\/li>\n<li data-start=\"821\" data-end=\"840\"><strong data-start=\"823\" data-end=\"840\">Elf Box Vapes<\/strong><\/li>\n<li data-start=\"841\" data-end=\"858\"><strong data-start=\"843\" data-end=\"858\">Sprudelnde Vapes<\/strong><\/li>\n<li data-start=\"859\" data-end=\"877\"><strong data-start=\"861\" data-end=\"877\">GAZZBAR Vape<\/strong><\/li>\n<li data-start=\"878\" data-end=\"893\"><strong data-start=\"880\" data-end=\"893\">IREX Vape<\/strong><\/li>\n<li data-start=\"894\" data-end=\"908\"><strong data-start=\"896\" data-end=\"908\">JNR Vape<\/strong><\/li>\n<li data-start=\"909\" data-end=\"933\"><strong data-start=\"911\" data-end=\"933\">RandM Tornado Vape<\/strong><\/li>\n<li data-start=\"934\" data-end=\"957\"><strong data-start=\"936\" data-end=\"957\">Uwin Kristall Vape<\/strong><\/li>\n<\/ul>\n<p><img loading=\"lazy\" decoding=\"async\" class=\"alignnone size-medium wp-image-4145\" src=\"https:\/\/vapsolovape.com\/wp-content\/uploads\/2025\/02\/AGIVAPENEWS--YOUR-TRUSTED-PARTNER-IN-WHOLESALE-VAPE-SUPPLIES-1-711x400.webp\" alt=\"\" width=\"711\" height=\"400\" title=\"\" srcset=\"\" sizes=\"auto, (max-width: 711px) 100vw, 711px\" data-srcset=\"\" \/><\/p>\n<p data-start=\"959\" data-end=\"1135\">Jede Marke bietet einzigartige Eigenschaften, sei es der Geschmack, das Dampfvolumen oder das Design. Unser Ziel ist es, Ihnen eine vielf\u00e4ltige Auswahl zu bieten, um verschiedene Geschm\u00e4cker und Bed\u00fcrfnisse zu befriedigen.<\/p>\n<p data-start=\"1137\" data-end=\"1155\"><strong data-start=\"1137\" data-end=\"1155\">Unser Engagement<\/strong><\/p>\n<p data-start=\"1137\" data-end=\"1155\"><img loading=\"lazy\" decoding=\"async\" class=\"alignnone size-medium wp-image-4146\" src=\"https:\/\/vapsolovape.com\/wp-content\/uploads\/2025\/02\/AGIVAPENEWS\u2014\u2014YOUR-TRUSTED-PARTNER-IN-WHOLESALE-VAPE-SUPPLIES-4-269x400.webp\" alt=\"\" width=\"269\" height=\"400\" title=\"\" srcset=\"https:\/\/vapsolovape.com\/wp-content\/uploads\/2025\/02\/AGIVAPENEWS\u2014\u2014YOUR-TRUSTED-PARTNER-IN-WHOLESALE-VAPE-SUPPLIES-4-269x400.webp 269w, https:\/\/vapsolovape.com\/wp-content\/uploads\/2025\/02\/AGIVAPENEWS\u2014\u2014YOUR-TRUSTED-PARTNER-IN-WHOLESALE-VAPE-SUPPLIES-4-510x758.webp 510w, https:\/\/vapsolovape.com\/wp-content\/uploads\/2025\/02\/AGIVAPENEWS\u2014\u2014YOUR-TRUSTED-PARTNER-IN-WHOLESALE-VAPE-SUPPLIES-4-538x800.webp 538w, https:\/\/vapsolovape.com\/wp-content\/uploads\/2025\/02\/AGIVAPENEWS\u2014\u2014YOUR-TRUSTED-PARTNER-IN-WHOLESALE-VAPE-SUPPLIES-4-768x1142.webp 768w, https:\/\/vapsolovape.com\/wp-content\/uploads\/2025\/02\/AGIVAPENEWS\u2014\u2014YOUR-TRUSTED-PARTNER-IN-WHOLESALE-VAPE-SUPPLIES-4-1033x1536.webp 1033w, https:\/\/vapsolovape.com\/wp-content\/uploads\/2025\/02\/AGIVAPENEWS\u2014\u2014YOUR-TRUSTED-PARTNER-IN-WHOLESALE-VAPE-SUPPLIES-4.webp 1120w\" sizes=\"auto, (max-width: 269px) 100vw, 269px\" \/><\/p>\n<p data-start=\"1157\" data-end=\"1550\">Vapsolovape ist nicht nur eine Einzelhandelsplattform f\u00fcr E-Zigaretten; wir sind bestrebt, ein hervorragendes Einkaufserlebnis und einen erstklassigen Kundenservice zu bieten. Wir arbeiten eng mit gro\u00dfen Marken zusammen, um sicherzustellen, dass alle Produkte authentisch sind und den internationalen Qualit\u00e4tsstandards entsprechen. Ob Sie ein Einzelh\u00e4ndler oder ein Direktkunde sind, wir bieten sowohl Gro\u00df- als auch Einzelhandelsoptionen mit schneller und sicherer Lieferung weltweit.<\/p>\n<p data-start=\"1552\" data-end=\"1566\"><strong data-start=\"1552\" data-end=\"1566\">Unsere Vision<\/strong><\/p>\n<p data-start=\"1568\" data-end=\"1863\">Unsere Vision ist es, ein weltweit f\u00fchrendes Unternehmen im E-Zigaretten-Einzel- und -Gro\u00dfhandel zu werden, das innovative, qualitativ hochwertige Produkte anbietet und sich dabei auf Kundenerfahrung und Nachhaltigkeit konzentriert. Unser Ziel ist es, Ihre erste Wahl in Sachen Vaping zu sein, indem wir vielf\u00e4ltige Produkte und einen au\u00dfergew\u00f6hnlichen Kundenservice anbieten.<\/p>\n<p data-start=\"1865\" data-end=\"1970\">Vielen Dank, dass Sie sich f\u00fcr Vapsolovape entschieden haben. Wir freuen uns darauf, eine au\u00dfergew\u00f6hnliche Vaping-Erfahrung mit Ihnen zu teilen.<\/p>\n\t\t\n<style>\n#text-4043075773 {\n  color: rgb(0,0,0);\n}\n#text-4043075773 > * {\n  color: rgb(0,0,0);\n}\n<\/style>\n\t<\/div>","protected":false},"excerpt":{"rendered":"","protected":false},"author":1,"featured_media":0,"parent":0,"menu_order":0,"comment_status":"closed","ping_status":"closed","template":"","meta":{"footnotes":""},"class_list":["post-4142","page","type-page","status-publish","hentry"],"_links":{"self":[{"href":"https:\/\/vapsolovape.com\/de\/wp-json\/wp\/v2\/pages\/4142","targetHints":{"allow":["GET"]}}],"collection":[{"href":"https:\/\/vapsolovape.com\/de\/wp-json\/wp\/v2\/pages"}],"about":[{"href":"https:\/\/vapsolovape.com\/de\/wp-json\/wp\/v2\/types\/page"}],"author":[{"embeddable":true,"href":"https:\/\/vapsolovape.com\/de\/wp-json\/wp\/v2\/users\/1"}],"replies":[{"embeddable":true,"href":"https:\/\/vapsolovape.com\/de\/wp-json\/wp\/v2\/comments?post=4142"}],"version-history":[{"count":0,"href":"https:\/\/vapsolovape.com\/de\/wp-json\/wp\/v2\/pages\/4142\/revisions"}],"wp:attachment":[{"href":"https:\/\/vapsolovape.com\/de\/wp-json\/wp\/v2\/media?parent=4142"}],"curies":[{"name":"wp","href":"https:\/\/api.w.org\/{rel}","templated":true}]}}