{"id":1119,"date":"2025-02-14T18:18:07","date_gmt":"2025-02-14T10:18:07","guid":{"rendered":"https:\/\/vapsolovape.com\/?post_type=product&#038;p=1119"},"modified":"2025-07-18T19:10:36","modified_gmt":"2025-07-18T11:10:36","slug":"randm-tornado-12000-puff-randm-offizielles-authentisches-produkt-16-geschmacksrichtungen","status":"publish","type":"product","link":"https:\/\/vapsolovape.com\/de\/produkt\/randm-tornado-12000-puff-randm-offizielles-authentisches-produkt-16-geschmacksrichtungen\/","title":{"rendered":"RandM Tornado 12000 Puffs - Offizielles Produkt, 16 Geschmacksrichtungen, garantierte Qualit\u00e4t"},"content":{"rendered":"<div id=\"tab-description\" class=\"woocommerce-Tabs-panel woocommerce-Tabs-panel--description panel entry-content active\" role=\"tabpanel\" aria-labelledby=\"tab-title-description\">\n<h2 style=\"text-align: center;\"><strong><span style=\"color: #000000;\">RandM Tornado 12000<\/span> Puffs Hauptmerkmale<\/strong><\/h2>\n<p><strong>RandM Tornado12000 Puffs:<\/strong>Dieser Verdampfer wurde f\u00fcr maximalen Komfort und Benutzerfreundlichkeit entwickelt, mit einer ergonomischen Form, die perfekt in Ihre Hand passt. Der integrierte Akku l\u00e4dt sich schnell auf und sorgt daf\u00fcr, dass Du immer bereit f\u00fcr Deine n\u00e4chste Dampfsession bist. Eine LED-Anzeige zeigt den Akkustand an, so dass Sie leicht den \u00dcberblick behalten und vermeiden k\u00f6nnen, dass Ihnen unerwartet der Strom ausgeht.<\/p>\n<p><strong>Verl\u00e4ngerte Lebensdauer der Batterie:<\/strong> Dieses Ger\u00e4t ist mit einem 500mAh-Akku ausgestattet, der ein langes Dampferlebnis garantiert, ohne dass man sich um ein h\u00e4ufiges Aufladen k\u00fcmmern muss.<\/p>\n<p><strong>Typ-C-Ladeanschluss:<\/strong> Die Integration eines Typ-C-Ladeanschlusses erleichtert das schnelle Aufladen und ist umweltfreundlich.<\/p>\n<p><strong>Gro\u00dfe Kapazit\u00e4t:<\/strong> Die 20 ml vorgef\u00fcllte Vape-Kapazit\u00e4t verl\u00e4ngert die Nutzungszeit ohne h\u00e4ufiges Nachf\u00fcllen und verbessert so das gesamte Vaping-Erlebnis.<\/p>\n<p><strong>Mehrere Geschmacksrichtungen:\u00a0<\/strong>Sie k\u00f6nnen aus \u00fcber 16 Geschmacksrichtungen w\u00e4hlen, um Ihre Geschmacksnerven zu befriedigen und den Dampf zu finden, der am besten zu Ihnen passt.<\/p>\n<p><strong data-start=\"15\" data-end=\"28\">St\u00e4rke:<\/strong> Es sind zwei Optionen verf\u00fcgbar, <strong data-start=\"62\" data-end=\"87\" data-is-only-node=\"\">2%-Kapseln und 5%-Kapseln<\/strong>So k\u00f6nnen Sie Ihr Dampferlebnis ganz nach Ihren Bed\u00fcrfnissen gestalten.<\/p>\n<p><strong>Effiziente Leistungsabgabe:<\/strong> Die kontinuierliche Leistungsabgabe sorgt f\u00fcr ein sanftes und befriedigendes Dampferlebnis.<\/p>\n<p><strong>Mund-zu-Lunge-Sensationsfluss:<\/strong> Dieses Ger\u00e4t bietet ein nahtloses und angenehmes Mund-zu-Lunge-Inhalationserlebnis.<\/p>\n<p><strong style=\"color: #555555;\">Sicherheit und Qualit\u00e4t:<\/strong><span style=\"color: #555555;\"> Sicherheit steht bei RandM Vape an erster Stelle. Hochwertige Materialien und strenge Qualit\u00e4tskontrollen gew\u00e4hrleisten eine sichere Verwendung. Dank des fortschrittlichen \u00dcberhitzungs- und Kurzschlussschutzmechanismus k\u00f6nnen Sie mit Zuversicht rauchen.<\/span><\/p>\n<figure id=\"attachment_3905\" class=\"wp-caption alignnone\" style=\"width: 2100px;\" aria-describedby=\"caption-attachment-3905\">\n<figure id=\"attachment_4740\" aria-describedby=\"caption-attachment-4740\" style=\"width: 800px\" class=\"wp-caption alignnone\"><img loading=\"lazy\" decoding=\"async\" class=\"size-full wp-image-4740\" src=\"https:\/\/dankstarvapes.com\/wp-content\/uploads\/2024\/11\/RandM-Tornado-12000-1.webp\" alt=\"RandM Tornado 12000 \" width=\"800\" height=\"731\" title=\"\"><figcaption id=\"caption-attachment-4740\" class=\"wp-caption-text\">RandM Tornado 12000<\/figcaption><\/figure><\/figure>\n<h3>_________________________________________________________________________<\/h3>\n<h2 style=\"text-align: center;\">RandM Tornado 12000 Hauptmerkmale des<\/h2>\n<div>Der RandM Tornado 12000 zeichnet sich durch Eigenschaften aus, die sowohl neue als auch erfahrene Dampfer ansprechen. Seine gro\u00dfe E-Liquid-Kapazit\u00e4t erm\u00f6glicht bis zu 12.000 Z\u00fcge und bietet ein lang anhaltendes, problemloses Dampferlebnis ohne h\u00e4ufiges Nachf\u00fcllen.<\/div>\n<div><\/div>\n<div>Die Akkulaufzeit ist ein weiterer bemerkenswerter Aspekt des RandmTornado 12000. Ausgestattet mit einem leistungsstarken Akku, der w\u00e4hrend seiner gesamten Lebensdauer eine konstante Leistung beibeh\u00e4lt, sorgt das Ger\u00e4t daf\u00fcr, dass die Nutzer zufrieden sind, ohne sich Sorgen machen zu m\u00fcssen, dass ihnen der Strom ausgeht. Der langlebige Akku in Kombination mit der hohen E-Liquid-Kapazit\u00e4t minimiert die Notwendigkeit einer regelm\u00e4\u00dfigen Wartung, was ein gro\u00dfer Vorteil f\u00fcr diejenigen ist, die immer unterwegs sind.<\/div>\n<div><\/div>\n<div>Die Vielfalt der Geschmacksoptionen, die der RandM Tornado 12000 bietet, sorgt f\u00fcr ein reichhaltiges Dampferlebnis. Mit einer breiten Palette von Aromen zur Auswahl, von Obst zu Dessert, k\u00f6nnen Benutzer die Erfahrung auf ihre pers\u00f6nlichen Vorlieben anpassen. Dar\u00fcber hinaus verf\u00fcgt das Ger\u00e4t \u00fcber einstellbare Einstellungen f\u00fcr ein ma\u00dfgeschneidertes Erlebnis - Benutzer k\u00f6nnen Luftstrom und Leistung \u00e4ndern, um die perfekte Balance f\u00fcr ihren Geschmack zu finden.<\/div>\n<div><\/div>\n<div>Dar\u00fcber hinaus ist dieses Ger\u00e4t ergonomisch gestaltet, um den Komfort w\u00e4hrend des Gebrauchs zu gew\u00e4hrleisten. Der RandM Tornado 12000 liegt gut in der Hand und ist einfach zu bedienen, was ihn perfekt f\u00fcr lange Verdampfungssessions macht. Sein durchdachtes Design und seine innovative Technologie machen ihn zu einer Top-Wahl f\u00fcr Vaping-Enthusiasten, die ein \u00fcberragendes Erlebnis suchen.<\/div>\n<h3 style=\"text-align: center;\"><\/h3>\n<h2 style=\"text-align: center;\">RandM Tornado 12000 Sicherheitsmerkmale und Benutzerkomfortmechanismen<\/h2>\n<h3>Fortschrittlicher \u00dcberhitzungsschutz f\u00fcr sicheres Dampfen<\/h3>\n<p><strong>RandM Tornado 12000<\/strong> integriert mehrere fortschrittliche Sicherheitsfunktionen, um ein sicheres Dampferlebnis f\u00fcr seine Nutzer zu gew\u00e4hrleisten. Eines der wichtigsten Elemente ist die , die verhindert, dass das Ger\u00e4t Temperaturen erreicht, die zu Fehlfunktionen oder Unbehagen f\u00fchren k\u00f6nnten. Diese Funktion schaltet das Ger\u00e4t automatisch ab, wenn es eine \u00fcberm\u00e4\u00dfige Hitze feststellt, und sch\u00fctzt so sowohl das Ger\u00e4t als auch die Sicherheit des Benutzers.<\/p>\n<h3>Kurzschlusspr\u00e4vention f\u00fcr mehr Sicherheit<\/h3>\n<p>Um die Sicherheit weiter zu erh\u00f6hen, wird die <strong>RandM Tornado 12000<\/strong> enth\u00e4lt einen Mechanismus zur Verhinderung von Kurzschl\u00fcssen. Dieses System erkennt effektiv jede Unregelm\u00e4\u00dfigkeit im Stromkreis und unterbricht die Stromzufuhr, um potenzielle Gefahren zu vermeiden. Dieser proaktive Ansatz sch\u00fctzt nicht nur die Benutzer, sondern verl\u00e4ngert auch die Lebensdauer des Ger\u00e4ts, da er die mit elektrischen Problemen verbundenen Risiken verringert.<\/p>\n<h3>RandM Tornado 12000 Kindersicheres Design f\u00fcr zus\u00e4tzliche Sicherheit<\/h3>\n<p>Die Kindersicherung ist ein weiterer wichtiger Aspekt der <strong>RandM Tornado 12000<\/strong>Design. Das Ger\u00e4t verf\u00fcgt \u00fcber Mechanismen, die es f\u00fcr Kinder schwierig machen, es zu bedienen, wodurch das Risiko eines versehentlichen Gebrauchs minimiert wird. Dieser Fokus auf Sicherheit beruhigt Erziehungsberechtigte und f\u00f6rdert gleichzeitig einen verantwortungsvollen Umgang mit dem Rauchen, so dass die Nutzer in verschiedenen Umgebungen beruhigt sein k\u00f6nnen.<\/p>\n<h3>Ergonomischer Griff und einfache Bedienung f\u00fcr mehr Benutzerkomfort<\/h3>\n<p>Auch der Benutzerkomfort spielt bei der Gestaltung des Systems eine zentrale Rolle.<strong> RandM Tornado 12000<\/strong>. Der ergonomische Griff sorgt daf\u00fcr, dass das Ger\u00e4t w\u00e4hrend des Gebrauchs leicht zu halten und zu handhaben ist, was \u00dcberanstrengung oder Unbehagen verhindert. Dar\u00fcber hinaus ist die Benutzeroberfl\u00e4che auf eine einfache Bedienung ausgelegt, so dass die Einstellungen schnell und effizient vorgenommen werden k\u00f6nnen. Diese Benutzerfreundlichkeit verbessert nicht nur das allgemeine Dampferlebnis, sondern verk\u00f6rpert auch das Engagement f\u00fcr benutzerfreundliches Design.<\/p>\n<h3>Ein zuverl\u00e4ssiges und sicheres Vaping-Erlebnis<\/h3>\n<p>Zusammenfassend l\u00e4sst sich sagen, dass die Sicherheitsmerkmale und der Benutzerkomfort des <strong>Tornado 12000<\/strong> sind entscheidend f\u00fcr ein sicheres und angenehmes Dampferlebnis. Durch die Priorisierung dieser Elemente f\u00f6rdert das Ger\u00e4t das Vertrauen und die Zufriedenheit, was es zu einer zuverl\u00e4ssigen Wahl f\u00fcr Anf\u00e4nger und erfahrene Dampfer gleicherma\u00dfen macht.<\/p>\n<p><strong>Mehr aus unserer RandM Tornado-Serie:<\/strong><\/p>\n<p class=\"product-title product_title entry-title\">RandM Tornado 7000<\/p>\n<p class=\"product-title product_title entry-title\">RandM Tornado 9000<\/p>\n<p class=\"product-title product_title entry-title\">RandM Tornado 12000<\/p>\n<p class=\"product-title product_title entry-title\">RandM Tornado 15000<\/p>\n<p class=\"product-title product_title entry-title\">RandM Tornado 20000<\/p>\n<p class=\"product-title product_title entry-title\">RandM Tornado 25000<\/p>\n<p class=\"product-title product_title entry-title\">RandM Tornado 30000<\/p>\n<hr \/>\n<p><strong>Warum uns w\u00e4hlen?<\/strong><\/p>\n<p>Durch die Wahl der offiziellen Shop von Einweg-Vapes, k\u00f6nnen Sie viele Vorteile genie\u00dfen:<\/p>\n<ul>\n<li><strong>Offizieller Verkaufskanal:<\/strong>\u00a0Wir garantieren authentische Produkte und einen hochwertigen Service.<\/li>\n<li><strong>Gro\u00dfhandel und Einzelhandel:<\/strong>\u00a0Wir bieten flexible Einkaufsm\u00f6glichkeiten f\u00fcr Privatpersonen und Gro\u00dfh\u00e4ndler.<\/li>\n<li><strong>Qualit\u00e4tssicherung:<\/strong>\u00a0Unsere Produkte werden strengen Qualit\u00e4tspr\u00fcfungen unterzogen, um Ihre Zufriedenheit zu gew\u00e4hrleisten.<\/li>\n<li><strong>Weltweiter Versand:<\/strong>\u00a0Wir sind stolz darauf, unsere Produkte in die meisten Teile der Welt zu liefern, damit Sie unsere Produkte genie\u00dfen k\u00f6nnen, egal wo Sie sind.<\/li>\n<li><strong>Erfahrung in der Industrie:<\/strong>\u00a0Mit \u00fcber 8 Jahren Erfahrung auf dem Markt haben wir uns zu einer vertrauensw\u00fcrdigen und erstklassigen Wahl entwickelt.<\/li>\n<li><strong>Langfristige Partnerschaften:<\/strong>\u00a0Wir arbeiten auch mit lokalen Ladenbesitzern in Europa zusammen, was es uns erm\u00f6glicht, schnell auf die Bed\u00fcrfnisse des Marktes zu reagieren und die Frische unserer Produkte zu erhalten.<\/li>\n<\/ul>\n<p>Wenn Sie sich f\u00fcr unsere Einwegdampfer entscheiden, k\u00f6nnen Sie nicht nur eine Vielzahl von Geschmacksrichtungen genie\u00dfen, sondern auch eine au\u00dfergew\u00f6hnliche Dampfreise erleben. F\u00fcr weitere Informationen, besuchen Sie uns bitte <a href=\"http:\/\/dankstarvapes.com\" target=\"_blank\" rel=\"noopener\">dankstarvapes.com<\/a>!<\/p>\n<\/div>","protected":false},"excerpt":{"rendered":"<p>RandM Tornado 12000 Puffs Key Features RandM Tornado12000 Puffs:This vape is designed for maximum comfort and ease of use, with an ergonomic shape that fits perfectly in your hand. The integrated battery charges quickly, ensuring you\u2019re always ready for your next vaping session. An LED indicator displays the battery level, so you can easily keep [&#8230;]","protected":false},"featured_media":1147,"comment_status":"open","ping_status":"closed","template":"","meta":[],"product_brand":[],"product_cat":[74,75,77,95,73,78,96,71,79,80,81,82,83,84,85,86,87,88,89,90,91,108,104,134,16,92],"product_tag":[],"class_list":{"0":"post-1119","1":"product","2":"type-product","3":"status-publish","4":"has-post-thumbnail","6":"product_cat-12000-12k-puff-vape","7":"product_cat-2-nicotine-disposable-vape","8":"product_cat-5-nicotine-disposable-vape","9":"product_cat-advanced-vape","10":"product_cat-big-puff-vapes","11":"product_cat-disposable-vape-near-me","12":"product_cat-disposable-vape-with-led-light","13":"product_cat-0-5-nicotine-vapes","14":"product_cat-disposable-vapes-in-austria","15":"product_cat-disposable-vapes-in-belgium","16":"product_cat-disposable-vapes-in-france","17":"product_cat-disposable-vapes-in-germany","18":"product_cat-disposable-vapes-in-ltaly","19":"product_cat-disposable-vapes-in-netherlands","20":"product_cat-disposable-vapes-in-norway","21":"product_cat-disposable-vapes-in-poland","22":"product_cat-disposable-vapes-in-portugal","23":"product_cat-disposable-vapes-in-spain","24":"product_cat-disposable-vapes-in-sweden","25":"product_cat-disposable-vapes-in-switzerland","26":"product_cat-disposable-vapes-in-united-states","27":"product_cat-randm-tornado-12000","28":"product_cat-randm-tornado-vape","29":"product_cat-tornado-vape","30":"product_cat-uncategorized","31":"product_cat-vape-brands","33":"first","34":"instock","35":"sale","36":"shipping-taxable","37":"purchasable","38":"product-type-variable","39":"has-default-attributes"},"tiered_pricing_type":"fixed","tiered_pricing_fixed_rules":[],"tiered_pricing_product_settings":{"layout":"default","base_unit_name":{"singular":null,"plural":null},"default_variation":null},"tiered_pricing_minimum_quantity":null,"tiered_pricing_roles_data":[],"tiered_pricing_percentage_rules":[],"tiered_pricing_maximum_quantity":null,"tiered_pricing_quantity_step":null,"_links":{"self":[{"href":"https:\/\/vapsolovape.com\/de\/wp-json\/wp\/v2\/product\/1119","targetHints":{"allow":["GET"]}}],"collection":[{"href":"https:\/\/vapsolovape.com\/de\/wp-json\/wp\/v2\/product"}],"about":[{"href":"https:\/\/vapsolovape.com\/de\/wp-json\/wp\/v2\/types\/product"}],"replies":[{"embeddable":true,"href":"https:\/\/vapsolovape.com\/de\/wp-json\/wp\/v2\/comments?post=1119"}],"wp:featuredmedia":[{"embeddable":true,"href":"https:\/\/vapsolovape.com\/de\/wp-json\/wp\/v2\/media\/1147"}],"wp:attachment":[{"href":"https:\/\/vapsolovape.com\/de\/wp-json\/wp\/v2\/media?parent=1119"}],"wp:term":[{"taxonomy":"product_brand","embeddable":true,"href":"https:\/\/vapsolovape.com\/de\/wp-json\/wp\/v2\/product_brand?post=1119"},{"taxonomy":"product_cat","embeddable":true,"href":"https:\/\/vapsolovape.com\/de\/wp-json\/wp\/v2\/product_cat?post=1119"},{"taxonomy":"product_tag","embeddable":true,"href":"https:\/\/vapsolovape.com\/de\/wp-json\/wp\/v2\/product_tag?post=1119"}],"curies":[{"name":"wp","href":"https:\/\/api.w.org\/{rel}","templated":true}]}}