{"id":1299,"date":"2025-02-14T18:18:52","date_gmt":"2025-02-14T10:18:52","guid":{"rendered":"https:\/\/vapsolovape.com\/?post_type=product&#038;p=1299"},"modified":"2026-04-03T17:03:38","modified_gmt":"2026-04-03T09:03:38","slug":"randm-tornado-25000-puffs-new-large-capacity-new-release","status":"publish","type":"product","link":"https:\/\/vapsolovape.com\/de\/produkt\/randm-tornado-25000-puffs-new-large-capacity-new-release\/","title":{"rendered":"RandM Tornado 25000 Puffs - Neuerscheinung mit riesigem Fassungsverm\u00f6gen!"},"content":{"rendered":"<div id=\"tab-description\" class=\"woocommerce-Tabs-panel woocommerce-Tabs-panel--description panel entry-content active\" role=\"tabpanel\" aria-labelledby=\"tab-title-description\">\n<div>\n<p data-start=\"106\" data-end=\"451\">Der RandM Tornado 25000 wurde entwickelt, um Ihr Dampferlebnis mit modernsten Funktionen zu verbessern. Ausgestattet mit einem 1,77-Zoll-High-Definition-TFT-Bildschirm, bietet er Echtzeit-Updates sowohl f\u00fcr den Akkustand als auch f\u00fcr den F\u00fcllstand des E-Liquids. Das Vollbild-Display unterstreicht nicht nur den futuristischen Look des Ger\u00e4ts, sondern erregt auch die Aufmerksamkeit von Vape-Enthusiasten.<\/p>\n<p data-start=\"453\" data-end=\"734\">Um die Aktivierung zu vereinfachen und den Stil des Ger\u00e4ts zu verbessern, verf\u00fcgt der RandM Tornado 25000 \u00fcber einen innovativen Touch-Schalter. Mit nur drei Tastendr\u00fccken k\u00f6nnen Benutzer leicht zwischen verschiedenen Wattst\u00e4rken wechseln, was ein vollst\u00e4ndig anpassbares, auf individuelle Vorlieben zugeschnittenes Dampferlebnis erm\u00f6glicht.<\/p>\n<\/div>\n<figure id=\"attachment_3727\" class=\"wp-caption alignnone\" style=\"width: 2560px;\" aria-describedby=\"caption-attachment-3727\">\n<figure id=\"attachment_4724\" aria-describedby=\"caption-attachment-4724\" style=\"width: 1500px\" class=\"wp-caption alignnone\"><img loading=\"lazy\" decoding=\"async\" class=\"wp-image-4724 size-full\" title=\"RandM Tornado 25000\" src=\"https:\/\/dankstarvapes.com\/wp-content\/uploads\/2024\/11\/RandM-Tornado-25000-1-2.webp\" alt=\"RandM Tornado 25000\" width=\"1500\" height=\"968\" \/><figcaption id=\"caption-attachment-4724\" class=\"wp-caption-text\">RandM Tornado 25000<\/figcaption><\/figure><\/figure>\n<h2>__________________________________________________________________________________________<\/h2>\n<h2><strong>Tornado 25000 Puffs<\/strong> Einweg-Vape - Erweiterte Anzeigefunktionen<\/h2>\n<h3><strong>HD-TFT-Bildschirm<\/strong><\/h3>\n<p>Die <strong>RandM Tornado 25000<\/strong> ist mit einem Bildschirm ausgestattet, der es dem Benutzer erm\u00f6glicht, die Akkulaufzeit und den Fl\u00fcssigkeitsstand in Echtzeit zu \u00fcberwachen, um Unterbrechungen beim Dampfen zu vermeiden.<\/p>\n<h2><strong>RandM Tornado 25000<\/strong> <strong>Entwicklung hin zu einer intelligenteren Vaping-Technologie<\/strong><\/h2>\n<p>Das innovative Display des RandM Tornado 25000 Puffs steht f\u00fcr einen Wandel hin zu intelligenter Vape-Technologie. Durch die klare Anzeige des Batteriestatus und des E-Liquid-Vorrats k\u00f6nnen die Benutzer ihr Ger\u00e4t proaktiv verwalten und so ein nahtloses Erlebnis gew\u00e4hrleisten. Diese benutzerfreundliche Technologie verbessert den Komfort und die Zufriedenheit.<\/p>\n<h3><strong>RandM Tornado 25000 Verbesserte Gesamtbenutzererfahrung<\/strong><\/h3>\n<p>Dar\u00fcber hinaus verbessern die leuchtenden Farben und die klare Aufl\u00f6sung des TFT-Bildschirms das allgemeine Benutzererlebnis erheblich. Das moderne Design verbessert nicht nur die \u00c4sthetik des Ger\u00e4ts, sondern macht auch die Interaktion angenehmer und spiegelt die Entwicklung der Vaping-Kultur wider. Diese Eigenschaften stellen sicher, dass der RandM Tornado 25000 die Bed\u00fcrfnisse sowohl von Anf\u00e4ngern als auch von erfahrenen Vapern erf\u00fcllt.<\/p>\n<h2>Benutzerorientiertes Design und Leistung<\/h2>\n<div class=\"flex max-w-full flex-col flex-grow\">\n<div class=\"min-h-8 text-message flex w-full flex-col items-end gap-2 whitespace-normal break-words [.text-message+&amp;]:mt-5\" dir=\"auto\" data-message-author-role=\"assistant\" data-message-id=\"09d2e216-c814-4342-8249-e19bcd86eec0\" data-message-model-slug=\"gpt-4o\">\n<div class=\"flex w-full flex-col gap-1 empty:hidden first:pt-[3px]\">\n<div class=\"markdown prose w-full break-words dark:prose-invert light\">\n<p>Der RandM Tornado 25000 wurde speziell f\u00fcr ein verbessertes Dampferlebnis entwickelt. Mit seinem innovativen Touch-Switch kann der Nutzer einfach zwischen den verschiedenen Wattzahlen wechseln, was eine schnelle und m\u00fchelose Anpassung erm\u00f6glicht. Diese Funktion verleiht dem Ger\u00e4t nicht nur eine pers\u00f6nliche Note, sondern erh\u00f6ht auch den Komfort. Dar\u00fcber hinaus spiegelt dieser Fokus auf Benutzerfreundlichkeit das starke Engagement der Marke wider, um die Zufriedenheit der Benutzer zu gew\u00e4hrleisten, was ihn zu einer herausragenden Wahl f\u00fcr Vaper macht, die sowohl Einfachheit als auch Leistung suchen.<\/p>\n<p>Angetrieben von einem robusten 700mAh Akku, unterst\u00fctzt das Ger\u00e4t schnelles Aufladen f\u00fcr minimale Ausfallzeiten. Dies stellt sicher, Benutzer k\u00f6nnen schnell zur\u00fcck zu genie\u00dfen ihre Lieblings-e-liquids ohne lange wait.Additionally, die Dual-Core-Dual-Mesh-Spulen liefern beeindruckende Dampf und Geschmack, die eine befriedigende Hit. Mit den einstellbaren Airflow-Einstellungen k\u00f6nnen die Benutzer ihre Erfahrung anpassen, egal ob sie einen engeren Zug oder gr\u00f6\u00dfere Wolken bevorzugen. Mit bis zu 25.000 Z\u00fcgen bietet dieses Ger\u00e4t eine umweltfreundliche Alternative zu herk\u00f6mmlichen Einwegprodukten, die den Abfall reduziert und gleichzeitig die Kontrolle des Benutzers verbessert.<\/p>\n<\/div>\n<\/div>\n<\/div>\n<\/div>\n<p><strong>Mehr aus unserer RandM Tornado-Serie:<\/strong><\/p>\n<p class=\"product-title product_title entry-title\">RandM Tornado 7000<\/p>\n<p class=\"product-title product_title entry-title\">RandM Tornado 9000<\/p>\n<p class=\"product-title product_title entry-title\">RandM Tornado 12000<\/p>\n<p class=\"product-title product_title entry-title\">RandM Tornado 15000<\/p>\n<p class=\"product-title product_title entry-title\">RandM Tornado 20000<\/p>\n<p class=\"product-title product_title entry-title\">RandM Tornado 25000<\/p>\n<p class=\"product-title product_title entry-title\">RandM Tornado 30000<\/p>\n<hr \/>\n<p><strong>Warum uns w\u00e4hlen?<\/strong><\/p>\n<p>Durch die Wahl der offiziellen Shop von Einweg-Vapes, k\u00f6nnen Sie viele Vorteile genie\u00dfen:<\/p>\n<ul>\n<li><strong>Offizieller Verkaufskanal:<\/strong>\u00a0Wir garantieren authentische Produkte und einen hochwertigen Service.<\/li>\n<li><strong>Gro\u00dfhandel und Einzelhandel:<\/strong>\u00a0Wir bieten flexible Einkaufsm\u00f6glichkeiten f\u00fcr Privatpersonen und Gro\u00dfh\u00e4ndler.<\/li>\n<li><strong>Qualit\u00e4tssicherung:<\/strong>\u00a0Unsere Produkte werden strengen Qualit\u00e4tspr\u00fcfungen unterzogen, um Ihre Zufriedenheit zu gew\u00e4hrleisten.<\/li>\n<li><strong>Weltweiter Versand:<\/strong>\u00a0Wir sind stolz darauf, unsere Produkte in die meisten Teile der Welt zu liefern, damit Sie unsere Produkte genie\u00dfen k\u00f6nnen, egal wo Sie sind.<\/li>\n<li><strong>Erfahrung in der Industrie:<\/strong>\u00a0Mit \u00fcber 8 Jahren Erfahrung auf dem Markt haben wir uns zu einer vertrauensw\u00fcrdigen und erstklassigen Wahl entwickelt.<\/li>\n<li><strong>Langfristige Partnerschaften:<\/strong>\u00a0Wir arbeiten auch mit lokalen Ladenbesitzern in Europa zusammen, was es uns erm\u00f6glicht, schnell auf die Bed\u00fcrfnisse des Marktes zu reagieren und die Frische unserer Produkte zu erhalten.<\/li>\n<\/ul>\n<p>Wenn Sie sich f\u00fcr unsere Einwegdampfer entscheiden, k\u00f6nnen Sie nicht nur eine Vielzahl von Geschmacksrichtungen genie\u00dfen, sondern auch eine au\u00dfergew\u00f6hnliche Dampfreise erleben. F\u00fcr weitere Informationen, besuchen Sie uns bitte <a href=\"http:\/\/dankstarvapes.com\" target=\"_blank\" rel=\"noopener\">dankstarvapes.com<\/a>!<\/p>\n<\/div>","protected":false},"excerpt":{"rendered":"<p>The RandM Tornado 25000 is designed to elevate your vaping experience with cutting-edge features. Equipped with a 1.77-inch high-definition TFT screen, it provides real-time updates on both battery power and e-liquid levels. The full-screen display not only enhances the device\u2019s futuristic look but also grabs the attention of vape enthusiasts. To simplify activation and improve [&#8230;]","protected":false},"featured_media":1308,"comment_status":"open","ping_status":"closed","template":"","meta":[],"product_brand":[],"product_cat":[75,111,77,95,73,78,97,71,79,80,81,82,83,84,85,86,87,88,89,90,91,112,104,134,16,92],"product_tag":[],"class_list":{"0":"post-1299","1":"product","2":"type-product","3":"status-publish","4":"has-post-thumbnail","6":"product_cat-2-nicotine-disposable-vape","7":"product_cat-25000-25k-puff-vape","8":"product_cat-5-nicotine-disposable-vape","9":"product_cat-advanced-vape","10":"product_cat-big-puff-vapes","11":"product_cat-disposable-vape-near-me","12":"product_cat-disposable-vape-with-screen","13":"product_cat-0-5-nicotine-vapes","14":"product_cat-disposable-vapes-in-austria","15":"product_cat-disposable-vapes-in-belgium","16":"product_cat-disposable-vapes-in-france","17":"product_cat-disposable-vapes-in-germany","18":"product_cat-disposable-vapes-in-ltaly","19":"product_cat-disposable-vapes-in-netherlands","20":"product_cat-disposable-vapes-in-norway","21":"product_cat-disposable-vapes-in-poland","22":"product_cat-disposable-vapes-in-portugal","23":"product_cat-disposable-vapes-in-spain","24":"product_cat-disposable-vapes-in-sweden","25":"product_cat-disposable-vapes-in-switzerland","26":"product_cat-disposable-vapes-in-united-states","27":"product_cat-randm-tornado-25000","28":"product_cat-randm-tornado-vape","29":"product_cat-tornado-vape","30":"product_cat-uncategorized","31":"product_cat-vape-brands","33":"first","34":"instock","35":"sale","36":"shipping-taxable","37":"purchasable","38":"product-type-variable","39":"has-default-attributes"},"tiered_pricing_type":"fixed","tiered_pricing_fixed_rules":[],"tiered_pricing_product_settings":{"layout":"default","base_unit_name":{"singular":null,"plural":null},"default_variation":null},"tiered_pricing_minimum_quantity":null,"tiered_pricing_roles_data":[],"tiered_pricing_percentage_rules":[],"tiered_pricing_maximum_quantity":null,"tiered_pricing_quantity_step":null,"_links":{"self":[{"href":"https:\/\/vapsolovape.com\/de\/wp-json\/wp\/v2\/product\/1299","targetHints":{"allow":["GET"]}}],"collection":[{"href":"https:\/\/vapsolovape.com\/de\/wp-json\/wp\/v2\/product"}],"about":[{"href":"https:\/\/vapsolovape.com\/de\/wp-json\/wp\/v2\/types\/product"}],"replies":[{"embeddable":true,"href":"https:\/\/vapsolovape.com\/de\/wp-json\/wp\/v2\/comments?post=1299"}],"wp:featuredmedia":[{"embeddable":true,"href":"https:\/\/vapsolovape.com\/de\/wp-json\/wp\/v2\/media\/1308"}],"wp:attachment":[{"href":"https:\/\/vapsolovape.com\/de\/wp-json\/wp\/v2\/media?parent=1299"}],"wp:term":[{"taxonomy":"product_brand","embeddable":true,"href":"https:\/\/vapsolovape.com\/de\/wp-json\/wp\/v2\/product_brand?post=1299"},{"taxonomy":"product_cat","embeddable":true,"href":"https:\/\/vapsolovape.com\/de\/wp-json\/wp\/v2\/product_cat?post=1299"},{"taxonomy":"product_tag","embeddable":true,"href":"https:\/\/vapsolovape.com\/de\/wp-json\/wp\/v2\/product_tag?post=1299"}],"curies":[{"name":"wp","href":"https:\/\/api.w.org\/{rel}","templated":true}]}}