{"id":1352,"date":"2025-02-14T18:19:06","date_gmt":"2025-02-14T10:19:06","guid":{"rendered":"https:\/\/vapsolovape.com\/?post_type=product&#038;p=1352"},"modified":"2026-03-14T11:27:28","modified_gmt":"2026-03-14T03:27:28","slug":"randm-tornado-30000-puffs-vape-neueste-modelle-verfugbar","status":"publish","type":"product","link":"https:\/\/vapsolovape.com\/de\/produkt\/randm-tornado-30000-puffs-vape-neueste-modelle-verfugbar\/","title":{"rendered":"RandM Tornado 30000 Puffs Vape - Entdecken Sie das neueste Modell!"},"content":{"rendered":"<div id=\"tab-description\" class=\"woocommerce-Tabs-panel woocommerce-Tabs-panel--description panel entry-content active\" role=\"tabpanel\" aria-labelledby=\"tab-title-description\">\n<p data-start=\"153\" data-end=\"450\">Der RandM Tornado 30000 Music Edition ist die neueste Erg\u00e4nzung der renommierten RandM Tornado Vape Serie von 2024. Gefertigt f\u00fcr Vape-Enthusiasten, die Qualit\u00e4t und Vielseitigkeit verlangen, liefert dieses fortschrittliche Einwegger\u00e4t ein au\u00dfergew\u00f6hnliches Dampferlebnis mit Funktionen, die alle Ihre Bed\u00fcrfnisse erf\u00fcllen.<\/p>\n<p><strong>30.000 Puffs:<\/strong>\u00a0Genie\u00dfen Sie bis zu 30.000 Z\u00fcge f\u00fcr ein ununterbrochenes Raucherlebnis.<\/p>\n<p><strong>25ml Inhalt:<\/strong>\u00a0Das Fassungsverm\u00f6gen von 25 ml reduziert den Bedarf an Nachf\u00fcllungen, so dass Sie Ihre Lieblingsgeschmacksrichtungen l\u00e4nger genie\u00dfen k\u00f6nnen.<\/p>\n<p><strong>Integrierter 850mAh-Akku:<\/strong>\u00a0Der leistungsstarke 850mAh-Akku garantiert den ganzen Tag lang zuverl\u00e4ssiges Dampfen.<\/p>\n<p><strong>Wiederaufladbar Bequemlichkeit:<\/strong>\u00a0Das wiederaufladbare Design erm\u00f6glicht es Ihnen, es jederzeit aufzuladen - perfekt f\u00fcr Ihren gesch\u00e4ftigen Lebensstil.<\/p>\n<p><strong>Glattmaschige Spule:<\/strong>\u00a0Die innovative Mesh-Spule sorgt f\u00fcr ein sanftes, befriedigendes Dampferlebnis.<\/p>\n<p><strong>RGB-Lichtshow\uff1a<\/strong>anpassbare Musikfunktion<\/p>\n<p><strong>Anpassbare Salzstufen:<\/strong>\u00a0W\u00e4hlen Sie je nach Geschmack 2% oder 5% Nikotinsalz.<\/p>\n<p><strong>Kompakt und stilvoll:<\/strong>\u00a0Das elegante, ergonomische Design macht ihn einfach zu bedienen und eignet sich f\u00fcr jede Gelegenheit.<\/p>\n<p><strong>30 Geschmacksrichtungen zur Auswahl:<\/strong>\u00a0Genie\u00dfen Sie 30 verschiedene Geschmacksrichtungen, die f\u00fcr jeden Geschmack etwas bieten.<\/p>\n<p>Erleben Sie das ultimative Dampferlebnis mit dem RandM Tornado 30000 Music Edition. Erh\u00f6hen Sie Ihre Dampfreise noch heute!<\/p>\n<hr \/>\n<p><img loading=\"lazy\" decoding=\"async\" class=\"size-full wp-image-4918\" src=\"https:\/\/dankstarvapes.com\/wp-content\/uploads\/2024\/11\/Randm-Tornado-30000-Vapes.webp\" alt=\"Randm Tornado 30000 Vapes\" width=\"1946\" height=\"1876\" title=\"\"><\/p>\n<hr \/>\n<h3><strong>RANDM Tornado 30000 \u00dcbersicht<\/strong><br \/>\n<strong>Neueste Modelle<\/strong><\/h3>\n<p>Die RandM Tornado 30000 Serie ist der neueste Einwegverdampfer mit gro\u00dfer Kapazit\u00e4t, der von Fumot hergestellt wird. Mit einer beeindruckenden Kapazit\u00e4t von 30.000 Puffs wurde dieses Modell aufger\u00fcstet, um die t\u00e4glichen Bed\u00fcrfnisse von neuen und wiederkehrenden Kunden zu erf\u00fcllen. Es ist die neueste und gr\u00f6\u00dfte RandM Tornado vape auf dem Markt.<\/p>\n<h3><strong>RandM Tornado 30000 Hervorragende Kapazit\u00e4t<\/strong><\/h3>\n<p>Der RandM Tornado 30000 ist ein hervorragender Einwegdampfer, der f\u00fcr seine hohe Kapazit\u00e4t bekannt ist. Es ist auch das neueste Modell mit verbesserten Geschmacksoptionen. Dar\u00fcber hinaus mit seiner 850mAh eingebauten Batterie, k\u00f6nnen die Benutzer die vape Erfahrung genie\u00dfen, ohne sich Gedanken \u00fcber die aus der Macht laufen.<\/p>\n<h3><strong>Dein Dampferlebnis, dein Sound<\/strong><\/h3>\n<p>Lass dich von der einzigartigen\u00a0<strong>RGB-Lichtshow<\/strong>\u00a0des\u00a0<strong>Tornado 30000<\/strong>\u00a0begeistern, die im Takt deiner Lieblingsmusik aufleuchtet. Sobald du das Musik-Feature aktivierst, verwandelt sich dein Vape-Ger\u00e4t in ein kleines Spektakel - perfekt f\u00fcr entspannte Abende oder unterwegs. Du entscheidest selbst, ob du die Lichtshow aktivierst oder ausschaltest, ganz nach deiner Stimmung.<\/p>\n<h3><strong>RandM Tornado 30000 Verbesserte Geschmacksoptionen<\/strong><\/h3>\n<p>Der Tornado 30000 verbessert auch die Geschmacksauswahl und bietet bis zu 30 Geschmacksrichtungen mit reichhaltigem, lang anhaltendem Geschmack. Mit einer so vielf\u00e4ltigen Auswahl gibt es immer eine Geschmacksrichtung, die Ihren Vorlieben entspricht.<\/p>\n<p><img loading=\"lazy\" decoding=\"async\" class=\"size-full wp-image-4919\" src=\"https:\/\/dankstarvapes.com\/wp-content\/uploads\/2024\/11\/RandM-Tornado-30000.webp\" alt=\"Randm Tornado 30000 Vapes\" width=\"1946\" height=\"1946\" title=\"\"><\/p>\n<h3><strong>Vorteile und Benutzerfreundlichkeit<\/strong><\/h3>\n<p>Der Tornado 30000 wird von Vaping-Enthusiasten wegen seiner Bequemlichkeit und Haltbarkeit bevorzugt. Im Gegensatz zu herk\u00f6mmlichen Verdampfern, die h\u00e4ufig nachgef\u00fcllt und gewartet werden m\u00fcssen, macht der Tornado 30000 diese Probleme \u00fcberfl\u00fcssig und kann weggeworfen werden, sobald er leer ist. Seine exzellente Akkulaufzeit ist f\u00fcr den ganzt\u00e4gigen Gebrauch ausgelegt und sorgt f\u00fcr ein sorgenfreies Dampferlebnis, ohne dass man sich Sorgen machen muss, dass die Energie ausgeht. In Kombination mit seiner gro\u00dfen E-Liquid-Kapazit\u00e4t \u00fcbertrifft er viele Einwegverdampfer und erm\u00f6glicht es den Benutzern, ihre Lieblingsaromen l\u00e4nger und einfacher zu genie\u00dfen.<\/p>\n<p><strong>Mehr aus unserer RandM Tornado-Serie:<\/strong><\/p>\n<p class=\"product-title product_title entry-title\">RandM Tornado 7000<\/p>\n<p class=\"product-title product_title entry-title\">RandM Tornado 9000<\/p>\n<p class=\"product-title product_title entry-title\">RandM Tornado 12000<\/p>\n<p class=\"product-title product_title entry-title\">RandM Tornado 15000<\/p>\n<p class=\"product-title product_title entry-title\">RandM Tornado 20000<\/p>\n<p class=\"product-title product_title entry-title\">RandM Tornado 25000<\/p>\n<p class=\"product-title product_title entry-title\">RandM Tornado 30000<\/p>\n<hr \/>\n<p><strong>Warum uns w\u00e4hlen?<\/strong><\/p>\n<p>Durch die Wahl der offiziellen Shop von Einweg-Vapes, k\u00f6nnen Sie viele Vorteile genie\u00dfen:<\/p>\n<ul>\n<li><strong>Offizieller Verkaufskanal:<\/strong>\u00a0Wir garantieren authentische Produkte und einen hochwertigen Service.<\/li>\n<li><strong>Gro\u00dfhandel und Einzelhandel:<\/strong>\u00a0Wir bieten flexible Einkaufsm\u00f6glichkeiten f\u00fcr Privatpersonen und Gro\u00dfh\u00e4ndler.<\/li>\n<li><strong>Qualit\u00e4tssicherung:<\/strong>\u00a0Unsere Produkte werden strengen Qualit\u00e4tspr\u00fcfungen unterzogen, um Ihre Zufriedenheit zu gew\u00e4hrleisten.<\/li>\n<li><strong>Weltweiter Versand:<\/strong>\u00a0Wir sind stolz darauf, unsere Produkte in die meisten Teile der Welt zu liefern, damit Sie unsere Produkte genie\u00dfen k\u00f6nnen, egal wo Sie sind.<\/li>\n<li><strong>Erfahrung in der Industrie:<\/strong>\u00a0Mit \u00fcber 8 Jahren Erfahrung auf dem Markt haben wir uns zu einer vertrauensw\u00fcrdigen und erstklassigen Wahl entwickelt.<\/li>\n<li><strong>Langfristige Partnerschaften:<\/strong>\u00a0Wir arbeiten auch mit lokalen Ladenbesitzern in Europa zusammen, was es uns erm\u00f6glicht, schnell auf die Bed\u00fcrfnisse des Marktes zu reagieren und die Frische unserer Produkte zu erhalten.<\/li>\n<\/ul>\n<p>Wenn Sie sich f\u00fcr unsere Einwegdampfer entscheiden, k\u00f6nnen Sie nicht nur eine Vielzahl von Geschmacksrichtungen genie\u00dfen, sondern auch eine au\u00dfergew\u00f6hnliche Dampfreise erleben. F\u00fcr weitere Informationen, besuchen Sie uns bitte <a href=\"http:\/\/dankstarvapes.com\" target=\"_blank\" rel=\"noopener\">dankstarvapes.com<\/a>!<\/p>\n<\/div>","protected":false},"excerpt":{"rendered":"<p>The RandM Tornado 30000 Music Edition is the newest addition to the renowned RandM Tornado Vape Series of 2024. Crafted for vape enthusiasts who demand quality and versatility, this advanced disposable device delivers an exceptional vaping experience with features designed to meet all your needs. 30,000 Puffs:\u00a0Enjoy up to 30,000 puffs for an uninterrupted smoking [&#8230;]","protected":false},"featured_media":1370,"comment_status":"open","ping_status":"closed","template":"","meta":[],"product_brand":[],"product_cat":[75,77,95,73,100,78,113,71,79,80,81,82,83,84,85,86,87,88,89,90,91,114,104,134,16,92],"product_tag":[],"class_list":{"0":"post-1352","1":"product","2":"type-product","3":"status-publish","4":"has-post-thumbnail","6":"product_cat-2-nicotine-disposable-vape","7":"product_cat-5-nicotine-disposable-vape","8":"product_cat-advanced-vape","9":"product_cat-big-puff-vapes","10":"product_cat-big-puff-vapes-30000","11":"product_cat-disposable-vape-near-me","12":"product_cat-disposable-vape-with-bluetooth-speaker","13":"product_cat-0-5-nicotine-vapes","14":"product_cat-disposable-vapes-in-austria","15":"product_cat-disposable-vapes-in-belgium","16":"product_cat-disposable-vapes-in-france","17":"product_cat-disposable-vapes-in-germany","18":"product_cat-disposable-vapes-in-ltaly","19":"product_cat-disposable-vapes-in-netherlands","20":"product_cat-disposable-vapes-in-norway","21":"product_cat-disposable-vapes-in-poland","22":"product_cat-disposable-vapes-in-portugal","23":"product_cat-disposable-vapes-in-spain","24":"product_cat-disposable-vapes-in-sweden","25":"product_cat-disposable-vapes-in-switzerland","26":"product_cat-disposable-vapes-in-united-states","27":"product_cat-randm-tornado-30000-puff-series","28":"product_cat-randm-tornado-vape","29":"product_cat-tornado-vape","30":"product_cat-uncategorized","31":"product_cat-vape-brands","33":"first","34":"instock","35":"shipping-taxable","36":"purchasable","37":"product-type-variable","38":"has-default-attributes"},"tiered_pricing_type":"fixed","tiered_pricing_fixed_rules":[],"tiered_pricing_product_settings":{"layout":"default","base_unit_name":{"singular":null,"plural":null},"default_variation":null},"tiered_pricing_minimum_quantity":null,"tiered_pricing_roles_data":[],"tiered_pricing_percentage_rules":[],"tiered_pricing_maximum_quantity":null,"tiered_pricing_quantity_step":null,"_links":{"self":[{"href":"https:\/\/vapsolovape.com\/de\/wp-json\/wp\/v2\/product\/1352","targetHints":{"allow":["GET"]}}],"collection":[{"href":"https:\/\/vapsolovape.com\/de\/wp-json\/wp\/v2\/product"}],"about":[{"href":"https:\/\/vapsolovape.com\/de\/wp-json\/wp\/v2\/types\/product"}],"replies":[{"embeddable":true,"href":"https:\/\/vapsolovape.com\/de\/wp-json\/wp\/v2\/comments?post=1352"}],"wp:featuredmedia":[{"embeddable":true,"href":"https:\/\/vapsolovape.com\/de\/wp-json\/wp\/v2\/media\/1370"}],"wp:attachment":[{"href":"https:\/\/vapsolovape.com\/de\/wp-json\/wp\/v2\/media?parent=1352"}],"wp:term":[{"taxonomy":"product_brand","embeddable":true,"href":"https:\/\/vapsolovape.com\/de\/wp-json\/wp\/v2\/product_brand?post=1352"},{"taxonomy":"product_cat","embeddable":true,"href":"https:\/\/vapsolovape.com\/de\/wp-json\/wp\/v2\/product_cat?post=1352"},{"taxonomy":"product_tag","embeddable":true,"href":"https:\/\/vapsolovape.com\/de\/wp-json\/wp\/v2\/product_tag?post=1352"}],"curies":[{"name":"wp","href":"https:\/\/api.w.org\/{rel}","templated":true}]}}