{"id":1811,"date":"2025-02-14T18:21:25","date_gmt":"2025-02-14T10:21:25","guid":{"rendered":"https:\/\/vapsolovape.com\/?post_type=product&#038;p=1811"},"modified":"2025-02-25T18:42:07","modified_gmt":"2025-02-25T10:42:07","slug":"wga-crystal-vape-20000-puffs-wegwerfbaren-premium-leistung","status":"publish","type":"product","link":"https:\/\/vapsolovape.com\/de\/produkt\/wga-crystal-vape-20000-puffs-wegwerfbaren-premium-leistung\/","title":{"rendered":"WGA Crystal Vape 20000 Puffs Disposable - Premium-Leistung &amp; lang anhaltende Befriedigung"},"content":{"rendered":"<div>\n<div>\n<p data-start=\"134\" data-end=\"505\">Der WGA Crystal Vape 20.000 Puffs Disposable wurde entwickelt, um mit seinen beeindruckenden Funktionen ein au\u00dfergew\u00f6hnliches Dampferlebnis zu bieten. Mit bis zu 20.000 Z\u00fcgen kombiniert dieses Ger\u00e4t Komfort, erstklassige Leistung und reichhaltigen Geschmack. Der WGA Crystal Vape eignet sich sowohl f\u00fcr Gelegenheitsdampfer als auch f\u00fcr erfahrene Enthusiasten und sorgt f\u00fcr eine reibungslose, zufriedenstellende Sitzung von Anfang bis Ende.<\/p>\n<\/div>\n<div>\n<figure id=\"attachment_6496\" aria-describedby=\"caption-attachment-6496\" style=\"width: 1500px\" class=\"wp-caption alignnone\"><img loading=\"lazy\" decoding=\"async\" class=\"wp-image-6496 size-full\" src=\"https:\/\/dankstarvapes.com\/wp-content\/uploads\/2024\/11\/WGA-Crystal-Vape-20000-Puffs-3.webp\" alt=\"WGA Crystal Vape 20000 Z\u00fcge\" width=\"1500\" height=\"650\" title=\"\"><figcaption id=\"caption-attachment-6496\" class=\"wp-caption-text\">WGA Crystal Vape 20000 Z\u00fcge<\/figcaption><\/figure>\n<\/div>\n<\/div>\n<div class=\"group\/conversation-turn relative flex w-full min-w-0 flex-col agent-turn\">\n<div class=\"flex-col gap-1 md:gap-3\">\n<div class=\"flex max-w-full flex-col flex-grow\">\n<div class=\"min-h-8 text-message flex w-full flex-col items-end gap-2 whitespace-normal break-words [.text-message+&amp;]:mt-5\" dir=\"auto\" data-message-author-role=\"assistant\" data-message-id=\"77ee3284-da5b-4e16-86ec-b3088631ec69\" data-message-model-slug=\"gpt-4o-mini\">\n<div class=\"flex w-full flex-col gap-1 empty:hidden first:pt-[3px]\">\n<div class=\"markdown prose w-full break-words dark:prose-invert light\">\n<hr \/>\n<h2><strong>Hauptmerkmale von WGA Crystal Vape 20000 Puffs Disposable<\/strong><\/h2>\n<h3><strong>1. 20.000 Puffs - Maximale Langlebigkeit<\/strong><\/h3>\n<p>Mit einer au\u00dfergew\u00f6hnlichen Kapazit\u00e4t von <strong>20.000 Z\u00fcge<\/strong>die <strong>WGA Kristall Vape<\/strong> minimiert die Notwendigkeit eines h\u00e4ufigen Austauschs und sorgt f\u00fcr ein lang anhaltendes und konsistentes Dampferlebnis.<\/p>\n<h3><strong>2. WGA Crystal Vape 20000 Puffs Dual Flavor Tank - Geschmacksflexibilit\u00e4t<\/strong><\/h3>\n<p>Genie\u00dfen Sie das Beste aus beiden Welten mit dem <strong>Dual-Aroma-Tank<\/strong>. Sie k\u00f6nnen ganz einfach zwischen zwei verschiedenen Geschmacksrichtungen wechseln, was f\u00fcr Abwechslung und Flexibilit\u00e4t sorgt - und das alles in einem einzigen Ger\u00e4t.<\/p>\n<h3><strong>3. Leistungsstarke 1200mAh wiederaufladbare Batterie<\/strong><\/h3>\n<p>Ausgestattet mit einem <strong>1200mAh wiederaufladbare Batterie<\/strong>die <strong>WGA Kristall Vape<\/strong> gew\u00e4hrleistet eine zuverl\u00e4ssige Leistung \u00fcber lange Zeit. Die <strong>Typ-C-Ladeanschluss<\/strong> erm\u00f6glicht ein schnelles und effizientes Aufladen, so dass Sie Ihr Vape immer ohne Verz\u00f6gerung genie\u00dfen k\u00f6nnen.<\/p>\n<h3><strong>4. WGA Crystal Vape 20000 Puffs 20ml vorgef\u00fcllte E-Fl\u00fcssigkeit<\/strong><\/h3>\n<p>Mit <strong>20ml e-Fl\u00fcssigkeit vorgef\u00fcllt<\/strong>die <strong>WGA Kristall Vape<\/strong> bietet reichlich Vorrat f\u00fcr ein befriedigendes Dampferlebnis. Keine Notwendigkeit f\u00fcr Nachf\u00fcllungen, genie\u00dfen Sie einfach den Komfort eines vorgef\u00fcllten Ger\u00e4t.<\/p>\n<h3><strong>5. Dual Mesh Spule Technologie<\/strong><\/h3>\n<p>Die <strong>Doppelmaschige Spulentechnologie<\/strong> verbessert die Dampfproduktion und die Geschmacksintensit\u00e4t und sorgt daf\u00fcr, dass jeder Zug einen reichen und weichen Geschmack liefert. Dieses innovative Spulensystem sorgt f\u00fcr ein erstklassiges Dampferlebnis.<\/p>\n<h3><strong>6. Optionen f\u00fcr die Nikotinst\u00e4rke - 2% &amp; 5%<\/strong><\/h3>\n<p>Die <strong>WGA Kristall Vape<\/strong> ist erh\u00e4ltlich in <strong>2%<\/strong> und <strong>5% Nikotinst\u00e4rken<\/strong>und bietet Optionen f\u00fcr unterschiedliche Vorlieben. W\u00e4hlen Sie die Stufe, die Ihren Bed\u00fcrfnissen am besten entspricht.<\/p>\n<figure id=\"attachment_6497\" aria-describedby=\"caption-attachment-6497\" style=\"width: 1020px\" class=\"wp-caption alignnone\"><img loading=\"lazy\" decoding=\"async\" class=\"wp-image-6497 size-large\" src=\"https:\/\/dankstarvapes.com\/wp-content\/uploads\/2024\/11\/WGA-Crystal-Vape-20000-Puffs-1-1400x729.webp\" alt=\"WGA Crystal Vape 20000 Z\u00fcge\" width=\"1020\" height=\"531\" title=\"\"><figcaption id=\"caption-attachment-6497\" class=\"wp-caption-text\">WGA Crystal Vape 20000 Z\u00fcge<\/figcaption><\/figure>\n<hr \/>\n<h2><strong>WGA Crystal Vape 20000 Puffs Technische Daten<\/strong><\/h2>\n<table>\n<thead>\n<tr>\n<th><strong>Spezifikation<\/strong><\/th>\n<th><strong>Einzelheiten<\/strong><\/th>\n<\/tr>\n<\/thead>\n<tbody>\n<tr>\n<td><strong>Anzahl der Puffs<\/strong><\/td>\n<td>Bis zu 20.000<\/td>\n<\/tr>\n<tr>\n<td><strong>Batteriekapazit\u00e4t<\/strong><\/td>\n<td>1200mAh (wiederaufladbar)<\/td>\n<\/tr>\n<tr>\n<td><strong>Spule Typ<\/strong><\/td>\n<td>Dual Mesh Spule<\/td>\n<\/tr>\n<tr>\n<td><strong>E-Fl\u00fcssigkeit Kapazit\u00e4t<\/strong><\/td>\n<td>20ml Vorgef\u00fcllt<\/td>\n<\/tr>\n<tr>\n<td><strong>Nikotin St\u00e4rken<\/strong><\/td>\n<td>2% &amp; 5%<\/td>\n<\/tr>\n<tr>\n<td><strong>Geschmacksoptionen<\/strong><\/td>\n<td>Dual Flavor Tank<\/td>\n<\/tr>\n<tr>\n<td><strong>Ladeanschluss<\/strong><\/td>\n<td>Typ-C<\/td>\n<\/tr>\n<\/tbody>\n<\/table>\n<hr \/>\n<h3><strong>Warum WGA Crystal Vape 20000 Puffs Disposable w\u00e4hlen?<\/strong><\/h3>\n<p>Die <strong>WGA Crystal Vape 20000 Puffs Einwegartikel<\/strong> wurde f\u00fcr Dampfer entwickelt, die Vielseitigkeit und hohe Leistung w\u00fcnschen. Mit einer <strong>Dual-Aroma-Tank<\/strong>, a <strong>lang anhaltende Puffzahl<\/strong>und eine <strong>wiederaufladbare Batterie<\/strong>bietet dieses Ger\u00e4t den ultimativen Verdampfungskomfort. Genie\u00dfen Sie eine glatte und befriedigende Erfahrung mit dem <strong>Doppelmaschige Spulentechnologie<\/strong>perfekt f\u00fcr jeden Enthusiasten.<\/p>\n<hr \/>\n<h3><strong>Schlank, bequem und hochwertig<\/strong><\/h3>\n<p>Die <strong>WGA Crystal Vape 20000 Puffs Einwegartikel<\/strong> ist nicht einfach ein weiterer Einweg-Vaporizer. Sein <strong>schlankes Design<\/strong>, <strong>Duale Geschmacksoptionen<\/strong>und <strong>langanhaltende Leistung<\/strong> heben ihn von den anderen ab. Es ist die perfekte Wahl f\u00fcr alle, die sowohl Qualit\u00e4t als auch Komfort verlangen.<\/p>\n<hr \/>\n<h2><strong>Probieren Sie die WGA Crystal Vape 20000 Puffs Disposable heute<\/strong><\/h2>\n<p>Geben Sie sich nicht mit dem Gew\u00f6hnlichen zufrieden. Erleben Sie das <strong>WGA Crystal Vape 20000 Puffs Einwegartikel<\/strong> und heben Sie Ihr Vaping-Spiel auf neue H\u00f6hen. Mit seinem <strong>Spitzenleistung<\/strong>, <strong>Dual-Aroma-Tank<\/strong>und <strong>lang anhaltender Hauch<\/strong>Er ist die perfekte Erg\u00e4nzung f\u00fcr die Sammlung eines jeden Vapers. Holen Sie sich Ihre jetzt und genie\u00dfen Sie die ultimative vaping Erfahrung!<\/p>\n<p><strong>Warum uns w\u00e4hlen?<\/strong><\/p>\n<p>Durch die Wahl der offiziellen Shop von Einweg-Vapes, k\u00f6nnen Sie viele Vorteile genie\u00dfen:<\/p>\n<ul>\n<li><strong>Offizieller Verkaufskanal:<\/strong>\u00a0Wir garantieren authentische Produkte und einen hochwertigen Service.<\/li>\n<li><strong>Gro\u00dfhandel und Einzelhandel:<\/strong>\u00a0Wir bieten flexible Einkaufsm\u00f6glichkeiten f\u00fcr Privatpersonen und Gro\u00dfh\u00e4ndler.<\/li>\n<li><strong>Qualit\u00e4tssicherung:<\/strong>\u00a0Unsere Produkte werden strengen Qualit\u00e4tspr\u00fcfungen unterzogen, um Ihre Zufriedenheit zu gew\u00e4hrleisten.<\/li>\n<li><strong>Weltweiter Versand:<\/strong>\u00a0Wir sind stolz darauf, unsere Produkte in die meisten Teile der Welt zu liefern, damit Sie unsere Produkte genie\u00dfen k\u00f6nnen, egal wo Sie sind.<\/li>\n<li><strong>Erfahrung in der Industrie:<\/strong>\u00a0Mit \u00fcber 8 Jahren Erfahrung auf dem Markt haben wir uns zu einer vertrauensw\u00fcrdigen und erstklassigen Wahl entwickelt.<\/li>\n<li><strong>Langfristige Partnerschaften:<\/strong>\u00a0Wir arbeiten auch mit lokalen Ladenbesitzern in Europa zusammen, was es uns erm\u00f6glicht, schnell auf die Bed\u00fcrfnisse des Marktes zu reagieren und die Frische unserer Produkte zu erhalten.<\/li>\n<\/ul>\n<p>Wenn Sie sich f\u00fcr unsere Einwegdampfer entscheiden, k\u00f6nnen Sie nicht nur eine Vielzahl von Geschmacksrichtungen genie\u00dfen, sondern auch eine au\u00dfergew\u00f6hnliche Dampfreise erleben. F\u00fcr weitere Informationen, besuchen Sie uns bitte <a href=\"http:\/\/dankstarvapes.com\" target=\"_blank\" rel=\"noopener\">dankstarvapes.com<\/a>!<\/p>\n<\/div>\n<\/div>\n<\/div>\n<\/div>\n<\/div>\n<\/div>","protected":false},"excerpt":{"rendered":"<p>The WGA Crystal Vape 20,000 Puffs Disposable is engineered to deliver an exceptional vaping experience with its impressive features. Offering up to 20,000 puffs, this device combines convenience, top-tier performance, and rich flavor. Perfect for both casual vapers and seasoned enthusiasts, the WGA Crystal Vape ensures a smooth, satisfying session from start to finish. Key [&#8230;]","protected":false},"featured_media":1832,"comment_status":"open","ping_status":"closed","template":"","meta":[],"product_brand":[],"product_cat":[75,102,77,95,73,133,78,96,71,79,80,81,82,83,84,85,86,87,88,89,90,91,16,92,117],"product_tag":[],"class_list":{"0":"post-1811","1":"product","2":"type-product","3":"status-publish","4":"has-post-thumbnail","6":"product_cat-2-nicotine-disposable-vape","7":"product_cat-20000-20k-puff-vape","8":"product_cat-5-nicotine-disposable-vape","9":"product_cat-advanced-vape","10":"product_cat-big-puff-vapes","11":"product_cat-crystal-vape","12":"product_cat-disposable-vape-near-me","13":"product_cat-disposable-vape-with-led-light","14":"product_cat-0-5-nicotine-vapes","15":"product_cat-disposable-vapes-in-austria","16":"product_cat-disposable-vapes-in-belgium","17":"product_cat-disposable-vapes-in-france","18":"product_cat-disposable-vapes-in-germany","19":"product_cat-disposable-vapes-in-ltaly","20":"product_cat-disposable-vapes-in-netherlands","21":"product_cat-disposable-vapes-in-norway","22":"product_cat-disposable-vapes-in-poland","23":"product_cat-disposable-vapes-in-portugal","24":"product_cat-disposable-vapes-in-spain","25":"product_cat-disposable-vapes-in-sweden","26":"product_cat-disposable-vapes-in-switzerland","27":"product_cat-disposable-vapes-in-united-states","28":"product_cat-uncategorized","29":"product_cat-vape-brands","30":"product_cat-wga-crystal-vape","32":"first","33":"instock","34":"shipping-taxable","35":"purchasable","36":"product-type-variable","37":"has-default-attributes"},"tiered_pricing_type":"fixed","tiered_pricing_fixed_rules":[],"tiered_pricing_product_settings":{"layout":"default","base_unit_name":{"singular":null,"plural":null},"default_variation":null},"tiered_pricing_minimum_quantity":null,"tiered_pricing_roles_data":[],"tiered_pricing_percentage_rules":[],"tiered_pricing_maximum_quantity":null,"tiered_pricing_quantity_step":null,"_links":{"self":[{"href":"https:\/\/vapsolovape.com\/de\/wp-json\/wp\/v2\/product\/1811","targetHints":{"allow":["GET"]}}],"collection":[{"href":"https:\/\/vapsolovape.com\/de\/wp-json\/wp\/v2\/product"}],"about":[{"href":"https:\/\/vapsolovape.com\/de\/wp-json\/wp\/v2\/types\/product"}],"replies":[{"embeddable":true,"href":"https:\/\/vapsolovape.com\/de\/wp-json\/wp\/v2\/comments?post=1811"}],"wp:featuredmedia":[{"embeddable":true,"href":"https:\/\/vapsolovape.com\/de\/wp-json\/wp\/v2\/media\/1832"}],"wp:attachment":[{"href":"https:\/\/vapsolovape.com\/de\/wp-json\/wp\/v2\/media?parent=1811"}],"wp:term":[{"taxonomy":"product_brand","embeddable":true,"href":"https:\/\/vapsolovape.com\/de\/wp-json\/wp\/v2\/product_brand?post=1811"},{"taxonomy":"product_cat","embeddable":true,"href":"https:\/\/vapsolovape.com\/de\/wp-json\/wp\/v2\/product_cat?post=1811"},{"taxonomy":"product_tag","embeddable":true,"href":"https:\/\/vapsolovape.com\/de\/wp-json\/wp\/v2\/product_tag?post=1811"}],"curies":[{"name":"wp","href":"https:\/\/api.w.org\/{rel}","templated":true}]}}