{"id":1853,"date":"2025-02-14T18:21:44","date_gmt":"2025-02-14T10:21:44","guid":{"rendered":"https:\/\/vapsolovape.com\/?post_type=product&#038;p=1853"},"modified":"2025-02-25T18:11:38","modified_gmt":"2025-02-25T10:11:38","slug":"wga-kristall-pro-max-extra-15000-zuge-30-aromen-vape","status":"publish","type":"product","link":"https:\/\/vapsolovape.com\/de\/produkt\/wga-kristall-pro-max-extra-15000-zuge-30-aromen-vape\/","title":{"rendered":"WGA Crystal Pro Max 15000 Puffs - 30 Geschmacksoptionen f\u00fcr ein ultimatives Vaping-Erlebnis"},"content":{"rendered":"<p data-start=\"139\" data-end=\"547\">Der WGA Crystal Pro Max Extra 15.000 Puffs Disposable Vape ist f\u00fcr ein au\u00dfergew\u00f6hnliches Dampferlebnis konzipiert. Mit 30 einzigartigen Aromen und einer bemerkenswerten 15.000 Puffs, ist dieses Ger\u00e4t f\u00fcr diejenigen, die maximale Zufriedenheit aus ihren Sitzungen gebaut. Der WGA Crystal Pro Max Extra bietet erstklassige Leistung und Komfort und sorgt f\u00fcr ein reibungsloses, angenehmes Dampferlebnis f\u00fcr Gelegenheitsnutzer und erfahrene Enthusiasten gleicherma\u00dfen.<\/p>\n<figure id=\"attachment_6540\" aria-describedby=\"caption-attachment-6540\" style=\"width: 1024px\" class=\"wp-caption alignnone\"><img loading=\"lazy\" decoding=\"async\" class=\"wp-image-6540 size-full\" src=\"https:\/\/dankstarvapes.com\/wp-content\/uploads\/2024\/11\/4_WGA-Vape-Crystal-Pro.webp\" alt=\"4_WGA-Vape-Kristall-Pro\" width=\"1024\" height=\"418\" title=\"\"><figcaption id=\"caption-attachment-6540\" class=\"wp-caption-text\">WGA Crystal Pro Max<\/figcaption><\/figure>\n<h2><strong>Die wichtigsten Eigenschaften von WGA Crystal Pro Max Extra 15000 Puffs Disposable Vape<\/strong><\/h2>\n<h3><strong>1. 15.000 Puffs - Verl\u00e4ngerter Vaping-Genuss<\/strong><\/h3>\n<p>Mit einer beeindruckenden Kapazit\u00e4t von 15.000 Z\u00fcgen sorgt der WGA Crystal Pro Max Extra f\u00fcr ein langanhaltendes Dampferlebnis, reduziert die Notwendigkeit des h\u00e4ufigen Austauschs und bietet Ihnen gleichbleibenden Genuss \u00fcber einen l\u00e4ngeren Zeitraum.<\/p>\n<h3><strong>2. 30 Geschmacksoptionen - unendliche Vielfalt<\/strong><\/h3>\n<p>Genie\u00dfen Sie eine unglaubliche Auswahl von 30 einzigartigen Geschmacksrichtungen, die von fruchtigen Mischungen bis hin zu erfrischenden Menthols reichen. Mit Optionen wie Watermelon Ice, Gummy Bear und Blueberry Raspberry bietet die WGA Crystal Pro Max Extra etwas f\u00fcr jede Geschmacksvorliebe.<\/p>\n<ul>\n<li>Wassermelone Eis<\/li>\n<li>Gummib\u00e4rchen<\/li>\n<li>Blaues Razzeis<\/li>\n<li>Kegeln<\/li>\n<li>Saftiger Pfirsich<\/li>\n<li>WGA Rosa<\/li>\n<li>Bananeneis<\/li>\n<li>Hubba Bubba<\/li>\n<li>Mogu Mogu Lychee<\/li>\n<li>Oase Slush<\/li>\n<li>Heidelbeere-Himbeere<\/li>\n<li>Zitrone-Limette<\/li>\n<li>Herr Blau<\/li>\n<li>Kirsche Eis<\/li>\n<li>Dreifache Mango<\/li>\n<li>Himbeer-Kirsch-Eis<\/li>\n<li>Sommertraum<\/li>\n<li>Frische Minze<\/li>\n<li>Erdbeer-Eis am Stiel<\/li>\n<li>WGA-Blau<\/li>\n<li>Kirsche mit Kohlens\u00e4ure<\/li>\n<li>Erdbeereis<\/li>\n<li>Blaubeere-Sauer-Himbeere<\/li>\n<li>Heidelbeere Kirsche Cranberry<\/li>\n<li>Ananaseis<\/li>\n<li>Erdbeere-Kirsche-Kaugummi<\/li>\n<li>Erdbeer-Himbeer-Kirsch-Eis<\/li>\n<li>Brombeere Heidelbeere Himbeere<\/li>\n<li>Heidelbeer-Eis am Stiel<\/li>\n<li>Prime Strawberry Watermelon (Erdbeer-Wassermelone)<\/li>\n<\/ul>\n<figure id=\"attachment_6544\" aria-describedby=\"caption-attachment-6544\" style=\"width: 1000px\" class=\"wp-caption alignnone\"><img loading=\"lazy\" decoding=\"async\" class=\"wp-image-6544 size-full\" src=\"https:\/\/dankstarvapes.com\/wp-content\/uploads\/2024\/11\/5_wga_2_1200x1200.webp\" alt=\"WGA Crystal Pro Max\" width=\"1000\" height=\"488\" title=\"\"><figcaption id=\"caption-attachment-6544\" class=\"wp-caption-text\">WGA Crystal Pro Max<\/figcaption><\/figure>\n<h3><strong>3. Erweiterte dreilagige Mesh-Spule f\u00fcr hervorragenden Geschmack<\/strong><\/h3>\n<p>Der WGA Crystal Pro Max Extra verf\u00fcgt \u00fcber eine fortschrittliche dreilagige Mesh-Spule, die die Geschmacksabgabe und die Dampfproduktion verbessert und sicherstellt, dass jeder Zug reichhaltig, weich und befriedigend ist.<\/p>\n<h3><strong>4.WGA Crystal Pro Max Einstellbare Airflow - Personalisierte Vaping<\/strong><\/h3>\n<p>Passen Sie Ihr Dampferlebnis mit der einstellbaren Airflow-Funktion an. Egal, ob Du einen festeren Zug oder einen offeneren, luftigeren Zug bevorzugst, Du kannst den Luftstrom einfach an Deine pers\u00f6nlichen Vorlieben anpassen.<\/p>\n<h3><strong>5. Wiederaufladbarer 650mAh-Akku - Lang anhaltende Leistung<\/strong><\/h3>\n<p>Ausgestattet mit einem wiederaufladbaren 650-mAh-Akku sorgt der WGA Crystal 15000 Extra f\u00fcr zuverl\u00e4ssige Leistung und lange Nutzungsdauer. Der Typ-C-Ladeanschluss erm\u00f6glicht ein schnelles Aufladen, sodass Sie immer mit Strom versorgt sind.<\/p>\n<h3><strong>6.WGA Crystal Pro Max Kristallklares, auslaufsicheres Design<\/strong><\/h3>\n<p>Die WGA Crystal Pro 15000 Extra hat ein kristallklares \u00c4u\u00dferes, das nicht nur elegant aussieht, sondern auch eine auslaufsichere Struktur bietet, so dass sie leicht zu transportieren ist und Sie sich w\u00e4hrend Ihrer Vaping-Sessions keine Sorgen machen m\u00fcssen.<\/p>\n<h2><strong>Technische Daten<\/strong><\/h2>\n<table>\n<thead>\n<tr>\n<th>Spezifikation<\/th>\n<th>Einzelheiten<\/th>\n<\/tr>\n<\/thead>\n<tbody>\n<tr>\n<td>Anzahl der Puffs<\/td>\n<td>Bis zu 15.000<\/td>\n<\/tr>\n<tr>\n<td>Batteriekapazit\u00e4t<\/td>\n<td>650mAh (wiederaufladbar)<\/td>\n<\/tr>\n<tr>\n<td>Spule Typ<\/td>\n<td>Dreilagige Maschenspule<\/td>\n<\/tr>\n<tr>\n<td>E-Fl\u00fcssigkeit Kapazit\u00e4t<\/td>\n<td>Vorgef\u00fcllt (verschiedene Geschmacksrichtungen)<\/td>\n<\/tr>\n<tr>\n<td>Ladeanschluss<\/td>\n<td>Typ-C<\/td>\n<\/tr>\n<tr>\n<td>Einstellbarer Luftstrom<\/td>\n<td>Ja<\/td>\n<\/tr>\n<\/tbody>\n<\/table>\n<h2><strong>Warum w\u00e4hlen Sie WGA Crystal Pro Max Extra 15000 Puffs Disposable Vape?<\/strong><\/h2>\n<p>Der WGA Crystal Extra 15000 Puffs Disposable Vape ist perfekt f\u00fcr Dampfer, die Leistung und Vielfalt verlangen. Mit einer Auswahl von 30 k\u00f6stlichen Geschmacksrichtungen, einer langen Lebensdauer von 15.000 Z\u00fcgen und einem wiederaufladbaren Akku garantiert dieses Ger\u00e4t das beste Dampferlebnis. Ob Sie ein Gelegenheitsdampfer oder ein erfahrener Enthusiast sind, der WGA Crystal 15000 Extra bietet sowohl Qualit\u00e4t als auch Komfort.<\/p>\n<h2><strong>Schlank, bequem und hochwertig<\/strong><\/h2>\n<p>Der WGA Crystal Pro Max Extra hebt sich von anderen Einwegverdampfern durch sein stilvolles Design, seine erstklassigen Eigenschaften und seine gro\u00dfe Puffkapazit\u00e4t ab. Mit seinem einstellbaren Luftstrom und der hervorragenden Geschmacksabgabe ist er die ultimative Wahl f\u00fcr alle, die ein au\u00dfergew\u00f6hnliches Dampferlebnis suchen.<\/p>\n<h2><strong>Probieren Sie die WGA Crystal Pro Max Extra 15000 Puffs Disposable Vape heute<\/strong><\/h2>\n<p>Erh\u00f6hen Sie Ihr Dampferlebnis mit dem WGA Crystal Pro Max Extra. Mit seinen 30 Geschmacksoptionen, einer langen Lebensdauer von 15.000 Z\u00fcgen und seiner fortschrittlichen Technologie ist er das perfekte Ger\u00e4t f\u00fcr alle, die ein sanftes und befriedigendes Dampferlebnis w\u00fcnschen. Holen Sie sich Ihr Ger\u00e4t jetzt und genie\u00dfen Sie das ultimative Dampferlebnis!<\/p>\n<p><strong>Warum uns w\u00e4hlen?<\/strong><\/p>\n<p>Durch die Wahl der offiziellen Shop von Einweg-Vapes, k\u00f6nnen Sie viele Vorteile genie\u00dfen:<\/p>\n<ul>\n<li><strong>Offizieller Verkaufskanal:<\/strong>\u00a0Wir garantieren authentische Produkte und einen hochwertigen Service.<\/li>\n<li><strong>Gro\u00dfhandel und Einzelhandel:<\/strong>\u00a0Wir bieten flexible Einkaufsm\u00f6glichkeiten f\u00fcr Privatpersonen und Gro\u00dfh\u00e4ndler.<\/li>\n<li><strong>Qualit\u00e4tssicherung:<\/strong>\u00a0Unsere Produkte werden strengen Qualit\u00e4tspr\u00fcfungen unterzogen, um Ihre Zufriedenheit zu gew\u00e4hrleisten.<\/li>\n<li><strong>Weltweiter Versand:<\/strong>\u00a0Wir sind stolz darauf, unsere Produkte in die meisten Teile der Welt zu liefern, damit Sie unsere Produkte genie\u00dfen k\u00f6nnen, egal wo Sie sind.<\/li>\n<li><strong>Erfahrung in der Industrie:<\/strong>\u00a0Mit \u00fcber 8 Jahren Erfahrung auf dem Markt haben wir uns zu einer vertrauensw\u00fcrdigen und erstklassigen Wahl entwickelt.<\/li>\n<li><strong>Langfristige Partnerschaften:<\/strong>\u00a0Wir arbeiten auch mit lokalen Ladenbesitzern in Europa zusammen, was es uns erm\u00f6glicht, schnell auf die Bed\u00fcrfnisse des Marktes zu reagieren und die Frische unserer Produkte zu erhalten.<\/li>\n<\/ul>\n<p>Wenn Sie sich f\u00fcr unsere Einwegdampfer entscheiden, k\u00f6nnen Sie nicht nur eine Vielzahl von Geschmacksrichtungen genie\u00dfen, sondern auch eine au\u00dfergew\u00f6hnliche Dampfreise erleben. F\u00fcr weitere Informationen, besuchen Sie uns bitte <a href=\"http:\/\/dankstarvapes.com\" target=\"_blank\" rel=\"noopener\">dankstarvapes.com<\/a>!<\/p>","protected":false},"excerpt":{"rendered":"<p>The WGA Crystal Pro Max Extra 15,000 Puffs Disposable Vape is designed for an extraordinary vaping experience. With 30 unique flavors and a remarkable 15,000 puffs, this device is built for those seeking maximum satisfaction from their sessions. Offering premium performance and convenience, the WGA Crystal Pro Max Extra ensures smooth, enjoyable vaping for both [&#8230;]","protected":false},"featured_media":1866,"comment_status":"open","ping_status":"closed","template":"","meta":[],"product_brand":[],"product_cat":[94,95,73,133,78,96,97,71,79,80,81,82,83,84,85,86,87,88,89,90,91,16,92,117],"product_tag":[],"class_list":{"0":"post-1853","1":"product","2":"type-product","3":"status-publish","4":"has-post-thumbnail","6":"product_cat-15000-15k-puff-vape","7":"product_cat-advanced-vape","8":"product_cat-big-puff-vapes","9":"product_cat-crystal-vape","10":"product_cat-disposable-vape-near-me","11":"product_cat-disposable-vape-with-led-light","12":"product_cat-disposable-vape-with-screen","13":"product_cat-0-5-nicotine-vapes","14":"product_cat-disposable-vapes-in-austria","15":"product_cat-disposable-vapes-in-belgium","16":"product_cat-disposable-vapes-in-france","17":"product_cat-disposable-vapes-in-germany","18":"product_cat-disposable-vapes-in-ltaly","19":"product_cat-disposable-vapes-in-netherlands","20":"product_cat-disposable-vapes-in-norway","21":"product_cat-disposable-vapes-in-poland","22":"product_cat-disposable-vapes-in-portugal","23":"product_cat-disposable-vapes-in-spain","24":"product_cat-disposable-vapes-in-sweden","25":"product_cat-disposable-vapes-in-switzerland","26":"product_cat-disposable-vapes-in-united-states","27":"product_cat-uncategorized","28":"product_cat-vape-brands","29":"product_cat-wga-crystal-vape","31":"first","32":"instock","33":"shipping-taxable","34":"purchasable","35":"product-type-variable","36":"has-default-attributes"},"tiered_pricing_type":"fixed","tiered_pricing_fixed_rules":[],"tiered_pricing_product_settings":{"layout":"default","base_unit_name":{"singular":null,"plural":null},"default_variation":null},"tiered_pricing_minimum_quantity":null,"tiered_pricing_roles_data":[],"tiered_pricing_percentage_rules":[],"tiered_pricing_maximum_quantity":null,"tiered_pricing_quantity_step":null,"_links":{"self":[{"href":"https:\/\/vapsolovape.com\/de\/wp-json\/wp\/v2\/product\/1853","targetHints":{"allow":["GET"]}}],"collection":[{"href":"https:\/\/vapsolovape.com\/de\/wp-json\/wp\/v2\/product"}],"about":[{"href":"https:\/\/vapsolovape.com\/de\/wp-json\/wp\/v2\/types\/product"}],"replies":[{"embeddable":true,"href":"https:\/\/vapsolovape.com\/de\/wp-json\/wp\/v2\/comments?post=1853"}],"wp:featuredmedia":[{"embeddable":true,"href":"https:\/\/vapsolovape.com\/de\/wp-json\/wp\/v2\/media\/1866"}],"wp:attachment":[{"href":"https:\/\/vapsolovape.com\/de\/wp-json\/wp\/v2\/media?parent=1853"}],"wp:term":[{"taxonomy":"product_brand","embeddable":true,"href":"https:\/\/vapsolovape.com\/de\/wp-json\/wp\/v2\/product_brand?post=1853"},{"taxonomy":"product_cat","embeddable":true,"href":"https:\/\/vapsolovape.com\/de\/wp-json\/wp\/v2\/product_cat?post=1853"},{"taxonomy":"product_tag","embeddable":true,"href":"https:\/\/vapsolovape.com\/de\/wp-json\/wp\/v2\/product_tag?post=1853"}],"curies":[{"name":"wp","href":"https:\/\/api.w.org\/{rel}","templated":true}]}}