{"id":2069,"date":"2025-02-14T18:23:04","date_gmt":"2025-02-14T10:23:04","guid":{"rendered":"https:\/\/vapsolovape.com\/?post_type=product&#038;p=2069"},"modified":"2025-02-25T15:18:12","modified_gmt":"2025-02-25T07:18:12","slug":"aupo-vape-15000-puffs-pro-max-dual-mesh-wiederaufladbar-vape","status":"publish","type":"product","link":"https:\/\/vapsolovape.com\/de\/produkt\/aupo-vape-15000-puffs-pro-max-dual-mesh-wiederaufladbar-vape\/","title":{"rendered":"AUPO Vape 15.000 Puffs PRO MAX - Dual Mesh, wiederaufladbare Power f\u00fcr ultimativen Geschmack"},"content":{"rendered":"<p data-start=\"140\" data-end=\"484\">Der AUPO Vape 15.000 Puffs PRO MAX hebt Ihr Dampferlebnis mit modernsten Funktionen und \u00fcberlegener Leistung auf ein neues Niveau. Aufbauend auf dem Erfolg des originalen AUPO Vape 15.000 Puffs, bietet dieser Premium-Einwegdampfer eine verbesserte Technologie, eine l\u00e4ngere Nutzungsdauer und einen intensiveren Geschmack, der den ultimativen Dampferfolg bietet.<\/p>\n<figure id=\"attachment_6829\" aria-describedby=\"caption-attachment-6829\" style=\"width: 1024px\" class=\"wp-caption alignnone\"><img loading=\"lazy\" decoding=\"async\" class=\"wp-image-6829 size-full\" src=\"https:\/\/dankstarvapes.com\/wp-content\/uploads\/2024\/11\/AUPO-15000-Puffs-PRO-MAX-Crystal-Dual-Mesh-18.webp\" alt=\"AUPO Vape 15000 Puffs PRO MAX\" width=\"1024\" height=\"1024\" title=\"\"><figcaption id=\"caption-attachment-6829\" class=\"wp-caption-text\">AUPO Vape 15000 Puffs PRO MAX<\/figcaption><\/figure>\n<hr \/>\n<h3><strong>Hauptmerkmale von AUPO Vape 15000 Puffs PRO MAX<\/strong><\/h3>\n<p>Die <strong>AUPO Vape 15000 Puffs PRO MAX<\/strong> bietet mehrere wichtige Verbesserungen gegen\u00fcber der urspr\u00fcnglichen Version und ist damit die ideale Wahl f\u00fcr Dampfer, die sowohl Leistung als auch Komfort w\u00fcnschen.<\/p>\n<h4><strong>1. Dual Mesh Coil Technologie<\/strong><\/h4>\n<p>Eines der herausragenden Upgrades im <strong>PRO MAX<\/strong> ist die <strong>Doppelmaschiges Spulensystem<\/strong>. Mit einem Widerstand von <strong>0.95\u03a9<\/strong>Die Dual Mesh Coils erm\u00f6glichen eine effizientere Verdampfung und sorgen f\u00fcr weichere, dichtere Wolken mit verbessertem Geschmack. Diese innovative Technologie maximiert die Geschmacksabgabe und sorgt f\u00fcr ein konsistentes Erlebnis mit jedem Zug.<\/p>\n<h4><strong>2. Gr\u00f6\u00dfere E-Liquid Kapazit\u00e4t (20ml)<\/strong><\/h4>\n<p>Die <strong>AUPO Vape 15000 Puffs PRO MAX<\/strong> verf\u00fcgt \u00fcber ein gro\u00dfz\u00fcgiges <strong>20ml e-Fl\u00fcssigkeit Kapazit\u00e4t<\/strong>ist ein Upgrade von der kleineren Tankgr\u00f6\u00dfe des Originals. Diese Erh\u00f6hung erm\u00f6glicht es Ihnen, l\u00e4ngere Vaping-Sitzungen zu genie\u00dfen, ohne sich um h\u00e4ufiges Nachf\u00fcllen k\u00fcmmern zu m\u00fcssen, und bietet ein ununterbrochenes Erlebnis bis zu <strong>15.000 Z\u00fcge<\/strong>.<\/p>\n<h4><strong>3. Wiederaufladbare 600mAh Batterie<\/strong><\/h4>\n<p>Anders als das urspr\u00fcngliche Modell ist die <strong>PRO MAX<\/strong> kommt mit einem <strong>600mAh wiederaufladbare Batterie<\/strong> das unterst\u00fctzt <strong>Typ-C-Schnellladung<\/strong>. Das bedeutet, dass Sie l\u00e4nger dampfen k\u00f6nnen, ohne das Ger\u00e4t austauschen zu m\u00fcssen. Laden Sie es einfach auf, und Sie sind wieder einsatzbereit! Die wiederaufladbare Funktion macht auch die <strong>PRO MAX<\/strong> umweltfreundlicher, da er weniger Abfall produziert und gleichzeitig eine lange Nutzungsdauer aufweist.<\/p>\n<h4><strong>4. Kompaktes und tragbares Design<\/strong><\/h4>\n<p>Die <strong>AUPO Vape 15000 Puffs PRO MAX<\/strong> ist leicht und tragbar und wiegt nur <strong>110.75g<\/strong>. Sein schlankes Design macht es einfach, unterwegs zu tragen, perfekt f\u00fcr Dampfer, die ein zuverl\u00e4ssiges Ger\u00e4t brauchen, das immer bereit ist, wenn Sie sind.<\/p>\n<hr \/>\n<h3><strong>Geschmacksauswahl - Neue und verbesserte Auswahlm\u00f6glichkeiten<\/strong><\/h3>\n<p>Genau wie das Original ist die <strong>PRO MAX<\/strong> gibt es in einer gro\u00dfen Auswahl an k\u00f6stlichen Geschmacksrichtungen. Allerdings ist die <strong>PRO MAX<\/strong> Geschmacksrichtung wurde entwickelt, um noch mehr Vielfalt zu bieten und auch die anspruchsvollsten Raucher zufrieden zu stellen.<\/p>\n<ul>\n<li><strong>Blaubeere-Sauer-Himbeere<\/strong>: Eine k\u00f6stliche Mischung aus s\u00fc\u00dfer Blaubeere und spritziger Himbeere f\u00fcr einen fruchtig-s\u00e4uerlichen Genuss.<\/li>\n<li><strong>Blue Razz Limonade<\/strong>: Eine erfrischende Kombination aus blauen Himbeeren und spritziger Limonade f\u00fcr ein s\u00fc\u00dfes, zitrusartiges Vape.<\/li>\n<li><strong>Pfirsich-Mango<\/strong>: Eine tropische Verschmelzung von saftigen Pfirsichen und reifen Mangos f\u00fcr ein k\u00f6stlich weiches Dampferlebnis.<\/li>\n<li><strong>Ananas Pfirsich Mango<\/strong>: Eine tropische Explosion von Ananas-, Pfirsich- und Mangogeschmack, die Sie mit jedem Zug in ein exotisches Paradies entf\u00fchrt.<\/li>\n<li><strong>Kaugummi<\/strong>: Nostalgischer Kaugummigeschmack f\u00fcr ein s\u00fc\u00dfes, kaubares Erlebnis.<\/li>\n<li><strong>Kiwi Passionsfrucht Guave<\/strong>: Eine erfrischende tropische Mischung aus Kiwi, Passionsfrucht und Guave f\u00fcr ein abenteuerliches Vape.<\/li>\n<\/ul>\n<hr \/>\n<h3><strong>Warum 15000 Puffs PRO MAX w\u00e4hlen?<\/strong><\/h3>\n<h4><strong>Erweiterte Nutzung<\/strong><\/h4>\n<p>Mit seinem <strong>20ml e-Fl\u00fcssigkeit Kapazit\u00e4t<\/strong> und <strong>15.000 Z\u00fcge<\/strong>die <strong>AUPO Vape 15000 Puffs PRO MAX<\/strong> bietet ein erweitertes Dampferlebnis. Die <strong>Doppelmaschige Spulentechnologie<\/strong> sorgt daf\u00fcr, dass jeder Hauch so schmackhaft ist wie der letzte, w\u00e4hrend die <strong>wiederaufladbare Batterie<\/strong> verringert die Notwendigkeit eines h\u00e4ufigen Austauschs.<\/p>\n<h4><strong>Sanfter und intensiver Geschmack<\/strong><\/h4>\n<p>Die <strong>Doppelmaschige Spulentechnologie<\/strong> im <strong>PRO MAX<\/strong> produziert einen dichteren Dampf mit einem volleren, reicheren Geschmack, der jeden Zug angenehmer macht. Egal, ob Sie ein Fan von fruchtigen Mischungen, Menthol oder etwas S\u00fc\u00dferem sind, der <strong>PRO MAX<\/strong> bietet jedes Mal ein befriedigendes Dampferlebnis.<\/p>\n<h4><strong>Umweltfreundlich und bequem<\/strong><\/h4>\n<p>Die <strong>wiederaufladbar<\/strong> Natur des <strong>AUPO Vape 15000 Puffs PRO MAX<\/strong> reduziert den Abfall und ist damit eine nachhaltigere Option. Au\u00dferdem ist die <strong>Typ-C-Ladeanschluss<\/strong> erm\u00f6glicht ein schnelles Aufladen und sorgt f\u00fcr minimale Ausfallzeiten und maximale Zufriedenheit.<\/p>\n<h4><strong>Perfekt f\u00fcr Gro\u00dfhandel und Einzelhandel<\/strong><\/h4>\n<p>F\u00fcr Einzelh\u00e4ndler ist die <strong>AUPO Vape 15000 Puffs PRO MAX<\/strong> bietet eine hervorragende Gelegenheit f\u00fcr Gro\u00dfeink\u00e4ufe. Mit <strong>hochwertige Konstruktion<\/strong>, <strong>wettbewerbsf\u00e4hige Preisgestaltung<\/strong>und eine <strong>gro\u00dfe E-Liquid-Kapazit\u00e4t<\/strong>wird dieses Produkt den Anspr\u00fcchen Ihrer Kunden sicher gerecht.<\/p>\n<hr \/>\n<h3><strong>AUPO Vape 15000 Puffs PRO MAX Spezifikationen<\/strong><\/h3>\n<table>\n<thead>\n<tr>\n<th>Merkmal<\/th>\n<th>Spezifikation<\/th>\n<\/tr>\n<\/thead>\n<tbody>\n<tr>\n<td><strong>Anzahl der Puffs<\/strong><\/td>\n<td>Bis zu 15.000 Z\u00fcge<\/td>\n<\/tr>\n<tr>\n<td><strong>E-Liquid Kapazit\u00e4t<\/strong><\/td>\n<td>20ml<\/td>\n<\/tr>\n<tr>\n<td><strong>Spule Typ<\/strong><\/td>\n<td>Doppelte Masche, 0,95\u03a9<\/td>\n<\/tr>\n<tr>\n<td><strong>Batteriekapazit\u00e4t<\/strong><\/td>\n<td>600mAh, wiederaufladbar \u00fcber Typ-C<\/td>\n<\/tr>\n<tr>\n<td><strong>Ger\u00e4t Gewicht<\/strong><\/td>\n<td>110.75g<\/td>\n<\/tr>\n<tr>\n<td><strong>Abmessungen<\/strong><\/td>\n<td>Kompaktes und tragbares Design<\/td>\n<\/tr>\n<\/tbody>\n<\/table>\n<figure id=\"attachment_6830\" aria-describedby=\"caption-attachment-6830\" style=\"width: 1500px\" class=\"wp-caption alignnone\"><img loading=\"lazy\" decoding=\"async\" class=\"size-full wp-image-6830\" src=\"https:\/\/dankstarvapes.com\/wp-content\/uploads\/2024\/11\/AUPO-15000-Puffs-Crystal-Dual-Mesh-15k-1.webp\" alt=\"AUPO Vape 15000 Puffs PRO MAX\" width=\"1500\" height=\"1500\" title=\"\"><figcaption id=\"caption-attachment-6830\" class=\"wp-caption-text\">AUPO Vape 15000 Puffs PRO MAX<\/figcaption><\/figure>\n<hr \/>\n<h3><strong>Bestellen Sie 15000 Puffs PRO MAX noch heute!<\/strong><\/h3>\n<p>Erh\u00f6hen Sie Ihr Dampferlebnis mit dem <strong>AUPO Vape 15000 Puffs PRO MAX<\/strong> - ein Ger\u00e4t, das f\u00fcr Dampfer entwickelt wurde, die Leistung, Geschmack und Komfort sch\u00e4tzen. Egal, ob Sie nach einem zuverl\u00e4ssigen Ger\u00e4t f\u00fcr den ganzen Tag suchen oder ein Hochleistungsger\u00e4t f\u00fcr l\u00e4ngere Sessions brauchen, der <strong>PRO MAX<\/strong> ist die perfekte Wahl.<\/p>\n<p>Verpassen Sie es nicht - bestellen Sie noch heute Ihre Gro\u00dfbestellung und genie\u00dfen Sie ein hervorragendes Vaping-Erlebnis mit dem <strong>AUPO Vape 15000 Puffs PRO MAX<\/strong>.<\/p>\n<p><strong>Warum uns w\u00e4hlen?<\/strong><\/p>\n<p>Durch die Wahl der offiziellen Shop von Einweg-Vapes, k\u00f6nnen Sie viele Vorteile genie\u00dfen:<\/p>\n<ul>\n<li><strong>Offizieller Verkaufskanal:<\/strong>\u00a0Wir garantieren authentische Produkte und einen hochwertigen Service.<\/li>\n<li><strong>Gro\u00dfhandel und Einzelhandel:<\/strong>\u00a0Wir bieten flexible Einkaufsm\u00f6glichkeiten f\u00fcr Privatpersonen und Gro\u00dfh\u00e4ndler.<\/li>\n<li><strong>Qualit\u00e4tssicherung:<\/strong>\u00a0Unsere Produkte werden strengen Qualit\u00e4tspr\u00fcfungen unterzogen, um Ihre Zufriedenheit zu gew\u00e4hrleisten.<\/li>\n<li><strong>Weltweiter Versand:<\/strong>\u00a0Wir sind stolz darauf, unsere Produkte in die meisten Teile der Welt zu liefern, damit Sie unsere Produkte genie\u00dfen k\u00f6nnen, egal wo Sie sind.<\/li>\n<li><strong>Erfahrung in der Industrie:<\/strong>\u00a0Mit \u00fcber 8 Jahren Erfahrung auf dem Markt haben wir uns zu einer vertrauensw\u00fcrdigen und erstklassigen Wahl entwickelt.<\/li>\n<li><strong>Langfristige Partnerschaften:<\/strong>\u00a0Wir arbeiten auch mit lokalen Ladenbesitzern in Europa zusammen, was es uns erm\u00f6glicht, schnell auf die Bed\u00fcrfnisse des Marktes zu reagieren und die Frische unserer Produkte zu erhalten.<\/li>\n<\/ul>\n<p>Wenn Sie sich f\u00fcr unsere Einwegdampfer entscheiden, k\u00f6nnen Sie nicht nur eine Vielzahl von Geschmacksrichtungen genie\u00dfen, sondern auch eine au\u00dfergew\u00f6hnliche Dampfreise erleben. F\u00fcr weitere Informationen, besuchen Sie uns bitte <a href=\"http:\/\/dankstarvapes.com\" target=\"_blank\" rel=\"noopener\">dankstarvapes.com<\/a>!<\/p>","protected":false},"excerpt":{"rendered":"<p>The AUPO Vape 15,000 Puffs PRO MAX takes your vaping experience to new heights with cutting-edge features and superior performance. Building on the success of the original AUPO Vape 15,000 Puffs, this premium disposable vape offers enhanced technology, longer-lasting usage, and more intense flavor, delivering the ultimate vaping satisfaction. Key Features of AUPO Vape 15000 [&#8230;]","protected":false},"featured_media":2088,"comment_status":"open","ping_status":"closed","template":"","meta":[],"product_brand":[],"product_cat":[94,75,119,73,133,78,71,79,80,81,82,83,84,85,86,87,88,89,90,91,92],"product_tag":[],"class_list":{"0":"post-2069","1":"product","2":"type-product","3":"status-publish","4":"has-post-thumbnail","6":"product_cat-15000-15k-puff-vape","7":"product_cat-2-nicotine-disposable-vape","8":"product_cat-aupo-vape","9":"product_cat-big-puff-vapes","10":"product_cat-crystal-vape","11":"product_cat-disposable-vape-near-me","12":"product_cat-0-5-nicotine-vapes","13":"product_cat-disposable-vapes-in-austria","14":"product_cat-disposable-vapes-in-belgium","15":"product_cat-disposable-vapes-in-france","16":"product_cat-disposable-vapes-in-germany","17":"product_cat-disposable-vapes-in-ltaly","18":"product_cat-disposable-vapes-in-netherlands","19":"product_cat-disposable-vapes-in-norway","20":"product_cat-disposable-vapes-in-poland","21":"product_cat-disposable-vapes-in-portugal","22":"product_cat-disposable-vapes-in-spain","23":"product_cat-disposable-vapes-in-sweden","24":"product_cat-disposable-vapes-in-switzerland","25":"product_cat-disposable-vapes-in-united-states","26":"product_cat-vape-brands","28":"first","29":"instock","30":"shipping-taxable","31":"purchasable","32":"product-type-variable","33":"has-default-attributes"},"tiered_pricing_type":"fixed","tiered_pricing_fixed_rules":[],"tiered_pricing_product_settings":{"layout":"default","base_unit_name":{"singular":null,"plural":null},"default_variation":null},"tiered_pricing_minimum_quantity":null,"tiered_pricing_roles_data":[],"tiered_pricing_percentage_rules":[],"tiered_pricing_maximum_quantity":null,"tiered_pricing_quantity_step":null,"_links":{"self":[{"href":"https:\/\/vapsolovape.com\/de\/wp-json\/wp\/v2\/product\/2069","targetHints":{"allow":["GET"]}}],"collection":[{"href":"https:\/\/vapsolovape.com\/de\/wp-json\/wp\/v2\/product"}],"about":[{"href":"https:\/\/vapsolovape.com\/de\/wp-json\/wp\/v2\/types\/product"}],"replies":[{"embeddable":true,"href":"https:\/\/vapsolovape.com\/de\/wp-json\/wp\/v2\/comments?post=2069"}],"wp:featuredmedia":[{"embeddable":true,"href":"https:\/\/vapsolovape.com\/de\/wp-json\/wp\/v2\/media\/2088"}],"wp:attachment":[{"href":"https:\/\/vapsolovape.com\/de\/wp-json\/wp\/v2\/media?parent=2069"}],"wp:term":[{"taxonomy":"product_brand","embeddable":true,"href":"https:\/\/vapsolovape.com\/de\/wp-json\/wp\/v2\/product_brand?post=2069"},{"taxonomy":"product_cat","embeddable":true,"href":"https:\/\/vapsolovape.com\/de\/wp-json\/wp\/v2\/product_cat?post=2069"},{"taxonomy":"product_tag","embeddable":true,"href":"https:\/\/vapsolovape.com\/de\/wp-json\/wp\/v2\/product_tag?post=2069"}],"curies":[{"name":"wp","href":"https:\/\/api.w.org\/{rel}","templated":true}]}}