{"id":2201,"date":"2025-02-14T18:23:47","date_gmt":"2025-02-14T10:23:47","guid":{"rendered":"https:\/\/vapsolovape.com\/?post_type=product&#038;p=2201"},"modified":"2025-02-25T14:33:31","modified_gmt":"2025-02-25T06:33:31","slug":"bang-beach-20000-puffs-lang-anhaltende-geschmackvolle-vape","status":"publish","type":"product","link":"https:\/\/vapsolovape.com\/de\/produkt\/bang-beach-20000-puffs-lang-anhaltende-geschmackvolle-vape\/","title":{"rendered":"Bang Beach 20.000 Puffs - Premium Vape, reiches Aroma und langer Genuss"},"content":{"rendered":"<p data-start=\"111\" data-end=\"414\">Der Bang Beach 20.000 Puffs ist die ultimative Wahl f\u00fcr alle, die mehr von ihren Einwegdampfern erwarten. Entwickelt f\u00fcr eine lange Nutzungsdauer und maximale Zufriedenheit, kombiniert dieser Vape Komfort mit einer Reihe von lebendigen, mutigen Geschmacksrichtungen und bietet ein unvergessliches Erlebnis.<\/p>\n<p data-start=\"416\" data-end=\"661\">Der Bang Beach 20.000 wurde f\u00fcr diejenigen entwickelt, die ein Ger\u00e4t mit l\u00e4ngerer Lebensdauer bevorzugen, und stellt sicher, dass Ihnen nicht so bald die Puste ausgeht. Mit anpassbaren Funktionen, die Deinen pers\u00f6nlichen Vorlieben entsprechen, bietet er ein Vape-Erlebnis, das wirklich Dein eigenes ist.<\/p>\n<p data-start=\"663\" data-end=\"860\">Egal, ob Du nach einem Ger\u00e4t suchst, das l\u00e4nger h\u00e4lt, oder nach der Flexibilit\u00e4t, Dein Dampfen fein abzustimmen, der Bang Beach 20.000 Puffs hat alles, was Du brauchst. Mach Dich bereit f\u00fcr eine \u00fcberragende, geschmackvolle Reise, jedes Mal wenn Du paffst.<\/p>\n<figure id=\"attachment_6977\" aria-describedby=\"caption-attachment-6977\" style=\"width: 1536px\" class=\"wp-caption alignnone\"><img loading=\"lazy\" decoding=\"async\" class=\"wp-image-6977 size-full\" src=\"https:\/\/dankstarvapes.com\/wp-content\/uploads\/2024\/11\/popular-bang-beach-20000puffs-plus-wholesale-e-cigarette-oem-1536x864-1.webp\" alt=\"Bang Vape 20000 Z\u00fcge\" width=\"1536\" height=\"864\" title=\"\"><figcaption id=\"caption-attachment-6977\" class=\"wp-caption-text\">Bang Beach 20000 Puffs<\/figcaption><\/figure>\n<h2>Hauptmerkmale von Bang Beach 20000 Puffs<\/h2>\n<h3><strong>Massive Puffanzahl f\u00fcr lang anhaltenden Genuss<\/strong><\/h3>\n<p>Der Bang Beach 20000 bietet unglaubliche 20.000 Z\u00fcge pro Ger\u00e4t und sorgt so f\u00fcr eine lange Nutzungsdauer, ohne dass Sie das Ger\u00e4t h\u00e4ufig austauschen m\u00fcssen. Egal, ob Sie ein Gelegenheitsnutzer oder ein erfahrener Vaper sind, mit diesem langlebigen Ger\u00e4t k\u00f6nnen Sie l\u00e4nger dampfen und dabei Zeit und Geld sparen.<\/p>\n<h3><strong>Vorgef\u00fcllt mit 35ml E-Liquid<\/strong><\/h3>\n<p>Genie\u00dfen Sie eine gro\u00dfz\u00fcgige 35ml e-Fl\u00fcssigkeit Kapazit\u00e4t, entwickelt, um die Notwendigkeit f\u00fcr Nachf\u00fcllungen zu reduzieren. Dieser gro\u00dfe Tank sorgt daf\u00fcr, dass Sie Ihre Lieblingsaromen f\u00fcr eine l\u00e4ngere Zeit genie\u00dfen k\u00f6nnen und bietet ein glattes, ununterbrochenes Dampferlebnis.<\/p>\n<h3><strong>Einstellbarer Luftstrom f\u00fcr anpassbares Vaping<\/strong><\/h3>\n<p>Der Bang Beach 20000 ist mit einer einstellbaren Airflow-Funktion ausgestattet, die es Ihnen erm\u00f6glicht, Ihr Dampferlebnis fein abzustimmen. Egal, ob Sie einen festeren Zug oder ein sanfteres Inhalieren bevorzugen, Sie k\u00f6nnen Ihren Luftstrom an Ihren bevorzugten Verdampfungsstil anpassen.<\/p>\n<h3><strong>Geschmacksvielfalt mit 12 leckeren Optionen<\/strong><\/h3>\n<p>W\u00e4hlen Sie aus 12 k\u00f6stlichen Geschmacksrichtungen, von denen jede f\u00fcr ein befriedigendes und einzigartiges Dampferlebnis entwickelt wurde. Egal, ob Sie sich nach etwas Fruchtigem, Eisigem oder Erfrischendem sehnen, es gibt eine Geschmacksrichtung f\u00fcr jeden Vaper. Beliebte Optionen sind:<\/p>\n<ul>\n<li>Blaues Razzeis<\/li>\n<li>Heidelbeere-Himbeere<\/li>\n<li>Traubeneis<\/li>\n<li>Pfirsich-Mango<\/li>\n<li>Erdbeere Wassermelone<\/li>\n<li>Wassermelone Eis<\/li>\n<li>Rosa Limonade<\/li>\n<li>Dreifach-Beereneis<\/li>\n<li>Saurer Apfel ... und mehr!<\/li>\n<\/ul>\n<h3><strong>Mehrere St\u00e4rkestufen f\u00fcr jeden Vaper<\/strong><\/h3>\n<p>Der Bang Beach 20000 bietet Flexibilit\u00e4t bei der Wahl der Nikotinst\u00e4rke: 0%, 2%, 3% und 5%. Egal, ob Sie ein nikotinfreies Erlebnis oder einen st\u00e4rkeren Zug suchen, Sie k\u00f6nnen die St\u00e4rke w\u00e4hlen, die Ihren Vorlieben am besten entspricht.<\/p>\n<h3><strong>650mAh-Akku mit Typ-C-Ladung<\/strong><\/h3>\n<p>Der Bang Beach 20000 wird von einem 650-mAh-Akku angetrieben, der eine zuverl\u00e4ssige Leistung w\u00e4hrend seiner langen Lebensdauer gew\u00e4hrleistet. Mit der Typ-C-Schnellladefunktion k\u00f6nnen Sie Ihr Ger\u00e4t schnell wieder aufladen, sodass Sie nie lange auf Ihre n\u00e4chste Vape-Session warten m\u00fcssen.<\/p>\n<h3><strong>LED-Anzeige zur \u00dcberwachung der Batterie- und E-Liquid-F\u00fcllst\u00e4nde<\/strong><\/h3>\n<p>Bleiben Sie informiert und haben Sie die Kontrolle mit dem integrierten LED-Display des Ger\u00e4ts. \u00dcberwachen Sie Ihre Akkulaufzeit und den F\u00fcllstand des E-Liquids in Echtzeit und stellen Sie sicher, dass Ihnen nie unerwartet die Luft ausgeht. Das Display gibt Ihnen die Gewissheit, dass Sie Ihren Dampf ohne Unterbrechungen genie\u00dfen k\u00f6nnen.<\/p>\n<hr \/>\n<h2>Warum Bang Beach 20000 w\u00e4hlen?<\/h2>\n<p>Der Bang Beach 20000 vereint Leistung, Komfort und Anpassungsm\u00f6glichkeiten und ist damit die ideale Wahl f\u00fcr Dampfer, die mehr wollen. Egal, ob Sie neu beim Dampfen sind oder nach einem Upgrade suchen, dieses Ger\u00e4t bietet einen unschlagbaren Wert:<\/p>\n<ul>\n<li><strong>Langlebig<\/strong>: Genie\u00dfen Sie 20.000 Z\u00fcge und einen 35ml E-Liquid-Tank f\u00fcr ein kontinuierliches Dampferlebnis.<\/li>\n<li><strong>Anpassbar<\/strong>: Einstellbarer Luftstrom und mehrere Nikotinst\u00e4rke-Optionen f\u00fcr ein ma\u00dfgeschneidertes Erlebnis.<\/li>\n<li><strong>Geschmacksintensiv<\/strong>: W\u00e4hlen Sie aus 12 einzigartigen Geschmacksrichtungen, die f\u00fcr jeden Geschmack etwas bereithalten.<\/li>\n<li><strong>Bequem<\/strong>: Wiederaufladbar mit Typ-C-Schnellladung und LED-Anzeige zur Echtzeit\u00fcberwachung.<\/li>\n<\/ul>\n<h2>Bestellen Sie Ihr Bang Beach 20000 noch heute!<\/h2>\n<p>Geben Sie sich nicht mit weniger zufrieden, wenn Sie das Beste haben k\u00f6nnen. Erh\u00f6hen Sie Ihr Dampferlebnis mit dem Bang Beach 20000 Puffs - ein Ger\u00e4t, das daf\u00fcr entwickelt wurde, dass Sie l\u00e4nger, mit besserem Geschmack und mehr Komfort dampfen k\u00f6nnen. Bestellen Sie jetzt und genie\u00dfen Sie das ultimative Dampferlebnis, das Sie verdient haben!<\/p>\n<p><strong>Warum uns w\u00e4hlen?<\/strong><\/p>\n<p>Durch die Wahl der offiziellen Shop von Einweg-Vapes, k\u00f6nnen Sie viele Vorteile genie\u00dfen:<\/p>\n<ul>\n<li><strong>Offizieller Verkaufskanal:<\/strong>\u00a0Wir garantieren authentische Produkte und einen hochwertigen Service.<\/li>\n<li><strong>Gro\u00dfhandel und Einzelhandel:<\/strong>\u00a0Wir bieten flexible Einkaufsm\u00f6glichkeiten f\u00fcr Privatpersonen und Gro\u00dfh\u00e4ndler.<\/li>\n<li><strong>Qualit\u00e4tssicherung:<\/strong>\u00a0Unsere Produkte werden strengen Qualit\u00e4tspr\u00fcfungen unterzogen, um Ihre Zufriedenheit zu gew\u00e4hrleisten.<\/li>\n<li><strong>Weltweiter Versand:<\/strong>\u00a0Wir sind stolz darauf, unsere Produkte in die meisten Teile der Welt zu liefern, damit Sie unsere Produkte genie\u00dfen k\u00f6nnen, egal wo Sie sind.<\/li>\n<li><strong>Erfahrung in der Industrie:<\/strong>\u00a0Mit \u00fcber 8 Jahren Erfahrung auf dem Markt haben wir uns zu einer vertrauensw\u00fcrdigen und erstklassigen Wahl entwickelt.<\/li>\n<li><strong>Langfristige Partnerschaften:<\/strong>\u00a0Wir arbeiten auch mit lokalen Ladenbesitzern in Europa zusammen, was es uns erm\u00f6glicht, schnell auf die Bed\u00fcrfnisse des Marktes zu reagieren und die Frische unserer Produkte zu erhalten.<\/li>\n<\/ul>\n<p>Wenn Sie sich f\u00fcr unsere Einwegdampfer entscheiden, k\u00f6nnen Sie nicht nur eine Vielzahl von Geschmacksrichtungen genie\u00dfen, sondern auch eine au\u00dfergew\u00f6hnliche Dampfreise erleben. F\u00fcr weitere Informationen, besuchen Sie uns bitte <a href=\"http:\/\/dankstarvapes.com\" target=\"_blank\" rel=\"noopener\">dankstarvapes.com<\/a>!<\/p>","protected":false},"excerpt":{"rendered":"<p>Take your vaping game up a notch with the Bang Beach 20,000 Puffs \u2013 the ultimate choice for those who demand more from their disposable vapes. Designed for extended use and maximum satisfaction, this vape combines convenience with an array of vibrant, bold flavors, offering an unforgettable experience. Crafted for those who enjoy a longer-lasting [&#8230;]","protected":false},"featured_media":2224,"comment_status":"open","ping_status":"closed","template":"","meta":[],"product_brand":[],"product_cat":[72,75,102,76,77,95,120,73,78,97,71,79,80,81,82,83,84,85,86,87,88,89,90,91,92],"product_tag":[],"class_list":{"0":"post-2201","1":"product","2":"type-product","3":"status-publish","4":"has-post-thumbnail","6":"product_cat-0-nicotine-disposable-vape","7":"product_cat-2-nicotine-disposable-vape","8":"product_cat-20000-20k-puff-vape","9":"product_cat-3-nicotine-disposable-vape","10":"product_cat-5-nicotine-disposable-vape","11":"product_cat-advanced-vape","12":"product_cat-bang-vape","13":"product_cat-big-puff-vapes","14":"product_cat-disposable-vape-near-me","15":"product_cat-disposable-vape-with-screen","16":"product_cat-0-5-nicotine-vapes","17":"product_cat-disposable-vapes-in-austria","18":"product_cat-disposable-vapes-in-belgium","19":"product_cat-disposable-vapes-in-france","20":"product_cat-disposable-vapes-in-germany","21":"product_cat-disposable-vapes-in-ltaly","22":"product_cat-disposable-vapes-in-netherlands","23":"product_cat-disposable-vapes-in-norway","24":"product_cat-disposable-vapes-in-poland","25":"product_cat-disposable-vapes-in-portugal","26":"product_cat-disposable-vapes-in-spain","27":"product_cat-disposable-vapes-in-sweden","28":"product_cat-disposable-vapes-in-switzerland","29":"product_cat-disposable-vapes-in-united-states","30":"product_cat-vape-brands","32":"first","33":"instock","34":"shipping-taxable","35":"product-type-simple"},"tiered_pricing_type":"fixed","tiered_pricing_fixed_rules":[],"tiered_pricing_product_settings":{"layout":"default","base_unit_name":{"singular":null,"plural":null},"default_variation":null},"tiered_pricing_minimum_quantity":null,"tiered_pricing_roles_data":[],"tiered_pricing_percentage_rules":[],"tiered_pricing_maximum_quantity":null,"tiered_pricing_quantity_step":null,"_links":{"self":[{"href":"https:\/\/vapsolovape.com\/de\/wp-json\/wp\/v2\/product\/2201","targetHints":{"allow":["GET"]}}],"collection":[{"href":"https:\/\/vapsolovape.com\/de\/wp-json\/wp\/v2\/product"}],"about":[{"href":"https:\/\/vapsolovape.com\/de\/wp-json\/wp\/v2\/types\/product"}],"replies":[{"embeddable":true,"href":"https:\/\/vapsolovape.com\/de\/wp-json\/wp\/v2\/comments?post=2201"}],"wp:featuredmedia":[{"embeddable":true,"href":"https:\/\/vapsolovape.com\/de\/wp-json\/wp\/v2\/media\/2224"}],"wp:attachment":[{"href":"https:\/\/vapsolovape.com\/de\/wp-json\/wp\/v2\/media?parent=2201"}],"wp:term":[{"taxonomy":"product_brand","embeddable":true,"href":"https:\/\/vapsolovape.com\/de\/wp-json\/wp\/v2\/product_brand?post=2201"},{"taxonomy":"product_cat","embeddable":true,"href":"https:\/\/vapsolovape.com\/de\/wp-json\/wp\/v2\/product_cat?post=2201"},{"taxonomy":"product_tag","embeddable":true,"href":"https:\/\/vapsolovape.com\/de\/wp-json\/wp\/v2\/product_tag?post=2201"}],"curies":[{"name":"wp","href":"https:\/\/api.w.org\/{rel}","templated":true}]}}