{"id":2329,"date":"2025-02-14T18:24:26","date_gmt":"2025-02-14T10:24:26","guid":{"rendered":"https:\/\/vapsolovape.com\/?post_type=product&#038;p=2329"},"modified":"2025-02-25T09:52:07","modified_gmt":"2025-02-25T01:52:07","slug":"bang-gear-20000-puffs-dual-mode-vape-mit-dynamischer-anzeige","status":"publish","type":"product","link":"https:\/\/vapsolovape.com\/de\/produkt\/bang-gear-20000-puffs-dual-mode-vape-mit-dynamischer-anzeige\/","title":{"rendered":"Bang Gear 20000 Puffs ist ein Vape-Ger\u00e4t mit einem Dual-Modus und einem interaktiven Display."},"content":{"rendered":"<p>Der Bang Gear 20000 Puffs hat sich zum Ziel gesetzt, die Art und Weise, wie Du das Dampfen genie\u00dft, zu ver\u00e4ndern. Mit zwei verschiedenen Verdampfungsoptionen, einem leuchtenden Display und einer Kapazit\u00e4t von bis zu 20.000 Z\u00fcgen bietet dieser Einwegverdampfer eine Mischung aus Kreativit\u00e4t, Einfachheit und Effektivit\u00e4t.<\/p>\n<figure id=\"attachment_7117\" aria-describedby=\"caption-attachment-7117\" style=\"width: 800px\" class=\"wp-caption alignnone\"><img loading=\"lazy\" decoding=\"async\" class=\"size-full wp-image-7117\" src=\"https:\/\/dankstarvapes.com\/wp-content\/uploads\/2024\/12\/Bang-Gear-20000-Puffs-3.webp\" alt=\"Bang Gear 20000 Puffs \" width=\"800\" height=\"448\" title=\"\"><figcaption id=\"caption-attachment-7117\" class=\"wp-caption-text\">Bang Gear 20000 Puffs<\/figcaption><\/figure>\n<hr \/>\n<h3><strong>Hauptmerkmale von Bang Gear 20000 Puffs<\/strong><\/h3>\n<h4><strong>Massive Puffkapazit\u00e4t<\/strong><\/h4>\n<p>Genie\u00dfen Sie bis zu 20.000 Z\u00fcge mit einem einzigen Ger\u00e4t. Die hohe Kapazit\u00e4t 16ml vorgef\u00fcllt e-Fl\u00fcssigkeit Tank sorgt f\u00fcr Sie Wochen der ununterbrochenen Zufriedenheit haben.<\/p>\n<h4><strong>Zwei Vaping-Modi f\u00fcr ein individuelles Erlebnis<\/strong><\/h4>\n<ul>\n<li><strong>Dynamischer Modus:<\/strong> Beobachten Sie, wie sich die Zahnr\u00e4der mit jedem Zug drehen, und erleben Sie so ein visuelles Erlebnis.<\/li>\n<li><strong>Lautloser Modus:<\/strong> Nehmen Sie 3 schnelle Z\u00fcge innerhalb von 2 Sekunden, um die G\u00e4nge zu deaktivieren und eine ruhigere Sitzung zu erm\u00f6glichen.<\/li>\n<\/ul>\n<h4><strong>Dynamischer Anzeigebildschirm<\/strong><\/h4>\n<p>Bleiben Sie mit Echtzeit-Updates jederzeit auf dem Laufenden:<\/p>\n<ul>\n<li><strong>E-Fl\u00fcssigkeitsspiegel:<\/strong> Wissen, wann es Zeit f\u00fcr einen Austausch ist.<\/li>\n<li><strong>Status der Batterie:<\/strong> Der Strom sollte nie unerwartet ausgehen.<\/li>\n<\/ul>\n<h4><strong>Wiederaufladbarer 650mAh-Akku<\/strong><\/h4>\n<p>Der integrierte 650-mAh-Akku ist \u00fcber USB Typ-C aufladbar und sorgt f\u00fcr konstante Leistung und minimale Ausfallzeiten.<\/p>\n<h4><strong>12 leckere Geschmacksoptionen<\/strong><\/h4>\n<p>W\u00e4hlen Sie aus einer Reihe von Geschmacksrichtungen, die alle f\u00fcr ein einzigartiges und befriedigendes Dampferlebnis sorgen:<\/p>\n<p>Erdbeer-Kiwi | Wassermelone Ice | Blaubeer-Himbeer | Erdbeer-Wassermelone | Erdbeer-Mango | Energy Drink | Blaubeer-Kirsch-Limonade | Black Dragon Ice | Mixed Fruit | Erdbeer-Banane | Pfirsich Ice | Blaubeer Ice<\/p>\n<figure id=\"attachment_7119\" aria-describedby=\"caption-attachment-7119\" style=\"width: 1180px\" class=\"wp-caption alignnone\"><img loading=\"lazy\" decoding=\"async\" class=\"size-full wp-image-7119\" src=\"https:\/\/dankstarvapes.com\/wp-content\/uploads\/2024\/12\/Bang-Gear-20000-Puffs-2.webp\" alt=\"Bang Gear 20000 Puffs\" width=\"1180\" height=\"796\" title=\"\"><figcaption id=\"caption-attachment-7119\" class=\"wp-caption-text\">Bang Gear 20000 Puffs<\/figcaption><\/figure>\n<h4><strong>St\u00e4rkeoptionen f\u00fcr jeden Benutzer<\/strong><\/h4>\n<p>W\u00e4hlen Sie Ihre bevorzugte Nikotinst\u00e4rke:<\/p>\n<ul>\n<li><strong>5% (50mg)<\/strong><\/li>\n<li><strong>3% (30mg)<\/strong><\/li>\n<li><strong>2% (20mg)<\/strong><\/li>\n<li><strong>0% (nikotinfrei)<\/strong><\/li>\n<\/ul>\n<hr \/>\n<h3><strong>Warum Bang Gear 20000 Puffs w\u00e4hlen?<\/strong><\/h3>\n<ul>\n<li><strong>Hohe Puffanzahl:<\/strong> Entwickelt f\u00fcr den Langzeitgebrauch, perfekt f\u00fcr Heavy Vaper.<\/li>\n<li><strong>Fortschrittliche Technologie:<\/strong> Zwei Modi und ein dynamisches Display verbessern Ihr Dampferlebnis.<\/li>\n<li><strong>Anpassbare St\u00e4rken:<\/strong> Sowohl f\u00fcr neue als auch f\u00fcr erfahrene Benutzer geeignet.<\/li>\n<li><strong>Wiederaufladbar Bequemlichkeit:<\/strong> Umweltfreundlich und kosteng\u00fcnstig.<\/li>\n<\/ul>\n<hr \/>\n<h3><strong>Spezifikationen auf einen Blick<\/strong><\/h3>\n<table>\n<thead>\n<tr>\n<th><strong>Merkmal<\/strong><\/th>\n<th><strong>Einzelheiten<\/strong><\/th>\n<\/tr>\n<\/thead>\n<tbody>\n<tr>\n<td>Anzahl der Puffs<\/td>\n<td>Bis zu 20.000 Z\u00fcge<\/td>\n<\/tr>\n<tr>\n<td>E-Liquid Kapazit\u00e4t<\/td>\n<td>16ml vorgef\u00fcllt<\/td>\n<\/tr>\n<tr>\n<td>Batterie<\/td>\n<td>650mAh wiederaufladbar<\/td>\n<\/tr>\n<tr>\n<td>Ladeanschluss<\/td>\n<td>USB Typ-C<\/td>\n<\/tr>\n<tr>\n<td>Vaping-Modi<\/td>\n<td>Dynamische und ger\u00e4uschlose Modi<\/td>\n<\/tr>\n<tr>\n<td>Freischaltung<\/td>\n<td>Zeichnung aktiviert<\/td>\n<\/tr>\n<tr>\n<td>Stil<\/td>\n<td>Mund-zu-Lunge (MTL)<\/td>\n<\/tr>\n<\/tbody>\n<\/table>\n<hr \/>\n<h3><strong>Bestellen Sie Ihre Bang Gear 20000 Puffs noch heute!<\/strong><\/h3>\n<p>Verbessern Sie Ihr Dampferlebnis mit Bang Gear 20000 Puffs, die un\u00fcbertroffene Leistung, Komfort und Geschmacksvielfalt bieten. Perfekt f\u00fcr den pers\u00f6nlichen Gebrauch oder Gro\u00dfhandelsbestellungen.<\/p>\n<p><strong>\ud83d\udc49 Der Vorrat ist begrenzt - kaufen Sie jetzt und sichern Sie sich Ihren!<\/strong><\/p>\n<p><strong>Warum uns w\u00e4hlen?<\/strong><\/p>\n<p>Durch die Wahl der offiziellen Shop von Einweg-Vapes, k\u00f6nnen Sie viele Vorteile genie\u00dfen:<\/p>\n<ul>\n<li><strong>Offizieller Verkaufskanal:<\/strong>\u00a0Wir garantieren authentische Produkte und einen hochwertigen Service.<\/li>\n<li><strong>Gro\u00dfhandel und Einzelhandel:<\/strong>\u00a0Wir bieten flexible Einkaufsm\u00f6glichkeiten f\u00fcr Privatpersonen und Gro\u00dfh\u00e4ndler.<\/li>\n<li><strong>Qualit\u00e4tssicherung:<\/strong>\u00a0Unsere Produkte werden strengen Qualit\u00e4tspr\u00fcfungen unterzogen, um Ihre Zufriedenheit zu gew\u00e4hrleisten.<\/li>\n<li><strong>Weltweiter Versand:<\/strong>\u00a0Wir sind stolz darauf, unsere Produkte in die meisten Teile der Welt zu liefern, damit Sie unsere Produkte genie\u00dfen k\u00f6nnen, egal wo Sie sind.<\/li>\n<li><strong>Erfahrung in der Industrie:<\/strong>\u00a0Mit \u00fcber 8 Jahren Erfahrung auf dem Markt haben wir uns zu einer vertrauensw\u00fcrdigen und erstklassigen Wahl entwickelt.<\/li>\n<li><strong>Langfristige Partnerschaften:<\/strong>\u00a0Wir arbeiten auch mit lokalen Ladenbesitzern in Europa zusammen, was es uns erm\u00f6glicht, schnell auf die Bed\u00fcrfnisse des Marktes zu reagieren und die Frische unserer Produkte zu erhalten.<\/li>\n<\/ul>\n<p>Wenn Sie sich f\u00fcr unsere Einwegdampfer entscheiden, k\u00f6nnen Sie nicht nur eine Vielzahl von Geschmacksrichtungen genie\u00dfen, sondern auch eine au\u00dfergew\u00f6hnliche Dampfreise erleben. F\u00fcr weitere Informationen, besuchen Sie uns bitte <a href=\"http:\/\/dankstarvapes.com\" target=\"_blank\" rel=\"noopener\">dankstarvapes.com<\/a>!<\/p>","protected":false},"excerpt":{"rendered":"<p>The Bang Gear 20000 Puffs aims to transform how you enjoy vaping. With two different vaping options, a vibrant screen, and a capacity of up to 20,000 puffs, this disposable vape offers a blend of creativity, ease, and effectiveness. Key Features of Bang Gear 20000 Puffs Massive Puff Capacity Enjoy up to 20,000 puffs from [&#8230;]","protected":false},"featured_media":2334,"comment_status":"open","ping_status":"closed","template":"","meta":[],"product_brand":[],"product_cat":[72,75,102,76,77,95,120,73,78,97,71,79,80,81,82,83,84,85,86,87,88,89,90,91,92],"product_tag":[],"class_list":{"0":"post-2329","1":"product","2":"type-product","3":"status-publish","4":"has-post-thumbnail","6":"product_cat-0-nicotine-disposable-vape","7":"product_cat-2-nicotine-disposable-vape","8":"product_cat-20000-20k-puff-vape","9":"product_cat-3-nicotine-disposable-vape","10":"product_cat-5-nicotine-disposable-vape","11":"product_cat-advanced-vape","12":"product_cat-bang-vape","13":"product_cat-big-puff-vapes","14":"product_cat-disposable-vape-near-me","15":"product_cat-disposable-vape-with-screen","16":"product_cat-0-5-nicotine-vapes","17":"product_cat-disposable-vapes-in-austria","18":"product_cat-disposable-vapes-in-belgium","19":"product_cat-disposable-vapes-in-france","20":"product_cat-disposable-vapes-in-germany","21":"product_cat-disposable-vapes-in-ltaly","22":"product_cat-disposable-vapes-in-netherlands","23":"product_cat-disposable-vapes-in-norway","24":"product_cat-disposable-vapes-in-poland","25":"product_cat-disposable-vapes-in-portugal","26":"product_cat-disposable-vapes-in-spain","27":"product_cat-disposable-vapes-in-sweden","28":"product_cat-disposable-vapes-in-switzerland","29":"product_cat-disposable-vapes-in-united-states","30":"product_cat-vape-brands","32":"first","33":"instock","34":"shipping-taxable","35":"purchasable","36":"product-type-variable","37":"has-default-attributes"},"tiered_pricing_type":"fixed","tiered_pricing_fixed_rules":[],"tiered_pricing_product_settings":{"layout":"default","base_unit_name":{"singular":null,"plural":null},"default_variation":null},"tiered_pricing_minimum_quantity":null,"tiered_pricing_roles_data":[],"tiered_pricing_percentage_rules":[],"tiered_pricing_maximum_quantity":null,"tiered_pricing_quantity_step":null,"_links":{"self":[{"href":"https:\/\/vapsolovape.com\/de\/wp-json\/wp\/v2\/product\/2329","targetHints":{"allow":["GET"]}}],"collection":[{"href":"https:\/\/vapsolovape.com\/de\/wp-json\/wp\/v2\/product"}],"about":[{"href":"https:\/\/vapsolovape.com\/de\/wp-json\/wp\/v2\/types\/product"}],"replies":[{"embeddable":true,"href":"https:\/\/vapsolovape.com\/de\/wp-json\/wp\/v2\/comments?post=2329"}],"wp:featuredmedia":[{"embeddable":true,"href":"https:\/\/vapsolovape.com\/de\/wp-json\/wp\/v2\/media\/2334"}],"wp:attachment":[{"href":"https:\/\/vapsolovape.com\/de\/wp-json\/wp\/v2\/media?parent=2329"}],"wp:term":[{"taxonomy":"product_brand","embeddable":true,"href":"https:\/\/vapsolovape.com\/de\/wp-json\/wp\/v2\/product_brand?post=2329"},{"taxonomy":"product_cat","embeddable":true,"href":"https:\/\/vapsolovape.com\/de\/wp-json\/wp\/v2\/product_cat?post=2329"},{"taxonomy":"product_tag","embeddable":true,"href":"https:\/\/vapsolovape.com\/de\/wp-json\/wp\/v2\/product_tag?post=2329"}],"curies":[{"name":"wp","href":"https:\/\/api.w.org\/{rel}","templated":true}]}}