{"id":2721,"date":"2025-02-14T18:26:55","date_gmt":"2025-02-14T10:26:55","guid":{"rendered":"https:\/\/vapsolovape.com\/?post_type=product&#038;p=2721"},"modified":"2025-02-24T22:14:29","modified_gmt":"2025-02-24T14:14:29","slug":"gazzbar-rakete-20000-puffs-vape-wiederaufladbare-dual-mesh","status":"publish","type":"product","link":"https:\/\/vapsolovape.com\/de\/produkt\/gazzbar-rakete-20000-puffs-vape-wiederaufladbare-dual-mesh\/","title":{"rendered":"Gazzbar Rocket 20000 Puffs Vape - Wiederaufladbar mit Dual Mesh Technologie"},"content":{"rendered":"<p data-start=\"114\" data-end=\"394\">Bringen Sie Ihr Vaping-Erlebnis auf die n\u00e4chste Stufe mit dem <strong data-start=\"169\" data-end=\"204\">Gazzbar Rocket 20000 Puffs Vape<\/strong>. Entwickelt f\u00fcr <strong data-start=\"221\" data-end=\"245\">ultimative Leistung<\/strong>bietet dieser Einweg-Vaporizer eine bemerkenswerte <strong data-start=\"288\" data-end=\"304\">20.000 Z\u00fcge<\/strong>und gew\u00e4hrleistet <strong data-start=\"315\" data-end=\"344\">dauerhafte Zufriedenheit<\/strong> f\u00fcr Anf\u00e4nger und erfahrene Dampfer gleicherma\u00dfen.<\/p>\n<p data-start=\"396\" data-end=\"612\">Mit <strong data-start=\"401\" data-end=\"430\">Doppelmaschige Spulentechnologie<\/strong> und eine <strong data-start=\"437\" data-end=\"461\">wiederaufladbare Batterie<\/strong>die <strong data-start=\"467\" data-end=\"485\">Gazzbar-Rakete<\/strong> liefert <strong data-start=\"495\" data-end=\"507\">Glattere<\/strong> und <strong data-start=\"512\" data-end=\"535\">mehr geschmackvolle Treffer<\/strong> mit jedem Zug und bietet ein erstklassiges Dampferlebnis, das f\u00fcr die Ewigkeit gemacht ist.<\/p>\n<figure id=\"attachment_7547\" aria-describedby=\"caption-attachment-7547\" style=\"width: 2048px\" class=\"wp-caption alignnone\"><img loading=\"lazy\" decoding=\"async\" class=\"size-full wp-image-7547\" src=\"https:\/\/dankstarvapes.com\/wp-content\/uploads\/2024\/12\/Gazzbar-Rocket-20000-Puffs-4.webp\" alt=\"Gazzbar Rocket 20000 Puffs\" width=\"2048\" height=\"1152\" title=\"\"><figcaption id=\"caption-attachment-7547\" class=\"wp-caption-text\">Gazzbar Rocket 20000 Puffs<\/figcaption><\/figure>\n<h3><strong>Wesentliche Merkmale:<\/strong><\/h3>\n<ul>\n<li><strong>20.000 Puffs f\u00fcr l\u00e4ngeren Genuss<\/strong>: Mit einer gro\u00dfen E-Liquid-Kapazit\u00e4t und einem wiederaufladbaren Akku k\u00f6nnen Sie bis zu 20.000 Z\u00fcge konsistenten Geschmacks und Dampfes genie\u00dfen.<\/li>\n<li><strong>Doppelmaschige Spulentechnologie<\/strong>: Das fortschrittliche Dual-Mesh-Coil-System verbessert den Geschmack und die Dampfproduktion f\u00fcr ein sanfteres, reichhaltigeres Dampferlebnis.<\/li>\n<li><strong>Wiederaufladbare Batterie<\/strong>: Angetrieben von einem 650mAh-Akku, k\u00f6nnen Sie leicht \u00fcber die LED-Anzeige aufladen, so dass Ihre vape ist immer bereit zu gehen.<\/li>\n<li><strong>Gro\u00dfe E-Liquid-Kapazit\u00e4t<\/strong>: Das Fassungsverm\u00f6gen von 18 ml e-Fl\u00fcssigkeit minimiert die Notwendigkeit f\u00fcr h\u00e4ufiges Nachf\u00fcllen, so dass Sie l\u00e4nger ohne Unterbrechungen dampfen k\u00f6nnen.<\/li>\n<li><strong>Vielseitige Geschmacksoptionen<\/strong>: W\u00e4hlen Sie aus einer Vielzahl von k\u00f6stlichen Geschmacksrichtungen, darunter White Gummy Ice, Strawberry Kiwi, Blue Razz Ice und viele mehr, so dass f\u00fcr jeden Vaper die perfekte Option dabei ist.<\/li>\n<li><strong>5% Nikotinst\u00e4rke<\/strong>: Ideal f\u00fcr diejenigen, die einen befriedigenden Nikotinsto\u00df mit einem ausgewogenen und sanften Erlebnis bevorzugen.<\/li>\n<\/ul>\n<h3><strong>Beliebte Geschmacksrichtungen:<\/strong><\/h3>\n<ul>\n<li><strong>Wei\u00dfes Gummieis<\/strong>: S\u00fc\u00dfes Gummibonbon mit einem erfrischenden Menthol-Abgang.<\/li>\n<li><strong>Erdbeer-Kiwi<\/strong>: Eine fruchtige Mischung aus reifen Erdbeeren und spritzigen Kiwis.<\/li>\n<li><strong>Blaues Razzeis<\/strong>: S\u00fc\u00dfe blaue Himbeeren mit einer k\u00fchlen Mentholnote.<\/li>\n<li><strong>Erdbeere-Banane<\/strong>: Eine cremige Mischung aus frischen Erdbeeren und reifen Bananen.<\/li>\n<li><strong>Saurer Apfel Eis<\/strong>: W\u00fcrziger Apfelgeschmack mit einer erfrischenden Mentholbrise.<\/li>\n<li><strong>Pfirsich-Eis<\/strong>: Saftige Pfirsiche mit einem knackigen, k\u00fchlen Abgang.<\/li>\n<\/ul>\n<h3><strong>Warum Gazzbar Rocket 20000 Puffs Vape w\u00e4hlen?<\/strong><\/h3>\n<ul>\n<li><strong>Langlebig und konsistent<\/strong>: Bis zu 20.000 Z\u00fcge mit einem sanften Dampferlebnis von Anfang bis Ende.<\/li>\n<li><strong>Premium Dual Mesh Spulen<\/strong>: Optimiert f\u00fcr reichen Geschmack und weichen Dampf.<\/li>\n<li><strong>Wiederaufladbar und handlich<\/strong>: Einfaches Aufladen f\u00fcr den Dauerbetrieb und minimale Ausfallzeiten.<\/li>\n<li><strong>Breite Geschmacksauswahl<\/strong>: Mehrere Geschmacksrichtungen f\u00fcr unterschiedliche Geschm\u00e4cker, perfekt f\u00fcr alle Raucher.<\/li>\n<\/ul>\n<h3><strong>Gro\u00dfeinkaufsoptionen verf\u00fcgbar<\/strong><\/h3>\n<ul>\n<li><strong>Konkurrenzf\u00e4hige Preisgestaltung<\/strong>: Kaufen Sie in gro\u00dfen Mengen, um erhebliche Einsparungen und h\u00f6here Gewinnspannen zu erzielen.<\/li>\n<li><strong>Zuverl\u00e4ssige Versorgung<\/strong>: Halten Sie Ihr Lager stets mit beliebten, stark nachgefragten Geschmacksrichtungen gef\u00fcllt.<\/li>\n<li><strong>Schneller und effizienter Versand<\/strong>: Sie erhalten Ihre Bestellungen umgehend mit schnellen Versandoptionen.<\/li>\n<\/ul>\n<h3><strong>Bestellen Sie Ihr Gazzbar Rocket 20000 Puffs Vape noch heute!<\/strong><\/h3>\n<p>Bringen Sie Ihr Vaping auf die n\u00e4chste Stufe mit dem <strong>Gazzbar Rocket 20000 Puffs Vape<\/strong>. Egal, ob Sie Ihren Vape-Shop aufstocken oder einfach nur zu Hause qualitativ hochwertiges Vaping genie\u00dfen m\u00f6chten, dieses Hochleistungsger\u00e4t bietet alles, was Sie f\u00fcr ein au\u00dfergew\u00f6hnliches Vaping-Erlebnis ben\u00f6tigen.<\/p>\n<p><strong>Jetzt einkaufen<\/strong> um Deine Gazzbar Rocket 20000 Puffs Vape zu bekommen und lang anhaltende Zufriedenheit mit jedem Zug zu erleben.<\/p>\n<p><strong>Warum uns w\u00e4hlen?<\/strong><\/p>\n<p>Durch die Wahl der offiziellen Shop von Einweg-Vapes, k\u00f6nnen Sie viele Vorteile genie\u00dfen:<\/p>\n<ul>\n<li><strong>Offizieller Verkaufskanal:<\/strong>\u00a0Wir garantieren authentische Produkte und einen hochwertigen Service.<\/li>\n<li><strong>Gro\u00dfhandel und Einzelhandel:<\/strong>\u00a0Wir bieten flexible Einkaufsm\u00f6glichkeiten f\u00fcr Privatpersonen und Gro\u00dfh\u00e4ndler.<\/li>\n<li><strong>Qualit\u00e4tssicherung:<\/strong>\u00a0Unsere Produkte werden strengen Qualit\u00e4tspr\u00fcfungen unterzogen, um Ihre Zufriedenheit zu gew\u00e4hrleisten.<\/li>\n<li><strong>Weltweiter Versand:<\/strong>\u00a0Wir sind stolz darauf, unsere Produkte in die meisten Teile der Welt zu liefern, damit Sie unsere Produkte genie\u00dfen k\u00f6nnen, egal wo Sie sind.<\/li>\n<li><strong>Erfahrung in der Industrie:<\/strong>\u00a0Mit \u00fcber 8 Jahren Erfahrung auf dem Markt haben wir uns zu einer vertrauensw\u00fcrdigen und erstklassigen Wahl entwickelt.<\/li>\n<li><strong>Langfristige Partnerschaften:<\/strong>\u00a0Wir arbeiten auch mit lokalen Ladenbesitzern in Europa zusammen, was es uns erm\u00f6glicht, schnell auf die Bed\u00fcrfnisse des Marktes zu reagieren und die Frische unserer Produkte zu erhalten.<\/li>\n<\/ul>\n<p>Wenn Sie sich f\u00fcr unsere Einwegdampfer entscheiden, k\u00f6nnen Sie nicht nur eine Vielzahl von Geschmacksrichtungen genie\u00dfen, sondern auch eine au\u00dfergew\u00f6hnliche Dampfreise erleben. F\u00fcr weitere Informationen, besuchen Sie uns bitte <a href=\"https:\/\/dankstarvapes.com\/product-category\/popular-disposable-vape-brands\/\" target=\"_blank\" rel=\"noopener\">dankstarvapes.com<\/a>!<\/p>","protected":false},"excerpt":{"rendered":"<p>Take your vaping experience to the next level with the Gazzbar Rocket 20000 Puffs Vape. Engineered for ultimate performance, this disposable vape offers a remarkable 20,000 puffs, ensuring long-lasting satisfaction for both beginners and experienced vapers alike. With dual mesh coil technology and a rechargeable battery, the Gazzbar Rocket delivers smoother and more flavorful hits [&#8230;]","protected":false},"featured_media":2741,"comment_status":"open","ping_status":"closed","template":"","meta":[],"product_brand":[],"product_cat":[102,77,95,73,78,96,71,79,80,81,82,83,84,85,86,87,88,89,90,91,124,92],"product_tag":[],"class_list":{"0":"post-2721","1":"product","2":"type-product","3":"status-publish","4":"has-post-thumbnail","6":"product_cat-20000-20k-puff-vape","7":"product_cat-5-nicotine-disposable-vape","8":"product_cat-advanced-vape","9":"product_cat-big-puff-vapes","10":"product_cat-disposable-vape-near-me","11":"product_cat-disposable-vape-with-led-light","12":"product_cat-0-5-nicotine-vapes","13":"product_cat-disposable-vapes-in-austria","14":"product_cat-disposable-vapes-in-belgium","15":"product_cat-disposable-vapes-in-france","16":"product_cat-disposable-vapes-in-germany","17":"product_cat-disposable-vapes-in-ltaly","18":"product_cat-disposable-vapes-in-netherlands","19":"product_cat-disposable-vapes-in-norway","20":"product_cat-disposable-vapes-in-poland","21":"product_cat-disposable-vapes-in-portugal","22":"product_cat-disposable-vapes-in-spain","23":"product_cat-disposable-vapes-in-sweden","24":"product_cat-disposable-vapes-in-switzerland","25":"product_cat-disposable-vapes-in-united-states","26":"product_cat-gazzbar-vape","27":"product_cat-vape-brands","29":"first","30":"instock","31":"shipping-taxable","32":"purchasable","33":"product-type-variable","34":"has-default-attributes"},"tiered_pricing_type":"fixed","tiered_pricing_fixed_rules":[],"tiered_pricing_product_settings":{"layout":"default","base_unit_name":{"singular":null,"plural":null},"default_variation":null},"tiered_pricing_minimum_quantity":null,"tiered_pricing_roles_data":[],"tiered_pricing_percentage_rules":[],"tiered_pricing_maximum_quantity":null,"tiered_pricing_quantity_step":null,"_links":{"self":[{"href":"https:\/\/vapsolovape.com\/de\/wp-json\/wp\/v2\/product\/2721","targetHints":{"allow":["GET"]}}],"collection":[{"href":"https:\/\/vapsolovape.com\/de\/wp-json\/wp\/v2\/product"}],"about":[{"href":"https:\/\/vapsolovape.com\/de\/wp-json\/wp\/v2\/types\/product"}],"replies":[{"embeddable":true,"href":"https:\/\/vapsolovape.com\/de\/wp-json\/wp\/v2\/comments?post=2721"}],"wp:featuredmedia":[{"embeddable":true,"href":"https:\/\/vapsolovape.com\/de\/wp-json\/wp\/v2\/media\/2741"}],"wp:attachment":[{"href":"https:\/\/vapsolovape.com\/de\/wp-json\/wp\/v2\/media?parent=2721"}],"wp:term":[{"taxonomy":"product_brand","embeddable":true,"href":"https:\/\/vapsolovape.com\/de\/wp-json\/wp\/v2\/product_brand?post=2721"},{"taxonomy":"product_cat","embeddable":true,"href":"https:\/\/vapsolovape.com\/de\/wp-json\/wp\/v2\/product_cat?post=2721"},{"taxonomy":"product_tag","embeddable":true,"href":"https:\/\/vapsolovape.com\/de\/wp-json\/wp\/v2\/product_tag?post=2721"}],"curies":[{"name":"wp","href":"https:\/\/api.w.org\/{rel}","templated":true}]}}