{"id":2799,"date":"2025-02-14T18:27:23","date_gmt":"2025-02-14T10:27:23","guid":{"rendered":"https:\/\/vapsolovape.com\/?post_type=product&#038;p=2799"},"modified":"2025-02-24T22:09:32","modified_gmt":"2025-02-24T14:09:32","slug":"vapen-cube-3000-puffs-vape-wiederaufladbar-12-geschmacksrichtungen","status":"publish","type":"product","link":"https:\/\/vapsolovape.com\/de\/produkt\/vapen-cube-3000-puffs-vape-wiederaufladbar-12-geschmacksrichtungen\/","title":{"rendered":"VAPEN Cube 3000 Puffs Vape - wiederaufladbar mit 12 Geschmacksoptionen"},"content":{"rendered":"<p data-start=\"120\" data-end=\"509\">Willkommen in der Zukunft des Dampfens mit dem <strong data-start=\"161\" data-end=\"191\">VAPEN Cube 3000 Puffs Vape<\/strong>. Geschaffen f\u00fcr alle, die Wert auf <strong data-start=\"221\" data-end=\"236\">Bequemlichkeit<\/strong>, <strong data-start=\"238\" data-end=\"260\">au\u00dfergew\u00f6hnlicher Geschmack<\/strong>und <strong data-start=\"266\" data-end=\"281\">Zuverl\u00e4ssigkeit<\/strong>die <strong data-start=\"287\" data-end=\"301\">VAPEN-W\u00fcrfel<\/strong> ist die perfekte Wahl sowohl f\u00fcr Anf\u00e4nger als auch f\u00fcr erfahrene Dampfer. Sein schlankes, kompaktes Design macht es einfach zu tragen und zu verwenden, w\u00e4hrend seine beeindruckende <strong data-start=\"445\" data-end=\"459\">3000 Z\u00fcge<\/strong> sorgen f\u00fcr lang anhaltende Zufriedenheit bei jedem Zug.<\/p>\n<p data-start=\"511\" data-end=\"657\">Egal, ob Sie nach einem tragbaren Vape mit langer Nutzungsdauer oder einem Ger\u00e4t suchen, das reichhaltige Aromen liefert, das <strong data-start=\"626\" data-end=\"640\">VAPEN-W\u00fcrfel<\/strong> hat f\u00fcr Sie gesorgt.<\/p>\n<figure id=\"attachment_7631\" aria-describedby=\"caption-attachment-7631\" style=\"width: 800px\" class=\"wp-caption alignnone\"><img loading=\"lazy\" decoding=\"async\" class=\"wp-image-7631 size-large\" src=\"https:\/\/dankstarvapes.com\/wp-content\/uploads\/2024\/12\/VAPEN-Cube-3000-Puffs-3k-38-800x800.webp\" alt=\"VAPEN W\u00fcrfel 3000 Puffs\" width=\"800\" height=\"800\" title=\"\"><figcaption id=\"caption-attachment-7631\" class=\"wp-caption-text\">VAPEN W\u00fcrfel 3000 Puffs<\/figcaption><\/figure>\n<h3><strong>Warum den VAPEN Cube 3000 Puffs Vape w\u00e4hlen?<\/strong><\/h3>\n<ul>\n<li><strong>3000 Puffs f\u00fcr lang anhaltenden Genuss:<\/strong><br \/>\nMit bis zu 3000 Z\u00fcgen pro Ger\u00e4t genie\u00dfen Sie ein l\u00e4nger anhaltendes Dampferlebnis, ohne dass Sie st\u00e4ndig neue Z\u00fcge ben\u00f6tigen. Perfekt f\u00fcr diejenigen, die ununterbrochene Sessions bevorzugen.<\/li>\n<li><strong>Wiederaufladbare Batterie:<\/strong><br \/>\nDer VAPEN Cube ist mit einem leistungsstarken <strong>1000mAh wiederaufladbare Batterie<\/strong> f\u00fcr verl\u00e4ssliche Leistung. Genie\u00dfen Sie Komfort mit <strong>Typ-C-Laden<\/strong>und sorgt so f\u00fcr minimale Ausfallzeiten und schnelle Wiederherstellung der Stromversorgung.<\/li>\n<li><strong>Premium-Mesh-Spulen-Technologie:<\/strong><br \/>\nDie fortgeschrittene <strong>Netzspule<\/strong> Technologie sorgt f\u00fcr verbesserten Geschmack und glatte Dampfproduktion mit jedem Zug. Erwarten Sie eine reichere und befriedigende Erfahrung jedes Mal, wenn Sie verdampfen.<\/li>\n<li><strong>Geschmacksoptionen f\u00fcr jeden Geschmack:<\/strong><br \/>\nMit <strong>12 k\u00f6stliche Geschmacksrichtungen<\/strong> Der VAPEN-W\u00fcrfel bietet Ihnen die M\u00f6glichkeit, die perfekte Mischung f\u00fcr Ihre Vorlieben zu finden. Ob Sie nun auf fruchtige, mentholhaltige oder von Desserts inspirierte Geschmacksrichtungen stehen, es ist f\u00fcr jeden etwas dabei:<\/p>\n<ul>\n<li><strong>\u00dcppiges Eis<\/strong><\/li>\n<li><strong>Pfirsich-Eis<\/strong><\/li>\n<li><strong>Blaubeereis<\/strong><\/li>\n<li><strong>Erdbeer-Creme<\/strong><\/li>\n<li><strong>Erdbeer-Kiwi<\/strong><\/li>\n<li><strong>Aloe Traube<\/strong><\/li>\n<li><strong>Erdbeere-Banane<\/strong><\/li>\n<li><strong>Gemischte Beeren<\/strong><\/li>\n<li><strong>Blaue Raspel Limonade<\/strong><\/li>\n<li><strong>Fruchtiges Hawaii<\/strong><\/li>\n<li><strong>Gummibonbons<\/strong><\/li>\n<li><strong>Zitrone Cola<\/strong><\/li>\n<\/ul>\n<\/li>\n<\/ul>\n<figure id=\"attachment_7632\" aria-describedby=\"caption-attachment-7632\" style=\"width: 800px\" class=\"wp-caption alignnone\"><img loading=\"lazy\" decoding=\"async\" class=\"wp-image-7632 size-large\" src=\"https:\/\/dankstarvapes.com\/wp-content\/uploads\/2024\/12\/VAPEN-Cube-3000-Puffs-3k-38-1-800x800.webp\" alt=\"VAPEN W\u00fcrfel 3000 Puffs\" width=\"800\" height=\"800\" title=\"\"><figcaption id=\"caption-attachment-7632\" class=\"wp-caption-text\">VAPEN W\u00fcrfel 3000 Puffs<\/figcaption><\/figure>\n<ul>\n<li><strong>Optionen f\u00fcr die Nikotinst\u00e4rke:<\/strong><br \/>\nDer VAPEN Cube ist in zwei Nikotinst\u00e4rken erh\u00e4ltlich: <strong>2%<\/strong> und <strong>5%<\/strong>Dadurch k\u00f6nnen Sie die ideale St\u00e4rke je nach Ihren pers\u00f6nlichen Vorlieben w\u00e4hlen.<\/li>\n<li><strong>Kompaktes und tragbares Design:<\/strong><br \/>\nNur Wiegen <strong>54g<\/strong>Der VAPEN Cube ist ultraleicht und einfach zu transportieren. Stecken Sie ihn in Ihre Tasche oder Ihren Rucksack und genie\u00dfen Sie das Dampfen unterwegs.<\/li>\n<\/ul>\n<hr \/>\n<h3><strong>Produktspezifikationen:<\/strong><\/h3>\n<table>\n<thead>\n<tr>\n<th><strong>Merkmal<\/strong><\/th>\n<th><strong>Spezifikation<\/strong><\/th>\n<\/tr>\n<\/thead>\n<tbody>\n<tr>\n<td><strong>Anzahl der Puffs<\/strong><\/td>\n<td>3000 Z\u00fcge<\/td>\n<\/tr>\n<tr>\n<td><strong>E-Fl\u00fcssigkeit Kapazit\u00e4t<\/strong><\/td>\n<td>8,5ml<\/td>\n<\/tr>\n<tr>\n<td><strong>Batterie<\/strong><\/td>\n<td>1000mAh wiederaufladbar<\/td>\n<\/tr>\n<tr>\n<td><strong>Spule Typ<\/strong><\/td>\n<td>Maschenspule<\/td>\n<\/tr>\n<tr>\n<td><strong>Ladeanschluss<\/strong><\/td>\n<td>Typ-C<\/td>\n<\/tr>\n<tr>\n<td><strong>Nikotinst\u00e4rke<\/strong><\/td>\n<td>2%<\/td>\n<\/tr>\n<tr>\n<td><strong>Gewicht<\/strong><\/td>\n<td>54g<\/td>\n<\/tr>\n<tr>\n<td><strong>Geschm\u00e4cker<\/strong><\/td>\n<td>12 Optionen<\/td>\n<\/tr>\n<\/tbody>\n<\/table>\n<hr \/>\n<h3><strong>Perfekt f\u00fcr den Gro\u00dfhandel:<\/strong><\/h3>\n<p>Der VAPEN Cube 3000 Puffs Vape ist f\u00fcr Gro\u00dfeink\u00e4ufe erh\u00e4ltlich, was ihn zu einer ausgezeichneten Erg\u00e4nzung f\u00fcr Ihren Vape-Shop oder Ihr Einzelhandelsgesch\u00e4ft macht.<\/p>\n<ul>\n<li><strong>Verpackung:<\/strong> 10 St\u00fcck pro Displaykarton, 400 St\u00fcck pro Karton.<\/li>\n<li><strong>Gewicht:<\/strong> 22,5 kg pro Karton.<\/li>\n<li><strong>Wettbewerbsf\u00e4hige Preisgestaltung:<\/strong> Profitieren Sie von Mengenrabatten und maximieren Sie Ihre Gewinnspannen.<\/li>\n<li><strong>Schneller Versand:<\/strong> Zuverl\u00e4ssige Lieferoptionen, damit Ihre Ware schnell ankommt.<\/li>\n<\/ul>\n<hr \/>\n<p><strong>Verbessern Sie Ihr Dampferlebnis mit dem VAPEN Cube 3000 Puffs Vape<\/strong> - ein wiederaufladbares, geschmacksintensives Ger\u00e4t, das dauerhafte Befriedigung bietet. W\u00e4hlen Sie Ihre bevorzugte Geschmacksrichtung und genie\u00dfen Sie noch heute ein sanftes, bequemes Dampfen!<\/p>\n<p><strong>Warum uns w\u00e4hlen?<\/strong><\/p>\n<p>Durch die Wahl der offiziellen Shop von Einweg-Vapes, k\u00f6nnen Sie viele Vorteile genie\u00dfen:<\/p>\n<ul>\n<li><strong>Offizieller Verkaufskanal:<\/strong>\u00a0Wir garantieren authentische Produkte und einen hochwertigen Service.<\/li>\n<li><strong>Gro\u00dfhandel und Einzelhandel:<\/strong>\u00a0Wir bieten flexible Einkaufsm\u00f6glichkeiten f\u00fcr Privatpersonen und Gro\u00dfh\u00e4ndler.<\/li>\n<li><strong>Qualit\u00e4tssicherung:<\/strong>\u00a0Unsere Produkte werden strengen Qualit\u00e4tspr\u00fcfungen unterzogen, um Ihre Zufriedenheit zu gew\u00e4hrleisten.<\/li>\n<li><strong>Weltweiter Versand:<\/strong>\u00a0Wir sind stolz darauf, unsere Produkte in die meisten Teile der Welt zu liefern, damit Sie unsere Produkte genie\u00dfen k\u00f6nnen, egal wo Sie sind.<\/li>\n<li><strong>Erfahrung in der Industrie:<\/strong>\u00a0Mit \u00fcber 8 Jahren Erfahrung auf dem Markt haben wir uns zu einer vertrauensw\u00fcrdigen und erstklassigen Wahl entwickelt.<\/li>\n<li><strong>Langfristige Partnerschaften:<\/strong>\u00a0Wir arbeiten auch mit lokalen Ladenbesitzern in Europa zusammen, was es uns erm\u00f6glicht, schnell auf die Bed\u00fcrfnisse des Marktes zu reagieren und die Frische unserer Produkte zu erhalten.<\/li>\n<\/ul>\n<p>Wenn Sie sich f\u00fcr unsere Einwegdampfer entscheiden, k\u00f6nnen Sie nicht nur eine Vielzahl von Geschmacksrichtungen genie\u00dfen, sondern auch eine au\u00dfergew\u00f6hnliche Dampfreise erleben. F\u00fcr weitere Informationen, besuchen Sie uns bitte <a href=\"http:\/\/dankstarvapes.com\" target=\"_blank\" rel=\"noopener\">dankstarvapes.com<\/a>!<\/p>","protected":false},"excerpt":{"rendered":"<p>Welcome to the future of vaping with the VAPEN Cube 3000 Puffs Vape. Crafted for those who value convenience, exceptional flavor, and reliability, the VAPEN Cube is the perfect choice for both beginner and experienced vapers. Its sleek, compact design makes it easy to carry and use, while its impressive 3000 puffs ensure long-lasting satisfaction [&#8230;]","protected":false},"featured_media":2812,"comment_status":"open","ping_status":"closed","template":"","meta":[],"product_brand":[],"product_cat":[75,77,73,78,71,79,80,81,82,83,84,85,86,87,88,89,90,91,92,126],"product_tag":[],"class_list":{"0":"post-2799","1":"product","2":"type-product","3":"status-publish","4":"has-post-thumbnail","6":"product_cat-2-nicotine-disposable-vape","7":"product_cat-5-nicotine-disposable-vape","8":"product_cat-big-puff-vapes","9":"product_cat-disposable-vape-near-me","10":"product_cat-0-5-nicotine-vapes","11":"product_cat-disposable-vapes-in-austria","12":"product_cat-disposable-vapes-in-belgium","13":"product_cat-disposable-vapes-in-france","14":"product_cat-disposable-vapes-in-germany","15":"product_cat-disposable-vapes-in-ltaly","16":"product_cat-disposable-vapes-in-netherlands","17":"product_cat-disposable-vapes-in-norway","18":"product_cat-disposable-vapes-in-poland","19":"product_cat-disposable-vapes-in-portugal","20":"product_cat-disposable-vapes-in-spain","21":"product_cat-disposable-vapes-in-sweden","22":"product_cat-disposable-vapes-in-switzerland","23":"product_cat-disposable-vapes-in-united-states","24":"product_cat-vape-brands","25":"product_cat-vapen-vape","27":"first","28":"instock","29":"shipping-taxable","30":"purchasable","31":"product-type-variable","32":"has-default-attributes"},"tiered_pricing_type":"fixed","tiered_pricing_fixed_rules":[],"tiered_pricing_product_settings":{"layout":"default","base_unit_name":{"singular":null,"plural":null},"default_variation":null},"tiered_pricing_minimum_quantity":null,"tiered_pricing_roles_data":[],"tiered_pricing_percentage_rules":[],"tiered_pricing_maximum_quantity":null,"tiered_pricing_quantity_step":null,"_links":{"self":[{"href":"https:\/\/vapsolovape.com\/de\/wp-json\/wp\/v2\/product\/2799","targetHints":{"allow":["GET"]}}],"collection":[{"href":"https:\/\/vapsolovape.com\/de\/wp-json\/wp\/v2\/product"}],"about":[{"href":"https:\/\/vapsolovape.com\/de\/wp-json\/wp\/v2\/types\/product"}],"replies":[{"embeddable":true,"href":"https:\/\/vapsolovape.com\/de\/wp-json\/wp\/v2\/comments?post=2799"}],"wp:featuredmedia":[{"embeddable":true,"href":"https:\/\/vapsolovape.com\/de\/wp-json\/wp\/v2\/media\/2812"}],"wp:attachment":[{"href":"https:\/\/vapsolovape.com\/de\/wp-json\/wp\/v2\/media?parent=2799"}],"wp:term":[{"taxonomy":"product_brand","embeddable":true,"href":"https:\/\/vapsolovape.com\/de\/wp-json\/wp\/v2\/product_brand?post=2799"},{"taxonomy":"product_cat","embeddable":true,"href":"https:\/\/vapsolovape.com\/de\/wp-json\/wp\/v2\/product_cat?post=2799"},{"taxonomy":"product_tag","embeddable":true,"href":"https:\/\/vapsolovape.com\/de\/wp-json\/wp\/v2\/product_tag?post=2799"}],"curies":[{"name":"wp","href":"https:\/\/api.w.org\/{rel}","templated":true}]}}