{"id":3400,"date":"2025-02-14T18:31:04","date_gmt":"2025-02-14T10:31:04","guid":{"rendered":"https:\/\/vapsolovape.com\/?post_type=product&#038;p=3400"},"modified":"2025-02-24T17:20:50","modified_gmt":"2025-02-24T09:20:50","slug":"vozol-vista-20000-puffs-2k-vape-ultimative-geschmackskontrolle","status":"publish","type":"product","link":"https:\/\/vapsolovape.com\/de\/produkt\/vozol-vista-20000-puffs-2k-vape-ultimative-geschmackskontrolle\/","title":{"rendered":"Vozol Vista 20000 Puffs 2K Vape - Ultimativer Geschmack, verbesserte Kontrolle und lang anhaltende Leistung"},"content":{"rendered":"<p data-start=\"197\" data-end=\"602\">Treten Sie ein in eine neue \u00c4ra des Dampfens mit dem Vozol Vista 20000 Puffs 2K Vape. Entwickelt f\u00fcr diejenigen, die lang anhaltende Zufriedenheit verlangen, bietet dieses Ger\u00e4t bis zu 20.000 Z\u00fcge reichen, weichen Dampf. Mit verbessertem Geschmack, pr\u00e4ziser Kontrolle und ultimativem Komfort ist der Vozol Vista sowohl f\u00fcr erfahrene Dampfer als auch f\u00fcr Anf\u00e4nger geeignet. Erleben Sie die n\u00e4chste Stufe des Verdampfens und genie\u00dfen Sie jeden Zug auf Ihrer ausgedehnten Reise.<\/p>\n<figure id=\"attachment_8298\" aria-describedby=\"caption-attachment-8298\" style=\"width: 951px\" class=\"wp-caption alignnone\"><img loading=\"lazy\" decoding=\"async\" class=\"wp-image-8298\" src=\"https:\/\/dankstarvapes.com\/wp-content\/uploads\/2024\/12\/Vozol-Vista-20000-2K.webp\" alt=\"Vozol Vista 20000 Windbeutel \" width=\"951\" height=\"535\" title=\"\"><figcaption id=\"caption-attachment-8298\" class=\"wp-caption-text\">Vozol Vista 20000 Windbeutel<\/figcaption><\/figure>\n<hr \/>\n<h3><strong>Wesentliche Merkmale:<\/strong><\/h3>\n<h4><strong>1. Bis zu 20.000 Z\u00fcge f\u00fcr l\u00e4ngeren Genuss<\/strong><\/h4>\n<p>Genie\u00dfen Sie die l\u00e4ngsten Sitzungen mit dem <strong>Vozol Vista 20000<\/strong>. Bietet eine beeindruckende <strong>20.000 Z\u00fcge<\/strong>k\u00f6nnen Sie tagelang ununterbrochen dampfen. Keine Notwendigkeit f\u00fcr h\u00e4ufige Ersetzungen, so dass es perfekt f\u00fcr beide Gelegenheits-und schwere vapers gleicherma\u00dfen.<\/p>\n<h4><strong>2. Dual Mesh Coil f\u00fcr reichen, gleichm\u00e4\u00dfigen Geschmack<\/strong><\/h4>\n<p>Erleben Sie <strong>\u00fcberlegener Geschmack<\/strong> mit jedem Zug. Die <strong>Doppelmaschenspule<\/strong> sorgt daf\u00fcr, dass das E-Liquid gleichm\u00e4\u00dfig erw\u00e4rmt wird, was einen sanften und geschmackvollen Zug von Anfang bis Ende erm\u00f6glicht. Ob Sie nun eine s\u00fc\u00dfe Fruchtmischung oder eine k\u00fchlende Minze genie\u00dfen, der Geschmack bleibt frisch und befriedigend.<\/p>\n<h4><strong>3. 6-stufig einstellbare Leistungsregelung<\/strong><\/h4>\n<p>Passen Sie Ihr Vaping-Erlebnis mit dem <strong>6-stufig einstellbare Leistung<\/strong> Einstellungen. Stellen Sie die Leistung auf Ihre bevorzugte Intensit\u00e4t ein - egal, ob Sie einen sanfteren Zug oder einen kr\u00e4ftigen Zug mit dichter Dampfproduktion w\u00fcnschen. Du hast die Kontrolle \u00fcber Dein Erlebnis.<\/p>\n<h4><strong>4. Lebendiger Farbbildschirm f\u00fcr Echtzeit-\u00dcberwachung<\/strong><\/h4>\n<p>Behalten Sie ein Auge auf Ihre <strong>Lebensdauer der Batterie<\/strong> und <strong>Leistungseinstellungen<\/strong> mit dem <strong>benutzerfreundlicher Farbbildschirm<\/strong>. Das leuchtende Display sorgt daf\u00fcr, dass du den Status deines Ger\u00e4ts immer im Blick hast, damit du immer Bescheid wei\u00dft. Keine \u00dcberraschungen, nur ein nahtloses Dampferlebnis.<\/p>\n<h4><strong>5. Kompaktes &amp; tragbares Design<\/strong><\/h4>\n<p>Das schlanke und tragbare Design des <strong>Vozol Vista 20000<\/strong> passt perfekt in Ihre Hand und l\u00e4sst sich leicht mitnehmen. Egal, ob Sie einen Tag unterwegs sind oder sich einen Moment der Entspannung g\u00f6nnen, dieses kompakte Ger\u00e4t f\u00fcgt sich m\u00fchelos in Ihren Lebensstil ein.<\/p>\n<h4><strong>6. Gro\u00dfe Vielfalt an Geschmacksoptionen<\/strong><\/h4>\n<p>W\u00e4hlen Sie aus einer aufregenden Palette von Geschmacksrichtungen, von fruchtigen Favoriten wie <strong>Wassermelone Eis<\/strong>, <strong>Mango-Eis<\/strong>und <strong>Erdbeer-Mango<\/strong> zu einzigartigen Mischungen wie <strong>Vanicreme<\/strong> und <strong>Drachenfrucht-Banane-Kirsche<\/strong>. Es ist f\u00fcr jeden Geschmack etwas dabei.<\/p>\n<figure id=\"attachment_8299\" aria-describedby=\"caption-attachment-8299\" style=\"width: 1020px\" class=\"wp-caption alignnone\"><img loading=\"lazy\" decoding=\"async\" class=\"wp-image-8299 size-large\" src=\"https:\/\/dankstarvapes.com\/wp-content\/uploads\/2024\/12\/Vozol-Vista-20000-2K-Puffs-Disposable-Vape-1400x700.webp\" alt=\"Vozol Vista 20000 Windbeutel \" width=\"1020\" height=\"510\" title=\"\"><figcaption id=\"caption-attachment-8299\" class=\"wp-caption-text\">Vozol Vista 20000 Windbeutel<\/figcaption><\/figure>\n<hr \/>\n<h3><strong>Warum w\u00e4hlen Sie die Vozol Vista 20000 Puffs 2K Vape?<\/strong><\/h3>\n<ul>\n<li><strong>Unerreichte Puffkapazit\u00e4t<\/strong>: Mit <strong>20.000 Z\u00fcge<\/strong>die <strong>Vozol Vista<\/strong> bietet einen der langlebigsten Einwegverdampfer auf dem Markt.<\/li>\n<li><strong>Verbesserter Geschmack<\/strong>: Die <strong>Doppelmaschenspule<\/strong> sorgt f\u00fcr ein reichhaltiges, weiches und gleichm\u00e4\u00dfiges Aroma bei jeder Sitzung.<\/li>\n<li><strong>Anpassbare Erfahrung<\/strong>: Einstellen der <strong>Leistungseinstellungen<\/strong> f\u00fcr die von Ihnen bevorzugte Intensit\u00e4t, so dass Sie die volle Kontrolle \u00fcber Ihre Verdampfung haben.<\/li>\n<li><strong>Bequem und tragbar<\/strong>: Mit seinem kompakten Design und dem leicht ablesbaren Display ist dieser Vape perfekt f\u00fcr Benutzer, die unterwegs sowohl Stil als auch Leistung w\u00fcnschen.<\/li>\n<li><strong>Einfach zu benutzen<\/strong>: Die <strong>benutzerfreundlicher Farbbildschirm<\/strong> macht die \u00dcberwachung des Fl\u00fcssigkeitsstands, der Leistung und des Batteriestatus zu einem Kinderspiel - perfekt f\u00fcr Anf\u00e4nger und erfahrene Vaper.<\/li>\n<\/ul>\n<hr \/>\n<h3><strong>Geschmacksrichtungen f\u00fcr jedes Verlangen<\/strong><\/h3>\n<p>Entdecken Sie die gro\u00dfe Vielfalt an Geschmacksrichtungen, die mit dem <strong>Vozol Vista 20000<\/strong>:<\/p>\n<ul>\n<li><strong>Wassermelone Eis<\/strong><\/li>\n<li><strong>Miami Mint<\/strong><\/li>\n<li><strong>Pfirsich-Eis<\/strong><\/li>\n<li><strong>Erdbeer-Mango<\/strong><\/li>\n<li><strong>Saurer Apfel Eis<\/strong><\/li>\n<li><strong>Blaubeereis<\/strong><\/li>\n<li><strong>Wassermelone Eis<\/strong><\/li>\n<li><strong>Zitrone-Limette<\/strong><\/li>\n<li><strong>VZbull<\/strong><\/li>\n<li><strong>Himbeere Wassermelone<\/strong><\/li>\n<li><strong>Kirsche Cola<\/strong><\/li>\n<li><strong>Gemischte Beere<\/strong><\/li>\n<li><strong>Pfirsich Mango Wassermelone<\/strong><\/li>\n<li><strong>Wassermelone Kaugummi<\/strong><\/li>\n<li><strong>Vanicreme<\/strong><\/li>\n<li><strong>Tabak<\/strong><\/li>\n<li><strong>Holunderbl\u00fcte Grapefruit<\/strong><\/li>\n<li><strong>Drachenfrucht-Banane-Kirsche<\/strong><\/li>\n<li><strong>Erdbeere-Himbeere-Kirsche<\/strong><\/li>\n<li><strong>Mango-Eis<\/strong><\/li>\n<\/ul>\n<hr \/>\n<h3><strong>Bestellen Sie Ihr Vozol Vista 20000 Puffs 2K Vape heute!<\/strong><\/h3>\n<p>Sind Sie bereit, Ihr Vaping-Erlebnis zu verbessern? Bestellen Sie Ihr <strong>Vozol Vista 20000 Z\u00fcge 2K Vape<\/strong> jetzt und genie\u00dfen Sie die ultimative Mischung aus Geschmack, Leistung und Kontrolle. Egal, ob Sie einen t\u00e4glichen Begleiter oder ein Ger\u00e4t suchen, das Sie langfristig zufriedenstellt, der <strong>Vozol Vista<\/strong> ist Ihre perfekte Wahl.<\/p>\n<p><strong>Warum uns w\u00e4hlen?<\/strong><\/p>\n<p>Durch die Wahl der offiziellen Shop von Einweg-Vapes, k\u00f6nnen Sie viele Vorteile genie\u00dfen:<\/p>\n<ul>\n<li><strong>Offizieller Verkaufskanal:<\/strong>\u00a0Wir garantieren authentische Produkte und einen hochwertigen Service.<\/li>\n<li><strong>Gro\u00dfhandel und Einzelhandel:<\/strong>\u00a0Wir bieten flexible Einkaufsm\u00f6glichkeiten f\u00fcr Privatpersonen und Gro\u00dfh\u00e4ndler.<\/li>\n<li><strong>Qualit\u00e4tssicherung:<\/strong>\u00a0Unsere Produkte werden strengen Qualit\u00e4tspr\u00fcfungen unterzogen, um Ihre Zufriedenheit zu gew\u00e4hrleisten.<\/li>\n<li><strong>Weltweiter Versand:<\/strong>\u00a0Wir sind stolz darauf, unsere Produkte in die meisten Teile der Welt zu liefern, damit Sie unsere Produkte genie\u00dfen k\u00f6nnen, egal wo Sie sind.<\/li>\n<li><strong>Erfahrung in der Industrie:<\/strong>\u00a0Mit \u00fcber 8 Jahren Erfahrung auf dem Markt haben wir uns zu einer vertrauensw\u00fcrdigen und erstklassigen Wahl entwickelt.<\/li>\n<li><strong>Langfristige Partnerschaften:<\/strong>\u00a0Wir arbeiten auch mit lokalen Ladenbesitzern in Europa zusammen, was es uns erm\u00f6glicht, schnell auf die Bed\u00fcrfnisse des Marktes zu reagieren und die Frische unserer Produkte zu erhalten.<\/li>\n<\/ul>\n<p>Wenn Sie sich f\u00fcr unsere Einwegdampfer entscheiden, k\u00f6nnen Sie nicht nur eine Vielzahl von Geschmacksrichtungen genie\u00dfen, sondern auch eine au\u00dfergew\u00f6hnliche Dampfreise erleben. F\u00fcr weitere Informationen, besuchen Sie uns bitte <a href=\"http:\/\/dankstarvapes.com\" target=\"_blank\" rel=\"noopener\">dankstarvapes.com<\/a>!<\/p>","protected":false},"excerpt":{"rendered":"<p>Step into a new era of vaping with the Vozol Vista 20000 Puffs 2K Vape. Designed for those who demand long-lasting satisfaction, this device offers up to 20,000 puffs of rich, smooth vapor. With enhanced flavor, precise control, and ultimate convenience, the Vozol Vista caters to both seasoned vapers and beginners alike. Experience the next [&#8230;]","protected":false},"featured_media":3423,"comment_status":"open","ping_status":"closed","template":"","meta":[],"product_brand":[],"product_cat":[102,77,95,73,78,97,71,79,80,81,82,83,84,85,86,87,88,89,90,91,92,129],"product_tag":[],"class_list":{"0":"post-3400","1":"product","2":"type-product","3":"status-publish","4":"has-post-thumbnail","6":"product_cat-20000-20k-puff-vape","7":"product_cat-5-nicotine-disposable-vape","8":"product_cat-advanced-vape","9":"product_cat-big-puff-vapes","10":"product_cat-disposable-vape-near-me","11":"product_cat-disposable-vape-with-screen","12":"product_cat-0-5-nicotine-vapes","13":"product_cat-disposable-vapes-in-austria","14":"product_cat-disposable-vapes-in-belgium","15":"product_cat-disposable-vapes-in-france","16":"product_cat-disposable-vapes-in-germany","17":"product_cat-disposable-vapes-in-ltaly","18":"product_cat-disposable-vapes-in-netherlands","19":"product_cat-disposable-vapes-in-norway","20":"product_cat-disposable-vapes-in-poland","21":"product_cat-disposable-vapes-in-portugal","22":"product_cat-disposable-vapes-in-spain","23":"product_cat-disposable-vapes-in-sweden","24":"product_cat-disposable-vapes-in-switzerland","25":"product_cat-disposable-vapes-in-united-states","26":"product_cat-vape-brands","27":"product_cat-vozol-vape","29":"first","30":"instock","31":"shipping-taxable","32":"purchasable","33":"product-type-variable","34":"has-default-attributes"},"tiered_pricing_type":"fixed","tiered_pricing_fixed_rules":[],"tiered_pricing_product_settings":{"layout":"default","base_unit_name":{"singular":null,"plural":null},"default_variation":null},"tiered_pricing_minimum_quantity":null,"tiered_pricing_roles_data":[],"tiered_pricing_percentage_rules":[],"tiered_pricing_maximum_quantity":null,"tiered_pricing_quantity_step":null,"_links":{"self":[{"href":"https:\/\/vapsolovape.com\/de\/wp-json\/wp\/v2\/product\/3400","targetHints":{"allow":["GET"]}}],"collection":[{"href":"https:\/\/vapsolovape.com\/de\/wp-json\/wp\/v2\/product"}],"about":[{"href":"https:\/\/vapsolovape.com\/de\/wp-json\/wp\/v2\/types\/product"}],"replies":[{"embeddable":true,"href":"https:\/\/vapsolovape.com\/de\/wp-json\/wp\/v2\/comments?post=3400"}],"wp:featuredmedia":[{"embeddable":true,"href":"https:\/\/vapsolovape.com\/de\/wp-json\/wp\/v2\/media\/3423"}],"wp:attachment":[{"href":"https:\/\/vapsolovape.com\/de\/wp-json\/wp\/v2\/media?parent=3400"}],"wp:term":[{"taxonomy":"product_brand","embeddable":true,"href":"https:\/\/vapsolovape.com\/de\/wp-json\/wp\/v2\/product_brand?post=3400"},{"taxonomy":"product_cat","embeddable":true,"href":"https:\/\/vapsolovape.com\/de\/wp-json\/wp\/v2\/product_cat?post=3400"},{"taxonomy":"product_tag","embeddable":true,"href":"https:\/\/vapsolovape.com\/de\/wp-json\/wp\/v2\/product_tag?post=3400"}],"curies":[{"name":"wp","href":"https:\/\/api.w.org\/{rel}","templated":true}]}}