{"id":3644,"date":"2025-02-14T18:32:21","date_gmt":"2025-02-14T10:32:21","guid":{"rendered":"https:\/\/vapsolovape.com\/?post_type=product&#038;p=3644"},"modified":"2025-02-24T16:07:13","modified_gmt":"2025-02-24T08:07:13","slug":"zooy-blaze-25000-puffs-vape-32ml-wiederaufladbare-aromen","status":"publish","type":"product","link":"https:\/\/vapsolovape.com\/de\/produkt\/zooy-blaze-25000-puffs-vape-32ml-wiederaufladbare-aromen\/","title":{"rendered":"Zooy Blaze 25000 Puffs wiederaufladbare Vape - 32ml, mehrere Geschmacksrichtungen, lang anhaltende Leistung"},"content":{"rendered":"<p>Erleben Sie die n\u00e4chste Stufe des Dampfens mit dem Zooy Blaze 25000 Puffs Vape. Vollgepackt mit 32ml Premium E-Liquid bietet dieser wiederaufladbare Einwegverdampfer bis zu 25.000 Z\u00fcge reichhaltigen, sanften Dampfes. Mit einer gro\u00dfen Auswahl an Geschmacksrichtungen bietet der Zooy Blaze ein anpassbares Dampferlebnis, das l\u00e4nger anh\u00e4lt und bei jeder Session befriedigt. Ob Sie ein Gelegenheitsdampfer sind oder Ihren Kunden hochwertige Produkte anbieten m\u00f6chten, der Zooy Blaze 25000 Puffs Vape ist die perfekte Wahl. Kaufen Sie jetzt und genie\u00dfen Sie unschlagbaren Geschmack und Langlebigkeit mit jedem Zug!<\/p>\n<figure id=\"attachment_8561\" aria-describedby=\"caption-attachment-8561\" style=\"width: 976px\" class=\"wp-caption alignnone\"><img loading=\"lazy\" decoding=\"async\" class=\"wp-image-8561 size-large\" src=\"https:\/\/dankstarvapes.com\/wp-content\/uploads\/2024\/12\/Zooy-Blaze-25000-Puffs-3-976x800.webp\" alt=\"Zooy Blaze 25000 Puffs\" width=\"976\" height=\"800\" title=\"\"><figcaption id=\"caption-attachment-8561\" class=\"wp-caption-text\">Zooy Blaze 25000 Puffs<\/figcaption><\/figure>\n<h4>Warum Zooy Blaze 25000 Puffs Vape w\u00e4hlen?<\/h4>\n<ol>\n<li><strong>Verl\u00e4ngerte Nutzungsdauer mit 25.000 Puffs<\/strong><br \/>\nDer Zooy Blaze liefert eine beeindruckende <strong>25.000 Z\u00fcge<\/strong>und bietet eine Langlebigkeit, die sicherstellt, dass Sie das Dampfen genie\u00dfen k\u00f6nnen, ohne dass Sie sie st\u00e4ndig auswechseln m\u00fcssen. Egal, ob Du unterwegs bist oder eine l\u00e4ngere Session genie\u00dft, dieser Vape wird Dich zufrieden stellen.<\/li>\n<li><strong>32ml E-Liquid Kapazit\u00e4t<\/strong><br \/>\nVorgef\u00fcllt mit einer gro\u00dfz\u00fcgigen <strong>32ml e-Fl\u00fcssigkeit<\/strong>Der Zooy Blaze erm\u00f6glicht ununterbrochenes Dampfen ohne l\u00e4stiges Nachf\u00fcllen. \u00d6ffnen Sie einfach die Verpackung und Sie sind bereit zu dampfen!<\/li>\n<li><strong>Wiederaufladbar f\u00fcr ununterbrochenes Vergn\u00fcgen<\/strong><br \/>\nAusgestattet mit einem <strong>650mAh wiederaufladbare Batterie<\/strong> und eine <strong>Typ-C-Ladeanschluss<\/strong>Der Zooy Blaze bietet effizientes Aufladen f\u00fcr minimale Ausfallzeiten und lang anhaltende Leistung. Genie\u00dfen Sie Ihre Verdampfung, ohne sich Gedanken \u00fcber h\u00e4ufige Ersetzungen.<\/li>\n<li><strong>Gro\u00dfe Vielfalt an Geschmacksrichtungen<\/strong><br \/>\nW\u00e4hlen Sie aus einer spannenden Auswahl an <strong>Geschm\u00e4cker<\/strong> um Ihren pers\u00f6nlichen Geschmacksvorlieben gerecht zu werden. Von fruchtigen Mischungen bis zu minzigen Erfrischungen ist f\u00fcr jeden etwas dabei:<\/p>\n<ul>\n<li><strong>Wassermelone Eis<\/strong>: Ein erfrischender und eisiger Wassermelonen-Sto\u00df.<\/li>\n<li><strong>Blaubeereis<\/strong>: S\u00fc\u00dfe, saftige Blaubeeren mit einem k\u00fchlen Menthol-Abgang.<\/li>\n<li><strong>Erdbeer-Kiwi<\/strong>: Eine perfekte Kombination aus s\u00fc\u00dfen Erdbeeren und spritziger Kiwi.<\/li>\n<li><strong>Weintraube Zitrone<\/strong>: Eine spritzige und s\u00fc\u00dfe Mischung aus Trauben mit einer pikanten Zitronen-Note.<\/li>\n<li><strong>Blue Razz Limonade<\/strong>: Ein spritziger Limonadengeschmack mit der S\u00fc\u00dfe von blauen Himbeeren.<\/li>\n<li><strong>Und mehr<\/strong>: Entdecken Sie weitere k\u00f6stliche Optionen wie Erdbeer-Wassermelone, gemischte Beeren und blaue Minze.<\/li>\n<\/ul>\n<\/li>\n<li><strong>Mesh Coil Technologie f\u00fcr sanften Dampf<\/strong><br \/>\nMit <strong>Netzspulen-Technologie<\/strong>Der Zooy Blaze sorgt f\u00fcr ein gleichm\u00e4\u00dfiges, sanftes Dampferlebnis mit verbesserter Geschmacksbildung. Jeder Zug wird so befriedigend wie der letzte sein.<\/li>\n<li><strong>Kompaktes und tragbares Design<\/strong><br \/>\nDer Zooy Blaze ist leicht und schlank und passt in jede Tasche, was ihn perfekt f\u00fcr das Dampfen unterwegs macht. Nehmen Sie es mit Ihnen, wohin Sie gehen und genie\u00dfen Sie Ihre Lieblings-Aromen jederzeit und \u00fcberall.<\/li>\n<\/ol>\n<figure id=\"attachment_8562\" aria-describedby=\"caption-attachment-8562\" style=\"width: 800px\" class=\"wp-caption alignnone\"><img loading=\"lazy\" decoding=\"async\" class=\"wp-image-8562 size-large\" src=\"https:\/\/dankstarvapes.com\/wp-content\/uploads\/2024\/12\/Zooy-Blaze-25000-Puffs-2-800x800.webp\" alt=\"Zooy Blaze 25000 Puffs\" width=\"800\" height=\"800\" title=\"\"><figcaption id=\"caption-attachment-8562\" class=\"wp-caption-text\">Zooy Blaze 25000 Puffs<\/figcaption><\/figure>\n<h4>Die wichtigsten Merkmale auf einen Blick<\/h4>\n<ul>\n<li><strong>Anzahl der Puffs<\/strong>: 25.000 Z\u00fcge<\/li>\n<li><strong>E-Liquid Kapazit\u00e4t<\/strong>: 32ml vorgef\u00fcllt<\/li>\n<li><strong>Optionen f\u00fcr die Nikotinst\u00e4rke<\/strong>: 0%, 2%, 3%, 5%<\/li>\n<li><strong>Batterie<\/strong>: 650mAh wiederaufladbar<\/li>\n<li><strong>Ladeanschluss<\/strong>: Typ-C f\u00fcr Schnellladung<\/li>\n<li><strong>Spule Typ<\/strong>: Mesh-Spule f\u00fcr weichen und reichen Geschmack<\/li>\n<li><strong>Verpackung<\/strong>: 10 Ger\u00e4te pro Display-Box<\/li>\n<li><strong>Mindestbestellung<\/strong>: 10 St\u00fcck pro Geschmacksrichtung<\/li>\n<\/ul>\n<h4>Perfekt f\u00fcr Gro\u00dfhandel und Einzelhandel<\/h4>\n<ul>\n<li><strong>Gro\u00dfeinkauf leicht gemacht<\/strong>: Jede Displaybox enth\u00e4lt <strong>10 Ger\u00e4te<\/strong>und damit perfekt f\u00fcr <strong>Gro\u00dfhandel<\/strong> und <strong>Einzelhandel<\/strong> Eink\u00e4ufe. Sorgen Sie daf\u00fcr, dass Ihr Vorrat immer wieder aufgef\u00fcllt wird, und gehen Sie mit einer Vielzahl von Geschmacksrichtungen auf die Bed\u00fcrfnisse Ihrer Kunden ein.<\/li>\n<li><strong>Erschwingliche Preisgestaltung<\/strong>: Dank der Gro\u00dfhandelspreise profitieren Sie von g\u00fcnstigen Preisen f\u00fcr stark nachgefragte Produkte. Legen Sie sich einen Vorrat an und bieten Sie Ihren Kunden wettbewerbsf\u00e4hige Preise, w\u00e4hrend Sie Ihre Gewinnspanne maximieren.<\/li>\n<li><strong>Ma\u00dfgeschneiderte Auftr\u00e4ge<\/strong>: Kombinieren Sie verschiedene Geschmacksrichtungen, um die perfekte Kollektion f\u00fcr Ihr Gesch\u00e4ft zusammenzustellen. Ganz gleich, ob Sie sich auf beliebte Geschmacksrichtungen konzentrieren oder ein breiteres Sortiment anbieten m\u00f6chten, wir haben das Richtige f\u00fcr Sie.<\/li>\n<\/ul>\n<h4>Warum bei Elfvaping einkaufen?<\/h4>\n<ul>\n<li><strong>Produkte von h\u00f6chster Qualit\u00e4t<\/strong>: Wir bieten nur das Beste in der Vaping-Technologie, um jedem Kunden ein erstklassiges Erlebnis zu bieten.<\/li>\n<li><strong>Zuverl\u00e4ssige Versorgung<\/strong>: Z\u00e4hlen Sie auf uns, wenn es um eine konstante Lagerhaltung und eine schnelle Abwicklung Ihrer Auftr\u00e4ge geht.<\/li>\n<li><strong>Schnell und einfach bestellen<\/strong>: W\u00e4hlen Sie einfach die Geschmacksrichtungen und Mengen aus, die Sie ben\u00f6tigen, und wir k\u00fcmmern uns um den Rest.<\/li>\n<\/ul>\n<h4>Bestellen Sie Ihr Zooy Blaze 25000 Puffs Vape heute!<\/h4>\n<p>Holen Sie sich die <strong>Zooy Blaze 25000 Puffs Vape<\/strong> und genie\u00dfen Sie ein erstklassiges Dampferlebnis, das lange anh\u00e4lt. Egal, ob Sie ein Vape-Enthusiast oder ein Einzelh\u00e4ndler sind, der seinen Kunden die besten Produkte anbieten m\u00f6chte, der Zooy Blaze hat alles, was Sie brauchen.<\/p>\n<p><strong>Bestellen Sie jetzt und erleben Sie die Zukunft des Dampfens mit Zooy Blaze!<\/strong><\/p>\n<p><strong>Warum uns w\u00e4hlen?<\/strong><\/p>\n<p>Durch die Wahl der offiziellen Shop von Einweg-Vapes, k\u00f6nnen Sie viele Vorteile genie\u00dfen:<\/p>\n<ul>\n<li><strong>Offizieller Verkaufskanal:<\/strong>\u00a0Wir garantieren authentische Produkte und einen hochwertigen Service.<\/li>\n<li><strong>Gro\u00dfhandel und Einzelhandel:<\/strong>\u00a0Wir bieten flexible Einkaufsm\u00f6glichkeiten f\u00fcr Privatpersonen und Gro\u00dfh\u00e4ndler.<\/li>\n<li><strong>Qualit\u00e4tssicherung:<\/strong>\u00a0Unsere Produkte werden strengen Qualit\u00e4tspr\u00fcfungen unterzogen, um Ihre Zufriedenheit zu gew\u00e4hrleisten.<\/li>\n<li><strong>Weltweiter Versand:<\/strong>\u00a0Wir sind stolz darauf, unsere Produkte in die meisten Teile der Welt zu liefern, damit Sie unsere Produkte genie\u00dfen k\u00f6nnen, egal wo Sie sind.<\/li>\n<li><strong>Erfahrung in der Industrie:<\/strong>\u00a0Mit \u00fcber 8 Jahren Erfahrung auf dem Markt haben wir uns zu einer vertrauensw\u00fcrdigen und erstklassigen Wahl entwickelt.<\/li>\n<li><strong>Langfristige Partnerschaften:<\/strong>\u00a0Wir arbeiten auch mit lokalen Ladenbesitzern in Europa zusammen, was es uns erm\u00f6glicht, schnell auf die Bed\u00fcrfnisse des Marktes zu reagieren und die Frische unserer Produkte zu erhalten.<\/li>\n<\/ul>\n<p>Wenn Sie sich f\u00fcr unsere Einwegdampfer entscheiden, k\u00f6nnen Sie nicht nur eine Vielzahl von Geschmacksrichtungen genie\u00dfen, sondern auch eine au\u00dfergew\u00f6hnliche Dampfreise erleben. F\u00fcr weitere Informationen, besuchen Sie uns bitte <a href=\"http:\/\/dankstarvapes.com\" target=\"_blank\" rel=\"noopener\">dankstarvapes.com<\/a>!<\/p>","protected":false},"excerpt":{"rendered":"<p>Experience the next level of vaping with the Zooy Blaze 25000 Puffs Vape. Packed with 32ml of premium e-liquid, this rechargeable disposable vape offers up to 25,000 puffs of rich, smooth vapor. With a wide range of flavors to choose from, the Zooy Blaze delivers a customizable vaping experience that lasts longer and satisfies every [&#8230;]","protected":false},"featured_media":3660,"comment_status":"open","ping_status":"closed","template":"","meta":[],"product_brand":[],"product_cat":[111,95,73,78,79,80,81,82,83,84,85,86,87,88,89,90,91,92,131],"product_tag":[],"class_list":{"0":"post-3644","1":"product","2":"type-product","3":"status-publish","4":"has-post-thumbnail","6":"product_cat-25000-25k-puff-vape","7":"product_cat-advanced-vape","8":"product_cat-big-puff-vapes","9":"product_cat-disposable-vape-near-me","10":"product_cat-disposable-vapes-in-austria","11":"product_cat-disposable-vapes-in-belgium","12":"product_cat-disposable-vapes-in-france","13":"product_cat-disposable-vapes-in-germany","14":"product_cat-disposable-vapes-in-ltaly","15":"product_cat-disposable-vapes-in-netherlands","16":"product_cat-disposable-vapes-in-norway","17":"product_cat-disposable-vapes-in-poland","18":"product_cat-disposable-vapes-in-portugal","19":"product_cat-disposable-vapes-in-spain","20":"product_cat-disposable-vapes-in-sweden","21":"product_cat-disposable-vapes-in-switzerland","22":"product_cat-disposable-vapes-in-united-states","23":"product_cat-vape-brands","24":"product_cat-zooy-vape","26":"first","27":"instock","28":"shipping-taxable","29":"purchasable","30":"product-type-variable","31":"has-default-attributes"},"tiered_pricing_type":"fixed","tiered_pricing_fixed_rules":[],"tiered_pricing_product_settings":{"layout":"default","base_unit_name":{"singular":null,"plural":null},"default_variation":null},"tiered_pricing_minimum_quantity":null,"tiered_pricing_roles_data":[],"tiered_pricing_percentage_rules":[],"tiered_pricing_maximum_quantity":null,"tiered_pricing_quantity_step":null,"_links":{"self":[{"href":"https:\/\/vapsolovape.com\/de\/wp-json\/wp\/v2\/product\/3644","targetHints":{"allow":["GET"]}}],"collection":[{"href":"https:\/\/vapsolovape.com\/de\/wp-json\/wp\/v2\/product"}],"about":[{"href":"https:\/\/vapsolovape.com\/de\/wp-json\/wp\/v2\/types\/product"}],"replies":[{"embeddable":true,"href":"https:\/\/vapsolovape.com\/de\/wp-json\/wp\/v2\/comments?post=3644"}],"wp:featuredmedia":[{"embeddable":true,"href":"https:\/\/vapsolovape.com\/de\/wp-json\/wp\/v2\/media\/3660"}],"wp:attachment":[{"href":"https:\/\/vapsolovape.com\/de\/wp-json\/wp\/v2\/media?parent=3644"}],"wp:term":[{"taxonomy":"product_brand","embeddable":true,"href":"https:\/\/vapsolovape.com\/de\/wp-json\/wp\/v2\/product_brand?post=3644"},{"taxonomy":"product_cat","embeddable":true,"href":"https:\/\/vapsolovape.com\/de\/wp-json\/wp\/v2\/product_cat?post=3644"},{"taxonomy":"product_tag","embeddable":true,"href":"https:\/\/vapsolovape.com\/de\/wp-json\/wp\/v2\/product_tag?post=3644"}],"curies":[{"name":"wp","href":"https:\/\/api.w.org\/{rel}","templated":true}]}}