{"id":376,"date":"2025-02-14T18:15:05","date_gmt":"2025-02-14T10:15:05","guid":{"rendered":"https:\/\/vapsolovape.com\/?post_type=product&#038;p=376"},"modified":"2025-05-30T07:06:12","modified_gmt":"2025-05-29T23:06:12","slug":"elf-box-digital-12000-puff-einweg-vape-0235-groshandel","status":"publish","type":"product","link":"https:\/\/vapsolovape.com\/de\/produkt\/elf-box-digital-12000-puff-einweg-vape-0235-groshandel\/","title":{"rendered":"Elf Box Digital 12000 Puffs Disposable Vape - 23% Rabatt, Gro\u00dfhandel &amp; Einzelhandel Optionen!"},"content":{"rendered":"<div id=\"tab-description\" class=\"woocommerce-Tabs-panel woocommerce-Tabs-panel--description panel entry-content active\" role=\"tabpanel\" aria-labelledby=\"tab-title-description\">\n<p data-start=\"134\" data-end=\"597\">Die <strong data-start=\"138\" data-end=\"185\">Elf Box Digital 12000 Puffs Einweg Vape<\/strong> wurde entwickelt, um Ihr perfekter Begleiter auf einer bemerkenswerten Dampfreise zu sein. Entwickelt f\u00fcr Geschmacksenthusiasten, bietet dieses Ger\u00e4t eine beeindruckende <strong data-start=\"327\" data-end=\"343\">12.000 Z\u00fcge<\/strong>So k\u00f6nnen Sie lange Sessions genie\u00dfen, ohne dass Sie st\u00e4ndig neue Akkus kaufen m\u00fcssen. Egal, ob Sie ein Gelegenheitsdampfer oder ein engagierter Enthusiast sind, der <strong data-start=\"492\" data-end=\"503\">Elfen-Box<\/strong> garantiert Befriedigung mit jedem Zug und bietet au\u00dfergew\u00f6hnlichen Geschmack und anhaltenden Genuss.<\/p>\n<figure id=\"attachment_5612\" class=\"wp-caption aligncenter\" style=\"width: 1702px;\" aria-describedby=\"caption-attachment-5612\"><figcaption id=\"caption-attachment-5612\" class=\"wp-caption-text\">\n<figure id=\"attachment_4833\" aria-describedby=\"caption-attachment-4833\" style=\"width: 1702px\" class=\"wp-caption alignnone\"><img loading=\"lazy\" decoding=\"async\" class=\"wp-image-4833 size-full\" src=\"https:\/\/dankstarvapes.com\/wp-content\/uploads\/2024\/11\/ELF-BOX-12000-puff-1_format.webp\" alt=\"Elf Box digital 12000\" width=\"1702\" height=\"1276\" title=\"\"><figcaption id=\"caption-attachment-4833\" class=\"wp-caption-text\">Elf Box digital 12000<\/figcaption><\/figure>\n<\/figcaption><\/figure>\n<h3>Herausragende Eigenschaften f\u00fcr maximalen Genuss<\/h3>\n<p>Die ELF BOX wird mit einem gro\u00dfz\u00fcgigen <strong>25ml e-Fl\u00fcssigkeit Kapazit\u00e4t<\/strong>und erm\u00f6glicht einen l\u00e4ngeren Gebrauch zwischen den Nachf\u00fcllungen. Sie ist in mehreren Nikotinst\u00e4rken erh\u00e4ltlich <strong>0%<\/strong>, <strong>2%<\/strong>, <strong>3%<\/strong>und <strong>5%<\/strong>und gibt Ihnen die Flexibilit\u00e4t, Ihr Erlebnis individuell zu gestalten. Mit einer leistungsstarken <strong>13350-500mAh wiederaufladbare Batterie<\/strong>haben Sie immer zuverl\u00e4ssige Energie zur Verf\u00fcgung. Das Ger\u00e4t verf\u00fcgt au\u00dferdem \u00fcber ein Display, das die Akkulaufzeit und die E-Liquid-Kapazit\u00e4t klar anzeigt.<\/p>\n<h3>Elf Box digital 12000 Puff Vielseitige Leistungsmodi<\/h3>\n<p>Dieses Ger\u00e4t bietet zwei einstellbare Leistungsmodi, die sich an Ihren Verdampfungsstil anpassen:<\/p>\n<ul>\n<li><strong>Norm-Modus<\/strong>: Genie\u00dfen Sie ein konsistentes Dampferlebnis mit <strong>bis zu 12.000 Z\u00fcge<\/strong>.<\/li>\n<li><strong>Turbo-Modus<\/strong>: Maximieren Sie den Geschmack und die Dampfproduktion und genie\u00dfen Sie ein robustes Dampferlebnis.<\/li>\n<\/ul>\n<p>Zus\u00e4tzlich enth\u00e4lt die ELF BOX <strong>Luftstromregelung<\/strong>So k\u00f6nnen Sie Ihren Zug f\u00fcr optimalen Geschmack und Dampfabgabe anpassen. Mit einfach zu bedienenden Touch-Bedienelementen ist das Ein- und Ausschalten sowie das Umschalten der Modi ein Kinderspiel.<\/p>\n<h3>Elf Box digital 12000 Puff Eine Geschmacksrichtung f\u00fcr jeden Gaumen<\/h3>\n<p>Die ELF BOX 12000 Puffs Disposable Vape ist in einer verlockenden Auswahl von 20 k\u00f6stlichen Geschmacksrichtungen erh\u00e4ltlich, sodass f\u00fcr jeden Geschmack etwas dabei ist:<\/p>\n<ol>\n<li>Erdbeereis<\/li>\n<li>Strawberry Blast<\/li>\n<li>Erdbeere Wassermelone<\/li>\n<li>Gemischtes Obst<\/li>\n<li>Blaues Razzeis<\/li>\n<li>Blaubeere-Sauer-Himbeere<\/li>\n<li>Kiwi Passionsfrucht<\/li>\n<li>Doppelter Apfel<\/li>\n<li>Wassermelone Eis<\/li>\n<li>Wassermelone Bubblegum<\/li>\n<li>Kokosnuss Melone<\/li>\n<li>Kirsche Cola<\/li>\n<li>Pfirsich-Eis<\/li>\n<li>Erdbeere-Banane<\/li>\n<li>Herr Blau<\/li>\n<li>Brombeereis<\/li>\n<li>Mango-Eis<\/li>\n<li>Traubeneis<\/li>\n<li>Pfirsich Beeren<\/li>\n<li>Erdbeer-Kiwi-Frucht<\/li>\n<\/ol>\n<figure id=\"attachment_5613\" class=\"wp-caption aligncenter\" style=\"width: 1702px;\" aria-describedby=\"caption-attachment-5613\"><figcaption id=\"caption-attachment-5613\" class=\"wp-caption-text\">\n<figure id=\"attachment_4834\" aria-describedby=\"caption-attachment-4834\" style=\"width: 2000px\" class=\"wp-caption alignnone\"><img loading=\"lazy\" decoding=\"async\" class=\"wp-image-4834 size-full\" src=\"https:\/\/dankstarvapes.com\/wp-content\/uploads\/2024\/11\/ELF-BOX-12000-puff-2_format.webp\" alt=\"Elf Box digital 12000\" width=\"2000\" height=\"1121\" title=\"\"><figcaption id=\"caption-attachment-4834\" class=\"wp-caption-text\">Elf Box digital 12000<\/figcaption><\/figure>\n<\/figcaption><\/figure>\n<h3>Elf Box digital 12000 Puff Konkurrenzf\u00e4hige Preise f\u00fcr jedermann<\/h3>\n<p>Die ELF BOX 12000 Puffs Disposable Vape bietet wettbewerbsf\u00e4hige Preise, die mit gr\u00f6\u00dferen Mengen sinken, mit Preisen ab so niedrig wie <strong>$6.40<\/strong> pro Einheit. Dies macht es zu einer erschwinglichen Wahl f\u00fcr diejenigen, die ihr Dampferlebnis verbessern und gleichzeitig die Vorteile eines Gro\u00dfeinkaufs genie\u00dfen m\u00f6chten.<\/p>\n<h3>Werden Sie Mitglied der ELF-Familie<\/h3>\n<p>Sind Sie am Vertrieb interessiert? Wir bieten interessante Partnerschaftsm\u00f6glichkeiten, die es Ihnen erm\u00f6glichen, der ELF-Familie beizutreten und von unseren beliebten Produkten zu profitieren. Durch eine Partnerschaft mit uns k\u00f6nnen Sie sich einen erfolgreichen Markt erschlie\u00dfen und Ihr Gesch\u00e4ftsportfolio aufwerten. Um mehr dar\u00fcber zu erfahren, wie Sie mit dem Verkauf der ELF BOX Disposable Vape beginnen k\u00f6nnen, kontaktieren Sie uns bitte f\u00fcr weitere Details. Wir freuen uns darauf, Sie auf dieser lohnenden Reise zu unterst\u00fctzen!<\/p>\n<figure id=\"attachment_5614\" class=\"wp-caption aligncenter\" style=\"width: 788px;\" aria-describedby=\"caption-attachment-5614\"><figcaption id=\"caption-attachment-5614\" class=\"wp-caption-text\">ELF BOX Familie<\/figcaption><\/figure>\n<h3>\u00dcber Elf Box digital 12000 Puffs Einweg Vape<\/h3>\n<p>Zusammenfassend l\u00e4sst sich sagen, dass der ELF BOX 12000 Puffs Disposable Vape innovative Funktionen, beeindruckende Leistung und eine gro\u00dfe Auswahl an Aromen kombiniert, um ein au\u00dfergew\u00f6hnliches Dampferlebnis zu bieten. Verpassen Sie nicht Ihre Chance, Ihre Dampferfahrung mit diesem hochwertigen Ger\u00e4t zu verbessern. Holen Sie sich Ihr Ger\u00e4t noch heute und entdecken Sie, warum die ELF BOX ein Favorit unter den Vapern ist!<\/p>\n<h3>Warum uns w\u00e4hlen?<\/h3>\n<p>Wenn Sie sich f\u00fcr den offiziellen Shop f\u00fcr elektronische Einwegzigaretten entscheiden, haben Sie zahlreiche Vorteile:<\/p>\n<ul>\n<li><strong>Offizieller Verkaufskanal<\/strong>: Wir garantieren echte Produkte und Qualit\u00e4tsservice.<\/li>\n<li><strong>Gro\u00dfhandel und Einzelhandel<\/strong>: Flexible Einkaufsm\u00f6glichkeiten f\u00fcr Privatpersonen und Gro\u00dfh\u00e4ndler.<\/li>\n<li><strong>Qualit\u00e4tssicherung<\/strong>: Unsere Produkte werden strengen Qualit\u00e4tspr\u00fcfungen unterzogen, um Ihre Zufriedenheit zu gew\u00e4hrleisten.<\/li>\n<li><strong>Globaler Versand<\/strong>: Wir liefern in die meisten Regionen der Welt, so dass Sie unsere Produkte \u00fcberall genie\u00dfen k\u00f6nnen, wo Sie sind.<\/li>\n<li><strong>Erfahrung in der Industrie<\/strong>: Seit \u00fcber 8 Jahren auf dem Markt, haben wir uns als vertrauensw\u00fcrdige Wahl f\u00fcr Qualit\u00e4t etabliert.<\/li>\n<li><strong>Langfristige Partnerschaften<\/strong>: Wir arbeiten mit lokalen Ladenbesitzern zusammen und k\u00f6nnen so schnell auf die Marktnachfrage reagieren.<\/li>\n<\/ul>\n<p>Wenn Sie sich f\u00fcr unsere elektronischen Einwegzigaretten entscheiden, erhalten Sie nicht nur Zugang zu einer Vielzahl von Geschmacksrichtungen, sondern auch ein au\u00dfergew\u00f6hnliches Dampferlebnis. F\u00fcr weitere Informationen, besuchen Sie uns unter <a href=\"http:\/\/dankstarvapes.com\" target=\"_blank\" rel=\"noopener\">dankstarvapes.com<\/a>!<\/p>\n<\/div>","protected":false},"excerpt":{"rendered":"<p>The Elf Box Digital 12000 Puffs Disposable Vape is designed to be your perfect companion on a remarkable vaping journey. Engineered for flavor enthusiasts, this device offers an impressive 12,000 puffs, ensuring you can enjoy extended sessions without the hassle of constant replacements. Whether you\u2019re a casual vaper or a dedicated enthusiast, the Elf Box [&#8230;]","protected":false},"featured_media":406,"comment_status":"open","ping_status":"closed","template":"","meta":[],"product_brand":[],"product_cat":[72,74,75,76,77,73,78,71,79,80,81,82,83,84,85,86,87,88,89,90,91,93,16,92],"product_tag":[],"class_list":{"0":"post-376","1":"product","2":"type-product","3":"status-publish","4":"has-post-thumbnail","6":"product_cat-0-nicotine-disposable-vape","7":"product_cat-12000-12k-puff-vape","8":"product_cat-2-nicotine-disposable-vape","9":"product_cat-3-nicotine-disposable-vape","10":"product_cat-5-nicotine-disposable-vape","11":"product_cat-big-puff-vapes","12":"product_cat-disposable-vape-near-me","13":"product_cat-0-5-nicotine-vapes","14":"product_cat-disposable-vapes-in-austria","15":"product_cat-disposable-vapes-in-belgium","16":"product_cat-disposable-vapes-in-france","17":"product_cat-disposable-vapes-in-germany","18":"product_cat-disposable-vapes-in-ltaly","19":"product_cat-disposable-vapes-in-netherlands","20":"product_cat-disposable-vapes-in-norway","21":"product_cat-disposable-vapes-in-poland","22":"product_cat-disposable-vapes-in-portugal","23":"product_cat-disposable-vapes-in-spain","24":"product_cat-disposable-vapes-in-sweden","25":"product_cat-disposable-vapes-in-switzerland","26":"product_cat-disposable-vapes-in-united-states","27":"product_cat-elf-box-vapes","28":"product_cat-uncategorized","29":"product_cat-vape-brands","31":"first","32":"instock","33":"shipping-taxable","34":"purchasable","35":"product-type-variable","36":"has-default-attributes"},"tiered_pricing_type":"fixed","tiered_pricing_fixed_rules":[],"tiered_pricing_product_settings":{"layout":"default","base_unit_name":{"singular":null,"plural":null},"default_variation":null},"tiered_pricing_minimum_quantity":null,"tiered_pricing_roles_data":[],"tiered_pricing_percentage_rules":[],"tiered_pricing_maximum_quantity":null,"tiered_pricing_quantity_step":null,"_links":{"self":[{"href":"https:\/\/vapsolovape.com\/de\/wp-json\/wp\/v2\/product\/376","targetHints":{"allow":["GET"]}}],"collection":[{"href":"https:\/\/vapsolovape.com\/de\/wp-json\/wp\/v2\/product"}],"about":[{"href":"https:\/\/vapsolovape.com\/de\/wp-json\/wp\/v2\/types\/product"}],"replies":[{"embeddable":true,"href":"https:\/\/vapsolovape.com\/de\/wp-json\/wp\/v2\/comments?post=376"}],"wp:featuredmedia":[{"embeddable":true,"href":"https:\/\/vapsolovape.com\/de\/wp-json\/wp\/v2\/media\/406"}],"wp:attachment":[{"href":"https:\/\/vapsolovape.com\/de\/wp-json\/wp\/v2\/media?parent=376"}],"wp:term":[{"taxonomy":"product_brand","embeddable":true,"href":"https:\/\/vapsolovape.com\/de\/wp-json\/wp\/v2\/product_brand?post=376"},{"taxonomy":"product_cat","embeddable":true,"href":"https:\/\/vapsolovape.com\/de\/wp-json\/wp\/v2\/product_cat?post=376"},{"taxonomy":"product_tag","embeddable":true,"href":"https:\/\/vapsolovape.com\/de\/wp-json\/wp\/v2\/product_tag?post=376"}],"curies":[{"name":"wp","href":"https:\/\/api.w.org\/{rel}","templated":true}]}}