{"id":3800,"date":"2025-02-14T18:33:15","date_gmt":"2025-02-14T10:33:15","guid":{"rendered":"https:\/\/vapsolovape.com\/?post_type=product&#038;p=3800"},"modified":"2026-04-14T22:15:03","modified_gmt":"2026-04-14T14:15:03","slug":"zooy-vape-shisha-25000-puffs-vape-lang-anhaltende-geschmackvolle","status":"publish","type":"product","link":"https:\/\/vapsolovape.com\/de\/produkt\/zooy-vape-shisha-25000-puffs-vape-lang-anhaltende-geschmackvolle\/","title":{"rendered":"ZOOY VAPE SHISHA bietet 25000 Puffs Vape mit einer dauerhaften und schmackhaften Erfahrung."},"content":{"rendered":"<p>Die <strong>ZOOY Vape SHISHA 25000 Z\u00fcge<\/strong> ist ein hochwertiger Einwegdampfer, der ein au\u00dfergew\u00f6hnliches, lang anhaltendes Erlebnis mit bis zu 25.000 Z\u00fcgen bietet. Ausgestattet mit einem schlanken Design, einstellbarem Luftstrom und der Option <strong>2%<\/strong> oder <strong>5%<\/strong> <strong>Nikotin<\/strong> St\u00e4rke, bietet es eine anpassbare und glatte vaping Erfahrung. Die Anti-Staub-Kappe h\u00e4lt das Ger\u00e4t sauber und gesch\u00fctzt, w\u00e4hrend die wiederaufladbare Funktion den Komfort und die Kosteneffizienz erh\u00f6ht. Erh\u00e4ltlich in einer breiten Palette von lebendigen Geschmacksrichtungen, die <strong>ZOOY 25000 Windbeutel<\/strong> sorgt f\u00fcr gleichbleibenden Geschmack und sanften Dampf bei jedem Zug und ist damit die ideale Wahl f\u00fcr alle, die Qualit\u00e4t und Langlebigkeit suchen.<\/p>\n<figure id=\"attachment_8733\" aria-describedby=\"caption-attachment-8733\" style=\"width: 800px\" class=\"wp-caption alignnone\"><img loading=\"lazy\" decoding=\"async\" class=\"wp-image-8733 size-full\" src=\"https:\/\/dankstarvapes.com\/wp-content\/uploads\/2024\/12\/ZOOY-VAPE-SHISHA-25000-.webp\" alt=\"ZOOY VAPE SHISHA 25000 Z\u00fcge\" width=\"800\" height=\"789\" title=\"\"><figcaption id=\"caption-attachment-8733\" class=\"wp-caption-text\">ZOOY VAPE SHISHA 25000 Z\u00fcge<\/figcaption><\/figure>\n<hr \/>\n<h3>Warum ZOOY VAPE SHISHA 25000 Puffs w\u00e4hlen?<\/h3>\n<h4><strong>1. Beeindruckende Puffkapazit\u00e4t<\/strong><\/h4>\n<p>Mit bis zu <strong>25.000 Z\u00fcge<\/strong> pro Ger\u00e4t h\u00e4lt der ZOOY VAPE SHISHA l\u00e4nger als die meisten anderen Einweg-Vapes auf dem Markt, so dass Sie ihn l\u00e4nger nutzen k\u00f6nnen, ohne ihn h\u00e4ufig austauschen zu m\u00fcssen.<\/p>\n<h4><strong>2. Hervorragende Geschmacksabgabe<\/strong><\/h4>\n<p>Ausgestattet mit einem <strong>Spule mit 0,5\u03a9 Maschenweite<\/strong>Der SHISHA 25000 sorgt f\u00fcr sanften Dampf und intensiven Geschmack bei jedem Zug und ist damit ideal f\u00fcr Geschmacksliebhaber, die das Beste verlangen.<\/p>\n<h4><strong>3. Anpassbare Vaping-Erfahrung<\/strong><\/h4>\n<p>Die <strong>einstellbarer Luftstrom<\/strong> k\u00f6nnen Sie den Zug an Ihre pers\u00f6nlichen Vorlieben anpassen, ob Sie nun einen engeren, kontrollierteren Zug oder einen lockereren, luftigeren Zug bevorzugen.<\/p>\n<h4><strong>4. Wiederaufladbar f\u00fcr l\u00e4ngeren Gebrauch<\/strong><\/h4>\n<p>Verabschieden Sie sich von Unterbrechungen. Mit einer <strong>650mAh wiederaufladbare Batterie<\/strong> und eine <strong>Typ-C-Ladeanschluss<\/strong>Der SHISHA 25000 gew\u00e4hrleistet, dass Sie so lange wie n\u00f6tig ununterbrochen dampfen k\u00f6nnen.<\/p>\n<h4><strong>5. Entwickelt f\u00fcr Hygiene und Bequemlichkeit<\/strong><\/h4>\n<p>Eine <strong>Staubschutzkappe<\/strong> sch\u00fctzt Ihr Ger\u00e4t vor Schmutz und Ablagerungen und sorgt so f\u00fcr ein sauberes und sicheres Dampferlebnis. Au\u00dferdem ist die <strong>animierter Bildschirm<\/strong> liefert Echtzeit-Updates zum Status Ihres Ger\u00e4ts.<\/p>\n<figure id=\"attachment_8734\" aria-describedby=\"caption-attachment-8734\" style=\"width: 800px\" class=\"wp-caption alignnone\"><img loading=\"lazy\" decoding=\"async\" class=\"wp-image-8734 size-large\" src=\"https:\/\/dankstarvapes.com\/wp-content\/uploads\/2024\/12\/ZOOY-SHISHA-25000-800x800.webp\" alt=\"ZOOY VAPE SHISHA 25000 Z\u00fcge\" width=\"800\" height=\"800\" title=\"\"><figcaption id=\"caption-attachment-8734\" class=\"wp-caption-text\">ZOOY VAPE SHISHA 25000 Z\u00fcge<\/figcaption><\/figure>\n<hr \/>\n<h3><strong>ZOOY VAPE SHISHA 25000 Puffs - Spezifikationen<\/strong><\/h3>\n<table>\n<thead>\n<tr>\n<th>Merkmal<\/th>\n<th>Einzelheiten<\/th>\n<\/tr>\n<\/thead>\n<tbody>\n<tr>\n<td><strong>Puff-Kapazit\u00e4t<\/strong><\/td>\n<td>Bis zu <strong>25.000 Z\u00fcge<\/strong><\/td>\n<\/tr>\n<tr>\n<td><strong>E-Liquid Kapazit\u00e4t<\/strong><\/td>\n<td><strong>28mL vorgef\u00fcllt<\/strong><\/td>\n<\/tr>\n<tr>\n<td><strong>St\u00e4rke-Stufen<\/strong><\/td>\n<td>Verf\u00fcgbar in <strong>2%<\/strong> und <strong>5%<\/strong> Optionen<\/td>\n<\/tr>\n<tr>\n<td><strong>Batterie<\/strong><\/td>\n<td><strong>650mAh wiederaufladbar<\/strong> mit <strong>Typ-C<\/strong> Ladeanschluss<\/td>\n<\/tr>\n<tr>\n<td><strong>Spule Typ<\/strong><\/td>\n<td><strong>Maschenspule (0,5\u03a9)<\/strong> f\u00fcr weichen Dampf und Geschmack<\/td>\n<\/tr>\n<tr>\n<td><strong>Luftstrom<\/strong><\/td>\n<td><strong>Einstellbarer Luftstrom<\/strong> f\u00fcr eine personalisierte Verlosung<\/td>\n<\/tr>\n<tr>\n<td><strong>Kappe Design<\/strong><\/td>\n<td><strong>Anti-Staub-Kappe<\/strong> f\u00fcr Hygiene und Sicherheit<\/td>\n<\/tr>\n<tr>\n<td><strong>Anzeige<\/strong><\/td>\n<td><strong>Animierter Bildschirm<\/strong> f\u00fcr Echtzeit-Informationen<\/td>\n<\/tr>\n<tr>\n<td><strong>Mund-zu-Lunge<\/strong><\/td>\n<td>Sanftes und aromatisches Dampferlebnis<\/td>\n<\/tr>\n<tr>\n<td><strong>Gewicht<\/strong><\/td>\n<td><strong>100g<\/strong> pro St\u00fcck<\/td>\n<\/tr>\n<tr>\n<td><strong>Verpackung<\/strong><\/td>\n<td><strong>10 St\u00fcck pro Karton<\/strong>, <strong>200 St\u00fcck pro Karton<\/strong><\/td>\n<\/tr>\n<\/tbody>\n<\/table>\n<hr \/>\n<h3><strong>Verf\u00fcgbare Geschmacksrichtungen<\/strong><\/h3>\n<p>Entdecken Sie eine Vielfalt an k\u00f6stlichen Geschmacksrichtungen, die jeden Gaumen zufrieden stellen werden:<\/p>\n<ul>\n<li><strong>Blaubeer-Minze<\/strong>: Eine erfrischende Mischung aus s\u00fc\u00dfen Heidelbeeren und Minze.<\/li>\n<li><strong>Mango-Ananas<\/strong>: Ein tropischer Mix aus saftiger Mango und reifer Ananas.<\/li>\n<li><strong>Wassermelone Eis<\/strong>: Ein k\u00fchler, erfrischender Ausbruch von Wassermelonengeschmack mit einem frostigen Abgang.<\/li>\n<li><strong>Erdbeer-Kiwi<\/strong>: Die perfekte Mischung aus s\u00fc\u00dfen Erdbeeren und spritziger Kiwi.<\/li>\n<li><strong>Pfirsich Mango Zitrone<\/strong>: Eine sanfte Verschmelzung von tropischem Pfirsich, Mango und einem spritzigen Zitronenkick.<\/li>\n<li><strong>Gemischte Beeren<\/strong>: Eine lebendige Mischung aus spritzigen und s\u00fc\u00dfen Beerenaromen.<\/li>\n<\/ul>\n<hr \/>\n<h3><strong>Warum ZOOY VAPE SHISHA 25000 Puffs bei uns kaufen?<\/strong><\/h3>\n<ul>\n<li><strong>Erstklassige Qualit\u00e4t<\/strong>: Wir bieten die h\u00f6chste Qualit\u00e4t Vapes f\u00fcr eine konsistente und befriedigende Erfahrung.<\/li>\n<li><strong>Bulk-freundlich f\u00fcr Einzelh\u00e4ndler<\/strong>: Gro\u00dfhandelspreise und Gro\u00dfbestellungen machen es perfekt f\u00fcr Einzelh\u00e4ndler und Vape-Shops.<\/li>\n<li><strong>Vielf\u00e4ltige Optionen f\u00fcr Geschmack und St\u00e4rke<\/strong>: Eine breite Palette von Vorlieben, von Geschmacksprofilen bis hin zu Nikotinst\u00e4rken, wird abgedeckt.<\/li>\n<li><strong>Zuverl\u00e4ssige Leistung<\/strong>: Der SHISHA 25000 Puffs Vape bietet mit seiner hohen Puffzahl und seinem wiederaufladbaren Design ununterbrochenen, lang anhaltenden Genuss.<\/li>\n<\/ul>\n<hr \/>\n<h3><strong>Wie man bestellt<\/strong><\/h3>\n<p><strong>Verf\u00fcgbarkeit im Gro\u00dfhandel<\/strong><br \/>\nMit <strong>200 St\u00fcck pro Karton<\/strong>Sie ist ideal f\u00fcr Einzelh\u00e4ndler, die sich mit einem stark nachgefragten Produkt eindecken wollen.<\/p>\n<p><strong>Jetzt bestellen<\/strong><br \/>\nSind Sie bereit, die Zukunft des Einwegdampfens zu erleben? Bestellen Sie noch heute und genie\u00dfen Sie au\u00dfergew\u00f6hnliche Leistung, Premium-Aromen und unschlagbaren Komfort mit der <strong>ZOOY VAPE SHISHA 25000 Puffs Vape<\/strong>.<\/p>\n<hr \/>\n<p><em>F\u00fcr Gro\u00dfbestellungen oder weitere Informationen k\u00f6nnen Sie uns gerne kontaktieren. Wir sind hier, um Ihnen zu helfen, die perfekte L\u00f6sung f\u00fcr Ihre Bed\u00fcrfnisse zu finden.<\/em><\/p>\n<p><strong>Warum uns w\u00e4hlen?<\/strong><\/p>\n<p>Durch die Wahl der offiziellen Shop von Einweg-Vapes, k\u00f6nnen Sie viele Vorteile genie\u00dfen:<\/p>\n<ul>\n<li><strong>Offizieller Verkaufskanal:<\/strong>\u00a0Wir garantieren authentische Produkte und einen hochwertigen Service.<\/li>\n<li><strong>Gro\u00dfhandel und Einzelhandel:<\/strong>\u00a0Wir bieten flexible Einkaufsm\u00f6glichkeiten f\u00fcr Privatpersonen und Gro\u00dfh\u00e4ndler.<\/li>\n<li><strong>Qualit\u00e4tssicherung:<\/strong>\u00a0Unsere Produkte werden strengen Qualit\u00e4tspr\u00fcfungen unterzogen, um Ihre Zufriedenheit zu gew\u00e4hrleisten.<\/li>\n<li><strong>Weltweiter Versand:<\/strong>\u00a0Wir sind stolz darauf, unsere Produkte in die meisten Teile der Welt zu liefern, damit Sie unsere Produkte genie\u00dfen k\u00f6nnen, egal wo Sie sind.<\/li>\n<li><strong>Erfahrung in der Industrie:<\/strong>\u00a0Mit \u00fcber 8 Jahren Erfahrung auf dem Markt haben wir uns zu einer vertrauensw\u00fcrdigen und erstklassigen Wahl entwickelt.<\/li>\n<li><strong>Langfristige Partnerschaften:<\/strong>\u00a0Wir arbeiten auch mit lokalen Ladenbesitzern in Europa zusammen, was es uns erm\u00f6glicht, schnell auf die Bed\u00fcrfnisse des Marktes zu reagieren und die Frische unserer Produkte zu erhalten.<\/li>\n<\/ul>\n<p>Wenn Sie sich f\u00fcr unsere Einwegdampfer entscheiden, k\u00f6nnen Sie nicht nur eine Vielzahl von Geschmacksrichtungen genie\u00dfen, sondern auch eine au\u00dfergew\u00f6hnliche Dampfreise erleben. F\u00fcr weitere Informationen, besuchen Sie uns bitte <a href=\"http:\/\/dankstarvapes.com\" target=\"_blank\" rel=\"noopener\">dankstarvapes.com<\/a>!<\/p>","protected":false},"excerpt":{"rendered":"<p>The ZOOY Vape SHISHA 25000 Puffs is a premium disposable vape that delivers an exceptional, long-lasting experience with up to 25,000 puffs. Featuring a sleek design, adjustable airflow, and the option of 2% or 5% nicotine strength, it provides a customizable and smooth vaping experience. The anti-dust cap keeps the device clean and protected, while [&#8230;]","protected":false},"featured_media":3830,"comment_status":"open","ping_status":"closed","template":"","meta":[],"product_brand":[],"product_cat":[75,111,77,95,73,78,96,71,79,80,81,82,83,84,85,86,87,88,89,90,91,92,131],"product_tag":[],"class_list":{"0":"post-3800","1":"product","2":"type-product","3":"status-publish","4":"has-post-thumbnail","6":"product_cat-2-nicotine-disposable-vape","7":"product_cat-25000-25k-puff-vape","8":"product_cat-5-nicotine-disposable-vape","9":"product_cat-advanced-vape","10":"product_cat-big-puff-vapes","11":"product_cat-disposable-vape-near-me","12":"product_cat-disposable-vape-with-led-light","13":"product_cat-0-5-nicotine-vapes","14":"product_cat-disposable-vapes-in-austria","15":"product_cat-disposable-vapes-in-belgium","16":"product_cat-disposable-vapes-in-france","17":"product_cat-disposable-vapes-in-germany","18":"product_cat-disposable-vapes-in-ltaly","19":"product_cat-disposable-vapes-in-netherlands","20":"product_cat-disposable-vapes-in-norway","21":"product_cat-disposable-vapes-in-poland","22":"product_cat-disposable-vapes-in-portugal","23":"product_cat-disposable-vapes-in-spain","24":"product_cat-disposable-vapes-in-sweden","25":"product_cat-disposable-vapes-in-switzerland","26":"product_cat-disposable-vapes-in-united-states","27":"product_cat-vape-brands","28":"product_cat-zooy-vape","30":"first","31":"instock","32":"shipping-taxable","33":"purchasable","34":"product-type-variable","35":"has-default-attributes"},"tiered_pricing_type":"fixed","tiered_pricing_fixed_rules":[],"tiered_pricing_product_settings":{"layout":"default","base_unit_name":{"singular":null,"plural":null},"default_variation":null},"tiered_pricing_minimum_quantity":null,"tiered_pricing_roles_data":[],"tiered_pricing_percentage_rules":[],"tiered_pricing_maximum_quantity":null,"tiered_pricing_quantity_step":null,"_links":{"self":[{"href":"https:\/\/vapsolovape.com\/de\/wp-json\/wp\/v2\/product\/3800","targetHints":{"allow":["GET"]}}],"collection":[{"href":"https:\/\/vapsolovape.com\/de\/wp-json\/wp\/v2\/product"}],"about":[{"href":"https:\/\/vapsolovape.com\/de\/wp-json\/wp\/v2\/types\/product"}],"replies":[{"embeddable":true,"href":"https:\/\/vapsolovape.com\/de\/wp-json\/wp\/v2\/comments?post=3800"}],"wp:featuredmedia":[{"embeddable":true,"href":"https:\/\/vapsolovape.com\/de\/wp-json\/wp\/v2\/media\/3830"}],"wp:attachment":[{"href":"https:\/\/vapsolovape.com\/de\/wp-json\/wp\/v2\/media?parent=3800"}],"wp:term":[{"taxonomy":"product_brand","embeddable":true,"href":"https:\/\/vapsolovape.com\/de\/wp-json\/wp\/v2\/product_brand?post=3800"},{"taxonomy":"product_cat","embeddable":true,"href":"https:\/\/vapsolovape.com\/de\/wp-json\/wp\/v2\/product_cat?post=3800"},{"taxonomy":"product_tag","embeddable":true,"href":"https:\/\/vapsolovape.com\/de\/wp-json\/wp\/v2\/product_tag?post=3800"}],"curies":[{"name":"wp","href":"https:\/\/api.w.org\/{rel}","templated":true}]}}