{"id":465,"date":"2025-02-14T18:15:24","date_gmt":"2025-02-14T10:15:24","guid":{"rendered":"https:\/\/vapsolovape.com\/?post_type=product&#038;p=465"},"modified":"2025-02-26T16:06:36","modified_gmt":"2025-02-26T08:06:36","slug":"elf-box-ls-15000-puffs-wegwerfbare-vape-unubertroffenen-geschmack-und-langlebigkeit","status":"publish","type":"product","link":"https:\/\/vapsolovape.com\/de\/produkt\/elf-box-ls-15000-puffs-wegwerfbare-vape-unubertroffenen-geschmack-und-langlebigkeit\/","title":{"rendered":"ELF BOX LS 15000 Puffs - Der Einweg-Vape mit un\u00fcbertroffenem Geschmack und Haltbarkeit!"},"content":{"rendered":"<div id=\"tab-description\" class=\"woocommerce-Tabs-panel woocommerce-Tabs-panel--description panel entry-content active\" role=\"tabpanel\" aria-labelledby=\"tab-title-description\">\n<p data-start=\"129\" data-end=\"606\">Die <strong data-start=\"133\" data-end=\"175\">ELF BOX LS 15000 Puffs Einweg-Vape<\/strong> bietet ein au\u00dfergew\u00f6hnliches Dampferlebnis, das sowohl Gelegenheitskonsumenten als auch passionierte Dampfer zufriedenstellt. Mit einer beeindruckenden <strong data-start=\"302\" data-end=\"318\">15.000 Z\u00fcge<\/strong>Dieses Ger\u00e4t sorgt f\u00fcr lang anhaltende Sessions ohne die Unannehmlichkeiten eines h\u00e4ufigen Austauschs. Sein schlankes Design, gepaart mit einer breiten Palette an k\u00f6stlichen Geschmacksrichtungen, macht den <strong data-start=\"494\" data-end=\"505\">ELF BOX<\/strong> ist der perfekte Begleiter f\u00fcr Ihre Dampfreise, der mit jedem Zug f\u00fcr Stil und Zufriedenheit sorgt.<\/p>\n<figure id=\"attachment_4826\" aria-describedby=\"caption-attachment-4826\" style=\"width: 2560px\" class=\"wp-caption alignnone\"><img loading=\"lazy\" decoding=\"async\" class=\"wp-image-4826 size-full\" src=\"https:\/\/dankstarvapes.com\/wp-content\/uploads\/2024\/11\/ELF-BOX-15000-Puffs-2-scaled.webp\" alt=\"ELF BOX LS 15000\" width=\"2560\" height=\"2560\" title=\"\"><figcaption id=\"caption-attachment-4826\" class=\"wp-caption-text\">ELF BOX LS 15000<\/figcaption><\/figure>\n<h3>ELF BOX LS 15000 Puffs Herausragende Eigenschaften f\u00fcr ultimativen Genuss<\/h3>\n<p><strong>ELF BOX LS 15000 <\/strong>ist ausgestattet mit einem gro\u00dfz\u00fcgigen <strong>26ml e-Fl\u00fcssigkeit Kapazit\u00e4t<\/strong>So k\u00f6nnen Sie auch l\u00e4ngere Vaping-Sessions genie\u00dfen. W\u00e4hlen Sie aus verschiedenen Nikotinst\u00e4rken von <strong>0%, 2% und 5%<\/strong>So k\u00f6nnen Sie Ihre Erfahrung ganz nach Ihren W\u00fcnschen gestalten. Die leistungsstarke <strong>18250-600mAh wiederaufladbare Batterie<\/strong> sorgt f\u00fcr zuverl\u00e4ssige Leistung, w\u00e4hrend das Aufladen schnell und bequem vonstatten geht. Das leichte Design (mit einem Gewicht von nur <strong>91g<\/strong>) und kompakte Gr\u00f6\u00dfe (<strong>124,5 x 31,5 mm<\/strong>) machen es einfach, es \u00fcberall hin mitzunehmen.<\/p>\n<h3>ELF BOX LS 15000 Genie\u00dfen Sie eine vielseitige Geschmacksauswahl<\/h3>\n<p>Die ELF BOX 15000 Puffs Disposable Vape ist in einer verlockenden Auswahl an Geschmacksrichtungen erh\u00e4ltlich, die jedem Gaumen schmeicheln:<\/p>\n<ol>\n<li>Brombeereis<\/li>\n<li>Heidelbeere auf Eis<\/li>\n<li>Kiwi Passionsfrucht<\/li>\n<li>Erdbeer-Kiwi<\/li>\n<li>Blue Razz Limonade<\/li>\n<li>Wassermelone Eis<\/li>\n<li>Erdbeere Wassermelone<\/li>\n<li>Erdbeereis<\/li>\n<li>Pfirsich Mango Ananas<\/li>\n<li>Traubeneis<\/li>\n<li>Mango-Banane<\/li>\n<li>Gemischte Beeren<\/li>\n<\/ol>\n<h3>Wettbewerbsf\u00e4hige Preise f\u00fcr alle<\/h3>\n<p>Die ELF BOX 15000 Puffs Disposable Vape bietet wettbewerbsf\u00e4hige Preise ab $6.79 pro Einheit. Genie\u00dfen Sie noch gr\u00f6\u00dfere Einsparungen mit Gro\u00dfeinkauf Optionen - je mehr Sie kaufen, desto mehr sparen Sie!<\/p>\n<h3>Werden Sie Mitglied der ELF BOX-Familie<\/h3>\n<p>Sind Sie am Vertrieb interessiert? Wir bieten Ihnen interessante M\u00f6glichkeiten, sich der ELF BOX-Familie anzuschlie\u00dfen und von unseren umsatzstarken Produkten zu profitieren. Eine Partnerschaft mit uns \u00f6ffnet Ihnen die T\u00fcren zu einem erfolgreichen Markt und erweitert Ihr Gesch\u00e4ftsportfolio. F\u00fcr weitere Informationen dar\u00fcber, wie Sie mit dem Vertrieb der ELF BOX Disposable Vape beginnen k\u00f6nnen, kontaktieren Sie uns bitte noch heute!<\/p>\n<h3>\u00dcber die ELF BOX LS 15000 Puffs Einweg-Vape<\/h3>\n<p>Zusammenfassend l\u00e4sst sich sagen, dass die <strong>ELF BOX 15000 Puffs Einweg-Vape<\/strong> kombiniert innovative Funktionen, bemerkenswerte Leistung und eine umfangreiche Auswahl an Aromen, um ein unvergleichliches Dampferlebnis zu bieten. Verpassen Sie es nicht, Ihre Dampferfahrung mit diesem hochwertigen Ger\u00e4t zu verbessern. Holen Sie sich Ihren noch heute und finden Sie heraus, warum die ELF BOX ein Favorit unter den Vapern ist!<\/p>\n<h3>Entdecken Sie mehr von ELF BOX<\/h3>\n<h3>Warum uns w\u00e4hlen?<\/h3>\n<p>Wenn Sie sich f\u00fcr den offiziellen Shop f\u00fcr elektronische Einwegzigaretten entscheiden, haben Sie zahlreiche Vorteile:<\/p>\n<ul>\n<li><strong>Offizieller Verkaufskanal<\/strong>: Wir garantieren echte Produkte und Qualit\u00e4tsservice.<\/li>\n<li><strong>Gro\u00dfhandel und Einzelhandel<\/strong>: Flexible Einkaufsm\u00f6glichkeiten f\u00fcr Privatpersonen und Gro\u00dfh\u00e4ndler.<\/li>\n<li><strong>Qualit\u00e4tssicherung<\/strong>: Unsere Produkte werden strengen Qualit\u00e4tspr\u00fcfungen unterzogen, um Ihre Zufriedenheit zu gew\u00e4hrleisten.<\/li>\n<li><strong>Globaler Versand<\/strong>: Wir liefern in die meisten Regionen der Welt, so dass Sie unsere Produkte \u00fcberall genie\u00dfen k\u00f6nnen, wo Sie sind.<\/li>\n<li><strong>Erfahrung in der Industrie<\/strong>: Seit \u00fcber 8 Jahren auf dem Markt, haben wir uns als vertrauensw\u00fcrdige Wahl f\u00fcr Qualit\u00e4t etabliert.<\/li>\n<li><strong>Langfristige Partnerschaften<\/strong>: Wir arbeiten mit lokalen Ladenbesitzern zusammen und k\u00f6nnen so schnell auf die Marktnachfrage reagieren.<\/li>\n<\/ul>\n<p>Wenn Sie sich f\u00fcr unsere elektronischen Einwegzigaretten entscheiden, erhalten Sie nicht nur Zugang zu einer Vielzahl von Geschmacksrichtungen, sondern auch ein au\u00dfergew\u00f6hnliches Dampferlebnis. F\u00fcr weitere Informationen, besuchen Sie uns unter <a href=\"http:\/\/dankstarvapes.com\" target=\"_blank\" rel=\"noopener\">dankstarvapes.com<\/a>!<\/p>\n<\/div>","protected":false},"excerpt":{"rendered":"<p>The ELF BOX LS 15000 Puffs Disposable Vape offers an exceptional vaping experience, designed to satisfy both casual users and dedicated vapers alike. With an impressive 15,000 puffs, this device ensures long-lasting sessions without the inconvenience of frequent replacements. Its sleek design, coupled with a wide range of mouthwatering flavors, makes the ELF BOX the [&#8230;]","protected":false},"featured_media":470,"comment_status":"open","ping_status":"closed","template":"","meta":[],"product_brand":[],"product_cat":[72,94,75,77,73,133,78,71,79,80,81,82,83,84,85,86,87,88,89,90,91,93,16,92],"product_tag":[],"class_list":{"0":"post-465","1":"product","2":"type-product","3":"status-publish","4":"has-post-thumbnail","6":"product_cat-0-nicotine-disposable-vape","7":"product_cat-15000-15k-puff-vape","8":"product_cat-2-nicotine-disposable-vape","9":"product_cat-5-nicotine-disposable-vape","10":"product_cat-big-puff-vapes","11":"product_cat-crystal-vape","12":"product_cat-disposable-vape-near-me","13":"product_cat-0-5-nicotine-vapes","14":"product_cat-disposable-vapes-in-austria","15":"product_cat-disposable-vapes-in-belgium","16":"product_cat-disposable-vapes-in-france","17":"product_cat-disposable-vapes-in-germany","18":"product_cat-disposable-vapes-in-ltaly","19":"product_cat-disposable-vapes-in-netherlands","20":"product_cat-disposable-vapes-in-norway","21":"product_cat-disposable-vapes-in-poland","22":"product_cat-disposable-vapes-in-portugal","23":"product_cat-disposable-vapes-in-spain","24":"product_cat-disposable-vapes-in-sweden","25":"product_cat-disposable-vapes-in-switzerland","26":"product_cat-disposable-vapes-in-united-states","27":"product_cat-elf-box-vapes","28":"product_cat-uncategorized","29":"product_cat-vape-brands","31":"first","32":"instock","33":"shipping-taxable","34":"purchasable","35":"product-type-variable","36":"has-default-attributes"},"tiered_pricing_type":"fixed","tiered_pricing_fixed_rules":[],"tiered_pricing_product_settings":{"layout":"default","base_unit_name":{"singular":null,"plural":null},"default_variation":null},"tiered_pricing_minimum_quantity":null,"tiered_pricing_roles_data":[],"tiered_pricing_percentage_rules":[],"tiered_pricing_maximum_quantity":null,"tiered_pricing_quantity_step":null,"_links":{"self":[{"href":"https:\/\/vapsolovape.com\/de\/wp-json\/wp\/v2\/product\/465","targetHints":{"allow":["GET"]}}],"collection":[{"href":"https:\/\/vapsolovape.com\/de\/wp-json\/wp\/v2\/product"}],"about":[{"href":"https:\/\/vapsolovape.com\/de\/wp-json\/wp\/v2\/types\/product"}],"replies":[{"embeddable":true,"href":"https:\/\/vapsolovape.com\/de\/wp-json\/wp\/v2\/comments?post=465"}],"wp:featuredmedia":[{"embeddable":true,"href":"https:\/\/vapsolovape.com\/de\/wp-json\/wp\/v2\/media\/470"}],"wp:attachment":[{"href":"https:\/\/vapsolovape.com\/de\/wp-json\/wp\/v2\/media?parent=465"}],"wp:term":[{"taxonomy":"product_brand","embeddable":true,"href":"https:\/\/vapsolovape.com\/de\/wp-json\/wp\/v2\/product_brand?post=465"},{"taxonomy":"product_cat","embeddable":true,"href":"https:\/\/vapsolovape.com\/de\/wp-json\/wp\/v2\/product_cat?post=465"},{"taxonomy":"product_tag","embeddable":true,"href":"https:\/\/vapsolovape.com\/de\/wp-json\/wp\/v2\/product_tag?post=465"}],"curies":[{"name":"wp","href":"https:\/\/api.w.org\/{rel}","templated":true}]}}