{"id":509,"date":"2025-02-14T18:15:37","date_gmt":"2025-02-14T10:15:37","guid":{"rendered":"https:\/\/vapsolovape.com\/?post_type=product&#038;p=509"},"modified":"2025-02-26T16:03:25","modified_gmt":"2025-02-26T08:03:25","slug":"elf-box-rgb-14000-einweg-vape-lebendige-aromen-und-lang-anhaltenden-genuss","status":"publish","type":"product","link":"https:\/\/vapsolovape.com\/de\/produkt\/elf-box-rgb-14000-einweg-vape-lebendige-aromen-und-lang-anhaltenden-genuss\/","title":{"rendered":"ELF BOX RGB 14000 Disposable Vape - Erleben Sie lebendige Aromen und lang anhaltenden Genuss!"},"content":{"rendered":"<div id=\"tab-description\" class=\"woocommerce-Tabs-panel woocommerce-Tabs-panel--description panel entry-content active\" role=\"tabpanel\" aria-labelledby=\"tab-title-description\">\n<p data-start=\"133\" data-end=\"545\">Die <strong data-start=\"137\" data-end=\"174\">ELF BOX RGB 14000 Einweg-Vape<\/strong> ist die ultimative Wahl f\u00fcr Dampfer, die sowohl au\u00dfergew\u00f6hnliche Leistung als auch einen auff\u00e4lligen Stil suchen. Mit einer beeindruckenden <strong data-start=\"289\" data-end=\"305\">14.000 Z\u00fcge<\/strong>bietet dieses Ger\u00e4t lang anhaltende Freude und macht h\u00e4ufiges Auswechseln \u00fcberfl\u00fcssig. Sein schlankes Design wird durch ein lebhaftes <strong data-start=\"442\" data-end=\"455\">RGB-Licht<\/strong>Das mitgelieferte Schl\u00fcsselband macht sie perfekt f\u00fcr das Vaping unterwegs.<\/p>\n<div class=\"mceTemp\"><\/div>\n<figure id=\"attachment_4823\" aria-describedby=\"caption-attachment-4823\" style=\"width: 2000px\" class=\"wp-caption alignnone\"><img loading=\"lazy\" decoding=\"async\" class=\"size-full wp-image-4823\" src=\"https:\/\/dankstarvapes.com\/wp-content\/uploads\/2024\/11\/ELF-BOX-RGB-14000-3-1.webp\" alt=\"ELF BOX RGB 14000 (3)\" width=\"2000\" height=\"1275\" title=\"\"><figcaption id=\"caption-attachment-4823\" class=\"wp-caption-text\">ELF BOX RGB 14000 (3)<\/figcaption><\/figure>\n<h3><strong>Puffs: 14.000 Puffs &amp; Kern: Mesh-Spule 1,0 Ohm<\/strong><\/h3>\n<p>Der ELF BOX RGB 14000 Disposable Vape bietet beeindruckende 14.000 Z\u00fcge, gepaart mit einer 1,0-Ohm-Mesh-Spule, um sicherzustellen, dass jeder Zug sanft und geschmackvoll ist. Ob f\u00fcr den t\u00e4glichen Gebrauch oder f\u00fcr unterwegs, Sie k\u00f6nnen eine dauerhafte Dampferfahrung genie\u00dfen.<\/p>\n<h3><strong>ELF BOX RGB 14000 Vielseitige Optionen und tragbares Design<\/strong><\/h3>\n<p>E-Fl\u00fcssigkeit: 25ml &amp; RGB-Licht + Schl\u00fcsselband<br \/>\nDieses Ger\u00e4t verf\u00fcgt \u00fcber ein Fassungsverm\u00f6gen von 25 ml E-Liquid und bietet mehrere Optionen f\u00fcr die Nikotinst\u00e4rke (0%, 2%, 3%, 5%), so dass der Benutzer sein Dampferlebnis an seine Vorlieben anpassen kann. Sein leichtes Design, kombiniert mit RGB-Beleuchtung und einem Schl\u00fcsselband, sorgt f\u00fcr Tragbarkeit und Stil und macht ihn zum idealen Begleiter beim Dampfen.<\/p>\n<h3><strong>ELF BOX RGB 14000 Au\u00dfergew\u00f6hnliche Eigenschaften f\u00fcr jeden Vaper<\/strong><\/h3>\n<ul>\n<li><strong>Kern:<\/strong> Ausgestattet mit einem <strong>1.0ohm Netzspule<\/strong>und sorgt so f\u00fcr geschmeidige und geschmackvolle Treffer.<\/li>\n<li><strong>E-Liquid Kapazit\u00e4t:<\/strong> Gro\u00dfz\u00fcgig <strong>25ml<\/strong> E-Liquid-Kapazit\u00e4t f\u00fcr l\u00e4ngeren Gebrauch.<\/li>\n<li><strong>Nikotin-Optionen:<\/strong> Verf\u00fcgbar in <strong>0%<\/strong>, <strong>2%<\/strong>, <strong>3%<\/strong>und <strong>5%<\/strong> Nikotinst\u00e4rken, die es Ihnen erm\u00f6glichen, Ihr Erlebnis individuell zu gestalten.<\/li>\n<li><strong>Batterie:<\/strong> Angetrieben von einem <strong>600mAh wiederaufladbare Batterie<\/strong> mit Ladefunktion f\u00fcr Komfort und Zuverl\u00e4ssigkeit.<\/li>\n<\/ul>\n<h3><strong>Kompaktes und leichtes Design<\/strong><\/h3>\n<p>Nur Wiegen <strong>100g<\/strong> und Messung <strong>35<em>36<\/em>133,5 mm<\/strong>Die ELF BOX RGB ist leicht und tragbar, so dass man sie \u00fcberallhin mitnehmen und benutzen kann.<\/p>\n<h3><strong>ELF BOX RGB 14000 Eine Geschmacksrichtung f\u00fcr jeden Gaumen<\/strong><\/h3>\n<p>W\u00e4hlen Sie aus einer aufregenden Auswahl an Geschmacksrichtungen, darunter:<\/p>\n<ul>\n<li>Erdbeere Wassermelone<\/li>\n<li>Blaues Razzeis<\/li>\n<li>Erdbeereis<\/li>\n<li>Traubeneis<\/li>\n<li>Minze Eis<\/li>\n<li>Red Bull<\/li>\n<li>Doppelter Apfel<\/li>\n<li>\u00dcppiges Eis<\/li>\n<li>Pfirsich-Mango<\/li>\n<li>Kirsche Soda<\/li>\n<\/ul>\n<figure id=\"attachment_5778\" class=\"wp-caption aligncenter\" style=\"width: 2560px;\" aria-describedby=\"caption-attachment-5778\">\n<figure id=\"attachment_4824\" aria-describedby=\"caption-attachment-4824\" style=\"width: 2560px\" class=\"wp-caption alignnone\"><img loading=\"lazy\" decoding=\"async\" class=\"size-full wp-image-4824\" src=\"https:\/\/dankstarvapes.com\/wp-content\/uploads\/2024\/11\/ELF-BOX-RGB-14000-4-scaled.webp\" alt=\"ELF BOX RGB 14000 (4)\" width=\"2560\" height=\"587\" title=\"\"><figcaption id=\"caption-attachment-4824\" class=\"wp-caption-text\">ELF BOX RGB 14000 (4)<\/figcaption><\/figure><figcaption id=\"caption-attachment-5778\" class=\"wp-caption-text\"><strong style=\"font-size: 20.16px;\">Konkurrenzf\u00e4hige Preisgestaltung<\/strong><\/figcaption><\/figure>\n<p>Die ELF BOX RGB 14000 Disposable Vape ist f\u00fcr den Gro\u00dfhandel erh\u00e4ltlich, mit Preisen, die sie zu einer erschwinglichen Option f\u00fcr Einzelpersonen und Einzelh\u00e4ndler machen. Je mehr Sie kaufen, desto mehr k\u00f6nnen Sie sparen!<\/p>\n<h3><strong>Werden Sie Mitglied der ELF-Familie<\/strong><\/h3>\n<p>Sind Sie an Vertriebsm\u00f6glichkeiten interessiert? Eine Partnerschaft mit uns erm\u00f6glicht Ihnen den Zugang zu einem umsatzstarken Produkt und die Erweiterung Ihres Gesch\u00e4ftsportfolios. F\u00fcr weitere Informationen dar\u00fcber, wie Sie mit dem Vertrieb der ELF BOX RGB beginnen k\u00f6nnen, kontaktieren Sie uns bitte!<\/p>\n<h3><strong>Erleben Sie die ELF BOX RGB 14000 Disposable Vape heute!<\/strong><\/h3>\n<p>Lassen Sie sich dieses innovative Ger\u00e4t nicht entgehen. Holen Sie sich Ihr Ger\u00e4t jetzt und genie\u00dfen Sie die perfekte Mischung aus Geschmack, Langlebigkeit und Stil!<\/p>\n<h3>Warum uns w\u00e4hlen?<\/h3>\n<p>Wenn Sie sich f\u00fcr den offiziellen Shop f\u00fcr elektronische Einwegzigaretten entscheiden, haben Sie zahlreiche Vorteile:<\/p>\n<ul>\n<li><strong>Offizieller Verkaufskanal<\/strong>: Wir garantieren echte Produkte und Qualit\u00e4tsservice.<\/li>\n<li><strong>Gro\u00dfhandel und Einzelhandel<\/strong>: Flexible Einkaufsm\u00f6glichkeiten f\u00fcr Privatpersonen und Gro\u00dfh\u00e4ndler.<\/li>\n<li><strong>Qualit\u00e4tssicherung<\/strong>: Unsere Produkte werden strengen Qualit\u00e4tspr\u00fcfungen unterzogen, um Ihre Zufriedenheit zu gew\u00e4hrleisten.<\/li>\n<li><strong>Globaler Versand<\/strong>: Wir liefern in die meisten Regionen der Welt, so dass Sie unsere Produkte \u00fcberall genie\u00dfen k\u00f6nnen, wo Sie sind.<\/li>\n<li><strong>Erfahrung in der Industrie<\/strong>: Seit \u00fcber 8 Jahren auf dem Markt, haben wir uns als vertrauensw\u00fcrdige Wahl f\u00fcr Qualit\u00e4t etabliert.<\/li>\n<li><strong>Langfristige Partnerschaften<\/strong>: Wir arbeiten mit lokalen Ladenbesitzern zusammen und k\u00f6nnen so schnell auf die Marktnachfrage reagieren.<\/li>\n<\/ul>\n<p>Wenn Sie sich f\u00fcr unsere elektronischen Einwegzigaretten entscheiden, erhalten Sie nicht nur Zugang zu einer Vielzahl von Geschmacksrichtungen, sondern auch ein au\u00dfergew\u00f6hnliches Dampferlebnis. F\u00fcr weitere Informationen, besuchen Sie uns unter <a href=\"http:\/\/dankstarvapes.com\" target=\"_blank\" rel=\"noopener\">dankstarvapes.com<\/a>!<\/p>\n<\/div>","protected":false},"excerpt":{"rendered":"<p>The ELF BOX RGB 14000 Disposable Vape is the ultimate choice for vapers seeking both exceptional performance and eye-catching style. With an impressive 14,000 puffs, this device provides long-lasting enjoyment, eliminating the need for frequent replacements. Its sleek design is enhanced by a vibrant RGB light, adding a unique touch, while the included lanyard makes [&#8230;]","protected":false},"featured_media":534,"comment_status":"open","ping_status":"closed","template":"","meta":[],"product_brand":[],"product_cat":[72,94,75,76,77,95,73,78,96,71,79,80,81,82,83,84,85,86,87,88,89,90,91,93,16,92],"product_tag":[],"class_list":{"0":"post-509","1":"product","2":"type-product","3":"status-publish","4":"has-post-thumbnail","6":"product_cat-0-nicotine-disposable-vape","7":"product_cat-15000-15k-puff-vape","8":"product_cat-2-nicotine-disposable-vape","9":"product_cat-3-nicotine-disposable-vape","10":"product_cat-5-nicotine-disposable-vape","11":"product_cat-advanced-vape","12":"product_cat-big-puff-vapes","13":"product_cat-disposable-vape-near-me","14":"product_cat-disposable-vape-with-led-light","15":"product_cat-0-5-nicotine-vapes","16":"product_cat-disposable-vapes-in-austria","17":"product_cat-disposable-vapes-in-belgium","18":"product_cat-disposable-vapes-in-france","19":"product_cat-disposable-vapes-in-germany","20":"product_cat-disposable-vapes-in-ltaly","21":"product_cat-disposable-vapes-in-netherlands","22":"product_cat-disposable-vapes-in-norway","23":"product_cat-disposable-vapes-in-poland","24":"product_cat-disposable-vapes-in-portugal","25":"product_cat-disposable-vapes-in-spain","26":"product_cat-disposable-vapes-in-sweden","27":"product_cat-disposable-vapes-in-switzerland","28":"product_cat-disposable-vapes-in-united-states","29":"product_cat-elf-box-vapes","30":"product_cat-uncategorized","31":"product_cat-vape-brands","33":"first","34":"instock","35":"shipping-taxable","36":"purchasable","37":"product-type-variable","38":"has-default-attributes"},"tiered_pricing_type":"fixed","tiered_pricing_fixed_rules":[],"tiered_pricing_product_settings":{"layout":"default","base_unit_name":{"singular":null,"plural":null},"default_variation":null},"tiered_pricing_minimum_quantity":null,"tiered_pricing_roles_data":[],"tiered_pricing_percentage_rules":[],"tiered_pricing_maximum_quantity":null,"tiered_pricing_quantity_step":null,"_links":{"self":[{"href":"https:\/\/vapsolovape.com\/de\/wp-json\/wp\/v2\/product\/509","targetHints":{"allow":["GET"]}}],"collection":[{"href":"https:\/\/vapsolovape.com\/de\/wp-json\/wp\/v2\/product"}],"about":[{"href":"https:\/\/vapsolovape.com\/de\/wp-json\/wp\/v2\/types\/product"}],"replies":[{"embeddable":true,"href":"https:\/\/vapsolovape.com\/de\/wp-json\/wp\/v2\/comments?post=509"}],"wp:featuredmedia":[{"embeddable":true,"href":"https:\/\/vapsolovape.com\/de\/wp-json\/wp\/v2\/media\/534"}],"wp:attachment":[{"href":"https:\/\/vapsolovape.com\/de\/wp-json\/wp\/v2\/media?parent=509"}],"wp:term":[{"taxonomy":"product_brand","embeddable":true,"href":"https:\/\/vapsolovape.com\/de\/wp-json\/wp\/v2\/product_brand?post=509"},{"taxonomy":"product_cat","embeddable":true,"href":"https:\/\/vapsolovape.com\/de\/wp-json\/wp\/v2\/product_cat?post=509"},{"taxonomy":"product_tag","embeddable":true,"href":"https:\/\/vapsolovape.com\/de\/wp-json\/wp\/v2\/product_tag?post=509"}],"curies":[{"name":"wp","href":"https:\/\/api.w.org\/{rel}","templated":true}]}}