{"id":614,"date":"2025-02-14T18:15:59","date_gmt":"2025-02-14T10:15:59","guid":{"rendered":"https:\/\/vapsolovape.com\/?post_type=product&#038;p=614"},"modified":"2025-07-14T18:55:26","modified_gmt":"2025-07-14T10:55:26","slug":"fizzy-boom-vape-13000-13k-puffs-kaufen-online-einzelhandel-groshandel","status":"publish","type":"product","link":"https:\/\/vapsolovape.com\/de\/produkt\/fizzy-boom-vape-13000-13k-puffs-kaufen-online-einzelhandel-groshandel\/","title":{"rendered":"Fizzy Boom Vape 13000 Puffs - Shop Online, Einzelhandel &amp; Gro\u00dfhandel Optionen verf\u00fcgbar"},"content":{"rendered":"<div id=\"tab-description\" class=\"woocommerce-Tabs-panel woocommerce-Tabs-panel--description panel entry-content active\" role=\"tabpanel\" aria-labelledby=\"tab-title-description\">\n<p data-start=\"134\" data-end=\"518\">Die <strong data-start=\"138\" data-end=\"169\">Fizzy Boom Vape 13000 Z\u00fcge<\/strong> wurde entwickelt, um sowohl Gelegenheitsnutzern als auch engagierten Vapern ein au\u00dfergew\u00f6hnliches Erlebnis zu bieten. Mit einer beeindruckenden <strong data-start=\"276\" data-end=\"292\">13.000 Z\u00fcge<\/strong>sorgt dieses Ger\u00e4t f\u00fcr ununterbrochenen Genuss Ihrer Lieblingsaromen. Egal, ob Sie f\u00fcr den pers\u00f6nlichen Gebrauch kaufen oder Optionen f\u00fcr den Einzel- und Gro\u00dfhandel erkunden, die <strong data-start=\"454\" data-end=\"473\">Fizzy Boom Vape<\/strong> bietet au\u00dfergew\u00f6hnlichen Wert und Zufriedenheit.<\/p>\n<figure id=\"attachment_4802\" aria-describedby=\"caption-attachment-4802\" style=\"width: 1120px\" class=\"wp-caption alignnone\"><img loading=\"lazy\" decoding=\"async\" class=\"size-full wp-image-4802\" src=\"https:\/\/dankstarvapes.com\/wp-content\/uploads\/2024\/11\/Fizzy-Boom-Vape-1300013k-Puffs-4.webp\" alt=\"Fizzy Boom Vape 1300013k Puffs (4)\" width=\"1120\" height=\"1380\" title=\"\"><figcaption id=\"caption-attachment-4802\" class=\"wp-caption-text\">Fizzy Boom Vape 1300013k Puffs (4)<\/figcaption><\/figure>\n<h2><strong>Fizzy Boom Vape 13000 <\/strong>Unerreichte Geschmacksauswahl<\/h2>\n<p>Eines der herausragenden Merkmale des <strong>Fizzy Boom Vape 13000 Z\u00fcge<\/strong> ist sein umfangreiches Geschmackssortiment. Mit 12 k\u00f6stlichen Optionen ist f\u00fcr jeden Geschmack etwas dabei:<\/p>\n<ol>\n<li>Pfirsich<\/li>\n<li>Blaubeereis<\/li>\n<li>Traubeneis<\/li>\n<li>Strawberry<\/li>\n<li>Wassermelone Eis<\/li>\n<li>Heidelbeere Wassermelone Bubblegum<\/li>\n<li>Saurer Apfel<\/li>\n<li>Wassermelone Kirsche<\/li>\n<li>Heidelbeer-Melone<\/li>\n<li>Kiwi-Beereneis<\/li>\n<li>Heidelbeere-Himbeere-Zitrone<\/li>\n<li>Erdbeere Wassermelone Granatapfel<\/li>\n<\/ol>\n<p>Jede Geschmacksrichtung ist so konzipiert, dass sie ein erfrischendes und befriedigendes Erlebnis bietet, so dass jeder Zug ein Genuss ist. Von der S\u00fc\u00dfe des Pfirsichs bis hin zur K\u00fchle des Blaubeereises k\u00f6nnen Sie eine Vielzahl von Geschmacksrichtungen genie\u00dfen, die Ihr Dampferlebnis aufregend machen...<\/p>\n<figure id=\"attachment_4803\" aria-describedby=\"caption-attachment-4803\" style=\"width: 2560px\" class=\"wp-caption alignnone\"><img loading=\"lazy\" decoding=\"async\" class=\"size-full wp-image-4803\" src=\"https:\/\/dankstarvapes.com\/wp-content\/uploads\/2024\/11\/Fizzy-Boom-Vape-1300013k-Puffs-3-scaled.webp\" alt=\"Fizzy Boom Vape 1300013k Puffs (3)\" width=\"2560\" height=\"2560\" title=\"\"><figcaption id=\"caption-attachment-4803\" class=\"wp-caption-text\">Fizzy Boom Vape 1300013k Puffs (3)<\/figcaption><\/figure>\n<h2>Kompaktes und tragbares Design<\/h2>\n<p>Die <strong>Fizzy Boom Vape<\/strong> ist auf Bequemlichkeit ausgelegt. Dank seiner kompakten Gr\u00f6\u00dfe l\u00e4sst er sich leicht transportieren, sodass Sie ihn \u00fcberallhin mitnehmen k\u00f6nnen, egal ob Sie unterwegs sind oder sich zu Hause entspannen. Dar\u00fcber hinaus verbessert die Metalllackierung nicht nur seine \u00c4sthetik, sondern verleiht ihm auch ein hochwertiges Gef\u00fchl, so dass er f\u00fcr jeden Vaper geeignet ist.<\/p>\n<h2><strong>Fizzy Boom Vape 13000 <\/strong>Reibungslose und angenehme Vaping-Erfahrung<\/h2>\n<p>Ausgestattet mit einer Netzspule, ist die <strong>Sprudel-Boom<\/strong>\u00a0sorgt f\u00fcr ein sanftes und angenehmes Dampferlebnis. Diese Technologie verbessert die Geschmacksabgabe, so dass Sie die reichen, fruchtigen Aromen bei jedem Inhalieren voll genie\u00dfen k\u00f6nnen. Das Ger\u00e4t hat auch eine gro\u00dfz\u00fcgige 21ml e-Fl\u00fcssigkeit Kapazit\u00e4t, minimiert die Notwendigkeit f\u00fcr h\u00e4ufige Nachf\u00fcllungen, so dass Sie mehr auf den Genuss und weniger auf Wartung konzentrieren k\u00f6nnen.<\/p>\n<h2>Benutzerfreundliche Funktionen<\/h2>\n<p>F\u00fcr zus\u00e4tzlichen Komfort sorgt die <strong>Sprudel-Boom<\/strong> verf\u00fcgt \u00fcber ein LCD-Display, das die Akkulaufzeit und die E-Saft-Kapazit\u00e4t anzeigt. So k\u00f6nnen Sie Ihren Dampfbedarf \u00fcberwachen und sicherstellen, dass Sie immer f\u00fcr Ihre n\u00e4chste Session bereit sind.<\/p>\n<h2><strong>Fizzy Boom Vape 13000 <\/strong>Anpassbare Nikotin-Optionen<\/h2>\n<p>Die <strong>Fizzy Boom Vape<\/strong> bietet Nikotinsalzkonzentrationen von 2% und 5%, so dass Sie Ihr Erlebnis individuell gestalten k\u00f6nnen. Ob Sie einen sanfteren oder einen st\u00e4rkeren Zug bevorzugen, Sie k\u00f6nnen den Nikotingehalt w\u00e4hlen, der zu Ihrem Stil passt.<\/p>\n<h2>Wettbewerbsf\u00e4hige Preise f\u00fcr alle<\/h2>\n<p>Die <strong>Fizzy Boom 13000 Puffs<\/strong> ist preislich wettbewerbsf\u00e4hig und damit eine ausgezeichnete Wahl f\u00fcr alle, die ihr Dampferlebnis verbessern wollen, ohne die Bank zu sprengen. Dar\u00fcber hinaus k\u00f6nnen Sie ein fantastisches Preis-Leistungs-Verh\u00e4ltnis genie\u00dfen, w\u00e4hrend Sie sich an hochwertigen Aromen und fortschrittlichen Funktionen erfreuen. F\u00fcr Einzel- und Gro\u00dfh\u00e4ndler sind Gro\u00dfeinkaufsoptionen verf\u00fcgbar, die es Ihnen erm\u00f6glichen, Ihre Gewinne zu maximieren, w\u00e4hrend Sie Ihren Kunden erstklassige Produkte anbieten.<\/p>\n<h2>Schlie\u00dfen Sie sich noch heute der Fizzy Revolution an<\/h2>\n<p>Bereit zum Erleben der <strong>Fizzy Boom Vape 13000 Z\u00fcge<\/strong> f\u00fcr sich selbst? Dann erkunden Sie unsere Kollektion und entdecken Sie, warum dieses Ger\u00e4t schnell zu einem Favoriten unter den Verdampfern wird. Mit seinem lang anhaltenden Geschmack, m\u00fchelosem Komfort und stilvollem Design ist es klar, dass der <strong>Sprudel-Boom<\/strong> ist die ideale Wahl f\u00fcr alle Ihre Verdampfungsbed\u00fcrfnisse. Verpassen Sie es nicht - finden Sie noch heute Ihren perfekten Vape!<\/p>\n<h3>Jetzt loslegen<\/h3>\n<p>Verpassen Sie nicht die Chance, Ihre Vaping-Reise zu verbessern. Kaufen Sie noch heute online f\u00fcr die <strong>Fizzy Boom 13000 Puffs<\/strong>und schlie\u00dfen Sie sich der Fizzy-Revolution an. Egal, ob Sie auf der Suche nach einem pers\u00f6nlichen Vaping-Ger\u00e4t oder einer profitablen Erg\u00e4nzung Ihres Einzelhandelsangebots sind, der Fizzy Boom ist die perfekte L\u00f6sung.<\/p>\n<p>Erleben Sie den Unterschied mit <strong>Fizzy Boom 13000 Puffs<\/strong> und g\u00f6nnen Sie sich den ultimativen Vaping-Genuss!<\/p>\n<p><strong>Warum uns w\u00e4hlen?<\/strong><\/p>\n<p>Durch die Wahl der offiziellen Shop von Einweg-Vapes, k\u00f6nnen Sie viele Vorteile genie\u00dfen:<\/p>\n<ul>\n<li><strong>Offizieller Verkaufskanal:<\/strong>\u00a0Wir garantieren authentische Produkte und einen hochwertigen Service.<\/li>\n<li><strong>Gro\u00dfhandel und Einzelhandel:<\/strong>\u00a0Wir bieten flexible Einkaufsm\u00f6glichkeiten f\u00fcr Privatpersonen und Gro\u00dfh\u00e4ndler.<\/li>\n<li><strong>Qualit\u00e4tssicherung:<\/strong>\u00a0Unsere Produkte werden strengen Qualit\u00e4tspr\u00fcfungen unterzogen, um Ihre Zufriedenheit zu gew\u00e4hrleisten.<\/li>\n<li><strong>Weltweiter Versand:<\/strong>\u00a0Wir sind stolz darauf, unsere Produkte in die meisten Teile der Welt zu liefern, damit Sie unsere Produkte genie\u00dfen k\u00f6nnen, egal wo Sie sind.<\/li>\n<li><strong>Erfahrung in der Industrie:<\/strong>\u00a0Mit \u00fcber 8 Jahren Erfahrung auf dem Markt haben wir uns zu einer vertrauensw\u00fcrdigen und erstklassigen Wahl entwickelt.<\/li>\n<li><strong>Langfristige Partnerschaften:<\/strong>\u00a0Wir arbeiten auch mit lokalen Ladenbesitzern in Europa zusammen, was es uns erm\u00f6glicht, schnell auf die Bed\u00fcrfnisse des Marktes zu reagieren und die Frische unserer Produkte zu erhalten.<\/li>\n<\/ul>\n<p>Wenn Sie sich f\u00fcr unsere Einwegdampfer entscheiden, k\u00f6nnen Sie nicht nur eine Vielzahl von Geschmacksrichtungen genie\u00dfen, sondern auch eine au\u00dfergew\u00f6hnliche Dampfreise erleben. F\u00fcr weitere Informationen, besuchen Sie uns bitte <a href=\"http:\/\/dankstarvapes.com\" target=\"_blank\" rel=\"noopener\">dankstarvapes.com<\/a>!<\/p>\n<\/div>","protected":false},"excerpt":{"rendered":"<p>The Fizzy Boom Vape 13000 Puffs is designed to offer both casual users and dedicated vapers an exceptional experience. With an impressive 13,000 puffs, this device ensures uninterrupted enjoyment of your favorite flavors. Whether you\u2019re purchasing for personal use or exploring retail and wholesale options, the Fizzy Boom Vape provides exceptional value and satisfaction. Fizzy [&#8230;]","protected":false},"featured_media":631,"comment_status":"open","ping_status":"closed","template":"","meta":[],"product_brand":[],"product_cat":[74,75,77,95,73,78,97,71,79,80,81,82,83,84,85,86,87,88,89,90,91,98,16,92],"product_tag":[],"class_list":{"0":"post-614","1":"product","2":"type-product","3":"status-publish","4":"has-post-thumbnail","6":"product_cat-12000-12k-puff-vape","7":"product_cat-2-nicotine-disposable-vape","8":"product_cat-5-nicotine-disposable-vape","9":"product_cat-advanced-vape","10":"product_cat-big-puff-vapes","11":"product_cat-disposable-vape-near-me","12":"product_cat-disposable-vape-with-screen","13":"product_cat-0-5-nicotine-vapes","14":"product_cat-disposable-vapes-in-austria","15":"product_cat-disposable-vapes-in-belgium","16":"product_cat-disposable-vapes-in-france","17":"product_cat-disposable-vapes-in-germany","18":"product_cat-disposable-vapes-in-ltaly","19":"product_cat-disposable-vapes-in-netherlands","20":"product_cat-disposable-vapes-in-norway","21":"product_cat-disposable-vapes-in-poland","22":"product_cat-disposable-vapes-in-portugal","23":"product_cat-disposable-vapes-in-spain","24":"product_cat-disposable-vapes-in-sweden","25":"product_cat-disposable-vapes-in-switzerland","26":"product_cat-disposable-vapes-in-united-states","27":"product_cat-fizzy-vapes","28":"product_cat-uncategorized","29":"product_cat-vape-brands","31":"first","32":"instock","33":"shipping-taxable","34":"purchasable","35":"product-type-variable","36":"has-default-attributes"},"tiered_pricing_type":"fixed","tiered_pricing_fixed_rules":[],"tiered_pricing_product_settings":{"layout":"default","base_unit_name":{"singular":null,"plural":null},"default_variation":null},"tiered_pricing_minimum_quantity":null,"tiered_pricing_roles_data":[],"tiered_pricing_percentage_rules":[],"tiered_pricing_maximum_quantity":null,"tiered_pricing_quantity_step":null,"_links":{"self":[{"href":"https:\/\/vapsolovape.com\/de\/wp-json\/wp\/v2\/product\/614","targetHints":{"allow":["GET"]}}],"collection":[{"href":"https:\/\/vapsolovape.com\/de\/wp-json\/wp\/v2\/product"}],"about":[{"href":"https:\/\/vapsolovape.com\/de\/wp-json\/wp\/v2\/types\/product"}],"replies":[{"embeddable":true,"href":"https:\/\/vapsolovape.com\/de\/wp-json\/wp\/v2\/comments?post=614"}],"wp:featuredmedia":[{"embeddable":true,"href":"https:\/\/vapsolovape.com\/de\/wp-json\/wp\/v2\/media\/631"}],"wp:attachment":[{"href":"https:\/\/vapsolovape.com\/de\/wp-json\/wp\/v2\/media?parent=614"}],"wp:term":[{"taxonomy":"product_brand","embeddable":true,"href":"https:\/\/vapsolovape.com\/de\/wp-json\/wp\/v2\/product_brand?post=614"},{"taxonomy":"product_cat","embeddable":true,"href":"https:\/\/vapsolovape.com\/de\/wp-json\/wp\/v2\/product_cat?post=614"},{"taxonomy":"product_tag","embeddable":true,"href":"https:\/\/vapsolovape.com\/de\/wp-json\/wp\/v2\/product_tag?post=614"}],"curies":[{"name":"wp","href":"https:\/\/api.w.org\/{rel}","templated":true}]}}