{"id":667,"date":"2025-02-14T18:16:18","date_gmt":"2025-02-14T10:16:18","guid":{"rendered":"https:\/\/vapsolovape.com\/?post_type=product&#038;p=667"},"modified":"2025-07-14T18:55:46","modified_gmt":"2025-07-14T10:55:46","slug":"fizzy-pandora-12000-kaufen-12k-vape-eine-vielzahl-von-stilen-zur-verfugung","status":"publish","type":"product","link":"https:\/\/vapsolovape.com\/de\/produkt\/fizzy-pandora-12000-kaufen-12k-vape-eine-vielzahl-von-stilen-zur-verfugung\/","title":{"rendered":"Fizzy Pandora 12000 Puffs - 12K Vape mit mehreren Stil Optionen"},"content":{"rendered":"<div id=\"tab-description\" class=\"woocommerce-Tabs-panel woocommerce-Tabs-panel--description panel entry-content active\" role=\"tabpanel\" aria-labelledby=\"tab-title-description\">\n<p data-start=\"148\" data-end=\"597\">Die <strong data-start=\"152\" data-end=\"197\">Fizzy Pandora 12000 Puffs Einweg Vape<\/strong> wurde entwickelt, um ein wirklich befriedigendes Dampferlebnis zu bieten. Perfekt f\u00fcr Gelegenheitsnutzer und passionierte Dampfer, bietet dieses innovative Ger\u00e4t eine beeindruckende <strong data-start=\"367\" data-end=\"383\">12.000 Z\u00fcge<\/strong>und sorgt so f\u00fcr lang anhaltende Freude ohne l\u00e4stiges Auswechseln. Mit ihrem schlanken und eleganten Design ist die <strong data-start=\"501\" data-end=\"518\">Sprudel Pandora<\/strong> hebt sich von der Masse ab und verbindet Leistung mit auff\u00e4lliger \u00c4sthetik.<\/p>\n<\/div>\n<figure class=\"wp-caption aligncenter\" style=\"width: 1120px;\" aria-describedby=\"caption-attachment-6142\"><\/figure>\n<p><img loading=\"lazy\" decoding=\"async\" class=\"alignnone size-full wp-image-4792\" src=\"https:\/\/dankstarvapes.com\/wp-content\/uploads\/2024\/11\/Fizzy-Pandora-12000-Puffs-1-scaled.webp\" alt=\"Fizzy Pandora 12000 Puffs (1)\" width=\"2560\" height=\"2560\" title=\"\"><\/p>\n<div id=\"tab-description\" class=\"woocommerce-Tabs-panel woocommerce-Tabs-panel--description panel entry-content active\" role=\"tabpanel\" aria-labelledby=\"tab-title-description\">\n<h2>Fizzy Pandora 12000 Puffs Einzigartiges Design, das fesselt<\/h2>\n<p>Eines der auff\u00e4lligsten Merkmale der <strong>Fizzy Pandora 12000 Puffs<\/strong> ist sein einzigartiges Design. Dieser Verdampfer ist so gestaltet, dass er optisch ansprechend und ergonomisch ist, so dass er leicht zu halten und zu tragen ist. Seine kompakte Gr\u00f6\u00dfe sorgt daf\u00fcr, dass Sie ihn \u00fcberall hin mitnehmen k\u00f6nnen, egal ob Sie mit Freunden unterwegs sind oder einen ruhigen Abend zu Hause genie\u00dfen. Die \u00c4sthetik des Fizzy Pandora wird durch seine Praktikabilit\u00e4t erg\u00e4nzt, was ihn zu einer perfekten Wahl f\u00fcr Dampfer macht, die sowohl Stil als auch Komfort sch\u00e4tzen.<\/p>\n<h2>Sanftes und geschmackvolles Vaping-Erlebnis<\/h2>\n<p>Ausgestattet mit einer leistungsstarken Netzspule, ist die <strong>Sprudel Pandora <\/strong>bietet ein sanftes und befriedigendes Dampferlebnis. Das sorgf\u00e4ltige Design sorgt f\u00fcr einen sanften Zug, so dass Sie jede Geschmacksnote ohne jede H\u00e4rte genie\u00dfen k\u00f6nnen. Egal, ob Sie sich f\u00fcr erfrischende Wassermelone, saftige Mango oder k\u00f6stlichen Granatapfel entscheiden, der Geschmack ist reichhaltig und nuanciert und bietet mit jedem Zug ein herrliches Erlebnis. Diese Liebe zum Detail sorgt daf\u00fcr, dass Ihre Dampferlebnisse nicht nur angenehm, sondern auch unvergesslich sind.<\/p>\n<h1>Fizzy Pandora 12000 Puffs Bequem f\u00fcr einfache \u00dcberwachung<\/h1>\n<p>Ein weiteres hervorstechendes Merkmal des <strong>Fizzy Pandora 12000 Puffs<\/strong> ist der integrierte LCD-Bildschirm, der Ihr Verdampfererlebnis noch komfortabler macht. Dieses Display erm\u00f6glicht es Ihnen, Ihre Akkulaufzeit und E-Saft-Kapazit\u00e4t auf einen Blick zu \u00fcberwachen, wodurch das R\u00e4tselraten, das oft mit Einwegverdampfern einhergeht, effektiv vermieden wird. Dank dieser benutzerfreundlichen Funktion sind Sie immer auf dem Laufenden und k\u00f6nnen sich auf Ihre n\u00e4chste Dampfsession vorbereiten, damit Ihnen nie unerwartet der Saft ausgeht. Als Ergebnis k\u00f6nnen Sie ein nahtloses Dampferlebnis ohne Unterbrechungen genie\u00dfen, wodurch der <strong>Fizzy 12000 Puffs<\/strong> eine ideale Wahl sowohl f\u00fcr Gelegenheits- als auch f\u00fcr passionierte Dampfer.<\/p>\n<figure id=\"attachment_6143\" class=\"wp-caption aligncenter\" style=\"width: 2560px;\" aria-describedby=\"caption-attachment-6143\"><img loading=\"lazy\" decoding=\"async\" class=\"alignnone size-full wp-image-4791\" src=\"https:\/\/dankstarvapes.com\/wp-content\/uploads\/2024\/11\/Fizzy-Pandora-12000-Puffs-.webp\" alt=\"\" width=\"1120\" height=\"1260\" title=\"\"><\/figure>\n<h2>Geschmacksvielfalt f\u00fcr jeden Gaumen<\/h2>\n<p>Die <strong>Sprudel Pandora<\/strong>\u00a0bietet eine beeindruckende Auswahl an Geschmacksrichtungen f\u00fcr alle Geschm\u00e4cker. Hier ist, was Sie genie\u00dfen k\u00f6nnen:<\/p>\n<ol>\n<li>Wassermelone<\/li>\n<li>Mango<\/li>\n<li>Weintrauben<\/li>\n<li>Granatapfel<\/li>\n<li>Pfirsich<\/li>\n<li>Heidelbeere-Himbeere<\/li>\n<li>Orange Mango Wassermelone<\/li>\n<li>Eis-Minze<\/li>\n<li>Erdbeere-Kiwi-Granatapfel<\/li>\n<li>Blaubeere<\/li>\n<li>Strawberry<\/li>\n<li>Wassermelone Blaubeere<\/li>\n<\/ol>\n<p>Jede Geschmacksrichtung wird fachm\u00e4nnisch hergestellt, um ein frisches und k\u00f6stliches Dampferlebnis zu bieten. Ob Sie in der Stimmung f\u00fcr etwas Fruchtiges oder eine erfrischende Minze sind, die <strong>Sprudel Pandora <\/strong>hat eine Geschmacksrichtung, die Ihrem Verlangen entspricht.<\/p>\n<h2>Zuverl\u00e4ssige Leistung f\u00fcr l\u00e4ngeren Einsatz<\/h2>\n<p>Mit einem robusten 650mAh-Akku ausgestattet, ist der <strong>Sprudel Pandora<\/strong>\u00a0sorgt daf\u00fcr, dass Sie die Energie haben, die Sie f\u00fcr l\u00e4ngere Dampfsessions brauchen. Dar\u00fcber hinaus erm\u00f6glicht die gro\u00dfz\u00fcgige 20ml e-Fl\u00fcssigkeit Kapazit\u00e4t f\u00fcr weniger Nachf\u00fcllungen, so dass Sie mit mehr Freude und lassen Sie sich auf das, was Sie am meisten lieben-Dampfen konzentrieren. Au\u00dferdem k\u00f6nnen Sie mit den verf\u00fcgbaren Nikotinsalzkonzentrationen von 2% und 5% Ihr Dampferlebnis ganz einfach an Ihre Vorlieben anpassen. Diese durchdachte Kombination aus Leistung und Kapazit\u00e4t macht den <strong>Sprudel Pandora<\/strong> eine hervorragende Wahl f\u00fcr Dampfer, die Komfort und Zufriedenheit suchen.<\/p>\n<h2>Fizzy Pandora 12000 Puffs Konkurrenzf\u00e4hige Preise f\u00fcr jeden Vaper<\/h2>\n<p>Die <strong>Fizzy Pandora Vape<\/strong> ist preislich wettbewerbsf\u00e4hig, so dass es eine erschwingliche Wahl f\u00fcr alle, die ihre vaping Erfahrung zu erh\u00f6hen suchen. Dar\u00fcber hinaus bietet dieses Ger\u00e4t mit seiner au\u00dfergew\u00f6hnlichen Qualit\u00e4t und Leistung einen fantastischen Wert f\u00fcr Ihr Geld. Als Ergebnis k\u00f6nnen Sie sich ein hervorragendes Dampferlebnis g\u00f6nnen, ohne die Bank zu sprengen, so dass Sie alle Vorteile dieses bemerkenswerten Produkts genie\u00dfen k\u00f6nnen, w\u00e4hrend Sie Ihr Budget einhalten.<\/p>\n<h2>Werden Sie Mitglied der Fizzy-Community<\/h2>\n<p>Sind Sie an der Verbreitung der <strong>Fizzy Pandora 12000 Puffs<\/strong>? Wir laden Sie ein, sich unserer Gemeinschaft von zufriedenen Nutzern und Partnern anzuschlie\u00dfen. Wenn Sie mit uns zusammenarbeiten, haben Sie Zugang zu einem florierenden Markt mit beliebten Produkten, die bei Vapern auf der ganzen Welt Anklang finden. Egal, ob Sie Einzelh\u00e4ndler oder leidenschaftlicher Vape-Enthusiast sind, ein Beitritt zu unserer Community \u00f6ffnet Ihnen die T\u00fcren zu aufregenden M\u00f6glichkeiten.<\/p>\n<h2>Warum Fizzy Pandora w\u00e4hlen?<\/h2>\n<p>Zusammenfassend l\u00e4sst sich sagen, dass die <strong>Sprudelndes Einweg-Vape<\/strong> vereint einzigartiges Design, sanftes und geschmackvolles Dampfen und praktische Funktionen zu einem unvergleichlichen Erlebnis. Mit seiner zuverl\u00e4ssigen Leistung, der gro\u00dfen Auswahl an Geschmacksrichtungen und dem benutzerfreundlichen Display wird dieser Vape schnell zu einem Favoriten unter den Vapern. Verpassen Sie nicht die Chance, Ihre Dampfreise zu verbessern - holen Sie sich Ihren <strong>Fizzy Pandora 12000 Puffs<\/strong> heute und entdecken Sie den Unterschied!<\/p>\n<p>Entdecken Sie unsere Kollektion und entdecken Sie, warum der Fizzy Pandora Vape die ideale Wahl f\u00fcr Ihre Bed\u00fcrfnisse ist. Sie bietet nicht nur langanhaltenden Geschmack, sondern auch m\u00fchelosen Komfort und ein stilvolles Design, das wirklich hervorsticht. Wenn Sie sich der Fizzy-Revolution anschlie\u00dfen, k\u00f6nnen Sie sich das ultimative Dampferlebnis g\u00f6nnen und sicherstellen, dass jeder Zug genauso befriedigend ist wie der letzte. Nehmen Sie die Ver\u00e4nderung an und machen Sie Ihre Dampfreise noch heute zum Erlebnis!<\/p>\n<p><strong>Warum uns w\u00e4hlen?<\/strong><\/p>\n<p>Durch die Wahl der offiziellen Shop von Einweg-Vapes, k\u00f6nnen Sie viele Vorteile genie\u00dfen:<\/p>\n<ul>\n<li><strong>Offizieller Verkaufskanal:<\/strong>\u00a0Wir garantieren authentische Produkte und einen hochwertigen Service.<\/li>\n<li><strong>Gro\u00dfhandel und Einzelhandel:<\/strong>\u00a0Wir bieten flexible Einkaufsm\u00f6glichkeiten f\u00fcr Privatpersonen und Gro\u00dfh\u00e4ndler.<\/li>\n<li><strong>Qualit\u00e4tssicherung:<\/strong>\u00a0Unsere Produkte werden strengen Qualit\u00e4tspr\u00fcfungen unterzogen, um Ihre Zufriedenheit zu gew\u00e4hrleisten.<\/li>\n<li><strong>Weltweiter Versand:<\/strong>\u00a0Wir sind stolz darauf, unsere Produkte in die meisten Teile der Welt zu liefern, damit Sie unsere Produkte genie\u00dfen k\u00f6nnen, egal wo Sie sind.<\/li>\n<li><strong>Erfahrung in der Industrie:<\/strong>\u00a0Mit \u00fcber 8 Jahren Erfahrung auf dem Markt haben wir uns zu einer vertrauensw\u00fcrdigen und erstklassigen Wahl entwickelt.<\/li>\n<li><strong>Langfristige Partnerschaften:<\/strong>\u00a0Wir arbeiten auch mit lokalen Ladenbesitzern in Europa zusammen, was es uns erm\u00f6glicht, schnell auf die Bed\u00fcrfnisse des Marktes zu reagieren und die Frische unserer Produkte zu erhalten.<\/li>\n<\/ul>\n<p>Wenn Sie sich f\u00fcr unsere Einwegdampfer entscheiden, k\u00f6nnen Sie nicht nur eine Vielzahl von Geschmacksrichtungen genie\u00dfen, sondern auch eine au\u00dfergew\u00f6hnliche Dampfreise erleben. F\u00fcr weitere Informationen, besuchen Sie uns bitte <a href=\"http:\/\/dankstarvapes.com\" target=\"_blank\" rel=\"noopener\">dankstarvapes.com<\/a>!<\/p>\n<\/div>","protected":false},"excerpt":{"rendered":"<p>The Fizzy Pandora 12000 Puffs Disposable Vape is designed to deliver a truly satisfying vaping experience. Perfect for both casual users and dedicated vaping enthusiasts, this innovative device offers an impressive 12,000 puffs, ensuring long-lasting enjoyment without the hassle of frequent replacements. With its sleek and stylish design, the Fizzy Pandora stands out from the [&#8230;]","protected":false},"featured_media":696,"comment_status":"open","ping_status":"closed","template":"","meta":[],"product_brand":[],"product_cat":[74,75,77,95,73,78,97,71,79,80,81,82,83,84,85,86,87,88,89,90,91,98,16,92],"product_tag":[],"class_list":{"0":"post-667","1":"product","2":"type-product","3":"status-publish","4":"has-post-thumbnail","6":"product_cat-12000-12k-puff-vape","7":"product_cat-2-nicotine-disposable-vape","8":"product_cat-5-nicotine-disposable-vape","9":"product_cat-advanced-vape","10":"product_cat-big-puff-vapes","11":"product_cat-disposable-vape-near-me","12":"product_cat-disposable-vape-with-screen","13":"product_cat-0-5-nicotine-vapes","14":"product_cat-disposable-vapes-in-austria","15":"product_cat-disposable-vapes-in-belgium","16":"product_cat-disposable-vapes-in-france","17":"product_cat-disposable-vapes-in-germany","18":"product_cat-disposable-vapes-in-ltaly","19":"product_cat-disposable-vapes-in-netherlands","20":"product_cat-disposable-vapes-in-norway","21":"product_cat-disposable-vapes-in-poland","22":"product_cat-disposable-vapes-in-portugal","23":"product_cat-disposable-vapes-in-spain","24":"product_cat-disposable-vapes-in-sweden","25":"product_cat-disposable-vapes-in-switzerland","26":"product_cat-disposable-vapes-in-united-states","27":"product_cat-fizzy-vapes","28":"product_cat-uncategorized","29":"product_cat-vape-brands","31":"first","32":"instock","33":"shipping-taxable","34":"purchasable","35":"product-type-variable","36":"has-default-attributes"},"tiered_pricing_type":"fixed","tiered_pricing_fixed_rules":[],"tiered_pricing_product_settings":{"layout":"default","base_unit_name":{"singular":null,"plural":null},"default_variation":null},"tiered_pricing_minimum_quantity":null,"tiered_pricing_roles_data":[],"tiered_pricing_percentage_rules":[],"tiered_pricing_maximum_quantity":null,"tiered_pricing_quantity_step":null,"_links":{"self":[{"href":"https:\/\/vapsolovape.com\/de\/wp-json\/wp\/v2\/product\/667","targetHints":{"allow":["GET"]}}],"collection":[{"href":"https:\/\/vapsolovape.com\/de\/wp-json\/wp\/v2\/product"}],"about":[{"href":"https:\/\/vapsolovape.com\/de\/wp-json\/wp\/v2\/types\/product"}],"replies":[{"embeddable":true,"href":"https:\/\/vapsolovape.com\/de\/wp-json\/wp\/v2\/comments?post=667"}],"wp:featuredmedia":[{"embeddable":true,"href":"https:\/\/vapsolovape.com\/de\/wp-json\/wp\/v2\/media\/696"}],"wp:attachment":[{"href":"https:\/\/vapsolovape.com\/de\/wp-json\/wp\/v2\/media?parent=667"}],"wp:term":[{"taxonomy":"product_brand","embeddable":true,"href":"https:\/\/vapsolovape.com\/de\/wp-json\/wp\/v2\/product_brand?post=667"},{"taxonomy":"product_cat","embeddable":true,"href":"https:\/\/vapsolovape.com\/de\/wp-json\/wp\/v2\/product_cat?post=667"},{"taxonomy":"product_tag","embeddable":true,"href":"https:\/\/vapsolovape.com\/de\/wp-json\/wp\/v2\/product_tag?post=667"}],"curies":[{"name":"wp","href":"https:\/\/api.w.org\/{rel}","templated":true}]}}