{"id":808,"date":"2025-02-14T18:16:48","date_gmt":"2025-02-14T10:16:48","guid":{"rendered":"https:\/\/vapsolovape.com\/?post_type=product&#038;p=808"},"modified":"2025-02-26T15:44:23","modified_gmt":"2025-02-26T07:44:23","slug":"irex-vape-20000-puff-einweg-vape-dual-mesh-coil","status":"publish","type":"product","link":"https:\/\/vapsolovape.com\/de\/produkt\/irex-vape-20000-puff-einweg-vape-dual-mesh-coil\/","title":{"rendered":"IREX Vape 20000 Puffs Einweg - Enhanced Flavor mit Dual Mesh Coils"},"content":{"rendered":"<div id=\"tab-description\" class=\"woocommerce-Tabs-panel woocommerce-Tabs-panel--description panel entry-content active\" role=\"tabpanel\" aria-labelledby=\"tab-title-description\">\n<p data-start=\"48\" data-end=\"132\"><strong data-start=\"48\" data-end=\"132\">Der neue IREX Vape 20000 Puffs Disposable - Leistung trifft auf Komfort<\/strong><\/p>\n<p data-start=\"134\" data-end=\"548\">Die <strong data-start=\"138\" data-end=\"178\">IREX Vape 20000 Puff Einweg Vape<\/strong> ist ein herausragendes Ger\u00e4t, das den Komfort neu definiert und die Leistung in der Welt des Verdampfens erh\u00f6ht. Mit einer beeindruckenden Kapazit\u00e4t von bis zu <strong data-start=\"310\" data-end=\"326\">20.000 Z\u00fcge<\/strong>Der IREX Vape ist ein Einwegdampfer, der so konzipiert ist, dass er lange Freude bereitet, ohne dass er h\u00e4ufig ausgetauscht werden muss. Konzentriere Dich darauf, jeden Moment Deines Dampferlebnisses zu genie\u00dfen, w\u00e4hrend der IREX Vape f\u00fcr lang anhaltende Zufriedenheit sorgt.<\/p>\n<figure id=\"attachment_4768\" aria-describedby=\"caption-attachment-4768\" style=\"width: 1462px\" class=\"wp-caption alignnone\"><img loading=\"lazy\" decoding=\"async\" class=\"wp-image-4768 size-full\" src=\"https:\/\/dankstarvapes.com\/wp-content\/uploads\/2024\/11\/IREX-Vape-20000-puff-e1731744356986.png\" alt=\"IREX Vape 20000 puff\" width=\"1462\" height=\"1890\" title=\"\"><figcaption id=\"caption-attachment-4768\" class=\"wp-caption-text\">IREX Vape 20000 puff<\/figcaption><\/figure>\n<h2>Premium-Funktionen f\u00fcr maximalen Genuss<\/h2>\n<p>Die <strong>IREX Vape 20000<\/strong> verf\u00fcgt \u00fcber eine beeindruckende <strong>17ml vorgef\u00fcllte e-Fl\u00fcssigkeit<\/strong>, erh\u00e4ltlich in einer Nikotinst\u00e4rke von <strong>5% (50mg)<\/strong>. Au\u00dferdem k\u00f6nnen Sie dank des dynamischen Steuersystems mit drei Modi w\u00e4hlen zwischen <strong>\u00d6ko<\/strong>, <strong>Normal<\/strong>und <strong>Turbo-Modi<\/strong>Dadurch wird ein ma\u00dfgeschneidertes Dampferlebnis gew\u00e4hrleistet, das Ihren Vorlieben entspricht. Infolgedessen k\u00f6nnen Sie Ihre Sitzungen f\u00fcr optimale Zufriedenheit und Genuss leicht anpassen. Die Dual-Mesh-Coil-Technologie liefert reichhaltigen Geschmack und glatten Dampf mit jedem Zug, w\u00e4hrend die einstellbare Luftstrom bietet anpassbare zieht, um Ihre Vorlieben anzupassen.<\/p>\n<h2>Benutzerfreundliches Design<\/h2>\n<p>Ausgestattet mit einem animierten Bewegungsbildschirm und einem , der <strong>IREX Vape<\/strong> h\u00e4lt Sie \u00fcber Ihre Nutzung und Akkulaufzeit auf dem Laufenden. Au\u00dferdem ist die <strong>700mAh wiederaufladbare Batterie<\/strong> sorgt daf\u00fcr, dass Ihr Ger\u00e4t w\u00e4hrend des gesamten Dampfens mit Strom versorgt bleibt. Zus\u00e4tzlich, mit <strong>Typ-C-Laden<\/strong>wird das Aufladen schnell und bequem. Als Ergebnis k\u00f6nnen Sie weniger Zeit mit dem Warten und mehr Zeit mit dem Genie\u00dfen Ihrer Verdampfung verbringen. Dar\u00fcber hinaus macht die Draw-aktivierte Funktion das Dampfen m\u00fchelos, so dass f\u00fcr den sofortigen Genuss ohne die Notwendigkeit f\u00fcr Tasten.<\/p>\n<h2>IREX Vape 20000 Puff Erschwingliche Preise mit Mengenrabatten<\/h2>\n<p>Der IREX Vape 20000 bietet wettbewerbsf\u00e4hige Preise, die ihn zu einer budgetfreundlichen Wahl f\u00fcr Dampfer machen. Genie\u00dfen Sie erhebliche Einsparungen beim Kauf in gro\u00dfen Mengen, so dass Sie sich mit Ihren Lieblingsgeschmacksrichtungen eindecken k\u00f6nnen, w\u00e4hrend Sie den Wert maximieren.<\/p>\n<h2>IREX Vape 20000 Geschmacksvielfalt f\u00fcr jeden Geschmack<\/h2>\n<p>Erleben Sie eine Vielzahl von Aromen mit dem IREX Vape 20000, der f\u00fcr ein befriedigendes und angenehmes Dampferlebnis entwickelt wurde. Ob Sie sich nach fruchtigen, cremigen oder klassischen Geschmacksrichtungen sehnen, dieses Ger\u00e4t hat f\u00fcr jeden etwas zu bieten:<\/p>\n<ul>\n<li>Melonen-Milchshake<\/li>\n<li>Tropische Kirsche<\/li>\n<li>Spritziger Apfel-Splash<\/li>\n<li>S\u00fc\u00dfer Tabak<\/li>\n<li>Erdbeer-Birnen-K\u00fchler<\/li>\n<li>Erdbeer-Zitroneneis<\/li>\n<li>Sour Apple Blast<\/li>\n<li>Slow Blow<\/li>\n<li>Himbeere Twist<\/li>\n<li>Goo Goo Traube<\/li>\n<li>Cushman-Erdbeere<\/li>\n<li>Cushman Mango-Banane<\/li>\n<li>Kokosnuss cremig<\/li>\n<li>Arktische Minze<\/li>\n<\/ul>\n<h2>IREX Vape 20000 Puff Disposable Vape - Ideal f\u00fcr E-Zigaretten-Enthusiasten<\/h2>\n<p>Zusammenfassend l\u00e4sst sich sagen, dass sich der IREX Vape 20000 Puff Disposable Vape durch seine beeindruckende Kapazit\u00e4t, seine innovativen Funktionen und seine umfangreichen Geschmacksoptionen auszeichnet. Dieses Ger\u00e4t kombiniert nahtlos Funktionalit\u00e4t und Genuss, was es zur idealen Wahl f\u00fcr Dampfer aller Stufen macht. Egal, ob Sie auf der Suche nach einem allt\u00e4glichen Verdampfer oder etwas Besonderem f\u00fcr einen bestimmten Anlass sind, der IREX Vape 20000 bietet eine au\u00dfergew\u00f6hnliche Erfahrung, die Sie nicht missen m\u00f6chten.<\/p>\n<hr \/>\n<p><strong>Warum uns w\u00e4hlen?<\/strong><\/p>\n<p>Durch die Wahl der offiziellen Shop von Einweg-Vapes, k\u00f6nnen Sie viele Vorteile genie\u00dfen:<\/p>\n<ul>\n<li><strong>Offizieller Verkaufskanal:<\/strong>\u00a0Wir garantieren authentische Produkte und einen hochwertigen Service.<\/li>\n<li><strong>Gro\u00dfhandel und Einzelhandel:<\/strong>\u00a0Wir bieten flexible Einkaufsm\u00f6glichkeiten f\u00fcr Privatpersonen und Gro\u00dfh\u00e4ndler.<\/li>\n<li><strong>Qualit\u00e4tssicherung:<\/strong>\u00a0Unsere Produkte werden strengen Qualit\u00e4tspr\u00fcfungen unterzogen, um Ihre Zufriedenheit zu gew\u00e4hrleisten.<\/li>\n<li><strong>Weltweiter Versand:<\/strong>\u00a0Wir sind stolz darauf, unsere Produkte in die meisten Teile der Welt zu liefern, damit Sie unsere Produkte genie\u00dfen k\u00f6nnen, egal wo Sie sind.<\/li>\n<li><strong>Erfahrung in der Industrie:<\/strong>\u00a0Mit \u00fcber 8 Jahren Erfahrung auf dem Markt haben wir uns zu einer vertrauensw\u00fcrdigen und erstklassigen Wahl entwickelt.<\/li>\n<li><strong>Langfristige Partnerschaften:<\/strong>\u00a0Wir arbeiten auch mit lokalen Ladenbesitzern in Europa zusammen, was es uns erm\u00f6glicht, schnell auf die Bed\u00fcrfnisse des Marktes zu reagieren und die Frische unserer Produkte zu erhalten.<\/li>\n<\/ul>\n<p>Wenn Sie sich f\u00fcr unsere Einwegdampfer entscheiden, k\u00f6nnen Sie nicht nur eine Vielzahl von Geschmacksrichtungen genie\u00dfen, sondern auch eine au\u00dfergew\u00f6hnliche Dampfreise erleben. F\u00fcr weitere Informationen, besuchen Sie uns bitte <a href=\"http:\/\/dankstarvapes.com\" target=\"_blank\" rel=\"noopener\">dankstarvapes.com<\/a>!<\/p>\n<\/div>","protected":false},"excerpt":{"rendered":"<p>Introducing the IREX Vape 20000 Puffs Disposable \u2013 Performance Meets Convenience The IREX Vape 20000 Puff Disposable Vape is a standout device that redefines convenience and elevates performance in the vaping world. With an impressive capacity of up to 20,000 puffs, this disposable vape is engineered to offer extended enjoyment without the hassle of frequent [&#8230;]","protected":false},"featured_media":825,"comment_status":"open","ping_status":"closed","template":"","meta":[],"product_brand":[],"product_cat":[75,102,77,95,73,78,97,71,79,80,81,82,83,84,85,86,87,88,89,90,91,101,16,92],"product_tag":[],"class_list":{"0":"post-808","1":"product","2":"type-product","3":"status-publish","4":"has-post-thumbnail","6":"product_cat-2-nicotine-disposable-vape","7":"product_cat-20000-20k-puff-vape","8":"product_cat-5-nicotine-disposable-vape","9":"product_cat-advanced-vape","10":"product_cat-big-puff-vapes","11":"product_cat-disposable-vape-near-me","12":"product_cat-disposable-vape-with-screen","13":"product_cat-0-5-nicotine-vapes","14":"product_cat-disposable-vapes-in-austria","15":"product_cat-disposable-vapes-in-belgium","16":"product_cat-disposable-vapes-in-france","17":"product_cat-disposable-vapes-in-germany","18":"product_cat-disposable-vapes-in-ltaly","19":"product_cat-disposable-vapes-in-netherlands","20":"product_cat-disposable-vapes-in-norway","21":"product_cat-disposable-vapes-in-poland","22":"product_cat-disposable-vapes-in-portugal","23":"product_cat-disposable-vapes-in-spain","24":"product_cat-disposable-vapes-in-sweden","25":"product_cat-disposable-vapes-in-switzerland","26":"product_cat-disposable-vapes-in-united-states","27":"product_cat-irex-vape","28":"product_cat-uncategorized","29":"product_cat-vape-brands","31":"first","32":"instock","33":"shipping-taxable","34":"purchasable","35":"product-type-variable","36":"has-default-attributes"},"tiered_pricing_type":"fixed","tiered_pricing_fixed_rules":[],"tiered_pricing_product_settings":{"layout":"default","base_unit_name":{"singular":null,"plural":null},"default_variation":null},"tiered_pricing_minimum_quantity":null,"tiered_pricing_roles_data":[],"tiered_pricing_percentage_rules":[],"tiered_pricing_maximum_quantity":null,"tiered_pricing_quantity_step":null,"_links":{"self":[{"href":"https:\/\/vapsolovape.com\/de\/wp-json\/wp\/v2\/product\/808","targetHints":{"allow":["GET"]}}],"collection":[{"href":"https:\/\/vapsolovape.com\/de\/wp-json\/wp\/v2\/product"}],"about":[{"href":"https:\/\/vapsolovape.com\/de\/wp-json\/wp\/v2\/types\/product"}],"replies":[{"embeddable":true,"href":"https:\/\/vapsolovape.com\/de\/wp-json\/wp\/v2\/comments?post=808"}],"wp:featuredmedia":[{"embeddable":true,"href":"https:\/\/vapsolovape.com\/de\/wp-json\/wp\/v2\/media\/825"}],"wp:attachment":[{"href":"https:\/\/vapsolovape.com\/de\/wp-json\/wp\/v2\/media?parent=808"}],"wp:term":[{"taxonomy":"product_brand","embeddable":true,"href":"https:\/\/vapsolovape.com\/de\/wp-json\/wp\/v2\/product_brand?post=808"},{"taxonomy":"product_cat","embeddable":true,"href":"https:\/\/vapsolovape.com\/de\/wp-json\/wp\/v2\/product_cat?post=808"},{"taxonomy":"product_tag","embeddable":true,"href":"https:\/\/vapsolovape.com\/de\/wp-json\/wp\/v2\/product_tag?post=808"}],"curies":[{"name":"wp","href":"https:\/\/api.w.org\/{rel}","templated":true}]}}