{"id":901,"date":"2025-02-14T18:17:14","date_gmt":"2025-02-14T10:17:14","guid":{"rendered":"https:\/\/vapsolovape.com\/?post_type=product&#038;p=901"},"modified":"2025-07-18T19:12:21","modified_gmt":"2025-07-18T11:12:21","slug":"randm-tornado-7000-puffs-50-aromen-einweg-vape","status":"publish","type":"product","link":"https:\/\/vapsolovape.com\/de\/produkt\/randm-tornado-7000-puffs-50-aromen-einweg-vape\/","title":{"rendered":"RandM Tornado 7000 Puffs - 50+ Geschmacksrichtungen, die ultimative Einweg-Vape"},"content":{"rendered":"<div id=\"tab-description\" class=\"woocommerce-Tabs-panel woocommerce-Tabs-panel--description panel entry-content active\" role=\"tabpanel\" aria-labelledby=\"tab-title-description\">\n<p data-start=\"52\" data-end=\"437\">Die <strong data-start=\"56\" data-end=\"84\">RandM Tornado 7000 Puffs<\/strong> bietet dem Nutzer ein reichhaltiges Rauchvolumen und ein au\u00dfergew\u00f6hnliches Dampferlebnis. Ein Produkt der renommierten <strong data-start=\"182\" data-end=\"197\">Marke RandM<\/strong>bekannt f\u00fcr seine hohe Qualit\u00e4t und exzellente Leistung, ist dieser Einwegverdampfer perfekt f\u00fcr Anf\u00e4nger und erfahrene Verdampfer. Sein kompaktes Design macht es tragbar und leicht zu tragen, so dass Sie Ihre vaping Erfahrung jederzeit und \u00fcberall genie\u00dfen k\u00f6nnen.<\/p>\n<p data-start=\"439\" data-end=\"730\">Mit fortschrittlicher Technologie und einer breiten Palette von Geschmacksrichtungen ist die <strong data-start=\"500\" data-end=\"528\">RandM Tornado 7000 Puffs<\/strong> ist f\u00fcr jeden Geschmack etwas dabei. Ganz gleich, ob Sie ein neues Verdampfungserlebnis oder eine praktische L\u00f6sung f\u00fcr unterwegs suchen, die <strong data-start=\"682\" data-end=\"710\">RandM Tornado 7000 Puffs<\/strong> ist eine ideale Wahl.<\/p>\n<figure id=\"attachment_4755\" aria-describedby=\"caption-attachment-4755\" style=\"width: 800px\" class=\"wp-caption alignnone\"><img loading=\"lazy\" decoding=\"async\" class=\"size-full wp-image-4755\" src=\"https:\/\/dankstarvapes.com\/wp-content\/uploads\/2024\/11\/RandM-Tornado-7000-Puffs-1.webp\" alt=\"RandM Tornado 7000 Puffs\" width=\"800\" height=\"800\" title=\"\"><figcaption id=\"caption-attachment-4755\" class=\"wp-caption-text\">RandM Tornado 7000 Puffs<\/figcaption><\/figure>\n<h2>---------------------------------------------------------<br \/>\nRandM Tornado 7000 Merkmale und Spezifikationen des<\/h2>\n<p>Die <strong>RandM Tornado 7000<\/strong> besticht durch seine beeindruckenden technischen Daten und benutzerfreundlichen Funktionen. Der leistungsstarke 850mAh-Akku sorgt f\u00fcr eine lange Nutzungsdauer und erm\u00f6glicht l\u00e4ngere Vaping-Sessions ohne h\u00e4ufiges Aufladen - ideal f\u00fcr Gelegenheits- und Vielnutzer.<\/p>\n<p>Zus\u00e4tzlich zu seinem langlebigen Akku bietet der <strong>RandM Tornado 7000<\/strong> verf\u00fcgt \u00fcber einen Typ-C-Ladeanschluss. Diese moderne Ladel\u00f6sung erm\u00f6glicht ein schnelles Aufladen, wodurch die Ausfallzeiten zwischen den Verdampfungssitzungen erheblich reduziert werden. Der Komfort des Typ-C-Anschlusses kann nicht untersch\u00e4tzt werden, da er den Nutzern eine unkomplizierte und effiziente M\u00f6glichkeit bietet, ihr Ger\u00e4t aufzuladen und sicherzustellen, dass sie ihre Verdampfungsgewohnheiten ohne Unterbrechung beibehalten k\u00f6nnen. Diese Kombination aus Akkulaufzeit und Ladegeschwindigkeit verbessert das gesamte Nutzererlebnis.<\/p>\n<h2>RandM Tornado 7000 Puffs Disposable Vape Geschmacksvielfalt und St\u00e4rke Optionen verf\u00fcgbar<\/h2>\n<p>Die <strong>RandM Tornado 7000 Puffs<\/strong> Disposable Vape hebt sich auf dem Wettbewerbsmarkt vor allem durch seine beeindruckende Auswahl an Geschmacksrichtungen ab. Mit \u00fcber 50 einzigartigen Optionen stellt dieses Ger\u00e4t sicher, dass jeder Benutzer einen Geschmack findet, der seinen Vorlieben entspricht. F\u00fcr diejenigen, die das Vertraute m\u00f6gen, liefert der RandM Tornado einwandfrei klassische Optionen wie Tabak und erfrischendes Menthol. In der Zwischenzeit, f\u00fcr diejenigen, die eine abenteuerliche Erfahrung suchen, bietet das Ger\u00e4t eine aufregende Vielfalt an exotischen Fruchtmischungen und, so dass es perfekt f\u00fcr Vaper begierig, neue und einzigartige Geschmacksprofile zu erkunden.<\/p>\n<p>Ein bemerkenswerter Aspekt des Tornado-Geschmacksangebots ist die Qualit\u00e4t und Authentizit\u00e4t der einzelnen Optionen. Jeder Zug bietet ein reichhaltiges und befriedigendes Erlebnis, wobei die Aromen lebensecht dargestellt werden. Egal, ob die Nutzer traditionelle Aromen oder komplexe Fruchtmischungen bevorzugen, RandM stellt jede Option sorgf\u00e4ltig her, um den Genuss zu steigern.<\/p>\n<p>Die <strong>RandM Tornado<\/strong> geht mit seinen 2%- und 5%-St\u00e4rkeoptionen auf unterschiedliche Nutzerpr\u00e4ferenzen ein. Die 2%-St\u00e4rke ist ideal f\u00fcr neue Benutzer, die von traditionellen Zigaretten umsteigen, w\u00e4hrend die 5% ein intensiveres Erlebnis f\u00fcr erfahrene Raucher bietet. Diese Flexibilit\u00e4t macht die RandM Tornado zu einer vielseitigen Wahl f\u00fcr ein breites Spektrum von Nutzern.<\/p>\n<p><strong>Mehr aus unserer RandM Tornado-Serie:<\/strong><\/p>\n<p class=\"product-title product_title entry-title\">RandM Tornado 7000<\/p>\n<p class=\"product-title product_title entry-title\">RandM Tornado 9000<\/p>\n<p class=\"product-title product_title entry-title\">RandM Tornado 12000<\/p>\n<p class=\"product-title product_title entry-title\">RandM Tornado 15000<\/p>\n<p class=\"product-title product_title entry-title\">RandM Tornado 20000<\/p>\n<p class=\"product-title product_title entry-title\">RandM Tornado 25000<\/p>\n<p class=\"product-title product_title entry-title\">RandM Tornado 30000<\/p>\n<hr \/>\n<p><strong>Warum uns w\u00e4hlen?<\/strong><\/p>\n<p>Durch die Wahl der offiziellen Shop von Einweg-Vapes, k\u00f6nnen Sie viele Vorteile genie\u00dfen:<\/p>\n<ul>\n<li><strong>Offizieller Verkaufskanal:<\/strong>\u00a0Wir garantieren authentische Produkte und einen hochwertigen Service.<\/li>\n<li><strong>Gro\u00dfhandel und Einzelhandel:<\/strong>\u00a0Wir bieten flexible Einkaufsm\u00f6glichkeiten f\u00fcr Privatpersonen und Gro\u00dfh\u00e4ndler.<\/li>\n<li><strong>Qualit\u00e4tssicherung:<\/strong>\u00a0Unsere Produkte werden strengen Qualit\u00e4tspr\u00fcfungen unterzogen, um Ihre Zufriedenheit zu gew\u00e4hrleisten.<\/li>\n<li><strong>Weltweiter Versand:<\/strong>\u00a0Wir sind stolz darauf, unsere Produkte in die meisten Teile der Welt zu liefern, damit Sie unsere Produkte genie\u00dfen k\u00f6nnen, egal wo Sie sind.<\/li>\n<li><strong>Erfahrung in der Industrie:<\/strong>\u00a0Mit \u00fcber 8 Jahren Erfahrung auf dem Markt haben wir uns zu einer vertrauensw\u00fcrdigen und erstklassigen Wahl entwickelt.<\/li>\n<li><strong>Langfristige Partnerschaften:<\/strong>\u00a0Wir arbeiten auch mit lokalen Ladenbesitzern in Europa zusammen, was es uns erm\u00f6glicht, schnell auf die Bed\u00fcrfnisse des Marktes zu reagieren und die Frische unserer Produkte zu erhalten.<\/li>\n<\/ul>\n<p>Wenn Sie sich f\u00fcr unsere Einwegdampfer entscheiden, k\u00f6nnen Sie nicht nur eine Vielzahl von Geschmacksrichtungen genie\u00dfen, sondern auch eine au\u00dfergew\u00f6hnliche Dampfreise erleben. F\u00fcr weitere Informationen, besuchen Sie uns bitte <a href=\"http:\/\/dankstarvapes.com\" target=\"_blank\" rel=\"noopener\">dankstarvapes.com<\/a>!<\/p>\n<\/div>","protected":false},"excerpt":{"rendered":"<p>The RandM Tornado 7000 Puffs offers users a rich smoke volume and an exceptional vaping experience. A product of the renowned RandM brand, known for its high quality and excellent performance, this disposable vape is perfect for both novice and seasoned vapers. Its compact design makes it portable and easy to carry, so you can [&#8230;]","protected":false},"featured_media":925,"comment_status":"open","ping_status":"closed","template":"","meta":[],"product_brand":[],"product_cat":[75,77,103,73,78,71,79,80,81,82,83,84,85,86,87,88,89,90,91,105,104,134,16,92],"product_tag":[],"class_list":{"0":"post-901","1":"product","2":"type-product","3":"status-publish","4":"has-post-thumbnail","6":"product_cat-2-nicotine-disposable-vape","7":"product_cat-5-nicotine-disposable-vape","8":"product_cat-7000-puff-vape","9":"product_cat-big-puff-vapes","10":"product_cat-disposable-vape-near-me","11":"product_cat-0-5-nicotine-vapes","12":"product_cat-disposable-vapes-in-austria","13":"product_cat-disposable-vapes-in-belgium","14":"product_cat-disposable-vapes-in-france","15":"product_cat-disposable-vapes-in-germany","16":"product_cat-disposable-vapes-in-ltaly","17":"product_cat-disposable-vapes-in-netherlands","18":"product_cat-disposable-vapes-in-norway","19":"product_cat-disposable-vapes-in-poland","20":"product_cat-disposable-vapes-in-portugal","21":"product_cat-disposable-vapes-in-spain","22":"product_cat-disposable-vapes-in-sweden","23":"product_cat-disposable-vapes-in-switzerland","24":"product_cat-disposable-vapes-in-united-states","25":"product_cat-randm-tornado-7000","26":"product_cat-randm-tornado-vape","27":"product_cat-tornado-vape","28":"product_cat-uncategorized","29":"product_cat-vape-brands","31":"first","32":"instock","33":"sale","34":"shipping-taxable","35":"purchasable","36":"product-type-variable","37":"has-default-attributes"},"tiered_pricing_type":"fixed","tiered_pricing_fixed_rules":[],"tiered_pricing_product_settings":{"layout":"default","base_unit_name":{"singular":null,"plural":null},"default_variation":null},"tiered_pricing_minimum_quantity":null,"tiered_pricing_roles_data":[],"tiered_pricing_percentage_rules":[],"tiered_pricing_maximum_quantity":null,"tiered_pricing_quantity_step":null,"_links":{"self":[{"href":"https:\/\/vapsolovape.com\/de\/wp-json\/wp\/v2\/product\/901","targetHints":{"allow":["GET"]}}],"collection":[{"href":"https:\/\/vapsolovape.com\/de\/wp-json\/wp\/v2\/product"}],"about":[{"href":"https:\/\/vapsolovape.com\/de\/wp-json\/wp\/v2\/types\/product"}],"replies":[{"embeddable":true,"href":"https:\/\/vapsolovape.com\/de\/wp-json\/wp\/v2\/comments?post=901"}],"wp:featuredmedia":[{"embeddable":true,"href":"https:\/\/vapsolovape.com\/de\/wp-json\/wp\/v2\/media\/925"}],"wp:attachment":[{"href":"https:\/\/vapsolovape.com\/de\/wp-json\/wp\/v2\/media?parent=901"}],"wp:term":[{"taxonomy":"product_brand","embeddable":true,"href":"https:\/\/vapsolovape.com\/de\/wp-json\/wp\/v2\/product_brand?post=901"},{"taxonomy":"product_cat","embeddable":true,"href":"https:\/\/vapsolovape.com\/de\/wp-json\/wp\/v2\/product_cat?post=901"},{"taxonomy":"product_tag","embeddable":true,"href":"https:\/\/vapsolovape.com\/de\/wp-json\/wp\/v2\/product_tag?post=901"}],"curies":[{"name":"wp","href":"https:\/\/api.w.org\/{rel}","templated":true}]}}