{"id":4166,"date":"2025-02-24T17:11:36","date_gmt":"2025-02-24T09:11:36","guid":{"rendered":"https:\/\/vapsolovape.com\/?page_id=4166"},"modified":"2025-02-24T17:14:35","modified_gmt":"2025-02-24T09:14:35","slug":"4166-2","status":"publish","type":"page","link":"https:\/\/vapsolovape.com\/es\/4166-2\/","title":{"rendered":"Pol\u00edtica de pago - Vapsolovape"},"content":{"rendered":"<h1 data-start=\"80\" data-end=\"112\"><strong data-start=\"80\" data-end=\"112\">Pol\u00edtica de pago - Vapsolovape<\/strong><\/h1>\n<p data-start=\"114\" data-end=\"355\">En Vapsolovape, ofrecemos m\u00faltiples m\u00e9todos de pago seguros para garantizar una experiencia de compra c\u00f3moda y fiable para todos nuestros clientes. Tanto si prefieres los m\u00e9todos de pago tradicionales como si quieres pagar con criptomoneda, te tenemos cubierto.<\/p>\n<h3 data-start=\"357\" data-end=\"392\"><strong data-start=\"361\" data-end=\"392\">1. M\u00e9todos de pago aceptados<\/strong><\/h3>\n<p data-start=\"394\" data-end=\"501\">Admitimos las siguientes opciones de pago para que su experiencia de compra sea lo m\u00e1s f\u00e1cil y flexible posible:<\/p>\n<ul data-start=\"503\" data-end=\"1103\">\n<li data-start=\"503\" data-end=\"646\"><strong data-start=\"505\" data-end=\"527\">Transferencia bancaria SEPA<\/strong>: Pagos seguros y directos a trav\u00e9s de SEPA para clientes europeos. Elija esta opci\u00f3n al pagar para realizar transferencias bancarias sencillas.<\/li>\n<li data-start=\"647\" data-end=\"838\"><strong data-start=\"649\" data-end=\"673\">Pagos con tarjeta de cr\u00e9dito<\/strong>: Aceptamos las principales tarjetas de cr\u00e9dito, incluidas <strong data-start=\"719\" data-end=\"727\">Visa<\/strong>, <strong data-start=\"729\" data-end=\"743\">MasterCard<\/strong>y <strong data-start=\"749\" data-end=\"769\">American Express<\/strong>. Los pagos con tarjeta de cr\u00e9dito se procesan de forma segura para su tranquilidad.<\/li>\n<li data-start=\"839\" data-end=\"1103\"><strong data-start=\"841\" data-end=\"868\">Pagos en criptomoneda<\/strong>: Para los clientes que prefieren pagar con criptomoneda, aceptamos una gama de monedas digitales populares, incluyendo <strong data-start=\"982\" data-end=\"993\">Bitcoin<\/strong> (BTC), <strong data-start=\"1001\" data-end=\"1013\">Ethereum<\/strong> (ETH), y mucho m\u00e1s. Elige una criptomoneda al pagar para un proceso de pago r\u00e1pido y seguro.<\/li>\n<\/ul>\n<h3 data-start=\"1105\" data-end=\"1132\"><strong data-start=\"1109\" data-end=\"1132\">2. Seguridad en los pagos<\/strong><\/h3>\n<p data-start=\"1134\" data-end=\"1445\">Su seguridad es nuestra prioridad. Todas las transacciones en nuestro sitio web est\u00e1n encriptadas utilizando la \u00faltima <strong data-start=\"1228\" data-end=\"1257\">Tecnolog\u00eda de encriptaci\u00f3n SSL<\/strong>garantizando que sus datos de pago est\u00e1n totalmente protegidos. Tanto si pagas con tarjeta de cr\u00e9dito, transferencia SEPA o criptomoneda, puedes comprar con confianza sabiendo que tus datos est\u00e1n seguros.<\/p>\n<h3 data-start=\"1447\" data-end=\"1476\"><strong data-start=\"1451\" data-end=\"1476\">3. Procesamiento de pagos<\/strong><\/h3>\n<ul data-start=\"1478\" data-end=\"2062\">\n<li data-start=\"1478\" data-end=\"1674\"><strong data-start=\"1480\" data-end=\"1502\">Transferencia bancaria SEPA<\/strong>: Si elige la transferencia SEPA, su pedido se tramitar\u00e1 una vez que hayamos recibido el pago. Por favor, espere hasta <strong data-start=\"1617\" data-end=\"1638\">1-3 d\u00edas laborables<\/strong> para que se procesen las transferencias bancarias.<\/li>\n<li data-start=\"1675\" data-end=\"1840\"><strong data-start=\"1677\" data-end=\"1701\">Pagos con tarjeta de cr\u00e9dito<\/strong>: Los pagos con tarjeta de cr\u00e9dito se procesan inmediatamente despu\u00e9s de la compra. Si hay alg\u00fan problema con su pago, se le notificar\u00e1 de inmediato.<\/li>\n<li data-start=\"1841\" data-end=\"2062\"><strong data-start=\"1843\" data-end=\"1870\">Pagos en criptomoneda<\/strong>: Los pagos en criptomoneda se procesan una vez que la transacci\u00f3n se confirma en la cadena de bloques. Esto puede llevar <strong data-start=\"1977\" data-end=\"1994\">unos minutos<\/strong> a <strong data-start=\"1998\" data-end=\"2008\">1 hora<\/strong> dependiendo de la congesti\u00f3n de la red de criptomonedas.<\/li>\n<\/ul>\n<h3 data-start=\"2064\" data-end=\"2091\"><strong data-start=\"2068\" data-end=\"2091\">4. Moneda de pago<\/strong><\/h3>\n<p data-start=\"2093\" data-end=\"2307\">Todos los precios de nuestro sitio web se indican en <strong data-start=\"2133\" data-end=\"2140\">EUR<\/strong> (euros). Si utiliza otra divisa para el pago, el importe final se convertir\u00e1 seg\u00fan el tipo de cambio vigente en el momento del pago.<\/p>\n<h3 data-start=\"2309\" data-end=\"2334\"><strong data-start=\"2313\" data-end=\"2334\">5. 5. Cuestiones de pago<\/strong><\/h3>\n<p data-start=\"2336\" data-end=\"2446\">Si tiene alg\u00fan problema con el procesamiento de su pago, p\u00f3ngase en contacto con nuestro equipo de asistencia lo antes posible:<\/p>\n<ul data-start=\"2447\" data-end=\"2511\">\n<li data-start=\"2447\" data-end=\"2480\"><strong data-start=\"2449\" data-end=\"2459\">Correo electr\u00f3nico:<\/strong> <a rel=\"noopener\" data-start=\"2460\" data-end=\"2480\">info@vapsolovape.com<\/a><\/li>\n<li data-start=\"2481\" data-end=\"2511\"><strong data-start=\"2483\" data-end=\"2496\">WhatsApp:<\/strong> +8619068613079<\/li>\n<\/ul>\n<p data-start=\"2513\" data-end=\"2581\">Le ayudaremos a resolver r\u00e1pidamente cualquier problema relacionado con el pago.<\/p>\n<h3 data-start=\"2583\" data-end=\"2612\"><strong data-start=\"2587\" data-end=\"2612\">6. 6. Confirmaci\u00f3n del pedido<\/strong><\/h3>\n<p data-start=\"2614\" data-end=\"2874\">Una vez que su pago se haya procesado correctamente, recibir\u00e1 un <strong data-start=\"2679\" data-end=\"2707\">correo electr\u00f3nico de confirmaci\u00f3n del pedido<\/strong> con todos los detalles de su compra. Si pag\u00f3 mediante transferencia SEPA, tenga en cuenta que puede haber un ligero retraso en la confirmaci\u00f3n del pedido hasta que recibamos su pago.<\/p>","protected":false},"excerpt":{"rendered":"","protected":false},"author":1,"featured_media":0,"parent":0,"menu_order":0,"comment_status":"closed","ping_status":"closed","template":"","meta":{"footnotes":""},"class_list":["post-4166","page","type-page","status-publish","hentry"],"_links":{"self":[{"href":"https:\/\/vapsolovape.com\/es\/wp-json\/wp\/v2\/pages\/4166","targetHints":{"allow":["GET"]}}],"collection":[{"href":"https:\/\/vapsolovape.com\/es\/wp-json\/wp\/v2\/pages"}],"about":[{"href":"https:\/\/vapsolovape.com\/es\/wp-json\/wp\/v2\/types\/page"}],"author":[{"embeddable":true,"href":"https:\/\/vapsolovape.com\/es\/wp-json\/wp\/v2\/users\/1"}],"replies":[{"embeddable":true,"href":"https:\/\/vapsolovape.com\/es\/wp-json\/wp\/v2\/comments?post=4166"}],"version-history":[{"count":0,"href":"https:\/\/vapsolovape.com\/es\/wp-json\/wp\/v2\/pages\/4166\/revisions"}],"wp:attachment":[{"href":"https:\/\/vapsolovape.com\/es\/wp-json\/wp\/v2\/media?parent=4166"}],"curies":[{"name":"wp","href":"https:\/\/api.w.org\/{rel}","templated":true}]}}