{"id":1299,"date":"2025-02-14T18:18:52","date_gmt":"2025-02-14T10:18:52","guid":{"rendered":"https:\/\/vapsolovape.com\/?post_type=product&#038;p=1299"},"modified":"2026-04-03T17:03:38","modified_gmt":"2026-04-03T09:03:38","slug":"randm-tornado-25000-puffs-new-large-capacity-new-release","status":"publish","type":"product","link":"https:\/\/vapsolovape.com\/es\/producto\/randm-tornado-25000-puffs-new-large-capacity-new-release\/","title":{"rendered":"RandM Tornado 25000 Puffs - \u00a1Nuevo lanzamiento con gran capacidad!"},"content":{"rendered":"<div id=\"tab-description\" class=\"woocommerce-Tabs-panel woocommerce-Tabs-panel--description panel entry-content active\" role=\"tabpanel\" aria-labelledby=\"tab-title-description\">\n<div>\n<p data-start=\"106\" data-end=\"451\">El RandM Tornado 25000 est\u00e1 dise\u00f1ado para elevar su experiencia de vapeo con caracter\u00edsticas de vanguardia. Equipado con una pantalla TFT de alta definici\u00f3n de 1,77 pulgadas, proporciona informaci\u00f3n actualizada en tiempo real sobre la carga de la bater\u00eda y los niveles de e-l\u00edquido. La pantalla completa no s\u00f3lo realza el aspecto futurista del dispositivo, sino que tambi\u00e9n atrae la atenci\u00f3n de los entusiastas del vapeo.<\/p>\n<p data-start=\"453\" data-end=\"734\">Para simplificar la activaci\u00f3n y mejorar el estilo del dispositivo, el RandM Tornado 25000 introduce un innovador interruptor t\u00e1ctil. Con s\u00f3lo tres pulsaciones, los usuarios pueden alternar f\u00e1cilmente entre diferentes potencias, lo que permite una experiencia de vapeo totalmente personalizable y adaptada a las preferencias individuales.<\/p>\n<\/div>\n<figure id=\"attachment_3727\" class=\"wp-caption alignnone\" style=\"width: 2560px;\" aria-describedby=\"caption-attachment-3727\">\n<figure id=\"attachment_4724\" aria-describedby=\"caption-attachment-4724\" style=\"width: 1500px\" class=\"wp-caption alignnone\"><img loading=\"lazy\" decoding=\"async\" class=\"wp-image-4724 size-full\" title=\"RandM Tornado 25000\" src=\"https:\/\/dankstarvapes.com\/wp-content\/uploads\/2024\/11\/RandM-Tornado-25000-1-2.webp\" alt=\"RandM Tornado 25000\" width=\"1500\" height=\"968\" \/><figcaption id=\"caption-attachment-4724\" class=\"wp-caption-text\">RandM Tornado 25000<\/figcaption><\/figure><\/figure>\n<h2>__________________________________________________________________________________________<\/h2>\n<h2><strong>Tornado 25000 Puffs<\/strong> Vape desechable: funciones avanzadas de visualizaci\u00f3n<\/h2>\n<h3><strong>Pantalla HD TFT<\/strong><\/h3>\n<p>En <strong>RandM Tornado 25000<\/strong> cuenta con una pantalla que permite a los usuarios controlar la duraci\u00f3n de la bater\u00eda y los niveles de e-l\u00edquido en tiempo real, evitando interrupciones durante el vapeo.<\/p>\n<h2><strong>RandM Tornado 25000<\/strong> <strong>Hacia una tecnolog\u00eda de vapeo m\u00e1s inteligente<\/strong><\/h2>\n<p>La innovadora pantalla del RandM Tornado 25000 Puffs representa un cambio hacia una tecnolog\u00eda Vape m\u00e1s inteligente. Al mostrar claramente el estado de la bater\u00eda y el suministro de e-l\u00edquido, los usuarios pueden gestionar de forma proactiva su dispositivo, garantizando una experiencia sin problemas. Esta tecnolog\u00eda f\u00e1cil de usar mejora la comodidad y la satisfacci\u00f3n.<\/p>\n<h3><strong>RandM Tornado 25000 Experiencia de usuario general mejorada<\/strong><\/h3>\n<p>Adem\u00e1s, los colores vibrantes y la n\u00edtida resoluci\u00f3n de la pantalla TFT mejoran significativamente la experiencia general del usuario. El moderno dise\u00f1o no s\u00f3lo mejora el atractivo est\u00e9tico del dispositivo, sino que tambi\u00e9n hace que las interacciones sean m\u00e1s agradables, reflejando la evoluci\u00f3n de la cultura del vapeo. Estas caracter\u00edsticas garantizan que el RandM Tornado 25000 satisfaga las necesidades tanto de los vapeadores principiantes como de los experimentados.<\/p>\n<h2>Dise\u00f1o y rendimiento centrados en el usuario<\/h2>\n<div class=\"flex max-w-full flex-col flex-grow\">\n<div class=\"min-h-8 text-message flex w-full flex-col items-end gap-2 whitespace-normal break-words [.text-message+&amp;]:mt-5\" dir=\"auto\" data-message-author-role=\"assistant\" data-message-id=\"09d2e216-c814-4342-8249-e19bcd86eec0\" data-message-model-slug=\"gpt-4o\">\n<div class=\"flex w-full flex-col gap-1 empty:hidden first:pt-[3px]\">\n<div class=\"markdown prose w-full break-words dark:prose-invert light\">\n<p>El RandM Tornado 25000 est\u00e1 dise\u00f1ado espec\u00edficamente para ofrecer una experiencia de vapeo mejorada. Con su innovador interruptor t\u00e1ctil, los usuarios pueden cambiar f\u00e1cilmente entre los ajustes de potencia, lo que permite ajustes r\u00e1pidos y sin esfuerzo. Esta caracter\u00edstica no s\u00f3lo a\u00f1ade un toque personalizado, sino que tambi\u00e9n mejora la comodidad. Adem\u00e1s, este enfoque en la facilidad de uso refleja la fuerte dedicaci\u00f3n de la marca para garantizar la satisfacci\u00f3n del usuario, por lo que es una opci\u00f3n destacada para los vapeadores que buscan facilidad y rendimiento.<\/p>\n<p>Alimentado por una robusta bater\u00eda recargable de 700mAh, el dispositivo admite carga r\u00e1pida para un tiempo de inactividad m\u00ednimo. Esto asegura que los usuarios pueden volver r\u00e1pidamente a disfrutar de sus e-l\u00edquidos favoritos sin largas esperas.Adem\u00e1s, las bobinas de doble n\u00facleo de doble malla ofrecen vapor y sabor impresionante, proporcionando un golpe satisfactorio. Los ajustes de flujo de aire ajustables permiten a los usuarios personalizar su experiencia, si prefieren un sorteo m\u00e1s apretado o nubes m\u00e1s grandes. Con hasta 25.000 caladas, este dispositivo ofrece una alternativa ecol\u00f3gica a los desechables tradicionales, reduciendo los residuos y mejorando el control del usuario.<\/p>\n<\/div>\n<\/div>\n<\/div>\n<\/div>\n<p><strong>Vea m\u00e1s de nuestra serie RandM Tornado:<\/strong><\/p>\n<p class=\"product-title product_title entry-title\">RandM Tornado 7000<\/p>\n<p class=\"product-title product_title entry-title\">RandM Tornado 9000<\/p>\n<p class=\"product-title product_title entry-title\">RandM Tornado 12000<\/p>\n<p class=\"product-title product_title entry-title\">RandM Tornado 15000<\/p>\n<p class=\"product-title product_title entry-title\">RandM Tornado 20000<\/p>\n<p class=\"product-title product_title entry-title\">RandM Tornado 25000<\/p>\n<p class=\"product-title product_title entry-title\">RandM Tornado 30000<\/p>\n<hr \/>\n<p><strong>\u00bfPor qu\u00e9 elegirnos?<\/strong><\/p>\n<p>Al elegir la tienda oficial de vapes desechables, puede disfrutar de muchos beneficios:<\/p>\n<ul>\n<li><strong>Canal de venta oficial:<\/strong>\u00a0Garantizamos productos aut\u00e9nticos y un servicio de calidad.<\/li>\n<li><strong>Venta al por mayor y al por menor:<\/strong>\u00a0Ofrecemos opciones de compra flexibles para particulares y mayoristas.<\/li>\n<li><strong>Garant\u00eda de calidad:<\/strong>\u00a0Nuestros productos se someten a rigurosas pruebas de calidad para garantizar su satisfacci\u00f3n.<\/li>\n<li><strong>Env\u00edo a todo el mundo:<\/strong>\u00a0Estamos orgullosos de enviar nuestros productos a la mayor parte del mundo, para que pueda disfrutar de ellos est\u00e9 donde est\u00e9.<\/li>\n<li><strong>Experiencia en el sector:<\/strong>\u00a0Con m\u00e1s de 8 a\u00f1os de experiencia en el mercado, nos hemos convertido en una opci\u00f3n de confianza y de primera calidad.<\/li>\n<li><strong>Asociaciones a largo plazo:<\/strong>\u00a0Tambi\u00e9n cooperamos con propietarios de tiendas locales en Europa, lo que nos permite responder r\u00e1pidamente a las necesidades del mercado y mantener la frescura de nuestros productos.<\/li>\n<\/ul>\n<p>Elegir nuestros vaporizadores desechables le permite no s\u00f3lo disfrutar de una gran variedad de sabores, sino tambi\u00e9n experimentar un extraordinario viaje de vapeo. Para m\u00e1s informaci\u00f3n, vis\u00edtenos en <a href=\"http:\/\/dankstarvapes.com\" target=\"_blank\" rel=\"noopener\">dankstarvapes.com<\/a>!<\/p>\n<\/div>","protected":false},"excerpt":{"rendered":"<p>The RandM Tornado 25000 is designed to elevate your vaping experience with cutting-edge features. Equipped with a 1.77-inch high-definition TFT screen, it provides real-time updates on both battery power and e-liquid levels. The full-screen display not only enhances the device\u2019s futuristic look but also grabs the attention of vape enthusiasts. To simplify activation and improve [&#8230;]","protected":false},"featured_media":1308,"comment_status":"open","ping_status":"closed","template":"","meta":[],"product_brand":[],"product_cat":[75,111,77,95,73,78,97,71,79,80,81,82,83,84,85,86,87,88,89,90,91,112,104,134,16,92],"product_tag":[],"class_list":{"0":"post-1299","1":"product","2":"type-product","3":"status-publish","4":"has-post-thumbnail","6":"product_cat-2-nicotine-disposable-vape","7":"product_cat-25000-25k-puff-vape","8":"product_cat-5-nicotine-disposable-vape","9":"product_cat-advanced-vape","10":"product_cat-big-puff-vapes","11":"product_cat-disposable-vape-near-me","12":"product_cat-disposable-vape-with-screen","13":"product_cat-0-5-nicotine-vapes","14":"product_cat-disposable-vapes-in-austria","15":"product_cat-disposable-vapes-in-belgium","16":"product_cat-disposable-vapes-in-france","17":"product_cat-disposable-vapes-in-germany","18":"product_cat-disposable-vapes-in-ltaly","19":"product_cat-disposable-vapes-in-netherlands","20":"product_cat-disposable-vapes-in-norway","21":"product_cat-disposable-vapes-in-poland","22":"product_cat-disposable-vapes-in-portugal","23":"product_cat-disposable-vapes-in-spain","24":"product_cat-disposable-vapes-in-sweden","25":"product_cat-disposable-vapes-in-switzerland","26":"product_cat-disposable-vapes-in-united-states","27":"product_cat-randm-tornado-25000","28":"product_cat-randm-tornado-vape","29":"product_cat-tornado-vape","30":"product_cat-uncategorized","31":"product_cat-vape-brands","33":"first","34":"instock","35":"sale","36":"shipping-taxable","37":"purchasable","38":"product-type-variable","39":"has-default-attributes"},"tiered_pricing_type":"fixed","tiered_pricing_fixed_rules":[],"tiered_pricing_product_settings":{"layout":"default","base_unit_name":{"singular":null,"plural":null},"default_variation":null},"tiered_pricing_minimum_quantity":null,"tiered_pricing_roles_data":[],"tiered_pricing_percentage_rules":[],"tiered_pricing_maximum_quantity":null,"tiered_pricing_quantity_step":null,"_links":{"self":[{"href":"https:\/\/vapsolovape.com\/es\/wp-json\/wp\/v2\/product\/1299","targetHints":{"allow":["GET"]}}],"collection":[{"href":"https:\/\/vapsolovape.com\/es\/wp-json\/wp\/v2\/product"}],"about":[{"href":"https:\/\/vapsolovape.com\/es\/wp-json\/wp\/v2\/types\/product"}],"replies":[{"embeddable":true,"href":"https:\/\/vapsolovape.com\/es\/wp-json\/wp\/v2\/comments?post=1299"}],"wp:featuredmedia":[{"embeddable":true,"href":"https:\/\/vapsolovape.com\/es\/wp-json\/wp\/v2\/media\/1308"}],"wp:attachment":[{"href":"https:\/\/vapsolovape.com\/es\/wp-json\/wp\/v2\/media?parent=1299"}],"wp:term":[{"taxonomy":"product_brand","embeddable":true,"href":"https:\/\/vapsolovape.com\/es\/wp-json\/wp\/v2\/product_brand?post=1299"},{"taxonomy":"product_cat","embeddable":true,"href":"https:\/\/vapsolovape.com\/es\/wp-json\/wp\/v2\/product_cat?post=1299"},{"taxonomy":"product_tag","embeddable":true,"href":"https:\/\/vapsolovape.com\/es\/wp-json\/wp\/v2\/product_tag?post=1299"}],"curies":[{"name":"wp","href":"https:\/\/api.w.org\/{rel}","templated":true}]}}