{"id":1352,"date":"2025-02-14T18:19:06","date_gmt":"2025-02-14T10:19:06","guid":{"rendered":"https:\/\/vapsolovape.com\/?post_type=product&#038;p=1352"},"modified":"2026-03-14T11:27:28","modified_gmt":"2026-03-14T03:27:28","slug":"randm-tornado-30000-puffs-vape-nuevos-modelos-disponibles","status":"publish","type":"product","link":"https:\/\/vapsolovape.com\/es\/producto\/randm-tornado-30000-puffs-vape-nuevos-modelos-disponibles\/","title":{"rendered":"RandM Tornado 30000 Puffs Vape - \u00a1Explora el \u00faltimo modelo!"},"content":{"rendered":"<div id=\"tab-description\" class=\"woocommerce-Tabs-panel woocommerce-Tabs-panel--description panel entry-content active\" role=\"tabpanel\" aria-labelledby=\"tab-title-description\">\n<p data-start=\"153\" data-end=\"450\">El RandM Tornado 30000 Music Edition es la m\u00e1s reciente adici\u00f3n a la renombrada RandM Tornado Vape Series de 2024. Dise\u00f1ado para los entusiastas del vapeo que exigen calidad y versatilidad, este avanzado dispositivo desechable ofrece una experiencia de vapeo excepcional con caracter\u00edsticas dise\u00f1adas para satisfacer todas sus necesidades.<\/p>\n<p><strong>30.000 Puffs:<\/strong>\u00a0Disfrute de hasta 30.000 caladas para una experiencia de fumada ininterrumpida.<\/p>\n<p><strong>Capacidad de 25 ml:<\/strong>\u00a0La capacidad de 25 ml reduce la necesidad de recargas, lo que le permite saborear sus sabores favoritos durante m\u00e1s tiempo.<\/p>\n<p><strong>Bater\u00eda integrada de 850 mAh:<\/strong>\u00a0La potente bater\u00eda de 850 mAh garantiza la confianza de vapear durante todo el d\u00eda.<\/p>\n<p><strong>Comodidad recargable:<\/strong>\u00a0El dise\u00f1o recargable te permite cargarlo en cualquier momento, perfecto para tu ajetreado estilo de vida.<\/p>\n<p><strong>Bobina de malla lisa:<\/strong>\u00a0La innovadora bobina de malla proporciona una experiencia de vapeo suave y satisfactoria.<\/p>\n<p><strong>Espect\u00e1culo de luz RGB\uff1a<\/strong>funci\u00f3n de m\u00fasica personalizable<\/p>\n<p><strong>Niveles de sal personalizables:<\/strong>\u00a0Elija la sal de nicotina 2% o 5% a su gusto.<\/p>\n<p><strong>Compacto y elegante:<\/strong>\u00a0Su elegante dise\u00f1o ergon\u00f3mico hace que sea f\u00e1cil de usar y adecuada para cualquier ocasi\u00f3n.<\/p>\n<p><strong>30 sabores para elegir:<\/strong>\u00a0Disfrute de 30 sabores diferentes para todos los gustos.<\/p>\n<p>Experimenta lo \u00faltimo en vapeo con el RandM Tornado 30000 Music Edition. \u00a1Eleva tu experiencia de vapeo hoy mismo!<\/p>\n<hr \/>\n<p><img loading=\"lazy\" decoding=\"async\" class=\"size-full wp-image-4918\" src=\"https:\/\/dankstarvapes.com\/wp-content\/uploads\/2024\/11\/Randm-Tornado-30000-Vapes.webp\" alt=\"Randm Tornado 30000 Vapes\" width=\"1946\" height=\"1876\" title=\"\"><\/p>\n<hr \/>\n<h3><strong>Visi\u00f3n general de RANDM Tornado 30000<\/strong><br \/>\n<strong>\u00daltimos modelos<\/strong><\/h3>\n<p>La serie RandM Tornado 30000 es el \u00faltimo vapeador desechable de gran capacidad producido por Fumot. Con una impresionante capacidad de 30.000 caladas, este modelo ha sido mejorado para satisfacer las necesidades diarias de los clientes nuevos y recurrentes. Es el m\u00e1s nuevo y m\u00e1s grande vape RandM Tornado en el mercado.<\/p>\n<h3><strong>RandM Tornado 30000 Excelente capacidad<\/strong><\/h3>\n<p>El RandM Tornado 30000 es un excelente vapeador desechable conocido por su capacidad superior. Tambi\u00e9n es el \u00faltimo modelo que ofrece opciones de sabor mejoradas. Adem\u00e1s, con su bater\u00eda incorporada de 850mAh, los usuarios pueden disfrutar de la experiencia de vapeo sin preocuparse por quedarse sin energ\u00eda.<\/p>\n<h3><strong>Dein Dampferlebnis, dein Sound<\/strong><\/h3>\n<p>Lass dich von der einzigartigen\u00a0<strong>RGB-Lichtshow<\/strong>\u00a0des\u00a0<strong>Tornado 30000<\/strong>\u00a0begeistern, die im Takt deiner Lieblingsmusik aufleuchtet. Si activas la funci\u00f3n de m\u00fasica, tu Vape-Ger\u00e4t se convertir\u00e1 en una peque\u00f1a bocina, perfecta para los descansos o para ir de viaje. Usted mismo decidir\u00e1 si desea activar o desactivar el Lichtshow en funci\u00f3n de su estado de \u00e1nimo.<\/p>\n<h3><strong>RandM Tornado 30000 Opciones de sabor mejoradas<\/strong><\/h3>\n<p>El Tornado 30000 tambi\u00e9n mejora la selecci\u00f3n de sabores, proporcionando hasta 30 sabores con un sabor rico y duradero. Con una selecci\u00f3n tan variada, siempre habr\u00e1 un sabor que se adapte a tus preferencias.<\/p>\n<p><img loading=\"lazy\" decoding=\"async\" class=\"size-full wp-image-4919\" src=\"https:\/\/dankstarvapes.com\/wp-content\/uploads\/2024\/11\/RandM-Tornado-30000.webp\" alt=\"Randm Tornado 30000 Vapes\" width=\"1946\" height=\"1946\" title=\"\"><\/p>\n<h3><strong>Ventajas y experiencia del usuario<\/strong><\/h3>\n<p>El Tornado 30000 es el favorito de los entusiastas del vapeo por su comodidad y durabilidad. A diferencia de los vapeadores tradicionales que requieren recargas frecuentes y mantenimiento, el Tornado 30000 elimina estas molestias y se puede desechar una vez terminado. Su excelente duraci\u00f3n de bater\u00eda est\u00e1 dise\u00f1ada para usarse durante todo el d\u00eda, asegurando una experiencia de vapeo sin preocupaciones por quedarse sin energ\u00eda. Combinado con su gran capacidad de e-l\u00edquido, supera a muchos vapeadores desechables, permitiendo a los usuarios disfrutar de sus sabores favoritos durante m\u00e1s tiempo y con mayor facilidad.<\/p>\n<p><strong>Vea m\u00e1s de nuestra serie RandM Tornado:<\/strong><\/p>\n<p class=\"product-title product_title entry-title\">RandM Tornado 7000<\/p>\n<p class=\"product-title product_title entry-title\">RandM Tornado 9000<\/p>\n<p class=\"product-title product_title entry-title\">RandM Tornado 12000<\/p>\n<p class=\"product-title product_title entry-title\">RandM Tornado 15000<\/p>\n<p class=\"product-title product_title entry-title\">RandM Tornado 20000<\/p>\n<p class=\"product-title product_title entry-title\">RandM Tornado 25000<\/p>\n<p class=\"product-title product_title entry-title\">RandM Tornado 30000<\/p>\n<hr \/>\n<p><strong>\u00bfPor qu\u00e9 elegirnos?<\/strong><\/p>\n<p>Al elegir la tienda oficial de vapes desechables, puede disfrutar de muchos beneficios:<\/p>\n<ul>\n<li><strong>Canal de venta oficial:<\/strong>\u00a0Garantizamos productos aut\u00e9nticos y un servicio de calidad.<\/li>\n<li><strong>Venta al por mayor y al por menor:<\/strong>\u00a0Ofrecemos opciones de compra flexibles para particulares y mayoristas.<\/li>\n<li><strong>Garant\u00eda de calidad:<\/strong>\u00a0Nuestros productos se someten a rigurosas pruebas de calidad para garantizar su satisfacci\u00f3n.<\/li>\n<li><strong>Env\u00edo a todo el mundo:<\/strong>\u00a0Estamos orgullosos de enviar nuestros productos a la mayor parte del mundo, para que pueda disfrutar de ellos est\u00e9 donde est\u00e9.<\/li>\n<li><strong>Experiencia en el sector:<\/strong>\u00a0Con m\u00e1s de 8 a\u00f1os de experiencia en el mercado, nos hemos convertido en una opci\u00f3n de confianza y de primera calidad.<\/li>\n<li><strong>Asociaciones a largo plazo:<\/strong>\u00a0Tambi\u00e9n cooperamos con propietarios de tiendas locales en Europa, lo que nos permite responder r\u00e1pidamente a las necesidades del mercado y mantener la frescura de nuestros productos.<\/li>\n<\/ul>\n<p>Elegir nuestros vaporizadores desechables le permite no s\u00f3lo disfrutar de una gran variedad de sabores, sino tambi\u00e9n experimentar un extraordinario viaje de vapeo. Para m\u00e1s informaci\u00f3n, vis\u00edtenos en <a href=\"http:\/\/dankstarvapes.com\" target=\"_blank\" rel=\"noopener\">dankstarvapes.com<\/a>!<\/p>\n<\/div>","protected":false},"excerpt":{"rendered":"<p>The RandM Tornado 30000 Music Edition is the newest addition to the renowned RandM Tornado Vape Series of 2024. Crafted for vape enthusiasts who demand quality and versatility, this advanced disposable device delivers an exceptional vaping experience with features designed to meet all your needs. 30,000 Puffs:\u00a0Enjoy up to 30,000 puffs for an uninterrupted smoking [&#8230;]","protected":false},"featured_media":1370,"comment_status":"open","ping_status":"closed","template":"","meta":[],"product_brand":[],"product_cat":[75,77,95,73,100,78,113,71,79,80,81,82,83,84,85,86,87,88,89,90,91,114,104,134,16,92],"product_tag":[],"class_list":{"0":"post-1352","1":"product","2":"type-product","3":"status-publish","4":"has-post-thumbnail","6":"product_cat-2-nicotine-disposable-vape","7":"product_cat-5-nicotine-disposable-vape","8":"product_cat-advanced-vape","9":"product_cat-big-puff-vapes","10":"product_cat-big-puff-vapes-30000","11":"product_cat-disposable-vape-near-me","12":"product_cat-disposable-vape-with-bluetooth-speaker","13":"product_cat-0-5-nicotine-vapes","14":"product_cat-disposable-vapes-in-austria","15":"product_cat-disposable-vapes-in-belgium","16":"product_cat-disposable-vapes-in-france","17":"product_cat-disposable-vapes-in-germany","18":"product_cat-disposable-vapes-in-ltaly","19":"product_cat-disposable-vapes-in-netherlands","20":"product_cat-disposable-vapes-in-norway","21":"product_cat-disposable-vapes-in-poland","22":"product_cat-disposable-vapes-in-portugal","23":"product_cat-disposable-vapes-in-spain","24":"product_cat-disposable-vapes-in-sweden","25":"product_cat-disposable-vapes-in-switzerland","26":"product_cat-disposable-vapes-in-united-states","27":"product_cat-randm-tornado-30000-puff-series","28":"product_cat-randm-tornado-vape","29":"product_cat-tornado-vape","30":"product_cat-uncategorized","31":"product_cat-vape-brands","33":"first","34":"instock","35":"shipping-taxable","36":"purchasable","37":"product-type-variable","38":"has-default-attributes"},"tiered_pricing_type":"fixed","tiered_pricing_fixed_rules":[],"tiered_pricing_product_settings":{"layout":"default","base_unit_name":{"singular":null,"plural":null},"default_variation":null},"tiered_pricing_minimum_quantity":null,"tiered_pricing_roles_data":[],"tiered_pricing_percentage_rules":[],"tiered_pricing_maximum_quantity":null,"tiered_pricing_quantity_step":null,"_links":{"self":[{"href":"https:\/\/vapsolovape.com\/es\/wp-json\/wp\/v2\/product\/1352","targetHints":{"allow":["GET"]}}],"collection":[{"href":"https:\/\/vapsolovape.com\/es\/wp-json\/wp\/v2\/product"}],"about":[{"href":"https:\/\/vapsolovape.com\/es\/wp-json\/wp\/v2\/types\/product"}],"replies":[{"embeddable":true,"href":"https:\/\/vapsolovape.com\/es\/wp-json\/wp\/v2\/comments?post=1352"}],"wp:featuredmedia":[{"embeddable":true,"href":"https:\/\/vapsolovape.com\/es\/wp-json\/wp\/v2\/media\/1370"}],"wp:attachment":[{"href":"https:\/\/vapsolovape.com\/es\/wp-json\/wp\/v2\/media?parent=1352"}],"wp:term":[{"taxonomy":"product_brand","embeddable":true,"href":"https:\/\/vapsolovape.com\/es\/wp-json\/wp\/v2\/product_brand?post=1352"},{"taxonomy":"product_cat","embeddable":true,"href":"https:\/\/vapsolovape.com\/es\/wp-json\/wp\/v2\/product_cat?post=1352"},{"taxonomy":"product_tag","embeddable":true,"href":"https:\/\/vapsolovape.com\/es\/wp-json\/wp\/v2\/product_tag?post=1352"}],"curies":[{"name":"wp","href":"https:\/\/api.w.org\/{rel}","templated":true}]}}