{"id":1488,"date":"2025-02-14T18:19:51","date_gmt":"2025-02-14T10:19:51","guid":{"rendered":"https:\/\/vapsolovape.com\/?post_type=product&#038;p=1488"},"modified":"2025-02-26T14:29:57","modified_gmt":"2025-02-26T06:29:57","slug":"aivono-vape-20000-puff-desechables-vape-al-por-mayor-sabor-innovacion","status":"publish","type":"product","link":"https:\/\/vapsolovape.com\/es\/producto\/aivono-vape-20000-puff-desechables-vape-al-por-mayor-sabor-innovacion\/","title":{"rendered":"AIVONO Vape 20000 Puffs Desechables - Revolucionando el Sabor, Ofertas al por mayor"},"content":{"rendered":"<p>El AIVONO Vape 20000 Desechable eleva su experiencia vaping con un rendimiento excepcional, ricos sabores, y una comodidad sin igual. Ya sea para uso personal o distribuci\u00f3n al por mayor, este dispositivo de primera calidad ofrece caracter\u00edsticas innovadoras y opciones personalizables para adaptarse a una variedad de preferencias.<\/p>\n<figure id=\"attachment_6064\" aria-describedby=\"caption-attachment-6064\" style=\"width: 800px\" class=\"wp-caption alignnone\"><img loading=\"lazy\" decoding=\"async\" class=\"wp-image-6064 size-full\" src=\"https:\/\/dankstarvapes.com\/wp-content\/uploads\/2024\/11\/AIVONO-20000Puff-39-1.webp\" alt=\"AIVONO Vape 20000\" width=\"800\" height=\"1766\" title=\"\"><figcaption id=\"caption-attachment-6064\" class=\"wp-caption-text\">AIVONO Vape 20000<\/figcaption><\/figure>\n<hr \/>\n<h2><strong>\u00bfPor qu\u00e9 elegir AIVONO Vape 20000 puffs?<\/strong><\/h2>\n<h3><strong>Capacidad de soplado y longevidad inigualables<\/strong><\/h3>\n<p>Con una notable capacidad de <strong>hasta 20.000 bocanadas<\/strong>El Vape Desechable AIVONO asegura un uso prolongado sin necesidad de reemplazos frecuentes. Ideal para los estilos de vida on-the-go y sesiones vaping prolongados.<\/p>\n<h3><strong>AIVONO Vape 20000 caladas<\/strong><strong>\u00a0<\/strong><strong>Ricas y variadas opciones de sabor<\/strong><\/h3>\n<p>Experimente 12 sabores elaborados por expertos, cada uno de los cuales ofrece una experiencia de vapeo \u00fanica y satisfactoria:<\/p>\n<ul>\n<li><strong>Hielo de ar\u00e1ndanos<\/strong>: Una fresca explosi\u00f3n de ar\u00e1ndanos con un refrescante final mentolado.<\/li>\n<li><strong>Fresa helada<\/strong>: Fresas dulces equilibradas con matices helados.<\/li>\n<li><strong>Hielo de sand\u00eda<\/strong>: Jugosa sand\u00eda combinada con un toque helado.<\/li>\n<li><strong>Hielo de pi\u00f1a y coco<\/strong>: Una fusi\u00f3n tropical de pi\u00f1a y coco cremoso.<\/li>\n<li><strong>Mezcla de bayas<\/strong>: Una deliciosa mezcla de bayas variadas.<\/li>\n<li><strong>Melocot\u00f3n helado<\/strong>: Sabor dulce a melocot\u00f3n con un toque refrescante.<\/li>\n<li><strong>Hielo Razz Azul<\/strong>: Frambuesa azul \u00e1cida con un crujiente final mentolado.<\/li>\n<li><strong>Pi\u00f1a Mango<\/strong>: La dulzura del mango combinada con la acidez de la pi\u00f1a.<\/li>\n<li><strong>Sand\u00eda con fresa<\/strong>: Una jugosa combinaci\u00f3n de fresas y sand\u00eda.<\/li>\n<li><strong>Helado de fresa<\/strong>: Notas cremosas de postre mezcladas con fresas maduras.<\/li>\n<li><strong>Hielo de uva<\/strong>: Atrevido sabor a uva con un toque de mentol.<\/li>\n<li><strong>Frambuesa Lim\u00f3n<\/strong>: Una sabrosa y refrescante mezcla de frambuesa y lim\u00f3n.<\/li>\n<\/ul>\n<figure id=\"attachment_6065\" aria-describedby=\"caption-attachment-6065\" style=\"width: 771px\" class=\"wp-caption alignnone\"><img loading=\"lazy\" decoding=\"async\" class=\"wp-image-6065 size-full\" src=\"https:\/\/dankstarvapes.com\/wp-content\/uploads\/2024\/11\/AIVONO-20000-PUFFS-6.webp\" alt=\"AIVONO Vape 20000\" width=\"771\" height=\"925\" title=\"\"><figcaption id=\"caption-attachment-6065\" class=\"wp-caption-text\">AIVONO Vape 20000<\/figcaption><\/figure>\n<h3><strong>Tecnolog\u00eda avanzada de doble bobina de malla<\/strong><\/h3>\n<p>En <strong>Bobina de malla dual de 1.0\u03a9<\/strong> garantiza una producci\u00f3n de vapor m\u00e1s suave, un suministro de sabor mejorado y un tiro siempre satisfactorio.<\/p>\n<hr \/>\n<h2><strong>Caracter\u00edsticas principales del AIVONO 20000 Puff Vape<\/strong><\/h2>\n<h3><strong>AIVONO Vape 20000 caladas <\/strong><strong>Niveles de resistencia personalizables<\/strong><\/h3>\n<p>Elige entre <strong>Concentraciones de nicotina 0%, 2%, 3% o 5%<\/strong> para adaptarse a sus preferencias personales o a las exigencias del mercado.<\/p>\n<h3><strong>AIVONO Vape 20000 caladas <\/strong><strong>Bater\u00eda de larga duraci\u00f3n<\/strong><\/h3>\n<p>Equipado con un <strong>Bater\u00eda recargable de 600 mAh<\/strong>este dispositivo garantiza un uso ininterrumpido, mientras que el <strong>Carga r\u00e1pida Tipo-C<\/strong> proporciona recargas r\u00e1pidas para mayor comodidad.<\/p>\n<h3><strong>AIVONO Vape 20000 caladas\u00a0<\/strong><strong>Amplia capacidad de e-l\u00edquido<\/strong><\/h3>\n<p>En <strong>Dep\u00f3sito de e-l\u00edquido de 26 ml<\/strong> reduce la molestia de las recargas frecuentes, ofreciendo una experiencia de vapeo sin interrupciones.<\/p>\n<h3><strong>Dise\u00f1o f\u00e1cil de usar<\/strong><\/h3>\n<p>Una pantalla LCD integrada le mantiene informado sobre <strong>duraci\u00f3n de la bater\u00eda y n\u00famero de caladas<\/strong>para que siempre tengas el control.<\/p>\n<h3><strong>Port\u00e1til y ligero<\/strong><\/h3>\n<p>Dimensiones compactas (<strong>43 mm x 102 mm<\/strong>) y un dise\u00f1o ligero (<strong>103g<\/strong>) hacen que este dispositivo sea ideal para viajar o para el uso diario.<\/p>\n<hr \/>\n<h3><strong>AIVONO Vape 20000 caladas <\/strong><strong>Especificaciones<\/strong><\/h3>\n<ul>\n<li><strong>Recuento de Puff<\/strong>: Hasta 20.000 caladas<\/li>\n<li><strong>Capacidad de e-l\u00edquido<\/strong>: 26ml<\/li>\n<li><strong>Bater\u00eda<\/strong>Bater\u00eda de cobalto recargable de 600 mAh<\/li>\n<li><strong>Resistencia de la bobina<\/strong>: Bobina de malla dual de 1.0\u03a9<\/li>\n<li><strong>Dimensiones del dispositivo<\/strong>: 43mm x 102mm<\/li>\n<li><strong>Peso<\/strong>: 103g<\/li>\n<li><strong>Cargando<\/strong>: Carga r\u00e1pida Tipo-C<\/li>\n<li><strong>Potencia de nicotina<\/strong>: 0%, 2%, 3%, 5%<\/li>\n<\/ul>\n<hr \/>\n<h2><strong>Ventajas de la venta al por mayor con AIVONO<\/strong><\/h2>\n<h3><strong>Precios competitivos<\/strong><\/h3>\n<p>Compre al por mayor y disfrute <strong>tarifas especiales al por mayor<\/strong>maximizando sus m\u00e1rgenes de beneficio.<\/p>\n<h3><strong>Envases c\u00f3modos<\/strong><\/h3>\n<p>Cada paquete incluye <strong>10 unidades<\/strong>para almacenar, enviar o compartir f\u00e1cilmente.<\/p>\n<h3><strong>Env\u00edo r\u00e1pido a toda Europa<\/strong><\/h3>\n<p>Entrega fiable a <strong>Alemania<\/strong>, <strong>Pa\u00edses Bajos<\/strong>, <strong>B\u00e9lgica<\/strong>, <strong>Espa\u00f1a<\/strong>y mucho m\u00e1s.<\/p>\n<hr \/>\n<h2><strong>\u00a1Pida hoy mismo su AIVONO 20000 Puff Vape Desechable!<\/strong><\/h2>\n<p>Descubra la combinaci\u00f3n perfecta de innovaci\u00f3n, sabor y rendimiento con el <strong>AIVONO 20000 Puff Vape Desechable<\/strong>. Si usted es un entusiasta de vaping o un distribuidor al por mayor, este dispositivo es la mejor opci\u00f3n para la calidad y la satisfacci\u00f3n.<\/p>\n<h3><strong>Compre ahora y mejore su experiencia de vapeo.<\/strong><\/h3>\n<p>Transforma tu viaje de vapeo con AIVONO - donde la tecnolog\u00eda superior se encuentra con el sabor premium.<\/p>\n<p><strong>\u00bfPor qu\u00e9 elegirnos?<\/strong><\/p>\n<p>Al elegir la tienda oficial de vapes desechables, puede disfrutar de muchos beneficios:<\/p>\n<ul>\n<li><strong>Canal de venta oficial:<\/strong>\u00a0Garantizamos productos aut\u00e9nticos y un servicio de calidad.<\/li>\n<li><strong>Venta al por mayor y al por menor:<\/strong>\u00a0Ofrecemos opciones de compra flexibles para particulares y mayoristas.<\/li>\n<li><strong>Garant\u00eda de calidad:<\/strong>\u00a0Nuestros productos se someten a rigurosas pruebas de calidad para garantizar su satisfacci\u00f3n.<\/li>\n<li><strong>Env\u00edo a todo el mundo:<\/strong>\u00a0Estamos orgullosos de enviar nuestros productos a la mayor parte del mundo, para que pueda disfrutar de ellos est\u00e9 donde est\u00e9.<\/li>\n<li><strong>Experiencia en el sector:<\/strong>\u00a0Con m\u00e1s de 8 a\u00f1os de experiencia en el mercado, nos hemos convertido en una opci\u00f3n de confianza y de primera calidad.<\/li>\n<li><strong>Asociaciones a largo plazo:<\/strong>\u00a0Tambi\u00e9n cooperamos con propietarios de tiendas locales en Europa, lo que nos permite responder r\u00e1pidamente a las necesidades del mercado y mantener la frescura de nuestros productos.<\/li>\n<\/ul>\n<p>Elegir nuestros vaporizadores desechables le permite no s\u00f3lo disfrutar de una gran variedad de sabores, sino tambi\u00e9n experimentar un extraordinario viaje de vapeo. Para m\u00e1s informaci\u00f3n, vis\u00edtenos en <a href=\"http:\/\/dankstarvapes.com\" target=\"_blank\" rel=\"noopener\">dankstarvapes.com<\/a>!<\/p>","protected":false},"excerpt":{"rendered":"<p>The AIVONO Vape 20000 Disposable elevates your vaping experience with outstanding performance, rich flavors, and unmatched convenience. Whether for personal use or wholesale distribution, this premium device offers innovative features and customizable options to suit a variety of preferences. Why Choose the AIVONO Vape 20000 puffs? Unmatched Puff Capacity and Longevity With a remarkable capacity [&#8230;]","protected":false},"featured_media":1499,"comment_status":"open","ping_status":"closed","template":"","meta":[],"product_brand":[],"product_cat":[72,75,102,76,77,95,115,73,78,97,71,79,80,81,82,83,84,85,86,87,88,89,90,91,16,92],"product_tag":[],"class_list":{"0":"post-1488","1":"product","2":"type-product","3":"status-publish","4":"has-post-thumbnail","6":"product_cat-0-nicotine-disposable-vape","7":"product_cat-2-nicotine-disposable-vape","8":"product_cat-20000-20k-puff-vape","9":"product_cat-3-nicotine-disposable-vape","10":"product_cat-5-nicotine-disposable-vape","11":"product_cat-advanced-vape","12":"product_cat-aivono-vape","13":"product_cat-big-puff-vapes","14":"product_cat-disposable-vape-near-me","15":"product_cat-disposable-vape-with-screen","16":"product_cat-0-5-nicotine-vapes","17":"product_cat-disposable-vapes-in-austria","18":"product_cat-disposable-vapes-in-belgium","19":"product_cat-disposable-vapes-in-france","20":"product_cat-disposable-vapes-in-germany","21":"product_cat-disposable-vapes-in-ltaly","22":"product_cat-disposable-vapes-in-netherlands","23":"product_cat-disposable-vapes-in-norway","24":"product_cat-disposable-vapes-in-poland","25":"product_cat-disposable-vapes-in-portugal","26":"product_cat-disposable-vapes-in-spain","27":"product_cat-disposable-vapes-in-sweden","28":"product_cat-disposable-vapes-in-switzerland","29":"product_cat-disposable-vapes-in-united-states","30":"product_cat-uncategorized","31":"product_cat-vape-brands","33":"first","34":"instock","35":"shipping-taxable","36":"purchasable","37":"product-type-variable","38":"has-default-attributes"},"tiered_pricing_type":"fixed","tiered_pricing_fixed_rules":[],"tiered_pricing_product_settings":{"layout":"default","base_unit_name":{"singular":null,"plural":null},"default_variation":null},"tiered_pricing_minimum_quantity":null,"tiered_pricing_roles_data":[],"tiered_pricing_percentage_rules":[],"tiered_pricing_maximum_quantity":null,"tiered_pricing_quantity_step":null,"_links":{"self":[{"href":"https:\/\/vapsolovape.com\/es\/wp-json\/wp\/v2\/product\/1488","targetHints":{"allow":["GET"]}}],"collection":[{"href":"https:\/\/vapsolovape.com\/es\/wp-json\/wp\/v2\/product"}],"about":[{"href":"https:\/\/vapsolovape.com\/es\/wp-json\/wp\/v2\/types\/product"}],"replies":[{"embeddable":true,"href":"https:\/\/vapsolovape.com\/es\/wp-json\/wp\/v2\/comments?post=1488"}],"wp:featuredmedia":[{"embeddable":true,"href":"https:\/\/vapsolovape.com\/es\/wp-json\/wp\/v2\/media\/1499"}],"wp:attachment":[{"href":"https:\/\/vapsolovape.com\/es\/wp-json\/wp\/v2\/media?parent=1488"}],"wp:term":[{"taxonomy":"product_brand","embeddable":true,"href":"https:\/\/vapsolovape.com\/es\/wp-json\/wp\/v2\/product_brand?post=1488"},{"taxonomy":"product_cat","embeddable":true,"href":"https:\/\/vapsolovape.com\/es\/wp-json\/wp\/v2\/product_cat?post=1488"},{"taxonomy":"product_tag","embeddable":true,"href":"https:\/\/vapsolovape.com\/es\/wp-json\/wp\/v2\/product_tag?post=1488"}],"curies":[{"name":"wp","href":"https:\/\/api.w.org\/{rel}","templated":true}]}}