{"id":1811,"date":"2025-02-14T18:21:25","date_gmt":"2025-02-14T10:21:25","guid":{"rendered":"https:\/\/vapsolovape.com\/?post_type=product&#038;p=1811"},"modified":"2025-02-25T18:42:07","modified_gmt":"2025-02-25T10:42:07","slug":"wga-crystal-vape-20000-puffs-disposable-premium-performance","status":"publish","type":"product","link":"https:\/\/vapsolovape.com\/es\/producto\/wga-crystal-vape-20000-puffs-disposable-premium-performance\/","title":{"rendered":"WGA Crystal Vape 20000 Puffs Desechables - Rendimiento Premium y Satisfacci\u00f3n Duradera"},"content":{"rendered":"<div>\n<div>\n<p data-start=\"134\" data-end=\"505\">The WGA Crystal Vape 20,000 Puffs Disposable is engineered to deliver an exceptional vaping experience with its impressive features. Offering up to 20,000 puffs, this device combines convenience, top-tier performance, and rich flavor. Perfect for both casual vapers and seasoned enthusiasts, the WGA Crystal Vape ensures a smooth, satisfying session from start to finish.<\/p>\n<\/div>\n<div>\n<figure id=\"attachment_6496\" aria-describedby=\"caption-attachment-6496\" style=\"width: 1500px\" class=\"wp-caption alignnone\"><img loading=\"lazy\" decoding=\"async\" class=\"wp-image-6496 size-full\" src=\"https:\/\/dankstarvapes.com\/wp-content\/uploads\/2024\/11\/WGA-Crystal-Vape-20000-Puffs-3.webp\" alt=\"WGA Crystal Vape 20000 Puffs\" width=\"1500\" height=\"650\" title=\"\"><figcaption id=\"caption-attachment-6496\" class=\"wp-caption-text\">WGA Crystal Vape 20000 Puffs<\/figcaption><\/figure>\n<\/div>\n<\/div>\n<div class=\"group\/conversation-turn relative flex w-full min-w-0 flex-col agent-turn\">\n<div class=\"flex-col gap-1 md:gap-3\">\n<div class=\"flex max-w-full flex-col flex-grow\">\n<div class=\"min-h-8 text-message flex w-full flex-col items-end gap-2 whitespace-normal break-words [.text-message+&amp;]:mt-5\" dir=\"auto\" data-message-author-role=\"assistant\" data-message-id=\"77ee3284-da5b-4e16-86ec-b3088631ec69\" data-message-model-slug=\"gpt-4o-mini\">\n<div class=\"flex w-full flex-col gap-1 empty:hidden first:pt-[3px]\">\n<div class=\"markdown prose w-full break-words dark:prose-invert light\">\n<hr \/>\n<h2><strong>Key Features of WGA Crystal Vape 20000 Puffs Disposable<\/strong><\/h2>\n<h3><strong>1. 20,000 Puffs \u2013 Maximum Longevity<\/strong><\/h3>\n<p>With an extraordinary capacity of <strong>20.000 bocanadas<\/strong>El <strong>WGA Crystal Vape<\/strong> minimizes the need for frequent replacements, providing a long-lasting and consistent vaping experience.<\/p>\n<h3><strong>2. WGA Crystal Vape 20000 Puffs Dual Flavor Tank \u2013 Flavor Flexibility<\/strong><\/h3>\n<p>Enjoy the best of both worlds with the <strong>tanque de doble sabor<\/strong>. You can easily switch between two different flavors, providing variety and flexibility, all in one device.<\/p>\n<h3><strong>3. Powerful 1200mAh Rechargeable Battery<\/strong><\/h3>\n<p>Equipado con un <strong>Bater\u00eda recargable de 1200 mAh<\/strong>El <strong>WGA Crystal Vape<\/strong> ensures reliable performance over time. The <strong>Puerto de carga Tipo-C<\/strong> allows for quick and efficient recharging, so you can always enjoy your vape without delay.<\/p>\n<h3><strong>4. WGA Crystal Vape 20000 Puffs 20ml Pre-Filled E-liquid<\/strong><\/h3>\n<p>Con <strong>20ml of e-liquid pre-filled<\/strong>El <strong>WGA Crystal Vape<\/strong> offers ample supply for a satisfying vaping experience. No need for refills, just enjoy the convenience of a pre-filled device.<\/p>\n<h3><strong>5. Dual Mesh Coil Technology<\/strong><\/h3>\n<p>En <strong>tecnolog\u00eda de bobina de doble malla<\/strong> enhances vapor production and flavor intensity, ensuring each puff delivers a rich and smooth taste. This innovative coil system makes for a premium vaping experience.<\/p>\n<h3><strong>6. Nicotine Strength Options \u2013 2% &amp; 5%<\/strong><\/h3>\n<p>En <strong>WGA Crystal Vape<\/strong> est\u00e1 disponible en <strong>2%<\/strong> y <strong>5% nicotine strengths<\/strong>, offering options to suit different preferences. Choose the level that provides the most satisfying experience for your needs.<\/p>\n<figure id=\"attachment_6497\" aria-describedby=\"caption-attachment-6497\" style=\"width: 1020px\" class=\"wp-caption alignnone\"><img loading=\"lazy\" decoding=\"async\" class=\"wp-image-6497 size-large\" src=\"https:\/\/dankstarvapes.com\/wp-content\/uploads\/2024\/11\/WGA-Crystal-Vape-20000-Puffs-1-1400x729.webp\" alt=\"WGA Crystal Vape 20000 Puffs\" width=\"1020\" height=\"531\" title=\"\"><figcaption id=\"caption-attachment-6497\" class=\"wp-caption-text\">WGA Crystal Vape 20000 Puffs<\/figcaption><\/figure>\n<hr \/>\n<h2><strong>WGA Crystal Vape 20000 Puffs Technical Specifications<\/strong><\/h2>\n<table>\n<thead>\n<tr>\n<th><strong>Especificaci\u00f3n<\/strong><\/th>\n<th><strong>Detalle<\/strong><\/th>\n<\/tr>\n<\/thead>\n<tbody>\n<tr>\n<td><strong>N\u00famero de bocanadas<\/strong><\/td>\n<td>Up to 20,000<\/td>\n<\/tr>\n<tr>\n<td><strong>Capacidad de la bater\u00eda<\/strong><\/td>\n<td>1200mAh (Rechargeable)<\/td>\n<\/tr>\n<tr>\n<td><strong>Tipo de bobina<\/strong><\/td>\n<td>Dual Mesh Coil<\/td>\n<\/tr>\n<tr>\n<td><strong>Capacidad de e-l\u00edquido<\/strong><\/td>\n<td>20ml Pre-filled<\/td>\n<\/tr>\n<tr>\n<td><strong>Nicotine Strengths<\/strong><\/td>\n<td>2% &amp; 5%<\/td>\n<\/tr>\n<tr>\n<td><strong>Opciones de sabor<\/strong><\/td>\n<td>Tanque de doble sabor<\/td>\n<\/tr>\n<tr>\n<td><strong>Puerto de carga<\/strong><\/td>\n<td>Tipo-C<\/td>\n<\/tr>\n<\/tbody>\n<\/table>\n<hr \/>\n<h3><strong>Why Choose WGA Crystal Vape 20000 Puffs Disposable?<\/strong><\/h3>\n<p>En <strong>WGA Crystal Vape 20000 Puffs Desechable<\/strong> is designed for vapers who want versatility and high performance. With a <strong>tanque de doble sabor<\/strong>, a <strong>long-lasting puff count<\/strong>y un <strong>bater\u00eda recargable<\/strong>, this device offers the ultimate vaping convenience. Enjoy a smooth and satisfying experience with the <strong>tecnolog\u00eda de bobina de doble malla<\/strong>, perfect for any enthusiast.<\/p>\n<hr \/>\n<h3><strong>Elegante, c\u00f3moda y de primera calidad<\/strong><\/h3>\n<p>En <strong>WGA Crystal Vape 20000 Puffs Desechable<\/strong> is not just another disposable vape. Its <strong>dise\u00f1o elegante<\/strong>, <strong>dual flavor options<\/strong>y <strong>long-lasting performance<\/strong> set it apart from the rest. This is the perfect choice for those who demand both quality and convenience.<\/p>\n<hr \/>\n<h2><strong>Try the WGA Crystal Vape 20000 Puffs Disposable Today<\/strong><\/h2>\n<p>Don\u2019t settle for ordinary. Experience the <strong>WGA Crystal Vape 20000 Puffs Desechable<\/strong> and elevate your vaping game to new heights. With its <strong>rendimiento superior<\/strong>, <strong>tanque de doble sabor<\/strong>y <strong>long-lasting puffs<\/strong>, it\u2019s the perfect addition to any vaper\u2019s collection. Get yours now and enjoy the ultimate vaping experience!<\/p>\n<p><strong>\u00bfPor qu\u00e9 elegirnos?<\/strong><\/p>\n<p>Al elegir la tienda oficial de vapes desechables, puede disfrutar de muchos beneficios:<\/p>\n<ul>\n<li><strong>Canal de venta oficial:<\/strong>\u00a0Garantizamos productos aut\u00e9nticos y un servicio de calidad.<\/li>\n<li><strong>Venta al por mayor y al por menor:<\/strong>\u00a0Ofrecemos opciones de compra flexibles para particulares y mayoristas.<\/li>\n<li><strong>Garant\u00eda de calidad:<\/strong>\u00a0Nuestros productos se someten a rigurosas pruebas de calidad para garantizar su satisfacci\u00f3n.<\/li>\n<li><strong>Env\u00edo a todo el mundo:<\/strong>\u00a0Estamos orgullosos de enviar nuestros productos a la mayor parte del mundo, para que pueda disfrutar de ellos est\u00e9 donde est\u00e9.<\/li>\n<li><strong>Experiencia en el sector:<\/strong>\u00a0Con m\u00e1s de 8 a\u00f1os de experiencia en el mercado, nos hemos convertido en una opci\u00f3n de confianza y de primera calidad.<\/li>\n<li><strong>Asociaciones a largo plazo:<\/strong>\u00a0Tambi\u00e9n cooperamos con propietarios de tiendas locales en Europa, lo que nos permite responder r\u00e1pidamente a las necesidades del mercado y mantener la frescura de nuestros productos.<\/li>\n<\/ul>\n<p>Elegir nuestros vaporizadores desechables le permite no s\u00f3lo disfrutar de una gran variedad de sabores, sino tambi\u00e9n experimentar un extraordinario viaje de vapeo. Para m\u00e1s informaci\u00f3n, vis\u00edtenos en <a href=\"http:\/\/dankstarvapes.com\" target=\"_blank\" rel=\"noopener\">dankstarvapes.com<\/a>!<\/p>\n<\/div>\n<\/div>\n<\/div>\n<\/div>\n<\/div>\n<\/div>","protected":false},"excerpt":{"rendered":"<p>The WGA Crystal Vape 20,000 Puffs Disposable is engineered to deliver an exceptional vaping experience with its impressive features. Offering up to 20,000 puffs, this device combines convenience, top-tier performance, and rich flavor. Perfect for both casual vapers and seasoned enthusiasts, the WGA Crystal Vape ensures a smooth, satisfying session from start to finish. Key [&#8230;]","protected":false},"featured_media":1832,"comment_status":"open","ping_status":"closed","template":"","meta":[],"product_brand":[],"product_cat":[75,102,77,95,73,133,78,96,71,79,80,81,82,83,84,85,86,87,88,89,90,91,16,92,117],"product_tag":[],"class_list":{"0":"post-1811","1":"product","2":"type-product","3":"status-publish","4":"has-post-thumbnail","6":"product_cat-2-nicotine-disposable-vape","7":"product_cat-20000-20k-puff-vape","8":"product_cat-5-nicotine-disposable-vape","9":"product_cat-advanced-vape","10":"product_cat-big-puff-vapes","11":"product_cat-crystal-vape","12":"product_cat-disposable-vape-near-me","13":"product_cat-disposable-vape-with-led-light","14":"product_cat-0-5-nicotine-vapes","15":"product_cat-disposable-vapes-in-austria","16":"product_cat-disposable-vapes-in-belgium","17":"product_cat-disposable-vapes-in-france","18":"product_cat-disposable-vapes-in-germany","19":"product_cat-disposable-vapes-in-ltaly","20":"product_cat-disposable-vapes-in-netherlands","21":"product_cat-disposable-vapes-in-norway","22":"product_cat-disposable-vapes-in-poland","23":"product_cat-disposable-vapes-in-portugal","24":"product_cat-disposable-vapes-in-spain","25":"product_cat-disposable-vapes-in-sweden","26":"product_cat-disposable-vapes-in-switzerland","27":"product_cat-disposable-vapes-in-united-states","28":"product_cat-uncategorized","29":"product_cat-vape-brands","30":"product_cat-wga-crystal-vape","32":"first","33":"instock","34":"shipping-taxable","35":"purchasable","36":"product-type-variable","37":"has-default-attributes"},"tiered_pricing_type":"fixed","tiered_pricing_fixed_rules":[],"tiered_pricing_product_settings":{"layout":"default","base_unit_name":{"singular":null,"plural":null},"default_variation":null},"tiered_pricing_minimum_quantity":null,"tiered_pricing_roles_data":[],"tiered_pricing_percentage_rules":[],"tiered_pricing_maximum_quantity":null,"tiered_pricing_quantity_step":null,"_links":{"self":[{"href":"https:\/\/vapsolovape.com\/es\/wp-json\/wp\/v2\/product\/1811","targetHints":{"allow":["GET"]}}],"collection":[{"href":"https:\/\/vapsolovape.com\/es\/wp-json\/wp\/v2\/product"}],"about":[{"href":"https:\/\/vapsolovape.com\/es\/wp-json\/wp\/v2\/types\/product"}],"replies":[{"embeddable":true,"href":"https:\/\/vapsolovape.com\/es\/wp-json\/wp\/v2\/comments?post=1811"}],"wp:featuredmedia":[{"embeddable":true,"href":"https:\/\/vapsolovape.com\/es\/wp-json\/wp\/v2\/media\/1832"}],"wp:attachment":[{"href":"https:\/\/vapsolovape.com\/es\/wp-json\/wp\/v2\/media?parent=1811"}],"wp:term":[{"taxonomy":"product_brand","embeddable":true,"href":"https:\/\/vapsolovape.com\/es\/wp-json\/wp\/v2\/product_brand?post=1811"},{"taxonomy":"product_cat","embeddable":true,"href":"https:\/\/vapsolovape.com\/es\/wp-json\/wp\/v2\/product_cat?post=1811"},{"taxonomy":"product_tag","embeddable":true,"href":"https:\/\/vapsolovape.com\/es\/wp-json\/wp\/v2\/product_tag?post=1811"}],"curies":[{"name":"wp","href":"https:\/\/api.w.org\/{rel}","templated":true}]}}