{"id":2201,"date":"2025-02-14T18:23:47","date_gmt":"2025-02-14T10:23:47","guid":{"rendered":"https:\/\/vapsolovape.com\/?post_type=product&#038;p=2201"},"modified":"2025-02-25T14:33:31","modified_gmt":"2025-02-25T06:33:31","slug":"bang-beach-20000-caladas-vape-sabroso-de-larga-duracion","status":"publish","type":"product","link":"https:\/\/vapsolovape.com\/es\/producto\/bang-beach-20000-caladas-vape-sabroso-de-larga-duracion\/","title":{"rendered":"Bang Beach 20.000 Puffs - Vape Premium, Sabor Rico y Disfrute Prolongado"},"content":{"rendered":"<p data-start=\"111\" data-end=\"414\">Lleva tu juego de vapear a un nivel superior con el Bang Beach 20.000 Puffs - la elecci\u00f3n definitiva para aquellos que exigen m\u00e1s de sus vapeadores desechables. Dise\u00f1ado para un uso prolongado y la m\u00e1xima satisfacci\u00f3n, este vaporizador combina la comodidad con una gran variedad de sabores vibrantes y atrevidos, ofreciendo una experiencia inolvidable.<\/p>\n<p data-start=\"416\" data-end=\"661\">Dise\u00f1ado para aquellos que disfrutan de un dispositivo de larga duraci\u00f3n, el Bang Beach 20.000 garantiza que no te quedar\u00e1s sin caladas en mucho tiempo. Con caracter\u00edsticas personalizables para adaptarse a sus preferencias personales, ofrece una experiencia de vapeo que es verdaderamente suya.<\/p>\n<p data-start=\"663\" data-end=\"860\">Si buscas un dispositivo m\u00e1s duradero o la flexibilidad para ajustar tu vapeo, el Bang Beach 20,000 Puffs te cubre. Prep\u00e1rate para un viaje superior y lleno de sabor cada vez que des una calada.<\/p>\n<figure id=\"attachment_6977\" aria-describedby=\"caption-attachment-6977\" style=\"width: 1536px\" class=\"wp-caption alignnone\"><img loading=\"lazy\" decoding=\"async\" class=\"wp-image-6977 size-full\" src=\"https:\/\/dankstarvapes.com\/wp-content\/uploads\/2024\/11\/popular-bang-beach-20000puffs-plus-wholesale-e-cigarette-oem-1536x864-1.webp\" alt=\"Bang Vape 20000 Puffs\" width=\"1536\" height=\"864\" title=\"\"><figcaption id=\"caption-attachment-6977\" class=\"wp-caption-text\">Bang Beach 20000 Puffs<\/figcaption><\/figure>\n<h2>Caracter\u00edsticas principales de Bang Beach 20000 Puffs<\/h2>\n<h3><strong>Gran cantidad de caladas para un disfrute duradero<\/strong><\/h3>\n<p>El Bang Beach 20000 ofrece la incre\u00edble cifra de 20.000 caladas por dispositivo, lo que garantiza un uso prolongado sin la molestia de tener que sustituirlo con frecuencia. Tanto si eres un usuario ocasional como un vapeador experimentado, este dispositivo de larga duraci\u00f3n te mantendr\u00e1 vapeando durante m\u00e1s tiempo, ahorr\u00e1ndote tiempo y dinero.<\/p>\n<h3><strong>Pre-llenado con 35ml E-Liquid<\/strong><\/h3>\n<p>Disfrute de una generosa capacidad de 35 ml de e-l\u00edquido, dise\u00f1ada para reducir la necesidad de recargas. Este tanque sustancial asegura que usted puede disfrutar de sus sabores favoritos durante m\u00e1s tiempo, proporcionando una experiencia vaping suave e ininterrumpida.<\/p>\n<h3><strong>Flujo de aire ajustable para un vapeo personalizable<\/strong><\/h3>\n<p>El Bang Beach 20000 viene equipado con una funci\u00f3n de flujo de aire ajustable, lo que le permite ajustar con precisi\u00f3n su experiencia de vapeo. Ya sea que prefiera un sorteo m\u00e1s apretado o una inhalaci\u00f3n m\u00e1s suave, puede personalizar su flujo de aire para que coincida con su estilo de vaping preferido.<\/p>\n<h3><strong>Variedad de sabores con 12 deliciosas opciones<\/strong><\/h3>\n<p>Elige entre 12 deliciosos sabores, cada uno de ellos creado para ofrecer una experiencia de vapeo \u00fanica y satisfactoria. Tanto si te apetece algo afrutado, helado o refrescante, hay un sabor para cada vapeador. Las opciones m\u00e1s populares incluyen:<\/p>\n<ul>\n<li>Hielo Razz Azul<\/li>\n<li>Ar\u00e1ndano Frambuesa<\/li>\n<li>Hielo de uva<\/li>\n<li>Melocot\u00f3n Mango<\/li>\n<li>Sand\u00eda con fresa<\/li>\n<li>Hielo de sand\u00eda<\/li>\n<li>Limonada rosa<\/li>\n<li>Hielo triple de bayas<\/li>\n<li>Manzana \u00e1cida ... \u00a1y mucho m\u00e1s!<\/li>\n<\/ul>\n<h3><strong>M\u00faltiples niveles de potencia para cada vapeador<\/strong><\/h3>\n<p>El Bang Beach 20000 ofrece flexibilidad con opciones de potencia de nicotina: 0%, 2%, 3% y 5%. Tanto si buscas una experiencia sin nicotina como un golpe m\u00e1s fuerte, puedes elegir la potencia que mejor se adapte a tus preferencias.<\/p>\n<h3><strong>Bater\u00eda recargable de 650 mAh con carga Type-C<\/strong><\/h3>\n<p>Alimentado por una bater\u00eda recargable de 650 mAh, el Bang Beach 20000 garantiza un rendimiento fiable durante toda su larga vida \u00fatil. Con la carga r\u00e1pida Type-C, puede recargar r\u00e1pidamente su dispositivo, por lo que nunca tendr\u00e1 que esperar mucho tiempo para su pr\u00f3xima sesi\u00f3n de vapeo.<\/p>\n<h3><strong>Pantalla LED para controlar los niveles de bater\u00eda y e-l\u00edquido<\/strong><\/h3>\n<p>Mant\u00e9ngase informado y en control con la pantalla LED integrada del dispositivo. Controla la duraci\u00f3n de la bater\u00eda y los niveles de e-l\u00edquido en tiempo real, para asegurarte de que nunca te quedas sin bater\u00eda de forma inesperada. La pantalla te da tranquilidad para que puedas disfrutar de tu vapeo sin interrupciones.<\/p>\n<hr \/>\n<h2>\u00bfPor qu\u00e9 elegir Bang Beach 20000?<\/h2>\n<p>El Bang Beach 20000 combina rendimiento, comodidad y personalizaci\u00f3n, por lo que es la opci\u00f3n ideal para los vapeadores que exigen m\u00e1s. Tanto si eres nuevo en el vapeo como si buscas una actualizaci\u00f3n, este dispositivo ofrece un valor inmejorable:<\/p>\n<ul>\n<li><strong>De larga duraci\u00f3n<\/strong>: Disfruta de 20.000 caladas y un dep\u00f3sito de e-l\u00edquido de 35 ml para una experiencia de vapeo continua.<\/li>\n<li><strong>Personalizable<\/strong>: Flujo de aire ajustable y m\u00faltiples opciones de potencia de nicotina para una experiencia a medida.<\/li>\n<li><strong>Rico en sabor<\/strong>: Elija entre 12 sabores \u00fanicos para todos los gustos.<\/li>\n<li><strong>C\u00f3modo<\/strong>: Recargable con carga r\u00e1pida Type-C y pantalla LED para monitorizaci\u00f3n en tiempo real.<\/li>\n<\/ul>\n<h2>Pida ya su Bang Beach 20000<\/h2>\n<p>No se conforme con menos cuando puede tener lo mejor. Eleva tu experiencia de vapeo con el Bang Beach 20000 Puffs - un dispositivo dise\u00f1ado para mantenerte vapeando m\u00e1s tiempo, con mejor sabor y m\u00e1s comodidad. P\u00eddalo ahora y disfrute de la mejor experiencia de vapeo que se merece.<\/p>\n<p><strong>\u00bfPor qu\u00e9 elegirnos?<\/strong><\/p>\n<p>Al elegir la tienda oficial de vapes desechables, puede disfrutar de muchos beneficios:<\/p>\n<ul>\n<li><strong>Canal de venta oficial:<\/strong>\u00a0Garantizamos productos aut\u00e9nticos y un servicio de calidad.<\/li>\n<li><strong>Venta al por mayor y al por menor:<\/strong>\u00a0Ofrecemos opciones de compra flexibles para particulares y mayoristas.<\/li>\n<li><strong>Garant\u00eda de calidad:<\/strong>\u00a0Nuestros productos se someten a rigurosas pruebas de calidad para garantizar su satisfacci\u00f3n.<\/li>\n<li><strong>Env\u00edo a todo el mundo:<\/strong>\u00a0Estamos orgullosos de enviar nuestros productos a la mayor parte del mundo, para que pueda disfrutar de ellos est\u00e9 donde est\u00e9.<\/li>\n<li><strong>Experiencia en el sector:<\/strong>\u00a0Con m\u00e1s de 8 a\u00f1os de experiencia en el mercado, nos hemos convertido en una opci\u00f3n de confianza y de primera calidad.<\/li>\n<li><strong>Asociaciones a largo plazo:<\/strong>\u00a0Tambi\u00e9n cooperamos con propietarios de tiendas locales en Europa, lo que nos permite responder r\u00e1pidamente a las necesidades del mercado y mantener la frescura de nuestros productos.<\/li>\n<\/ul>\n<p>Elegir nuestros vaporizadores desechables le permite no s\u00f3lo disfrutar de una gran variedad de sabores, sino tambi\u00e9n experimentar un extraordinario viaje de vapeo. Para m\u00e1s informaci\u00f3n, vis\u00edtenos en <a href=\"http:\/\/dankstarvapes.com\" target=\"_blank\" rel=\"noopener\">dankstarvapes.com<\/a>!<\/p>","protected":false},"excerpt":{"rendered":"<p>Take your vaping game up a notch with the Bang Beach 20,000 Puffs \u2013 the ultimate choice for those who demand more from their disposable vapes. Designed for extended use and maximum satisfaction, this vape combines convenience with an array of vibrant, bold flavors, offering an unforgettable experience. Crafted for those who enjoy a longer-lasting [&#8230;]","protected":false},"featured_media":2224,"comment_status":"open","ping_status":"closed","template":"","meta":[],"product_brand":[],"product_cat":[72,75,102,76,77,95,120,73,78,97,71,79,80,81,82,83,84,85,86,87,88,89,90,91,92],"product_tag":[],"class_list":{"0":"post-2201","1":"product","2":"type-product","3":"status-publish","4":"has-post-thumbnail","6":"product_cat-0-nicotine-disposable-vape","7":"product_cat-2-nicotine-disposable-vape","8":"product_cat-20000-20k-puff-vape","9":"product_cat-3-nicotine-disposable-vape","10":"product_cat-5-nicotine-disposable-vape","11":"product_cat-advanced-vape","12":"product_cat-bang-vape","13":"product_cat-big-puff-vapes","14":"product_cat-disposable-vape-near-me","15":"product_cat-disposable-vape-with-screen","16":"product_cat-0-5-nicotine-vapes","17":"product_cat-disposable-vapes-in-austria","18":"product_cat-disposable-vapes-in-belgium","19":"product_cat-disposable-vapes-in-france","20":"product_cat-disposable-vapes-in-germany","21":"product_cat-disposable-vapes-in-ltaly","22":"product_cat-disposable-vapes-in-netherlands","23":"product_cat-disposable-vapes-in-norway","24":"product_cat-disposable-vapes-in-poland","25":"product_cat-disposable-vapes-in-portugal","26":"product_cat-disposable-vapes-in-spain","27":"product_cat-disposable-vapes-in-sweden","28":"product_cat-disposable-vapes-in-switzerland","29":"product_cat-disposable-vapes-in-united-states","30":"product_cat-vape-brands","32":"first","33":"instock","34":"shipping-taxable","35":"product-type-simple"},"tiered_pricing_type":"fixed","tiered_pricing_fixed_rules":[],"tiered_pricing_product_settings":{"layout":"default","base_unit_name":{"singular":null,"plural":null},"default_variation":null},"tiered_pricing_minimum_quantity":null,"tiered_pricing_roles_data":[],"tiered_pricing_percentage_rules":[],"tiered_pricing_maximum_quantity":null,"tiered_pricing_quantity_step":null,"_links":{"self":[{"href":"https:\/\/vapsolovape.com\/es\/wp-json\/wp\/v2\/product\/2201","targetHints":{"allow":["GET"]}}],"collection":[{"href":"https:\/\/vapsolovape.com\/es\/wp-json\/wp\/v2\/product"}],"about":[{"href":"https:\/\/vapsolovape.com\/es\/wp-json\/wp\/v2\/types\/product"}],"replies":[{"embeddable":true,"href":"https:\/\/vapsolovape.com\/es\/wp-json\/wp\/v2\/comments?post=2201"}],"wp:featuredmedia":[{"embeddable":true,"href":"https:\/\/vapsolovape.com\/es\/wp-json\/wp\/v2\/media\/2224"}],"wp:attachment":[{"href":"https:\/\/vapsolovape.com\/es\/wp-json\/wp\/v2\/media?parent=2201"}],"wp:term":[{"taxonomy":"product_brand","embeddable":true,"href":"https:\/\/vapsolovape.com\/es\/wp-json\/wp\/v2\/product_brand?post=2201"},{"taxonomy":"product_cat","embeddable":true,"href":"https:\/\/vapsolovape.com\/es\/wp-json\/wp\/v2\/product_cat?post=2201"},{"taxonomy":"product_tag","embeddable":true,"href":"https:\/\/vapsolovape.com\/es\/wp-json\/wp\/v2\/product_tag?post=2201"}],"curies":[{"name":"wp","href":"https:\/\/api.w.org\/{rel}","templated":true}]}}