{"id":2910,"date":"2025-02-14T18:27:55","date_gmt":"2025-02-14T10:27:55","guid":{"rendered":"https:\/\/vapsolovape.com\/?post_type=product&#038;p=2910"},"modified":"2025-02-24T21:48:43","modified_gmt":"2025-02-24T13:48:43","slug":"vapen-mrs-pro-15000-puffs-vape-recargable-ajustable","status":"publish","type":"product","link":"https:\/\/vapsolovape.com\/es\/producto\/vapen-mrs-pro-15000-puffs-vape-recargable-ajustable\/","title":{"rendered":"VAPEN MRS PRO 15000 Puffs Vape - Recargable y Personalizable con Ajustes Ajustables"},"content":{"rendered":"<p data-start=\"144\" data-end=\"428\">Bienvenido a la <strong data-start=\"159\" data-end=\"193\">VAPEN MRS PRO 15000 Puffs Vape<\/strong>es la soluci\u00f3n perfecta para los vapeadores que anhelan una experiencia prolongada, personalizable y llena de sabor. Con una impresionante <strong data-start=\"309\" data-end=\"325\">15.000 bocanadas<\/strong>Este dispositivo proporciona una satisfacci\u00f3n duradera sin necesidad de recargas o sustituciones constantes.<\/p>\n<p data-start=\"430\" data-end=\"687\">Dise\u00f1ado con un <strong data-start=\"446\" data-end=\"479\">potente bater\u00eda recargable<\/strong>VAPEN MRS PRO le garantiza que podr\u00e1 seguir vapeando sin interrupci\u00f3n. Adem\u00e1s, con una gama de emocionantes sabores para elegir, disfrutar\u00e1s de una experiencia de vapeo \u00fanica y personalizada cada vez que lo cojas.<\/p>\n<figure id=\"attachment_7759\" aria-describedby=\"caption-attachment-7759\" style=\"width: 800px\" class=\"wp-caption alignnone\"><img loading=\"lazy\" decoding=\"async\" class=\"wp-image-7759 size-large\" src=\"https:\/\/dankstarvapes.com\/wp-content\/uploads\/2024\/12\/VAPEN-Mrs-Pro-15000-Puffs-Digital-Screen-19-800x800.webp\" alt=\"VAPEN Vape 15000 Puffs\" width=\"800\" height=\"800\" title=\"\"><figcaption id=\"caption-attachment-7759\" class=\"wp-caption-text\">VAPEN Vape 15000 Puffs<\/figcaption><\/figure>\n<h3><strong>Caracter\u00edsticas principales de VAPEN MRS PRO 15000 Puffs Vape<\/strong><\/h3>\n<ul>\n<li><strong>Hasta 15.000 caladas:<\/strong> Disfrute de una experiencia de vapeo prolongada con un gran n\u00famero de caladas, ideal para aquellos que desean una satisfacci\u00f3n duradera.<\/li>\n<li><strong>Generosa capacidad de e-l\u00edquido de 24ml:<\/strong> Lleno con 24 ml de e-l\u00edquido de primera calidad, disfrutar\u00e1 de un vapeo ininterrumpido sin necesidad de recargas frecuentes.<\/li>\n<li><strong>2% Potencia de nicotina:<\/strong> Perfecto para aquellos que prefieren una experiencia de nicotina equilibrada y suave, ideal tanto para vapeadores ocasionales como experimentados.<\/li>\n<li><strong>Bater\u00eda recargable de 850 mAh:<\/strong> La potente bater\u00eda recargable ofrece un rendimiento constante, para que aproveches al m\u00e1ximo cada calada. Se recarga r\u00e1pidamente a trav\u00e9s del puerto de carga Type-C.<\/li>\n<li><strong>N\u00facleo de aceite rellenable:<\/strong> El pr\u00e1ctico sistema de aceite rellenable le ofrece la flexibilidad de personalizar su experiencia de vapeo y reducir los residuos.<\/li>\n<li><strong>Flujo de aire ajustable:<\/strong> Adapta la calada a tus preferencias con el flujo de aire ajustable, que te permite disfrutar de una calada m\u00e1s o menos fuerte, seg\u00fan tu estado de \u00e1nimo.<\/li>\n<li><strong>Separaci\u00f3n de n\u00facleos de petr\u00f3leo:<\/strong> La avanzada tecnolog\u00eda de separaci\u00f3n del n\u00facleo de aceite garantiza el uso eficiente del e-l\u00edquido, realzando el sabor y minimizando los residuos.<\/li>\n<li><strong>12 sabores emocionantes:<\/strong> Elija entre 12 perfiles de sabor \u00fanicos y deliciosos, desde mezclas afrutadas como <strong>Sand\u00eda con fresa<\/strong> para refrescar opciones como <strong>Hielo exuberante<\/strong>. Perfecto para todos los paladares.<\/li>\n<\/ul>\n<hr \/>\n<h3><strong>\u00bfPor qu\u00e9 elegir VAPEN MRS PRO 15000 Puffs Vape?<\/strong><\/h3>\n<ul>\n<li><strong>Uso ampliado:<\/strong> Con hasta 15.000 caladas, disfruta de una experiencia de vapeo de larga duraci\u00f3n, ideal para usuarios que quieren m\u00e1s de su vapeador desechable.<\/li>\n<li><strong>Personalizaci\u00f3n del sabor:<\/strong> Explore una amplia variedad de sabores de primera calidad, que ofrecen un sabor \u00fanico con cada calada.<\/li>\n<li><strong>Comodidad y eficacia:<\/strong> La bater\u00eda recargable de 850 mAh y el puerto de carga Type-C garantizan una recarga r\u00e1pida y un uso sin complicaciones. Adem\u00e1s, el sistema de aceite rellenable y la separaci\u00f3n del n\u00facleo de aceite minimizan los residuos al tiempo que maximizan el sabor.<\/li>\n<li><strong>Flujo de aire ajustable:<\/strong> Personaliza tu experiencia vaping ajustando el flujo de aire, que le da un control total sobre sus caladas.<\/li>\n<li><strong>Opciones de venta al por mayor y a granel:<\/strong> Ideal para minoristas y distribuidores, el VAPEN MRS PRO 15000 Puffs Vape est\u00e1 disponible en envases a granel (10 dispositivos por caja expositora y 200 por caja de cart\u00f3n), ofreciendo un precio competitivo y un rendimiento de alta calidad.<\/li>\n<\/ul>\n<hr \/>\n<h3><strong>Opciones de sabor:<\/strong><\/h3>\n<ol>\n<li><strong>Sand\u00eda con fresa<\/strong><\/li>\n<li><strong>Cereza<\/strong><\/li>\n<li><strong>Kiwi Fruta de la pasi\u00f3n Guayaba<\/strong><\/li>\n<li><strong>Sr. Azul<\/strong><\/li>\n<li><strong>Hielo exuberante<\/strong><\/li>\n<li><strong>Mezcla de bayas<\/strong><\/li>\n<li><strong>Ar\u00e1ndano Frambuesa<\/strong><\/li>\n<li><strong>Hielo del Drag\u00f3n Negro<\/strong><\/li>\n<li><strong>Melocot\u00f3n helado<\/strong><\/li>\n<li><strong>Amor 66<\/strong><\/li>\n<li><strong>Haway<\/strong><\/li>\n<li><strong>Lady Killa<\/strong><\/li>\n<\/ol>\n<figure id=\"attachment_7760\" aria-describedby=\"caption-attachment-7760\" style=\"width: 800px\" class=\"wp-caption alignnone\"><img loading=\"lazy\" decoding=\"async\" class=\"wp-image-7760 size-large\" src=\"https:\/\/dankstarvapes.com\/wp-content\/uploads\/2024\/12\/VAPEN-Mrs-Pro-15000-Puffs-34-800x800.webp\" alt=\"VAPEN Vape 15000 Puffs\" width=\"800\" height=\"800\" title=\"\"><figcaption id=\"caption-attachment-7760\" class=\"wp-caption-text\">VAPEN Vape 15000 Puffs<\/figcaption><\/figure>\n<hr \/>\n<h3><strong>\u00a1Pida hoy mismo su Vape VAPEN MRS PRO 15000 Puffs!<\/strong><\/h3>\n<p>Tanto si quiere disfrutar de una experiencia de vapeo de primera calidad como si quiere abastecerse para su tienda, el <strong>VAPEN MRS PRO 15000 Puffs Vape<\/strong> es la elecci\u00f3n perfecta. Haga su pedido ahora y experimente la comodidad, el sabor y la satisfacci\u00f3n prolongada que s\u00f3lo VAPEN puede ofrecer. \u00a1Perfecto para uso personal o compra a granel!<\/p>\n<hr \/>\n<p><strong>Env\u00edo r\u00e1pido y servicio fiable<\/strong> Ofrecemos una entrega r\u00e1pida y segura en toda Europa, garantizando que reciba su VAPEN MRS PRO 15000 Puffs Vape de forma r\u00e1pida y fiable.<\/p>\n<hr \/>\n<p><strong>Consiga el suyo ahora: \u00a1experimente lo \u00faltimo en vapeo desechable!<\/strong><\/p>\n<p><strong>\u00bfPor qu\u00e9 elegirnos?<\/strong><\/p>\n<p>Al elegir la tienda oficial de vapes desechables, puede disfrutar de muchos beneficios:<\/p>\n<ul>\n<li><strong>Canal de venta oficial:<\/strong>\u00a0Garantizamos productos aut\u00e9nticos y un servicio de calidad.<\/li>\n<li><strong>Venta al por mayor y al por menor:<\/strong>\u00a0Ofrecemos opciones de compra flexibles para particulares y mayoristas.<\/li>\n<li><strong>Garant\u00eda de calidad:<\/strong>\u00a0Nuestros productos se someten a rigurosas pruebas de calidad para garantizar su satisfacci\u00f3n.<\/li>\n<li><strong>Env\u00edo a todo el mundo:<\/strong>\u00a0Estamos orgullosos de enviar nuestros productos a la mayor parte del mundo, para que pueda disfrutar de ellos est\u00e9 donde est\u00e9.<\/li>\n<li><strong>Experiencia en el sector:<\/strong>\u00a0Con m\u00e1s de 8 a\u00f1os de experiencia en el mercado, nos hemos convertido en una opci\u00f3n de confianza y de primera calidad.<\/li>\n<li><strong>Asociaciones a largo plazo:<\/strong>\u00a0Tambi\u00e9n cooperamos con propietarios de tiendas locales en Europa, lo que nos permite responder r\u00e1pidamente a las necesidades del mercado y mantener la frescura de nuestros productos.<\/li>\n<\/ul>\n<p>Elegir nuestros vaporizadores desechables le permite no s\u00f3lo disfrutar de una gran variedad de sabores, sino tambi\u00e9n experimentar un extraordinario viaje de vapeo. Para m\u00e1s informaci\u00f3n, vis\u00edtenos en <a href=\"http:\/\/dankstarvapes.com\" target=\"_blank\" rel=\"noopener\">dankstarvapes.com<\/a>!<\/p>","protected":false},"excerpt":{"rendered":"<p>Welcome to the VAPEN MRS PRO 15000 Puffs Vape, the perfect solution for vapers who crave an extended, customizable, and flavorful experience. With an impressive 15,000 puffs, this device provides long-lasting satisfaction without the need for constant refills or replacements. Designed with a powerful rechargeable battery, the VAPEN MRS PRO ensures you can keep vaping [&#8230;]","protected":false},"featured_media":2918,"comment_status":"open","ping_status":"closed","template":"","meta":[],"product_brand":[],"product_cat":[94,75,73,78,71,79,80,81,82,83,84,85,86,87,88,89,90,91,92,126],"product_tag":[],"class_list":{"0":"post-2910","1":"product","2":"type-product","3":"status-publish","4":"has-post-thumbnail","6":"product_cat-15000-15k-puff-vape","7":"product_cat-2-nicotine-disposable-vape","8":"product_cat-big-puff-vapes","9":"product_cat-disposable-vape-near-me","10":"product_cat-0-5-nicotine-vapes","11":"product_cat-disposable-vapes-in-austria","12":"product_cat-disposable-vapes-in-belgium","13":"product_cat-disposable-vapes-in-france","14":"product_cat-disposable-vapes-in-germany","15":"product_cat-disposable-vapes-in-ltaly","16":"product_cat-disposable-vapes-in-netherlands","17":"product_cat-disposable-vapes-in-norway","18":"product_cat-disposable-vapes-in-poland","19":"product_cat-disposable-vapes-in-portugal","20":"product_cat-disposable-vapes-in-spain","21":"product_cat-disposable-vapes-in-sweden","22":"product_cat-disposable-vapes-in-switzerland","23":"product_cat-disposable-vapes-in-united-states","24":"product_cat-vape-brands","25":"product_cat-vapen-vape","27":"first","28":"instock","29":"shipping-taxable","30":"purchasable","31":"product-type-variable","32":"has-default-attributes"},"tiered_pricing_type":"fixed","tiered_pricing_fixed_rules":[],"tiered_pricing_product_settings":{"layout":"default","base_unit_name":{"singular":null,"plural":null},"default_variation":null},"tiered_pricing_minimum_quantity":null,"tiered_pricing_roles_data":[],"tiered_pricing_percentage_rules":[],"tiered_pricing_maximum_quantity":null,"tiered_pricing_quantity_step":null,"_links":{"self":[{"href":"https:\/\/vapsolovape.com\/es\/wp-json\/wp\/v2\/product\/2910","targetHints":{"allow":["GET"]}}],"collection":[{"href":"https:\/\/vapsolovape.com\/es\/wp-json\/wp\/v2\/product"}],"about":[{"href":"https:\/\/vapsolovape.com\/es\/wp-json\/wp\/v2\/types\/product"}],"replies":[{"embeddable":true,"href":"https:\/\/vapsolovape.com\/es\/wp-json\/wp\/v2\/comments?post=2910"}],"wp:featuredmedia":[{"embeddable":true,"href":"https:\/\/vapsolovape.com\/es\/wp-json\/wp\/v2\/media\/2918"}],"wp:attachment":[{"href":"https:\/\/vapsolovape.com\/es\/wp-json\/wp\/v2\/media?parent=2910"}],"wp:term":[{"taxonomy":"product_brand","embeddable":true,"href":"https:\/\/vapsolovape.com\/es\/wp-json\/wp\/v2\/product_brand?post=2910"},{"taxonomy":"product_cat","embeddable":true,"href":"https:\/\/vapsolovape.com\/es\/wp-json\/wp\/v2\/product_cat?post=2910"},{"taxonomy":"product_tag","embeddable":true,"href":"https:\/\/vapsolovape.com\/es\/wp-json\/wp\/v2\/product_tag?post=2910"}],"curies":[{"name":"wp","href":"https:\/\/api.w.org\/{rel}","templated":true}]}}