{"id":2938,"date":"2025-02-14T18:28:12","date_gmt":"2025-02-14T10:28:12","guid":{"rendered":"https:\/\/vapsolovape.com\/?post_type=product&#038;p=2938"},"modified":"2025-02-24T21:44:41","modified_gmt":"2025-02-24T13:44:41","slug":"vapen-quad-box-20000-puffs-vape-4-modos-28ml-e-liquid","status":"publish","type":"product","link":"https:\/\/vapsolovape.com\/es\/producto\/vapen-quad-box-20000-puffs-vape-4-modos-28ml-e-liquid\/","title":{"rendered":"VAPEN Quad Box 20000 Puffs Vape - 4 Modos Ajustables, 28ml Capacidad E-Liquid"},"content":{"rendered":"<p data-start=\"129\" data-end=\"523\">Descubra lo \u00faltimo en satisfacci\u00f3n al vapear con el <strong data-start=\"183\" data-end=\"218\">VAPEN Quad Box 20000 Puffs Vape<\/strong>Dise\u00f1ado para quienes exigen rendimiento y versatilidad. Con una impresionante <strong data-start=\"305\" data-end=\"321\">20.000 bocanadas<\/strong> y un <strong data-start=\"328\" data-end=\"354\">28 ml de capacidad de e-l\u00edquido<\/strong>Este vapeador de primera calidad garantiza un disfrute y una comodidad duraderos. Tanto si eres un principiante como un vapeador experimentado, el <strong data-start=\"471\" data-end=\"489\">Caja Quad VAPEN<\/strong> ofrece una experiencia excepcional.<\/p>\n<p data-start=\"525\" data-end=\"771\">En <strong data-start=\"535\" data-end=\"557\">4 modos ajustables<\/strong>Este dispositivo te permite adaptar tu experiencia de vapeo a tus preferencias. Personaliza tu calada con m\u00faltiples <strong data-start=\"670\" data-end=\"687\">modos de calefacci\u00f3n<\/strong> y <strong data-start=\"692\" data-end=\"714\">flujo de aire ajustable<\/strong>para que cada puff se adapte perfectamente a su estilo.<\/p>\n<p data-start=\"773\" data-end=\"883\">Experimenta el vapeo en su forma m\u00e1s avanzada, con un rendimiento de alta calidad dise\u00f1ado para la m\u00e1xima satisfacci\u00f3n.<\/p>\n<figure id=\"attachment_7786\" aria-describedby=\"caption-attachment-7786\" style=\"width: 1000px\" class=\"wp-caption alignnone\"><img loading=\"lazy\" decoding=\"async\" class=\"size-full wp-image-7786\" src=\"https:\/\/dankstarvapes.com\/wp-content\/uploads\/2024\/12\/VAPEN-QUAD-BOX-20000-PUFFS-4.webp\" alt=\"VAPEN QUAD BOX 20000\" width=\"1000\" height=\"1000\" title=\"\"><figcaption id=\"caption-attachment-7786\" class=\"wp-caption-text\">VAPEN QUAD BOX 20000<\/figcaption><\/figure>\n<hr \/>\n<h3><strong>Caracter\u00edsticas principales de VAPEN QUAD BOX 20000 Puffs Vape<\/strong><\/h3>\n<ul>\n<li><strong>20.000 Puffs<\/strong>: Disfrute de un uso duradero con hasta 20.000 caladas por dispositivo. Perfecto para los que quieren menos complicaciones y m\u00e1s satisfacci\u00f3n.<\/li>\n<li><strong>Capacidad de 28 ml de E-l\u00edquido<\/strong>: \u00a1Menos rellenar, m\u00e1s vapear! La gran capacidad de e-l\u00edquido asegura un uso prolongado sin reemplazos constantes.<\/li>\n<li><strong>Bater\u00eda recargable de 650 mAh<\/strong>: Una bater\u00eda resistente y duradera garantiza la fiabilidad durante todas tus sesiones de vapeo. Rec\u00e1rgala r\u00e1pidamente con el puerto de carga Type-C para reducir al m\u00ednimo el tiempo de inactividad.<\/li>\n<li><strong>Cuatro modos de calefacci\u00f3n ajustables<\/strong>: Personaliza tu experiencia vaping con cuatro modos para la producci\u00f3n de vapor diferente, ajustes de temperatura, y la intensidad del sabor en general.<\/li>\n<li><strong>Bobinas dobles<\/strong>: Para un calentamiento suave y consistente, las bobinas duales mejoran la producci\u00f3n de vapor y el sabor, asegurando que cada calada sea tan satisfactoria como la anterior.<\/li>\n<li><strong>Pantalla completa<\/strong>: Una interfaz f\u00e1cil de usar muestra informaci\u00f3n esencial, incluidos los niveles de e-l\u00edquido, el estado de la bater\u00eda y la duraci\u00f3n de las caladas, para que siempre tengas el control.<\/li>\n<li><strong>Flujo de aire ajustable<\/strong>: Personaliza el flujo de aire para adaptarlo a tu estilo de vapeo.<\/li>\n<li><strong>Cubierta higi\u00e9nica<\/strong>: Incluye una cubierta antipolvo de silicona para mantener la limpieza y garantizar una experiencia de vapeo higi\u00e9nica.<\/li>\n<\/ul>\n<hr \/>\n<h3><strong>Variedad de sabores para todos los gustos<\/strong><\/h3>\n<p>En <strong>VAPEN QUAD BOX 20000 Puffs Vape<\/strong> viene en una gama de sabores excitantes, por lo que es la elecci\u00f3n perfecta para aquellos que disfrutan de la variedad. Pruebe mezclas cl\u00e1sicas y ex\u00f3ticas como:<\/p>\n<ul>\n<li><strong>Sand\u00eda con fresa<\/strong><\/li>\n<li><strong>Melocot\u00f3n Mango Pi\u00f1a<\/strong><\/li>\n<li><strong>Hielo exuberante<\/strong><\/li>\n<li><strong>R\u00e1faga de bayas<\/strong><\/li>\n<li><strong>Fresa Kiwi<\/strong><\/li>\n<li><strong>Casa de la Moneda de Miami<\/strong><\/li>\n<li><strong>Hielo Razz Azul<\/strong><\/li>\n<li><strong>Tiffany<\/strong> (\u00a1y muchos m\u00e1s!)<\/li>\n<\/ul>\n<hr \/>\n<h3><strong>\u00bfPor qu\u00e9 elegir VAPEN QUAD BOX 20000 Puffs Vape?<\/strong><\/h3>\n<ul>\n<li><strong>Capacidad de soplado inigualable<\/strong>: Con hasta 20.000 caladas y una gran capacidad de e-l\u00edquido, pasar\u00e1s menos tiempo reordenando y m\u00e1s disfrutando de tu vapeo.<\/li>\n<li><strong>Experiencia personalizable<\/strong>: Con cuatro modos de calentamiento, flujo de aire ajustable y doble bobina, el VAPEN QUAD BOX le permite controlar todos los aspectos de su experiencia de vapeo.<\/li>\n<li><strong>Dise\u00f1o f\u00e1cil de usar<\/strong>: La pantalla completa te garantiza tener toda la informaci\u00f3n vital al alcance de la mano, mientras que el puerto de carga Type-C ofrece una recarga r\u00e1pida y eficiente.<\/li>\n<li><strong>Listo para la venta al por mayor<\/strong>: Disponible a granel, el VAPEN QUAD BOX es un producto ideal para los minoristas que buscan almacenar un dispositivo de vapeo premium de alta demanda.<\/li>\n<\/ul>\n<hr \/>\n<h3><strong>Pedidos al por mayor<\/strong><\/h3>\n<ul>\n<li><strong>Embalaje<\/strong>: 10 dispositivos por caja expositora, 200 dispositivos por caja de cart\u00f3n.<\/li>\n<li><strong>Precios competitivos<\/strong>: Atractivas tarifas mayoristas dise\u00f1adas para maximizar sus m\u00e1rgenes de beneficio.<\/li>\n<li><strong>Env\u00edos eficientes<\/strong>: Entrega fiable a minoristas y distribuidores, garantizando la reposici\u00f3n puntual de existencias para sus clientes.<\/li>\n<\/ul>\n<hr \/>\n<h3><strong>\u00a1Pida ya su VAPEN QUAD BOX 20000 Puffs Vape!<\/strong><\/h3>\n<p>Actualice su gama de productos con el <strong>VAPEN QUAD BOX 20000 Puffs Vape<\/strong>. Perfecto para uso personal o para comprar al por mayor, este vapeador de gran capacidad y m\u00faltiples funciones ofrece rendimiento, comodidad y un sabor excepcional. Si usted es un vaper dedicado o un negocio que buscan satisfacer la alta demanda, el <strong>VAPEN QUAD BOX 20000 Puffs Vape<\/strong> es su elecci\u00f3n perfecta.<\/p>\n<p><strong>\u00bfPor qu\u00e9 elegirnos?<\/strong><\/p>\n<p>Al elegir la tienda oficial de vapes desechables, puede disfrutar de muchos beneficios:<\/p>\n<ul>\n<li><strong>Canal de venta oficial:<\/strong>\u00a0Garantizamos productos aut\u00e9nticos y un servicio de calidad.<\/li>\n<li><strong>Venta al por mayor y al por menor:<\/strong>\u00a0Ofrecemos opciones de compra flexibles para particulares y mayoristas.<\/li>\n<li><strong>Garant\u00eda de calidad:<\/strong>\u00a0Nuestros productos se someten a rigurosas pruebas de calidad para garantizar su satisfacci\u00f3n.<\/li>\n<li><strong>Env\u00edo a todo el mundo:<\/strong>\u00a0Estamos orgullosos de enviar nuestros productos a la mayor parte del mundo, para que pueda disfrutar de ellos est\u00e9 donde est\u00e9.<\/li>\n<li><strong>Experiencia en el sector:<\/strong>\u00a0Con m\u00e1s de 8 a\u00f1os de experiencia en el mercado, nos hemos convertido en una opci\u00f3n de confianza y de primera calidad.<\/li>\n<li><strong>Asociaciones a largo plazo:<\/strong>\u00a0Tambi\u00e9n cooperamos con propietarios de tiendas locales en Europa, lo que nos permite responder r\u00e1pidamente a las necesidades del mercado y mantener la frescura de nuestros productos.<\/li>\n<\/ul>\n<p>Elegir nuestros vaporizadores desechables le permite no s\u00f3lo disfrutar de una gran variedad de sabores, sino tambi\u00e9n experimentar un extraordinario viaje de vapeo. Para m\u00e1s informaci\u00f3n, vis\u00edtenos en <a href=\"http:\/\/dankstarvapes.com\" target=\"_blank\" rel=\"noopener\">dankstarvapes.com<\/a>!<\/p>","protected":false},"excerpt":{"rendered":"<p>Discover the ultimate in vaping satisfaction with the VAPEN Quad Box 20000 Puffs Vape, engineered for those who demand both performance and versatility. With an impressive 20,000 puffs and a 28ml e-liquid capacity, this premium vape ensures long-lasting enjoyment and convenience. Whether you&#8217;re a novice or a seasoned vaper, the VAPEN Quad Box offers an [&#8230;]","protected":false},"featured_media":2956,"comment_status":"open","ping_status":"closed","template":"","meta":[],"product_brand":[],"product_cat":[75,102,77,95,73,78,97,71,79,80,81,82,83,84,85,86,87,88,89,90,91,92,126],"product_tag":[],"class_list":{"0":"post-2938","1":"product","2":"type-product","3":"status-publish","4":"has-post-thumbnail","6":"product_cat-2-nicotine-disposable-vape","7":"product_cat-20000-20k-puff-vape","8":"product_cat-5-nicotine-disposable-vape","9":"product_cat-advanced-vape","10":"product_cat-big-puff-vapes","11":"product_cat-disposable-vape-near-me","12":"product_cat-disposable-vape-with-screen","13":"product_cat-0-5-nicotine-vapes","14":"product_cat-disposable-vapes-in-austria","15":"product_cat-disposable-vapes-in-belgium","16":"product_cat-disposable-vapes-in-france","17":"product_cat-disposable-vapes-in-germany","18":"product_cat-disposable-vapes-in-ltaly","19":"product_cat-disposable-vapes-in-netherlands","20":"product_cat-disposable-vapes-in-norway","21":"product_cat-disposable-vapes-in-poland","22":"product_cat-disposable-vapes-in-portugal","23":"product_cat-disposable-vapes-in-spain","24":"product_cat-disposable-vapes-in-sweden","25":"product_cat-disposable-vapes-in-switzerland","26":"product_cat-disposable-vapes-in-united-states","27":"product_cat-vape-brands","28":"product_cat-vapen-vape","30":"first","31":"instock","32":"shipping-taxable","33":"purchasable","34":"product-type-variable","35":"has-default-attributes"},"tiered_pricing_type":"fixed","tiered_pricing_fixed_rules":[],"tiered_pricing_product_settings":{"layout":"default","base_unit_name":{"singular":null,"plural":null},"default_variation":null},"tiered_pricing_minimum_quantity":null,"tiered_pricing_roles_data":[],"tiered_pricing_percentage_rules":[],"tiered_pricing_maximum_quantity":null,"tiered_pricing_quantity_step":null,"_links":{"self":[{"href":"https:\/\/vapsolovape.com\/es\/wp-json\/wp\/v2\/product\/2938","targetHints":{"allow":["GET"]}}],"collection":[{"href":"https:\/\/vapsolovape.com\/es\/wp-json\/wp\/v2\/product"}],"about":[{"href":"https:\/\/vapsolovape.com\/es\/wp-json\/wp\/v2\/types\/product"}],"replies":[{"embeddable":true,"href":"https:\/\/vapsolovape.com\/es\/wp-json\/wp\/v2\/comments?post=2938"}],"wp:featuredmedia":[{"embeddable":true,"href":"https:\/\/vapsolovape.com\/es\/wp-json\/wp\/v2\/media\/2956"}],"wp:attachment":[{"href":"https:\/\/vapsolovape.com\/es\/wp-json\/wp\/v2\/media?parent=2938"}],"wp:term":[{"taxonomy":"product_brand","embeddable":true,"href":"https:\/\/vapsolovape.com\/es\/wp-json\/wp\/v2\/product_brand?post=2938"},{"taxonomy":"product_cat","embeddable":true,"href":"https:\/\/vapsolovape.com\/es\/wp-json\/wp\/v2\/product_cat?post=2938"},{"taxonomy":"product_tag","embeddable":true,"href":"https:\/\/vapsolovape.com\/es\/wp-json\/wp\/v2\/product_tag?post=2938"}],"curies":[{"name":"wp","href":"https:\/\/api.w.org\/{rel}","templated":true}]}}