{"id":3400,"date":"2025-02-14T18:31:04","date_gmt":"2025-02-14T10:31:04","guid":{"rendered":"https:\/\/vapsolovape.com\/?post_type=product&#038;p=3400"},"modified":"2025-02-24T17:20:50","modified_gmt":"2025-02-24T09:20:50","slug":"vozol-vista-20000-puffs-2k-vape-ultimate-flavor-control","status":"publish","type":"product","link":"https:\/\/vapsolovape.com\/es\/producto\/vozol-vista-20000-puffs-2k-vape-ultimate-flavor-control\/","title":{"rendered":"Vozol Vista 20000 Puffs 2K Vape - Sabor definitivo, control mejorado y rendimiento duradero"},"content":{"rendered":"<p data-start=\"197\" data-end=\"602\">Entra en una nueva era del vapeo con el Vapeador Vozol Vista 20000 Puffs 2K. Dise\u00f1ado para aquellos que exigen una satisfacci\u00f3n duradera, este dispositivo ofrece hasta 20.000 caladas de vapor rico y suave. Con un sabor mejorado, un control preciso y la m\u00e1xima comodidad, el Vozol Vista satisface tanto a los vapeadores experimentados como a los principiantes. Experimenta el siguiente nivel de vapeo y disfruta de cada calada de tu largo viaje.<\/p>\n<figure id=\"attachment_8298\" aria-describedby=\"caption-attachment-8298\" style=\"width: 951px\" class=\"wp-caption alignnone\"><img loading=\"lazy\" decoding=\"async\" class=\"wp-image-8298\" src=\"https:\/\/dankstarvapes.com\/wp-content\/uploads\/2024\/12\/Vozol-Vista-20000-2K.webp\" alt=\"Vozol Vista 20000 Puffs \" width=\"951\" height=\"535\" title=\"\"><figcaption id=\"caption-attachment-8298\" class=\"wp-caption-text\">Vozol Vista 20000 Puffs<\/figcaption><\/figure>\n<hr \/>\n<h3><strong>Caracter\u00edsticas principales:<\/strong><\/h3>\n<h4><strong>1. Hasta 20.000 caladas para un disfrute prolongado<\/strong><\/h4>\n<p>Disfrute de las sesiones m\u00e1s duraderas con el <strong>Vozol Vista 20000<\/strong>. Con una impresionante <strong>20.000 bocanadas<\/strong>Con su dise\u00f1o ergon\u00f3mico, podr\u00e1 disfrutar de varios d\u00edas de vapeo ininterrumpido. No hay necesidad de reemplazos frecuentes, por lo que es perfecto para los vapers casuales y pesados por igual.<\/p>\n<h4><strong>2. Bobina de malla doble para un sabor rico y consistente<\/strong><\/h4>\n<p>Experiencia <strong>sabor superior<\/strong> con cada calada. El <strong>bobina de doble malla<\/strong> asegura que el e-l\u00edquido se caliente uniformemente, proporcionando una suave y sabrosa calada de principio a fin. Tanto si est\u00e1s saboreando una mezcla de frutas dulces o un refrescante sabor a menta, el sabor se mantendr\u00e1 fresco y satisfactorio.<\/p>\n<h4><strong>3. Control de potencia ajustable en 6 niveles<\/strong><\/h4>\n<p>Adapte su experiencia de vapeo con el <strong>Potencia regulable en 6 niveles<\/strong> Ajustes. Ajusta la potencia a tu intensidad preferida, ya sea que busques una calada m\u00e1s suave o una calada potente con una producci\u00f3n de vapor densa. T\u00fa tienes el control de tu experiencia.<\/p>\n<h4><strong>4. Pantalla de color vibrante para monitorizaci\u00f3n en tiempo real<\/strong><\/h4>\n<p>Vigile su <strong>duraci\u00f3n de la bater\u00eda<\/strong> y <strong>ajustes de potencia<\/strong> con el <strong>pantalla en color de f\u00e1cil manejo<\/strong>. La vibrante pantalla le garantiza una visibilidad total del estado de su dispositivo, para que siempre est\u00e9 al tanto. Sin sorpresas, solo una experiencia de vapeo perfecta.<\/p>\n<h4><strong>5. Dise\u00f1o compacto y port\u00e1til<\/strong><\/h4>\n<p>Dise\u00f1ado para ser elegante y port\u00e1til, el <strong>Vozol Vista 20000<\/strong> cabe perfectamente en la mano y es f\u00e1cil de llevar. Tanto si sales a pasar el d\u00eda como si disfrutas de un momento de relax, este dispositivo compacto se adapta sin esfuerzo a tu estilo de vida.<\/p>\n<h4><strong>6. Gran variedad de sabores<\/strong><\/h4>\n<p>Elija entre una excitante gama de sabores, desde los favoritos afrutados como <strong>Hielo de sand\u00eda<\/strong>, <strong>Mango Ice<\/strong>y <strong>Fresa Mango<\/strong> a mezclas \u00fanicas como <strong>Vanicreme<\/strong> y <strong>Fruta del drag\u00f3n Pl\u00e1tano Cereza<\/strong>. Hay para todos los gustos.<\/p>\n<figure id=\"attachment_8299\" aria-describedby=\"caption-attachment-8299\" style=\"width: 1020px\" class=\"wp-caption alignnone\"><img loading=\"lazy\" decoding=\"async\" class=\"wp-image-8299 size-large\" src=\"https:\/\/dankstarvapes.com\/wp-content\/uploads\/2024\/12\/Vozol-Vista-20000-2K-Puffs-Disposable-Vape-1400x700.webp\" alt=\"Vozol Vista 20000 Puffs \" width=\"1020\" height=\"510\" title=\"\"><figcaption id=\"caption-attachment-8299\" class=\"wp-caption-text\">Vozol Vista 20000 Puffs<\/figcaption><\/figure>\n<hr \/>\n<h3><strong>\u00bfPor qu\u00e9 elegir el Vape Vozol Vista 20000 Puffs 2K?<\/strong><\/h3>\n<ul>\n<li><strong>Capacidad de soplado inigualable<\/strong>: Con <strong>20.000 bocanadas<\/strong>El <strong>Vozol Vista<\/strong> ofrece uno de los vaporizadores desechables m\u00e1s duraderos del mercado.<\/li>\n<li><strong>Aumento del sabor<\/strong>: La <strong>bobina de doble malla<\/strong> garantiza un sabor rico, suave y constante en cada sesi\u00f3n.<\/li>\n<li><strong>Experiencia personalizable<\/strong>: Ajuste el <strong>ajustes de potencia<\/strong> para su intensidad preferida, d\u00e1ndole un control total sobre su vape.<\/li>\n<li><strong>C\u00f3modo y port\u00e1til<\/strong>: Con un dise\u00f1o compacto y una pantalla f\u00e1cil de leer, este vape es perfecto para los usuarios que quieren estilo y rendimiento en cualquier lugar.<\/li>\n<li><strong>F\u00e1cil de usar<\/strong>: La <strong>pantalla en color de f\u00e1cil manejo<\/strong> hace que el seguimiento de sus niveles de e-l\u00edquido, el poder, y el estado de la bater\u00eda de una brisa, perfecto tanto para principiantes y vapers experimentados.<\/li>\n<\/ul>\n<hr \/>\n<h3><strong>Sabores para todos los gustos<\/strong><\/h3>\n<p>Explore la amplia variedad de sabores disponibles con el <strong>Vozol Vista 20000<\/strong>:<\/p>\n<ul>\n<li><strong>Hielo de sand\u00eda<\/strong><\/li>\n<li><strong>Casa de la Moneda de Miami<\/strong><\/li>\n<li><strong>Melocot\u00f3n helado<\/strong><\/li>\n<li><strong>Fresa Mango<\/strong><\/li>\n<li><strong>Hielo de manzana \u00e1cida<\/strong><\/li>\n<li><strong>Hielo de ar\u00e1ndanos<\/strong><\/li>\n<li><strong>Hielo de sand\u00eda<\/strong><\/li>\n<li><strong>Lim\u00f3n Lima<\/strong><\/li>\n<li><strong>VZbull<\/strong><\/li>\n<li><strong>Sand\u00eda con frambuesa<\/strong><\/li>\n<li><strong>Cereza Cola<\/strong><\/li>\n<li><strong>Mezcla de bayas<\/strong><\/li>\n<li><strong>Melocot\u00f3n Mango Sand\u00eda<\/strong><\/li>\n<li><strong>Chicle de sand\u00eda<\/strong><\/li>\n<li><strong>Vanicreme<\/strong><\/li>\n<li><strong>Tabaco<\/strong><\/li>\n<li><strong>Flor de sa\u00faco Pomelo<\/strong><\/li>\n<li><strong>Fruta del drag\u00f3n Pl\u00e1tano Cereza<\/strong><\/li>\n<li><strong>Fresa Frambuesa Cereza<\/strong><\/li>\n<li><strong>Mango Ice<\/strong><\/li>\n<\/ul>\n<hr \/>\n<h3><strong>\u00a1Pide tu Vape Vozol Vista 20000 Puffs 2K hoy mismo!<\/strong><\/h3>\n<p>\u00bfListo para elevar tu experiencia de vapeo? Pida su <strong>Vozol Vista 20000 Puffs 2K Vape<\/strong> y disfruta de la mejor combinaci\u00f3n de sabor, rendimiento y control. Tanto si buscas un compa\u00f1ero diario como un dispositivo que te proporcione satisfacci\u00f3n a largo plazo, el <strong>Vozol Vista<\/strong> es su elecci\u00f3n perfecta.<\/p>\n<p><strong>\u00bfPor qu\u00e9 elegirnos?<\/strong><\/p>\n<p>Al elegir la tienda oficial de vapes desechables, puede disfrutar de muchos beneficios:<\/p>\n<ul>\n<li><strong>Canal de venta oficial:<\/strong>\u00a0Garantizamos productos aut\u00e9nticos y un servicio de calidad.<\/li>\n<li><strong>Venta al por mayor y al por menor:<\/strong>\u00a0Ofrecemos opciones de compra flexibles para particulares y mayoristas.<\/li>\n<li><strong>Garant\u00eda de calidad:<\/strong>\u00a0Nuestros productos se someten a rigurosas pruebas de calidad para garantizar su satisfacci\u00f3n.<\/li>\n<li><strong>Env\u00edo a todo el mundo:<\/strong>\u00a0Estamos orgullosos de enviar nuestros productos a la mayor parte del mundo, para que pueda disfrutar de ellos est\u00e9 donde est\u00e9.<\/li>\n<li><strong>Experiencia en el sector:<\/strong>\u00a0Con m\u00e1s de 8 a\u00f1os de experiencia en el mercado, nos hemos convertido en una opci\u00f3n de confianza y de primera calidad.<\/li>\n<li><strong>Asociaciones a largo plazo:<\/strong>\u00a0Tambi\u00e9n cooperamos con propietarios de tiendas locales en Europa, lo que nos permite responder r\u00e1pidamente a las necesidades del mercado y mantener la frescura de nuestros productos.<\/li>\n<\/ul>\n<p>Elegir nuestros vaporizadores desechables le permite no s\u00f3lo disfrutar de una gran variedad de sabores, sino tambi\u00e9n experimentar un extraordinario viaje de vapeo. Para m\u00e1s informaci\u00f3n, vis\u00edtenos en <a href=\"http:\/\/dankstarvapes.com\" target=\"_blank\" rel=\"noopener\">dankstarvapes.com<\/a>!<\/p>","protected":false},"excerpt":{"rendered":"<p>Step into a new era of vaping with the Vozol Vista 20000 Puffs 2K Vape. Designed for those who demand long-lasting satisfaction, this device offers up to 20,000 puffs of rich, smooth vapor. With enhanced flavor, precise control, and ultimate convenience, the Vozol Vista caters to both seasoned vapers and beginners alike. Experience the next [&#8230;]","protected":false},"featured_media":3423,"comment_status":"open","ping_status":"closed","template":"","meta":[],"product_brand":[],"product_cat":[102,77,95,73,78,97,71,79,80,81,82,83,84,85,86,87,88,89,90,91,92,129],"product_tag":[],"class_list":{"0":"post-3400","1":"product","2":"type-product","3":"status-publish","4":"has-post-thumbnail","6":"product_cat-20000-20k-puff-vape","7":"product_cat-5-nicotine-disposable-vape","8":"product_cat-advanced-vape","9":"product_cat-big-puff-vapes","10":"product_cat-disposable-vape-near-me","11":"product_cat-disposable-vape-with-screen","12":"product_cat-0-5-nicotine-vapes","13":"product_cat-disposable-vapes-in-austria","14":"product_cat-disposable-vapes-in-belgium","15":"product_cat-disposable-vapes-in-france","16":"product_cat-disposable-vapes-in-germany","17":"product_cat-disposable-vapes-in-ltaly","18":"product_cat-disposable-vapes-in-netherlands","19":"product_cat-disposable-vapes-in-norway","20":"product_cat-disposable-vapes-in-poland","21":"product_cat-disposable-vapes-in-portugal","22":"product_cat-disposable-vapes-in-spain","23":"product_cat-disposable-vapes-in-sweden","24":"product_cat-disposable-vapes-in-switzerland","25":"product_cat-disposable-vapes-in-united-states","26":"product_cat-vape-brands","27":"product_cat-vozol-vape","29":"first","30":"instock","31":"shipping-taxable","32":"purchasable","33":"product-type-variable","34":"has-default-attributes"},"tiered_pricing_type":"fixed","tiered_pricing_fixed_rules":[],"tiered_pricing_product_settings":{"layout":"default","base_unit_name":{"singular":null,"plural":null},"default_variation":null},"tiered_pricing_minimum_quantity":null,"tiered_pricing_roles_data":[],"tiered_pricing_percentage_rules":[],"tiered_pricing_maximum_quantity":null,"tiered_pricing_quantity_step":null,"_links":{"self":[{"href":"https:\/\/vapsolovape.com\/es\/wp-json\/wp\/v2\/product\/3400","targetHints":{"allow":["GET"]}}],"collection":[{"href":"https:\/\/vapsolovape.com\/es\/wp-json\/wp\/v2\/product"}],"about":[{"href":"https:\/\/vapsolovape.com\/es\/wp-json\/wp\/v2\/types\/product"}],"replies":[{"embeddable":true,"href":"https:\/\/vapsolovape.com\/es\/wp-json\/wp\/v2\/comments?post=3400"}],"wp:featuredmedia":[{"embeddable":true,"href":"https:\/\/vapsolovape.com\/es\/wp-json\/wp\/v2\/media\/3423"}],"wp:attachment":[{"href":"https:\/\/vapsolovape.com\/es\/wp-json\/wp\/v2\/media?parent=3400"}],"wp:term":[{"taxonomy":"product_brand","embeddable":true,"href":"https:\/\/vapsolovape.com\/es\/wp-json\/wp\/v2\/product_brand?post=3400"},{"taxonomy":"product_cat","embeddable":true,"href":"https:\/\/vapsolovape.com\/es\/wp-json\/wp\/v2\/product_cat?post=3400"},{"taxonomy":"product_tag","embeddable":true,"href":"https:\/\/vapsolovape.com\/es\/wp-json\/wp\/v2\/product_tag?post=3400"}],"curies":[{"name":"wp","href":"https:\/\/api.w.org\/{rel}","templated":true}]}}