{"id":376,"date":"2025-02-14T18:15:05","date_gmt":"2025-02-14T10:15:05","guid":{"rendered":"https:\/\/vapsolovape.com\/?post_type=product&#038;p=376"},"modified":"2025-05-30T07:06:12","modified_gmt":"2025-05-29T23:06:12","slug":"elf-box-digital-12000-puff-vape-desechable-0235-wholesaleretail","status":"publish","type":"product","link":"https:\/\/vapsolovape.com\/es\/producto\/elf-box-digital-12000-puff-vape-desechable-0235-wholesaleretail\/","title":{"rendered":"Elf Box Digital 12000 Puffs Disposable Vape \u2013 23% Discount, Wholesale &#038; Retail Options!"},"content":{"rendered":"<div id=\"tab-description\" class=\"woocommerce-Tabs-panel woocommerce-Tabs-panel--description panel entry-content active\" role=\"tabpanel\" aria-labelledby=\"tab-title-description\">\n<p data-start=\"134\" data-end=\"597\">En <strong data-start=\"138\" data-end=\"185\">Elf Box Digital 12000 Puffs Vape Desechable<\/strong> est\u00e1 dise\u00f1ado para ser su compa\u00f1ero perfecto en un viaje vaping notable. Dise\u00f1ado para los entusiastas del sabor, este dispositivo ofrece una impresionante <strong data-start=\"327\" data-end=\"343\">12.000 bocanadas<\/strong>para que pueda disfrutar de sesiones prolongadas sin la molestia de tener que sustituirlas constantemente. Tanto si eres un vapeador ocasional o un entusiasta dedicado, el <strong data-start=\"492\" data-end=\"503\">Caja de los Elfos<\/strong> garantiza la satisfacci\u00f3n con cada calada, proporcionando un sabor excepcional y un disfrute duradero.<\/p>\n<figure id=\"attachment_5612\" class=\"wp-caption aligncenter\" style=\"width: 1702px;\" aria-describedby=\"caption-attachment-5612\"><figcaption id=\"caption-attachment-5612\" class=\"wp-caption-text\">\n<figure id=\"attachment_4833\" aria-describedby=\"caption-attachment-4833\" style=\"width: 1702px\" class=\"wp-caption alignnone\"><img loading=\"lazy\" decoding=\"async\" class=\"wp-image-4833 size-full\" src=\"https:\/\/dankstarvapes.com\/wp-content\/uploads\/2024\/11\/ELF-BOX-12000-puff-1_format.webp\" alt=\"Elf Box digital 12000\" width=\"1702\" height=\"1276\" title=\"\"><figcaption id=\"caption-attachment-4833\" class=\"wp-caption-text\">Elf Box digital 12000<\/figcaption><\/figure>\n<\/figcaption><\/figure>\n<h3>Caracter\u00edsticas excepcionales para disfrutar al m\u00e1ximo<\/h3>\n<p>El ELF BOX viene con un generoso <strong>Capacidad de 25 ml de e-l\u00edquido<\/strong>permitiendo un uso prolongado entre recargas. Est\u00e1 disponible en varias concentraciones de nicotina de <strong>0%<\/strong>, <strong>2%<\/strong>, <strong>3%<\/strong>y <strong>5%<\/strong>que le ofrece la flexibilidad necesaria para personalizar su experiencia. Con un potente <strong>Bater\u00eda recargable 13350-500mAh<\/strong>Siempre tendr\u00e1 energ\u00eda fiable a su disposici\u00f3n. El dispositivo tambi\u00e9n cuenta con una , que proporciona una visibilidad clara de la duraci\u00f3n de la bater\u00eda y la capacidad de e-l\u00edquido.<\/p>\n<h3>Elf Box digital 12000 Puff Modos de potencia vers\u00e1tiles<\/h3>\n<p>Este dispositivo ofrece dos modos de potencia ajustables para adaptarse a tu estilo de vapeo:<\/p>\n<ul>\n<li><strong>Modo Norma<\/strong>: Disfrute de una experiencia de vapeo consistente con <strong>hasta 12.000 bocanadas<\/strong>.<\/li>\n<li><strong>Modo Turbo<\/strong>: Maximiza el sabor y la producci\u00f3n de vapor mientras disfrutas de una experiencia de vapeo robusta.<\/li>\n<\/ul>\n<p>Adem\u00e1s, la CAJA ELF incluye <strong>control del flujo de aire<\/strong>El sistema de encendido\/apagado y el cambio de modo son muy sencillos. Con controles t\u00e1ctiles f\u00e1ciles de usar, encender \/ apagar y cambiar los modos es una brisa.<\/p>\n<h3>Elf Box digital 12000 Puff Un sabor para cada paladar<\/h3>\n<p>El Vapeador Desechable ELF BOX 12000 Puffs est\u00e1 disponible en una tentadora selecci\u00f3n de 20 deliciosos sabores, asegurando que hay algo para todos los gustos:<\/p>\n<ol>\n<li>Fresa helada<\/li>\n<li>R\u00e1faga de fresas<\/li>\n<li>Sand\u00eda con fresa<\/li>\n<li>Frutas variadas<\/li>\n<li>Hielo Razz Azul<\/li>\n<li>Frambuesa \u00e1cida con ar\u00e1ndanos<\/li>\n<li>Kiwi Maracuy\u00e1<\/li>\n<li>Manzana doble<\/li>\n<li>Hielo de sand\u00eda<\/li>\n<li>Sand\u00eda Chicle<\/li>\n<li>Mel\u00f3n de coco<\/li>\n<li>Cereza Cola<\/li>\n<li>Melocot\u00f3n helado<\/li>\n<li>Fresa Pl\u00e1tano<\/li>\n<li>Sr. Azul<\/li>\n<li>Hielo de mora<\/li>\n<li>Mango Ice<\/li>\n<li>Hielo de uva<\/li>\n<li>Melocot\u00f3n<\/li>\n<li>Fresa Kiwi<\/li>\n<\/ol>\n<figure id=\"attachment_5613\" class=\"wp-caption aligncenter\" style=\"width: 1702px;\" aria-describedby=\"caption-attachment-5613\"><figcaption id=\"caption-attachment-5613\" class=\"wp-caption-text\">\n<figure id=\"attachment_4834\" aria-describedby=\"caption-attachment-4834\" style=\"width: 2000px\" class=\"wp-caption alignnone\"><img loading=\"lazy\" decoding=\"async\" class=\"wp-image-4834 size-full\" src=\"https:\/\/dankstarvapes.com\/wp-content\/uploads\/2024\/11\/ELF-BOX-12000-puff-2_format.webp\" alt=\"Elf Box digital 12000\" width=\"2000\" height=\"1121\" title=\"\"><figcaption id=\"caption-attachment-4834\" class=\"wp-caption-text\">Elf Box digital 12000<\/figcaption><\/figure>\n<\/figcaption><\/figure>\n<h3>Elf Box digital 12000 Puff Precios competitivos para todos<\/h3>\n<p>El ELF BOX 12000 Puffs Disposable Vape ofrece precios competitivos que disminuyen con mayores cantidades compradas, con precios a partir de tan bajo como <strong>$6.40<\/strong> por unidad. Esto hace que sea una opci\u00f3n asequible para aquellos que buscan mejorar su experiencia vaping mientras disfruta de los beneficios de la compra a granel.<\/p>\n<h3>\u00danete a la familia ELF<\/h3>\n<p>\u00bfEst\u00e1 interesado en la distribuci\u00f3n? Ofrecemos interesantes oportunidades de asociaci\u00f3n que le permiten unirse a la familia ELF y beneficiarse de nuestros populares productos. Al asociarse con nosotros, puede acceder a un mercado de \u00e9xito y elevar su cartera de negocios. Para obtener m\u00e1s informaci\u00f3n sobre c\u00f3mo puede empezar a vender el Vape Desechable ELF BOX, p\u00f3ngase en contacto con nosotros para obtener m\u00e1s detalles. Esperamos poder ayudarle a embarcarse en este gratificante viaje.<\/p>\n<figure id=\"attachment_5614\" class=\"wp-caption aligncenter\" style=\"width: 788px;\" aria-describedby=\"caption-attachment-5614\"><figcaption id=\"caption-attachment-5614\" class=\"wp-caption-text\">Familia ELF BOX<\/figcaption><\/figure>\n<h3>Sobre Elf Box digital 12000 Puffs Vape Desechable<\/h3>\n<p>En resumen, el Vapeador Desechable ELF BOX 12000 Puffs combina caracter\u00edsticas innovadoras, un rendimiento impresionante y una amplia variedad de sabores para ofrecer una experiencia de vapeo excepcional. No pierdas la oportunidad de mejorar tu experiencia de vapeo con este dispositivo de alta calidad. Hazte con el tuyo hoy mismo y descubre por qu\u00e9 ELF BOX se est\u00e1 convirtiendo en el favorito de los vapeadores.<\/p>\n<h3>\u00bfPor qu\u00e9 elegirnos?<\/h3>\n<p>Al elegir la tienda oficial de cigarrillos electr\u00f3nicos desechables, obtendr\u00e1 numerosas ventajas:<\/p>\n<ul>\n<li><strong>Canal de venta oficial<\/strong>: Garantizamos productos genuinos y un servicio de calidad.<\/li>\n<li><strong>Venta al por mayor y al por menor<\/strong>: Opciones de compra flexibles para particulares y mayoristas.<\/li>\n<li><strong>Garant\u00eda de calidad<\/strong>: Nuestros productos se someten a rigurosas pruebas de calidad para garantizar su satisfacci\u00f3n.<\/li>\n<li><strong>Env\u00edos internacionales<\/strong>: Enviamos a la mayor\u00eda de regiones del mundo, para que pueda disfrutar de nuestros productos est\u00e9 donde est\u00e9.<\/li>\n<li><strong>Experiencia en el sector<\/strong>: Con m\u00e1s de 8 a\u00f1os en el mercado, nos hemos establecido como una opci\u00f3n de confianza para la calidad.<\/li>\n<li><strong>Asociaciones a largo plazo<\/strong>: Colaboramos con propietarios de tiendas locales, lo que nos permite responder r\u00e1pidamente a las demandas del mercado.<\/li>\n<\/ul>\n<p>Al elegir nuestros cigarrillos electr\u00f3nicos desechables, no s\u00f3lo tendr\u00e1 acceso a una amplia gama de sabores, sino tambi\u00e9n a una experiencia de vapeo excepcional. Para m\u00e1s informaci\u00f3n, vis\u00edtenos en <a href=\"http:\/\/dankstarvapes.com\" target=\"_blank\" rel=\"noopener\">dankstarvapes.com<\/a>!<\/p>\n<\/div>","protected":false},"excerpt":{"rendered":"<p>The Elf Box Digital 12000 Puffs Disposable Vape is designed to be your perfect companion on a remarkable vaping journey. Engineered for flavor enthusiasts, this device offers an impressive 12,000 puffs, ensuring you can enjoy extended sessions without the hassle of constant replacements. Whether you\u2019re a casual vaper or a dedicated enthusiast, the Elf Box [&#8230;]","protected":false},"featured_media":406,"comment_status":"open","ping_status":"closed","template":"","meta":[],"product_brand":[],"product_cat":[72,74,75,76,77,73,78,71,79,80,81,82,83,84,85,86,87,88,89,90,91,93,16,92],"product_tag":[],"class_list":{"0":"post-376","1":"product","2":"type-product","3":"status-publish","4":"has-post-thumbnail","6":"product_cat-0-nicotine-disposable-vape","7":"product_cat-12000-12k-puff-vape","8":"product_cat-2-nicotine-disposable-vape","9":"product_cat-3-nicotine-disposable-vape","10":"product_cat-5-nicotine-disposable-vape","11":"product_cat-big-puff-vapes","12":"product_cat-disposable-vape-near-me","13":"product_cat-0-5-nicotine-vapes","14":"product_cat-disposable-vapes-in-austria","15":"product_cat-disposable-vapes-in-belgium","16":"product_cat-disposable-vapes-in-france","17":"product_cat-disposable-vapes-in-germany","18":"product_cat-disposable-vapes-in-ltaly","19":"product_cat-disposable-vapes-in-netherlands","20":"product_cat-disposable-vapes-in-norway","21":"product_cat-disposable-vapes-in-poland","22":"product_cat-disposable-vapes-in-portugal","23":"product_cat-disposable-vapes-in-spain","24":"product_cat-disposable-vapes-in-sweden","25":"product_cat-disposable-vapes-in-switzerland","26":"product_cat-disposable-vapes-in-united-states","27":"product_cat-elf-box-vapes","28":"product_cat-uncategorized","29":"product_cat-vape-brands","31":"first","32":"instock","33":"shipping-taxable","34":"purchasable","35":"product-type-variable","36":"has-default-attributes"},"tiered_pricing_type":"fixed","tiered_pricing_fixed_rules":[],"tiered_pricing_product_settings":{"layout":"default","base_unit_name":{"singular":null,"plural":null},"default_variation":null},"tiered_pricing_minimum_quantity":null,"tiered_pricing_roles_data":[],"tiered_pricing_percentage_rules":[],"tiered_pricing_maximum_quantity":null,"tiered_pricing_quantity_step":null,"_links":{"self":[{"href":"https:\/\/vapsolovape.com\/es\/wp-json\/wp\/v2\/product\/376","targetHints":{"allow":["GET"]}}],"collection":[{"href":"https:\/\/vapsolovape.com\/es\/wp-json\/wp\/v2\/product"}],"about":[{"href":"https:\/\/vapsolovape.com\/es\/wp-json\/wp\/v2\/types\/product"}],"replies":[{"embeddable":true,"href":"https:\/\/vapsolovape.com\/es\/wp-json\/wp\/v2\/comments?post=376"}],"wp:featuredmedia":[{"embeddable":true,"href":"https:\/\/vapsolovape.com\/es\/wp-json\/wp\/v2\/media\/406"}],"wp:attachment":[{"href":"https:\/\/vapsolovape.com\/es\/wp-json\/wp\/v2\/media?parent=376"}],"wp:term":[{"taxonomy":"product_brand","embeddable":true,"href":"https:\/\/vapsolovape.com\/es\/wp-json\/wp\/v2\/product_brand?post=376"},{"taxonomy":"product_cat","embeddable":true,"href":"https:\/\/vapsolovape.com\/es\/wp-json\/wp\/v2\/product_cat?post=376"},{"taxonomy":"product_tag","embeddable":true,"href":"https:\/\/vapsolovape.com\/es\/wp-json\/wp\/v2\/product_tag?post=376"}],"curies":[{"name":"wp","href":"https:\/\/api.w.org\/{rel}","templated":true}]}}