{"id":3823,"date":"2025-02-14T18:33:18","date_gmt":"2025-02-14T10:33:18","guid":{"rendered":"https:\/\/vapsolovape.com\/?post_type=product&#038;p=3823"},"modified":"2026-04-03T17:04:48","modified_gmt":"2026-04-03T09:04:48","slug":"zooy-vape-tornado-18000-bocanadas-sabor-duradero","status":"publish","type":"product","link":"https:\/\/vapsolovape.com\/es\/producto\/zooy-vape-tornado-18000-bocanadas-sabor-duradero\/","title":{"rendered":"Zooy Vape Tornado ofrece 18000 caladas con una experiencia duradera y sabrosa."},"content":{"rendered":"<p>Para los vapeadores que buscan una experiencia fiable y satisfactoria, el Zooy Vape Tornado 18000 Puffs es una opci\u00f3n ideal. Este dispositivo vape desechable ofrece una combinaci\u00f3n inmejorable de uso prolongado, una fuente de alimentaci\u00f3n recargable gama de sabores deliciosos, por lo que es una excelente opci\u00f3n tanto para los vapers ocasionales y dedicados por igual.<\/p>\n<figure id=\"attachment_8766\" aria-describedby=\"caption-attachment-8766\" style=\"width: 951px\" class=\"wp-caption alignnone\"><img loading=\"lazy\" decoding=\"async\" class=\"wp-image-8766\" src=\"https:\/\/dankstarvapes.com\/wp-content\/uploads\/2024\/12\/Zooy-Vape-Tornado-18000-Puffs-4.webp\" alt=\"Zooy Vape Tornado 18000 Puffs\" width=\"951\" height=\"534\" title=\"\"><figcaption id=\"caption-attachment-8766\" class=\"wp-caption-text\">Zooy Vape Tornado 18000 Puffs<\/figcaption><\/figure>\n<h4><strong>\u00bfPor qu\u00e9 elegir Zooy Vape Tornado 18000 Puffs?<\/strong><\/h4>\n<h5><strong>1. Mayor disfrute del vapeo<\/strong><\/h5>\n<p>Con hasta <strong>18.000 bocanadas<\/strong>El Zooy Vape Tornado garantiza una experiencia de vapeo duradera e ininterrumpida, eliminando la necesidad de reemplazos frecuentes.<\/p>\n<h5><strong>2. Tecnolog\u00eda Premium Mesh Coil<\/strong><\/h5>\n<p>Equipado con un <strong>Bobina de malla de 1,0\u03a9<\/strong>El Zooy Tornado proporciona una producci\u00f3n de vapor suave y un sabor mejorado con cada calada, asegurando un vapeo rico y satisfactorio.<\/p>\n<h5><strong>3. Flujo de aire ajustable para personalizaci\u00f3n<\/strong><\/h5>\n<p>Disfrute de una experiencia de vapeo a medida con <strong>flujo de aire ajustable<\/strong>. Tanto si prefieres un tiro m\u00e1s ajustado como uno m\u00e1s flojo, la Zooy Tornado te permite ajustar tu tiro para una experiencia personalizada.<\/p>\n<h5><strong>4. Recargable y pr\u00e1ctico<\/strong><\/h5>\n<p>No hay necesidad de sustituirlos constantemente. En <strong>Bater\u00eda recargable de 650 mAh<\/strong> garantiza una recarga r\u00e1pida a trav\u00e9s del <strong>Puerto Tipo-C<\/strong>, proporcionando comodidad y rendimiento sin interrupciones.<\/p>\n<h5><strong>5. Compacto y port\u00e1til<\/strong><\/h5>\n<p>S\u00f3lo pesaje <strong>100g<\/strong>El Zooy Vape Tornado est\u00e1 dise\u00f1ado para ser port\u00e1til y f\u00e1cil de llevar, por lo que es ideal para su uso sobre la marcha. Perfecto para aquellos que quieren disfrutar de su vape donde quiera que est\u00e9n.<\/p>\n<h5><strong>6. M\u00faltiples sabores para elegir<\/strong><\/h5>\n<p>Elija entre una variedad de <strong>deliciosos sabores<\/strong> que se adaptan a todas las preferencias:<\/p>\n<ul>\n<li><strong>Hielo de ar\u00e1ndanos<\/strong> - Un refrescante y dulce ar\u00e1ndano con un final fresco.<\/li>\n<li><strong>Cereza Cola<\/strong> - Una mezcla de cerezas dulces y cola efervescente.<\/li>\n<li><strong>Hielo de uva<\/strong> - Uva atrevida con un toque helado.<\/li>\n<li><strong>Mango Melocot\u00f3n<\/strong> - Una mezcla tropical de jugoso mango y melocot\u00f3n maduro.<\/li>\n<li><strong>Mezcla de bayas<\/strong> - Una deliciosa fusi\u00f3n de bayas.<\/li>\n<li><strong>Fresa Kiwi<\/strong> - Un equilibrio perfecto de fresa dulce y kiwi \u00e1cido.<\/li>\n<li><strong>Hielo de sand\u00eda<\/strong> - Sand\u00eda dulce con un final fr\u00edo.<\/li>\n<\/ul>\n<figure id=\"attachment_8767\" aria-describedby=\"caption-attachment-8767\" style=\"width: 947px\" class=\"wp-caption alignnone\"><img loading=\"lazy\" decoding=\"async\" class=\"wp-image-8767\" src=\"https:\/\/dankstarvapes.com\/wp-content\/uploads\/2024\/12\/Zooy-Vape-Tornado-18000-Puffs-3.webp\" alt=\"Zooy Vape Tornado 18000 Puffs\" width=\"947\" height=\"532\" title=\"\"><figcaption id=\"caption-attachment-8767\" class=\"wp-caption-text\">Zooy Vape Tornado 18000 Puffs<\/figcaption><\/figure>\n<h5><strong>7. Envases a granel aptos para la venta al por menor<\/strong><\/h5>\n<p>Para minoristas y mayoristas, Zooy Vape Tornado 18000 Puffs viene en <strong>envasado a granel<\/strong>con <strong>10 unidades por caja<\/strong> y <strong>200 unidades por caja<\/strong>. Es la opci\u00f3n ideal para las empresas que buscan ofrecer a sus clientes un producto vaping fiable y de alta calidad.<\/p>\n<h4><strong>Zooy Vape Tornado 18000 Puffs - Especificaciones<\/strong><\/h4>\n<ul>\n<li><strong>Capacidad de soplado<\/strong>: Hasta 18.000 caladas<\/li>\n<li><strong>Capacidad de e-l\u00edquido<\/strong>L\u00edquido precargado de 26 ml<\/li>\n<li><strong>Niveles de resistencia<\/strong>Opciones 2% y 5%<\/li>\n<li><strong>Tipo de bobina<\/strong>: Bobina de malla 1.0\u03a9 para mejorar el sabor y el vapor.<\/li>\n<li><strong>Bater\u00eda<\/strong>: 650mAh recargable con puerto Type-C<\/li>\n<li><strong>Flujo de aire<\/strong>: Ajustable para sorteos personalizables<\/li>\n<li><strong>Peso<\/strong>: 100 g por pieza<\/li>\n<li><strong>Embalaje<\/strong>: 10 dispositivos por caja, 200 dispositivos por cart\u00f3n<\/li>\n<\/ul>\n<h4><strong>\u00bfPor qu\u00e9 elegir Zooy Vape?<\/strong><\/h4>\n<ul>\n<li><strong>Calidad ante todo<\/strong>: Cada dispositivo Zooy est\u00e1 fabricado con materiales de alta calidad para garantizar su durabilidad y fiabilidad.<\/li>\n<li><strong>Amplia gama de sabores<\/strong>: Una variada selecci\u00f3n de sabores para todos los gustos.<\/li>\n<li><strong>Facilidad de uso<\/strong>: No necesita recargas ni mantenimiento. Simplemente abrir y disfrutar.<\/li>\n<li><strong>Dise\u00f1o sostenible<\/strong>: Su dise\u00f1o recargable y ecol\u00f3gico minimiza los residuos.<\/li>\n<\/ul>\n<h3><strong>Consiga hoy mismo su Zooy Vape Tornado 18000 Puffs<\/strong><\/h3>\n<p>\u00bfListo para la experiencia de vapeo definitiva? Compra el <strong>Zooy Vape Tornado 18000 Puffs<\/strong> ahora y disfrute del equilibrio perfecto entre rendimiento, sabor y comodidad. \u00a1Ya sea para uso personal o al por menor, Zooy Vape proporciona una experiencia duradera y satisfactoria que no querr\u00e1 perderse!<\/p>\n<hr \/>\n<p>Av\u00edsame si necesitas m\u00e1s ajustes o alg\u00fan detalle adicional.<\/p>\n<p><strong>\u00bfPor qu\u00e9 elegirnos?<\/strong><\/p>\n<p>Al elegir la tienda oficial de vapes desechables, puede disfrutar de muchos beneficios:<\/p>\n<ul>\n<li><strong>Canal de venta oficial:<\/strong>\u00a0Garantizamos productos aut\u00e9nticos y un servicio de calidad.<\/li>\n<li><strong>Venta al por mayor y al por menor:<\/strong>\u00a0Ofrecemos opciones de compra flexibles para particulares y mayoristas.<\/li>\n<li><strong>Garant\u00eda de calidad:<\/strong>\u00a0Nuestros productos se someten a rigurosas pruebas de calidad para garantizar su satisfacci\u00f3n.<\/li>\n<li><strong>Env\u00edo a todo el mundo:<\/strong>\u00a0Estamos orgullosos de enviar nuestros productos a la mayor parte del mundo, para que pueda disfrutar de ellos est\u00e9 donde est\u00e9.<\/li>\n<li><strong>Experiencia en el sector:<\/strong>\u00a0Con m\u00e1s de 8 a\u00f1os de experiencia en el mercado, nos hemos convertido en una opci\u00f3n de confianza y de primera calidad.<\/li>\n<li><strong>Asociaciones a largo plazo:<\/strong>\u00a0Tambi\u00e9n cooperamos con propietarios de tiendas locales en Europa, lo que nos permite responder r\u00e1pidamente a las necesidades del mercado y mantener la frescura de nuestros productos.<\/li>\n<\/ul>\n<p>Elegir nuestros vaporizadores desechables le permite no s\u00f3lo disfrutar de una gran variedad de sabores, sino tambi\u00e9n experimentar un extraordinario viaje de vapeo. Para m\u00e1s informaci\u00f3n, vis\u00edtenos en <a href=\"http:\/\/dankstarvapes.com\" target=\"_blank\" rel=\"noopener\">dankstarvapes.com<\/a>!<\/p>","protected":false},"excerpt":{"rendered":"<p>For vapers seeking a reliable and satisfying experience, the Zooy Vape Tornado 18000 Puffs is an ideal choice. This disposable vape device offers an unbeatable combination of extended usage, a rechargeable power source range of mouth-watering flavors, making it an excellent option for both occasional and dedicated vapers alike. Why Choose Zooy Vape Tornado 18000 [&#8230;]","protected":false},"featured_media":3836,"comment_status":"open","ping_status":"closed","template":"","meta":[],"product_brand":[],"product_cat":[94,95,73,78,79,80,81,82,83,84,85,86,87,88,89,90,91,134,92,131],"product_tag":[],"class_list":{"0":"post-3823","1":"product","2":"type-product","3":"status-publish","4":"has-post-thumbnail","6":"product_cat-15000-15k-puff-vape","7":"product_cat-advanced-vape","8":"product_cat-big-puff-vapes","9":"product_cat-disposable-vape-near-me","10":"product_cat-disposable-vapes-in-austria","11":"product_cat-disposable-vapes-in-belgium","12":"product_cat-disposable-vapes-in-france","13":"product_cat-disposable-vapes-in-germany","14":"product_cat-disposable-vapes-in-ltaly","15":"product_cat-disposable-vapes-in-netherlands","16":"product_cat-disposable-vapes-in-norway","17":"product_cat-disposable-vapes-in-poland","18":"product_cat-disposable-vapes-in-portugal","19":"product_cat-disposable-vapes-in-spain","20":"product_cat-disposable-vapes-in-sweden","21":"product_cat-disposable-vapes-in-switzerland","22":"product_cat-disposable-vapes-in-united-states","23":"product_cat-tornado-vape","24":"product_cat-vape-brands","25":"product_cat-zooy-vape","27":"first","28":"instock","29":"sale","30":"shipping-taxable","31":"purchasable","32":"product-type-variable","33":"has-default-attributes"},"tiered_pricing_type":"fixed","tiered_pricing_fixed_rules":[],"tiered_pricing_product_settings":{"layout":"default","base_unit_name":{"singular":null,"plural":null},"default_variation":null},"tiered_pricing_minimum_quantity":null,"tiered_pricing_roles_data":[],"tiered_pricing_percentage_rules":[],"tiered_pricing_maximum_quantity":null,"tiered_pricing_quantity_step":null,"_links":{"self":[{"href":"https:\/\/vapsolovape.com\/es\/wp-json\/wp\/v2\/product\/3823","targetHints":{"allow":["GET"]}}],"collection":[{"href":"https:\/\/vapsolovape.com\/es\/wp-json\/wp\/v2\/product"}],"about":[{"href":"https:\/\/vapsolovape.com\/es\/wp-json\/wp\/v2\/types\/product"}],"replies":[{"embeddable":true,"href":"https:\/\/vapsolovape.com\/es\/wp-json\/wp\/v2\/comments?post=3823"}],"wp:featuredmedia":[{"embeddable":true,"href":"https:\/\/vapsolovape.com\/es\/wp-json\/wp\/v2\/media\/3836"}],"wp:attachment":[{"href":"https:\/\/vapsolovape.com\/es\/wp-json\/wp\/v2\/media?parent=3823"}],"wp:term":[{"taxonomy":"product_brand","embeddable":true,"href":"https:\/\/vapsolovape.com\/es\/wp-json\/wp\/v2\/product_brand?post=3823"},{"taxonomy":"product_cat","embeddable":true,"href":"https:\/\/vapsolovape.com\/es\/wp-json\/wp\/v2\/product_cat?post=3823"},{"taxonomy":"product_tag","embeddable":true,"href":"https:\/\/vapsolovape.com\/es\/wp-json\/wp\/v2\/product_tag?post=3823"}],"curies":[{"name":"wp","href":"https:\/\/api.w.org\/{rel}","templated":true}]}}